{"id":1403,"date":"2025-02-10T06:56:17","date_gmt":"2025-02-10T06:56:17","guid":{"rendered":"https:\/\/easycpstest.com\/?page_id=1403"},"modified":"2025-02-10T06:56:19","modified_gmt":"2025-02-10T06:56:19","slug":"jitter-click-test","status":"publish","type":"page","link":"https:\/\/easycpstest.com\/de\/jitter-click-test\/","title":{"rendered":"Jitter Click Test | Jitter Clicking Challenge &#8211; Easy CPS Test"},"content":{"rendered":"<h1 class=\"wp-block-heading has-text-align-center\"><strong>Jitter-Klicktest | Einfacher CPS-Test<\/strong><\/h1>\n\n\n\n<p class=\"has-text-align-center wp-block-paragraph\">While playing the clicking game Jitter trick will help you know about your clicking speed. For gamers, Minecraft formulated Jitter Click Test.<\/p>\n\n\n<div class=\"page-wrapper\">\n\t<div class=\"row\">\n\t\t<div class=\"col-lg-12 col-md-12 custom-container\">\n\t\t\t<div class=\"card\">\n\t\t\t\t<header class=\"entry-header\">\n\t\t\t\t\t\t\t\t\t<\/header>\n\t\t\t\t\t\t\t\t<div class=\"bt-click-inner\">\n\t\t\t\t\t<div class=\"card-header\">\n\t\t\t\t\t\t<div class=\"bt-header-timer\">\n\t\t\t\t\t\t\t<div class=\"bt-time-btn blue-btn\">\n\t\t\t\t\t\t\t\t<h4 class=\"mb-0\"><span id=\"timer\">0<\/span><\/h4>\n\t\t\t\t\t\t\t\t<small class=\"mb-0 sm-custom\">Timer<\/small>\n\t\t\t\t\t\t\t<\/div>\n\t\t\t\t\t\t\t<div class=\"bt-time-btn orange-btn\">\n\t\t\t\t\t\t\t\t<h4 class=\"mb-0\"><span id=\"clicks\">0<\/span><\/h4>\n\t\t\t\t\t\t\t\t<small class=\"mb-0 sm-custom\">Klick\/s<\/small>\n\t\t\t\t\t\t\t<\/div>\n\t\t\t\t\t\t\t<div class=\"bt-time-btn green-btn\">\n\t\t\t\t\t\t\t\t<h4 class=\"mb-0\"><span id=\"score\">0<\/span><\/h4>\n\t\t\t\t\t\t\t\t<small class=\"mb-0 sm-custom\">Punktzahl<\/small>\n\t\t\t\t\t\t\t<\/div>\n\t\t\t\t\t\t<\/div>\n\t\t\t\t\t<\/div>\n\t\t\t\t\t<div class=\"card-body\">\n\t\t\t\t\t\t<div class=\"bt-click-area\" id=\"bt-click-area\">\n\t\t\t\t\t\t\t<button id=\"start\" type=\"button\" class=\"btn-light btn-round waves-effect waves-light\">KLICKEN SIE HIER, UM ZU SPIELEN<\/button>\n\t\t\t\t\t\t<\/div>\n\t\t\t\t\t<\/div>\n\t\t\t\t\t<button type=\"button\" data-toggle=\"modal\" data-target=\"#click-result-modal\" style=\"display: none;\" id=\"trigger-modal\">Modal starten<\/button>\n\t\t\t\t<\/div>\n\t\t\t<\/div>\n\t\t<\/div>\n\t\t\t<\/div>\n<\/div>\n\n\n\n<p class=\"wp-block-paragraph\">Jitter Click Game&nbsp;is a click-oriented game that influences the mouse and touchpad in a fast-clicking tactic. Through this tactic, gamers dominate their competitors in the game. Playing PVP or individual mode in Minecraft, the tricks are valid in both conditions.<\/p>\n\n\n<style>.kb-row-layout-wrap.wp-block-kadence-rowlayout.kb-row-layout-id1403_33d660-54{margin-bottom:0px;}.kb-row-layout-id1403_33d660-54 > .kt-row-column-wrap{align-content:start;}:where(.kb-row-layout-id1403_33d660-54 > .kt-row-column-wrap) > .wp-block-kadence-column{justify-content:start;}.kb-row-layout-id1403_33d660-54 > .kt-row-column-wrap{column-gap:var(--global-kb-gap-none, 0rem );row-gap:var(--global-kb-gap-none, 0rem );max-width:1200px;padding-top:30px;padding-right:0px;padding-bottom:30px;padding-left:0px;}.kb-row-layout-id1403_33d660-54 > .kt-row-column-wrap > div:not(.added-for-specificity){grid-column:initial;}.kb-row-layout-id1403_33d660-54 > .kt-row-column-wrap{grid-template-columns:minmax(0, 1fr) minmax(0, 3fr) minmax(0, 1fr);}.kb-row-layout-id1403_33d660-54 > .kt-row-layout-overlay{opacity:0.30;background:linear-gradient(180deg,  0%, #00B5E2 100%);}.kb-row-layout-id1403_33d660-54 .kt-row-layout-bottom-sep{height:100px;}.kb-row-layout-id1403_33d660-54 .kt-row-layout-bottom-sep svg{width:100%;}.kb-row-layout-id1403_33d660-54 .kt-row-layout-bottom-sep svg{fill:#ffffff!important;}@media all and (max-width: 1024px){.kb-row-layout-id1403_33d660-54 > .kt-row-column-wrap{padding-top:0px;padding-right:50px;padding-bottom:80px;padding-left:50px;grid-template-columns:minmax(0, 1fr);}}@media all and (max-width: 1024px){.kb-row-layout-id1403_33d660-54 > .kt-row-column-wrap > div:not(.added-for-specificity){grid-column:initial;}}@media all and (max-width: 1024px){.kb-row-layout-id1403_33d660-54 .kt-row-layout-bottom-sep{height:px;}}@media all and (max-width: 1024px){.kb-row-layout-id1403_33d660-54 .kt-row-layout-bottom-sep svg{width:%;}}@media all and (max-width: 767px){.kb-row-layout-id1403_33d660-54 > .kt-row-column-wrap{padding-top:40px;padding-right:20px;padding-bottom:50px;padding-left:20px;grid-template-columns:minmax(0, 1fr);}.kb-row-layout-id1403_33d660-54 > .kt-row-column-wrap > div:not(.added-for-specificity){grid-column:initial;}.kb-row-layout-id1403_33d660-54 .kt-row-layout-bottom-sep{height:px;}.kb-row-layout-id1403_33d660-54 .kt-row-layout-bottom-sep svg{width:%;}}<\/style><div class=\"kb-row-layout-wrap kb-row-layout-id1403_33d660-54 alignnone kt-row-has-bg wp-block-kadence-rowlayout\"><div class=\"kt-row-layout-overlay kt-row-overlay-gradient\"><\/div><div class=\"kt-row-column-wrap kt-has-3-columns kt-row-layout-center-wide kt-tab-layout-row kt-mobile-layout-row kt-row-valign-top kb-theme-content-width\">\n<style>.kadence-column1403_9e6cab-bb > .kt-inside-inner-col{padding-top:10px;padding-right:10px;padding-bottom:10px;padding-left:10px;}.kadence-column1403_9e6cab-bb > .kt-inside-inner-col,.kadence-column1403_9e6cab-bb > .kt-inside-inner-col:before{border-top-left-radius:0px;border-top-right-radius:0px;border-bottom-right-radius:0px;border-bottom-left-radius:0px;}.kadence-column1403_9e6cab-bb > .kt-inside-inner-col{column-gap:var(--global-kb-gap-sm, 1rem);}.kadence-column1403_9e6cab-bb > .kt-inside-inner-col{flex-direction:column;}.kadence-column1403_9e6cab-bb > .kt-inside-inner-col > .aligncenter{width:100%;}.kadence-column1403_9e6cab-bb > .kt-inside-inner-col:before{opacity:0.3;}.kadence-column1403_9e6cab-bb{position:relative;}.kadence-column1403_9e6cab-bb, .kt-inside-inner-col > .kadence-column1403_9e6cab-bb:not(.specificity){margin-top:0px;margin-right:20px;margin-bottom:0px;margin-left:0px;}@media all and (max-width: 1024px){.kadence-column1403_9e6cab-bb > .kt-inside-inner-col{flex-direction:column;justify-content:center;}}@media all and (max-width: 1024px){.kadence-column1403_9e6cab-bb, .kt-inside-inner-col > .kadence-column1403_9e6cab-bb:not(.specificity){margin-top:0px;margin-right:0px;margin-bottom:0px;margin-left:0px;}}@media all and (max-width: 767px){.kadence-column1403_9e6cab-bb > .kt-inside-inner-col{flex-direction:column;justify-content:center;}}<\/style>\n<div class=\"wp-block-kadence-column kadence-column1403_9e6cab-bb inner-column-1\"><div class=\"kt-inside-inner-col\"><\/div><\/div>\n\n\n<style>.kadence-column1403_45caf1-8c > .kt-inside-inner-col{padding-top:10px;padding-right:10px;padding-bottom:10px;padding-left:10px;}.kadence-column1403_45caf1-8c > .kt-inside-inner-col,.kadence-column1403_45caf1-8c > .kt-inside-inner-col:before{border-top-left-radius:0px;border-top-right-radius:0px;border-bottom-right-radius:0px;border-bottom-left-radius:0px;}.kadence-column1403_45caf1-8c > .kt-inside-inner-col{column-gap:var(--global-kb-gap-sm, 1rem);}.kadence-column1403_45caf1-8c > .kt-inside-inner-col{flex-direction:column;}.kadence-column1403_45caf1-8c > .kt-inside-inner-col > .aligncenter{width:100%;}.kadence-column1403_45caf1-8c > .kt-inside-inner-col:before{opacity:0.3;}.kadence-column1403_45caf1-8c{position:relative;}.kadence-column1403_45caf1-8c, .kt-inside-inner-col > .kadence-column1403_45caf1-8c:not(.specificity){margin-top:0px;margin-right:10px;margin-bottom:0px;margin-left:10px;}@media all and (max-width: 1024px){.kadence-column1403_45caf1-8c > .kt-inside-inner-col{flex-direction:column;justify-content:center;}}@media all and (max-width: 1024px){.kadence-column1403_45caf1-8c, .kt-inside-inner-col > .kadence-column1403_45caf1-8c:not(.specificity){margin-top:0px;margin-right:0px;margin-bottom:0px;margin-left:0px;}}@media all and (max-width: 767px){.kadence-column1403_45caf1-8c > .kt-inside-inner-col{flex-direction:column;justify-content:center;}}<\/style>\n<div class=\"wp-block-kadence-column kadence-column1403_45caf1-8c inner-column-2\"><div class=\"kt-inside-inner-col\"><style>.wp-block-kadence-column.kb-section-dir-horizontal > .kt-inside-inner-col > .kt-info-box1403_f06057-52 .kt-blocks-info-box-link-wrap{max-width:unset;}.kt-info-box1403_f06057-52 .kt-blocks-info-box-link-wrap{border-top:1px solid var(--global-palette7, #EDF2F7);border-right:1px solid var(--global-palette7, #EDF2F7);border-bottom:1px solid var(--global-palette7, #EDF2F7);border-left:1px solid var(--global-palette7, #EDF2F7);border-top-left-radius:10px;border-top-right-radius:10px;border-bottom-right-radius:10px;border-bottom-left-radius:10px;background:#007bff;padding-top:30px;padding-right:30px;padding-bottom:30px;padding-left:30px;margin-bottom:0px;}.kt-info-box1403_f06057-52 .kt-blocks-info-box-link-wrap:hover{background:#6a6dec;}.kt-info-box1403_f06057-52 .kadence-info-box-icon-container .kt-info-svg-icon, .kt-info-box1403_f06057-52 .kt-info-svg-icon-flip, .kt-info-box1403_f06057-52 .kt-blocks-info-box-number{font-size:50px;}.kt-info-box1403_f06057-52 .kt-blocks-info-box-media{color:#444444;background:transparent;border-color:#444444;border-top-width:0px;border-right-width:0px;border-bottom-width:0px;border-left-width:0px;padding-top:0px;padding-right:0px;padding-bottom:0px;padding-left:0px;}.kt-info-box1403_f06057-52 .kt-blocks-info-box-media-container{margin-top:0px;margin-right:15px;margin-bottom:0px;margin-left:0px;}.kt-info-box1403_f06057-52 .kt-blocks-info-box-link-wrap:hover .kt-blocks-info-box-media{color:#444444;background:transparent;border-color:#444444;}.kt-info-box1403_f06057-52 .kt-infobox-textcontent h6.kt-blocks-info-box-title{line-height:1.3em;padding-top:0px;padding-right:0px;padding-bottom:0px;padding-left:0px;margin-top:0px;margin-right:0px;margin-bottom:14px;margin-left:0px;}.kt-info-box1403_f06057-52 .kt-infobox-textcontent .kt-blocks-info-box-text{color:var(--base-3);}.wp-block-kadence-infobox.kt-info-box1403_f06057-52 .kt-blocks-info-box-text{text-transform:capitalize;}.kt-info-box1403_f06057-52 .kt-blocks-info-box-learnmore{background:transparent;border-color:#555555;border-width:0px 0px 0px 0px;padding-top:4px;padding-right:8px;padding-bottom:4px;padding-left:8px;margin-top:10px;margin-right:0px;margin-bottom:10px;margin-left:0px;}.kt-info-box1403_f06057-52 .kt-blocks-info-box-link-wrap:hover .kt-blocks-info-box-learnmore,.kt-info-box1403_f06057-52 .kt-blocks-info-box-link-wrap .kt-blocks-info-box-learnmore:focus{color:#ffffff;background:#444444;border-color:#444444;}.kt-info-box1403_f06057-52 .kt-blocks-info-box-link-wrap{box-shadow:0px 0px 0px 0px rgba(0, 0, 0, 0);}.kt-info-box1403_f06057-52 .kt-blocks-info-box-link-wrap:hover{box-shadow:20px 20px 80px 0px rgba(27, 0, 79, 0.06);}@media all and (max-width: 1024px){.kt-info-box1403_f06057-52 .kt-blocks-info-box-link-wrap{border-top:1px solid var(--global-palette7, #EDF2F7);border-right:1px solid var(--global-palette7, #EDF2F7);border-bottom:1px solid var(--global-palette7, #EDF2F7);border-left:1px solid var(--global-palette7, #EDF2F7);box-shadow:0px 0px 0px 0px rgba(0, 0, 0, 0);}}@media all and (max-width: 1024px){.kt-info-box1403_f06057-52 .kt-blocks-info-box-link-wrap:hover{box-shadow:20px 20px 80px 0px rgba(27, 0, 79, 0.06);}}@media all and (max-width: 767px){.kt-info-box1403_f06057-52 .kt-blocks-info-box-link-wrap{border-top:1px solid var(--global-palette7, #EDF2F7);border-right:1px solid var(--global-palette7, #EDF2F7);border-bottom:1px solid var(--global-palette7, #EDF2F7);border-left:1px solid var(--global-palette7, #EDF2F7);text-align:center;display:block;box-shadow:0px 0px 0px 0px rgba(0, 0, 0, 0);}.kt-info-box1403_f06057-52 .kt-blocks-info-box-link-wrap .kt-blocks-info-box-media{display:inline-block;max-width:100%;}.kt-info-box1403_f06057-52 .kt-blocks-info-box-link-wrap:hover{box-shadow:20px 20px 80px 0px rgba(27, 0, 79, 0.06);}}<\/style>\n<div class=\"wp-block-kadence-infobox kt-info-box1403_f06057-52\"><a class=\"kt-blocks-info-box-link-wrap info-box-link kt-blocks-info-box-media-align-top kt-info-halign-center kb-info-box-vertical-media-align-top kb-info-mobile-halign-center\" target=\"_blank\" rel=\"noopener noreferrer\" href=\"https:\/\/easycpstest.com\/de\/\" aria-label=\"Klicken Sie auf Geschwindigkeitstest | CPS-Test\"><div class=\"kt-infobox-textcontent\"><p class=\"kt-blocks-info-box-text\"><strong>KLICK-GESCHWINDIGKEITSTEST | CPS-TEST<\/strong><\/p><\/div><\/a><\/div>\n<\/div><\/div>\n\n\n<style>.kadence-column1403_38cc00-2b > .kt-inside-inner-col{padding-top:10px;padding-right:10px;padding-bottom:10px;padding-left:10px;}.kadence-column1403_38cc00-2b > .kt-inside-inner-col,.kadence-column1403_38cc00-2b > .kt-inside-inner-col:before{border-top-left-radius:0px;border-top-right-radius:0px;border-bottom-right-radius:0px;border-bottom-left-radius:0px;}.kadence-column1403_38cc00-2b > .kt-inside-inner-col{column-gap:var(--global-kb-gap-sm, 1rem);}.kadence-column1403_38cc00-2b > .kt-inside-inner-col{flex-direction:column;}.kadence-column1403_38cc00-2b > .kt-inside-inner-col > .aligncenter{width:100%;}.kadence-column1403_38cc00-2b > .kt-inside-inner-col:before{opacity:0.3;}.kadence-column1403_38cc00-2b{position:relative;}.kadence-column1403_38cc00-2b, .kt-inside-inner-col > .kadence-column1403_38cc00-2b:not(.specificity){margin-top:0px;margin-right:0px;margin-bottom:0px;margin-left:20px;}@media all and (max-width: 1024px){.kadence-column1403_38cc00-2b > .kt-inside-inner-col{flex-direction:column;justify-content:center;}}@media all and (max-width: 1024px){.kadence-column1403_38cc00-2b, .kt-inside-inner-col > .kadence-column1403_38cc00-2b:not(.specificity){margin-top:0px;margin-right:0px;margin-bottom:0px;margin-left:0px;}}@media all and (max-width: 767px){.kadence-column1403_38cc00-2b > .kt-inside-inner-col{flex-direction:column;justify-content:center;}}<\/style>\n<div class=\"wp-block-kadence-column kadence-column1403_38cc00-2b inner-column-3\"><div class=\"kt-inside-inner-col\"><\/div><\/div>\n\n<\/div><\/div>\n\n\n<h2 style=\"color: #ffffff;font-weight: 400;background:  #007bff;width: auto;margin: 1em 0px;font-size: 25px;line-height: 1;padding: 14px;border-left: 40px solid #000000;box-shadow: #c7c7c7 0px 2px 15px 0px;text-align:;\"><span id=\"Jitter Click Online Test\"><strong> Jitter Klicken Sie auf Online-Test  \n<\/strong><\/span><\/h2>\n\n\n\n<p class=\"wp-block-paragraph\">Die Gaming-Community hat im Jitter Click Online Game herausragende Klickmethoden eingef\u00fchrt, um andere Spieler zu begeistern. In diesem einzigartigen Spiel wurde das Zielen mit dem Arm eingef\u00fchrt, um schnell einen Klick zu erzielen. Es reduziert jedoch die Belastung des Klickfingers.&nbsp;<\/p>\n\n\n\n<p class=\"wp-block-paragraph\">Spielen Sie mit entspannten Arm- und Fingermuskeln, um die Jitter Click Challenge zu gewinnen. Legen Sie nun einen Ihrer dominanten Finger auf die Maustaste. Bewegen Sie jetzt Ihre Armmuskeln wie Beben, anstatt zu klicken. Dieses Beben erzeugt Vibrationen im Arm und l\u00f6st die Klicks in wenigen Sekunden aus.<\/p>\n\n\n\n<p class=\"wp-block-paragraph\">Oben haben wir die Methode zum Generieren verschiedener Klicks durch das Jitter-Clicks-Verfahren erl\u00e4utert. Sie k\u00f6nnen den Jitter-Click-Weltrekord aufstellen, indem Sie Tricks folgen, wenn Sie ein f\u00e4higer Spieler sind, der geschickte H\u00e4nde besitzt. Befolgen Sie also die Anweisungen und arbeiten Sie hart, um zu \u00fcben und die F\u00fchrung im Spiel zu genie\u00dfen.&nbsp;<\/p>\n\n\n<div class=\"wp-block-image\">\n<figure class=\"aligncenter size-full\"><img loading=\"lazy\" decoding=\"async\" width=\"768\" height=\"452\" src=\"https:\/\/easycpstest.com\/wp-content\/uploads\/2022\/03\/jitter-1.png\" alt=\"Jitter Click Test\" class=\"wp-image-1579\" srcset=\"https:\/\/easycpstest.com\/wp-content\/uploads\/2022\/03\/jitter-1.png 768w, https:\/\/easycpstest.com\/wp-content\/uploads\/2022\/03\/jitter-1-300x177.png 300w\" sizes=\"auto, (max-width: 768px) 100vw, 768px\" \/><\/figure>\n<\/div>\n\n\n<h3 style=\"color: #ffffff;font-weight: 400;background:  #007bff;width: auto;margin: 1em 0px;font-size: 25px;line-height: 1;padding: 14px;border-left: 40px solid #000000;box-shadow: #c7c7c7 0px 2px 15px 0px;text-align:;\"><span id=\"Jitter Click Online Test\"><strong> Vorsicht\n<\/strong><\/span><\/h3>\n\n\n\n<p class=\"wp-block-paragraph\">G\u00f6nnen Sie Ihrem Arm und Finger zwischen der ersten und zweiten Klicksitzung eine Pause. Dadurch vermeiden Sie Arm- oder Fingerbelastungen oder Verletzungen. Sie werden jedoch lange spielen, wenn Sie die ausgeglichene \u00dcbung machen. \u00dcberm\u00e4\u00dfiges Klicken k\u00f6nnte ein Problem f\u00fcr Sie darstellen.<\/p>\n\n\n\n<h3 style=\"color: #ffffff;font-weight: 400;background:  #007bff;width: auto;margin: 1em 0px;font-size: 25px;line-height: 1;padding: 14px;border-left: 40px solid #000000;box-shadow: #c7c7c7 0px 2px 15px 0px;text-align:;\"><span id=\"Jitter Click Online Test\"><strong> Funktionen des Jitter-Click-Tests\n<\/strong><\/span><\/h3>\n\n\n\n<p class=\"wp-block-paragraph\">Ziemlich wie andere Klick-Test-Spiele wie<a href=\"https:\/\/easycpstest.com\/de\/butterfly-click-test\/\" target=\"_blank\" rel=\"noreferrer noopener\"> Butterfly-Klick-Test<\/a>, das Jitter Click Game optimiert die Klickf\u00e4higkeit des Spielers. Dar\u00fcber hinaus erwies sich die Testoptimierung als das beste Werkzeug zur Verbesserung der F\u00e4higkeiten.<\/p>\n\n\n\n<p class=\"wp-block-paragraph\">Das Klicken auf Geschicklichkeits\u00fcbungen eignet sich gut f\u00fcr andere strategische Spiele wie Dauerk\u00e4mpfe oder kontinuierliches Kugelzielen im PVP- oder anderen Minecraft-Modus. In Gegenwart des Jitter-Klick-Tests f\u00fcllen die Spieler ihren mobilen Raum nicht aus, weil sie den Online-Testservice hervorragend nutzen.&nbsp;<\/p>\n\n\n\n<p class=\"wp-block-paragraph\">Geben Sie also Jitter Click Challenge an Ihre Grenzen und Erfahrung im Klickwettbewerb. Achten Sie auf den Durchschnitt Ihrer Klickgeschwindigkeit. Dar\u00fcber hinaus macht \u00dcbung den Meister, sodass Sie im Spiel hervorragende Leistungen erbringen.<\/p>\n\n\n\n<h3 style=\"color: #ffffff;font-weight: 400;background:  #007bff;width: auto;margin: 1em 0px;font-size: 25px;line-height: 1;padding: 14px;border-left: 40px solid #000000;box-shadow: #c7c7c7 0px 2px 15px 0px;text-align:;\"><span id=\"Significance of Jitter Click Test\"><strong> Bedeutung des Jitter-Click-Tests\n<\/strong><\/span><\/h3>\n\n\n\n<p class=\"wp-block-paragraph\">Wie wir wissen, ist das Erlernen von Geschwindigkeitsklicken eine wichtige F\u00e4higkeit f\u00fcr Spieler, die es lieben, die neuesten Spiele zu spielen. Solche Spiele erforderten schnelles Klicken, um mehr Punkte im Spiel zu erzielen. Es stellt sich die Frage, wie man eine Maus effektiver greift, um mehr Klicks als der Durchschnitt zu markieren?<\/p>\n\n\n\n<p class=\"wp-block-paragraph\">Der Spieler, der das Klicken durch diesen Klicktest lernt, lernt schneller als andere CPS-Tests. Sie k\u00f6nnen jedoch den Fortschritt messen, um Ihre Klickleistung mit der anderer Spieler aus der ganzen Welt zu vergleichen.&nbsp;<\/p>\n\n\n\n<p class=\"wp-block-paragraph\">Das Spiel ist wichtig, um das Klicken zu lernen, und es unterh\u00e4lt den Spieler auch. Es ist jedoch ein s\u00fcchtig machendes Spiel, das die Spieler nicht so leicht losl\u00e4sst.<\/p>\n\n\n\n<p class=\"wp-block-paragraph\">Danach vervollst\u00e4ndigen Sie die \u00dcbung, dann hilft Ihnen die ausgefeilte Fertigkeit, im echten Klickspiel fehlerfrei zu spielen. Wenn Sie den Minecraft-PVP-Modus spielen, genie\u00dfen Sie es, einen hohen Rang im Spiel zu erreichen.<\/p>\n\n\n\n<h3 style=\"color: #ffffff;font-weight: 400;background:  #007bff;width: auto;margin: 1em 0px;font-size: 25px;line-height: 1;padding: 14px;border-left: 40px solid #000000;box-shadow: #c7c7c7 0px 2px 15px 0px;text-align:;\"><span id=\"How to Play Jitter Click Game?\"><strong> Wie spielt man das Jitter-Click-Spiel?\n<\/strong><\/span><\/h3>\n\n\n\n<p class=\"wp-block-paragraph\">Aufgrund des leichten und einfachen Spiels verbringt der Spieler mehr Zeit mit dem Spielen. Die Sache, die Spieler tun m\u00fcssen, ist, so schnell wie m\u00f6glich auf den Klickbereich zu tippen. Die Version wird jedoch entsperrt, wenn Sie fortlaufend hintereinander klicken. Hier hilft Ihnen die Jitter Click Test Technik.<\/p>\n\n\n\n<p class=\"wp-block-paragraph\">Versuchen Sie also, in den angegebenen Bereich so schnell zu klicken, wie Sie es in 10 Sekunden schaffen. Wenn die Spielzeit abgelaufen ist, erscheint das Ergebnis in der Eingabeaufforderung. Das ist Ihr CPS-Score, der auf Ihrer Leistung basiert.&nbsp;<\/p>\n\n\n\n<p class=\"wp-block-paragraph\">Dar\u00fcber hinaus k\u00f6nnen Sie Ihren CPS-Score mit Ihren Freunden in den sozialen Medien teilen. \u00dcben macht dich jedoch perfekt, also \u00fcbe mehr f\u00fcr Perfektion und dominiere in allen Modi von <a href=\"https:\/\/www.minecraft.net\/en-us\" target=\"_blank\" rel=\"noreferrer noopener\">Minecraft<\/a>.&nbsp;<\/p>\n\n\n\n<h3 style=\"color: #ffffff;font-weight: 400;background:  #007bff;width: auto;margin: 1em 0px;font-size: 25px;line-height: 1;padding: 14px;border-left: 40px solid #000000;box-shadow: #c7c7c7 0px 2px 15px 0px;text-align:;\"><span id=\"Right Device Selection\"><strong> Richtige Ger\u00e4teauswahl\n<\/strong><\/span><\/h3>\n\n\n\n<p class=\"wp-block-paragraph\">Eine geeignete Maus ist ein wichtiges Ger\u00e4t, das jeder Benutzer im Klicktest besser abschneiden muss als jede andere Hardware. Wie kann man in Ermangelung einer effizienten Maus den Konkurrenten im Klickspiel harte Konkurrenz machen?&nbsp;<\/p>\n\n\n\n<p class=\"wp-block-paragraph\">Die rechte Maus kann es jedoch schaffen, mehr Klicks gegen Ihren Gegner zu erzielen. Ein Spieler plant, einen Jitter-Click-Weltrekord aufzustellen, also ist die Jitter-Click-Methode klug.<\/p>\n\n\n\n<p class=\"wp-block-paragraph\">Hier sind einige Faktoren, die Sie ber\u00fccksichtigen sollten, bevor Sie eine geeignete Maus f\u00fcr das Jitter-Klicken kaufen. So k\u00f6nnen Sie das richtige Ger\u00e4t ausw\u00e4hlen.&nbsp;&nbsp;<\/p>\n\n\n\n<ul class=\"wp-block-list\">\n<li><strong>Die unkaputtbare Maus muss den Hammerfinger f\u00fcr das Klickspiel lange tragen.<\/strong><\/li>\n\n\n\n<li><strong>W\u00e4hlen Sie immer die neueste technologiebasierte empfindliche maus\u00e4hnliche Laser- und optische Maus anstelle von modernen alten M\u00e4usen.<\/strong><\/li>\n\n\n\n<li><strong>W\u00e4hlen Sie schlie\u00dflich die Maus, die zu Ihren H\u00e4nden passt und sich beim Spielen angenehm anf\u00fchlt.<\/strong><\/li>\n<\/ul>\n\n\n\n<h2 class=\"wp-block-heading has-text-align-center\">H\u00e4ufig gestellte Fragen<\/h2>\n\n\n\n<div class=\"schema-faq wp-block-yoast-faq-block\"><div class=\"schema-faq-section\" id=\"faq-question-1677486195867\"><strong class=\"schema-faq-question\">Was ist ein Jitter-Klick-Test?<\/strong> <p class=\"schema-faq-answer\">Ein Jitter-Klick-Test ist ein Online-Test, der misst, wie viele Klicks Sie in einer bestimmten Zeit mit der Jitter-Klick-Technik machen k\u00f6nnen.<\/p> <\/div> <div class=\"schema-faq-section\" id=\"faq-question-1677486221503\"><strong class=\"schema-faq-question\">Was ist die Jitter-Klicktechnik?<\/strong> <p class=\"schema-faq-answer\">Bei der Jitter-Klicktechnik werden die Muskeln in Ihrem Arm schnell zusammengezogen, um eine Vibration oder ein \u201eZittern\u201c in Ihrem Finger zu erzeugen, wodurch Sie schnell mit der Maustaste klicken k\u00f6nnen. Diese Technik wird oft von Spielern verwendet, um eine h\u00f6here Klickgeschwindigkeit zu erreichen, als sie mit einer normalen Klicktechnik erreichen k\u00f6nnten.<\/p> <\/div> <div class=\"schema-faq-section\" id=\"faq-question-1677486240819\"><strong class=\"schema-faq-question\">Wie lange dauert ein Jitter-Klicktest?<\/strong> <p class=\"schema-faq-answer\">Die L\u00e4nge eines Jitter-Klicktests kann je nach verwendeter Website variieren. Einige Tests sind auf 10 Sekunden getaktet, w\u00e4hrend andere auf einen l\u00e4ngeren Zeitraum, wie z. B. 30 oder 60 Sekunden, getaktet werden k\u00f6nnen.<\/p> <\/div> <div class=\"schema-faq-section\" id=\"faq-question-1677486255250\"><strong class=\"schema-faq-question\">Gibt es Tipps f\u00fcr die Durchf\u00fchrung eines Jitter-Klick-Tests?<\/strong> <p class=\"schema-faq-answer\">Ja, hier sind einige Tipps f\u00fcr die Durchf\u00fchrung eines Jitter-Klick-Tests: <br\/>1) Halten Sie Ihre Maus bequem<br\/>2) Halten Sie Ihren Arm und Ihr Handgelenk entspannt<br\/>3) Konzentrieren Sie sich auf Geschwindigkeit und Genauigkeit<br\/>4) Versuchen Sie, so schnell wie m\u00f6glich zu klicken, w\u00e4hrend Sie die Kontrolle behalten, und 5) \u00fcben Sie regelm\u00e4\u00dfig, um Ihre Punktzahl zu verbessern.<\/p> <\/div> <div class=\"schema-faq-section\" id=\"faq-question-1677486285171\"><strong class=\"schema-faq-question\">Sind Jitter Click Tests zuverl\u00e4ssig?<\/strong> <p class=\"schema-faq-answer\">Die Genauigkeit von Jitter-Klick-Tests kann je nach Website und Testbedingungen variieren, aber sie k\u00f6nnen dennoch einen allgemeinen Eindruck von Ihrer Klickgeschwindigkeit und Genauigkeit unter Verwendung der Jitter-Klick-Technik vermitteln. Denken Sie daran, dass Faktoren wie Maustyp und -einstellungen sowie die Gr\u00f6\u00dfe und Aufl\u00f6sung Ihres Bildschirms sich ebenfalls auf Ihre Punktzahl auswirken k\u00f6nnen.<\/p> <\/div> <\/div>","protected":false},"excerpt":{"rendered":"<p>Jitter Click Test | Easy CPS Test While playing the clicking game Jitter trick will help you know about your clicking speed. For gamers, Minecraft formulated Jitter Click Test. Jitter Click Game&nbsp;is a click-oriented game that influences the mouse and &#8230; <\/p>\n<p class=\"read-more-container\"><a title=\"Jitter Click Test | Jitter Clicking Challenge &#8211; Easy CPS Test\" class=\"read-more button\" href=\"https:\/\/easycpstest.com\/de\/jitter-click-test\/#more-1403\" aria-label=\"Mehr bei Jitter Click Test | Jitter Clicking Challenge &#8211; Easy CPS Test\">Weiterlesen \u2026<\/a><\/p>","protected":false},"author":1,"featured_media":0,"parent":0,"menu_order":0,"comment_status":"closed","ping_status":"closed","template":"","meta":{"_crdt_document":"","footnotes":""},"class_list":{"0":"post-1403","1":"page","2":"type-page","3":"status-publish","5":"no-featured-image-padding"},"_links":{"self":[{"href":"https:\/\/easycpstest.com\/de\/wp-json\/wp\/v2\/pages\/1403","targetHints":{"allow":["GET"]}}],"collection":[{"href":"https:\/\/easycpstest.com\/de\/wp-json\/wp\/v2\/pages"}],"about":[{"href":"https:\/\/easycpstest.com\/de\/wp-json\/wp\/v2\/types\/page"}],"author":[{"embeddable":true,"href":"https:\/\/easycpstest.com\/de\/wp-json\/wp\/v2\/users\/1"}],"replies":[{"embeddable":true,"href":"https:\/\/easycpstest.com\/de\/wp-json\/wp\/v2\/comments?post=1403"}],"version-history":[{"count":21,"href":"https:\/\/easycpstest.com\/de\/wp-json\/wp\/v2\/pages\/1403\/revisions"}],"predecessor-version":[{"id":2168,"href":"https:\/\/easycpstest.com\/de\/wp-json\/wp\/v2\/pages\/1403\/revisions\/2168"}],"wp:attachment":[{"href":"https:\/\/easycpstest.com\/de\/wp-json\/wp\/v2\/media?parent=1403"}],"curies":[{"name":"wp","href":"https:\/\/api.w.org\/{rel}","templated":true}]}}