{"id":1413,"date":"2025-02-10T06:57:04","date_gmt":"2025-02-10T06:57:04","guid":{"rendered":"https:\/\/easycpstest.com\/?page_id=1413"},"modified":"2025-02-10T06:57:05","modified_gmt":"2025-02-10T06:57:05","slug":"butterfly-click-test","status":"publish","type":"page","link":"https:\/\/easycpstest.com\/de\/butterfly-click-test\/","title":{"rendered":"Butterfly Click Test | Click Tests | Easy CPS Test"},"content":{"rendered":"<h1 class=\"wp-block-heading has-text-align-center\"><strong>Butterfly-Klicktest | Einfacher CPS-Test<\/strong><\/h1>\n\n\n\n<p class=\"has-text-align-center wp-block-paragraph\">Markieren Sie 10 Sekunden lang fortlaufende Klicks auf der Klickfl\u00e4che des Schmetterlings-Klicktests, um die Klickeffizienz des Spielers zu \u00fcberpr\u00fcfen.<\/p>\n\n\n<div class=\"page-wrapper\">\n\t<div class=\"row\">\n\t\t<div class=\"col-lg-12 col-md-12 custom-container\">\n\t\t\t<div class=\"card\">\n\t\t\t\t<header class=\"entry-header\">\n\t\t\t\t\t\t\t\t\t<\/header>\n\t\t\t\t\t\t\t\t<div class=\"bt-click-inner\">\n\t\t\t\t\t<div class=\"card-header\">\n\t\t\t\t\t\t<div class=\"bt-header-timer\">\n\t\t\t\t\t\t\t<div class=\"bt-time-btn blue-btn\">\n\t\t\t\t\t\t\t\t<h4 class=\"mb-0\"><span id=\"timer\">0<\/span><\/h4>\n\t\t\t\t\t\t\t\t<small class=\"mb-0 sm-custom\">Timer<\/small>\n\t\t\t\t\t\t\t<\/div>\n\t\t\t\t\t\t\t<div class=\"bt-time-btn orange-btn\">\n\t\t\t\t\t\t\t\t<h4 class=\"mb-0\"><span id=\"clicks\">0<\/span><\/h4>\n\t\t\t\t\t\t\t\t<small class=\"mb-0 sm-custom\">Klick\/s<\/small>\n\t\t\t\t\t\t\t<\/div>\n\t\t\t\t\t\t\t<div class=\"bt-time-btn green-btn\">\n\t\t\t\t\t\t\t\t<h4 class=\"mb-0\"><span id=\"score\">0<\/span><\/h4>\n\t\t\t\t\t\t\t\t<small class=\"mb-0 sm-custom\">Punktzahl<\/small>\n\t\t\t\t\t\t\t<\/div>\n\t\t\t\t\t\t<\/div>\n\t\t\t\t\t<\/div>\n\t\t\t\t\t<div class=\"card-body\">\n\t\t\t\t\t\t<div class=\"bt-click-area\" id=\"bt-click-area\">\n\t\t\t\t\t\t\t<button id=\"start\" type=\"button\" class=\"btn-light btn-round waves-effect waves-light\">KLICKEN SIE HIER, UM ZU SPIELEN<\/button>\n\t\t\t\t\t\t<\/div>\n\t\t\t\t\t<\/div>\n\t\t\t\t\t<button type=\"button\" data-toggle=\"modal\" data-target=\"#click-result-modal\" style=\"display: none;\" id=\"trigger-modal\">Modal starten<\/button>\n\t\t\t\t<\/div>\n\t\t\t<\/div>\n\t\t<\/div>\n\t\t\t<\/div>\n<\/div>\n\n\n\n<p class=\"wp-block-paragraph\">Im Gegensatz zu anderen Klicktricks ist Butterfly Click Test unter den Benutzern f\u00fcr sein ausschlie\u00dflich schnelles Butterfly Clicking bekannt geworden. Die Technik hilft dem Spieler jedoch, wie in anderen ber\u00fchmten PVP-Spielen eine gute Leistung gegen den Konkurrenten zu erbringen.<\/p>\n\n\n\n<p class=\"wp-block-paragraph\"><\/p>\n\n\n<style>.kb-row-layout-wrap.wp-block-kadence-rowlayout.kb-row-layout-id1413_07c416-2f{margin-bottom:0px;}.kb-row-layout-id1413_07c416-2f > .kt-row-column-wrap{align-content:start;}:where(.kb-row-layout-id1413_07c416-2f > .kt-row-column-wrap) > .wp-block-kadence-column{justify-content:start;}.kb-row-layout-id1413_07c416-2f > .kt-row-column-wrap{column-gap:var(--global-kb-gap-none, 0rem );row-gap:var(--global-kb-gap-none, 0rem );max-width:1200px;padding-top:30px;padding-right:0px;padding-bottom:30px;padding-left:0px;}.kb-row-layout-id1413_07c416-2f > .kt-row-column-wrap > div:not(.added-for-specificity){grid-column:initial;}.kb-row-layout-id1413_07c416-2f > .kt-row-column-wrap{grid-template-columns:minmax(0, 1fr) minmax(0, 3fr) minmax(0, 1fr);}.kb-row-layout-id1413_07c416-2f > .kt-row-layout-overlay{opacity:0.30;background:linear-gradient(180deg,  0%, #00B5E2 100%);}.kb-row-layout-id1413_07c416-2f .kt-row-layout-bottom-sep{height:100px;}.kb-row-layout-id1413_07c416-2f .kt-row-layout-bottom-sep svg{width:100%;}.kb-row-layout-id1413_07c416-2f .kt-row-layout-bottom-sep svg{fill:#ffffff!important;}@media all and (max-width: 1024px){.kb-row-layout-id1413_07c416-2f > .kt-row-column-wrap{padding-top:0px;padding-right:50px;padding-bottom:80px;padding-left:50px;grid-template-columns:minmax(0, 1fr);}}@media all and (max-width: 1024px){.kb-row-layout-id1413_07c416-2f > .kt-row-column-wrap > div:not(.added-for-specificity){grid-column:initial;}}@media all and (max-width: 1024px){.kb-row-layout-id1413_07c416-2f .kt-row-layout-bottom-sep{height:px;}}@media all and (max-width: 1024px){.kb-row-layout-id1413_07c416-2f .kt-row-layout-bottom-sep svg{width:%;}}@media all and (max-width: 767px){.kb-row-layout-id1413_07c416-2f > .kt-row-column-wrap{padding-top:40px;padding-right:20px;padding-bottom:50px;padding-left:20px;grid-template-columns:minmax(0, 1fr);}.kb-row-layout-id1413_07c416-2f > .kt-row-column-wrap > div:not(.added-for-specificity){grid-column:initial;}.kb-row-layout-id1413_07c416-2f .kt-row-layout-bottom-sep{height:px;}.kb-row-layout-id1413_07c416-2f .kt-row-layout-bottom-sep svg{width:%;}}<\/style><div class=\"kb-row-layout-wrap kb-row-layout-id1413_07c416-2f alignnone kt-row-has-bg wp-block-kadence-rowlayout\"><div class=\"kt-row-layout-overlay kt-row-overlay-gradient\"><\/div><div class=\"kt-row-column-wrap kt-has-3-columns kt-row-layout-center-wide kt-tab-layout-row kt-mobile-layout-row kt-row-valign-top kb-theme-content-width\">\n<style>.kadence-column1413_8c75e6-f8 > .kt-inside-inner-col{padding-top:10px;padding-right:10px;padding-bottom:10px;padding-left:10px;}.kadence-column1413_8c75e6-f8 > .kt-inside-inner-col,.kadence-column1413_8c75e6-f8 > .kt-inside-inner-col:before{border-top-left-radius:0px;border-top-right-radius:0px;border-bottom-right-radius:0px;border-bottom-left-radius:0px;}.kadence-column1413_8c75e6-f8 > .kt-inside-inner-col{column-gap:var(--global-kb-gap-sm, 1rem);}.kadence-column1413_8c75e6-f8 > .kt-inside-inner-col{flex-direction:column;}.kadence-column1413_8c75e6-f8 > .kt-inside-inner-col > .aligncenter{width:100%;}.kadence-column1413_8c75e6-f8 > .kt-inside-inner-col:before{opacity:0.3;}.kadence-column1413_8c75e6-f8{position:relative;}.kadence-column1413_8c75e6-f8, .kt-inside-inner-col > .kadence-column1413_8c75e6-f8:not(.specificity){margin-top:0px;margin-right:20px;margin-bottom:0px;margin-left:0px;}@media all and (max-width: 1024px){.kadence-column1413_8c75e6-f8 > .kt-inside-inner-col{flex-direction:column;justify-content:center;}}@media all and (max-width: 1024px){.kadence-column1413_8c75e6-f8, .kt-inside-inner-col > .kadence-column1413_8c75e6-f8:not(.specificity){margin-top:0px;margin-right:0px;margin-bottom:0px;margin-left:0px;}}@media all and (max-width: 767px){.kadence-column1413_8c75e6-f8 > .kt-inside-inner-col{flex-direction:column;justify-content:center;}}<\/style>\n<div class=\"wp-block-kadence-column kadence-column1413_8c75e6-f8 inner-column-1\"><div class=\"kt-inside-inner-col\"><\/div><\/div>\n\n\n<style>.kadence-column1413_a1a74a-65 > .kt-inside-inner-col{padding-top:10px;padding-right:10px;padding-bottom:10px;padding-left:10px;}.kadence-column1413_a1a74a-65 > .kt-inside-inner-col,.kadence-column1413_a1a74a-65 > .kt-inside-inner-col:before{border-top-left-radius:0px;border-top-right-radius:0px;border-bottom-right-radius:0px;border-bottom-left-radius:0px;}.kadence-column1413_a1a74a-65 > .kt-inside-inner-col{column-gap:var(--global-kb-gap-sm, 1rem);}.kadence-column1413_a1a74a-65 > .kt-inside-inner-col{flex-direction:column;}.kadence-column1413_a1a74a-65 > .kt-inside-inner-col > .aligncenter{width:100%;}.kadence-column1413_a1a74a-65 > .kt-inside-inner-col:before{opacity:0.3;}.kadence-column1413_a1a74a-65{position:relative;}.kadence-column1413_a1a74a-65, .kt-inside-inner-col > .kadence-column1413_a1a74a-65:not(.specificity){margin-top:0px;margin-right:10px;margin-bottom:0px;margin-left:10px;}@media all and (max-width: 1024px){.kadence-column1413_a1a74a-65 > .kt-inside-inner-col{flex-direction:column;justify-content:center;}}@media all and (max-width: 1024px){.kadence-column1413_a1a74a-65, .kt-inside-inner-col > .kadence-column1413_a1a74a-65:not(.specificity){margin-top:0px;margin-right:0px;margin-bottom:0px;margin-left:0px;}}@media all and (max-width: 767px){.kadence-column1413_a1a74a-65 > .kt-inside-inner-col{flex-direction:column;justify-content:center;}}<\/style>\n<div class=\"wp-block-kadence-column kadence-column1413_a1a74a-65 inner-column-2\"><div class=\"kt-inside-inner-col\"><style>.wp-block-kadence-column.kb-section-dir-horizontal > .kt-inside-inner-col > .kt-info-box1413_524363-29 .kt-blocks-info-box-link-wrap{max-width:unset;}.kt-info-box1413_524363-29 .kt-blocks-info-box-link-wrap{border-top:1px solid var(--global-palette7, #EDF2F7);border-right:1px solid var(--global-palette7, #EDF2F7);border-bottom:1px solid var(--global-palette7, #EDF2F7);border-left:1px solid var(--global-palette7, #EDF2F7);border-top-left-radius:10px;border-top-right-radius:10px;border-bottom-right-radius:10px;border-bottom-left-radius:10px;background:#007bff;padding-top:30px;padding-right:30px;padding-bottom:30px;padding-left:30px;margin-bottom:0px;}.kt-info-box1413_524363-29 .kt-blocks-info-box-link-wrap:hover{background:#6a6dec;}.kt-info-box1413_524363-29 .kadence-info-box-icon-container .kt-info-svg-icon, .kt-info-box1413_524363-29 .kt-info-svg-icon-flip, .kt-info-box1413_524363-29 .kt-blocks-info-box-number{font-size:50px;}.kt-info-box1413_524363-29 .kt-blocks-info-box-media{color:#444444;background:transparent;border-color:#444444;border-top-width:0px;border-right-width:0px;border-bottom-width:0px;border-left-width:0px;padding-top:0px;padding-right:0px;padding-bottom:0px;padding-left:0px;}.kt-info-box1413_524363-29 .kt-blocks-info-box-media-container{margin-top:0px;margin-right:15px;margin-bottom:0px;margin-left:0px;}.kt-info-box1413_524363-29 .kt-blocks-info-box-link-wrap:hover .kt-blocks-info-box-media{color:#444444;background:transparent;border-color:#444444;}.kt-info-box1413_524363-29 .kt-infobox-textcontent h6.kt-blocks-info-box-title{line-height:1.3em;padding-top:0px;padding-right:0px;padding-bottom:0px;padding-left:0px;margin-top:0px;margin-right:0px;margin-bottom:14px;margin-left:0px;}.kt-info-box1413_524363-29 .kt-infobox-textcontent .kt-blocks-info-box-text{color:var(--base-3);}.wp-block-kadence-infobox.kt-info-box1413_524363-29 .kt-blocks-info-box-text{text-transform:capitalize;}.kt-info-box1413_524363-29 .kt-blocks-info-box-learnmore{background:transparent;border-color:#555555;border-width:0px 0px 0px 0px;padding-top:4px;padding-right:8px;padding-bottom:4px;padding-left:8px;margin-top:10px;margin-right:0px;margin-bottom:10px;margin-left:0px;}.kt-info-box1413_524363-29 .kt-blocks-info-box-link-wrap:hover .kt-blocks-info-box-learnmore,.kt-info-box1413_524363-29 .kt-blocks-info-box-link-wrap .kt-blocks-info-box-learnmore:focus{color:#ffffff;background:#444444;border-color:#444444;}.kt-info-box1413_524363-29 .kt-blocks-info-box-link-wrap{box-shadow:0px 0px 0px 0px rgba(0, 0, 0, 0);}.kt-info-box1413_524363-29 .kt-blocks-info-box-link-wrap:hover{box-shadow:20px 20px 80px 0px rgba(27, 0, 79, 0.06);}@media all and (max-width: 1024px){.kt-info-box1413_524363-29 .kt-blocks-info-box-link-wrap{border-top:1px solid var(--global-palette7, #EDF2F7);border-right:1px solid var(--global-palette7, #EDF2F7);border-bottom:1px solid var(--global-palette7, #EDF2F7);border-left:1px solid var(--global-palette7, #EDF2F7);box-shadow:0px 0px 0px 0px rgba(0, 0, 0, 0);}}@media all and (max-width: 1024px){.kt-info-box1413_524363-29 .kt-blocks-info-box-link-wrap:hover{box-shadow:20px 20px 80px 0px rgba(27, 0, 79, 0.06);}}@media all and (max-width: 767px){.kt-info-box1413_524363-29 .kt-blocks-info-box-link-wrap{border-top:1px solid var(--global-palette7, #EDF2F7);border-right:1px solid var(--global-palette7, #EDF2F7);border-bottom:1px solid var(--global-palette7, #EDF2F7);border-left:1px solid var(--global-palette7, #EDF2F7);text-align:center;display:block;box-shadow:0px 0px 0px 0px rgba(0, 0, 0, 0);}.kt-info-box1413_524363-29 .kt-blocks-info-box-link-wrap .kt-blocks-info-box-media{display:inline-block;max-width:100%;}.kt-info-box1413_524363-29 .kt-blocks-info-box-link-wrap:hover{box-shadow:20px 20px 80px 0px rgba(27, 0, 79, 0.06);}}<\/style>\n<div class=\"wp-block-kadence-infobox kt-info-box1413_524363-29\"><a class=\"kt-blocks-info-box-link-wrap info-box-link kt-blocks-info-box-media-align-top kt-info-halign-center kb-info-box-vertical-media-align-top kb-info-mobile-halign-center\" target=\"_blank\" rel=\"noopener noreferrer\" href=\"https:\/\/easycpstest.com\/de\/\" aria-label=\"Klicken Sie auf Geschwindigkeitstest | CPS-Test\"><div class=\"kt-infobox-textcontent\"><p class=\"kt-blocks-info-box-text\"><strong>KLICK-GESCHWINDIGKEITSTEST | CPS-TEST<\/strong><\/p><\/div><\/a><\/div>\n<\/div><\/div>\n\n\n<style>.kadence-column1413_3d73af-9c > .kt-inside-inner-col{padding-top:10px;padding-right:10px;padding-bottom:10px;padding-left:10px;}.kadence-column1413_3d73af-9c > .kt-inside-inner-col,.kadence-column1413_3d73af-9c > .kt-inside-inner-col:before{border-top-left-radius:0px;border-top-right-radius:0px;border-bottom-right-radius:0px;border-bottom-left-radius:0px;}.kadence-column1413_3d73af-9c > .kt-inside-inner-col{column-gap:var(--global-kb-gap-sm, 1rem);}.kadence-column1413_3d73af-9c > .kt-inside-inner-col{flex-direction:column;}.kadence-column1413_3d73af-9c > .kt-inside-inner-col > .aligncenter{width:100%;}.kadence-column1413_3d73af-9c > .kt-inside-inner-col:before{opacity:0.3;}.kadence-column1413_3d73af-9c{position:relative;}.kadence-column1413_3d73af-9c, .kt-inside-inner-col > .kadence-column1413_3d73af-9c:not(.specificity){margin-top:0px;margin-right:0px;margin-bottom:0px;margin-left:20px;}@media all and (max-width: 1024px){.kadence-column1413_3d73af-9c > .kt-inside-inner-col{flex-direction:column;justify-content:center;}}@media all and (max-width: 1024px){.kadence-column1413_3d73af-9c, .kt-inside-inner-col > .kadence-column1413_3d73af-9c:not(.specificity){margin-top:0px;margin-right:0px;margin-bottom:0px;margin-left:0px;}}@media all and (max-width: 767px){.kadence-column1413_3d73af-9c > .kt-inside-inner-col{flex-direction:column;justify-content:center;}}<\/style>\n<div class=\"wp-block-kadence-column kadence-column1413_3d73af-9c inner-column-3\"><div class=\"kt-inside-inner-col\"><\/div><\/div>\n\n<\/div><\/div>\n\n\n<h2 style=\"color: #ffffff;font-weight: 400;background:  #007bff;width: auto;margin: 1em 0px;font-size: 25px;line-height: 1;padding: 14px;border-left: 40px solid #000000;box-shadow: #c7c7c7 0px 2px 15px 0px;text-align:;\"><span id=\"Butterfly_Click_Online_Test  \"><strong> Butterfly Click Online-Test  \n<\/strong><\/span><\/h2>\n\n\n\n<p class=\"wp-block-paragraph\">Angenommen, der Spieler m\u00f6chte eine \u00fcberw\u00e4ltigende Leistung erbringen, um den Gegner im Butterfly Click Online-Testspiel zu schlagen, also ist es ein perfektes Spiel zur Auswahl. Bedeutsamerweise hilft das Spiel dem Clicker dabei, seine Klickfertigkeit mit ansprechender \u00dcbung zu verbessern. Dar\u00fcber hinaus verbessert effektives \u00dcben das Klicken auf die n\u00e4chste Stufe.&nbsp;<\/p>\n\n\n\n<p class=\"wp-block-paragraph\">Im Gegensatz dazu ist der Schmetterlings-Klicktest m\u00fchelos in allen anderen Klickspielen und einzigartigen Modi zu dominieren und zu meistern.&nbsp; &nbsp;<\/p>\n\n\n\n<p class=\"wp-block-paragraph\">Bei der Butterfly-Clicking-Methode k\u00f6nnen Sie alternativ mit Ihren 2 Fingern nacheinander auf die Mausklick-Schaltfl\u00e4che tippen. Durch die sich wiederholende Aktion weist der Spieler in wenigen Sekunden mehr Klicks zu. Anstelle eines Fingers k\u00f6nnen Sie 2 Finger verwenden und mehr Klicks im Klickspiel markieren.<\/p>\n\n\n\n<p class=\"wp-block-paragraph\">Wie alle anderen CPS-Tests ist der Schmetterlings-Klick-Test so konzipiert, dass er die Reflexe Ihrer Finger und die Reaktion Ihres Geistes in einem Zeitintervall aufzeichnet.&nbsp;&nbsp;<\/p>\n\n\n<div class=\"wp-block-image\">\n<figure class=\"aligncenter size-full\"><img loading=\"lazy\" decoding=\"async\" width=\"768\" height=\"452\" src=\"https:\/\/easycpstest.com\/wp-content\/uploads\/2022\/03\/butterfly-1.png\" alt=\"Butterfly Click Test\" class=\"wp-image-1567\" srcset=\"https:\/\/easycpstest.com\/wp-content\/uploads\/2022\/03\/butterfly-1.png 768w, https:\/\/easycpstest.com\/wp-content\/uploads\/2022\/03\/butterfly-1-300x177.png 300w\" sizes=\"auto, (max-width: 768px) 100vw, 768px\" \/><\/figure>\n<\/div>\n\n\n<h3 style=\"color: #ffffff;font-weight: 400;background:  #007bff;width: auto;margin: 1em 0px;font-size: 25px;line-height: 1;padding: 14px;border-left: 40px solid #000000;box-shadow: #c7c7c7 0px 2px 15px 0px;text-align:;\"><span id=\"How_fast_are_you? Find_out_now!\"><strong> Wie schnell bist du? Finde es jetzt heraus!  \n<\/strong><\/span><\/h3>\n\n\n\n<p class=\"wp-block-paragraph\">Kontinuierliches Schmetterlingsklicken erm\u00f6glicht es Ihnen, mehr Klicks zu indizieren. Klicken Sie also kr\u00e4ftig auf das hervorgehobene K\u00e4stchen und lassen Sie das Online-Spiel Butterfly Click Ihre Effizienz aufzeichnen. Falls der Spieler dieses Spiel mit einem weit entfernten Freund spielen m\u00f6chte, kann der Spieler ihm anbieten, zu spielen, indem er einen Link zu diesem Spiel sendet. Schlie\u00dflich gewinnt der Spieler mit der h\u00f6chsten Punktzahl das Match.&nbsp;<\/p>\n\n\n\n<h3 style=\"color: #ffffff;font-weight: 400;background:  #007bff;width: auto;margin: 1em 0px;font-size: 25px;line-height: 1;padding: 14px;border-left: 40px solid #000000;box-shadow: #c7c7c7 0px 2px 15px 0px;text-align:;\"><span id=\"Features_of_Butterfly_Click_Test\"><strong> Merkmale des Schmetterlings-Klicktests \n<\/strong><\/span><\/h3>\n\n\n\n<p class=\"wp-block-paragraph\">Gl\u00fccklicherweise verf\u00fcgt der Butterfly Click Test \u00fcber eine herausragende Funktion, die Klick\u00fcbungen bietet, bevor Sie Mainstream spielen. Der Spieler verwendet jedoch Muskeln und Gehirn mit der gleichen Geschwindigkeit, um den maximalen Klick im Spiel zu indizieren. In wenigen Sekunden belastet die \u00dcbung Ihre Gelenke und Muskeln nicht. Noch keine Ersch\u00f6pfung, es ist sicher.&nbsp;<\/p>\n\n\n\n<p class=\"wp-block-paragraph\">Dar\u00fcber hinaus ist das Butterfly Click Game ein spannendes Spiel f\u00fcr Gamer, um ihre Freizeit im Internet totzuschlagen. W\u00e4hrend Sie darauf warten, dass die Software den gew\u00fcnschten Film installiert oder l\u00e4dt, k\u00f6nnen Sie die Klicks \u00fcben, um Ihre F\u00e4higkeiten zu verbessern. Der Spieler kann das Online-Spiel Butterfly Click jedoch genie\u00dfen, ohne eine App oder einen Treiber herunterzuladen.<\/p>\n\n\n\n<h4 style=\"color: #ffffff;font-weight: 400;background:  #007bff;width: auto;margin: 1em 0px;font-size: 25px;line-height: 1;padding: 14px;border-left: 40px solid #000000;box-shadow: #c7c7c7 0px 2px 15px 0px;text-align:;\"><span id=\"Advantage_of_Clicks\"><strong> Vorteil von Butterfly-Klicks\n<\/strong><\/span><\/h4>\n\n\n\n<p class=\"wp-block-paragraph\">Danach hilft Butterfly Clicking dem Spieler, die Freizeit effektiv zu t\u00f6ten. Dar\u00fcber hinaus verbessert der Spieler durch die Erfahrung schnelle Klick- und Tippf\u00e4higkeiten. Alternativ geben Social-Media-Freunde die Herausforderung, den Rekord zu brechen, den sie aufgestellt haben. Dar\u00fcber hinaus k\u00f6nnen beste Freunde aus der Ferne das Spiel mit ihren Social-Media-Konten spielen.&nbsp;<\/p>\n\n\n\n<p class=\"wp-block-paragraph\">Zum Gl\u00fcck ist die&nbsp;<a href=\"https:\/\/easycpstest.com\/de\/drag-click-test\/\" target=\"_blank\" rel=\"noreferrer noopener\">Klicktest ziehen<\/a> Das Online-Spiel ist mobilfreundlich, sodass mobile Benutzer das Spiel ohne Schwierigkeiten genie\u00dfen k\u00f6nnen.<\/p>\n\n\n\n<h3 style=\"color: #ffffff;font-weight: 400;background:  #007bff;width: auto;margin: 1em 0px;font-size: 25px;line-height: 1;padding: 14px;border-left: 40px solid #000000;box-shadow: #c7c7c7 0px 2px 15px 0px;text-align:;\"><span id=\"How to Play Butterfly Click Game\"><strong> Wie man das Schmetterlings-Klick-Spiel spielt\n<\/strong><\/span><\/h3>\n\n\n\n<p class=\"wp-block-paragraph\">Wie alle anderen Spiele ist auch das Butterfly Click Game aufgrund seiner Einfachheit m\u00fchelos zu spielen.&nbsp;<\/p>\n\n\n\n<ul class=\"wp-block-list\">\n<li><strong>Gehen Sie zum hervorgehobenen Feld und tippen Sie mit 2 Fingern, um den Klick im Spiel zuzuweisen.<\/strong><\/li>\n\n\n\n<li><strong>Tippen Sie anschlie\u00dfend nicht au\u00dferhalb des Felds. Weisen Sie innerhalb von 10 Sekunden nur einen Klick im klickbaren Bereich zu.<\/strong><\/li>\n\n\n\n<li><strong>Sp\u00e4ter erscheint die Punktzahl Ihres Butterfly-Klicks in der automatisch erscheinenden Meldungsbox.&nbsp;<\/strong><\/li>\n\n\n\n<li><strong>Das Spiel kann die Ergebnisse und Aufzeichnungen \u00fcber Social-Media-Plattformen wie WhatsApp, Facebook und Linked In teilen.<\/strong><\/li>\n<\/ul>\n\n\n\n<p class=\"wp-block-paragraph\"><strong>Hinweis f\u00fcr Neulinge<\/strong><\/p>\n\n\n\n<p class=\"wp-block-paragraph\">Die einheitliche \u00dcbung macht den Neuling zum Experten in den Butterfly Click Games. Dar\u00fcber hinaus macht es den Spieler zu einem professionellen Spieler.<\/p>\n\n\n\n<h2 class=\"wp-block-heading has-text-align-center\">H\u00e4ufig gestellte Fragen<\/h2>\n\n\n\n<div class=\"schema-faq wp-block-yoast-faq-block\"><div class=\"schema-faq-section\" id=\"faq-question-1677485983455\"><strong class=\"schema-faq-question\">Was ist ein Butterfly-Klicktest?<\/strong> <p class=\"schema-faq-answer\">Ein Schmetterlings-Klicktest ist ein Online-Test, der misst, wie viele Klicks Sie in einer bestimmten Zeit mit der Schmetterlings-Klicktechnik machen k\u00f6nnen.<\/p> <\/div> <div class=\"schema-faq-section\" id=\"faq-question-1677486023900\"><strong class=\"schema-faq-question\">Was ist die Butterfly-Klicktechnik?<\/strong> <p class=\"schema-faq-answer\">Bei der Butterfly-Klicktechnik wird mit zwei Fingern wiederholt und schnell auf die Maustaste geklickt. Diese Technik wird oft von Spielern verwendet, um eine h\u00f6here Klickgeschwindigkeit zu erreichen, als sie mit nur einem Finger erreichen k\u00f6nnten.<\/p> <\/div> <div class=\"schema-faq-section\" id=\"faq-question-1677486033867\"><strong class=\"schema-faq-question\">Kann ich mein Ergebnis im Butterfly-Klicktest verbessern?<\/strong> <p class=\"schema-faq-answer\">Ja, mit etwas \u00dcbung k\u00f6nnen Sie Ihr Ergebnis im Butterfly-Klicktest verbessern. Versuchen Sie, sich auf Ihre Technik zu konzentrieren und einen bequemen Griff f\u00fcr Ihre Maus zu finden. Sie k\u00f6nnen auch versuchen, verschiedene Arten von M\u00e4usen zu verwenden oder die Einstellungen Ihrer Maus anzupassen, um zu sehen, ob das hilft.<\/p> <\/div> <div class=\"schema-faq-section\" id=\"faq-question-1677486048365\"><strong class=\"schema-faq-question\">Gibt es Tipps f\u00fcr die Durchf\u00fchrung eines Butterfly-Klicktests?<\/strong> <p class=\"schema-faq-answer\">Ja, hier sind einige Tipps f\u00fcr die Durchf\u00fchrung eines Butterfly-Klicktests: <br\/>1) Halten Sie Ihre Maus bequem<br\/>2) Halten Sie Ihre Finger entspannt und flexibel<br\/>3) Konzentrieren Sie sich auf Geschwindigkeit und Genauigkeit<br\/>4) Versuchen Sie, so schnell wie m\u00f6glich zu klicken, w\u00e4hrend Sie die Kontrolle behalten, und 5) \u00fcben Sie regelm\u00e4\u00dfig, um Ihre Punktzahl zu verbessern.<br\/><\/p> <\/div> <div class=\"schema-faq-section\" id=\"faq-question-1677486096483\"><strong class=\"schema-faq-question\">Kann ich einen Butterfly-Klicktest auf meinem Mobilger\u00e4t machen?<\/strong> <p class=\"schema-faq-answer\">Auch wenn einige Websites eine mobile Version des Schmetterlings-Klicktests anbieten, wird im Allgemeinen empfohlen, den Test auf einem Computer oder Laptop mit einer Maus durchzuf\u00fchren, um die genauesten Ergebnisse zu erhalten.<\/p> <\/div> <\/div>","protected":false},"excerpt":{"rendered":"<p>Butterfly Click Test | Easy CPS Test For 10 seconds, mark continuous clicks on the clicking area of the Butterfly Click Test to check the clicking efficiency of the gamer. In contrast to other clicking tricks,&nbsp;Butterfly Click Test&nbsp;has become famous &#8230; <\/p>\n<p class=\"read-more-container\"><a title=\"Butterfly Click Test | Click Tests | Easy CPS Test\" class=\"read-more button\" href=\"https:\/\/easycpstest.com\/de\/butterfly-click-test\/#more-1413\" aria-label=\"Mehr bei Butterfly Click Test | Click Tests | Easy CPS Test\">Weiterlesen \u2026<\/a><\/p>","protected":false},"author":1,"featured_media":0,"parent":0,"menu_order":0,"comment_status":"closed","ping_status":"closed","template":"","meta":{"_crdt_document":"","footnotes":""},"class_list":{"0":"post-1413","1":"page","2":"type-page","3":"status-publish","5":"no-featured-image-padding"},"_links":{"self":[{"href":"https:\/\/easycpstest.com\/de\/wp-json\/wp\/v2\/pages\/1413","targetHints":{"allow":["GET"]}}],"collection":[{"href":"https:\/\/easycpstest.com\/de\/wp-json\/wp\/v2\/pages"}],"about":[{"href":"https:\/\/easycpstest.com\/de\/wp-json\/wp\/v2\/types\/page"}],"author":[{"embeddable":true,"href":"https:\/\/easycpstest.com\/de\/wp-json\/wp\/v2\/users\/1"}],"replies":[{"embeddable":true,"href":"https:\/\/easycpstest.com\/de\/wp-json\/wp\/v2\/comments?post=1413"}],"version-history":[{"count":17,"href":"https:\/\/easycpstest.com\/de\/wp-json\/wp\/v2\/pages\/1413\/revisions"}],"predecessor-version":[{"id":2169,"href":"https:\/\/easycpstest.com\/de\/wp-json\/wp\/v2\/pages\/1413\/revisions\/2169"}],"wp:attachment":[{"href":"https:\/\/easycpstest.com\/de\/wp-json\/wp\/v2\/media?parent=1413"}],"curies":[{"name":"wp","href":"https:\/\/api.w.org\/{rel}","templated":true}]}}