{"id":211,"date":"2025-02-10T06:47:24","date_gmt":"2025-02-10T06:47:24","guid":{"rendered":"https:\/\/easycpstest.com\/?page_id=211"},"modified":"2025-02-10T06:47:25","modified_gmt":"2025-02-10T06:47:25","slug":"1-second","status":"publish","type":"page","link":"https:\/\/easycpstest.com\/de\/1-second\/","title":{"rendered":"1 Second Click Test &#8211; Easy CPS Test"},"content":{"rendered":"<h1 class=\"wp-block-heading has-text-align-center\"><strong>1 Second Click Test &#8211; Easy CPS Test<\/strong><\/h1>\n\n\n\n<p class=\"has-text-align-center wp-block-paragraph\">Mit dieser einsek\u00fcndigen Klick-Herausforderung k\u00f6nnen Sie Ihre Klick-F\u00e4higkeiten in kurzer Zeit gegen die Gaming-Welt testen.<\/p>\n\n\n<div class=\"page-wrapper\">\n\t<div class=\"row\">\n\t\t<div class=\"col-lg-12 col-md-12 custom-container\">\n\t\t\t<div class=\"card\">\n\t\t\t\t<header class=\"entry-header\">\n\t\t\t\t\t\t\t\t\t<\/header>\n\t\t\t\t\t\t\t\t<div class=\"bt-click-inner\">\n\t\t\t\t\t<div class=\"card-header\">\n\t\t\t\t\t\t<div class=\"bt-header-timer\">\n\t\t\t\t\t\t\t<div class=\"bt-time-btn blue-btn\">\n\t\t\t\t\t\t\t\t<h4 class=\"mb-0\"><span id=\"timer\">0<\/span><\/h4>\n\t\t\t\t\t\t\t\t<small class=\"mb-0 sm-custom\">Timer<\/small>\n\t\t\t\t\t\t\t<\/div>\n\t\t\t\t\t\t\t<div class=\"bt-time-btn orange-btn\">\n\t\t\t\t\t\t\t\t<h4 class=\"mb-0\"><span id=\"clicks\">0<\/span><\/h4>\n\t\t\t\t\t\t\t\t<small class=\"mb-0 sm-custom\">Klick\/s<\/small>\n\t\t\t\t\t\t\t<\/div>\n\t\t\t\t\t\t\t<div class=\"bt-time-btn green-btn\">\n\t\t\t\t\t\t\t\t<h4 class=\"mb-0\"><span id=\"score\">0<\/span><\/h4>\n\t\t\t\t\t\t\t\t<small class=\"mb-0 sm-custom\">Punktzahl<\/small>\n\t\t\t\t\t\t\t<\/div>\n\t\t\t\t\t\t<\/div>\n\t\t\t\t\t<\/div>\n\t\t\t\t\t<div class=\"card-body\">\n\t\t\t\t\t\t<div class=\"bt-click-area\" id=\"bt-click-area\">\n\t\t\t\t\t\t\t<button id=\"start\" type=\"button\" class=\"btn-light btn-round waves-effect waves-light\">KLICKEN SIE HIER, UM ZU SPIELEN<\/button>\n\t\t\t\t\t\t<\/div>\n\t\t\t\t\t<\/div>\n\t\t\t\t\t<button type=\"button\" data-toggle=\"modal\" data-target=\"#click-result-modal\" style=\"display: none;\" id=\"trigger-modal\">Modal starten<\/button>\n\t\t\t\t<\/div>\n\t\t\t<\/div>\n\t\t<\/div>\n\t\t\t<\/div>\n<\/div>\n\n\n<style>.kb-row-layout-wrap.wp-block-kadence-rowlayout.kb-row-layout-id211_309204-9f{margin-bottom:0px;}.kb-row-layout-id211_309204-9f > .kt-row-column-wrap{align-content:start;}:where(.kb-row-layout-id211_309204-9f > .kt-row-column-wrap) > .wp-block-kadence-column{justify-content:start;}.kb-row-layout-id211_309204-9f > .kt-row-column-wrap{column-gap:var(--global-kb-gap-none, 0rem );row-gap:var(--global-kb-gap-none, 0rem );max-width:1200px;padding-top:30px;padding-right:0px;padding-bottom:30px;padding-left:0px;}.kb-row-layout-id211_309204-9f > .kt-row-column-wrap > div:not(.added-for-specificity){grid-column:initial;}.kb-row-layout-id211_309204-9f > .kt-row-column-wrap{grid-template-columns:minmax(0, 1fr) minmax(0, 3fr) minmax(0, 1fr);}.kb-row-layout-id211_309204-9f > .kt-row-layout-overlay{opacity:0.30;background:linear-gradient(180deg,  0%, #00B5E2 100%);}.kb-row-layout-id211_309204-9f .kt-row-layout-bottom-sep{height:100px;}.kb-row-layout-id211_309204-9f .kt-row-layout-bottom-sep svg{width:100%;}.kb-row-layout-id211_309204-9f .kt-row-layout-bottom-sep svg{fill:#ffffff!important;}@media all and (max-width: 1024px){.kb-row-layout-id211_309204-9f > .kt-row-column-wrap{padding-top:0px;padding-right:50px;padding-bottom:80px;padding-left:50px;grid-template-columns:minmax(0, 1fr);}}@media all and (max-width: 1024px){.kb-row-layout-id211_309204-9f > .kt-row-column-wrap > div:not(.added-for-specificity){grid-column:initial;}}@media all and (max-width: 1024px){.kb-row-layout-id211_309204-9f .kt-row-layout-bottom-sep{height:px;}}@media all and (max-width: 1024px){.kb-row-layout-id211_309204-9f .kt-row-layout-bottom-sep svg{width:%;}}@media all and (max-width: 767px){.kb-row-layout-id211_309204-9f > .kt-row-column-wrap{padding-top:40px;padding-right:20px;padding-bottom:50px;padding-left:20px;grid-template-columns:minmax(0, 1fr);}.kb-row-layout-id211_309204-9f > .kt-row-column-wrap > div:not(.added-for-specificity){grid-column:initial;}.kb-row-layout-id211_309204-9f .kt-row-layout-bottom-sep{height:px;}.kb-row-layout-id211_309204-9f .kt-row-layout-bottom-sep svg{width:%;}}<\/style><div class=\"kb-row-layout-wrap kb-row-layout-id211_309204-9f alignnone kt-row-has-bg wp-block-kadence-rowlayout\"><div class=\"kt-row-layout-overlay kt-row-overlay-gradient\"><\/div><div class=\"kt-row-column-wrap kt-has-3-columns kt-row-layout-center-wide kt-tab-layout-row kt-mobile-layout-row kt-row-valign-top kb-theme-content-width\">\n<style>.kadence-column211_774c4e-5f > .kt-inside-inner-col{padding-top:10px;padding-right:10px;padding-bottom:10px;padding-left:10px;}.kadence-column211_774c4e-5f > .kt-inside-inner-col,.kadence-column211_774c4e-5f > .kt-inside-inner-col:before{border-top-left-radius:0px;border-top-right-radius:0px;border-bottom-right-radius:0px;border-bottom-left-radius:0px;}.kadence-column211_774c4e-5f > .kt-inside-inner-col{column-gap:var(--global-kb-gap-sm, 1rem);}.kadence-column211_774c4e-5f > .kt-inside-inner-col{flex-direction:column;}.kadence-column211_774c4e-5f > .kt-inside-inner-col > .aligncenter{width:100%;}.kadence-column211_774c4e-5f > .kt-inside-inner-col:before{opacity:0.3;}.kadence-column211_774c4e-5f{position:relative;}.kadence-column211_774c4e-5f, .kt-inside-inner-col > .kadence-column211_774c4e-5f:not(.specificity){margin-top:0px;margin-right:20px;margin-bottom:0px;margin-left:0px;}@media all and (max-width: 1024px){.kadence-column211_774c4e-5f > .kt-inside-inner-col{flex-direction:column;justify-content:center;}}@media all and (max-width: 1024px){.kadence-column211_774c4e-5f, .kt-inside-inner-col > .kadence-column211_774c4e-5f:not(.specificity){margin-top:0px;margin-right:0px;margin-bottom:0px;margin-left:0px;}}@media all and (max-width: 767px){.kadence-column211_774c4e-5f > .kt-inside-inner-col{flex-direction:column;justify-content:center;}}<\/style>\n<div class=\"wp-block-kadence-column kadence-column211_774c4e-5f inner-column-1\"><div class=\"kt-inside-inner-col\"><\/div><\/div>\n\n\n<style>.kadence-column211_f5179d-62 > .kt-inside-inner-col{padding-top:10px;padding-right:10px;padding-bottom:10px;padding-left:10px;}.kadence-column211_f5179d-62 > .kt-inside-inner-col,.kadence-column211_f5179d-62 > .kt-inside-inner-col:before{border-top-left-radius:0px;border-top-right-radius:0px;border-bottom-right-radius:0px;border-bottom-left-radius:0px;}.kadence-column211_f5179d-62 > .kt-inside-inner-col{column-gap:var(--global-kb-gap-sm, 1rem);}.kadence-column211_f5179d-62 > .kt-inside-inner-col{flex-direction:column;}.kadence-column211_f5179d-62 > .kt-inside-inner-col > .aligncenter{width:100%;}.kadence-column211_f5179d-62 > .kt-inside-inner-col:before{opacity:0.3;}.kadence-column211_f5179d-62{position:relative;}.kadence-column211_f5179d-62, .kt-inside-inner-col > .kadence-column211_f5179d-62:not(.specificity){margin-top:0px;margin-right:10px;margin-bottom:0px;margin-left:10px;}@media all and (max-width: 1024px){.kadence-column211_f5179d-62 > .kt-inside-inner-col{flex-direction:column;justify-content:center;}}@media all and (max-width: 1024px){.kadence-column211_f5179d-62, .kt-inside-inner-col > .kadence-column211_f5179d-62:not(.specificity){margin-top:0px;margin-right:0px;margin-bottom:0px;margin-left:0px;}}@media all and (max-width: 767px){.kadence-column211_f5179d-62 > .kt-inside-inner-col{flex-direction:column;justify-content:center;}}<\/style>\n<div class=\"wp-block-kadence-column kadence-column211_f5179d-62 inner-column-2\"><div class=\"kt-inside-inner-col\"><style>.wp-block-kadence-column.kb-section-dir-horizontal > .kt-inside-inner-col > .kt-info-box211_c01e8e-fd .kt-blocks-info-box-link-wrap{max-width:unset;}.kt-info-box211_c01e8e-fd .kt-blocks-info-box-link-wrap{border-top:1px solid var(--global-palette7, #EDF2F7);border-right:1px solid var(--global-palette7, #EDF2F7);border-bottom:1px solid var(--global-palette7, #EDF2F7);border-left:1px solid var(--global-palette7, #EDF2F7);border-top-left-radius:10px;border-top-right-radius:10px;border-bottom-right-radius:10px;border-bottom-left-radius:10px;background:#007bff;padding-top:30px;padding-right:30px;padding-bottom:30px;padding-left:30px;margin-bottom:0px;}.kt-info-box211_c01e8e-fd .kt-blocks-info-box-link-wrap:hover{background:#6a6dec;}.kt-info-box211_c01e8e-fd .kadence-info-box-icon-container .kt-info-svg-icon, .kt-info-box211_c01e8e-fd .kt-info-svg-icon-flip, .kt-info-box211_c01e8e-fd .kt-blocks-info-box-number{font-size:50px;}.kt-info-box211_c01e8e-fd .kt-blocks-info-box-media{color:#444444;background:transparent;border-color:#444444;border-top-width:0px;border-right-width:0px;border-bottom-width:0px;border-left-width:0px;padding-top:0px;padding-right:0px;padding-bottom:0px;padding-left:0px;}.kt-info-box211_c01e8e-fd .kt-blocks-info-box-media-container{margin-top:0px;margin-right:15px;margin-bottom:0px;margin-left:0px;}.kt-info-box211_c01e8e-fd .kt-blocks-info-box-link-wrap:hover .kt-blocks-info-box-media{color:#444444;background:transparent;border-color:#444444;}.kt-info-box211_c01e8e-fd .kt-infobox-textcontent h6.kt-blocks-info-box-title{line-height:1.3em;padding-top:0px;padding-right:0px;padding-bottom:0px;padding-left:0px;margin-top:0px;margin-right:0px;margin-bottom:14px;margin-left:0px;}.kt-info-box211_c01e8e-fd .kt-infobox-textcontent .kt-blocks-info-box-text{color:var(--base-3);}.wp-block-kadence-infobox.kt-info-box211_c01e8e-fd .kt-blocks-info-box-text{text-transform:capitalize;}.kt-info-box211_c01e8e-fd .kt-blocks-info-box-learnmore{background:transparent;border-color:#555555;border-width:0px 0px 0px 0px;padding-top:4px;padding-right:8px;padding-bottom:4px;padding-left:8px;margin-top:10px;margin-right:0px;margin-bottom:10px;margin-left:0px;}.kt-info-box211_c01e8e-fd .kt-blocks-info-box-link-wrap:hover .kt-blocks-info-box-learnmore,.kt-info-box211_c01e8e-fd .kt-blocks-info-box-link-wrap .kt-blocks-info-box-learnmore:focus{color:#ffffff;background:#444444;border-color:#444444;}.kt-info-box211_c01e8e-fd .kt-blocks-info-box-link-wrap{box-shadow:0px 0px 0px 0px rgba(0, 0, 0, 0);}.kt-info-box211_c01e8e-fd .kt-blocks-info-box-link-wrap:hover{box-shadow:20px 20px 80px 0px rgba(27, 0, 79, 0.06);}@media all and (max-width: 1024px){.kt-info-box211_c01e8e-fd .kt-blocks-info-box-link-wrap{border-top:1px solid var(--global-palette7, #EDF2F7);border-right:1px solid var(--global-palette7, #EDF2F7);border-bottom:1px solid var(--global-palette7, #EDF2F7);border-left:1px solid var(--global-palette7, #EDF2F7);box-shadow:0px 0px 0px 0px rgba(0, 0, 0, 0);}}@media all and (max-width: 1024px){.kt-info-box211_c01e8e-fd .kt-blocks-info-box-link-wrap:hover{box-shadow:20px 20px 80px 0px rgba(27, 0, 79, 0.06);}}@media all and (max-width: 767px){.kt-info-box211_c01e8e-fd .kt-blocks-info-box-link-wrap{border-top:1px solid var(--global-palette7, #EDF2F7);border-right:1px solid var(--global-palette7, #EDF2F7);border-bottom:1px solid var(--global-palette7, #EDF2F7);border-left:1px solid var(--global-palette7, #EDF2F7);text-align:center;display:block;box-shadow:0px 0px 0px 0px rgba(0, 0, 0, 0);}.kt-info-box211_c01e8e-fd .kt-blocks-info-box-link-wrap .kt-blocks-info-box-media{display:inline-block;max-width:100%;}.kt-info-box211_c01e8e-fd .kt-blocks-info-box-link-wrap:hover{box-shadow:20px 20px 80px 0px rgba(27, 0, 79, 0.06);}}<\/style>\n<div class=\"wp-block-kadence-infobox kt-info-box211_c01e8e-fd\"><a class=\"kt-blocks-info-box-link-wrap info-box-link kt-blocks-info-box-media-align-top kt-info-halign-center kb-info-box-vertical-media-align-top kb-info-mobile-halign-center\" target=\"_blank\" rel=\"noopener noreferrer\" href=\"https:\/\/easycpstest.com\/de\/\" aria-label=\"Klicken Sie auf Geschwindigkeitstest | CPS-Test\"><div class=\"kt-infobox-textcontent\"><p class=\"kt-blocks-info-box-text\"><strong>KLICK-GESCHWINDIGKEITSTEST | CPS-TEST<\/strong><\/p><\/div><\/a><\/div>\n<\/div><\/div>\n\n\n<style>.kadence-column211_ee35a0-e2 > .kt-inside-inner-col{padding-top:10px;padding-right:10px;padding-bottom:10px;padding-left:10px;}.kadence-column211_ee35a0-e2 > .kt-inside-inner-col,.kadence-column211_ee35a0-e2 > .kt-inside-inner-col:before{border-top-left-radius:0px;border-top-right-radius:0px;border-bottom-right-radius:0px;border-bottom-left-radius:0px;}.kadence-column211_ee35a0-e2 > .kt-inside-inner-col{column-gap:var(--global-kb-gap-sm, 1rem);}.kadence-column211_ee35a0-e2 > .kt-inside-inner-col{flex-direction:column;}.kadence-column211_ee35a0-e2 > .kt-inside-inner-col > .aligncenter{width:100%;}.kadence-column211_ee35a0-e2 > .kt-inside-inner-col:before{opacity:0.3;}.kadence-column211_ee35a0-e2{position:relative;}.kadence-column211_ee35a0-e2, .kt-inside-inner-col > .kadence-column211_ee35a0-e2:not(.specificity){margin-top:0px;margin-right:0px;margin-bottom:0px;margin-left:20px;}@media all and (max-width: 1024px){.kadence-column211_ee35a0-e2 > .kt-inside-inner-col{flex-direction:column;justify-content:center;}}@media all and (max-width: 1024px){.kadence-column211_ee35a0-e2, .kt-inside-inner-col > .kadence-column211_ee35a0-e2:not(.specificity){margin-top:0px;margin-right:0px;margin-bottom:0px;margin-left:0px;}}@media all and (max-width: 767px){.kadence-column211_ee35a0-e2 > .kt-inside-inner-col{flex-direction:column;justify-content:center;}}<\/style>\n<div class=\"wp-block-kadence-column kadence-column211_ee35a0-e2 inner-column-3\"><div class=\"kt-inside-inner-col\"><\/div><\/div>\n\n<\/div><\/div>\n\n\n<p class=\"wp-block-paragraph\">Klicks pro Sekunde werden als die Anzahl von Malen beschrieben, die eine Person in einem bestimmten Zeitintervall auf eine Maus klickt. Es gibt verschiedene Klicks pro zweitem Test, die unten im Thema aufgef\u00fchrt sind:<\/p>\n\n\n\n<h2 style=\"color: #ffffff;font-weight: 400;background: #007bff;width: auto;margin: 1em 0px;font-size: 25px;line-height: 1;padding: 14px;border-left: 40px solid #000000;box-shadow: #c7c7c7 0px 2px 15px 0px;text-align:;\"><span id=\"Clicks_Per_1_Second_Challenge\"><strong>Klicks pro 1 Sekunde Herausforderung<\/strong><\/span><\/h2>\n\n\n\n<p class=\"wp-block-paragraph\">Das <mark style=\"background-color:rgba(0, 0, 0, 0)\" class=\"has-inline-color has-contrast-color\">klicken Sie auf Testspiel<\/mark> hat verschiedene Modi,&nbsp;<a href=\"https:\/\/easycpstest.com\/de\/click-counter\/\" target=\"_blank\" rel=\"noreferrer noopener\">cps-Z\u00e4hler<\/a> am h\u00e4ufigsten ist, wie wir oben \u00fcber den Klick pro Sekunde erkl\u00e4rt haben, m\u00fcssen Sie sich fragen, wie Sie in einer Sekunde maximale Punktzahlen erzielen k\u00f6nnen.<\/p>\n\n\n\n<p class=\"wp-block-paragraph\">Zuerst m\u00fcssen Sie auf die Schaltfl\u00e4che Start klicken. Jetzt m\u00fcssen Sie in einem Test so schnell wie m\u00f6glich mit der Maus klicken. Das Klicken mit der Maus liefert bessere Ergebnisse als das Trackboard des Laptops.<\/p>\n\n\n\n<p class=\"wp-block-paragraph\">Sobald Sie einen Klick machen, wird die Zeit gestartet, und wenn Sie zwischendurch anhalten, verlieren Sie die Chance, weitere Klicks zu machen. Au\u00dferdem k\u00f6nnen Sie die graue Taste dr\u00fccken, um das Klicktest-1-Sekunden-Spiel neu zu starten.<\/p>\n\n\n<style>.wp-block-kadence-column.kb-section-dir-horizontal > .kt-inside-inner-col > .kt-info-box211_beeaff-15 .kt-blocks-info-box-link-wrap{max-width:unset;}.kt-info-box211_beeaff-15 .kt-blocks-info-box-link-wrap{border-top-left-radius:20px;border-top-right-radius:20px;border-bottom-right-radius:20px;border-bottom-left-radius:20px;background:#f1f1f1;padding-top:0px;padding-right:0px;padding-bottom:0px;padding-left:0px;}.kt-info-box211_beeaff-15 .kt-blocks-info-box-link-wrap:hover{background:#f2f2f2;}.kt-info-box211_beeaff-15 .kadence-info-box-icon-container .kt-info-svg-icon, .kt-info-box211_beeaff-15 .kt-info-svg-icon-flip, .kt-info-box211_beeaff-15 .kt-blocks-info-box-number{font-size:50px;}.kt-info-box211_beeaff-15 .kt-blocks-info-box-media{color:#cf2e2e;background:transparent;border-color:rgba(0,0,0,0);border-radius:200px;overflow:hidden;border-top-width:0px;border-right-width:0px;border-bottom-width:0px;border-left-width:0px;padding-top:20px;padding-right:20px;padding-bottom:20px;padding-left:20px;margin-top:0px;margin-right:20px;margin-bottom:0px;margin-left:0px;}.kt-info-box211_beeaff-15 .kt-blocks-info-box-media .kadence-info-box-image-intrisic img{border-radius:200px;}.kt-info-box211_beeaff-15 .kt-blocks-info-box-link-wrap:hover .kt-blocks-info-box-media{color:#cf2e2e;background:rgba(0,0,0,0);border-color:rgba(0,0,0,0);}.kt-info-box211_beeaff-15 .kt-infobox-textcontent h2.kt-blocks-info-box-title{padding-top:0px;padding-right:0px;padding-bottom:0px;padding-left:0px;margin-top:5px;margin-right:0px;margin-bottom:10px;margin-left:0px;}.kt-info-box211_beeaff-15 .kt-infobox-textcontent .kt-blocks-info-box-text{color:#000000;}.wp-block-kadence-infobox.kt-info-box211_beeaff-15 .kt-blocks-info-box-text{font-weight:400;}.kt-info-box211_beeaff-15 .kt-blocks-info-box-learnmore{background:transparent;border-color:#555555;border-width:0px 0px 0px 0px;padding-top:4px;padding-right:8px;padding-bottom:4px;padding-left:8px;margin-top:10px;margin-right:0px;margin-bottom:10px;margin-left:0px;}.kt-info-box211_beeaff-15 .kt-blocks-info-box-link-wrap:hover .kt-blocks-info-box-learnmore,.kt-info-box211_beeaff-15 .kt-blocks-info-box-link-wrap .kt-blocks-info-box-learnmore:focus{color:#ffffff;background:#444444;border-color:#444444;}<\/style>\n<div class=\"wp-block-kadence-infobox kt-info-box211_beeaff-15\"><span class=\"kt-blocks-info-box-link-wrap info-box-link kt-blocks-info-box-media-align-left kt-info-halign-left\"><div class=\"kt-blocks-info-box-media-container\"><div class=\"kt-blocks-info-box-media kt-info-media-animate-none\"><div class=\"kadence-info-box-icon-container kt-info-icon-animate-none\"><div class=\"kadence-info-box-icon-inner-container\"><span class=\"kb-svg-icon-wrap kb-svg-icon-ic_bullhorn kt-info-svg-icon\"><svg viewbox=\"0 0 8 8\"  fill=\"currentColor\" xmlns=\"http:\/\/www.w3.org\/2000\/svg\"  role=\"img\"><title>annoucement <\/title><path d=\"M6 0v6c.03.01.07 0 .09 0h.81c.05 0 .09-.04.09-.09v-5.81c0-.06-.04-.09-.09-.09h-.91zm-1 .5l-2.91 1.47c-.05.02-.13.03-.19.03h-1.81c-.06 0-.09.04-.09.09v1.81c0 .06.04.09.09.09h.91l1.03 2.72c.11.25.44.36.69.25.25-.11.36-.44.25-.69l-.75-1.78c.03-.14.13-.22.28-.22v-.03l2.5 1.25v-5z\"\/><\/svg><\/span><\/div><\/div><\/div><\/div><div class=\"kt-infobox-textcontent\"><p class=\"kt-blocks-info-box-text\"><strong>Der Weltrekord f\u00fcr mehrere Klicks pro Sekunde liegt bei 16 CPS. Dies ist ein sehr hochkar\u00e4tiger Rekord, den es zu erreichen gilt.&nbsp;<\/strong><\/p><\/div><\/span><\/div>\n\n\n\n<h3 style=\"color: #ffffff;font-weight: 400;background: #007bff;width: auto;margin: 1em 0px;font-size: 25px;line-height: 1;padding: 14px;border-left: 40px solid #000000;box-shadow: #c7c7c7 0px 2px 15px 0px;text-align:;\"><span id=\"How_to_Make_the_Fastest_Clicks_Per_Second\"><strong>Wie macht man die schnellsten Klicks pro Sekunde?<\/strong><\/span><\/h3>\n\n\n\n<p class=\"wp-block-paragraph\">Am schnellsten pro Sekunde zu erreichen <mark style=\"background-color:rgba(0, 0, 0, 0)\" class=\"has-inline-color has-contrast-color\">Klickgeschwindigkeit<\/mark><mark style=\"background-color:rgba(0, 0, 0, 0)\" class=\"has-inline-color has-accent-color\"> <\/mark>Pr\u00fcfprotokoll ist <strong>16 KPS<\/strong>. Um diesem Rekord entgegenzuwirken, m\u00fcssen Sie also geistig aktiv sein, schnell mit Ihren Fingern und Technik umgehen und genug \u00dcbung haben, um diesen Rekord aufzustellen.<\/p>\n\n\n\n<p class=\"wp-block-paragraph\">Danach m\u00fcssen Sie die Eingabetaste auf Ihrer Tastatur dr\u00fccken. Auf diese Weise wird die Punktzahl von CPS erh\u00f6ht. Dieser Geheimtipp des Klick-Testspiels ist nicht allt\u00e4glich, aber wir haben ihn hier verraten. Mit dieser Technik k\u00f6nnen Sie den Weltrekord des cps-Tests leicht in 1 Sekunde schlagen.<\/p>","protected":false},"excerpt":{"rendered":"<p>1 Second Click Test &#8211; Easy CPS Test You can test your clicking chops against the gaming world in a short time with this one-second click challenge. Clicks per second are described as the number of times a person clicks &#8230; <\/p>\n<p class=\"read-more-container\"><a title=\"1 Second Click Test &#8211; Easy CPS Test\" class=\"read-more button\" href=\"https:\/\/easycpstest.com\/de\/1-second\/#more-211\" aria-label=\"Mehr bei 1 Second Click Test &#8211; Easy CPS Test\">Weiterlesen \u2026<\/a><\/p>","protected":false},"author":1,"featured_media":0,"parent":0,"menu_order":0,"comment_status":"closed","ping_status":"closed","template":"","meta":{"_crdt_document":"","footnotes":""},"class_list":{"0":"post-211","1":"page","2":"type-page","3":"status-publish","5":"no-featured-image-padding"},"_links":{"self":[{"href":"https:\/\/easycpstest.com\/de\/wp-json\/wp\/v2\/pages\/211","targetHints":{"allow":["GET"]}}],"collection":[{"href":"https:\/\/easycpstest.com\/de\/wp-json\/wp\/v2\/pages"}],"about":[{"href":"https:\/\/easycpstest.com\/de\/wp-json\/wp\/v2\/types\/page"}],"author":[{"embeddable":true,"href":"https:\/\/easycpstest.com\/de\/wp-json\/wp\/v2\/users\/1"}],"replies":[{"embeddable":true,"href":"https:\/\/easycpstest.com\/de\/wp-json\/wp\/v2\/comments?post=211"}],"version-history":[{"count":120,"href":"https:\/\/easycpstest.com\/de\/wp-json\/wp\/v2\/pages\/211\/revisions"}],"predecessor-version":[{"id":2158,"href":"https:\/\/easycpstest.com\/de\/wp-json\/wp\/v2\/pages\/211\/revisions\/2158"}],"wp:attachment":[{"href":"https:\/\/easycpstest.com\/de\/wp-json\/wp\/v2\/media?parent=211"}],"curies":[{"name":"wp","href":"https:\/\/api.w.org\/{rel}","templated":true}]}}