{"id":302,"date":"2025-02-10T07:05:48","date_gmt":"2025-02-10T07:05:48","guid":{"rendered":"https:\/\/easycpstest.com\/?page_id=302"},"modified":"2025-02-10T07:05:50","modified_gmt":"2025-02-10T07:05:50","slug":"disclaimer","status":"publish","type":"page","link":"https:\/\/easycpstest.com\/de\/disclaimer\/","title":{"rendered":"Haftungsausschluss"},"content":{"rendered":"<p class=\"wp-block-paragraph\">Alle Informationen auf dieser Website \u2013 <a href=\"https:\/\/easycpstest.com\/de\/\" target=\"_blank\" rel=\"noreferrer noopener\">https:\/\/easycpstest.com\/<\/a> \u2013 wird in gutem Glauben und nur zur allgemeinen Information ver\u00f6ffentlicht. <strong>Einfacher CPS-Test<\/strong> \u00fcbernimmt keine Gew\u00e4hr f\u00fcr die Vollst\u00e4ndigkeit, Zuverl\u00e4ssigkeit und Genauigkeit dieser Informationen. Jegliche Ma\u00dfnahmen, die Sie aufgrund der Informationen auf dieser Website (Easy CPS Test) ergreifen, erfolgen ausschlie\u00dflich auf Ihr eigenes Risiko. Easy CPS Test haftet nicht f\u00fcr Verluste und\/oder Sch\u00e4den im Zusammenhang mit der Nutzung unserer Website.<\/p>\n\n\n\n<p class=\"wp-block-paragraph\">Von unserer Website aus k\u00f6nnen Sie andere Websites besuchen, indem Sie Hyperlinks zu solchen externen Websites folgen. Obwohl wir bestrebt sind, nur qualitativ hochwertige Links zu n\u00fctzlichen und ethischen Websites bereitzustellen, haben wir keine Kontrolle \u00fcber den Inhalt und die Art dieser Websites. Diese Links zu anderen Websites implizieren keine Empfehlung f\u00fcr alle Inhalte, die auf diesen Websites zu finden sind. Websitebesitzer und Inhalte k\u00f6nnen sich ohne Vorank\u00fcndigung \u00e4ndern und k\u00f6nnen auftreten, bevor wir die M\u00f6glichkeit haben, einen Link zu entfernen, der m\u00f6glicherweise \u201eschlecht\u201c geworden ist.<\/p>\n\n\n\n<p class=\"wp-block-paragraph\">Bitte beachten Sie auch, dass andere Websites m\u00f6glicherweise andere Datenschutzrichtlinien und Bedingungen haben, auf die wir keinen Einfluss haben, wenn Sie unsere Website verlassen. Bitte \u00fcberpr\u00fcfen Sie unbedingt die <a href=\"https:\/\/easycpstest.com\/de\/privacy-policy\/\" target=\"_blank\" rel=\"noopener\">Datenschutzrichtlinien<\/a> dieser Websites und ihrer \u201eNutzungsbedingungen\u201c, bevor Sie Gesch\u00e4fte t\u00e4tigen oder Informationen hochladen.<\/p>\n\n\n\n<h2 class=\"wp-block-heading\">Zustimmung<\/h2>\n\n\n\n<p class=\"wp-block-paragraph\">Durch die Nutzung unserer Website stimmen Sie hiermit unserem Haftungsausschluss zu und stimmen seinen Bedingungen zu.<\/p>\n\n\n\n<h2 class=\"wp-block-heading\">Aktualisieren<\/h2>\n\n\n\n<p class=\"wp-block-paragraph\">Sollten wir dieses Dokument aktualisieren, erg\u00e4nzen oder \u00c4nderungen daran vornehmen, werden diese \u00c4nderungen an prominenter Stelle hier ver\u00f6ffentlicht.<\/p>","protected":false},"excerpt":{"rendered":"<p>All the information on this website &#8211; https:\/\/easycpstest.com\/ &#8211; is published in good faith and only for general information. Easy CPS Test does not make any warranties about the completeness, reliability, and accuracy of this information. Any action you take &#8230; <\/p>\n<p class=\"read-more-container\"><a title=\"Haftungsausschluss\" class=\"read-more button\" href=\"https:\/\/easycpstest.com\/de\/disclaimer\/#more-302\" aria-label=\"Mehr bei Disclaimer\">Weiterlesen \u2026<\/a><\/p>","protected":false},"author":1,"featured_media":0,"parent":0,"menu_order":0,"comment_status":"closed","ping_status":"closed","template":"","meta":{"_crdt_document":"","footnotes":""},"class_list":{"0":"post-302","1":"page","2":"type-page","3":"status-publish","5":"no-featured-image-padding"},"_links":{"self":[{"href":"https:\/\/easycpstest.com\/de\/wp-json\/wp\/v2\/pages\/302","targetHints":{"allow":["GET"]}}],"collection":[{"href":"https:\/\/easycpstest.com\/de\/wp-json\/wp\/v2\/pages"}],"about":[{"href":"https:\/\/easycpstest.com\/de\/wp-json\/wp\/v2\/types\/page"}],"author":[{"embeddable":true,"href":"https:\/\/easycpstest.com\/de\/wp-json\/wp\/v2\/users\/1"}],"replies":[{"embeddable":true,"href":"https:\/\/easycpstest.com\/de\/wp-json\/wp\/v2\/comments?post=302"}],"version-history":[{"count":4,"href":"https:\/\/easycpstest.com\/de\/wp-json\/wp\/v2\/pages\/302\/revisions"}],"predecessor-version":[{"id":1982,"href":"https:\/\/easycpstest.com\/de\/wp-json\/wp\/v2\/pages\/302\/revisions\/1982"}],"wp:attachment":[{"href":"https:\/\/easycpstest.com\/de\/wp-json\/wp\/v2\/media?parent=302"}],"curies":[{"name":"wp","href":"https:\/\/api.w.org\/{rel}","templated":true}]}}