{"id":1403,"date":"2025-02-10T06:56:17","date_gmt":"2025-02-10T06:56:17","guid":{"rendered":"https:\/\/easycpstest.com\/?page_id=1403"},"modified":"2025-02-10T06:56:19","modified_gmt":"2025-02-10T06:56:19","slug":"jitter-click-test","status":"publish","type":"page","link":"https:\/\/easycpstest.com\/es\/jitter-click-test\/","title":{"rendered":"Jitter Click Test | Jitter Clicking Challenge &#8211; Easy CPS Test"},"content":{"rendered":"<h1 class=\"wp-block-heading has-text-align-center\"><strong>Prueba de clic de fluctuaci\u00f3n | Prueba f\u00e1cil de CPS<\/strong><\/h1>\n\n\n\n<p class=\"has-text-align-center wp-block-paragraph\">While playing the clicking game Jitter trick will help you know about your clicking speed. For gamers, Minecraft formulated Jitter Click Test.<\/p>\n\n\n<div class=\"page-wrapper\">\n\t<div class=\"row\">\n\t\t<div class=\"col-lg-12 col-md-12 custom-container\">\n\t\t\t<div class=\"card\">\n\t\t\t\t<header class=\"entry-header\">\n\t\t\t\t\t\t\t\t\t<\/header>\n\t\t\t\t\t\t\t\t<div class=\"bt-click-inner\">\n\t\t\t\t\t<div class=\"card-header\">\n\t\t\t\t\t\t<div class=\"bt-header-timer\">\n\t\t\t\t\t\t\t<div class=\"bt-time-btn blue-btn\">\n\t\t\t\t\t\t\t\t<h4 class=\"mb-0\"><span id=\"timer\">0<\/span><\/h4>\n\t\t\t\t\t\t\t\t<small class=\"mb-0 sm-custom\">Temporizador<\/small>\n\t\t\t\t\t\t\t<\/div>\n\t\t\t\t\t\t\t<div class=\"bt-time-btn orange-btn\">\n\t\t\t\t\t\t\t\t<h4 class=\"mb-0\"><span id=\"clicks\">0<\/span><\/h4>\n\t\t\t\t\t\t\t\t<small class=\"mb-0 sm-custom\">Clic\/s<\/small>\n\t\t\t\t\t\t\t<\/div>\n\t\t\t\t\t\t\t<div class=\"bt-time-btn green-btn\">\n\t\t\t\t\t\t\t\t<h4 class=\"mb-0\"><span id=\"score\">0<\/span><\/h4>\n\t\t\t\t\t\t\t\t<small class=\"mb-0 sm-custom\">Puntaje<\/small>\n\t\t\t\t\t\t\t<\/div>\n\t\t\t\t\t\t<\/div>\n\t\t\t\t\t<\/div>\n\t\t\t\t\t<div class=\"card-body\">\n\t\t\t\t\t\t<div class=\"bt-click-area\" id=\"bt-click-area\">\n\t\t\t\t\t\t\t<button id=\"start\" type=\"button\" class=\"btn-light btn-round waves-effect waves-light\">HAZ CLIC AQU\u00cd PARA EMPEZAR A JUGAR<\/button>\n\t\t\t\t\t\t<\/div>\n\t\t\t\t\t<\/div>\n\t\t\t\t\t<button type=\"button\" data-toggle=\"modal\" data-target=\"#click-result-modal\" style=\"display: none;\" id=\"trigger-modal\">Modo de lanzamiento<\/button>\n\t\t\t\t<\/div>\n\t\t\t<\/div>\n\t\t<\/div>\n\t\t\t<\/div>\n<\/div>\n\n\n\n<p class=\"wp-block-paragraph\">Jitter Click Game&nbsp;is a click-oriented game that influences the mouse and touchpad in a fast-clicking tactic. Through this tactic, gamers dominate their competitors in the game. Playing PVP or individual mode in Minecraft, the tricks are valid in both conditions.<\/p>\n\n\n<style>.kb-row-layout-wrap.wp-block-kadence-rowlayout.kb-row-layout-id1403_33d660-54{margin-bottom:0px;}.kb-row-layout-id1403_33d660-54 > .kt-row-column-wrap{align-content:start;}:where(.kb-row-layout-id1403_33d660-54 > .kt-row-column-wrap) > .wp-block-kadence-column{justify-content:start;}.kb-row-layout-id1403_33d660-54 > .kt-row-column-wrap{column-gap:var(--global-kb-gap-none, 0rem );row-gap:var(--global-kb-gap-none, 0rem );max-width:1200px;padding-top:30px;padding-right:0px;padding-bottom:30px;padding-left:0px;}.kb-row-layout-id1403_33d660-54 > .kt-row-column-wrap > div:not(.added-for-specificity){grid-column:initial;}.kb-row-layout-id1403_33d660-54 > .kt-row-column-wrap{grid-template-columns:minmax(0, 1fr) minmax(0, 3fr) minmax(0, 1fr);}.kb-row-layout-id1403_33d660-54 > .kt-row-layout-overlay{opacity:0.30;background:linear-gradient(180deg,  0%, #00B5E2 100%);}.kb-row-layout-id1403_33d660-54 .kt-row-layout-bottom-sep{height:100px;}.kb-row-layout-id1403_33d660-54 .kt-row-layout-bottom-sep svg{width:100%;}.kb-row-layout-id1403_33d660-54 .kt-row-layout-bottom-sep svg{fill:#ffffff!important;}@media all and (max-width: 1024px){.kb-row-layout-id1403_33d660-54 > .kt-row-column-wrap{padding-top:0px;padding-right:50px;padding-bottom:80px;padding-left:50px;grid-template-columns:minmax(0, 1fr);}}@media all and (max-width: 1024px){.kb-row-layout-id1403_33d660-54 > .kt-row-column-wrap > div:not(.added-for-specificity){grid-column:initial;}}@media all and (max-width: 1024px){.kb-row-layout-id1403_33d660-54 .kt-row-layout-bottom-sep{height:px;}}@media all and (max-width: 1024px){.kb-row-layout-id1403_33d660-54 .kt-row-layout-bottom-sep svg{width:%;}}@media all and (max-width: 767px){.kb-row-layout-id1403_33d660-54 > .kt-row-column-wrap{padding-top:40px;padding-right:20px;padding-bottom:50px;padding-left:20px;grid-template-columns:minmax(0, 1fr);}.kb-row-layout-id1403_33d660-54 > .kt-row-column-wrap > div:not(.added-for-specificity){grid-column:initial;}.kb-row-layout-id1403_33d660-54 .kt-row-layout-bottom-sep{height:px;}.kb-row-layout-id1403_33d660-54 .kt-row-layout-bottom-sep svg{width:%;}}<\/style><div class=\"kb-row-layout-wrap kb-row-layout-id1403_33d660-54 alignnone kt-row-has-bg wp-block-kadence-rowlayout\"><div class=\"kt-row-layout-overlay kt-row-overlay-gradient\"><\/div><div class=\"kt-row-column-wrap kt-has-3-columns kt-row-layout-center-wide kt-tab-layout-row kt-mobile-layout-row kt-row-valign-top kb-theme-content-width\">\n<style>.kadence-column1403_9e6cab-bb > .kt-inside-inner-col{padding-top:10px;padding-right:10px;padding-bottom:10px;padding-left:10px;}.kadence-column1403_9e6cab-bb > .kt-inside-inner-col,.kadence-column1403_9e6cab-bb > .kt-inside-inner-col:before{border-top-left-radius:0px;border-top-right-radius:0px;border-bottom-right-radius:0px;border-bottom-left-radius:0px;}.kadence-column1403_9e6cab-bb > .kt-inside-inner-col{column-gap:var(--global-kb-gap-sm, 1rem);}.kadence-column1403_9e6cab-bb > .kt-inside-inner-col{flex-direction:column;}.kadence-column1403_9e6cab-bb > .kt-inside-inner-col > .aligncenter{width:100%;}.kadence-column1403_9e6cab-bb > .kt-inside-inner-col:before{opacity:0.3;}.kadence-column1403_9e6cab-bb{position:relative;}.kadence-column1403_9e6cab-bb, .kt-inside-inner-col > .kadence-column1403_9e6cab-bb:not(.specificity){margin-top:0px;margin-right:20px;margin-bottom:0px;margin-left:0px;}@media all and (max-width: 1024px){.kadence-column1403_9e6cab-bb > .kt-inside-inner-col{flex-direction:column;justify-content:center;}}@media all and (max-width: 1024px){.kadence-column1403_9e6cab-bb, .kt-inside-inner-col > .kadence-column1403_9e6cab-bb:not(.specificity){margin-top:0px;margin-right:0px;margin-bottom:0px;margin-left:0px;}}@media all and (max-width: 767px){.kadence-column1403_9e6cab-bb > .kt-inside-inner-col{flex-direction:column;justify-content:center;}}<\/style>\n<div class=\"wp-block-kadence-column kadence-column1403_9e6cab-bb inner-column-1\"><div class=\"kt-inside-inner-col\"><\/div><\/div>\n\n\n<style>.kadence-column1403_45caf1-8c > .kt-inside-inner-col{padding-top:10px;padding-right:10px;padding-bottom:10px;padding-left:10px;}.kadence-column1403_45caf1-8c > .kt-inside-inner-col,.kadence-column1403_45caf1-8c > .kt-inside-inner-col:before{border-top-left-radius:0px;border-top-right-radius:0px;border-bottom-right-radius:0px;border-bottom-left-radius:0px;}.kadence-column1403_45caf1-8c > .kt-inside-inner-col{column-gap:var(--global-kb-gap-sm, 1rem);}.kadence-column1403_45caf1-8c > .kt-inside-inner-col{flex-direction:column;}.kadence-column1403_45caf1-8c > .kt-inside-inner-col > .aligncenter{width:100%;}.kadence-column1403_45caf1-8c > .kt-inside-inner-col:before{opacity:0.3;}.kadence-column1403_45caf1-8c{position:relative;}.kadence-column1403_45caf1-8c, .kt-inside-inner-col > .kadence-column1403_45caf1-8c:not(.specificity){margin-top:0px;margin-right:10px;margin-bottom:0px;margin-left:10px;}@media all and (max-width: 1024px){.kadence-column1403_45caf1-8c > .kt-inside-inner-col{flex-direction:column;justify-content:center;}}@media all and (max-width: 1024px){.kadence-column1403_45caf1-8c, .kt-inside-inner-col > .kadence-column1403_45caf1-8c:not(.specificity){margin-top:0px;margin-right:0px;margin-bottom:0px;margin-left:0px;}}@media all and (max-width: 767px){.kadence-column1403_45caf1-8c > .kt-inside-inner-col{flex-direction:column;justify-content:center;}}<\/style>\n<div class=\"wp-block-kadence-column kadence-column1403_45caf1-8c inner-column-2\"><div class=\"kt-inside-inner-col\"><style>.wp-block-kadence-column.kb-section-dir-horizontal > .kt-inside-inner-col > .kt-info-box1403_f06057-52 .kt-blocks-info-box-link-wrap{max-width:unset;}.kt-info-box1403_f06057-52 .kt-blocks-info-box-link-wrap{border-top:1px solid var(--global-palette7, #EDF2F7);border-right:1px solid var(--global-palette7, #EDF2F7);border-bottom:1px solid var(--global-palette7, #EDF2F7);border-left:1px solid var(--global-palette7, #EDF2F7);border-top-left-radius:10px;border-top-right-radius:10px;border-bottom-right-radius:10px;border-bottom-left-radius:10px;background:#007bff;padding-top:30px;padding-right:30px;padding-bottom:30px;padding-left:30px;margin-bottom:0px;}.kt-info-box1403_f06057-52 .kt-blocks-info-box-link-wrap:hover{background:#6a6dec;}.kt-info-box1403_f06057-52 .kadence-info-box-icon-container .kt-info-svg-icon, .kt-info-box1403_f06057-52 .kt-info-svg-icon-flip, .kt-info-box1403_f06057-52 .kt-blocks-info-box-number{font-size:50px;}.kt-info-box1403_f06057-52 .kt-blocks-info-box-media{color:#444444;background:transparent;border-color:#444444;border-top-width:0px;border-right-width:0px;border-bottom-width:0px;border-left-width:0px;padding-top:0px;padding-right:0px;padding-bottom:0px;padding-left:0px;}.kt-info-box1403_f06057-52 .kt-blocks-info-box-media-container{margin-top:0px;margin-right:15px;margin-bottom:0px;margin-left:0px;}.kt-info-box1403_f06057-52 .kt-blocks-info-box-link-wrap:hover .kt-blocks-info-box-media{color:#444444;background:transparent;border-color:#444444;}.kt-info-box1403_f06057-52 .kt-infobox-textcontent h6.kt-blocks-info-box-title{line-height:1.3em;padding-top:0px;padding-right:0px;padding-bottom:0px;padding-left:0px;margin-top:0px;margin-right:0px;margin-bottom:14px;margin-left:0px;}.kt-info-box1403_f06057-52 .kt-infobox-textcontent .kt-blocks-info-box-text{color:var(--base-3);}.wp-block-kadence-infobox.kt-info-box1403_f06057-52 .kt-blocks-info-box-text{text-transform:capitalize;}.kt-info-box1403_f06057-52 .kt-blocks-info-box-learnmore{background:transparent;border-color:#555555;border-width:0px 0px 0px 0px;padding-top:4px;padding-right:8px;padding-bottom:4px;padding-left:8px;margin-top:10px;margin-right:0px;margin-bottom:10px;margin-left:0px;}.kt-info-box1403_f06057-52 .kt-blocks-info-box-link-wrap:hover .kt-blocks-info-box-learnmore,.kt-info-box1403_f06057-52 .kt-blocks-info-box-link-wrap .kt-blocks-info-box-learnmore:focus{color:#ffffff;background:#444444;border-color:#444444;}.kt-info-box1403_f06057-52 .kt-blocks-info-box-link-wrap{box-shadow:0px 0px 0px 0px rgba(0, 0, 0, 0);}.kt-info-box1403_f06057-52 .kt-blocks-info-box-link-wrap:hover{box-shadow:20px 20px 80px 0px rgba(27, 0, 79, 0.06);}@media all and (max-width: 1024px){.kt-info-box1403_f06057-52 .kt-blocks-info-box-link-wrap{border-top:1px solid var(--global-palette7, #EDF2F7);border-right:1px solid var(--global-palette7, #EDF2F7);border-bottom:1px solid var(--global-palette7, #EDF2F7);border-left:1px solid var(--global-palette7, #EDF2F7);box-shadow:0px 0px 0px 0px rgba(0, 0, 0, 0);}}@media all and (max-width: 1024px){.kt-info-box1403_f06057-52 .kt-blocks-info-box-link-wrap:hover{box-shadow:20px 20px 80px 0px rgba(27, 0, 79, 0.06);}}@media all and (max-width: 767px){.kt-info-box1403_f06057-52 .kt-blocks-info-box-link-wrap{border-top:1px solid var(--global-palette7, #EDF2F7);border-right:1px solid var(--global-palette7, #EDF2F7);border-bottom:1px solid var(--global-palette7, #EDF2F7);border-left:1px solid var(--global-palette7, #EDF2F7);text-align:center;display:block;box-shadow:0px 0px 0px 0px rgba(0, 0, 0, 0);}.kt-info-box1403_f06057-52 .kt-blocks-info-box-link-wrap .kt-blocks-info-box-media{display:inline-block;max-width:100%;}.kt-info-box1403_f06057-52 .kt-blocks-info-box-link-wrap:hover{box-shadow:20px 20px 80px 0px rgba(27, 0, 79, 0.06);}}<\/style>\n<div class=\"wp-block-kadence-infobox kt-info-box1403_f06057-52\"><a class=\"kt-blocks-info-box-link-wrap info-box-link kt-blocks-info-box-media-align-top kt-info-halign-center kb-info-box-vertical-media-align-top kb-info-mobile-halign-center\" target=\"_blank\" rel=\"noopener noreferrer\" href=\"https:\/\/easycpstest.com\/es\/\" aria-label=\"Haga clic en Prueba de velocidad | Prueba CPS\"><div class=\"kt-infobox-textcontent\"><p class=\"kt-blocks-info-box-text\"><strong>PRUEBA DE VELOCIDAD DE CLIC | PRUEBA CPS<\/strong><\/p><\/div><\/a><\/div>\n<\/div><\/div>\n\n\n<style>.kadence-column1403_38cc00-2b > .kt-inside-inner-col{padding-top:10px;padding-right:10px;padding-bottom:10px;padding-left:10px;}.kadence-column1403_38cc00-2b > .kt-inside-inner-col,.kadence-column1403_38cc00-2b > .kt-inside-inner-col:before{border-top-left-radius:0px;border-top-right-radius:0px;border-bottom-right-radius:0px;border-bottom-left-radius:0px;}.kadence-column1403_38cc00-2b > .kt-inside-inner-col{column-gap:var(--global-kb-gap-sm, 1rem);}.kadence-column1403_38cc00-2b > .kt-inside-inner-col{flex-direction:column;}.kadence-column1403_38cc00-2b > .kt-inside-inner-col > .aligncenter{width:100%;}.kadence-column1403_38cc00-2b > .kt-inside-inner-col:before{opacity:0.3;}.kadence-column1403_38cc00-2b{position:relative;}.kadence-column1403_38cc00-2b, .kt-inside-inner-col > .kadence-column1403_38cc00-2b:not(.specificity){margin-top:0px;margin-right:0px;margin-bottom:0px;margin-left:20px;}@media all and (max-width: 1024px){.kadence-column1403_38cc00-2b > .kt-inside-inner-col{flex-direction:column;justify-content:center;}}@media all and (max-width: 1024px){.kadence-column1403_38cc00-2b, .kt-inside-inner-col > .kadence-column1403_38cc00-2b:not(.specificity){margin-top:0px;margin-right:0px;margin-bottom:0px;margin-left:0px;}}@media all and (max-width: 767px){.kadence-column1403_38cc00-2b > .kt-inside-inner-col{flex-direction:column;justify-content:center;}}<\/style>\n<div class=\"wp-block-kadence-column kadence-column1403_38cc00-2b inner-column-3\"><div class=\"kt-inside-inner-col\"><\/div><\/div>\n\n<\/div><\/div>\n\n\n<h2 style=\"color: #ffffff;font-weight: 400;background:  #007bff;width: auto;margin: 1em 0px;font-size: 25px;line-height: 1;padding: 14px;border-left: 40px solid #000000;box-shadow: #c7c7c7 0px 2px 15px 0px;text-align:;\"><span id=\"Jitter Click Online Test\"><strong> Prueba en l\u00ednea de clic de fluctuaci\u00f3n  \n<\/strong><\/span><\/h2>\n\n\n\n<p class=\"wp-block-paragraph\">La comunidad de jugadores introdujo m\u00e9todos de clic sobresalientes en el juego en l\u00ednea Jitter Click para involucrar a otros jugadores. En ese juego \u00fanico, se introdujo apuntar con el brazo para ganar r\u00e1pidamente una r\u00e1faga de clic. Sin embargo, reduce la tensi\u00f3n en el dedo que hace clic.&nbsp;<\/p>\n\n\n\n<p class=\"wp-block-paragraph\">Juega con los m\u00fasculos de los dedos y los brazos relajados para ganar el desaf\u00edo Jitter Click. Ahora coloque uno de sus dedos dominantes en el bot\u00f3n del mouse. Ahora, mueva los m\u00fasculos de su brazo como si estuviera temblando en lugar de hacer clic. Ese temblor generar\u00e1 vibraci\u00f3n en el brazo y liberar\u00e1 la r\u00e1faga de clics en unos segundos.<\/p>\n\n\n\n<p class=\"wp-block-paragraph\">Arriba, explicamos el m\u00e9todo para generar varios clics a trav\u00e9s del procedimiento Jitter Clicks. Puedes hacer el r\u00e9cord mundial de Jitter Click siguiendo los trucos si eres un jugador capaz que posee manos h\u00e1biles. Por lo tanto, siga las instrucciones y trabaje duro para practicar y disfrutar del liderazgo en el juego.&nbsp;<\/p>\n\n\n<div class=\"wp-block-image\">\n<figure class=\"aligncenter size-full\"><img loading=\"lazy\" decoding=\"async\" width=\"768\" height=\"452\" src=\"https:\/\/easycpstest.com\/wp-content\/uploads\/2022\/03\/jitter-1.png\" alt=\"Jitter Click Test\" class=\"wp-image-1579\" srcset=\"https:\/\/easycpstest.com\/wp-content\/uploads\/2022\/03\/jitter-1.png 768w, https:\/\/easycpstest.com\/wp-content\/uploads\/2022\/03\/jitter-1-300x177.png 300w\" sizes=\"auto, (max-width: 768px) 100vw, 768px\" \/><\/figure>\n<\/div>\n\n\n<h3 style=\"color: #ffffff;font-weight: 400;background:  #007bff;width: auto;margin: 1em 0px;font-size: 25px;line-height: 1;padding: 14px;border-left: 40px solid #000000;box-shadow: #c7c7c7 0px 2px 15px 0px;text-align:;\"><span id=\"Jitter Click Online Test\"><strong> Precauciones\n<\/strong><\/span><\/h3>\n\n\n\n<p class=\"wp-block-paragraph\">Entre la primera y la segunda sesi\u00f3n de chasquidos, descanse el brazo y el dedo. A trav\u00e9s de usted evitar\u00e1 la tensi\u00f3n o lesi\u00f3n en el brazo o el dedo. Sin embargo, jugar\u00e1 durante mucho tiempo si practica de manera imparcial. Exagerar al hacer clic puede crearle un problema.<\/p>\n\n\n\n<h3 style=\"color: #ffffff;font-weight: 400;background:  #007bff;width: auto;margin: 1em 0px;font-size: 25px;line-height: 1;padding: 14px;border-left: 40px solid #000000;box-shadow: #c7c7c7 0px 2px 15px 0px;text-align:;\"><span id=\"Jitter Click Online Test\"><strong> Caracter\u00edsticas de la prueba de clic de fluctuaci\u00f3n\n<\/strong><\/span><\/h3>\n\n\n\n<p class=\"wp-block-paragraph\">Bonito como otros juegos de prueba de clic como<a href=\"https:\/\/easycpstest.com\/es\/butterfly-click-test\/\" target=\"_blank\" rel=\"noreferrer noopener\"> prueba de clic de mariposa<\/a>, el juego Jitter Click optimiza la capacidad de hacer clic de los jugadores. Adem\u00e1s, la optimizaci\u00f3n de pruebas demostr\u00f3 ser la mejor herramienta para mejorar las habilidades.<\/p>\n\n\n\n<p class=\"wp-block-paragraph\">La pr\u00e1ctica de la habilidad de hacer clic es buena para otros juegos estrat\u00e9gicos como el combate continuo o la orientaci\u00f3n continua de balas en PVP u otros modos de Minecraft. En presencia de Jitter Click Test, los jugadores no llenan su espacio m\u00f3vil porque aprovechan el excelente servicio de prueba en l\u00ednea.&nbsp;<\/p>\n\n\n\n<p class=\"wp-block-paragraph\">Por lo tanto, lleve Jitter Click Challenge a sus l\u00edmites y experiencia en la competencia de clics. Ser conocido de la media de su velocidad de clic. Adem\u00e1s, la pr\u00e1ctica hace al maestro, por lo que obtienes la excelencia en el juego.<\/p>\n\n\n\n<h3 style=\"color: #ffffff;font-weight: 400;background:  #007bff;width: auto;margin: 1em 0px;font-size: 25px;line-height: 1;padding: 14px;border-left: 40px solid #000000;box-shadow: #c7c7c7 0px 2px 15px 0px;text-align:;\"><span id=\"Significance of Jitter Click Test\"><strong> Importancia de la prueba de clic de fluctuaci\u00f3n\n<\/strong><\/span><\/h3>\n\n\n\n<p class=\"wp-block-paragraph\">Como sabemos, aprender a hacer clic r\u00e1pido es una habilidad importante para los jugadores a los que les encanta jugar los \u00faltimos juegos. Dichos juegos requer\u00edan clics r\u00e1pidos para obtener m\u00e1s puntajes en el juego. Surge la pregunta, \u00bfc\u00f3mo agarrar un mouse de manera m\u00e1s efectiva para marcar m\u00e1s clics que el promedio?<\/p>\n\n\n\n<p class=\"wp-block-paragraph\">El jugador que aprende a hacer clic en esta prueba de clic aprende m\u00e1s r\u00e1pido que otras pruebas de CPS. Sin embargo, puede medir el progreso para comparar su rendimiento al hacer clic con el de otros jugadores de todo el mundo.&nbsp;<\/p>\n\n\n\n<p class=\"wp-block-paragraph\">El juego es importante para aprender a hacer clic, y tambi\u00e9n entretiene al jugador. Sin embargo, es un juego adictivo que no deja ir a los jugadores f\u00e1cilmente.<\/p>\n\n\n\n<p class=\"wp-block-paragraph\">Luego, completa la pr\u00e1ctica y luego la habilidad pulida lo ayuda a jugar sin problemas en el juego de clic real. Cuando juegas en el modo Minecraft PVP, disfrutas ganando un alto rango en el juego.<\/p>\n\n\n\n<h3 style=\"color: #ffffff;font-weight: 400;background:  #007bff;width: auto;margin: 1em 0px;font-size: 25px;line-height: 1;padding: 14px;border-left: 40px solid #000000;box-shadow: #c7c7c7 0px 2px 15px 0px;text-align:;\"><span id=\"How to Play Jitter Click Game?\"><strong> \u00bfC\u00f3mo jugar al juego Jitter Click?\n<\/strong><\/span><\/h3>\n\n\n\n<p class=\"wp-block-paragraph\">Debido al juego ligero y f\u00e1cil, el jugador pasa m\u00e1s tiempo jugando. Lo que los jugadores deben hacer es tocar el \u00e1rea de clic lo m\u00e1s r\u00e1pido posible. Sin embargo, la versi\u00f3n se desbloquea cuando haces clics continuos seguidos. Aqu\u00ed le ayuda la t\u00e9cnica Jitter Click Test.<\/p>\n\n\n\n<p class=\"wp-block-paragraph\">Por lo tanto, intente hacer clic en el \u00e1rea especificada lo m\u00e1s r\u00e1pido que pueda hacerlo en 10 segundos. A medida que se acaba el tiempo del juego, el resultado aparece en el mensaje de aviso. Esa es su puntuaci\u00f3n de CPS que se basa en su desempe\u00f1o.&nbsp;<\/p>\n\n\n\n<p class=\"wp-block-paragraph\">Adem\u00e1s, puede compartir su puntaje CPS con sus amigos en las redes sociales. Sin embargo, practicar te hace perfecto, as\u00ed que practica m\u00e1s para lograr la perfecci\u00f3n y domina en todos los modos de <a href=\"https:\/\/www.minecraft.net\/en-us\" target=\"_blank\" rel=\"noreferrer noopener\">Minecraft<\/a>.&nbsp;<\/p>\n\n\n\n<h3 style=\"color: #ffffff;font-weight: 400;background:  #007bff;width: auto;margin: 1em 0px;font-size: 25px;line-height: 1;padding: 14px;border-left: 40px solid #000000;box-shadow: #c7c7c7 0px 2px 15px 0px;text-align:;\"><span id=\"Right Device Selection\"><strong> Selecci\u00f3n de dispositivo correcto\n<\/strong><\/span><\/h3>\n\n\n\n<p class=\"wp-block-paragraph\">Un mouse apropiado es un dispositivo importante que todo usuario necesita para obtener una puntuaci\u00f3n m\u00e1s alta en la prueba de clics que cualquier otro hardware. En ausencia de un mouse eficiente, \u00bfc\u00f3mo se puede dar una dura competencia a los competidores en el juego de hacer clic?&nbsp;<\/p>\n\n\n\n<p class=\"wp-block-paragraph\">Sin embargo, el bot\u00f3n derecho del mouse puede lograr ganar m\u00e1s clics contra tu oponente. Un jugador planea establecer un r\u00e9cord mundial de clic de fluctuaci\u00f3n, por lo que el m\u00e9todo de clic de fluctuaci\u00f3n es inteligente.<\/p>\n\n\n\n<p class=\"wp-block-paragraph\">Aqu\u00ed hay algunos factores a considerar antes de comprar un mouse apropiado para hacer clic con Jitter. Para que pueda elegir el dispositivo adecuado.&nbsp;&nbsp;<\/p>\n\n\n\n<ul class=\"wp-block-list\">\n<li><strong>El rat\u00f3n irrompible debe soportar el dedo martillador para el juego de clics durante un largo per\u00edodo.<\/strong><\/li>\n\n\n\n<li><strong>Seleccione siempre el rat\u00f3n l\u00e1ser y el rat\u00f3n \u00f3ptico sensibles basados en la \u00faltima tecnolog\u00eda en lugar de los ratones antiguos contempor\u00e1neos.<\/strong><\/li>\n\n\n\n<li><strong>Finalmente, seleccione el mouse, que se adapta a sus manos y se siente c\u00f3modo mientras juega.<\/strong><\/li>\n<\/ul>\n\n\n\n<h2 class=\"wp-block-heading has-text-align-center\">Preguntas frecuentes<\/h2>\n\n\n\n<div class=\"schema-faq wp-block-yoast-faq-block\"><div class=\"schema-faq-section\" id=\"faq-question-1677486195867\"><strong class=\"schema-faq-question\">\u00bfQu\u00e9 es una prueba de clic de fluctuaci\u00f3n?<\/strong> <p class=\"schema-faq-answer\">Una prueba de clic de fluctuaci\u00f3n es una prueba en l\u00ednea que mide cu\u00e1ntos clics puede hacer en una cierta cantidad de tiempo utilizando la t\u00e9cnica de clic de fluctuaci\u00f3n.<\/p> <\/div> <div class=\"schema-faq-section\" id=\"faq-question-1677486221503\"><strong class=\"schema-faq-question\">\u00bfQu\u00e9 es la t\u00e9cnica de clic de Jitter?<\/strong> <p class=\"schema-faq-answer\">La t\u00e9cnica de clic de Jitter consiste en contraer r\u00e1pidamente los m\u00fasculos de su brazo para crear una vibraci\u00f3n o &quot;jitter&quot; en su dedo, lo que le permite hacer clic con el bot\u00f3n del mouse r\u00e1pidamente. Los jugadores suelen utilizar esta t\u00e9cnica para lograr una velocidad de clic m\u00e1s alta de la que podr\u00edan lograr con una t\u00e9cnica de clic normal.<\/p> <\/div> <div class=\"schema-faq-section\" id=\"faq-question-1677486240819\"><strong class=\"schema-faq-question\">\u00bfCu\u00e1nto dura una prueba de clic de fluctuaci\u00f3n?<\/strong> <p class=\"schema-faq-answer\">La duraci\u00f3n de una prueba de clic de fluctuaci\u00f3n puede variar seg\u00fan el sitio web que utilice. Algunas pruebas tienen un tiempo de 10 segundos, mientras que otras pueden tener un tiempo m\u00e1s largo, como 30 o 60 segundos.<\/p> <\/div> <div class=\"schema-faq-section\" id=\"faq-question-1677486255250\"><strong class=\"schema-faq-question\">\u00bfHay alg\u00fan consejo para realizar una prueba de clic de fluctuaci\u00f3n?<\/strong> <p class=\"schema-faq-answer\">S\u00ed, aqu\u00ed hay algunos consejos para realizar una prueba de clic de fluctuaci\u00f3n: <br\/>1) Use un agarre c\u00f3modo en su mouse<br\/>2) Mantenga el brazo y la mu\u00f1eca relajados<br\/>3) Centrarse en la velocidad y la precisi\u00f3n<br\/>4) Trate de hacer clic lo m\u00e1s r\u00e1pido posible mientras mantiene el control, y 5) Practique regularmente para mejorar su puntaje.<\/p> <\/div> <div class=\"schema-faq-section\" id=\"faq-question-1677486285171\"><strong class=\"schema-faq-question\">\u00bfSon fiables las pruebas de clic de fluctuaci\u00f3n?<\/strong> <p class=\"schema-faq-answer\">La precisi\u00f3n de las pruebas de clic de fluctuaci\u00f3n puede variar seg\u00fan el sitio web y las condiciones de la prueba, pero aun as\u00ed pueden brindar una idea general de la velocidad y precisi\u00f3n de los clics utilizando la t\u00e9cnica de clic de fluctuaci\u00f3n. Tenga en cuenta que factores como el tipo de mouse y la configuraci\u00f3n, as\u00ed como el tama\u00f1o y la resoluci\u00f3n de su pantalla, tambi\u00e9n pueden afectar su puntaje.<\/p> <\/div> <\/div>","protected":false},"excerpt":{"rendered":"<p>Jitter Click Test | Easy CPS Test While playing the clicking game Jitter trick will help you know about your clicking speed. For gamers, Minecraft formulated Jitter Click Test. Jitter Click Game&nbsp;is a click-oriented game that influences the mouse and &#8230; <\/p>\n<p class=\"read-more-container\"><a title=\"Jitter Click Test | Jitter Clicking Challenge &#8211; Easy CPS Test\" class=\"read-more button\" href=\"https:\/\/easycpstest.com\/es\/jitter-click-test\/#more-1403\" aria-label=\"M\u00e1s en Jitter Click Test | Jitter Clicking Challenge &#8211; Easy CPS Test\">Leer m\u00e1s<\/a><\/p>","protected":false},"author":1,"featured_media":0,"parent":0,"menu_order":0,"comment_status":"closed","ping_status":"closed","template":"","meta":{"_crdt_document":"","footnotes":""},"class_list":{"0":"post-1403","1":"page","2":"type-page","3":"status-publish","5":"no-featured-image-padding"},"_links":{"self":[{"href":"https:\/\/easycpstest.com\/es\/wp-json\/wp\/v2\/pages\/1403","targetHints":{"allow":["GET"]}}],"collection":[{"href":"https:\/\/easycpstest.com\/es\/wp-json\/wp\/v2\/pages"}],"about":[{"href":"https:\/\/easycpstest.com\/es\/wp-json\/wp\/v2\/types\/page"}],"author":[{"embeddable":true,"href":"https:\/\/easycpstest.com\/es\/wp-json\/wp\/v2\/users\/1"}],"replies":[{"embeddable":true,"href":"https:\/\/easycpstest.com\/es\/wp-json\/wp\/v2\/comments?post=1403"}],"version-history":[{"count":21,"href":"https:\/\/easycpstest.com\/es\/wp-json\/wp\/v2\/pages\/1403\/revisions"}],"predecessor-version":[{"id":2168,"href":"https:\/\/easycpstest.com\/es\/wp-json\/wp\/v2\/pages\/1403\/revisions\/2168"}],"wp:attachment":[{"href":"https:\/\/easycpstest.com\/es\/wp-json\/wp\/v2\/media?parent=1403"}],"curies":[{"name":"wp","href":"https:\/\/api.w.org\/{rel}","templated":true}]}}