{"id":1407,"date":"2025-02-10T07:00:23","date_gmt":"2025-02-10T07:00:23","guid":{"rendered":"https:\/\/easycpstest.com\/?page_id=1407"},"modified":"2025-02-10T07:00:24","modified_gmt":"2025-02-10T07:00:24","slug":"spacebar-counter","status":"publish","type":"page","link":"https:\/\/easycpstest.com\/es\/spacebar-counter\/","title":{"rendered":"Spacebar Counter &#8211; Spacebar Speed Test | Easy CPS Test"},"content":{"rendered":"<h1 class=\"wp-block-heading has-text-align-center\"><strong>Contador de la barra espaciadora | Prueba f\u00e1cil de CPS<\/strong><\/h1>\n\n\n\n<p class=\"has-text-align-center wp-block-paragraph\">Juega tocando el bot\u00f3n de reproducci\u00f3n y presionando la barra espaciadora lo m\u00e1s r\u00e1pido que puedas para lograr un puntaje alto.<\/p>\n\n\n<div class=\"page-wrapper bg-white\">\n    <div class=\"row\">\n        <div class=\"col-lg-12 col-md-12 custom-container\">\n            <div class=\"card\">\n                <header class=\"entry-header\">\n                                                        <\/header>\n            \t<div class=\"bt-click-inner\">\n                    <div class=\"card-header\">\n                        <div class=\"bt-header-timer bt-spacebar-area\">\n                            <div class=\"bt-time-btn green-btn\">\n                                <span class=\"hits\">0<\/span>\n                                <h4 class=\"mb-0\">Puntaje<\/h4>\n                            <\/div>\n                            <div class=\"bt-time-btn white-black\">\n                            <!-- <div class=\"bt-time-btn orange-btn\"> -->\n                                <h4 class=\"title ultrabold\">Temporizador: <span id=\"set-timer-span\">0<\/span> segundo<\/h4>\n                                <div class=\"form-group\">\n                                    <input id=\"set-timer\" type=\"number\" class=\"\">\n                                    <button id=\"set-time-button\" onclick=\"setTime()\">Fijar tiempo<\/button>\n                                <\/div>\n                            <\/div>\n                            <div class=\"bt-time-btn green-green\">\n                                <button id=\"restart\" onclick=\"resetHits()\">Reiniciar<\/button>\n                            <\/div>\n                        <\/div>\n                    <\/div>\n                    <div class=\"row\">\n                        <div class=\"col-lg-12 col-md-12 col-sm-12\">\n                            <button class=\"button button-spacebar\">\n                                <div class=\"button__content\" id=\"clk\">\n                                    <div class=\"button__text\">BARRA ESPACIADORA<\/div>\n                                <\/div>\n                            <\/button>\n                        <\/div>\n                    <\/div>\n            \t<\/div>\n            <\/div>\n        <\/div>\n    <\/div>\n<\/div>\n\n\n\n<p class=\"wp-block-paragraph\">Estamos orgullosos de dar la bienvenida a nuestros usuarios a presentar el contador de barra espaciadora aqu\u00ed. Presiona el bot\u00f3n de reproducci\u00f3n para iniciar el juego y disfrutar del juego. Presione la tecla de la barra espaciadora r\u00e1pida y r\u00e1pidamente para obtener una puntuaci\u00f3n de HPS lo m\u00e1s alta posible. El juego es muy emocionante para disfrutarlo a toda velocidad.<\/p>\n\n\n<style>.kb-row-layout-wrap.wp-block-kadence-rowlayout.kb-row-layout-id1407_716628-52{margin-bottom:0px;}.kb-row-layout-id1407_716628-52 > .kt-row-column-wrap{align-content:start;}:where(.kb-row-layout-id1407_716628-52 > .kt-row-column-wrap) > .wp-block-kadence-column{justify-content:start;}.kb-row-layout-id1407_716628-52 > .kt-row-column-wrap{column-gap:var(--global-kb-gap-none, 0rem );row-gap:var(--global-kb-gap-none, 0rem );max-width:1200px;padding-top:30px;padding-right:0px;padding-bottom:30px;padding-left:0px;}.kb-row-layout-id1407_716628-52 > .kt-row-column-wrap > div:not(.added-for-specificity){grid-column:initial;}.kb-row-layout-id1407_716628-52 > .kt-row-column-wrap{grid-template-columns:minmax(0, 1fr) minmax(0, 3fr) minmax(0, 1fr);}.kb-row-layout-id1407_716628-52 > .kt-row-layout-overlay{opacity:0.30;background:linear-gradient(180deg,  0%, #00B5E2 100%);}.kb-row-layout-id1407_716628-52 .kt-row-layout-bottom-sep{height:100px;}.kb-row-layout-id1407_716628-52 .kt-row-layout-bottom-sep svg{width:100%;}.kb-row-layout-id1407_716628-52 .kt-row-layout-bottom-sep svg{fill:#ffffff!important;}@media all and (max-width: 1024px){.kb-row-layout-id1407_716628-52 > .kt-row-column-wrap{padding-top:0px;padding-right:50px;padding-bottom:80px;padding-left:50px;grid-template-columns:minmax(0, 1fr);}}@media all and (max-width: 1024px){.kb-row-layout-id1407_716628-52 > .kt-row-column-wrap > div:not(.added-for-specificity){grid-column:initial;}}@media all and (max-width: 1024px){.kb-row-layout-id1407_716628-52 .kt-row-layout-bottom-sep{height:px;}}@media all and (max-width: 1024px){.kb-row-layout-id1407_716628-52 .kt-row-layout-bottom-sep svg{width:%;}}@media all and (max-width: 767px){.kb-row-layout-id1407_716628-52 > .kt-row-column-wrap{padding-top:40px;padding-right:20px;padding-bottom:50px;padding-left:20px;grid-template-columns:minmax(0, 1fr);}.kb-row-layout-id1407_716628-52 > .kt-row-column-wrap > div:not(.added-for-specificity){grid-column:initial;}.kb-row-layout-id1407_716628-52 .kt-row-layout-bottom-sep{height:px;}.kb-row-layout-id1407_716628-52 .kt-row-layout-bottom-sep svg{width:%;}}<\/style><div class=\"kb-row-layout-wrap kb-row-layout-id1407_716628-52 alignnone kt-row-has-bg wp-block-kadence-rowlayout\"><div class=\"kt-row-layout-overlay kt-row-overlay-gradient\"><\/div><div class=\"kt-row-column-wrap kt-has-3-columns kt-row-layout-center-wide kt-tab-layout-row kt-mobile-layout-row kt-row-valign-top kb-theme-content-width\">\n<style>.kadence-column1407_d9c808-48 > .kt-inside-inner-col{padding-top:10px;padding-right:10px;padding-bottom:10px;padding-left:10px;}.kadence-column1407_d9c808-48 > .kt-inside-inner-col,.kadence-column1407_d9c808-48 > .kt-inside-inner-col:before{border-top-left-radius:0px;border-top-right-radius:0px;border-bottom-right-radius:0px;border-bottom-left-radius:0px;}.kadence-column1407_d9c808-48 > .kt-inside-inner-col{column-gap:var(--global-kb-gap-sm, 1rem);}.kadence-column1407_d9c808-48 > .kt-inside-inner-col{flex-direction:column;}.kadence-column1407_d9c808-48 > .kt-inside-inner-col > .aligncenter{width:100%;}.kadence-column1407_d9c808-48 > .kt-inside-inner-col:before{opacity:0.3;}.kadence-column1407_d9c808-48{position:relative;}.kadence-column1407_d9c808-48, .kt-inside-inner-col > .kadence-column1407_d9c808-48:not(.specificity){margin-top:0px;margin-right:20px;margin-bottom:0px;margin-left:0px;}@media all and (max-width: 1024px){.kadence-column1407_d9c808-48 > .kt-inside-inner-col{flex-direction:column;justify-content:center;}}@media all and (max-width: 1024px){.kadence-column1407_d9c808-48, .kt-inside-inner-col > .kadence-column1407_d9c808-48:not(.specificity){margin-top:0px;margin-right:0px;margin-bottom:0px;margin-left:0px;}}@media all and (max-width: 767px){.kadence-column1407_d9c808-48 > .kt-inside-inner-col{flex-direction:column;justify-content:center;}}<\/style>\n<div class=\"wp-block-kadence-column kadence-column1407_d9c808-48 inner-column-1\"><div class=\"kt-inside-inner-col\"><\/div><\/div>\n\n\n<style>.kadence-column1407_c0503a-9c > .kt-inside-inner-col{padding-top:10px;padding-right:10px;padding-bottom:10px;padding-left:10px;}.kadence-column1407_c0503a-9c > .kt-inside-inner-col,.kadence-column1407_c0503a-9c > .kt-inside-inner-col:before{border-top-left-radius:0px;border-top-right-radius:0px;border-bottom-right-radius:0px;border-bottom-left-radius:0px;}.kadence-column1407_c0503a-9c > .kt-inside-inner-col{column-gap:var(--global-kb-gap-sm, 1rem);}.kadence-column1407_c0503a-9c > .kt-inside-inner-col{flex-direction:column;}.kadence-column1407_c0503a-9c > .kt-inside-inner-col > .aligncenter{width:100%;}.kadence-column1407_c0503a-9c > .kt-inside-inner-col:before{opacity:0.3;}.kadence-column1407_c0503a-9c{position:relative;}.kadence-column1407_c0503a-9c, .kt-inside-inner-col > .kadence-column1407_c0503a-9c:not(.specificity){margin-top:0px;margin-right:10px;margin-bottom:0px;margin-left:10px;}@media all and (max-width: 1024px){.kadence-column1407_c0503a-9c > .kt-inside-inner-col{flex-direction:column;justify-content:center;}}@media all and (max-width: 1024px){.kadence-column1407_c0503a-9c, .kt-inside-inner-col > .kadence-column1407_c0503a-9c:not(.specificity){margin-top:0px;margin-right:0px;margin-bottom:0px;margin-left:0px;}}@media all and (max-width: 767px){.kadence-column1407_c0503a-9c > .kt-inside-inner-col{flex-direction:column;justify-content:center;}}<\/style>\n<div class=\"wp-block-kadence-column kadence-column1407_c0503a-9c inner-column-2\"><div class=\"kt-inside-inner-col\"><style>.wp-block-kadence-column.kb-section-dir-horizontal > .kt-inside-inner-col > .kt-info-box1407_addccd-dd .kt-blocks-info-box-link-wrap{max-width:unset;}.kt-info-box1407_addccd-dd .kt-blocks-info-box-link-wrap{border-top:1px solid var(--global-palette7, #EDF2F7);border-right:1px solid var(--global-palette7, #EDF2F7);border-bottom:1px solid var(--global-palette7, #EDF2F7);border-left:1px solid var(--global-palette7, #EDF2F7);border-top-left-radius:10px;border-top-right-radius:10px;border-bottom-right-radius:10px;border-bottom-left-radius:10px;background:#007bff;padding-top:30px;padding-right:30px;padding-bottom:30px;padding-left:30px;margin-bottom:0px;}.kt-info-box1407_addccd-dd .kt-blocks-info-box-link-wrap:hover{background:#6a6dec;}.kt-info-box1407_addccd-dd .kadence-info-box-icon-container .kt-info-svg-icon, .kt-info-box1407_addccd-dd .kt-info-svg-icon-flip, .kt-info-box1407_addccd-dd .kt-blocks-info-box-number{font-size:50px;}.kt-info-box1407_addccd-dd .kt-blocks-info-box-media{color:#444444;background:transparent;border-color:#444444;border-top-width:0px;border-right-width:0px;border-bottom-width:0px;border-left-width:0px;padding-top:0px;padding-right:0px;padding-bottom:0px;padding-left:0px;}.kt-info-box1407_addccd-dd .kt-blocks-info-box-media-container{margin-top:0px;margin-right:15px;margin-bottom:0px;margin-left:0px;}.kt-info-box1407_addccd-dd .kt-blocks-info-box-link-wrap:hover .kt-blocks-info-box-media{color:#444444;background:transparent;border-color:#444444;}.kt-info-box1407_addccd-dd .kt-infobox-textcontent h6.kt-blocks-info-box-title{line-height:1.3em;padding-top:0px;padding-right:0px;padding-bottom:0px;padding-left:0px;margin-top:0px;margin-right:0px;margin-bottom:14px;margin-left:0px;}.kt-info-box1407_addccd-dd .kt-infobox-textcontent .kt-blocks-info-box-text{color:var(--base-3);}.wp-block-kadence-infobox.kt-info-box1407_addccd-dd .kt-blocks-info-box-text{text-transform:capitalize;}.kt-info-box1407_addccd-dd .kt-blocks-info-box-learnmore{background:transparent;border-color:#555555;border-width:0px 0px 0px 0px;padding-top:4px;padding-right:8px;padding-bottom:4px;padding-left:8px;margin-top:10px;margin-right:0px;margin-bottom:10px;margin-left:0px;}.kt-info-box1407_addccd-dd .kt-blocks-info-box-link-wrap:hover .kt-blocks-info-box-learnmore,.kt-info-box1407_addccd-dd .kt-blocks-info-box-link-wrap .kt-blocks-info-box-learnmore:focus{color:#ffffff;background:#444444;border-color:#444444;}.kt-info-box1407_addccd-dd .kt-blocks-info-box-link-wrap{box-shadow:0px 0px 0px 0px rgba(0, 0, 0, 0);}.kt-info-box1407_addccd-dd .kt-blocks-info-box-link-wrap:hover{box-shadow:20px 20px 80px 0px rgba(27, 0, 79, 0.06);}@media all and (max-width: 1024px){.kt-info-box1407_addccd-dd .kt-blocks-info-box-link-wrap{border-top:1px solid var(--global-palette7, #EDF2F7);border-right:1px solid var(--global-palette7, #EDF2F7);border-bottom:1px solid var(--global-palette7, #EDF2F7);border-left:1px solid var(--global-palette7, #EDF2F7);box-shadow:0px 0px 0px 0px rgba(0, 0, 0, 0);}}@media all and (max-width: 1024px){.kt-info-box1407_addccd-dd .kt-blocks-info-box-link-wrap:hover{box-shadow:20px 20px 80px 0px rgba(27, 0, 79, 0.06);}}@media all and (max-width: 767px){.kt-info-box1407_addccd-dd .kt-blocks-info-box-link-wrap{border-top:1px solid var(--global-palette7, #EDF2F7);border-right:1px solid var(--global-palette7, #EDF2F7);border-bottom:1px solid var(--global-palette7, #EDF2F7);border-left:1px solid var(--global-palette7, #EDF2F7);text-align:center;display:block;box-shadow:0px 0px 0px 0px rgba(0, 0, 0, 0);}.kt-info-box1407_addccd-dd .kt-blocks-info-box-link-wrap .kt-blocks-info-box-media{display:inline-block;max-width:100%;}.kt-info-box1407_addccd-dd .kt-blocks-info-box-link-wrap:hover{box-shadow:20px 20px 80px 0px rgba(27, 0, 79, 0.06);}}<\/style>\n<div class=\"wp-block-kadence-infobox kt-info-box1407_addccd-dd\"><a class=\"kt-blocks-info-box-link-wrap info-box-link kt-blocks-info-box-media-align-top kt-info-halign-center kb-info-box-vertical-media-align-top kb-info-mobile-halign-center\" target=\"_blank\" rel=\"noopener noreferrer\" href=\"https:\/\/easycpstest.com\/es\/\" aria-label=\"Haga clic en Prueba de velocidad | Prueba CPS\"><div class=\"kt-infobox-textcontent\"><p class=\"kt-blocks-info-box-text\"><strong>PRUEBA DE VELOCIDAD DE CLIC | PRUEBA CPS<\/strong><\/p><\/div><\/a><\/div>\n<\/div><\/div>\n\n\n<style>.kadence-column1407_16aee3-18 > .kt-inside-inner-col{padding-top:10px;padding-right:10px;padding-bottom:10px;padding-left:10px;}.kadence-column1407_16aee3-18 > .kt-inside-inner-col,.kadence-column1407_16aee3-18 > .kt-inside-inner-col:before{border-top-left-radius:0px;border-top-right-radius:0px;border-bottom-right-radius:0px;border-bottom-left-radius:0px;}.kadence-column1407_16aee3-18 > .kt-inside-inner-col{column-gap:var(--global-kb-gap-sm, 1rem);}.kadence-column1407_16aee3-18 > .kt-inside-inner-col{flex-direction:column;}.kadence-column1407_16aee3-18 > .kt-inside-inner-col > .aligncenter{width:100%;}.kadence-column1407_16aee3-18 > .kt-inside-inner-col:before{opacity:0.3;}.kadence-column1407_16aee3-18{position:relative;}.kadence-column1407_16aee3-18, .kt-inside-inner-col > .kadence-column1407_16aee3-18:not(.specificity){margin-top:0px;margin-right:0px;margin-bottom:0px;margin-left:20px;}@media all and (max-width: 1024px){.kadence-column1407_16aee3-18 > .kt-inside-inner-col{flex-direction:column;justify-content:center;}}@media all and (max-width: 1024px){.kadence-column1407_16aee3-18, .kt-inside-inner-col > .kadence-column1407_16aee3-18:not(.specificity){margin-top:0px;margin-right:0px;margin-bottom:0px;margin-left:0px;}}@media all and (max-width: 767px){.kadence-column1407_16aee3-18 > .kt-inside-inner-col{flex-direction:column;justify-content:center;}}<\/style>\n<div class=\"wp-block-kadence-column kadence-column1407_16aee3-18 inner-column-3\"><div class=\"kt-inside-inner-col\"><\/div><\/div>\n\n<\/div><\/div>\n\n\n<p class=\"wp-block-paragraph\">Los desaf\u00edos subyugan la habilidad de hacer clic en la barra espaciadora para el juego en tiempo real en reserva. Sin embargo, lleva tu habilidad al siguiente nivel de hacer clic con superioridad.<\/p>\n\n\n\n<p class=\"wp-block-paragraph\">Adem\u00e1s, el juego o prueba eval\u00faa el n\u00famero de clics frente al n\u00famero de segundos. Por lo general, calcula los clics contra 5 segundos. Si desea ganar y establecer el tiempo r\u00e9cord mundial, el desperdicio puede estropear sus rangos de HPS. Sin embargo, comience a jugar el incre\u00edble juego de contador de barra espaciadora sin perder el tiempo y el rango.<\/p>\n\n\n\n<p class=\"wp-block-paragraph\">Sin embargo, las pruebas de teclado lo ayudan a seleccionar el mejor y m\u00e1s eficiente teclado para jugar en \u00e9l. Verifique particularmente la barra espaciadora, y si encuentra el retraso en el clic, asigne el clic para reemplazarlo de inmediato.<\/p>\n\n\n\n<p class=\"wp-block-paragraph\">Adem\u00e1s, puede verificar la eficiencia de su mouse usando la misma prueba y clasificar el nivel de clics despu\u00e9s de jugar el juego. Por lo tanto, verifique la velocidad de clic de su dispositivo, ya sea un mouse o un teclado, con este contador de clics de la barra espaciadora. Y puedes probar el <a href=\"https:\/\/easycpstest.com\/es\/\" target=\"_blank\" rel=\"noreferrer noopener\">Haga clic en Prueba de velocidad<\/a> para encontrar el n\u00famero de clics que puede obtener por segundo.<\/p>\n\n\n\n<h3 style=\"color: #ffffff;font-weight: 400;background: #007bff ;width: auto;margin: 1em 0px;font-size: 25px;line-height: 1;padding: 14px;border-left: 40px solid #000000;box-shadow: #c7c7c7 0px 2px 15px 0px;text-align:;\"><span id=\"Online Spacebar Speed Test\"><strong> Prueba de velocidad de la barra espaciadora en l\u00ednea\n<\/strong><\/span><\/h3>\n\n\n\n<p class=\"wp-block-paragraph\">Para el usuario curioso, basta con dar el reto de comprobar sus l\u00edmites. Sin embargo, el juego de barra espaciadora es perfecto para dar el puntapi\u00e9 inicial. Por lo tanto, puede obtener una clasificaci\u00f3n alta en el contador de clics de la barra espaciadora.&nbsp;<\/p>\n\n\n\n<p class=\"wp-block-paragraph\">De ahora en adelante, no necesita descargar ninguna aplicaci\u00f3n, ni necesita instalar ninguna aplicaci\u00f3n de juegos para verificar el <a href=\"https:\/\/easycpstest.com\/es\/click-counter\/\" target=\"_blank\" rel=\"noreferrer noopener\">contador de clics<\/a> no se requiere ning\u00fan software para impulsar la p\u00e1gina web. Lo \u00fanico que debe tener en esa aplicaci\u00f3n es una conexi\u00f3n a Internet de alto ritmo.&nbsp;<\/p>\n\n\n<div class=\"wp-block-image\">\n<figure class=\"aligncenter size-full\"><img loading=\"lazy\" decoding=\"async\" width=\"768\" height=\"452\" src=\"https:\/\/easycpstest.com\/wp-content\/uploads\/2022\/03\/Spacebar-counter.png\" alt=\"Spacebar counter \" class=\"wp-image-1628\" srcset=\"https:\/\/easycpstest.com\/wp-content\/uploads\/2022\/03\/Spacebar-counter.png 768w, https:\/\/easycpstest.com\/wp-content\/uploads\/2022\/03\/Spacebar-counter-300x177.png 300w\" sizes=\"auto, (max-width: 768px) 100vw, 768px\" \/><\/figure>\n<\/div>\n\n\n<h3 style=\"color: #ffffff;font-weight: 400;background: #007bff ;width: auto;margin: 1em 0px;font-size: 25px;line-height: 1;padding: 14px;border-left: 40px solid #000000;box-shadow: #c7c7c7 0px 2px 15px 0px;text-align:;\"><span id=\"Spacebar TikTok Challenge\"><strong> Barra espaciadora TikTok Challenge\n<\/strong><\/span><\/h3>\n\n\n\n<p class=\"wp-block-paragraph\">Hoy en d\u00eda, los desaf\u00edos irrumpen <a href=\"https:\/\/www.tiktok.com\/\" target=\"_blank\" rel=\"noreferrer noopener\">Tik Tok <\/a>frecuentemente. Mientras que las personas lanzan nuevas tendencias de creaci\u00f3n de videos, tambi\u00e9n les gusta compartir los videos del juego. Por lo tanto, los jugadores de clic comparten la tarjeta de puntuaci\u00f3n y el video del juego de clic con las etiquetas del Spacebar TikTok Challenge.<\/p>\n\n\n\n<h3 style=\"color: #ffffff;font-weight: 400;background: #007bff ;width: auto;margin: 1em 0px;font-size: 25px;line-height: 1;padding: 14px;border-left: 40px solid #000000;box-shadow: #c7c7c7 0px 2px 15px 0px;text-align:;\"><span id=\"Do You Want To Be A Spacebar Champion?\"><strong> \u00bfQuieres ser un campe\u00f3n de la barra espaciadora?\n<\/strong><\/span><\/h3>\n\n\n\n<p class=\"wp-block-paragraph\">Durante el clic, el contador de la barra espaciadora es el mejor y m\u00e1s aut\u00e9ntico m\u00e9todo para medir la velocidad de los clics con precisi\u00f3n. Entonces, toque sus dedos r\u00e1pidamente sin preocuparse y alcance su rango en el contador del juego. \u00a1Por lo tanto, puedes jugar el modo PVP con jugadores de todo el mundo para obtener puntajes altos! La tabla de clasificaci\u00f3n muestra el rango en consecuencia.<\/p>\n\n\n\n<p class=\"wp-block-paragraph\">Los juegos de velocidad te hacen ganar m\u00e1s puntajes, as\u00ed que no dudes en hacer clic r\u00e1pido en el juego de contador de la barra espaciadora. Sin embargo, si espera divertirse con el juego, es perfecto para usted que est\u00e1 emocionado de mejorar su habilidad de juego. Mientras que una perspectiva simple hace que el juego sea aceptable, su estrategia sencilla capta la atenci\u00f3n del usuario.<\/p>\n\n\n\n<h2 style=\"color: #ffffff;font-weight: 400;background: #007bff ;width: auto;margin: 1em 0px;font-size: 25px;line-height: 1;padding: 14px;border-left: 40px solid #000000;box-shadow: #c7c7c7 0px 2px 15px 0px;text-align:;\"><span id=\"Features of Spacebar Counter\"><strong> Caracter\u00edsticas del contador de barra espaciadora<\/strong><\/span><\/h2>\n\n\n\n<p class=\"wp-block-paragraph\">Una interfaz simple atrae a m\u00e1s usuarios y un dise\u00f1o decente mantiene la atenci\u00f3n del usuario durante un largo per\u00edodo. Adem\u00e1s, el juego beneficioso ayuda a concentrarse en hacer clic en la barra espaciadora y le permite hacerle pasar un mal rato a su oponente en el juego en tiempo real.<\/p>\n\n\n\n<p class=\"wp-block-paragraph\">Adem\u00e1s, el contador de clics de la barra espaciadora ayuda a aumentar la velocidad de clic y progreso de los jugadores. Sin embargo, el jugador puede saltar o disparar con m\u00e1s frecuencia que nunca en el juego. Entonces, usa la llave y salta sobre todos los obst\u00e1culos del juego. El juego es competitivo. Ofrece rangos para lograr en el juego.<\/p>\n\n\n\n<h3 style=\"color: #ffffff;font-weight: 400;background: #007bff ;width: auto;margin: 1em 0px;font-size: 25px;line-height: 1;padding: 14px;border-left: 40px solid #000000;box-shadow: #c7c7c7 0px 2px 15px 0px;text-align:;\"><span id=\"Few More Features\"><strong> Algunas caracter\u00edsticas m\u00e1s <\/strong><\/span><\/h3>\n\n\n\n<p class=\"wp-block-paragraph\">EasyCPSTest es un juego sobresaliente que lleva la habilidad de hacer clic al siguiente nivel de eficiencia mientras usa <a href=\"https:\/\/easycpstest.com\/es\/mouse-test\/\" target=\"_blank\" rel=\"noreferrer noopener\">Bot\u00f3n del rat\u00f3n<\/a> o la barra espaciadora del teclado.<\/p>\n\n\n\n<ul class=\"wp-block-list\">\n<li>Probablemente los jugadores puedan compartir los resultados con sus amigos en las redes sociales como Twitter, Facebook y Whatsapp. Comparten una tarjeta de puntuaci\u00f3n o un rango de HPS y desaf\u00edan a sus amigos u oponentes con un solo clic. Significativamente, los usuarios pueden analizar los resultados y evaluar el progreso en el juego de clics.&nbsp;<\/li>\n\n\n\n<li>Por lo general, los jugadores usan un mouse o un teclado para marcar los clics de los juegos, pero tambi\u00e9n puede hacerlo en su dispositivo m\u00f3vil porque la versi\u00f3n Spacebar Counter Mobile del software responde muy bien al juego. Incluso los usuarios pueden agregar el contador de clics en iPad y Android o agregar el teclado o el mouse extendidos.<\/li>\n\n\n\n<li>Com\u00fanmente, el contador de la barra espaciadora es un juego orientado a PC o escritorio que cuenta el toque de la barra espaciadora f\u00e1cilmente. Mientras usa el m\u00f3vil, debe agregar el teclado o mouse externo que tambi\u00e9n funciona bien. Pero se recomienda para PC o Desktop.<\/li>\n<\/ul>\n\n\n\n<h3 style=\"color: #ffffff;font-weight: 400;background: #007bff ;width: auto;margin: 1em 0px;font-size: 25px;line-height: 1;padding: 14px;border-left: 40px solid #000000;box-shadow: #c7c7c7 0px 2px 15px 0px;text-align:;\"><span id=\"How to Play Spacebar Counter Game\"><strong> \u00bfC\u00f3mo jugar al juego de barra espaciadora? <\/strong><\/span><\/h3>\n\n\n\n<p class=\"wp-block-paragraph\">Primero, haga clic en el bot\u00f3n resaltado para iniciar el Contador de clics de la barra espaciadora tocando los clics en la barra espaciadora del teclado lo m\u00e1s r\u00e1pido posible. Obtendr\u00e1 una puntuaci\u00f3n HPS para asignar a la tabla de clasificaci\u00f3n a medida que marque los clics m\u00e1ximos.<\/p>\n\n\n\n<p class=\"wp-block-paragraph\">El cuadro modal muestra los resultados a medida que el temporizador detiene la segunda cuenta regresiva. Por lo tanto, toque la barra espaciadora de forma caprichosa para obtener el m\u00e1ximo de puntos y aumentar la relaci\u00f3n CPS en ese juego de hacer clic.&nbsp;<\/p>\n\n\n\n<p class=\"wp-block-paragraph\">Eventualmente, la plataforma que comparte el registro de los clics est\u00e1 aqu\u00ed para mostrar su progreso en el juego al mundo. Para dar a tus amigos y oponentes desaf\u00edos abiertos, puedes usar plataformas de redes sociales.&nbsp;<\/p>\n\n\n\n<p class=\"wp-block-paragraph\">Finalmente, sostenga la barra espaciadora con dos dedos y luche para generar una r\u00e1faga de clics de la barra espaciadora con la mano que los m\u00fasculos de los dedos.<\/p>\n\n\n\n<h2 class=\"wp-block-heading has-text-align-center\">Preguntas frecuentes<\/h2>\n\n\n\n<div class=\"schema-faq wp-block-yoast-faq-block\"><div class=\"schema-faq-section\" id=\"faq-question-1676972813690\"><strong class=\"schema-faq-question\"><strong>\u00bfC\u00f3mo hacer clic en la barra espaciadora m\u00e1s r\u00e1pido?<\/strong><\/strong> <p class=\"schema-faq-answer\">Mucho tocas m\u00e1s, y marcas los clics. Por tanto, depende de la velocidad de actuaci\u00f3n de tu dedo y de cu\u00e1nto marques. Pero los dispositivos eficientes lo ayudan a registrar m\u00e1s clics mientras juega al contador de la barra espaciadora. Usar toda la mano en lugar de usar el dedo para hacer clic es la mejor opci\u00f3n.<\/p> <\/div> <div class=\"schema-faq-section\" id=\"faq-question-1676972829944\"><strong class=\"schema-faq-question\"><strong>\u00bfCu\u00e1l es el r\u00e9cord mundial de presionar la barra espaciadora?<\/strong><\/strong> <p class=\"schema-faq-answer\">El r\u00e9cord m\u00e1s alto en el juego de la barra espaciadora es de 17,5 CPS, por lo que si est\u00e1 interesado en establecer un r\u00e9cord para los dem\u00e1s, pruebe su suerte y acierte un poco m\u00e1s suavemente para ganar en el juego y llevar su experiencia de juego al siguiente nivel.<\/p> <\/div> <\/div>","protected":false},"excerpt":{"rendered":"<p>Spacebar Counter | Easy CPS Test Play the game by tapping on the play button and hitting the spacebar as quickly as you can to achieve a high score. We proudly welcome our users to present the&nbsp;Spacebar Counter&nbsp;here. Hit the &#8230; <\/p>\n<p class=\"read-more-container\"><a title=\"Spacebar Counter &#8211; Spacebar Speed Test | Easy CPS Test\" class=\"read-more button\" href=\"https:\/\/easycpstest.com\/es\/spacebar-counter\/#more-1407\" aria-label=\"M\u00e1s en Spacebar Counter &#8211; Spacebar Speed Test | Easy CPS Test\">Leer m\u00e1s<\/a><\/p>","protected":false},"author":1,"featured_media":0,"parent":0,"menu_order":0,"comment_status":"closed","ping_status":"closed","template":"","meta":{"_crdt_document":"","footnotes":""},"class_list":{"0":"post-1407","1":"page","2":"type-page","3":"status-publish","5":"no-featured-image-padding"},"_links":{"self":[{"href":"https:\/\/easycpstest.com\/es\/wp-json\/wp\/v2\/pages\/1407","targetHints":{"allow":["GET"]}}],"collection":[{"href":"https:\/\/easycpstest.com\/es\/wp-json\/wp\/v2\/pages"}],"about":[{"href":"https:\/\/easycpstest.com\/es\/wp-json\/wp\/v2\/types\/page"}],"author":[{"embeddable":true,"href":"https:\/\/easycpstest.com\/es\/wp-json\/wp\/v2\/users\/1"}],"replies":[{"embeddable":true,"href":"https:\/\/easycpstest.com\/es\/wp-json\/wp\/v2\/comments?post=1407"}],"version-history":[{"count":16,"href":"https:\/\/easycpstest.com\/es\/wp-json\/wp\/v2\/pages\/1407\/revisions"}],"predecessor-version":[{"id":2172,"href":"https:\/\/easycpstest.com\/es\/wp-json\/wp\/v2\/pages\/1407\/revisions\/2172"}],"wp:attachment":[{"href":"https:\/\/easycpstest.com\/es\/wp-json\/wp\/v2\/media?parent=1407"}],"curies":[{"name":"wp","href":"https:\/\/api.w.org\/{rel}","templated":true}]}}