{"id":1409,"date":"2025-02-10T06:58:51","date_gmt":"2025-02-10T06:58:51","guid":{"rendered":"https:\/\/easycpstest.com\/?page_id=1409"},"modified":"2025-02-10T06:58:52","modified_gmt":"2025-02-10T06:58:52","slug":"badlion-click-test","status":"publish","type":"page","link":"https:\/\/easycpstest.com\/es\/badlion-click-test\/","title":{"rendered":"Badlion Click Test | CPS Game &#8211; Easy CPS Test"},"content":{"rendered":"<h1 class=\"wp-block-heading has-text-align-center\"><strong>Prueba de clic de Badlion | Prueba f\u00e1cil de CPS<\/strong><\/h1>\n\n\n\n<p class=\"has-text-align-center wp-block-paragraph\">The EasyCPSTest website offers a new Badlion Click Test for universal players and ambitious gamers in the PVP mode. The trick is also used in famous games like Minecraft.<\/p>\n\n\n<div class=\"page-wrapper\">\n\t<div class=\"row\">\n\t\t<div class=\"col-lg-12 col-md-12 custom-container\">\n\t\t\t<div class=\"card\">\n\t\t\t\t<header class=\"entry-header\">\n\t\t\t\t\t\t\t\t\t<\/header>\n\t\t\t\t\t\t\t\t<div class=\"bt-click-inner\">\n\t\t\t\t\t<div class=\"card-header\">\n\t\t\t\t\t\t<div class=\"bt-header-timer\">\n\t\t\t\t\t\t\t<div class=\"bt-time-btn blue-btn\">\n\t\t\t\t\t\t\t\t<h4 class=\"mb-0\"><span id=\"timer\">0<\/span><\/h4>\n\t\t\t\t\t\t\t\t<small class=\"mb-0 sm-custom\">Temporizador<\/small>\n\t\t\t\t\t\t\t<\/div>\n\t\t\t\t\t\t\t<div class=\"bt-time-btn orange-btn\">\n\t\t\t\t\t\t\t\t<h4 class=\"mb-0\"><span id=\"clicks\">0<\/span><\/h4>\n\t\t\t\t\t\t\t\t<small class=\"mb-0 sm-custom\">Clic\/s<\/small>\n\t\t\t\t\t\t\t<\/div>\n\t\t\t\t\t\t\t<div class=\"bt-time-btn green-btn\">\n\t\t\t\t\t\t\t\t<h4 class=\"mb-0\"><span id=\"score\">0<\/span><\/h4>\n\t\t\t\t\t\t\t\t<small class=\"mb-0 sm-custom\">Puntaje<\/small>\n\t\t\t\t\t\t\t<\/div>\n\t\t\t\t\t\t<\/div>\n\t\t\t\t\t<\/div>\n\t\t\t\t\t<div class=\"card-body\">\n\t\t\t\t\t\t<div class=\"bt-click-area\" id=\"bt-click-area\">\n\t\t\t\t\t\t\t<button id=\"start\" type=\"button\" class=\"btn-light btn-round waves-effect waves-light\">HAZ CLIC AQU\u00cd PARA EMPEZAR A JUGAR<\/button>\n\t\t\t\t\t\t<\/div>\n\t\t\t\t\t<\/div>\n\t\t\t\t\t<button type=\"button\" data-toggle=\"modal\" data-target=\"#click-result-modal\" style=\"display: none;\" id=\"trigger-modal\">Modo de lanzamiento<\/button>\n\t\t\t\t<\/div>\n\t\t\t<\/div>\n\t\t<\/div>\n\t\t\t<\/div>\n<\/div>\n\n\n\n<p class=\"wp-block-paragraph\">Sin embargo, el jugador usa el truco de hacer clic repetitivo para mejorar la habilidad de hacer clic. Adem\u00e1s, el jugador puede jugar el truco del clic para ensayar el modo PVP del cliente de la comunidad Badlion Click Game de Minecraft. Entonces, los jugadores entrenados desarrollan una habilidad que los ayuda en todos los juegos.<\/p>\n\n\n\n<p class=\"wp-block-paragraph\"><\/p>\n\n\n<style>.kb-row-layout-wrap.wp-block-kadence-rowlayout.kb-row-layout-id1409_1c01c2-28{margin-bottom:0px;}.kb-row-layout-id1409_1c01c2-28 > .kt-row-column-wrap{align-content:start;}:where(.kb-row-layout-id1409_1c01c2-28 > .kt-row-column-wrap) > .wp-block-kadence-column{justify-content:start;}.kb-row-layout-id1409_1c01c2-28 > .kt-row-column-wrap{column-gap:var(--global-kb-gap-none, 0rem );row-gap:var(--global-kb-gap-none, 0rem );max-width:1200px;padding-top:30px;padding-right:0px;padding-bottom:30px;padding-left:0px;}.kb-row-layout-id1409_1c01c2-28 > .kt-row-column-wrap > div:not(.added-for-specificity){grid-column:initial;}.kb-row-layout-id1409_1c01c2-28 > .kt-row-column-wrap{grid-template-columns:minmax(0, 1fr) minmax(0, 3fr) minmax(0, 1fr);}.kb-row-layout-id1409_1c01c2-28 > .kt-row-layout-overlay{opacity:0.30;background:linear-gradient(180deg,  0%, #00B5E2 100%);}.kb-row-layout-id1409_1c01c2-28 .kt-row-layout-bottom-sep{height:100px;}.kb-row-layout-id1409_1c01c2-28 .kt-row-layout-bottom-sep svg{width:100%;}.kb-row-layout-id1409_1c01c2-28 .kt-row-layout-bottom-sep svg{fill:#ffffff!important;}@media all and (max-width: 1024px){.kb-row-layout-id1409_1c01c2-28 > .kt-row-column-wrap{padding-top:0px;padding-right:50px;padding-bottom:80px;padding-left:50px;grid-template-columns:minmax(0, 1fr);}}@media all and (max-width: 1024px){.kb-row-layout-id1409_1c01c2-28 > .kt-row-column-wrap > div:not(.added-for-specificity){grid-column:initial;}}@media all and (max-width: 1024px){.kb-row-layout-id1409_1c01c2-28 .kt-row-layout-bottom-sep{height:px;}}@media all and (max-width: 1024px){.kb-row-layout-id1409_1c01c2-28 .kt-row-layout-bottom-sep svg{width:%;}}@media all and (max-width: 767px){.kb-row-layout-id1409_1c01c2-28 > .kt-row-column-wrap{padding-top:40px;padding-right:20px;padding-bottom:50px;padding-left:20px;grid-template-columns:minmax(0, 1fr);}.kb-row-layout-id1409_1c01c2-28 > .kt-row-column-wrap > div:not(.added-for-specificity){grid-column:initial;}.kb-row-layout-id1409_1c01c2-28 .kt-row-layout-bottom-sep{height:px;}.kb-row-layout-id1409_1c01c2-28 .kt-row-layout-bottom-sep svg{width:%;}}<\/style><div class=\"kb-row-layout-wrap kb-row-layout-id1409_1c01c2-28 alignnone kt-row-has-bg wp-block-kadence-rowlayout\"><div class=\"kt-row-layout-overlay kt-row-overlay-gradient\"><\/div><div class=\"kt-row-column-wrap kt-has-3-columns kt-row-layout-center-wide kt-tab-layout-row kt-mobile-layout-row kt-row-valign-top kb-theme-content-width\">\n<style>.kadence-column1409_4606ee-33 > .kt-inside-inner-col{padding-top:10px;padding-right:10px;padding-bottom:10px;padding-left:10px;}.kadence-column1409_4606ee-33 > .kt-inside-inner-col,.kadence-column1409_4606ee-33 > .kt-inside-inner-col:before{border-top-left-radius:0px;border-top-right-radius:0px;border-bottom-right-radius:0px;border-bottom-left-radius:0px;}.kadence-column1409_4606ee-33 > .kt-inside-inner-col{column-gap:var(--global-kb-gap-sm, 1rem);}.kadence-column1409_4606ee-33 > .kt-inside-inner-col{flex-direction:column;}.kadence-column1409_4606ee-33 > .kt-inside-inner-col > .aligncenter{width:100%;}.kadence-column1409_4606ee-33 > .kt-inside-inner-col:before{opacity:0.3;}.kadence-column1409_4606ee-33{position:relative;}.kadence-column1409_4606ee-33, .kt-inside-inner-col > .kadence-column1409_4606ee-33:not(.specificity){margin-top:0px;margin-right:20px;margin-bottom:0px;margin-left:0px;}@media all and (max-width: 1024px){.kadence-column1409_4606ee-33 > .kt-inside-inner-col{flex-direction:column;justify-content:center;}}@media all and (max-width: 1024px){.kadence-column1409_4606ee-33, .kt-inside-inner-col > .kadence-column1409_4606ee-33:not(.specificity){margin-top:0px;margin-right:0px;margin-bottom:0px;margin-left:0px;}}@media all and (max-width: 767px){.kadence-column1409_4606ee-33 > .kt-inside-inner-col{flex-direction:column;justify-content:center;}}<\/style>\n<div class=\"wp-block-kadence-column kadence-column1409_4606ee-33 inner-column-1\"><div class=\"kt-inside-inner-col\"><\/div><\/div>\n\n\n<style>.kadence-column1409_455038-f7 > .kt-inside-inner-col{padding-top:10px;padding-right:10px;padding-bottom:10px;padding-left:10px;}.kadence-column1409_455038-f7 > .kt-inside-inner-col,.kadence-column1409_455038-f7 > .kt-inside-inner-col:before{border-top-left-radius:0px;border-top-right-radius:0px;border-bottom-right-radius:0px;border-bottom-left-radius:0px;}.kadence-column1409_455038-f7 > .kt-inside-inner-col{column-gap:var(--global-kb-gap-sm, 1rem);}.kadence-column1409_455038-f7 > .kt-inside-inner-col{flex-direction:column;}.kadence-column1409_455038-f7 > .kt-inside-inner-col > .aligncenter{width:100%;}.kadence-column1409_455038-f7 > .kt-inside-inner-col:before{opacity:0.3;}.kadence-column1409_455038-f7{position:relative;}.kadence-column1409_455038-f7, .kt-inside-inner-col > .kadence-column1409_455038-f7:not(.specificity){margin-top:0px;margin-right:10px;margin-bottom:0px;margin-left:10px;}@media all and (max-width: 1024px){.kadence-column1409_455038-f7 > .kt-inside-inner-col{flex-direction:column;justify-content:center;}}@media all and (max-width: 1024px){.kadence-column1409_455038-f7, .kt-inside-inner-col > .kadence-column1409_455038-f7:not(.specificity){margin-top:0px;margin-right:0px;margin-bottom:0px;margin-left:0px;}}@media all and (max-width: 767px){.kadence-column1409_455038-f7 > .kt-inside-inner-col{flex-direction:column;justify-content:center;}}<\/style>\n<div class=\"wp-block-kadence-column kadence-column1409_455038-f7 inner-column-2\"><div class=\"kt-inside-inner-col\"><style>.wp-block-kadence-column.kb-section-dir-horizontal > .kt-inside-inner-col > .kt-info-box1409_756f9b-10 .kt-blocks-info-box-link-wrap{max-width:unset;}.kt-info-box1409_756f9b-10 .kt-blocks-info-box-link-wrap{border-top:1px solid var(--global-palette7, #EDF2F7);border-right:1px solid var(--global-palette7, #EDF2F7);border-bottom:1px solid var(--global-palette7, #EDF2F7);border-left:1px solid var(--global-palette7, #EDF2F7);border-top-left-radius:10px;border-top-right-radius:10px;border-bottom-right-radius:10px;border-bottom-left-radius:10px;background:#007bff;padding-top:30px;padding-right:30px;padding-bottom:30px;padding-left:30px;margin-bottom:0px;}.kt-info-box1409_756f9b-10 .kt-blocks-info-box-link-wrap:hover{background:#6a6dec;}.kt-info-box1409_756f9b-10 .kadence-info-box-icon-container .kt-info-svg-icon, .kt-info-box1409_756f9b-10 .kt-info-svg-icon-flip, .kt-info-box1409_756f9b-10 .kt-blocks-info-box-number{font-size:50px;}.kt-info-box1409_756f9b-10 .kt-blocks-info-box-media{color:#444444;background:transparent;border-color:#444444;border-top-width:0px;border-right-width:0px;border-bottom-width:0px;border-left-width:0px;padding-top:0px;padding-right:0px;padding-bottom:0px;padding-left:0px;}.kt-info-box1409_756f9b-10 .kt-blocks-info-box-media-container{margin-top:0px;margin-right:15px;margin-bottom:0px;margin-left:0px;}.kt-info-box1409_756f9b-10 .kt-blocks-info-box-link-wrap:hover .kt-blocks-info-box-media{color:#444444;background:transparent;border-color:#444444;}.kt-info-box1409_756f9b-10 .kt-infobox-textcontent h6.kt-blocks-info-box-title{line-height:1.3em;padding-top:0px;padding-right:0px;padding-bottom:0px;padding-left:0px;margin-top:0px;margin-right:0px;margin-bottom:14px;margin-left:0px;}.kt-info-box1409_756f9b-10 .kt-infobox-textcontent .kt-blocks-info-box-text{color:var(--base-3);}.wp-block-kadence-infobox.kt-info-box1409_756f9b-10 .kt-blocks-info-box-text{text-transform:capitalize;}.kt-info-box1409_756f9b-10 .kt-blocks-info-box-learnmore{background:transparent;border-color:#555555;border-width:0px 0px 0px 0px;padding-top:4px;padding-right:8px;padding-bottom:4px;padding-left:8px;margin-top:10px;margin-right:0px;margin-bottom:10px;margin-left:0px;}.kt-info-box1409_756f9b-10 .kt-blocks-info-box-link-wrap:hover .kt-blocks-info-box-learnmore,.kt-info-box1409_756f9b-10 .kt-blocks-info-box-link-wrap .kt-blocks-info-box-learnmore:focus{color:#ffffff;background:#444444;border-color:#444444;}.kt-info-box1409_756f9b-10 .kt-blocks-info-box-link-wrap{box-shadow:0px 0px 0px 0px rgba(0, 0, 0, 0);}.kt-info-box1409_756f9b-10 .kt-blocks-info-box-link-wrap:hover{box-shadow:20px 20px 80px 0px rgba(27, 0, 79, 0.06);}@media all and (max-width: 1024px){.kt-info-box1409_756f9b-10 .kt-blocks-info-box-link-wrap{border-top:1px solid var(--global-palette7, #EDF2F7);border-right:1px solid var(--global-palette7, #EDF2F7);border-bottom:1px solid var(--global-palette7, #EDF2F7);border-left:1px solid var(--global-palette7, #EDF2F7);box-shadow:0px 0px 0px 0px rgba(0, 0, 0, 0);}}@media all and (max-width: 1024px){.kt-info-box1409_756f9b-10 .kt-blocks-info-box-link-wrap:hover{box-shadow:20px 20px 80px 0px rgba(27, 0, 79, 0.06);}}@media all and (max-width: 767px){.kt-info-box1409_756f9b-10 .kt-blocks-info-box-link-wrap{border-top:1px solid var(--global-palette7, #EDF2F7);border-right:1px solid var(--global-palette7, #EDF2F7);border-bottom:1px solid var(--global-palette7, #EDF2F7);border-left:1px solid var(--global-palette7, #EDF2F7);text-align:center;display:block;box-shadow:0px 0px 0px 0px rgba(0, 0, 0, 0);}.kt-info-box1409_756f9b-10 .kt-blocks-info-box-link-wrap .kt-blocks-info-box-media{display:inline-block;max-width:100%;}.kt-info-box1409_756f9b-10 .kt-blocks-info-box-link-wrap:hover{box-shadow:20px 20px 80px 0px rgba(27, 0, 79, 0.06);}}<\/style>\n<div class=\"wp-block-kadence-infobox kt-info-box1409_756f9b-10\"><a class=\"kt-blocks-info-box-link-wrap info-box-link kt-blocks-info-box-media-align-top kt-info-halign-center kb-info-box-vertical-media-align-top kb-info-mobile-halign-center\" target=\"_blank\" rel=\"noopener noreferrer\" href=\"https:\/\/easycpstest.com\/es\/\" aria-label=\"Haga clic en Prueba de velocidad | Prueba CPS\"><div class=\"kt-infobox-textcontent\"><p class=\"kt-blocks-info-box-text\"><strong>PRUEBA DE VELOCIDAD DE CLIC | PRUEBA CPS<\/strong><\/p><\/div><\/a><\/div>\n<\/div><\/div>\n\n\n<style>.kadence-column1409_6b2a0c-bc > .kt-inside-inner-col{padding-top:10px;padding-right:10px;padding-bottom:10px;padding-left:10px;}.kadence-column1409_6b2a0c-bc > .kt-inside-inner-col,.kadence-column1409_6b2a0c-bc > .kt-inside-inner-col:before{border-top-left-radius:0px;border-top-right-radius:0px;border-bottom-right-radius:0px;border-bottom-left-radius:0px;}.kadence-column1409_6b2a0c-bc > .kt-inside-inner-col{column-gap:var(--global-kb-gap-sm, 1rem);}.kadence-column1409_6b2a0c-bc > .kt-inside-inner-col{flex-direction:column;}.kadence-column1409_6b2a0c-bc > .kt-inside-inner-col > .aligncenter{width:100%;}.kadence-column1409_6b2a0c-bc > .kt-inside-inner-col:before{opacity:0.3;}.kadence-column1409_6b2a0c-bc{position:relative;}.kadence-column1409_6b2a0c-bc, .kt-inside-inner-col > .kadence-column1409_6b2a0c-bc:not(.specificity){margin-top:0px;margin-right:0px;margin-bottom:0px;margin-left:20px;}@media all and (max-width: 1024px){.kadence-column1409_6b2a0c-bc > .kt-inside-inner-col{flex-direction:column;justify-content:center;}}@media all and (max-width: 1024px){.kadence-column1409_6b2a0c-bc, .kt-inside-inner-col > .kadence-column1409_6b2a0c-bc:not(.specificity){margin-top:0px;margin-right:0px;margin-bottom:0px;margin-left:0px;}}@media all and (max-width: 767px){.kadence-column1409_6b2a0c-bc > .kt-inside-inner-col{flex-direction:column;justify-content:center;}}<\/style>\n<div class=\"wp-block-kadence-column kadence-column1409_6b2a0c-bc inner-column-3\"><div class=\"kt-inside-inner-col\"><\/div><\/div>\n\n<\/div><\/div>\n\n\n<h2 style=\"color: #ffffff;font-weight: 400;background: #007bff;width: auto;margin: 1em 0px;font-size: 25px;line-height: 1;padding: 14px;border-left: 40px solid #000000;box-shadow: #c7c7c7 0px 2px 15px 0px;text-align:;\"><span id=\"Badlion_Click_Online_Test\"><strong> Prueba en l\u00ednea Badlion Click<\/strong><\/span><\/h2>\n\n\n\n<p class=\"wp-block-paragraph\">\u00a1Ser cauteloso! \u00a1Prep\u00e1rate, listo, para ir! Y d\u00e9 la bienvenida a la prueba en l\u00ednea de Badlion Click en su dispositivo m\u00f3vil o PC. Aqu\u00ed est\u00e1 la introducci\u00f3n de la idea representada por el Easy CPS Test. Organizamos un equipo de coaching que desarrolla la conciencia sobre <a href=\"https:\/\/www.badlion.net\/\" target=\"_blank\" rel=\"noreferrer noopener\">Red Badlion<\/a> para entretenimiento y diversi\u00f3n para jugadores ambiciosos.<\/p>\n\n\n\n<p class=\"wp-block-paragraph\">Eventualmente, el lanzamiento del juego tiene como objetivo verificar la eficiencia de clics por segundo del jugador y mejorar su habilidad. En consecuencia, los jugadores y los aprendices est\u00e1n m\u00e1s seguros y protegidos contra trampas y fraudes. Establecimos la prueba de clic de Badlion en la recomendaci\u00f3n alta porque es muy \u00fatil para mejorar la habilidad de hacer clic.<\/p>\n\n\n<div class=\"wp-block-image\">\n<figure class=\"aligncenter size-full\"><img loading=\"lazy\" decoding=\"async\" width=\"768\" height=\"452\" src=\"https:\/\/easycpstest.com\/wp-content\/uploads\/2022\/03\/Badlion-1.png\" alt=\"Badlion Click test\" class=\"wp-image-1574\" srcset=\"https:\/\/easycpstest.com\/wp-content\/uploads\/2022\/03\/Badlion-1.png 768w, https:\/\/easycpstest.com\/wp-content\/uploads\/2022\/03\/Badlion-1-300x177.png 300w\" sizes=\"auto, (max-width: 768px) 100vw, 768px\" \/><\/figure>\n<\/div>\n\n\n<h3 style=\"color: #ffffff;font-weight: 400;background:  #007bff;width: auto;margin: 1em 0px;font-size: 25px;line-height: 1;padding: 14px;border-left: 40px solid #000000;box-shadow: #c7c7c7 0px 2px 15px 0px;text-align:;\"><span id=\" Features of Badlion Click Test\"><strong> Caracter\u00edsticas de la prueba de clic de Badlion<\/strong><\/span><\/h3>\n\n\n\n<p class=\"wp-block-paragraph\">De hecho, Badlion Click Game ocupa un lugar destacado en la participaci\u00f3n mental de los jugadores, al igual que todas las dem\u00e1s pruebas y juegos.<\/p>\n\n\n\n<p class=\"wp-block-paragraph\">En comparaci\u00f3n, el juego es m\u00e1s interesante que otros juegos de alto rango. De antemano, los jugadores tambi\u00e9n pueden compartir los puntos obtenidos con sus amigos de las redes sociales.<\/p>\n\n\n\n<p class=\"wp-block-paragraph\">Frente a los editores de Minecraft, lanzamos todos los sistemas de seguridad exclusivos en esa aplicaci\u00f3n prudente contra los tramposos. Incluyendo un bot\u00f3n de disparo, <a href=\"https:\/\/easycpstest.com\/es\/click-counter\/\" target=\"_blank\" rel=\"noreferrer noopener\">contador de clics<\/a>, y X-Ray no enga\u00f1a eficazmente contra el sistema de seguridad.<\/p>\n\n\n\n<p class=\"wp-block-paragraph\">Sin embargo, Badlion Click Test se cre\u00f3 para preparar a un jugador experto de PVP para juegos profesionales como Minecraft. El juego no est\u00e1 prohibido, por lo que lo sugerimos con una consulta.&nbsp;<\/p>\n\n\n\n<h3 style=\"color: #ffffff;font-weight: 400;background: #007bff; width: auto;margin: 1em 0px;font-size: 25px;line-height: 1;padding: 14px;border-left: 40px solid #000000;box-shadow: #c7c7c7 0px 2px 15px 0px;text-align:;\"><span id=\" How to Play Badlion Click Game\"><strong> C\u00f3mo jugar al juego Badlion Click<\/strong><\/span><\/h3>\n\n\n\n<p class=\"wp-block-paragraph\">El jugador debe seguir algunas instrucciones mencionadas aqu\u00ed para jugar y disfrutar del juego.<\/p>\n\n\n\n<ul class=\"wp-block-list\">\n<li><strong>Vaya a la prueba de clic de Badlion.<\/strong><\/li>\n\n\n\n<li><strong>Ahora, comience a tocar el panel t\u00e1ctil o el bot\u00f3n del mouse.<\/strong><\/li>\n\n\n\n<li><strong>Mantenga el cursor en el \u00e1rea de clic.&nbsp;<\/strong><\/li>\n\n\n\n<li><strong>Intenta registrar todos los clics en 10 segundos.<\/strong><\/li>\n<\/ul>\n\n\n\n<p class=\"wp-block-paragraph\">As the 10 seconds pass, gamers get the instant result pops out. The score represents the clicking efficiency of the gamer. Moreover, the&nbsp;Badlion Click Test&nbsp;allows users to share the results with their friends through social media. Like Whatsapp, Facebook, and Twitter.<\/p>\n\n\n\n<h2 class=\"wp-block-heading has-text-align-center\">Preguntas frecuentes<\/h2>\n\n\n\n<div class=\"schema-faq wp-block-yoast-faq-block\"><div class=\"schema-faq-section\" id=\"faq-question-1676968969499\"><strong class=\"schema-faq-question\">\u00bfQu\u00e9 es la prueba de clic de Badlion?<\/strong> <p class=\"schema-faq-answer\">Probablemente, la prueba de clics de Badlion cuenta los clics por segundo (CPS) dise\u00f1ados para Minecraft. Dichos jugadores necesitan algunas herramientas para aumentar la velocidad de clic mientras juegan. Eso aumenta la puntuaci\u00f3n general de hacer clic. Por lo tanto, los jugadores comienzan a alcanzar los objetivos en el juego PVP Minecraft.<\/p> <\/div> <div class=\"schema-faq-section\" id=\"faq-question-1676968990914\"><strong class=\"schema-faq-question\">\u00bfC\u00f3mo aumentar el CPS en el cliente Badlion Minecraft?<\/strong> <p class=\"schema-faq-answer\">Los clientes de Badlion Click Game son seguros en comparaci\u00f3n con el editor contempor\u00e1neo de Minecraft. Por lo tanto, nuestro equipo sugiere que si los jugadores practican m\u00e1s para mejorar su velocidad de clic y evitar usar atajos, se convertir\u00e1n en expertos profesionales en clics.<\/p> <\/div> <\/div>\n\n\n\n<p class=\"wp-block-paragraph\"><\/p>","protected":false},"excerpt":{"rendered":"<p>Badlion Click Test | Easy CPS Test The EasyCPSTest website offers a new Badlion Click Test for universal players and ambitious gamers in the PVP mode. The trick is also used in famous games like Minecraft. However, the gamer uses &#8230; <\/p>\n<p class=\"read-more-container\"><a title=\"Badlion Click Test | CPS Game &#8211; Easy CPS Test\" class=\"read-more button\" href=\"https:\/\/easycpstest.com\/es\/badlion-click-test\/#more-1409\" aria-label=\"M\u00e1s en Badlion Click Test | CPS Game &#8211; Easy CPS Test\">Leer m\u00e1s<\/a><\/p>","protected":false},"author":1,"featured_media":0,"parent":0,"menu_order":0,"comment_status":"closed","ping_status":"closed","template":"","meta":{"_crdt_document":"","footnotes":""},"class_list":{"0":"post-1409","1":"page","2":"type-page","3":"status-publish","5":"no-featured-image-padding"},"_links":{"self":[{"href":"https:\/\/easycpstest.com\/es\/wp-json\/wp\/v2\/pages\/1409","targetHints":{"allow":["GET"]}}],"collection":[{"href":"https:\/\/easycpstest.com\/es\/wp-json\/wp\/v2\/pages"}],"about":[{"href":"https:\/\/easycpstest.com\/es\/wp-json\/wp\/v2\/types\/page"}],"author":[{"embeddable":true,"href":"https:\/\/easycpstest.com\/es\/wp-json\/wp\/v2\/users\/1"}],"replies":[{"embeddable":true,"href":"https:\/\/easycpstest.com\/es\/wp-json\/wp\/v2\/comments?post=1409"}],"version-history":[{"count":42,"href":"https:\/\/easycpstest.com\/es\/wp-json\/wp\/v2\/pages\/1409\/revisions"}],"predecessor-version":[{"id":2171,"href":"https:\/\/easycpstest.com\/es\/wp-json\/wp\/v2\/pages\/1409\/revisions\/2171"}],"wp:attachment":[{"href":"https:\/\/easycpstest.com\/es\/wp-json\/wp\/v2\/media?parent=1409"}],"curies":[{"name":"wp","href":"https:\/\/api.w.org\/{rel}","templated":true}]}}