{"id":1432,"date":"2025-02-10T06:50:46","date_gmt":"2025-02-10T06:50:46","guid":{"rendered":"https:\/\/easycpstest.com\/?page_id=1432"},"modified":"2025-02-10T06:50:48","modified_gmt":"2025-02-10T06:50:48","slug":"15-seconds","status":"publish","type":"page","link":"https:\/\/easycpstest.com\/es\/15-seconds\/","title":{"rendered":"15 Second Click Test &#8211; Easy CPS Test"},"content":{"rendered":"<h1 class=\"wp-block-heading has-text-align-center\"><strong>15 Second Click Test &#8211; Easy CPS Test<\/strong><\/h1>\n\n\n\n<p class=\"has-text-align-center wp-block-paragraph\">Puede probar sus habilidades para hacer clic contra el mundo de los juegos en poco tiempo con este desaf\u00edo de clic de quince segundos.<\/p>\n\n\n<div class=\"page-wrapper\">\n\t<div class=\"row\">\n\t\t<div class=\"col-lg-12 col-md-12 custom-container\">\n\t\t\t<div class=\"card\">\n\t\t\t\t<header class=\"entry-header\">\n\t\t\t\t\t\t\t\t\t<\/header>\n\t\t\t\t\t\t\t\t<div class=\"bt-click-inner\">\n\t\t\t\t\t<div class=\"card-header\">\n\t\t\t\t\t\t<div class=\"bt-header-timer\">\n\t\t\t\t\t\t\t<div class=\"bt-time-btn blue-btn\">\n\t\t\t\t\t\t\t\t<h4 class=\"mb-0\"><span id=\"timer\">0<\/span><\/h4>\n\t\t\t\t\t\t\t\t<small class=\"mb-0 sm-custom\">Temporizador<\/small>\n\t\t\t\t\t\t\t<\/div>\n\t\t\t\t\t\t\t<div class=\"bt-time-btn orange-btn\">\n\t\t\t\t\t\t\t\t<h4 class=\"mb-0\"><span id=\"clicks\">0<\/span><\/h4>\n\t\t\t\t\t\t\t\t<small class=\"mb-0 sm-custom\">Clic\/s<\/small>\n\t\t\t\t\t\t\t<\/div>\n\t\t\t\t\t\t\t<div class=\"bt-time-btn green-btn\">\n\t\t\t\t\t\t\t\t<h4 class=\"mb-0\"><span id=\"score\">0<\/span><\/h4>\n\t\t\t\t\t\t\t\t<small class=\"mb-0 sm-custom\">Puntaje<\/small>\n\t\t\t\t\t\t\t<\/div>\n\t\t\t\t\t\t<\/div>\n\t\t\t\t\t<\/div>\n\t\t\t\t\t<div class=\"card-body\">\n\t\t\t\t\t\t<div class=\"bt-click-area\" id=\"bt-click-area\">\n\t\t\t\t\t\t\t<button id=\"start\" type=\"button\" class=\"btn-light btn-round waves-effect waves-light\">HAZ CLIC AQU\u00cd PARA EMPEZAR A JUGAR<\/button>\n\t\t\t\t\t\t<\/div>\n\t\t\t\t\t<\/div>\n\t\t\t\t\t<button type=\"button\" data-toggle=\"modal\" data-target=\"#click-result-modal\" style=\"display: none;\" id=\"trigger-modal\">Modo de lanzamiento<\/button>\n\t\t\t\t<\/div>\n\t\t\t<\/div>\n\t\t<\/div>\n\t\t\t<\/div>\n<\/div>\n\n\n\n<p class=\"wp-block-paragraph\">El desaf\u00edo Click Per 15 Seconds lleva tu juego al siguiente nivel mientras juegas durante 15 segundos en lugar de 2 o 5 segundos. En esta prueba CPS, puede medir la fuerza con la velocidad del clic. Esa velocidad y fuerza de clic ayudan al jugador a jugar duro en el juego real. Sin embargo, la alta velocidad de clic permite al usuario obtener un resultado prometedor.<\/p>\n\n\n<style>.kb-row-layout-wrap.wp-block-kadence-rowlayout.kb-row-layout-id1432_91d749-67{margin-bottom:0px;}.kb-row-layout-id1432_91d749-67 > .kt-row-column-wrap{align-content:start;}:where(.kb-row-layout-id1432_91d749-67 > .kt-row-column-wrap) > .wp-block-kadence-column{justify-content:start;}.kb-row-layout-id1432_91d749-67 > .kt-row-column-wrap{column-gap:var(--global-kb-gap-none, 0rem );row-gap:var(--global-kb-gap-none, 0rem );max-width:1200px;padding-top:30px;padding-right:0px;padding-bottom:30px;padding-left:0px;}.kb-row-layout-id1432_91d749-67 > .kt-row-column-wrap > div:not(.added-for-specificity){grid-column:initial;}.kb-row-layout-id1432_91d749-67 > .kt-row-column-wrap{grid-template-columns:minmax(0, 1fr) minmax(0, 3fr) minmax(0, 1fr);}.kb-row-layout-id1432_91d749-67 > .kt-row-layout-overlay{opacity:0.30;background:linear-gradient(180deg,  0%, #00B5E2 100%);}.kb-row-layout-id1432_91d749-67 .kt-row-layout-bottom-sep{height:100px;}.kb-row-layout-id1432_91d749-67 .kt-row-layout-bottom-sep svg{width:100%;}.kb-row-layout-id1432_91d749-67 .kt-row-layout-bottom-sep svg{fill:#ffffff!important;}@media all and (max-width: 1024px){.kb-row-layout-id1432_91d749-67 > .kt-row-column-wrap{padding-top:0px;padding-right:50px;padding-bottom:80px;padding-left:50px;grid-template-columns:minmax(0, 1fr);}}@media all and (max-width: 1024px){.kb-row-layout-id1432_91d749-67 > .kt-row-column-wrap > div:not(.added-for-specificity){grid-column:initial;}}@media all and (max-width: 1024px){.kb-row-layout-id1432_91d749-67 .kt-row-layout-bottom-sep{height:px;}}@media all and (max-width: 1024px){.kb-row-layout-id1432_91d749-67 .kt-row-layout-bottom-sep svg{width:%;}}@media all and (max-width: 767px){.kb-row-layout-id1432_91d749-67 > .kt-row-column-wrap{padding-top:40px;padding-right:20px;padding-bottom:50px;padding-left:20px;grid-template-columns:minmax(0, 1fr);}.kb-row-layout-id1432_91d749-67 > .kt-row-column-wrap > div:not(.added-for-specificity){grid-column:initial;}.kb-row-layout-id1432_91d749-67 .kt-row-layout-bottom-sep{height:px;}.kb-row-layout-id1432_91d749-67 .kt-row-layout-bottom-sep svg{width:%;}}<\/style><div class=\"kb-row-layout-wrap kb-row-layout-id1432_91d749-67 alignnone kt-row-has-bg wp-block-kadence-rowlayout\"><div class=\"kt-row-layout-overlay kt-row-overlay-gradient\"><\/div><div class=\"kt-row-column-wrap kt-has-3-columns kt-row-layout-center-wide kt-tab-layout-row kt-mobile-layout-row kt-row-valign-top kb-theme-content-width\">\n<style>.kadence-column1432_e1f756-e6 > .kt-inside-inner-col{padding-top:10px;padding-right:10px;padding-bottom:10px;padding-left:10px;}.kadence-column1432_e1f756-e6 > .kt-inside-inner-col,.kadence-column1432_e1f756-e6 > .kt-inside-inner-col:before{border-top-left-radius:0px;border-top-right-radius:0px;border-bottom-right-radius:0px;border-bottom-left-radius:0px;}.kadence-column1432_e1f756-e6 > .kt-inside-inner-col{column-gap:var(--global-kb-gap-sm, 1rem);}.kadence-column1432_e1f756-e6 > .kt-inside-inner-col{flex-direction:column;}.kadence-column1432_e1f756-e6 > .kt-inside-inner-col > .aligncenter{width:100%;}.kadence-column1432_e1f756-e6 > .kt-inside-inner-col:before{opacity:0.3;}.kadence-column1432_e1f756-e6{position:relative;}.kadence-column1432_e1f756-e6, .kt-inside-inner-col > .kadence-column1432_e1f756-e6:not(.specificity){margin-top:0px;margin-right:20px;margin-bottom:0px;margin-left:0px;}@media all and (max-width: 1024px){.kadence-column1432_e1f756-e6 > .kt-inside-inner-col{flex-direction:column;justify-content:center;}}@media all and (max-width: 1024px){.kadence-column1432_e1f756-e6, .kt-inside-inner-col > .kadence-column1432_e1f756-e6:not(.specificity){margin-top:0px;margin-right:0px;margin-bottom:0px;margin-left:0px;}}@media all and (max-width: 767px){.kadence-column1432_e1f756-e6 > .kt-inside-inner-col{flex-direction:column;justify-content:center;}}<\/style>\n<div class=\"wp-block-kadence-column kadence-column1432_e1f756-e6 inner-column-1\"><div class=\"kt-inside-inner-col\"><\/div><\/div>\n\n\n<style>.kadence-column1432_0f2c7b-94 > .kt-inside-inner-col{padding-top:10px;padding-right:10px;padding-bottom:10px;padding-left:10px;}.kadence-column1432_0f2c7b-94 > .kt-inside-inner-col,.kadence-column1432_0f2c7b-94 > .kt-inside-inner-col:before{border-top-left-radius:0px;border-top-right-radius:0px;border-bottom-right-radius:0px;border-bottom-left-radius:0px;}.kadence-column1432_0f2c7b-94 > .kt-inside-inner-col{column-gap:var(--global-kb-gap-sm, 1rem);}.kadence-column1432_0f2c7b-94 > .kt-inside-inner-col{flex-direction:column;}.kadence-column1432_0f2c7b-94 > .kt-inside-inner-col > .aligncenter{width:100%;}.kadence-column1432_0f2c7b-94 > .kt-inside-inner-col:before{opacity:0.3;}.kadence-column1432_0f2c7b-94{position:relative;}.kadence-column1432_0f2c7b-94, .kt-inside-inner-col > .kadence-column1432_0f2c7b-94:not(.specificity){margin-top:0px;margin-right:10px;margin-bottom:0px;margin-left:10px;}@media all and (max-width: 1024px){.kadence-column1432_0f2c7b-94 > .kt-inside-inner-col{flex-direction:column;justify-content:center;}}@media all and (max-width: 1024px){.kadence-column1432_0f2c7b-94, .kt-inside-inner-col > .kadence-column1432_0f2c7b-94:not(.specificity){margin-top:0px;margin-right:0px;margin-bottom:0px;margin-left:0px;}}@media all and (max-width: 767px){.kadence-column1432_0f2c7b-94 > .kt-inside-inner-col{flex-direction:column;justify-content:center;}}<\/style>\n<div class=\"wp-block-kadence-column kadence-column1432_0f2c7b-94 inner-column-2\"><div class=\"kt-inside-inner-col\"><style>.wp-block-kadence-column.kb-section-dir-horizontal > .kt-inside-inner-col > .kt-info-box1432_54d2e7-a2 .kt-blocks-info-box-link-wrap{max-width:unset;}.kt-info-box1432_54d2e7-a2 .kt-blocks-info-box-link-wrap{border-top:1px solid var(--global-palette7, #EDF2F7);border-right:1px solid var(--global-palette7, #EDF2F7);border-bottom:1px solid var(--global-palette7, #EDF2F7);border-left:1px solid var(--global-palette7, #EDF2F7);border-top-left-radius:10px;border-top-right-radius:10px;border-bottom-right-radius:10px;border-bottom-left-radius:10px;background:#007bff;padding-top:30px;padding-right:30px;padding-bottom:30px;padding-left:30px;margin-bottom:0px;}.kt-info-box1432_54d2e7-a2 .kt-blocks-info-box-link-wrap:hover{background:#6a6dec;}.kt-info-box1432_54d2e7-a2 .kadence-info-box-icon-container .kt-info-svg-icon, .kt-info-box1432_54d2e7-a2 .kt-info-svg-icon-flip, .kt-info-box1432_54d2e7-a2 .kt-blocks-info-box-number{font-size:50px;}.kt-info-box1432_54d2e7-a2 .kt-blocks-info-box-media{color:#444444;background:transparent;border-color:#444444;border-top-width:0px;border-right-width:0px;border-bottom-width:0px;border-left-width:0px;padding-top:0px;padding-right:0px;padding-bottom:0px;padding-left:0px;}.kt-info-box1432_54d2e7-a2 .kt-blocks-info-box-media-container{margin-top:0px;margin-right:15px;margin-bottom:0px;margin-left:0px;}.kt-info-box1432_54d2e7-a2 .kt-blocks-info-box-link-wrap:hover .kt-blocks-info-box-media{color:#444444;background:transparent;border-color:#444444;}.kt-info-box1432_54d2e7-a2 .kt-infobox-textcontent h6.kt-blocks-info-box-title{line-height:1.3em;padding-top:0px;padding-right:0px;padding-bottom:0px;padding-left:0px;margin-top:0px;margin-right:0px;margin-bottom:14px;margin-left:0px;}.kt-info-box1432_54d2e7-a2 .kt-infobox-textcontent .kt-blocks-info-box-text{color:var(--base-3);}.wp-block-kadence-infobox.kt-info-box1432_54d2e7-a2 .kt-blocks-info-box-text{text-transform:capitalize;}.kt-info-box1432_54d2e7-a2 .kt-blocks-info-box-learnmore{background:transparent;border-color:#555555;border-width:0px 0px 0px 0px;padding-top:4px;padding-right:8px;padding-bottom:4px;padding-left:8px;margin-top:10px;margin-right:0px;margin-bottom:10px;margin-left:0px;}.kt-info-box1432_54d2e7-a2 .kt-blocks-info-box-link-wrap:hover .kt-blocks-info-box-learnmore,.kt-info-box1432_54d2e7-a2 .kt-blocks-info-box-link-wrap .kt-blocks-info-box-learnmore:focus{color:#ffffff;background:#444444;border-color:#444444;}.kt-info-box1432_54d2e7-a2 .kt-blocks-info-box-link-wrap{box-shadow:0px 0px 0px 0px rgba(0, 0, 0, 0);}.kt-info-box1432_54d2e7-a2 .kt-blocks-info-box-link-wrap:hover{box-shadow:20px 20px 80px 0px rgba(27, 0, 79, 0.06);}@media all and (max-width: 1024px){.kt-info-box1432_54d2e7-a2 .kt-blocks-info-box-link-wrap{border-top:1px solid var(--global-palette7, #EDF2F7);border-right:1px solid var(--global-palette7, #EDF2F7);border-bottom:1px solid var(--global-palette7, #EDF2F7);border-left:1px solid var(--global-palette7, #EDF2F7);box-shadow:0px 0px 0px 0px rgba(0, 0, 0, 0);}}@media all and (max-width: 1024px){.kt-info-box1432_54d2e7-a2 .kt-blocks-info-box-link-wrap:hover{box-shadow:20px 20px 80px 0px rgba(27, 0, 79, 0.06);}}@media all and (max-width: 767px){.kt-info-box1432_54d2e7-a2 .kt-blocks-info-box-link-wrap{border-top:1px solid var(--global-palette7, #EDF2F7);border-right:1px solid var(--global-palette7, #EDF2F7);border-bottom:1px solid var(--global-palette7, #EDF2F7);border-left:1px solid var(--global-palette7, #EDF2F7);text-align:center;display:block;box-shadow:0px 0px 0px 0px rgba(0, 0, 0, 0);}.kt-info-box1432_54d2e7-a2 .kt-blocks-info-box-link-wrap .kt-blocks-info-box-media{display:inline-block;max-width:100%;}.kt-info-box1432_54d2e7-a2 .kt-blocks-info-box-link-wrap:hover{box-shadow:20px 20px 80px 0px rgba(27, 0, 79, 0.06);}}<\/style>\n<div class=\"wp-block-kadence-infobox kt-info-box1432_54d2e7-a2\"><a class=\"kt-blocks-info-box-link-wrap info-box-link kt-blocks-info-box-media-align-top kt-info-halign-center kb-info-box-vertical-media-align-top kb-info-mobile-halign-center\" target=\"_blank\" rel=\"noopener noreferrer\" href=\"https:\/\/easycpstest.com\/es\/\" aria-label=\"Haga clic en Prueba de velocidad | Prueba CPS\"><div class=\"kt-infobox-textcontent\"><p class=\"kt-blocks-info-box-text\"><strong>PRUEBA DE VELOCIDAD DE CLIC | PRUEBA CPS<\/strong><\/p><\/div><\/a><\/div>\n<\/div><\/div>\n\n\n<style>.kadence-column1432_1443f6-2c > .kt-inside-inner-col{padding-top:10px;padding-right:10px;padding-bottom:10px;padding-left:10px;}.kadence-column1432_1443f6-2c > .kt-inside-inner-col,.kadence-column1432_1443f6-2c > .kt-inside-inner-col:before{border-top-left-radius:0px;border-top-right-radius:0px;border-bottom-right-radius:0px;border-bottom-left-radius:0px;}.kadence-column1432_1443f6-2c > .kt-inside-inner-col{column-gap:var(--global-kb-gap-sm, 1rem);}.kadence-column1432_1443f6-2c > .kt-inside-inner-col{flex-direction:column;}.kadence-column1432_1443f6-2c > .kt-inside-inner-col > .aligncenter{width:100%;}.kadence-column1432_1443f6-2c > .kt-inside-inner-col:before{opacity:0.3;}.kadence-column1432_1443f6-2c{position:relative;}.kadence-column1432_1443f6-2c, .kt-inside-inner-col > .kadence-column1432_1443f6-2c:not(.specificity){margin-top:0px;margin-right:0px;margin-bottom:0px;margin-left:20px;}@media all and (max-width: 1024px){.kadence-column1432_1443f6-2c > .kt-inside-inner-col{flex-direction:column;justify-content:center;}}@media all and (max-width: 1024px){.kadence-column1432_1443f6-2c, .kt-inside-inner-col > .kadence-column1432_1443f6-2c:not(.specificity){margin-top:0px;margin-right:0px;margin-bottom:0px;margin-left:0px;}}@media all and (max-width: 767px){.kadence-column1432_1443f6-2c > .kt-inside-inner-col{flex-direction:column;justify-content:center;}}<\/style>\n<div class=\"wp-block-kadence-column kadence-column1432_1443f6-2c inner-column-3\"><div class=\"kt-inside-inner-col\"><\/div><\/div>\n\n<\/div><\/div>\n\n\n<p class=\"wp-block-paragraph\">Eventualmente, los juegos de hacer clic se desarrollan con un dise\u00f1o equilibrado. Entonces, los usuarios pueden administrar los clics en el tiempo, como 15, 10, 5 o 2 segundos. Sin embargo, los peque\u00f1os desaf\u00edos del juego de clics permiten al usuario prepararse para los desaf\u00edos de clics extremos. Eventualmente, acepta desaf\u00edos iniciales, por lo que avanzar ser\u00e1 f\u00e1cil si practica lo suficiente.<\/p>\n\n\n<style>.wp-block-kadence-column.kb-section-dir-horizontal > .kt-inside-inner-col > .kt-info-box1432_ce5d0d-e5 .kt-blocks-info-box-link-wrap{max-width:unset;}.kt-info-box1432_ce5d0d-e5 .kt-blocks-info-box-link-wrap{border-top-left-radius:20px;border-top-right-radius:20px;border-bottom-right-radius:20px;border-bottom-left-radius:20px;background:#f1f1f1;padding-top:0px;padding-right:0px;padding-bottom:0px;padding-left:0px;}.kt-info-box1432_ce5d0d-e5 .kt-blocks-info-box-link-wrap:hover{background:#f2f2f2;}.kt-info-box1432_ce5d0d-e5 .kadence-info-box-icon-container .kt-info-svg-icon, .kt-info-box1432_ce5d0d-e5 .kt-info-svg-icon-flip, .kt-info-box1432_ce5d0d-e5 .kt-blocks-info-box-number{font-size:50px;}.kt-info-box1432_ce5d0d-e5 .kt-blocks-info-box-media{color:#1554e3;background:transparent;border-color:rgba(0,0,0,0);border-radius:200px;overflow:hidden;border-top-width:0px;border-right-width:0px;border-bottom-width:0px;border-left-width:0px;padding-top:20px;padding-right:20px;padding-bottom:20px;padding-left:20px;margin-top:0px;margin-right:20px;margin-bottom:0px;margin-left:0px;}.kt-info-box1432_ce5d0d-e5 .kt-blocks-info-box-media .kadence-info-box-image-intrisic img{border-radius:200px;}.kt-info-box1432_ce5d0d-e5 .kt-blocks-info-box-link-wrap:hover .kt-blocks-info-box-media{color:#1554e3;background:rgba(0,0,0,0);border-color:rgba(0,0,0,0);}.kt-info-box1432_ce5d0d-e5 .kt-infobox-textcontent h2.kt-blocks-info-box-title{padding-top:0px;padding-right:0px;padding-bottom:0px;padding-left:0px;margin-top:5px;margin-right:0px;margin-bottom:10px;margin-left:0px;}.kt-info-box1432_ce5d0d-e5 .kt-infobox-textcontent .kt-blocks-info-box-text{color:#000000;}.wp-block-kadence-infobox.kt-info-box1432_ce5d0d-e5 .kt-blocks-info-box-text{font-weight:400;}.kt-info-box1432_ce5d0d-e5 .kt-blocks-info-box-learnmore{background:transparent;border-color:#555555;border-width:0px 0px 0px 0px;padding-top:4px;padding-right:8px;padding-bottom:4px;padding-left:8px;margin-top:10px;margin-right:0px;margin-bottom:10px;margin-left:0px;}.kt-info-box1432_ce5d0d-e5 .kt-blocks-info-box-link-wrap:hover .kt-blocks-info-box-learnmore,.kt-info-box1432_ce5d0d-e5 .kt-blocks-info-box-link-wrap .kt-blocks-info-box-learnmore:focus{color:#ffffff;background:#444444;border-color:#444444;}<\/style>\n<div class=\"wp-block-kadence-infobox kt-info-box1432_ce5d0d-e5\"><span class=\"kt-blocks-info-box-link-wrap info-box-link kt-blocks-info-box-media-align-left kt-info-halign-left\"><div class=\"kt-blocks-info-box-media-container\"><div class=\"kt-blocks-info-box-media kt-info-media-animate-none\"><div class=\"kadence-info-box-icon-container kt-info-icon-animate-none\"><div class=\"kadence-info-box-icon-inner-container\"><span class=\"kb-svg-icon-wrap kb-svg-icon-ic_bullhorn kt-info-svg-icon\"><svg viewbox=\"0 0 8 8\"  fill=\"currentColor\" xmlns=\"http:\/\/www.w3.org\/2000\/svg\"  role=\"img\"><title>annoucement <\/title><path d=\"M6 0v6c.03.01.07 0 .09 0h.81c.05 0 .09-.04.09-.09v-5.81c0-.06-.04-.09-.09-.09h-.91zm-1 .5l-2.91 1.47c-.05.02-.13.03-.19.03h-1.81c-.06 0-.09.04-.09.09v1.81c0 .06.04.09.09.09h.91l1.03 2.72c.11.25.44.36.69.25.25-.11.36-.44.25-.69l-.75-1.78c.03-.14.13-.22.28-.22v-.03l2.5 1.25v-5z\"\/><\/svg><\/span><\/div><\/div><\/div><\/div><div class=\"kt-infobox-textcontent\"><p class=\"kt-blocks-info-box-text\"><strong>El r\u00e9cord mundial m\u00e1s alto en clics por 15 segundos es de 195 clics. Deseamos que superes el desaf\u00edo con un enfoque uniforme.<\/strong><\/p><\/div><\/span><\/div>\n\n\n\n<h2 style=\"color: #ffffff;font-weight: 400;background: #007bff;width: auto;margin: 1em 0px;font-size: 25px;line-height: 1;padding: 14px;border-left: 40px solid #000000;box-shadow: #c7c7c7 0px 2px 15px 0px;text-align:;\"><span id=\"Clicks_Per_15_Seconds_Challenge\"><strong>Desaf\u00edo de clics por 15 segundos<\/strong><\/span><\/h2>\n\n\n\n<p class=\"wp-block-paragraph\">Desafiar la prueba CPS llev\u00f3 al jugador hacia la pr\u00e1ctica y el juego duro para ganar. Por lo tanto, los jugadores se esfuerzan por jugar el juego por diversi\u00f3n y una sana competencia. A medida que avances en el juego, lo disfrutar\u00e1s m\u00e1s que nunca por su impacto en la velocidad de clic.&nbsp;<\/p>\n\n\n\n<p class=\"wp-block-paragraph\">Todos los juegos CPS Test and Clicking tienen como objetivo lograr la puntuaci\u00f3n m\u00e1s alta en el juego en tiempo real. Sin embargo, puedes establecer el r\u00e9cord mundial o abrir un desaf\u00edo para tus amigos y oponentes.<\/p>\n\n\n\n<p class=\"wp-block-paragraph\">Al igual que otras pruebas de CPS, la <a href=\"https:\/\/easycpstest.com\/es\/20-seconds\/\" target=\"_blank\" rel=\"noreferrer noopener\">reto de 20 segundos<\/a> no es s\u00faper dif\u00edcil e inalcanzable. Pero a medida que aumenta la duraci\u00f3n del tiempo, se vuelve dif\u00edcil mantener el potencial inicial del juego. Pero el usuario tiene m\u00e1s tiempo para obtener una puntuaci\u00f3n alta en el juego o desaf\u00edo. Muchos jugadores alcanzan los objetivos que se propusieron antes de jugar. Por lo tanto, debe intentar alcanzar el objetivo.<\/p>\n\n\n\n<h3 style=\"color: #ffffff;font-weight: 400;background: #007bff;width: auto;margin: 1em 0px;font-size: 25px;line-height: 1;padding: 14px;border-left: 40px solid #000000;box-shadow: #c7c7c7 0px 2px 15px 0px;text-align:;\"><span id=\"Features_of_Clicks_Per_15_Seconds\"><strong>Caracter\u00edsticas de los clics por 15 segundos<\/strong><\/span><\/h3>\n\n\n\n<p class=\"wp-block-paragraph\">Para ganar eficiencia en el juego, la pr\u00e1ctica es imprescindible. Para que pueda ganar el juego en tiempo real sin problemas y sin esfuerzo. Por lo tanto, EasyCPSTest permite al usuario jugar el desaf\u00edo del juego, lo que ayuda a mejorar la habilidad de juego, la velocidad y la precisi\u00f3n de los clics. Una vez que gane precisi\u00f3n, puede avanzar para ganar desaf\u00edos m\u00e1s dif\u00edciles.<\/p>\n\n\n\n<p class=\"wp-block-paragraph\">El enorme y valioso desaf\u00edo del clic por 15 segundos permite el dominio del clic con los dedos. Sin embargo, puede hacer un r\u00e9cord mundial para el desaf\u00edo particular apuntando con el brazo y el dedo si el usuario no se siente c\u00f3modo con el ritmo est\u00e1ndar de clic. Por lo tanto, un deseo de mejorar la velocidad de su ensayo de clics es la mejor opci\u00f3n.<\/p>\n\n\n\n<p class=\"wp-block-paragraph\">Para prevalecer en la competencia en l\u00ednea, la velocidad de clic es esencial para el desempe\u00f1o en varios juegos en l\u00ednea. Posteriormente, debe participar y ser un experto en desaf\u00edos de clics de alta velocidad.<\/p>","protected":false},"excerpt":{"rendered":"<p>15 Second Click Test &#8211; Easy CPS Test You can test your clicking chops against the gaming world in a short time with this fifteen-second click challenge. Click Per 15 Seconds&nbsp;challenge leads your game to the next level as you &#8230; <\/p>\n<p class=\"read-more-container\"><a title=\"15 Second Click Test &#8211; Easy CPS Test\" class=\"read-more button\" href=\"https:\/\/easycpstest.com\/es\/15-seconds\/#more-1432\" aria-label=\"M\u00e1s en 15 Second Click Test &#8211; Easy CPS Test\">Leer m\u00e1s<\/a><\/p>","protected":false},"author":1,"featured_media":0,"parent":0,"menu_order":0,"comment_status":"closed","ping_status":"closed","template":"","meta":{"_crdt_document":"","footnotes":""},"class_list":{"0":"post-1432","1":"page","2":"type-page","3":"status-publish","5":"no-featured-image-padding"},"_links":{"self":[{"href":"https:\/\/easycpstest.com\/es\/wp-json\/wp\/v2\/pages\/1432","targetHints":{"allow":["GET"]}}],"collection":[{"href":"https:\/\/easycpstest.com\/es\/wp-json\/wp\/v2\/pages"}],"about":[{"href":"https:\/\/easycpstest.com\/es\/wp-json\/wp\/v2\/types\/page"}],"author":[{"embeddable":true,"href":"https:\/\/easycpstest.com\/es\/wp-json\/wp\/v2\/users\/1"}],"replies":[{"embeddable":true,"href":"https:\/\/easycpstest.com\/es\/wp-json\/wp\/v2\/comments?post=1432"}],"version-history":[{"count":14,"href":"https:\/\/easycpstest.com\/es\/wp-json\/wp\/v2\/pages\/1432\/revisions"}],"predecessor-version":[{"id":2162,"href":"https:\/\/easycpstest.com\/es\/wp-json\/wp\/v2\/pages\/1432\/revisions\/2162"}],"wp:attachment":[{"href":"https:\/\/easycpstest.com\/es\/wp-json\/wp\/v2\/media?parent=1432"}],"curies":[{"name":"wp","href":"https:\/\/api.w.org\/{rel}","templated":true}]}}