{"id":219,"date":"2025-02-10T06:49:54","date_gmt":"2025-02-10T06:49:54","guid":{"rendered":"https:\/\/easycpstest.com\/?page_id=219"},"modified":"2025-02-10T06:49:56","modified_gmt":"2025-02-10T06:49:56","slug":"10-seconds","status":"publish","type":"page","link":"https:\/\/easycpstest.com\/es\/10-seconds\/","title":{"rendered":"10 Second Click Test &#8211; Easy CPS Test"},"content":{"rendered":"<h1 class=\"wp-block-heading has-text-align-center\"><strong>10 Second Click Test &#8211; Easy CPS Test<\/strong><\/h1>\n\n\n\n<p class=\"has-text-align-center wp-block-paragraph\">Puede probar sus habilidades para hacer clic contra el mundo de los juegos en poco tiempo con este desaf\u00edo de clic de diez segundos.<\/p>\n\n\n<div class=\"page-wrapper\">\n\t<div class=\"row\">\n\t\t<div class=\"col-lg-12 col-md-12 custom-container\">\n\t\t\t<div class=\"card\">\n\t\t\t\t<header class=\"entry-header\">\n\t\t\t\t\t\t\t\t\t<\/header>\n\t\t\t\t\t\t\t\t<div class=\"bt-click-inner\">\n\t\t\t\t\t<div class=\"card-header\">\n\t\t\t\t\t\t<div class=\"bt-header-timer\">\n\t\t\t\t\t\t\t<div class=\"bt-time-btn blue-btn\">\n\t\t\t\t\t\t\t\t<h4 class=\"mb-0\"><span id=\"timer\">0<\/span><\/h4>\n\t\t\t\t\t\t\t\t<small class=\"mb-0 sm-custom\">Temporizador<\/small>\n\t\t\t\t\t\t\t<\/div>\n\t\t\t\t\t\t\t<div class=\"bt-time-btn orange-btn\">\n\t\t\t\t\t\t\t\t<h4 class=\"mb-0\"><span id=\"clicks\">0<\/span><\/h4>\n\t\t\t\t\t\t\t\t<small class=\"mb-0 sm-custom\">Clic\/s<\/small>\n\t\t\t\t\t\t\t<\/div>\n\t\t\t\t\t\t\t<div class=\"bt-time-btn green-btn\">\n\t\t\t\t\t\t\t\t<h4 class=\"mb-0\"><span id=\"score\">0<\/span><\/h4>\n\t\t\t\t\t\t\t\t<small class=\"mb-0 sm-custom\">Puntaje<\/small>\n\t\t\t\t\t\t\t<\/div>\n\t\t\t\t\t\t<\/div>\n\t\t\t\t\t<\/div>\n\t\t\t\t\t<div class=\"card-body\">\n\t\t\t\t\t\t<div class=\"bt-click-area\" id=\"bt-click-area\">\n\t\t\t\t\t\t\t<button id=\"start\" type=\"button\" class=\"btn-light btn-round waves-effect waves-light\">HAZ CLIC AQU\u00cd PARA EMPEZAR A JUGAR<\/button>\n\t\t\t\t\t\t<\/div>\n\t\t\t\t\t<\/div>\n\t\t\t\t\t<button type=\"button\" data-toggle=\"modal\" data-target=\"#click-result-modal\" style=\"display: none;\" id=\"trigger-modal\">Modo de lanzamiento<\/button>\n\t\t\t\t<\/div>\n\t\t\t<\/div>\n\t\t<\/div>\n\t\t\t<\/div>\n<\/div>\n\n\n\n<h2 style=\"color: #ffffff;font-weight: 400;background: #007bff;width: auto;margin: 1em 0px;font-size: 25px;line-height: 1;padding: 14px;border-left: 40px solid #000000;box-shadow: #c7c7c7 0px 2px 15px 0px;text-align:;\"><span id=\"What_is_a_Click_Per_10_Seconds\"><strong>\u00bfQu\u00e9 es un clic por 10 segundos?<\/strong><\/span><\/h2>\n\n\n\n<p class=\"wp-block-paragraph\">Es b\u00e1sicamente la velocidad de hacer clic en un n\u00famero cort\u00e9s de clics en un tiempo permitido de 10 segundos. Puede hacer numerosos clics con el mouse y puede convertirse en el usuario m\u00e1s r\u00e1pido del mundo en cualquier formato de segundos.<\/p>\n\n\n\n<p class=\"wp-block-paragraph\">Muchos sitios web permitir\u00e1n realizar una prueba de velocidad de clic durante un per\u00edodo de tiempo de 10 segundos y luego, al aplicar el algoritmo en los datos, le mostrar\u00e1n el CPS para esa prueba individual.<\/p>\n\n\n<style>.kb-row-layout-wrap.wp-block-kadence-rowlayout.kb-row-layout-id219_ba3a01-23{margin-bottom:0px;}.kb-row-layout-id219_ba3a01-23 > .kt-row-column-wrap{align-content:start;}:where(.kb-row-layout-id219_ba3a01-23 > .kt-row-column-wrap) > .wp-block-kadence-column{justify-content:start;}.kb-row-layout-id219_ba3a01-23 > .kt-row-column-wrap{column-gap:var(--global-kb-gap-none, 0rem );row-gap:var(--global-kb-gap-none, 0rem );max-width:1200px;padding-top:30px;padding-right:0px;padding-bottom:30px;padding-left:0px;}.kb-row-layout-id219_ba3a01-23 > .kt-row-column-wrap > div:not(.added-for-specificity){grid-column:initial;}.kb-row-layout-id219_ba3a01-23 > .kt-row-column-wrap{grid-template-columns:minmax(0, 1fr) minmax(0, 3fr) minmax(0, 1fr);}.kb-row-layout-id219_ba3a01-23 > .kt-row-layout-overlay{opacity:0.30;background:linear-gradient(180deg,  0%, #00B5E2 100%);}.kb-row-layout-id219_ba3a01-23 .kt-row-layout-bottom-sep{height:100px;}.kb-row-layout-id219_ba3a01-23 .kt-row-layout-bottom-sep svg{width:100%;}.kb-row-layout-id219_ba3a01-23 .kt-row-layout-bottom-sep svg{fill:#ffffff!important;}@media all and (max-width: 1024px){.kb-row-layout-id219_ba3a01-23 > .kt-row-column-wrap{padding-top:0px;padding-right:50px;padding-bottom:80px;padding-left:50px;grid-template-columns:minmax(0, 1fr);}}@media all and (max-width: 1024px){.kb-row-layout-id219_ba3a01-23 > .kt-row-column-wrap > div:not(.added-for-specificity){grid-column:initial;}}@media all and (max-width: 1024px){.kb-row-layout-id219_ba3a01-23 .kt-row-layout-bottom-sep{height:px;}}@media all and (max-width: 1024px){.kb-row-layout-id219_ba3a01-23 .kt-row-layout-bottom-sep svg{width:%;}}@media all and (max-width: 767px){.kb-row-layout-id219_ba3a01-23 > .kt-row-column-wrap{padding-top:40px;padding-right:20px;padding-bottom:50px;padding-left:20px;grid-template-columns:minmax(0, 1fr);}.kb-row-layout-id219_ba3a01-23 > .kt-row-column-wrap > div:not(.added-for-specificity){grid-column:initial;}.kb-row-layout-id219_ba3a01-23 .kt-row-layout-bottom-sep{height:px;}.kb-row-layout-id219_ba3a01-23 .kt-row-layout-bottom-sep svg{width:%;}}<\/style><div class=\"kb-row-layout-wrap kb-row-layout-id219_ba3a01-23 alignnone kt-row-has-bg wp-block-kadence-rowlayout\"><div class=\"kt-row-layout-overlay kt-row-overlay-gradient\"><\/div><div class=\"kt-row-column-wrap kt-has-3-columns kt-row-layout-center-wide kt-tab-layout-row kt-mobile-layout-row kt-row-valign-top kb-theme-content-width\">\n<style>.kadence-column219_5db0f4-ed > .kt-inside-inner-col{padding-top:10px;padding-right:10px;padding-bottom:10px;padding-left:10px;}.kadence-column219_5db0f4-ed > .kt-inside-inner-col,.kadence-column219_5db0f4-ed > .kt-inside-inner-col:before{border-top-left-radius:0px;border-top-right-radius:0px;border-bottom-right-radius:0px;border-bottom-left-radius:0px;}.kadence-column219_5db0f4-ed > .kt-inside-inner-col{column-gap:var(--global-kb-gap-sm, 1rem);}.kadence-column219_5db0f4-ed > .kt-inside-inner-col{flex-direction:column;}.kadence-column219_5db0f4-ed > .kt-inside-inner-col > .aligncenter{width:100%;}.kadence-column219_5db0f4-ed > .kt-inside-inner-col:before{opacity:0.3;}.kadence-column219_5db0f4-ed{position:relative;}.kadence-column219_5db0f4-ed, .kt-inside-inner-col > .kadence-column219_5db0f4-ed:not(.specificity){margin-top:0px;margin-right:20px;margin-bottom:0px;margin-left:0px;}@media all and (max-width: 1024px){.kadence-column219_5db0f4-ed > .kt-inside-inner-col{flex-direction:column;justify-content:center;}}@media all and (max-width: 1024px){.kadence-column219_5db0f4-ed, .kt-inside-inner-col > .kadence-column219_5db0f4-ed:not(.specificity){margin-top:0px;margin-right:0px;margin-bottom:0px;margin-left:0px;}}@media all and (max-width: 767px){.kadence-column219_5db0f4-ed > .kt-inside-inner-col{flex-direction:column;justify-content:center;}}<\/style>\n<div class=\"wp-block-kadence-column kadence-column219_5db0f4-ed inner-column-1\"><div class=\"kt-inside-inner-col\"><\/div><\/div>\n\n\n<style>.kadence-column219_e140b2-4a > .kt-inside-inner-col{padding-top:10px;padding-right:10px;padding-bottom:10px;padding-left:10px;}.kadence-column219_e140b2-4a > .kt-inside-inner-col,.kadence-column219_e140b2-4a > .kt-inside-inner-col:before{border-top-left-radius:0px;border-top-right-radius:0px;border-bottom-right-radius:0px;border-bottom-left-radius:0px;}.kadence-column219_e140b2-4a > .kt-inside-inner-col{column-gap:var(--global-kb-gap-sm, 1rem);}.kadence-column219_e140b2-4a > .kt-inside-inner-col{flex-direction:column;}.kadence-column219_e140b2-4a > .kt-inside-inner-col > .aligncenter{width:100%;}.kadence-column219_e140b2-4a > .kt-inside-inner-col:before{opacity:0.3;}.kadence-column219_e140b2-4a{position:relative;}.kadence-column219_e140b2-4a, .kt-inside-inner-col > .kadence-column219_e140b2-4a:not(.specificity){margin-top:0px;margin-right:10px;margin-bottom:0px;margin-left:10px;}@media all and (max-width: 1024px){.kadence-column219_e140b2-4a > .kt-inside-inner-col{flex-direction:column;justify-content:center;}}@media all and (max-width: 1024px){.kadence-column219_e140b2-4a, .kt-inside-inner-col > .kadence-column219_e140b2-4a:not(.specificity){margin-top:0px;margin-right:0px;margin-bottom:0px;margin-left:0px;}}@media all and (max-width: 767px){.kadence-column219_e140b2-4a > .kt-inside-inner-col{flex-direction:column;justify-content:center;}}<\/style>\n<div class=\"wp-block-kadence-column kadence-column219_e140b2-4a inner-column-2\"><div class=\"kt-inside-inner-col\"><style>.wp-block-kadence-column.kb-section-dir-horizontal > .kt-inside-inner-col > .kt-info-box219_8756d2-9b .kt-blocks-info-box-link-wrap{max-width:unset;}.kt-info-box219_8756d2-9b .kt-blocks-info-box-link-wrap{border-top:1px solid var(--global-palette7, #EDF2F7);border-right:1px solid var(--global-palette7, #EDF2F7);border-bottom:1px solid var(--global-palette7, #EDF2F7);border-left:1px solid var(--global-palette7, #EDF2F7);border-top-left-radius:10px;border-top-right-radius:10px;border-bottom-right-radius:10px;border-bottom-left-radius:10px;background:#007bff;padding-top:30px;padding-right:30px;padding-bottom:30px;padding-left:30px;margin-bottom:0px;}.kt-info-box219_8756d2-9b .kt-blocks-info-box-link-wrap:hover{background:#6a6dec;}.kt-info-box219_8756d2-9b .kadence-info-box-icon-container .kt-info-svg-icon, .kt-info-box219_8756d2-9b .kt-info-svg-icon-flip, .kt-info-box219_8756d2-9b .kt-blocks-info-box-number{font-size:50px;}.kt-info-box219_8756d2-9b .kt-blocks-info-box-media{color:#444444;background:transparent;border-color:#444444;border-top-width:0px;border-right-width:0px;border-bottom-width:0px;border-left-width:0px;padding-top:0px;padding-right:0px;padding-bottom:0px;padding-left:0px;}.kt-info-box219_8756d2-9b .kt-blocks-info-box-media-container{margin-top:0px;margin-right:15px;margin-bottom:0px;margin-left:0px;}.kt-info-box219_8756d2-9b .kt-blocks-info-box-link-wrap:hover .kt-blocks-info-box-media{color:#444444;background:transparent;border-color:#444444;}.kt-info-box219_8756d2-9b .kt-infobox-textcontent h6.kt-blocks-info-box-title{line-height:1.3em;padding-top:0px;padding-right:0px;padding-bottom:0px;padding-left:0px;margin-top:0px;margin-right:0px;margin-bottom:14px;margin-left:0px;}.kt-info-box219_8756d2-9b .kt-infobox-textcontent .kt-blocks-info-box-text{color:var(--base-3);}.wp-block-kadence-infobox.kt-info-box219_8756d2-9b .kt-blocks-info-box-text{text-transform:capitalize;}.kt-info-box219_8756d2-9b .kt-blocks-info-box-learnmore{background:transparent;border-color:#555555;border-width:0px 0px 0px 0px;padding-top:4px;padding-right:8px;padding-bottom:4px;padding-left:8px;margin-top:10px;margin-right:0px;margin-bottom:10px;margin-left:0px;}.kt-info-box219_8756d2-9b .kt-blocks-info-box-link-wrap:hover .kt-blocks-info-box-learnmore,.kt-info-box219_8756d2-9b .kt-blocks-info-box-link-wrap .kt-blocks-info-box-learnmore:focus{color:#ffffff;background:#444444;border-color:#444444;}.kt-info-box219_8756d2-9b .kt-blocks-info-box-link-wrap{box-shadow:0px 0px 0px 0px rgba(0, 0, 0, 0);}.kt-info-box219_8756d2-9b .kt-blocks-info-box-link-wrap:hover{box-shadow:20px 20px 80px 0px rgba(27, 0, 79, 0.06);}@media all and (max-width: 1024px){.kt-info-box219_8756d2-9b .kt-blocks-info-box-link-wrap{border-top:1px solid var(--global-palette7, #EDF2F7);border-right:1px solid var(--global-palette7, #EDF2F7);border-bottom:1px solid var(--global-palette7, #EDF2F7);border-left:1px solid var(--global-palette7, #EDF2F7);box-shadow:0px 0px 0px 0px rgba(0, 0, 0, 0);}}@media all and (max-width: 1024px){.kt-info-box219_8756d2-9b .kt-blocks-info-box-link-wrap:hover{box-shadow:20px 20px 80px 0px rgba(27, 0, 79, 0.06);}}@media all and (max-width: 767px){.kt-info-box219_8756d2-9b .kt-blocks-info-box-link-wrap{border-top:1px solid var(--global-palette7, #EDF2F7);border-right:1px solid var(--global-palette7, #EDF2F7);border-bottom:1px solid var(--global-palette7, #EDF2F7);border-left:1px solid var(--global-palette7, #EDF2F7);text-align:center;display:block;box-shadow:0px 0px 0px 0px rgba(0, 0, 0, 0);}.kt-info-box219_8756d2-9b .kt-blocks-info-box-link-wrap .kt-blocks-info-box-media{display:inline-block;max-width:100%;}.kt-info-box219_8756d2-9b .kt-blocks-info-box-link-wrap:hover{box-shadow:20px 20px 80px 0px rgba(27, 0, 79, 0.06);}}<\/style>\n<div class=\"wp-block-kadence-infobox kt-info-box219_8756d2-9b\"><a class=\"kt-blocks-info-box-link-wrap info-box-link kt-blocks-info-box-media-align-top kt-info-halign-center kb-info-box-vertical-media-align-top kb-info-mobile-halign-center\" target=\"_blank\" rel=\"noopener noreferrer\" href=\"https:\/\/easycpstest.com\/es\/\" aria-label=\"Haga clic en Prueba de velocidad | Prueba CPS\"><div class=\"kt-infobox-textcontent\"><p class=\"kt-blocks-info-box-text\"><strong>PRUEBA DE VELOCIDAD DE CLIC | PRUEBA CPS<\/strong><\/p><\/div><\/a><\/div>\n<\/div><\/div>\n\n\n<style>.kadence-column219_cf482f-3d > .kt-inside-inner-col{padding-top:10px;padding-right:10px;padding-bottom:10px;padding-left:10px;}.kadence-column219_cf482f-3d > .kt-inside-inner-col,.kadence-column219_cf482f-3d > .kt-inside-inner-col:before{border-top-left-radius:0px;border-top-right-radius:0px;border-bottom-right-radius:0px;border-bottom-left-radius:0px;}.kadence-column219_cf482f-3d > .kt-inside-inner-col{column-gap:var(--global-kb-gap-sm, 1rem);}.kadence-column219_cf482f-3d > .kt-inside-inner-col{flex-direction:column;}.kadence-column219_cf482f-3d > .kt-inside-inner-col > .aligncenter{width:100%;}.kadence-column219_cf482f-3d > .kt-inside-inner-col:before{opacity:0.3;}.kadence-column219_cf482f-3d{position:relative;}.kadence-column219_cf482f-3d, .kt-inside-inner-col > .kadence-column219_cf482f-3d:not(.specificity){margin-top:0px;margin-right:0px;margin-bottom:0px;margin-left:20px;}@media all and (max-width: 1024px){.kadence-column219_cf482f-3d > .kt-inside-inner-col{flex-direction:column;justify-content:center;}}@media all and (max-width: 1024px){.kadence-column219_cf482f-3d, .kt-inside-inner-col > .kadence-column219_cf482f-3d:not(.specificity){margin-top:0px;margin-right:0px;margin-bottom:0px;margin-left:0px;}}@media all and (max-width: 767px){.kadence-column219_cf482f-3d > .kt-inside-inner-col{flex-direction:column;justify-content:center;}}<\/style>\n<div class=\"wp-block-kadence-column kadence-column219_cf482f-3d inner-column-3\"><div class=\"kt-inside-inner-col\"><\/div><\/div>\n\n<\/div><\/div>\n\n<style>.wp-block-kadence-column.kb-section-dir-horizontal > .kt-inside-inner-col > .kt-info-box219_544db9-3c .kt-blocks-info-box-link-wrap{max-width:unset;}.kt-info-box219_544db9-3c .kt-blocks-info-box-link-wrap{border-top-left-radius:20px;border-top-right-radius:20px;border-bottom-right-radius:20px;border-bottom-left-radius:20px;background:#f1f1f1;padding-top:0px;padding-right:0px;padding-bottom:0px;padding-left:0px;}.kt-info-box219_544db9-3c .kt-blocks-info-box-link-wrap:hover{background:#f2f2f2;}.kt-info-box219_544db9-3c .kadence-info-box-icon-container .kt-info-svg-icon, .kt-info-box219_544db9-3c .kt-info-svg-icon-flip, .kt-info-box219_544db9-3c .kt-blocks-info-box-number{font-size:50px;}.kt-info-box219_544db9-3c .kt-blocks-info-box-media{color:#d06ce4;background:transparent;border-color:rgba(0,0,0,0);border-radius:200px;overflow:hidden;border-top-width:0px;border-right-width:0px;border-bottom-width:0px;border-left-width:0px;padding-top:20px;padding-right:20px;padding-bottom:20px;padding-left:20px;margin-top:0px;margin-right:20px;margin-bottom:0px;margin-left:0px;}.kt-info-box219_544db9-3c .kt-blocks-info-box-media .kadence-info-box-image-intrisic img{border-radius:200px;}.kt-info-box219_544db9-3c .kt-blocks-info-box-link-wrap:hover .kt-blocks-info-box-media{color:#d06ce4;background:rgba(0,0,0,0);border-color:rgba(0,0,0,0);}.kt-info-box219_544db9-3c .kt-infobox-textcontent h2.kt-blocks-info-box-title{padding-top:0px;padding-right:0px;padding-bottom:0px;padding-left:0px;margin-top:5px;margin-right:0px;margin-bottom:10px;margin-left:0px;}.kt-info-box219_544db9-3c .kt-infobox-textcontent .kt-blocks-info-box-text{color:#000000;}.wp-block-kadence-infobox.kt-info-box219_544db9-3c .kt-blocks-info-box-text{font-weight:400;}.kt-info-box219_544db9-3c .kt-blocks-info-box-learnmore{background:transparent;border-color:#555555;border-width:0px 0px 0px 0px;padding-top:4px;padding-right:8px;padding-bottom:4px;padding-left:8px;margin-top:10px;margin-right:0px;margin-bottom:10px;margin-left:0px;}.kt-info-box219_544db9-3c .kt-blocks-info-box-link-wrap:hover .kt-blocks-info-box-learnmore,.kt-info-box219_544db9-3c .kt-blocks-info-box-link-wrap .kt-blocks-info-box-learnmore:focus{color:#ffffff;background:#444444;border-color:#444444;}<\/style>\n<div class=\"wp-block-kadence-infobox kt-info-box219_544db9-3c\"><span class=\"kt-blocks-info-box-link-wrap info-box-link kt-blocks-info-box-media-align-left kt-info-halign-left\"><div class=\"kt-blocks-info-box-media-container\"><div class=\"kt-blocks-info-box-media kt-info-media-animate-none\"><div class=\"kadence-info-box-icon-container kt-info-icon-animate-none\"><div class=\"kadence-info-box-icon-inner-container\"><span class=\"kb-svg-icon-wrap kb-svg-icon-ic_bullhorn kt-info-svg-icon\"><svg viewbox=\"0 0 8 8\"  fill=\"currentColor\" xmlns=\"http:\/\/www.w3.org\/2000\/svg\"  role=\"img\"><title>annoucement <\/title><path d=\"M6 0v6c.03.01.07 0 .09 0h.81c.05 0 .09-.04.09-.09v-5.81c0-.06-.04-.09-.09-.09h-.91zm-1 .5l-2.91 1.47c-.05.02-.13.03-.19.03h-1.81c-.06 0-.09.04-.09.09v1.81c0 .06.04.09.09.09h.91l1.03 2.72c.11.25.44.36.69.25.25-.11.36-.44.25-.69l-.75-1.78c.03-.14.13-.22.28-.22v-.03l2.5 1.25v-5z\"\/><\/svg><\/span><\/div><\/div><\/div><\/div><div class=\"kt-infobox-textcontent\"><p class=\"kt-blocks-info-box-text\"><strong>Ben Hughes obtuvo grandes marcas con 141 clics en 10 segundos. Ha sido un desaf\u00edo porque la cantidad promedio de clics registrados es de aproximadamente 8 a 10 clics por segundo. Son incluso 41 clics m\u00e1s que el promedio de clics por segundo.<\/strong><\/p><\/div><\/span><\/div>\n\n\n\n<h2 style=\"color: #ffffff;font-weight: 400;background: #007bff;width: auto;margin: 1em 0px;font-size: 25px;line-height: 1;padding: 14px;border-left: 40px solid #000000;box-shadow: #c7c7c7 0px 2px 15px 0px;text-align:;\"><span id=\"How_to_Get_a_High_Score_in_10_Seconds\"><strong>\u00bfC\u00f3mo obtener una puntuaci\u00f3n alta en 10 segundos?<\/strong><\/span><\/h2>\n\n\n\n<p class=\"wp-block-paragraph\">Puede mejorar f\u00e1cilmente la velocidad de clic en <a href=\"https:\/\/easycpstest.com\/es\/10-seconds\/\" target=\"_blank\" rel=\"noreferrer noopener\">Clics por 15 segundos<\/a> despu\u00e9s de conocer algunos consejos. Asimismo, la forma m\u00e1s popular de mejorar la velocidad de clic es el uso de una prueba de velocidad de clic.&nbsp;<\/p>\n\n\n\n<p class=\"wp-block-paragraph\">Puedes hacer el r\u00e9cord mundial en la prueba de clic de 10 segundos. Hasta ahora, la puntuaci\u00f3n m\u00e1s alta en la prueba de clic de 10 segundos es 402. Sin embargo, tambi\u00e9n puedes competir y hacer un nuevo r\u00e9cord. A continuaci\u00f3n hay algunos trucos \u00fatiles:<\/p>\n\n\n\n<ul class=\"wp-block-list\">\n<li><strong>Pruebe el m\u00e9todo de clic autom\u00e1tico.<\/strong><\/li>\n\n\n\n<li><strong>Utilice las diferentes pruebas de velocidad de clic.<\/strong><\/li>\n\n\n\n<li><strong>Practique m\u00e1s a menudo con el m\u00e9todo de doble y de un solo clic.<\/strong><\/li>\n<\/ul>","protected":false},"excerpt":{"rendered":"<p>10 Second Click Test &#8211; Easy CPS Test You can test your clicking chops against the gaming world in a short time with this ten-second click challenge. What is a Click Per 10 Seconds? It is basically the speed of &#8230; <\/p>\n<p class=\"read-more-container\"><a title=\"10 Second Click Test &#8211; Easy CPS Test\" class=\"read-more button\" href=\"https:\/\/easycpstest.com\/es\/10-seconds\/#more-219\" aria-label=\"M\u00e1s en 10 Second Click Test &#8211; Easy CPS Test\">Leer m\u00e1s<\/a><\/p>","protected":false},"author":1,"featured_media":0,"parent":0,"menu_order":0,"comment_status":"closed","ping_status":"closed","template":"","meta":{"_crdt_document":"","footnotes":""},"class_list":{"0":"post-219","1":"page","2":"type-page","3":"status-publish","5":"no-featured-image-padding"},"_links":{"self":[{"href":"https:\/\/easycpstest.com\/es\/wp-json\/wp\/v2\/pages\/219","targetHints":{"allow":["GET"]}}],"collection":[{"href":"https:\/\/easycpstest.com\/es\/wp-json\/wp\/v2\/pages"}],"about":[{"href":"https:\/\/easycpstest.com\/es\/wp-json\/wp\/v2\/types\/page"}],"author":[{"embeddable":true,"href":"https:\/\/easycpstest.com\/es\/wp-json\/wp\/v2\/users\/1"}],"replies":[{"embeddable":true,"href":"https:\/\/easycpstest.com\/es\/wp-json\/wp\/v2\/comments?post=219"}],"version-history":[{"count":47,"href":"https:\/\/easycpstest.com\/es\/wp-json\/wp\/v2\/pages\/219\/revisions"}],"predecessor-version":[{"id":2161,"href":"https:\/\/easycpstest.com\/es\/wp-json\/wp\/v2\/pages\/219\/revisions\/2161"}],"wp:attachment":[{"href":"https:\/\/easycpstest.com\/es\/wp-json\/wp\/v2\/media?parent=219"}],"curies":[{"name":"wp","href":"https:\/\/api.w.org\/{rel}","templated":true}]}}