{"id":299,"date":"2025-02-10T07:04:31","date_gmt":"2025-02-10T07:04:31","guid":{"rendered":"https:\/\/easycpstest.com\/?page_id=299"},"modified":"2025-02-10T07:04:33","modified_gmt":"2025-02-10T07:04:33","slug":"privacy-policy","status":"publish","type":"page","link":"https:\/\/easycpstest.com\/es\/privacy-policy\/","title":{"rendered":"Pol\u00edtica de privacidad"},"content":{"rendered":"<p class=\"wp-block-paragraph\">En <strong>Prueba f\u00e1cil de CPS<\/strong>, accesible desde <a href=\"https:\/\/easycpstest.com\/es\/\" target=\"_blank\" rel=\"noopener\">https:\/\/easycpstest.com\/<\/a>, la privacidad de nuestros visitantes es una de nuestras principales prioridades. Este documento de Pol\u00edtica de privacidad contiene informaci\u00f3n recopilada y registrada por Easy CPS Test y c\u00f3mo la usamos.<\/p>\n\n\n\n<p class=\"wp-block-paragraph\">Si tiene preguntas adicionales o requiere m\u00e1s informaci\u00f3n sobre nuestra Pol\u00edtica de Privacidad, no dude en <a href=\"https:\/\/easycpstest.com\/es\/contact-us\/\" target=\"_blank\" rel=\"noopener\">Cont\u00e1ctenos.<\/a><\/p>\n\n\n\n<p class=\"wp-block-paragraph\">Esta Pol\u00edtica de privacidad se aplica solo a nuestras actividades en l\u00ednea y es v\u00e1lida para los visitantes de nuestro sitio web con respecto a la informaci\u00f3n que compartieron y\/o recopilaron en la prueba Easy CPS. Esta pol\u00edtica no se aplica a ninguna informaci\u00f3n recopilada fuera de l\u00ednea o a trav\u00e9s de canales que no sean este sitio web.<\/p>\n\n\n\n<h2 class=\"wp-block-heading\">Consentir<\/h2>\n\n\n\n<p class=\"wp-block-paragraph\">Al utilizar nuestro sitio web, usted acepta nuestra Pol\u00edtica de privacidad y acepta sus t\u00e9rminos.<\/p>\n\n\n\n<h2 class=\"wp-block-heading\">Informaci\u00f3n que recopilamos<\/h2>\n\n\n\n<p class=\"wp-block-paragraph\">La informaci\u00f3n personal que se le solicita que proporcione y los motivos por los que se le solicita que proporcione se le aclarar\u00e1n cuando le solicitemos que proporcione su informaci\u00f3n personal.<\/p>\n\n\n\n<p class=\"wp-block-paragraph\">Si se comunica con nosotros directamente, podemos recibir informaci\u00f3n adicional sobre usted, como su nombre, direcci\u00f3n de correo electr\u00f3nico, n\u00famero de tel\u00e9fono, el contenido del mensaje y\/o los archivos adjuntos que nos env\u00ede, y cualquier otra informaci\u00f3n que elija proporcionar.<\/p>\n\n\n\n<p class=\"wp-block-paragraph\">Cuando se registra para una Cuenta, podemos solicitar su informaci\u00f3n de contacto, incluido el nombre, el nombre de la empresa, la direcci\u00f3n, la direcci\u00f3n de correo electr\u00f3nico y el n\u00famero de tel\u00e9fono.<\/p>\n\n\n\n<h2 class=\"wp-block-heading\">C\u00f3mo usamos su informaci\u00f3n<\/h2>\n\n\n\n<p class=\"wp-block-paragraph\">Usamos la informaci\u00f3n que recopilamos de varias maneras, que incluyen:<\/p>\n\n\n\n<ul class=\"wp-block-list\"><li>Proporcionar, operar y mantener nuestro sitio web<\/li><li>Mejorar, personalizar y expandir nuestro sitio web<\/li><li>Comprender y analizar c\u00f3mo utiliza nuestro sitio web<\/li><li>Desarrollar nuevos productos, servicios, caracter\u00edsticas y funcionalidades.<\/li><li>Comunicarnos con usted, ya sea directamente o a trav\u00e9s de uno de nuestros socios, incluido el servicio de atenci\u00f3n al cliente, para brindarle actualizaciones y otra informaci\u00f3n relacionada con el sitio web y con fines promocionales y de marketing.<\/li><li>Enviarle correos electr\u00f3nicos<\/li><li>Encuentre y prevenga el fraude.<\/li><\/ul>\n\n\n\n<h2 class=\"wp-block-heading\">Archivos de registro<\/h2>\n\n\n\n<p class=\"wp-block-paragraph\">Easy CPS Test sigue un procedimiento est\u00e1ndar de uso de archivos de registro. Estos archivos registran a los visitantes cuando visitan sitios web. Todas las empresas de hospedaje hacen esto y son parte del an\u00e1lisis de los servicios de hospedaje. La informaci\u00f3n recopilada por los archivos de registro incluye direcciones de protocolo de Internet (IP), tipo de navegador, proveedor de servicios de Internet (ISP), marca de fecha y hora, p\u00e1ginas de referencia\/salida y posiblemente la cantidad de clics. Estos no est\u00e1n vinculados a ninguna informaci\u00f3n de identificaci\u00f3n personal. El prop\u00f3sito de la informaci\u00f3n es analizar tendencias, administrar el sitio, rastrear el movimiento de los usuarios en el sitio web y recopilar informaci\u00f3n demogr\u00e1fica.<\/p>\n\n\n\n<h2 class=\"wp-block-heading\">Pol\u00edticas de privacidad de socios publicitarios<\/h2>\n\n\n\n<p class=\"wp-block-paragraph\">Puede consultar esta lista para encontrar la Pol\u00edtica de privacidad de cada uno de los socios publicitarios de Easy CPS Test.<\/p>\n\n\n\n<p class=\"wp-block-paragraph\">Los servidores de anuncios de terceros o las redes de anuncios utilizan tecnolog\u00edas como cookies, JavaScript o balizas web utilizadas en sus respectivos anuncios y enlaces que aparecen en la prueba Easy CPS, enviados directamente a los navegadores de los usuarios. Reciben autom\u00e1ticamente su direcci\u00f3n IP cuando esto ocurre. Estas tecnolog\u00edas se utilizan para medir la efectividad de sus campa\u00f1as publicitarias o personalizar el contenido publicitario que ve en los sitios web que visita.<\/p>\n\n\n\n<p class=\"wp-block-paragraph\">Tenga en cuenta que Easy CPS Test no tiene acceso ni control sobre estas cookies utilizadas por los anunciantes de terceros.<\/p>\n\n\n\n<h2 class=\"wp-block-heading\">Pol\u00edticas de privacidad de terceros<\/h2>\n\n\n\n<p class=\"wp-block-paragraph\">La Pol\u00edtica de privacidad de Easy CPS Test no se aplica a otros anunciantes o sitios web. Por lo tanto, le recomendamos que consulte las Pol\u00edticas de privacidad respectivas de estos servidores de anuncios de terceros para obtener informaci\u00f3n m\u00e1s detallada. Puede incluir sus pr\u00e1cticas e instrucciones sobre c\u00f3mo excluirse de ciertas opciones.<\/p>\n\n\n\n<p class=\"wp-block-paragraph\">Puede optar por deshabilitar las cookies a trav\u00e9s de las opciones de su navegador individual. Se puede encontrar en los respectivos sitios web de los navegadores para conocer informaci\u00f3n m\u00e1s detallada sobre la gesti\u00f3n de cookies con navegadores web espec\u00edficos.<\/p>\n\n\n\n<h2 class=\"wp-block-heading\">Derechos de privacidad de CCPA (No vender mi informaci\u00f3n personal)<\/h2>\n\n\n\n<p class=\"wp-block-paragraph\">Seg\u00fan la CCPA, entre otros derechos, los consumidores de California tienen derecho a:<\/p>\n\n\n\n<p class=\"wp-block-paragraph\">Solicitar que una empresa que recopila datos personales de un consumidor divulgue las categor\u00edas y piezas espec\u00edficas de datos personales que una empresa ha recopilado sobre los consumidores.<\/p>\n\n\n\n<p class=\"wp-block-paragraph\">Solicitar que una empresa elimine cualquier dato personal sobre el consumidor que haya recopilado una empresa.<\/p>\n\n\n\n<p class=\"wp-block-paragraph\">Solicitar que una empresa que vende los datos personales de un consumidor no venda los datos personales del consumidor.<\/p>\n\n\n\n<p class=\"wp-block-paragraph\">Si realiza una solicitud, tenemos un mes para responderle. Si desea ejercer alguno de estos derechos, p\u00f3ngase en contacto con nosotros.<\/p>\n\n\n\n<h2 class=\"wp-block-heading\">Derechos de protecci\u00f3n de datos RGPD<\/h2>\n\n\n\n<p class=\"wp-block-paragraph\">Queremos asegurarnos de que conoce todos sus derechos de protecci\u00f3n de datos. Todo usuario tiene derecho a lo siguiente:<\/p>\n\n\n\n<p class=\"wp-block-paragraph\">El derecho de acceso: tiene derecho a solicitar copias de sus datos personales. Es posible que le cobremos una peque\u00f1a tarifa por este servicio.<\/p>\n\n\n\n<p class=\"wp-block-paragraph\">El derecho a la rectificaci\u00f3n: tiene derecho a solicitar que corrijamos cualquier informaci\u00f3n que crea que es inexacta. Tambi\u00e9n tiene derecho a solicitar que completemos la informaci\u00f3n que cree que est\u00e1 incompleta.<\/p>\n\n\n\n<p class=\"wp-block-paragraph\">El derecho a borrar: tiene derecho a solicitar que eliminemos sus datos personales bajo ciertas condiciones.<\/p>\n\n\n\n<p class=\"wp-block-paragraph\">El derecho a restringir el procesamiento: tiene derecho a solicitar que restrinjamos el procesamiento de sus datos personales bajo ciertas condiciones.<\/p>\n\n\n\n<p class=\"wp-block-paragraph\">El derecho a oponerse al procesamiento: tiene derecho a oponerse a que procesemos sus datos personales bajo ciertas condiciones.<\/p>\n\n\n\n<p class=\"wp-block-paragraph\">El derecho a la portabilidad de datos: tiene derecho a solicitar que transfiramos los datos que hemos recopilado a otra organizaci\u00f3n o directamente a usted bajo ciertas condiciones.<\/p>\n\n\n\n<p class=\"wp-block-paragraph\">Si realiza una solicitud, tenemos un mes para responderle. Si desea ejercer alguno de estos derechos, p\u00f3ngase en contacto con nosotros.<\/p>\n\n\n\n<h2 class=\"wp-block-heading\">Informaci\u00f3n para ni\u00f1os<\/h2>\n\n\n\n<p class=\"wp-block-paragraph\">Otra parte de nuestra prioridad es agregar protecci\u00f3n para los ni\u00f1os mientras usan Internet. Alentamos a los padres y tutores a observar, participar o monitorear y guiar su actividad en l\u00ednea.<\/p>\n\n\n\n<p class=\"wp-block-paragraph\"> Easy CPS Test no recopila a sabiendas ninguna informaci\u00f3n de identificaci\u00f3n personal de ni\u00f1os menores de 13 a\u00f1os. Si cree que su hijo proporcion\u00f3 este tipo de informaci\u00f3n en nuestro sitio web, le recomendamos encarecidamente que se comunique con nosotros de inmediato y haremos todo lo posible para eliminar dicha informaci\u00f3n de nuestros registros de inmediato.<\/p>","protected":false},"excerpt":{"rendered":"<p>At Easy CPS Test, accessible from https:\/\/easycpstest.com\/, our visitors&#8217; privacy is one of our main priorities. This Privacy Policy document contains information collected and recorded by the Easy CPS Test and how we use it. If you have additional questions &#8230; <\/p>\n<p class=\"read-more-container\"><a title=\"Pol\u00edtica de privacidad\" class=\"read-more button\" href=\"https:\/\/easycpstest.com\/es\/privacy-policy\/#more-299\" aria-label=\"M\u00e1s en Privacy Policy\">Leer m\u00e1s<\/a><\/p>","protected":false},"author":1,"featured_media":0,"parent":0,"menu_order":0,"comment_status":"closed","ping_status":"closed","template":"","meta":{"_crdt_document":"","footnotes":""},"class_list":{"0":"post-299","1":"page","2":"type-page","3":"status-publish","5":"no-featured-image-padding"},"_links":{"self":[{"href":"https:\/\/easycpstest.com\/es\/wp-json\/wp\/v2\/pages\/299","targetHints":{"allow":["GET"]}}],"collection":[{"href":"https:\/\/easycpstest.com\/es\/wp-json\/wp\/v2\/pages"}],"about":[{"href":"https:\/\/easycpstest.com\/es\/wp-json\/wp\/v2\/types\/page"}],"author":[{"embeddable":true,"href":"https:\/\/easycpstest.com\/es\/wp-json\/wp\/v2\/users\/1"}],"replies":[{"embeddable":true,"href":"https:\/\/easycpstest.com\/es\/wp-json\/wp\/v2\/comments?post=299"}],"version-history":[{"count":6,"href":"https:\/\/easycpstest.com\/es\/wp-json\/wp\/v2\/pages\/299\/revisions"}],"predecessor-version":[{"id":1797,"href":"https:\/\/easycpstest.com\/es\/wp-json\/wp\/v2\/pages\/299\/revisions\/1797"}],"wp:attachment":[{"href":"https:\/\/easycpstest.com\/es\/wp-json\/wp\/v2\/media?parent=299"}],"curies":[{"name":"wp","href":"https:\/\/api.w.org\/{rel}","templated":true}]}}