{"id":302,"date":"2025-02-10T07:05:48","date_gmt":"2025-02-10T07:05:48","guid":{"rendered":"https:\/\/easycpstest.com\/?page_id=302"},"modified":"2025-02-10T07:05:50","modified_gmt":"2025-02-10T07:05:50","slug":"disclaimer","status":"publish","type":"page","link":"https:\/\/easycpstest.com\/es\/disclaimer\/","title":{"rendered":"Descargo de responsabilidad"},"content":{"rendered":"<p class=\"wp-block-paragraph\">Toda la informaci\u00f3n en este sitio web \u2013 <a href=\"https:\/\/easycpstest.com\/es\/\" target=\"_blank\" rel=\"noreferrer noopener\">https:\/\/easycpstest.com\/<\/a> \u2013 se publica de buena fe y solo para informaci\u00f3n general. <strong>Prueba f\u00e1cil de CPS<\/strong> no ofrece ninguna garant\u00eda sobre la integridad, fiabilidad y precisi\u00f3n de esta informaci\u00f3n. Cualquier acci\u00f3n que realice sobre la informaci\u00f3n que encuentre en este sitio web (Prueba Easy CPS) es estrictamente bajo su propio riesgo. Easy CPS Test no ser\u00e1 responsable de ninguna p\u00e9rdida y\/o da\u00f1o relacionado con el uso de nuestro sitio web.<\/p>\n\n\n\n<p class=\"wp-block-paragraph\">Desde nuestro sitio web, puede visitar otros sitios web siguiendo los hiperv\u00ednculos a dichos sitios externos. Si bien nos esforzamos por proporcionar solo enlaces de calidad a sitios web \u00fatiles y \u00e9ticos, no tenemos control sobre el contenido y la naturaleza de estos sitios. Estos enlaces a otros sitios web no implican una recomendaci\u00f3n de todo el contenido que se encuentra en estos sitios. Los propietarios del sitio y el contenido pueden cambiar sin previo aviso y pueden ocurrir antes de que tengamos la oportunidad de eliminar un enlace que puede haber salido &quot;defectuoso&quot;.<\/p>\n\n\n\n<p class=\"wp-block-paragraph\">Tenga en cuenta tambi\u00e9n que otros sitios pueden tener diferentes pol\u00edticas de privacidad y t\u00e9rminos fuera de nuestro control cuando abandona nuestro sitio web. Por favor, aseg\u00farese de comprobar el <a href=\"https:\/\/easycpstest.com\/es\/privacy-policy\/\" target=\"_blank\" rel=\"noopener\">Pol\u00edticas de privacidad<\/a> de estos sitios y sus &quot;T\u00e9rminos de servicio&quot; antes de participar en cualquier negocio o cargar cualquier informaci\u00f3n.<\/p>\n\n\n\n<h2 class=\"wp-block-heading\">Consentir<\/h2>\n\n\n\n<p class=\"wp-block-paragraph\">Al utilizar nuestro sitio web, usted acepta nuestro descargo de responsabilidad y acepta sus t\u00e9rminos.<\/p>\n\n\n\n<h2 class=\"wp-block-heading\">Actualizar<\/h2>\n\n\n\n<p class=\"wp-block-paragraph\">En caso de que actualicemos, modifiquemos o realicemos cambios en este documento, dichos cambios se publicar\u00e1n de manera destacada aqu\u00ed.<\/p>","protected":false},"excerpt":{"rendered":"<p>All the information on this website &#8211; https:\/\/easycpstest.com\/ &#8211; is published in good faith and only for general information. Easy CPS Test does not make any warranties about the completeness, reliability, and accuracy of this information. Any action you take &#8230; <\/p>\n<p class=\"read-more-container\"><a title=\"Descargo de responsabilidad\" class=\"read-more button\" href=\"https:\/\/easycpstest.com\/es\/disclaimer\/#more-302\" aria-label=\"M\u00e1s en Disclaimer\">Leer m\u00e1s<\/a><\/p>","protected":false},"author":1,"featured_media":0,"parent":0,"menu_order":0,"comment_status":"closed","ping_status":"closed","template":"","meta":{"_crdt_document":"","footnotes":""},"class_list":{"0":"post-302","1":"page","2":"type-page","3":"status-publish","5":"no-featured-image-padding"},"_links":{"self":[{"href":"https:\/\/easycpstest.com\/es\/wp-json\/wp\/v2\/pages\/302","targetHints":{"allow":["GET"]}}],"collection":[{"href":"https:\/\/easycpstest.com\/es\/wp-json\/wp\/v2\/pages"}],"about":[{"href":"https:\/\/easycpstest.com\/es\/wp-json\/wp\/v2\/types\/page"}],"author":[{"embeddable":true,"href":"https:\/\/easycpstest.com\/es\/wp-json\/wp\/v2\/users\/1"}],"replies":[{"embeddable":true,"href":"https:\/\/easycpstest.com\/es\/wp-json\/wp\/v2\/comments?post=302"}],"version-history":[{"count":4,"href":"https:\/\/easycpstest.com\/es\/wp-json\/wp\/v2\/pages\/302\/revisions"}],"predecessor-version":[{"id":1982,"href":"https:\/\/easycpstest.com\/es\/wp-json\/wp\/v2\/pages\/302\/revisions\/1982"}],"wp:attachment":[{"href":"https:\/\/easycpstest.com\/es\/wp-json\/wp\/v2\/media?parent=302"}],"curies":[{"name":"wp","href":"https:\/\/api.w.org\/{rel}","templated":true}]}}