{"id":1403,"date":"2025-02-10T06:56:17","date_gmt":"2025-02-10T06:56:17","guid":{"rendered":"https:\/\/easycpstest.com\/?page_id=1403"},"modified":"2025-02-10T06:56:19","modified_gmt":"2025-02-10T06:56:19","slug":"jitter-click-test","status":"publish","type":"page","link":"https:\/\/easycpstest.com\/fr\/jitter-click-test\/","title":{"rendered":"Jitter Click Test | Jitter Clicking Challenge &#8211; Easy CPS Test"},"content":{"rendered":"<h1 class=\"wp-block-heading has-text-align-center\"><strong>Test de clic gigue | Test CPS facile<\/strong><\/h1>\n\n\n\n<p class=\"has-text-align-center wp-block-paragraph\">While playing the clicking game Jitter trick will help you know about your clicking speed. For gamers, Minecraft formulated Jitter Click Test.<\/p>\n\n\n<div class=\"page-wrapper\">\n\t<div class=\"row\">\n\t\t<div class=\"col-lg-12 col-md-12 custom-container\">\n\t\t\t<div class=\"card\">\n\t\t\t\t<header class=\"entry-header\">\n\t\t\t\t\t\t\t\t\t<\/header>\n\t\t\t\t\t\t\t\t<div class=\"bt-click-inner\">\n\t\t\t\t\t<div class=\"card-header\">\n\t\t\t\t\t\t<div class=\"bt-header-timer\">\n\t\t\t\t\t\t\t<div class=\"bt-time-btn blue-btn\">\n\t\t\t\t\t\t\t\t<h4 class=\"mb-0\"><span id=\"timer\">0<\/span><\/h4>\n\t\t\t\t\t\t\t\t<small class=\"mb-0 sm-custom\">Minuteur<\/small>\n\t\t\t\t\t\t\t<\/div>\n\t\t\t\t\t\t\t<div class=\"bt-time-btn orange-btn\">\n\t\t\t\t\t\t\t\t<h4 class=\"mb-0\"><span id=\"clicks\">0<\/span><\/h4>\n\t\t\t\t\t\t\t\t<small class=\"mb-0 sm-custom\">Clic\/s<\/small>\n\t\t\t\t\t\t\t<\/div>\n\t\t\t\t\t\t\t<div class=\"bt-time-btn green-btn\">\n\t\t\t\t\t\t\t\t<h4 class=\"mb-0\"><span id=\"score\">0<\/span><\/h4>\n\t\t\t\t\t\t\t\t<small class=\"mb-0 sm-custom\">Score<\/small>\n\t\t\t\t\t\t\t<\/div>\n\t\t\t\t\t\t<\/div>\n\t\t\t\t\t<\/div>\n\t\t\t\t\t<div class=\"card-body\">\n\t\t\t\t\t\t<div class=\"bt-click-area\" id=\"bt-click-area\">\n\t\t\t\t\t\t\t<button id=\"start\" type=\"button\" class=\"btn-light btn-round waves-effect waves-light\">CLIQUEZ ICI POUR COMMENCER \u00c0 JOUER<\/button>\n\t\t\t\t\t\t<\/div>\n\t\t\t\t\t<\/div>\n\t\t\t\t\t<button type=\"button\" data-toggle=\"modal\" data-target=\"#click-result-modal\" style=\"display: none;\" id=\"trigger-modal\">Mode de lancement<\/button>\n\t\t\t\t<\/div>\n\t\t\t<\/div>\n\t\t<\/div>\n\t\t\t<\/div>\n<\/div>\n\n\n\n<p class=\"wp-block-paragraph\">Jitter Click Game&nbsp;is a click-oriented game that influences the mouse and touchpad in a fast-clicking tactic. Through this tactic, gamers dominate their competitors in the game. Playing PVP or individual mode in Minecraft, the tricks are valid in both conditions.<\/p>\n\n\n<style>.kb-row-layout-wrap.wp-block-kadence-rowlayout.kb-row-layout-id1403_33d660-54{margin-bottom:0px;}.kb-row-layout-id1403_33d660-54 > .kt-row-column-wrap{align-content:start;}:where(.kb-row-layout-id1403_33d660-54 > .kt-row-column-wrap) > .wp-block-kadence-column{justify-content:start;}.kb-row-layout-id1403_33d660-54 > .kt-row-column-wrap{column-gap:var(--global-kb-gap-none, 0rem );row-gap:var(--global-kb-gap-none, 0rem );max-width:1200px;padding-top:30px;padding-right:0px;padding-bottom:30px;padding-left:0px;}.kb-row-layout-id1403_33d660-54 > .kt-row-column-wrap > div:not(.added-for-specificity){grid-column:initial;}.kb-row-layout-id1403_33d660-54 > .kt-row-column-wrap{grid-template-columns:minmax(0, 1fr) minmax(0, 3fr) minmax(0, 1fr);}.kb-row-layout-id1403_33d660-54 > .kt-row-layout-overlay{opacity:0.30;background:linear-gradient(180deg,  0%, #00B5E2 100%);}.kb-row-layout-id1403_33d660-54 .kt-row-layout-bottom-sep{height:100px;}.kb-row-layout-id1403_33d660-54 .kt-row-layout-bottom-sep svg{width:100%;}.kb-row-layout-id1403_33d660-54 .kt-row-layout-bottom-sep svg{fill:#ffffff!important;}@media all and (max-width: 1024px){.kb-row-layout-id1403_33d660-54 > .kt-row-column-wrap{padding-top:0px;padding-right:50px;padding-bottom:80px;padding-left:50px;grid-template-columns:minmax(0, 1fr);}}@media all and (max-width: 1024px){.kb-row-layout-id1403_33d660-54 > .kt-row-column-wrap > div:not(.added-for-specificity){grid-column:initial;}}@media all and (max-width: 1024px){.kb-row-layout-id1403_33d660-54 .kt-row-layout-bottom-sep{height:px;}}@media all and (max-width: 1024px){.kb-row-layout-id1403_33d660-54 .kt-row-layout-bottom-sep svg{width:%;}}@media all and (max-width: 767px){.kb-row-layout-id1403_33d660-54 > .kt-row-column-wrap{padding-top:40px;padding-right:20px;padding-bottom:50px;padding-left:20px;grid-template-columns:minmax(0, 1fr);}.kb-row-layout-id1403_33d660-54 > .kt-row-column-wrap > div:not(.added-for-specificity){grid-column:initial;}.kb-row-layout-id1403_33d660-54 .kt-row-layout-bottom-sep{height:px;}.kb-row-layout-id1403_33d660-54 .kt-row-layout-bottom-sep svg{width:%;}}<\/style><div class=\"kb-row-layout-wrap kb-row-layout-id1403_33d660-54 alignnone kt-row-has-bg wp-block-kadence-rowlayout\"><div class=\"kt-row-layout-overlay kt-row-overlay-gradient\"><\/div><div class=\"kt-row-column-wrap kt-has-3-columns kt-row-layout-center-wide kt-tab-layout-row kt-mobile-layout-row kt-row-valign-top kb-theme-content-width\">\n<style>.kadence-column1403_9e6cab-bb > .kt-inside-inner-col{padding-top:10px;padding-right:10px;padding-bottom:10px;padding-left:10px;}.kadence-column1403_9e6cab-bb > .kt-inside-inner-col,.kadence-column1403_9e6cab-bb > .kt-inside-inner-col:before{border-top-left-radius:0px;border-top-right-radius:0px;border-bottom-right-radius:0px;border-bottom-left-radius:0px;}.kadence-column1403_9e6cab-bb > .kt-inside-inner-col{column-gap:var(--global-kb-gap-sm, 1rem);}.kadence-column1403_9e6cab-bb > .kt-inside-inner-col{flex-direction:column;}.kadence-column1403_9e6cab-bb > .kt-inside-inner-col > .aligncenter{width:100%;}.kadence-column1403_9e6cab-bb > .kt-inside-inner-col:before{opacity:0.3;}.kadence-column1403_9e6cab-bb{position:relative;}.kadence-column1403_9e6cab-bb, .kt-inside-inner-col > .kadence-column1403_9e6cab-bb:not(.specificity){margin-top:0px;margin-right:20px;margin-bottom:0px;margin-left:0px;}@media all and (max-width: 1024px){.kadence-column1403_9e6cab-bb > .kt-inside-inner-col{flex-direction:column;justify-content:center;}}@media all and (max-width: 1024px){.kadence-column1403_9e6cab-bb, .kt-inside-inner-col > .kadence-column1403_9e6cab-bb:not(.specificity){margin-top:0px;margin-right:0px;margin-bottom:0px;margin-left:0px;}}@media all and (max-width: 767px){.kadence-column1403_9e6cab-bb > .kt-inside-inner-col{flex-direction:column;justify-content:center;}}<\/style>\n<div class=\"wp-block-kadence-column kadence-column1403_9e6cab-bb inner-column-1\"><div class=\"kt-inside-inner-col\"><\/div><\/div>\n\n\n<style>.kadence-column1403_45caf1-8c > .kt-inside-inner-col{padding-top:10px;padding-right:10px;padding-bottom:10px;padding-left:10px;}.kadence-column1403_45caf1-8c > .kt-inside-inner-col,.kadence-column1403_45caf1-8c > .kt-inside-inner-col:before{border-top-left-radius:0px;border-top-right-radius:0px;border-bottom-right-radius:0px;border-bottom-left-radius:0px;}.kadence-column1403_45caf1-8c > .kt-inside-inner-col{column-gap:var(--global-kb-gap-sm, 1rem);}.kadence-column1403_45caf1-8c > .kt-inside-inner-col{flex-direction:column;}.kadence-column1403_45caf1-8c > .kt-inside-inner-col > .aligncenter{width:100%;}.kadence-column1403_45caf1-8c > .kt-inside-inner-col:before{opacity:0.3;}.kadence-column1403_45caf1-8c{position:relative;}.kadence-column1403_45caf1-8c, .kt-inside-inner-col > .kadence-column1403_45caf1-8c:not(.specificity){margin-top:0px;margin-right:10px;margin-bottom:0px;margin-left:10px;}@media all and (max-width: 1024px){.kadence-column1403_45caf1-8c > .kt-inside-inner-col{flex-direction:column;justify-content:center;}}@media all and (max-width: 1024px){.kadence-column1403_45caf1-8c, .kt-inside-inner-col > .kadence-column1403_45caf1-8c:not(.specificity){margin-top:0px;margin-right:0px;margin-bottom:0px;margin-left:0px;}}@media all and (max-width: 767px){.kadence-column1403_45caf1-8c > .kt-inside-inner-col{flex-direction:column;justify-content:center;}}<\/style>\n<div class=\"wp-block-kadence-column kadence-column1403_45caf1-8c inner-column-2\"><div class=\"kt-inside-inner-col\"><style>.wp-block-kadence-column.kb-section-dir-horizontal > .kt-inside-inner-col > .kt-info-box1403_f06057-52 .kt-blocks-info-box-link-wrap{max-width:unset;}.kt-info-box1403_f06057-52 .kt-blocks-info-box-link-wrap{border-top:1px solid var(--global-palette7, #EDF2F7);border-right:1px solid var(--global-palette7, #EDF2F7);border-bottom:1px solid var(--global-palette7, #EDF2F7);border-left:1px solid var(--global-palette7, #EDF2F7);border-top-left-radius:10px;border-top-right-radius:10px;border-bottom-right-radius:10px;border-bottom-left-radius:10px;background:#007bff;padding-top:30px;padding-right:30px;padding-bottom:30px;padding-left:30px;margin-bottom:0px;}.kt-info-box1403_f06057-52 .kt-blocks-info-box-link-wrap:hover{background:#6a6dec;}.kt-info-box1403_f06057-52 .kadence-info-box-icon-container .kt-info-svg-icon, .kt-info-box1403_f06057-52 .kt-info-svg-icon-flip, .kt-info-box1403_f06057-52 .kt-blocks-info-box-number{font-size:50px;}.kt-info-box1403_f06057-52 .kt-blocks-info-box-media{color:#444444;background:transparent;border-color:#444444;border-top-width:0px;border-right-width:0px;border-bottom-width:0px;border-left-width:0px;padding-top:0px;padding-right:0px;padding-bottom:0px;padding-left:0px;}.kt-info-box1403_f06057-52 .kt-blocks-info-box-media-container{margin-top:0px;margin-right:15px;margin-bottom:0px;margin-left:0px;}.kt-info-box1403_f06057-52 .kt-blocks-info-box-link-wrap:hover .kt-blocks-info-box-media{color:#444444;background:transparent;border-color:#444444;}.kt-info-box1403_f06057-52 .kt-infobox-textcontent h6.kt-blocks-info-box-title{line-height:1.3em;padding-top:0px;padding-right:0px;padding-bottom:0px;padding-left:0px;margin-top:0px;margin-right:0px;margin-bottom:14px;margin-left:0px;}.kt-info-box1403_f06057-52 .kt-infobox-textcontent .kt-blocks-info-box-text{color:var(--base-3);}.wp-block-kadence-infobox.kt-info-box1403_f06057-52 .kt-blocks-info-box-text{text-transform:capitalize;}.kt-info-box1403_f06057-52 .kt-blocks-info-box-learnmore{background:transparent;border-color:#555555;border-width:0px 0px 0px 0px;padding-top:4px;padding-right:8px;padding-bottom:4px;padding-left:8px;margin-top:10px;margin-right:0px;margin-bottom:10px;margin-left:0px;}.kt-info-box1403_f06057-52 .kt-blocks-info-box-link-wrap:hover .kt-blocks-info-box-learnmore,.kt-info-box1403_f06057-52 .kt-blocks-info-box-link-wrap .kt-blocks-info-box-learnmore:focus{color:#ffffff;background:#444444;border-color:#444444;}.kt-info-box1403_f06057-52 .kt-blocks-info-box-link-wrap{box-shadow:0px 0px 0px 0px rgba(0, 0, 0, 0);}.kt-info-box1403_f06057-52 .kt-blocks-info-box-link-wrap:hover{box-shadow:20px 20px 80px 0px rgba(27, 0, 79, 0.06);}@media all and (max-width: 1024px){.kt-info-box1403_f06057-52 .kt-blocks-info-box-link-wrap{border-top:1px solid var(--global-palette7, #EDF2F7);border-right:1px solid var(--global-palette7, #EDF2F7);border-bottom:1px solid var(--global-palette7, #EDF2F7);border-left:1px solid var(--global-palette7, #EDF2F7);box-shadow:0px 0px 0px 0px rgba(0, 0, 0, 0);}}@media all and (max-width: 1024px){.kt-info-box1403_f06057-52 .kt-blocks-info-box-link-wrap:hover{box-shadow:20px 20px 80px 0px rgba(27, 0, 79, 0.06);}}@media all and (max-width: 767px){.kt-info-box1403_f06057-52 .kt-blocks-info-box-link-wrap{border-top:1px solid var(--global-palette7, #EDF2F7);border-right:1px solid var(--global-palette7, #EDF2F7);border-bottom:1px solid var(--global-palette7, #EDF2F7);border-left:1px solid var(--global-palette7, #EDF2F7);text-align:center;display:block;box-shadow:0px 0px 0px 0px rgba(0, 0, 0, 0);}.kt-info-box1403_f06057-52 .kt-blocks-info-box-link-wrap .kt-blocks-info-box-media{display:inline-block;max-width:100%;}.kt-info-box1403_f06057-52 .kt-blocks-info-box-link-wrap:hover{box-shadow:20px 20px 80px 0px rgba(27, 0, 79, 0.06);}}<\/style>\n<div class=\"wp-block-kadence-infobox kt-info-box1403_f06057-52\"><a class=\"kt-blocks-info-box-link-wrap info-box-link kt-blocks-info-box-media-align-top kt-info-halign-center kb-info-box-vertical-media-align-top kb-info-mobile-halign-center\" target=\"_blank\" rel=\"noopener noreferrer\" href=\"https:\/\/easycpstest.com\/fr\/\" aria-label=\"Cliquez sur Test de vitesse | Test SCP\"><div class=\"kt-infobox-textcontent\"><p class=\"kt-blocks-info-box-text\"><strong>TEST DE VITESSE DE CLIC | TEST SCP<\/strong><\/p><\/div><\/a><\/div>\n<\/div><\/div>\n\n\n<style>.kadence-column1403_38cc00-2b > .kt-inside-inner-col{padding-top:10px;padding-right:10px;padding-bottom:10px;padding-left:10px;}.kadence-column1403_38cc00-2b > .kt-inside-inner-col,.kadence-column1403_38cc00-2b > .kt-inside-inner-col:before{border-top-left-radius:0px;border-top-right-radius:0px;border-bottom-right-radius:0px;border-bottom-left-radius:0px;}.kadence-column1403_38cc00-2b > .kt-inside-inner-col{column-gap:var(--global-kb-gap-sm, 1rem);}.kadence-column1403_38cc00-2b > .kt-inside-inner-col{flex-direction:column;}.kadence-column1403_38cc00-2b > .kt-inside-inner-col > .aligncenter{width:100%;}.kadence-column1403_38cc00-2b > .kt-inside-inner-col:before{opacity:0.3;}.kadence-column1403_38cc00-2b{position:relative;}.kadence-column1403_38cc00-2b, .kt-inside-inner-col > .kadence-column1403_38cc00-2b:not(.specificity){margin-top:0px;margin-right:0px;margin-bottom:0px;margin-left:20px;}@media all and (max-width: 1024px){.kadence-column1403_38cc00-2b > .kt-inside-inner-col{flex-direction:column;justify-content:center;}}@media all and (max-width: 1024px){.kadence-column1403_38cc00-2b, .kt-inside-inner-col > .kadence-column1403_38cc00-2b:not(.specificity){margin-top:0px;margin-right:0px;margin-bottom:0px;margin-left:0px;}}@media all and (max-width: 767px){.kadence-column1403_38cc00-2b > .kt-inside-inner-col{flex-direction:column;justify-content:center;}}<\/style>\n<div class=\"wp-block-kadence-column kadence-column1403_38cc00-2b inner-column-3\"><div class=\"kt-inside-inner-col\"><\/div><\/div>\n\n<\/div><\/div>\n\n\n<h2 style=\"color: #ffffff;font-weight: 400;background:  #007bff;width: auto;margin: 1em 0px;font-size: 25px;line-height: 1;padding: 14px;border-left: 40px solid #000000;box-shadow: #c7c7c7 0px 2px 15px 0px;text-align:;\"><span id=\"Jitter Click Online Test\"><strong> Test en ligne de clic de gigue  \n<\/strong><\/span><\/h2>\n\n\n\n<p class=\"wp-block-paragraph\">La communaut\u00e9 des joueurs a introduit des m\u00e9thodes de clic exceptionnelles dans le jeu en ligne Jitter Click pour engager d&#039;autres joueurs. Dans ce jeu unique, la vis\u00e9e du bras a \u00e9t\u00e9 introduite pour gagner rapidement une rafale de clic. Cependant, cela r\u00e9duit le stress sur le clic du doigt.&nbsp;<\/p>\n\n\n\n<p class=\"wp-block-paragraph\">Jouez avec les muscles d\u00e9tendus des bras et des doigts pour gagner le Jitter Click Challenge. Placez maintenant l&#039;un de vos doigts dominants sur le bouton de la souris. Maintenant, bougez les muscles de vos bras comme si vous trembliez au lieu de cliquer. Ce tremblement va g\u00e9n\u00e9rer des vibrations dans le bras et d\u00e9clencher la rafale de clics en quelques secondes.<\/p>\n\n\n\n<p class=\"wp-block-paragraph\">Ci-dessus, nous avons expliqu\u00e9 la m\u00e9thode pour g\u00e9n\u00e9rer divers clics via la proc\u00e9dure Jitter Clicks. Vous pouvez \u00e9tablir le record du monde de Jitter Click en suivant des astuces si vous \u00eates un joueur capable qui poss\u00e8de des mains habiles. Alors, suivez les instructions et travaillez dur pour vous entra\u00eener et profiter de la t\u00eate du jeu.&nbsp;<\/p>\n\n\n<div class=\"wp-block-image\">\n<figure class=\"aligncenter size-full\"><img loading=\"lazy\" decoding=\"async\" width=\"768\" height=\"452\" src=\"https:\/\/easycpstest.com\/wp-content\/uploads\/2022\/03\/jitter-1.png\" alt=\"Jitter Click Test\" class=\"wp-image-1579\" srcset=\"https:\/\/easycpstest.com\/wp-content\/uploads\/2022\/03\/jitter-1.png 768w, https:\/\/easycpstest.com\/wp-content\/uploads\/2022\/03\/jitter-1-300x177.png 300w\" sizes=\"auto, (max-width: 768px) 100vw, 768px\" \/><\/figure>\n<\/div>\n\n\n<h3 style=\"color: #ffffff;font-weight: 400;background:  #007bff;width: auto;margin: 1em 0px;font-size: 25px;line-height: 1;padding: 14px;border-left: 40px solid #000000;box-shadow: #c7c7c7 0px 2px 15px 0px;text-align:;\"><span id=\"Jitter Click Online Test\"><strong> Pr\u00e9cautions\n<\/strong><\/span><\/h3>\n\n\n\n<p class=\"wp-block-paragraph\">Entre la premi\u00e8re et la deuxi\u00e8me session de clic, reposez votre bras et votre doigt. Gr\u00e2ce \u00e0 vous, vous \u00e9viterez les tensions ou les blessures au bras ou aux doigts. Cependant, vous jouerez longtemps si vous pratiquez de mani\u00e8re impartiale. Trop cliquer pourrait cr\u00e9er un probl\u00e8me pour vous.<\/p>\n\n\n\n<h3 style=\"color: #ffffff;font-weight: 400;background:  #007bff;width: auto;margin: 1em 0px;font-size: 25px;line-height: 1;padding: 14px;border-left: 40px solid #000000;box-shadow: #c7c7c7 0px 2px 15px 0px;text-align:;\"><span id=\"Jitter Click Online Test\"><strong> Caract\u00e9ristiques du test de clic gigue\n<\/strong><\/span><\/h3>\n\n\n\n<p class=\"wp-block-paragraph\">Assez comme d&#039;autres jeux de test de clic comme<a href=\"https:\/\/easycpstest.com\/fr\/butterfly-click-test\/\" target=\"_blank\" rel=\"noreferrer noopener\"> test de clic papillon<\/a>, le Jitter Click Game optimise la capacit\u00e9 de clic des joueurs. De plus, l&#039;optimisation des tests s&#039;est av\u00e9r\u00e9e le meilleur outil d&#039;am\u00e9lioration des comp\u00e9tences.<\/p>\n\n\n\n<p class=\"wp-block-paragraph\">La pratique des comp\u00e9tences de clic est bonne pour d&#039;autres jeux strat\u00e9giques comme le combat continu ou le ciblage continu des balles dans le PVP ou d&#039;autres modes Minecraft. En pr\u00e9sence du Jitter Click Test, les joueurs ne remplissent pas leur espace mobile car ils profitent du service de test en ligne par excellence.&nbsp;<\/p>\n\n\n\n<p class=\"wp-block-paragraph\">Alors, donnez Jitter Click Challenge \u00e0 vos limites et \u00e0 votre exp\u00e9rience dans la comp\u00e9tition de clics. Soyez connu de la moyenne de votre vitesse de clic. De plus, la pratique rend parfait, vous gagnez donc l&#039;excellence dans le jeu.<\/p>\n\n\n\n<h3 style=\"color: #ffffff;font-weight: 400;background:  #007bff;width: auto;margin: 1em 0px;font-size: 25px;line-height: 1;padding: 14px;border-left: 40px solid #000000;box-shadow: #c7c7c7 0px 2px 15px 0px;text-align:;\"><span id=\"Significance of Jitter Click Test\"><strong> Signification du test de clic de gigue\n<\/strong><\/span><\/h3>\n\n\n\n<p class=\"wp-block-paragraph\">Comme nous le savons, l&#039;apprentissage du clic rapide est une comp\u00e9tence importante pour les joueurs qui aiment jouer aux derniers jeux. De tels jeux n\u00e9cessitaient un clic rapide pour obtenir plus de scores dans le jeu. La question se pose, comment saisir une souris plus efficacement pour marquer plus de clics que la moyenne ?<\/p>\n\n\n\n<p class=\"wp-block-paragraph\">Le joueur qui apprend \u00e0 cliquer \u00e0 partir de ce test de clic apprend plus rapidement que les autres tests CPS. Cependant, vous pouvez mesurer les progr\u00e8s pour comparer vos performances de clic avec celles des autres joueurs du monde entier.&nbsp;<\/p>\n\n\n\n<p class=\"wp-block-paragraph\">Le jeu est important pour apprendre \u00e0 cliquer, et il divertit \u00e9galement le joueur. Cependant, c&#039;est un jeu addictif que les joueurs ne l\u00e2chent pas facilement.<\/p>\n\n\n\n<p class=\"wp-block-paragraph\">Ensuite, vous terminez la pratique, puis la comp\u00e9tence raffin\u00e9e vous aide \u00e0 jouer parfaitement dans le vrai jeu de clic. Lorsque vous jouez au mode Minecraft PVP, vous aimez gagner un rang \u00e9lev\u00e9 dans le jeu.<\/p>\n\n\n\n<h3 style=\"color: #ffffff;font-weight: 400;background:  #007bff;width: auto;margin: 1em 0px;font-size: 25px;line-height: 1;padding: 14px;border-left: 40px solid #000000;box-shadow: #c7c7c7 0px 2px 15px 0px;text-align:;\"><span id=\"How to Play Jitter Click Game?\"><strong> Comment jouer au jeu Jitter Click\u00a0?\n<\/strong><\/span><\/h3>\n\n\n\n<p class=\"wp-block-paragraph\">En raison du jeu l\u00e9ger et facile, le joueur passe plus de temps \u00e0 jouer. La chose que les joueurs doivent faire est d&#039;appuyer sur la zone de clic aussi vite que possible. Cependant, la version se d\u00e9bloque lorsque vous effectuez des clics continus dos \u00e0 dos. Ici, la technique de test de clic de gigue vous aide.<\/p>\n\n\n\n<p class=\"wp-block-paragraph\">Alors, essayez de cliquer dans la zone sp\u00e9cifi\u00e9e aussi vite que possible en 10 secondes. Lorsque le temps du jeu est termin\u00e9, le r\u00e9sultat appara\u00eet dans le message d&#039;invite. C&#039;est votre score CPS qui est bas\u00e9 sur vos performances.&nbsp;<\/p>\n\n\n\n<p class=\"wp-block-paragraph\">De plus, vous pouvez partager votre score CPS avec vos amis sur les r\u00e9seaux sociaux. Cependant, la pratique vous rend parfait, alors pratiquez plus pour la perfection et dominez dans tous les modes de <a href=\"https:\/\/www.minecraft.net\/en-us\" target=\"_blank\" rel=\"noreferrer noopener\">Minecraft<\/a>.&nbsp;<\/p>\n\n\n\n<h3 style=\"color: #ffffff;font-weight: 400;background:  #007bff;width: auto;margin: 1em 0px;font-size: 25px;line-height: 1;padding: 14px;border-left: 40px solid #000000;box-shadow: #c7c7c7 0px 2px 15px 0px;text-align:;\"><span id=\"Right Device Selection\"><strong> S\u00e9lection du bon appareil\n<\/strong><\/span><\/h3>\n\n\n\n<p class=\"wp-block-paragraph\">Une souris appropri\u00e9e est un appareil important dont chaque utilisateur doit obtenir un score plus \u00e9lev\u00e9 au test de clic que tout autre mat\u00e9riel. En l&#039;absence d&#039;une souris efficace, comment donner une rude concurrence aux concurrents dans le jeu du clic ?&nbsp;<\/p>\n\n\n\n<p class=\"wp-block-paragraph\">Cependant, la bonne souris peut r\u00e9ussir \u00e0 gagner plus de clics contre votre adversaire. Un joueur pr\u00e9voit d&#039;\u00e9tablir un record du monde de clic Jitter, la m\u00e9thode Jitter Click est donc judicieuse.<\/p>\n\n\n\n<p class=\"wp-block-paragraph\">Voici quelques facteurs \u00e0 prendre en compte avant d&#039;acheter une souris appropri\u00e9e pour le clic Jitter. Vous pouvez donc choisir le bon appareil.&nbsp;&nbsp;<\/p>\n\n\n\n<ul class=\"wp-block-list\">\n<li><strong>La souris incassable doit supporter le doigt martelant pour le jeu de clic pendant une longue p\u00e9riode.<\/strong><\/li>\n\n\n\n<li><strong>Choisissez toujours la souris laser et optique de type souris sensible bas\u00e9e sur la derni\u00e8re technologie au lieu des anciennes souris contemporaines.<\/strong><\/li>\n\n\n\n<li><strong>Enfin, s\u00e9lectionnez la souris qui s&#039;adapte \u00e0 vos mains et qui est confortable pendant le jeu.<\/strong><\/li>\n<\/ul>\n\n\n\n<h2 class=\"wp-block-heading has-text-align-center\">Questions fr\u00e9quemment pos\u00e9es<\/h2>\n\n\n\n<div class=\"schema-faq wp-block-yoast-faq-block\"><div class=\"schema-faq-section\" id=\"faq-question-1677486195867\"><strong class=\"schema-faq-question\">Qu&#039;est-ce qu&#039;un test de clic gigue\u00a0?<\/strong> <p class=\"schema-faq-answer\">Un test de clic Jitter est un test en ligne qui mesure le nombre de clics que vous pouvez effectuer dans un certain laps de temps en utilisant la technique de clic Jitter.<\/p> <\/div> <div class=\"schema-faq-section\" id=\"faq-question-1677486221503\"><strong class=\"schema-faq-question\">Qu&#039;est-ce que la technique de clic Jitter\u00a0?<\/strong> <p class=\"schema-faq-answer\">La technique du clic Jitter consiste \u00e0 contracter rapidement les muscles de votre bras pour cr\u00e9er une vibration ou \u00ab scintillement \u00bb dans votre doigt, ce qui vous permet de cliquer rapidement sur le bouton de la souris. Cette technique est souvent utilis\u00e9e par les joueurs pour obtenir une vitesse de clic sup\u00e9rieure \u00e0 celle qu&#039;ils pourraient atteindre avec une technique de clic normale.<\/p> <\/div> <div class=\"schema-faq-section\" id=\"faq-question-1677486240819\"><strong class=\"schema-faq-question\">Combien de temps dure un test de clic Jitter\u00a0?<\/strong> <p class=\"schema-faq-answer\">La dur\u00e9e d&#039;un Jitter Click Test peut varier en fonction du site Web que vous utilisez. Certains tests sont chronom\u00e9tr\u00e9s pendant 10 secondes, tandis que d&#039;autres peuvent \u00eatre chronom\u00e9tr\u00e9s pendant une p\u00e9riode plus longue, comme 30 ou 60 secondes.<\/p> <\/div> <div class=\"schema-faq-section\" id=\"faq-question-1677486255250\"><strong class=\"schema-faq-question\">Existe-t-il des conseils pour passer un test de clic de gigue\u00a0?<\/strong> <p class=\"schema-faq-answer\">Oui, voici quelques conseils pour passer un Jitter Click Test\u00a0: <br\/>1) Utilisez une prise confortable sur votre souris<br\/>2) Gardez votre bras et votre poignet d\u00e9tendus<br\/>3) Concentrez-vous sur la vitesse et la pr\u00e9cision<br\/>4) Essayez de cliquer le plus rapidement possible tout en gardant le contr\u00f4le, et 5) Entra\u00eenez-vous r\u00e9guli\u00e8rement pour am\u00e9liorer votre score.<\/p> <\/div> <div class=\"schema-faq-section\" id=\"faq-question-1677486285171\"><strong class=\"schema-faq-question\">Les tests de clic de gigue sont-ils fiables\u00a0?<\/strong> <p class=\"schema-faq-answer\">La pr\u00e9cision des tests de clic Jitter peut varier en fonction du site Web et des conditions de test, mais ils peuvent toujours fournir une id\u00e9e g\u00e9n\u00e9rale de la vitesse et de la pr\u00e9cision de votre clic en utilisant la technique de clic Jitter. Gardez \u00e0 l&#039;esprit que des facteurs tels que le type et les param\u00e8tres de la souris, ainsi que la taille et la r\u00e9solution de votre \u00e9cran, peuvent \u00e9galement affecter votre score.<\/p> <\/div> <\/div>","protected":false},"excerpt":{"rendered":"<p>Jitter Click Test | Easy CPS Test While playing the clicking game Jitter trick will help you know about your clicking speed. For gamers, Minecraft formulated Jitter Click Test. Jitter Click Game&nbsp;is a click-oriented game that influences the mouse and &#8230; <\/p>\n<p class=\"read-more-container\"><a title=\"Jitter Click Test | Jitter Clicking Challenge &#8211; Easy CPS Test\" class=\"read-more button\" href=\"https:\/\/easycpstest.com\/fr\/jitter-click-test\/#more-1403\" aria-label=\"Plus sur Jitter Click Test | Jitter Clicking Challenge &#8211; Easy CPS Test\">Lire plus<\/a><\/p>","protected":false},"author":1,"featured_media":0,"parent":0,"menu_order":0,"comment_status":"closed","ping_status":"closed","template":"","meta":{"_crdt_document":"","footnotes":""},"class_list":{"0":"post-1403","1":"page","2":"type-page","3":"status-publish","5":"no-featured-image-padding"},"_links":{"self":[{"href":"https:\/\/easycpstest.com\/fr\/wp-json\/wp\/v2\/pages\/1403","targetHints":{"allow":["GET"]}}],"collection":[{"href":"https:\/\/easycpstest.com\/fr\/wp-json\/wp\/v2\/pages"}],"about":[{"href":"https:\/\/easycpstest.com\/fr\/wp-json\/wp\/v2\/types\/page"}],"author":[{"embeddable":true,"href":"https:\/\/easycpstest.com\/fr\/wp-json\/wp\/v2\/users\/1"}],"replies":[{"embeddable":true,"href":"https:\/\/easycpstest.com\/fr\/wp-json\/wp\/v2\/comments?post=1403"}],"version-history":[{"count":21,"href":"https:\/\/easycpstest.com\/fr\/wp-json\/wp\/v2\/pages\/1403\/revisions"}],"predecessor-version":[{"id":2168,"href":"https:\/\/easycpstest.com\/fr\/wp-json\/wp\/v2\/pages\/1403\/revisions\/2168"}],"wp:attachment":[{"href":"https:\/\/easycpstest.com\/fr\/wp-json\/wp\/v2\/media?parent=1403"}],"curies":[{"name":"wp","href":"https:\/\/api.w.org\/{rel}","templated":true}]}}