{"id":1413,"date":"2025-02-10T06:57:04","date_gmt":"2025-02-10T06:57:04","guid":{"rendered":"https:\/\/easycpstest.com\/?page_id=1413"},"modified":"2025-02-10T06:57:05","modified_gmt":"2025-02-10T06:57:05","slug":"butterfly-click-test","status":"publish","type":"page","link":"https:\/\/easycpstest.com\/fr\/butterfly-click-test\/","title":{"rendered":"Butterfly Click Test | Click Tests | Easy CPS Test"},"content":{"rendered":"<h1 class=\"wp-block-heading has-text-align-center\"><strong>Test de clic papillon | Test CPS facile<\/strong><\/h1>\n\n\n\n<p class=\"has-text-align-center wp-block-paragraph\">Pendant 10 secondes, marquez des clics continus sur la zone de clic du test de clic papillon pour v\u00e9rifier l&#039;efficacit\u00e9 du clic du joueur.<\/p>\n\n\n<div class=\"page-wrapper\">\n\t<div class=\"row\">\n\t\t<div class=\"col-lg-12 col-md-12 custom-container\">\n\t\t\t<div class=\"card\">\n\t\t\t\t<header class=\"entry-header\">\n\t\t\t\t\t\t\t\t\t<\/header>\n\t\t\t\t\t\t\t\t<div class=\"bt-click-inner\">\n\t\t\t\t\t<div class=\"card-header\">\n\t\t\t\t\t\t<div class=\"bt-header-timer\">\n\t\t\t\t\t\t\t<div class=\"bt-time-btn blue-btn\">\n\t\t\t\t\t\t\t\t<h4 class=\"mb-0\"><span id=\"timer\">0<\/span><\/h4>\n\t\t\t\t\t\t\t\t<small class=\"mb-0 sm-custom\">Minuteur<\/small>\n\t\t\t\t\t\t\t<\/div>\n\t\t\t\t\t\t\t<div class=\"bt-time-btn orange-btn\">\n\t\t\t\t\t\t\t\t<h4 class=\"mb-0\"><span id=\"clicks\">0<\/span><\/h4>\n\t\t\t\t\t\t\t\t<small class=\"mb-0 sm-custom\">Clic\/s<\/small>\n\t\t\t\t\t\t\t<\/div>\n\t\t\t\t\t\t\t<div class=\"bt-time-btn green-btn\">\n\t\t\t\t\t\t\t\t<h4 class=\"mb-0\"><span id=\"score\">0<\/span><\/h4>\n\t\t\t\t\t\t\t\t<small class=\"mb-0 sm-custom\">Score<\/small>\n\t\t\t\t\t\t\t<\/div>\n\t\t\t\t\t\t<\/div>\n\t\t\t\t\t<\/div>\n\t\t\t\t\t<div class=\"card-body\">\n\t\t\t\t\t\t<div class=\"bt-click-area\" id=\"bt-click-area\">\n\t\t\t\t\t\t\t<button id=\"start\" type=\"button\" class=\"btn-light btn-round waves-effect waves-light\">CLIQUEZ ICI POUR COMMENCER \u00c0 JOUER<\/button>\n\t\t\t\t\t\t<\/div>\n\t\t\t\t\t<\/div>\n\t\t\t\t\t<button type=\"button\" data-toggle=\"modal\" data-target=\"#click-result-modal\" style=\"display: none;\" id=\"trigger-modal\">Mode de lancement<\/button>\n\t\t\t\t<\/div>\n\t\t\t<\/div>\n\t\t<\/div>\n\t\t\t<\/div>\n<\/div>\n\n\n\n<p class=\"wp-block-paragraph\">Contrairement \u00e0 d&#039;autres astuces de clic, Butterfly Click Test est devenu c\u00e9l\u00e8bre parmi les utilisateurs pour son Butterfly Clicking exclusivement \u00e0 grande vitesse. Cependant, la technique aide le joueur \u00e0 bien performer contre le concurrent comme dans d&#039;autres jeux PVP c\u00e9l\u00e8bres.<\/p>\n\n\n\n<p class=\"wp-block-paragraph\"><\/p>\n\n\n<style>.kb-row-layout-wrap.wp-block-kadence-rowlayout.kb-row-layout-id1413_07c416-2f{margin-bottom:0px;}.kb-row-layout-id1413_07c416-2f > .kt-row-column-wrap{align-content:start;}:where(.kb-row-layout-id1413_07c416-2f > .kt-row-column-wrap) > .wp-block-kadence-column{justify-content:start;}.kb-row-layout-id1413_07c416-2f > .kt-row-column-wrap{column-gap:var(--global-kb-gap-none, 0rem );row-gap:var(--global-kb-gap-none, 0rem );max-width:1200px;padding-top:30px;padding-right:0px;padding-bottom:30px;padding-left:0px;}.kb-row-layout-id1413_07c416-2f > .kt-row-column-wrap > div:not(.added-for-specificity){grid-column:initial;}.kb-row-layout-id1413_07c416-2f > .kt-row-column-wrap{grid-template-columns:minmax(0, 1fr) minmax(0, 3fr) minmax(0, 1fr);}.kb-row-layout-id1413_07c416-2f > .kt-row-layout-overlay{opacity:0.30;background:linear-gradient(180deg,  0%, #00B5E2 100%);}.kb-row-layout-id1413_07c416-2f .kt-row-layout-bottom-sep{height:100px;}.kb-row-layout-id1413_07c416-2f .kt-row-layout-bottom-sep svg{width:100%;}.kb-row-layout-id1413_07c416-2f .kt-row-layout-bottom-sep svg{fill:#ffffff!important;}@media all and (max-width: 1024px){.kb-row-layout-id1413_07c416-2f > .kt-row-column-wrap{padding-top:0px;padding-right:50px;padding-bottom:80px;padding-left:50px;grid-template-columns:minmax(0, 1fr);}}@media all and (max-width: 1024px){.kb-row-layout-id1413_07c416-2f > .kt-row-column-wrap > div:not(.added-for-specificity){grid-column:initial;}}@media all and (max-width: 1024px){.kb-row-layout-id1413_07c416-2f .kt-row-layout-bottom-sep{height:px;}}@media all and (max-width: 1024px){.kb-row-layout-id1413_07c416-2f .kt-row-layout-bottom-sep svg{width:%;}}@media all and (max-width: 767px){.kb-row-layout-id1413_07c416-2f > .kt-row-column-wrap{padding-top:40px;padding-right:20px;padding-bottom:50px;padding-left:20px;grid-template-columns:minmax(0, 1fr);}.kb-row-layout-id1413_07c416-2f > .kt-row-column-wrap > div:not(.added-for-specificity){grid-column:initial;}.kb-row-layout-id1413_07c416-2f .kt-row-layout-bottom-sep{height:px;}.kb-row-layout-id1413_07c416-2f .kt-row-layout-bottom-sep svg{width:%;}}<\/style><div class=\"kb-row-layout-wrap kb-row-layout-id1413_07c416-2f alignnone kt-row-has-bg wp-block-kadence-rowlayout\"><div class=\"kt-row-layout-overlay kt-row-overlay-gradient\"><\/div><div class=\"kt-row-column-wrap kt-has-3-columns kt-row-layout-center-wide kt-tab-layout-row kt-mobile-layout-row kt-row-valign-top kb-theme-content-width\">\n<style>.kadence-column1413_8c75e6-f8 > .kt-inside-inner-col{padding-top:10px;padding-right:10px;padding-bottom:10px;padding-left:10px;}.kadence-column1413_8c75e6-f8 > .kt-inside-inner-col,.kadence-column1413_8c75e6-f8 > .kt-inside-inner-col:before{border-top-left-radius:0px;border-top-right-radius:0px;border-bottom-right-radius:0px;border-bottom-left-radius:0px;}.kadence-column1413_8c75e6-f8 > .kt-inside-inner-col{column-gap:var(--global-kb-gap-sm, 1rem);}.kadence-column1413_8c75e6-f8 > .kt-inside-inner-col{flex-direction:column;}.kadence-column1413_8c75e6-f8 > .kt-inside-inner-col > .aligncenter{width:100%;}.kadence-column1413_8c75e6-f8 > .kt-inside-inner-col:before{opacity:0.3;}.kadence-column1413_8c75e6-f8{position:relative;}.kadence-column1413_8c75e6-f8, .kt-inside-inner-col > .kadence-column1413_8c75e6-f8:not(.specificity){margin-top:0px;margin-right:20px;margin-bottom:0px;margin-left:0px;}@media all and (max-width: 1024px){.kadence-column1413_8c75e6-f8 > .kt-inside-inner-col{flex-direction:column;justify-content:center;}}@media all and (max-width: 1024px){.kadence-column1413_8c75e6-f8, .kt-inside-inner-col > .kadence-column1413_8c75e6-f8:not(.specificity){margin-top:0px;margin-right:0px;margin-bottom:0px;margin-left:0px;}}@media all and (max-width: 767px){.kadence-column1413_8c75e6-f8 > .kt-inside-inner-col{flex-direction:column;justify-content:center;}}<\/style>\n<div class=\"wp-block-kadence-column kadence-column1413_8c75e6-f8 inner-column-1\"><div class=\"kt-inside-inner-col\"><\/div><\/div>\n\n\n<style>.kadence-column1413_a1a74a-65 > .kt-inside-inner-col{padding-top:10px;padding-right:10px;padding-bottom:10px;padding-left:10px;}.kadence-column1413_a1a74a-65 > .kt-inside-inner-col,.kadence-column1413_a1a74a-65 > .kt-inside-inner-col:before{border-top-left-radius:0px;border-top-right-radius:0px;border-bottom-right-radius:0px;border-bottom-left-radius:0px;}.kadence-column1413_a1a74a-65 > .kt-inside-inner-col{column-gap:var(--global-kb-gap-sm, 1rem);}.kadence-column1413_a1a74a-65 > .kt-inside-inner-col{flex-direction:column;}.kadence-column1413_a1a74a-65 > .kt-inside-inner-col > .aligncenter{width:100%;}.kadence-column1413_a1a74a-65 > .kt-inside-inner-col:before{opacity:0.3;}.kadence-column1413_a1a74a-65{position:relative;}.kadence-column1413_a1a74a-65, .kt-inside-inner-col > .kadence-column1413_a1a74a-65:not(.specificity){margin-top:0px;margin-right:10px;margin-bottom:0px;margin-left:10px;}@media all and (max-width: 1024px){.kadence-column1413_a1a74a-65 > .kt-inside-inner-col{flex-direction:column;justify-content:center;}}@media all and (max-width: 1024px){.kadence-column1413_a1a74a-65, .kt-inside-inner-col > .kadence-column1413_a1a74a-65:not(.specificity){margin-top:0px;margin-right:0px;margin-bottom:0px;margin-left:0px;}}@media all and (max-width: 767px){.kadence-column1413_a1a74a-65 > .kt-inside-inner-col{flex-direction:column;justify-content:center;}}<\/style>\n<div class=\"wp-block-kadence-column kadence-column1413_a1a74a-65 inner-column-2\"><div class=\"kt-inside-inner-col\"><style>.wp-block-kadence-column.kb-section-dir-horizontal > .kt-inside-inner-col > .kt-info-box1413_524363-29 .kt-blocks-info-box-link-wrap{max-width:unset;}.kt-info-box1413_524363-29 .kt-blocks-info-box-link-wrap{border-top:1px solid var(--global-palette7, #EDF2F7);border-right:1px solid var(--global-palette7, #EDF2F7);border-bottom:1px solid var(--global-palette7, #EDF2F7);border-left:1px solid var(--global-palette7, #EDF2F7);border-top-left-radius:10px;border-top-right-radius:10px;border-bottom-right-radius:10px;border-bottom-left-radius:10px;background:#007bff;padding-top:30px;padding-right:30px;padding-bottom:30px;padding-left:30px;margin-bottom:0px;}.kt-info-box1413_524363-29 .kt-blocks-info-box-link-wrap:hover{background:#6a6dec;}.kt-info-box1413_524363-29 .kadence-info-box-icon-container .kt-info-svg-icon, .kt-info-box1413_524363-29 .kt-info-svg-icon-flip, .kt-info-box1413_524363-29 .kt-blocks-info-box-number{font-size:50px;}.kt-info-box1413_524363-29 .kt-blocks-info-box-media{color:#444444;background:transparent;border-color:#444444;border-top-width:0px;border-right-width:0px;border-bottom-width:0px;border-left-width:0px;padding-top:0px;padding-right:0px;padding-bottom:0px;padding-left:0px;}.kt-info-box1413_524363-29 .kt-blocks-info-box-media-container{margin-top:0px;margin-right:15px;margin-bottom:0px;margin-left:0px;}.kt-info-box1413_524363-29 .kt-blocks-info-box-link-wrap:hover .kt-blocks-info-box-media{color:#444444;background:transparent;border-color:#444444;}.kt-info-box1413_524363-29 .kt-infobox-textcontent h6.kt-blocks-info-box-title{line-height:1.3em;padding-top:0px;padding-right:0px;padding-bottom:0px;padding-left:0px;margin-top:0px;margin-right:0px;margin-bottom:14px;margin-left:0px;}.kt-info-box1413_524363-29 .kt-infobox-textcontent .kt-blocks-info-box-text{color:var(--base-3);}.wp-block-kadence-infobox.kt-info-box1413_524363-29 .kt-blocks-info-box-text{text-transform:capitalize;}.kt-info-box1413_524363-29 .kt-blocks-info-box-learnmore{background:transparent;border-color:#555555;border-width:0px 0px 0px 0px;padding-top:4px;padding-right:8px;padding-bottom:4px;padding-left:8px;margin-top:10px;margin-right:0px;margin-bottom:10px;margin-left:0px;}.kt-info-box1413_524363-29 .kt-blocks-info-box-link-wrap:hover .kt-blocks-info-box-learnmore,.kt-info-box1413_524363-29 .kt-blocks-info-box-link-wrap .kt-blocks-info-box-learnmore:focus{color:#ffffff;background:#444444;border-color:#444444;}.kt-info-box1413_524363-29 .kt-blocks-info-box-link-wrap{box-shadow:0px 0px 0px 0px rgba(0, 0, 0, 0);}.kt-info-box1413_524363-29 .kt-blocks-info-box-link-wrap:hover{box-shadow:20px 20px 80px 0px rgba(27, 0, 79, 0.06);}@media all and (max-width: 1024px){.kt-info-box1413_524363-29 .kt-blocks-info-box-link-wrap{border-top:1px solid var(--global-palette7, #EDF2F7);border-right:1px solid var(--global-palette7, #EDF2F7);border-bottom:1px solid var(--global-palette7, #EDF2F7);border-left:1px solid var(--global-palette7, #EDF2F7);box-shadow:0px 0px 0px 0px rgba(0, 0, 0, 0);}}@media all and (max-width: 1024px){.kt-info-box1413_524363-29 .kt-blocks-info-box-link-wrap:hover{box-shadow:20px 20px 80px 0px rgba(27, 0, 79, 0.06);}}@media all and (max-width: 767px){.kt-info-box1413_524363-29 .kt-blocks-info-box-link-wrap{border-top:1px solid var(--global-palette7, #EDF2F7);border-right:1px solid var(--global-palette7, #EDF2F7);border-bottom:1px solid var(--global-palette7, #EDF2F7);border-left:1px solid var(--global-palette7, #EDF2F7);text-align:center;display:block;box-shadow:0px 0px 0px 0px rgba(0, 0, 0, 0);}.kt-info-box1413_524363-29 .kt-blocks-info-box-link-wrap .kt-blocks-info-box-media{display:inline-block;max-width:100%;}.kt-info-box1413_524363-29 .kt-blocks-info-box-link-wrap:hover{box-shadow:20px 20px 80px 0px rgba(27, 0, 79, 0.06);}}<\/style>\n<div class=\"wp-block-kadence-infobox kt-info-box1413_524363-29\"><a class=\"kt-blocks-info-box-link-wrap info-box-link kt-blocks-info-box-media-align-top kt-info-halign-center kb-info-box-vertical-media-align-top kb-info-mobile-halign-center\" target=\"_blank\" rel=\"noopener noreferrer\" href=\"https:\/\/easycpstest.com\/fr\/\" aria-label=\"Cliquez sur Test de vitesse | Test SCP\"><div class=\"kt-infobox-textcontent\"><p class=\"kt-blocks-info-box-text\"><strong>TEST DE VITESSE DE CLIC | TEST SCP<\/strong><\/p><\/div><\/a><\/div>\n<\/div><\/div>\n\n\n<style>.kadence-column1413_3d73af-9c > .kt-inside-inner-col{padding-top:10px;padding-right:10px;padding-bottom:10px;padding-left:10px;}.kadence-column1413_3d73af-9c > .kt-inside-inner-col,.kadence-column1413_3d73af-9c > .kt-inside-inner-col:before{border-top-left-radius:0px;border-top-right-radius:0px;border-bottom-right-radius:0px;border-bottom-left-radius:0px;}.kadence-column1413_3d73af-9c > .kt-inside-inner-col{column-gap:var(--global-kb-gap-sm, 1rem);}.kadence-column1413_3d73af-9c > .kt-inside-inner-col{flex-direction:column;}.kadence-column1413_3d73af-9c > .kt-inside-inner-col > .aligncenter{width:100%;}.kadence-column1413_3d73af-9c > .kt-inside-inner-col:before{opacity:0.3;}.kadence-column1413_3d73af-9c{position:relative;}.kadence-column1413_3d73af-9c, .kt-inside-inner-col > .kadence-column1413_3d73af-9c:not(.specificity){margin-top:0px;margin-right:0px;margin-bottom:0px;margin-left:20px;}@media all and (max-width: 1024px){.kadence-column1413_3d73af-9c > .kt-inside-inner-col{flex-direction:column;justify-content:center;}}@media all and (max-width: 1024px){.kadence-column1413_3d73af-9c, .kt-inside-inner-col > .kadence-column1413_3d73af-9c:not(.specificity){margin-top:0px;margin-right:0px;margin-bottom:0px;margin-left:0px;}}@media all and (max-width: 767px){.kadence-column1413_3d73af-9c > .kt-inside-inner-col{flex-direction:column;justify-content:center;}}<\/style>\n<div class=\"wp-block-kadence-column kadence-column1413_3d73af-9c inner-column-3\"><div class=\"kt-inside-inner-col\"><\/div><\/div>\n\n<\/div><\/div>\n\n\n<h2 style=\"color: #ffffff;font-weight: 400;background:  #007bff;width: auto;margin: 1em 0px;font-size: 25px;line-height: 1;padding: 14px;border-left: 40px solid #000000;box-shadow: #c7c7c7 0px 2px 15px 0px;text-align:;\"><span id=\"Butterfly_Click_Online_Test  \"><strong> Test en ligne Butterfly Click  \n<\/strong><\/span><\/h2>\n\n\n\n<p class=\"wp-block-paragraph\">Supposons que le joueur souhaite \u00eatre extr\u00eamement performant pour clouer l&#039;adversaire dans le jeu de test en ligne Butterfly Click, c&#039;est donc un jeu parfait \u00e0 choisir. De mani\u00e8re significative, le jeu aide le clicker \u00e0 am\u00e9liorer la comp\u00e9tence de clic avec une pratique attrayante. De plus, une pratique efficace am\u00e9liore le clic au niveau suivant.&nbsp;<\/p>\n\n\n\n<p class=\"wp-block-paragraph\">En revanche, le test de clic papillon est facile \u00e0 dominer et \u00e0 ma\u00eetriser dans tous les autres jeux de clic et modes uniques.&nbsp; &nbsp;<\/p>\n\n\n\n<p class=\"wp-block-paragraph\">Dans la m\u00e9thode de clic papillon, vous pouvez utiliser vos 2 doigts pour appuyer alternativement sur le bouton de clic de la souris. L&#039;action r\u00e9p\u00e9titive oblige le joueur \u00e0 attribuer plus de clics en quelques secondes. Au lieu d&#039;un doigt, vous pouvez utiliser 2 doigts et marquer plus de clics dans le jeu de clic.<\/p>\n\n\n\n<p class=\"wp-block-paragraph\">Comme tous les autres tests CPS, Butterfly Click Test est con\u00e7u pour enregistrer les r\u00e9flexes de vos doigts et la r\u00e9action de votre esprit dans un intervalle de temps.&nbsp;&nbsp;<\/p>\n\n\n<div class=\"wp-block-image\">\n<figure class=\"aligncenter size-full\"><img loading=\"lazy\" decoding=\"async\" width=\"768\" height=\"452\" src=\"https:\/\/easycpstest.com\/wp-content\/uploads\/2022\/03\/butterfly-1.png\" alt=\"Butterfly Click Test\" class=\"wp-image-1567\" srcset=\"https:\/\/easycpstest.com\/wp-content\/uploads\/2022\/03\/butterfly-1.png 768w, https:\/\/easycpstest.com\/wp-content\/uploads\/2022\/03\/butterfly-1-300x177.png 300w\" sizes=\"auto, (max-width: 768px) 100vw, 768px\" \/><\/figure>\n<\/div>\n\n\n<h3 style=\"color: #ffffff;font-weight: 400;background:  #007bff;width: auto;margin: 1em 0px;font-size: 25px;line-height: 1;padding: 14px;border-left: 40px solid #000000;box-shadow: #c7c7c7 0px 2px 15px 0px;text-align:;\"><span id=\"How_fast_are_you? Find_out_now!\"><strong> \u00c0 quelle vitesse \u00eates-vous? D\u00e9couvrez maintenant!  \n<\/strong><\/span><\/h3>\n\n\n\n<p class=\"wp-block-paragraph\">Le clic papillon continu vous permet d&#039;indexer davantage de clics. Alors, cliquez vigoureusement sur la case en surbrillance et laissez le jeu en ligne Butterfly Click enregistrer votre efficacit\u00e9. Si le joueur souhaite jouer \u00e0 ce jeu avec un ami \u00e9loign\u00e9, il peut lui proposer de jouer en envoyant un lien vers ce jeu. Finalement, le joueur qui marque le plus remporte le match.&nbsp;<\/p>\n\n\n\n<h3 style=\"color: #ffffff;font-weight: 400;background:  #007bff;width: auto;margin: 1em 0px;font-size: 25px;line-height: 1;padding: 14px;border-left: 40px solid #000000;box-shadow: #c7c7c7 0px 2px 15px 0px;text-align:;\"><span id=\"Features_of_Butterfly_Click_Test\"><strong> Caract\u00e9ristiques du test de clic papillon \n<\/strong><\/span><\/h3>\n\n\n\n<p class=\"wp-block-paragraph\">Heureusement, le Butterfly Click Test poss\u00e8de une fonctionnalit\u00e9 distingu\u00e9e qui offre une pratique de clic avant de jouer au grand public. Cependant, le joueur utilise ses muscles et son cerveau \u00e0 la m\u00eame vitesse pour indexer le clic maximum dans le jeu. En quelques secondes, l&#039;exercice ne g\u00eane pas vos articulations et vos muscles. Pas encore d&#039;\u00e9puisement, c&#039;est s\u00fbr.&nbsp;<\/p>\n\n\n\n<p class=\"wp-block-paragraph\">De plus, le jeu Butterfly Click est un jeu passionnant pour les joueurs qui souhaitent tuer leur temps libre sur Internet. En attendant que le logiciel installe ou charge le film que vous aimez, vous pouvez pratiquer les clics pour am\u00e9liorer vos comp\u00e9tences. Cependant, le joueur peut profiter du jeu en ligne Butterfly Click sans t\u00e9l\u00e9charger d&#039;application ou de pilote.<\/p>\n\n\n\n<h4 style=\"color: #ffffff;font-weight: 400;background:  #007bff;width: auto;margin: 1em 0px;font-size: 25px;line-height: 1;padding: 14px;border-left: 40px solid #000000;box-shadow: #c7c7c7 0px 2px 15px 0px;text-align:;\"><span id=\"Advantage_of_Clicks\"><strong> Avantage des clics papillon\n<\/strong><\/span><\/h4>\n\n\n\n<p class=\"wp-block-paragraph\">Par la suite, Butterfly Clicking aide le joueur \u00e0 tuer efficacement son temps libre. De plus, le joueur am\u00e9liore ses comp\u00e9tences de clic et de tapotement rapides gr\u00e2ce \u00e0 l&#039;exp\u00e9rience. Alternativement, les amis des m\u00e9dias sociaux lancent le d\u00e9fi de battre le record qu&#039;ils ont \u00e9tabli. De plus, les meilleurs amis \u00e0 longue distance peuvent profiter du jeu avec leurs comptes de m\u00e9dias sociaux.&nbsp;<\/p>\n\n\n\n<p class=\"wp-block-paragraph\">Heureusement, le&nbsp;<a href=\"https:\/\/easycpstest.com\/fr\/drag-click-test\/\" target=\"_blank\" rel=\"noreferrer noopener\">Faites glisser le test de clic<\/a> Le jeu en ligne est adapt\u00e9 aux mobiles afin que les utilisateurs mobiles puissent profiter du jeu sans aucune difficult\u00e9.<\/p>\n\n\n\n<h3 style=\"color: #ffffff;font-weight: 400;background:  #007bff;width: auto;margin: 1em 0px;font-size: 25px;line-height: 1;padding: 14px;border-left: 40px solid #000000;box-shadow: #c7c7c7 0px 2px 15px 0px;text-align:;\"><span id=\"How to Play Butterfly Click Game\"><strong> Comment jouer au jeu Butterfly Click\n<\/strong><\/span><\/h3>\n\n\n\n<p class=\"wp-block-paragraph\">Comme tous les autres jeux, le jeu Butterfly Click est \u00e9galement facile \u00e0 jouer en raison de sa facilit\u00e9.&nbsp;<\/p>\n\n\n\n<ul class=\"wp-block-list\">\n<li><strong>Allez dans la case en surbrillance et commencez \u00e0 appuyer avec 2 doigts pour attribuer le clic dans le jeu.<\/strong><\/li>\n\n\n\n<li><strong>Ensuite, ne touchez pas \u00e0 l&#039;ext\u00e9rieur de la bo\u00eete. Attribuez uniquement un clic dans la zone cliquable dans les 10 secondes.<\/strong><\/li>\n\n\n\n<li><strong>Plus tard, le score de votre Butterfly Clicking appara\u00eetra dans la bo\u00eete de message qui appara\u00eet automatiquement.&nbsp;<\/strong><\/li>\n\n\n\n<li><strong>Le jeu peut partager les r\u00e9sultats et les enregistrements via des plateformes de m\u00e9dias sociaux telles que WhatsApp, Facebook et Linked In.<\/strong><\/li>\n<\/ul>\n\n\n\n<p class=\"wp-block-paragraph\"><strong>Remarque pour les d\u00e9butants<\/strong><\/p>\n\n\n\n<p class=\"wp-block-paragraph\">La pratique uniforme fait du d\u00e9butant l&#039;expert des jeux Butterfly Click. De plus, cela fait du joueur un joueur professionnel.<\/p>\n\n\n\n<h2 class=\"wp-block-heading has-text-align-center\">Questions fr\u00e9quemment pos\u00e9es<\/h2>\n\n\n\n<div class=\"schema-faq wp-block-yoast-faq-block\"><div class=\"schema-faq-section\" id=\"faq-question-1677485983455\"><strong class=\"schema-faq-question\">Qu&#039;est-ce qu&#039;un test de clic papillon\u00a0?<\/strong> <p class=\"schema-faq-answer\">Un test de clic papillon est un test en ligne qui mesure le nombre de clics que vous pouvez effectuer dans un certain laps de temps en utilisant la technique de clic papillon.<\/p> <\/div> <div class=\"schema-faq-section\" id=\"faq-question-1677486023900\"><strong class=\"schema-faq-question\">Qu&#039;est-ce que la technique du clic papillon ?<\/strong> <p class=\"schema-faq-answer\">La technique de clic papillon consiste \u00e0 utiliser deux doigts pour cliquer de mani\u00e8re r\u00e9p\u00e9t\u00e9e et rapide sur le bouton de la souris. Cette technique est souvent utilis\u00e9e par les joueurs pour obtenir une vitesse de clic sup\u00e9rieure \u00e0 celle qu&#039;ils pourraient atteindre avec un seul doigt.<\/p> <\/div> <div class=\"schema-faq-section\" id=\"faq-question-1677486033867\"><strong class=\"schema-faq-question\">Puis-je am\u00e9liorer mon score au Butterfly Click Test ?<\/strong> <p class=\"schema-faq-answer\">Oui, avec de la pratique, vous pouvez am\u00e9liorer votre score au Butterfly Click Test. Essayez de vous concentrer sur votre technique et de trouver une prise confortable sur votre souris. Vous pouvez \u00e9galement essayer d&#039;utiliser diff\u00e9rents types de souris ou d&#039;ajuster les param\u00e8tres de votre souris pour voir si cela vous aide.<\/p> <\/div> <div class=\"schema-faq-section\" id=\"faq-question-1677486048365\"><strong class=\"schema-faq-question\">Existe-t-il des conseils pour passer un test de clic papillon\u00a0?<\/strong> <p class=\"schema-faq-answer\">Oui, voici quelques conseils pour passer un test de clic papillon\u00a0: <br\/>1) Utilisez une prise confortable sur votre souris<br\/>2) Gardez vos doigts d\u00e9tendus et flexibles<br\/>3) Concentrez-vous sur la vitesse et la pr\u00e9cision<br\/>4) Essayez de cliquer le plus rapidement possible tout en gardant le contr\u00f4le, et 5) Entra\u00eenez-vous r\u00e9guli\u00e8rement pour am\u00e9liorer votre score.<br\/><\/p> <\/div> <div class=\"schema-faq-section\" id=\"faq-question-1677486096483\"><strong class=\"schema-faq-question\">Puis-je passer un test de clic papillon sur mon appareil mobile\u00a0?<\/strong> <p class=\"schema-faq-answer\">Bien que certains sites Web proposent une version mobile du Butterfly Click Test, il est g\u00e9n\u00e9ralement recommand\u00e9 de passer le test sur un ordinateur ou un ordinateur portable avec une souris pour obtenir les r\u00e9sultats les plus pr\u00e9cis.<\/p> <\/div> <\/div>","protected":false},"excerpt":{"rendered":"<p>Butterfly Click Test | Easy CPS Test For 10 seconds, mark continuous clicks on the clicking area of the Butterfly Click Test to check the clicking efficiency of the gamer. In contrast to other clicking tricks,&nbsp;Butterfly Click Test&nbsp;has become famous &#8230; <\/p>\n<p class=\"read-more-container\"><a title=\"Butterfly Click Test | Click Tests | Easy CPS Test\" class=\"read-more button\" href=\"https:\/\/easycpstest.com\/fr\/butterfly-click-test\/#more-1413\" aria-label=\"Plus sur Butterfly Click Test | Click Tests | Easy CPS Test\">Lire plus<\/a><\/p>","protected":false},"author":1,"featured_media":0,"parent":0,"menu_order":0,"comment_status":"closed","ping_status":"closed","template":"","meta":{"_crdt_document":"","footnotes":""},"class_list":{"0":"post-1413","1":"page","2":"type-page","3":"status-publish","5":"no-featured-image-padding"},"_links":{"self":[{"href":"https:\/\/easycpstest.com\/fr\/wp-json\/wp\/v2\/pages\/1413","targetHints":{"allow":["GET"]}}],"collection":[{"href":"https:\/\/easycpstest.com\/fr\/wp-json\/wp\/v2\/pages"}],"about":[{"href":"https:\/\/easycpstest.com\/fr\/wp-json\/wp\/v2\/types\/page"}],"author":[{"embeddable":true,"href":"https:\/\/easycpstest.com\/fr\/wp-json\/wp\/v2\/users\/1"}],"replies":[{"embeddable":true,"href":"https:\/\/easycpstest.com\/fr\/wp-json\/wp\/v2\/comments?post=1413"}],"version-history":[{"count":17,"href":"https:\/\/easycpstest.com\/fr\/wp-json\/wp\/v2\/pages\/1413\/revisions"}],"predecessor-version":[{"id":2169,"href":"https:\/\/easycpstest.com\/fr\/wp-json\/wp\/v2\/pages\/1413\/revisions\/2169"}],"wp:attachment":[{"href":"https:\/\/easycpstest.com\/fr\/wp-json\/wp\/v2\/media?parent=1413"}],"curies":[{"name":"wp","href":"https:\/\/api.w.org\/{rel}","templated":true}]}}