{"id":1425,"date":"2025-02-10T06:48:13","date_gmt":"2025-02-10T06:48:13","guid":{"rendered":"https:\/\/easycpstest.com\/?page_id=1425"},"modified":"2025-02-10T06:48:17","modified_gmt":"2025-02-10T06:48:17","slug":"2-seconds","status":"publish","type":"page","link":"https:\/\/easycpstest.com\/fr\/2-seconds\/","title":{"rendered":"2 Second Click Test &#8211; Easy CPS Test"},"content":{"rendered":"<h1 class=\"wp-block-heading has-text-align-center\"><strong>2 Second Click Test &#8211; Easy CPS Test<\/strong><\/h1>\n\n\n\n<p class=\"has-text-align-center wp-block-paragraph\">Vous pouvez tester vos clics contre le monde du jeu en peu de temps avec ce d\u00e9fi de clic de deux secondes.<\/p>\n\n\n<div class=\"page-wrapper\">\n\t<div class=\"row\">\n\t\t<div class=\"col-lg-12 col-md-12 custom-container\">\n\t\t\t<div class=\"card\">\n\t\t\t\t<header class=\"entry-header\">\n\t\t\t\t\t\t\t\t\t<\/header>\n\t\t\t\t\t\t\t\t<div class=\"bt-click-inner\">\n\t\t\t\t\t<div class=\"card-header\">\n\t\t\t\t\t\t<div class=\"bt-header-timer\">\n\t\t\t\t\t\t\t<div class=\"bt-time-btn blue-btn\">\n\t\t\t\t\t\t\t\t<h4 class=\"mb-0\"><span id=\"timer\">0<\/span><\/h4>\n\t\t\t\t\t\t\t\t<small class=\"mb-0 sm-custom\">Minuteur<\/small>\n\t\t\t\t\t\t\t<\/div>\n\t\t\t\t\t\t\t<div class=\"bt-time-btn orange-btn\">\n\t\t\t\t\t\t\t\t<h4 class=\"mb-0\"><span id=\"clicks\">0<\/span><\/h4>\n\t\t\t\t\t\t\t\t<small class=\"mb-0 sm-custom\">Clic\/s<\/small>\n\t\t\t\t\t\t\t<\/div>\n\t\t\t\t\t\t\t<div class=\"bt-time-btn green-btn\">\n\t\t\t\t\t\t\t\t<h4 class=\"mb-0\"><span id=\"score\">0<\/span><\/h4>\n\t\t\t\t\t\t\t\t<small class=\"mb-0 sm-custom\">Score<\/small>\n\t\t\t\t\t\t\t<\/div>\n\t\t\t\t\t\t<\/div>\n\t\t\t\t\t<\/div>\n\t\t\t\t\t<div class=\"card-body\">\n\t\t\t\t\t\t<div class=\"bt-click-area\" id=\"bt-click-area\">\n\t\t\t\t\t\t\t<button id=\"start\" type=\"button\" class=\"btn-light btn-round waves-effect waves-light\">CLIQUEZ ICI POUR COMMENCER \u00c0 JOUER<\/button>\n\t\t\t\t\t\t<\/div>\n\t\t\t\t\t<\/div>\n\t\t\t\t\t<button type=\"button\" data-toggle=\"modal\" data-target=\"#click-result-modal\" style=\"display: none;\" id=\"trigger-modal\">Mode de lancement<\/button>\n\t\t\t\t<\/div>\n\t\t\t<\/div>\n\t\t<\/div>\n\t\t\t<\/div>\n<\/div>\n\n\n\n<p class=\"wp-block-paragraph\">Parcourez vos limites pour estimer le nombre de clics que vous pouvez gagner dans le jeu Click Per 2 Seconds. Pratiquons ici pour \u00e9lever votre capacit\u00e9 de clic aux \u00e9tapes suivantes. Nous approuvons que CPS Test aura un impact progressif dans de vrais jeux comme Minecraft ou Craftsman.<\/p>\n\n\n<style>.kb-row-layout-wrap.wp-block-kadence-rowlayout.kb-row-layout-id1425_aef339-87{margin-bottom:0px;}.kb-row-layout-id1425_aef339-87 > .kt-row-column-wrap{align-content:start;}:where(.kb-row-layout-id1425_aef339-87 > .kt-row-column-wrap) > .wp-block-kadence-column{justify-content:start;}.kb-row-layout-id1425_aef339-87 > .kt-row-column-wrap{column-gap:var(--global-kb-gap-none, 0rem );row-gap:var(--global-kb-gap-none, 0rem );max-width:1200px;padding-top:30px;padding-right:0px;padding-bottom:30px;padding-left:0px;}.kb-row-layout-id1425_aef339-87 > .kt-row-column-wrap > div:not(.added-for-specificity){grid-column:initial;}.kb-row-layout-id1425_aef339-87 > .kt-row-column-wrap{grid-template-columns:minmax(0, 1fr) minmax(0, 3fr) minmax(0, 1fr);}.kb-row-layout-id1425_aef339-87 > .kt-row-layout-overlay{opacity:0.30;background:linear-gradient(180deg,  0%, #00B5E2 100%);}.kb-row-layout-id1425_aef339-87 .kt-row-layout-bottom-sep{height:100px;}.kb-row-layout-id1425_aef339-87 .kt-row-layout-bottom-sep svg{width:100%;}.kb-row-layout-id1425_aef339-87 .kt-row-layout-bottom-sep svg{fill:#ffffff!important;}@media all and (max-width: 1024px){.kb-row-layout-id1425_aef339-87 > .kt-row-column-wrap{padding-top:0px;padding-right:50px;padding-bottom:80px;padding-left:50px;grid-template-columns:minmax(0, 1fr);}}@media all and (max-width: 1024px){.kb-row-layout-id1425_aef339-87 > .kt-row-column-wrap > div:not(.added-for-specificity){grid-column:initial;}}@media all and (max-width: 1024px){.kb-row-layout-id1425_aef339-87 .kt-row-layout-bottom-sep{height:px;}}@media all and (max-width: 1024px){.kb-row-layout-id1425_aef339-87 .kt-row-layout-bottom-sep svg{width:%;}}@media all and (max-width: 767px){.kb-row-layout-id1425_aef339-87 > .kt-row-column-wrap{padding-top:40px;padding-right:20px;padding-bottom:50px;padding-left:20px;grid-template-columns:minmax(0, 1fr);}.kb-row-layout-id1425_aef339-87 > .kt-row-column-wrap > div:not(.added-for-specificity){grid-column:initial;}.kb-row-layout-id1425_aef339-87 .kt-row-layout-bottom-sep{height:px;}.kb-row-layout-id1425_aef339-87 .kt-row-layout-bottom-sep svg{width:%;}}<\/style><div class=\"kb-row-layout-wrap kb-row-layout-id1425_aef339-87 alignnone kt-row-has-bg wp-block-kadence-rowlayout\"><div class=\"kt-row-layout-overlay kt-row-overlay-gradient\"><\/div><div class=\"kt-row-column-wrap kt-has-3-columns kt-row-layout-center-wide kt-tab-layout-row kt-mobile-layout-row kt-row-valign-top kb-theme-content-width\">\n<style>.kadence-column1425_ed7533-23 > .kt-inside-inner-col{padding-top:10px;padding-right:10px;padding-bottom:10px;padding-left:10px;}.kadence-column1425_ed7533-23 > .kt-inside-inner-col,.kadence-column1425_ed7533-23 > .kt-inside-inner-col:before{border-top-left-radius:0px;border-top-right-radius:0px;border-bottom-right-radius:0px;border-bottom-left-radius:0px;}.kadence-column1425_ed7533-23 > .kt-inside-inner-col{column-gap:var(--global-kb-gap-sm, 1rem);}.kadence-column1425_ed7533-23 > .kt-inside-inner-col{flex-direction:column;}.kadence-column1425_ed7533-23 > .kt-inside-inner-col > .aligncenter{width:100%;}.kadence-column1425_ed7533-23 > .kt-inside-inner-col:before{opacity:0.3;}.kadence-column1425_ed7533-23{position:relative;}.kadence-column1425_ed7533-23, .kt-inside-inner-col > .kadence-column1425_ed7533-23:not(.specificity){margin-top:0px;margin-right:20px;margin-bottom:0px;margin-left:0px;}@media all and (max-width: 1024px){.kadence-column1425_ed7533-23 > .kt-inside-inner-col{flex-direction:column;justify-content:center;}}@media all and (max-width: 1024px){.kadence-column1425_ed7533-23, .kt-inside-inner-col > .kadence-column1425_ed7533-23:not(.specificity){margin-top:0px;margin-right:0px;margin-bottom:0px;margin-left:0px;}}@media all and (max-width: 767px){.kadence-column1425_ed7533-23 > .kt-inside-inner-col{flex-direction:column;justify-content:center;}}<\/style>\n<div class=\"wp-block-kadence-column kadence-column1425_ed7533-23 inner-column-1\"><div class=\"kt-inside-inner-col\"><\/div><\/div>\n\n\n<style>.kadence-column1425_95919b-0d > .kt-inside-inner-col{padding-top:10px;padding-right:10px;padding-bottom:10px;padding-left:10px;}.kadence-column1425_95919b-0d > .kt-inside-inner-col,.kadence-column1425_95919b-0d > .kt-inside-inner-col:before{border-top-left-radius:0px;border-top-right-radius:0px;border-bottom-right-radius:0px;border-bottom-left-radius:0px;}.kadence-column1425_95919b-0d > .kt-inside-inner-col{column-gap:var(--global-kb-gap-sm, 1rem);}.kadence-column1425_95919b-0d > .kt-inside-inner-col{flex-direction:column;}.kadence-column1425_95919b-0d > .kt-inside-inner-col > .aligncenter{width:100%;}.kadence-column1425_95919b-0d > .kt-inside-inner-col:before{opacity:0.3;}.kadence-column1425_95919b-0d{position:relative;}.kadence-column1425_95919b-0d, .kt-inside-inner-col > .kadence-column1425_95919b-0d:not(.specificity){margin-top:0px;margin-right:10px;margin-bottom:0px;margin-left:10px;}@media all and (max-width: 1024px){.kadence-column1425_95919b-0d > .kt-inside-inner-col{flex-direction:column;justify-content:center;}}@media all and (max-width: 1024px){.kadence-column1425_95919b-0d, .kt-inside-inner-col > .kadence-column1425_95919b-0d:not(.specificity){margin-top:0px;margin-right:0px;margin-bottom:0px;margin-left:0px;}}@media all and (max-width: 767px){.kadence-column1425_95919b-0d > .kt-inside-inner-col{flex-direction:column;justify-content:center;}}<\/style>\n<div class=\"wp-block-kadence-column kadence-column1425_95919b-0d inner-column-2\"><div class=\"kt-inside-inner-col\"><style>.wp-block-kadence-column.kb-section-dir-horizontal > .kt-inside-inner-col > .kt-info-box1425_4fc4a3-24 .kt-blocks-info-box-link-wrap{max-width:unset;}.kt-info-box1425_4fc4a3-24 .kt-blocks-info-box-link-wrap{border-top:1px solid var(--global-palette7, #EDF2F7);border-right:1px solid var(--global-palette7, #EDF2F7);border-bottom:1px solid var(--global-palette7, #EDF2F7);border-left:1px solid var(--global-palette7, #EDF2F7);border-top-left-radius:10px;border-top-right-radius:10px;border-bottom-right-radius:10px;border-bottom-left-radius:10px;background:#007bff;padding-top:30px;padding-right:30px;padding-bottom:30px;padding-left:30px;margin-bottom:0px;}.kt-info-box1425_4fc4a3-24 .kt-blocks-info-box-link-wrap:hover{background:#6a6dec;}.kt-info-box1425_4fc4a3-24 .kadence-info-box-icon-container .kt-info-svg-icon, .kt-info-box1425_4fc4a3-24 .kt-info-svg-icon-flip, .kt-info-box1425_4fc4a3-24 .kt-blocks-info-box-number{font-size:50px;}.kt-info-box1425_4fc4a3-24 .kt-blocks-info-box-media{color:#444444;background:transparent;border-color:#444444;border-top-width:0px;border-right-width:0px;border-bottom-width:0px;border-left-width:0px;padding-top:0px;padding-right:0px;padding-bottom:0px;padding-left:0px;}.kt-info-box1425_4fc4a3-24 .kt-blocks-info-box-media-container{margin-top:0px;margin-right:15px;margin-bottom:0px;margin-left:0px;}.kt-info-box1425_4fc4a3-24 .kt-blocks-info-box-link-wrap:hover .kt-blocks-info-box-media{color:#444444;background:transparent;border-color:#444444;}.kt-info-box1425_4fc4a3-24 .kt-infobox-textcontent h6.kt-blocks-info-box-title{line-height:1.3em;padding-top:0px;padding-right:0px;padding-bottom:0px;padding-left:0px;margin-top:0px;margin-right:0px;margin-bottom:14px;margin-left:0px;}.kt-info-box1425_4fc4a3-24 .kt-infobox-textcontent .kt-blocks-info-box-text{color:var(--base-3);}.wp-block-kadence-infobox.kt-info-box1425_4fc4a3-24 .kt-blocks-info-box-text{text-transform:capitalize;}.kt-info-box1425_4fc4a3-24 .kt-blocks-info-box-learnmore{background:transparent;border-color:#555555;border-width:0px 0px 0px 0px;padding-top:4px;padding-right:8px;padding-bottom:4px;padding-left:8px;margin-top:10px;margin-right:0px;margin-bottom:10px;margin-left:0px;}.kt-info-box1425_4fc4a3-24 .kt-blocks-info-box-link-wrap:hover .kt-blocks-info-box-learnmore,.kt-info-box1425_4fc4a3-24 .kt-blocks-info-box-link-wrap .kt-blocks-info-box-learnmore:focus{color:#ffffff;background:#444444;border-color:#444444;}.kt-info-box1425_4fc4a3-24 .kt-blocks-info-box-link-wrap{box-shadow:0px 0px 0px 0px rgba(0, 0, 0, 0);}.kt-info-box1425_4fc4a3-24 .kt-blocks-info-box-link-wrap:hover{box-shadow:20px 20px 80px 0px rgba(27, 0, 79, 0.06);}@media all and (max-width: 1024px){.kt-info-box1425_4fc4a3-24 .kt-blocks-info-box-link-wrap{border-top:1px solid var(--global-palette7, #EDF2F7);border-right:1px solid var(--global-palette7, #EDF2F7);border-bottom:1px solid var(--global-palette7, #EDF2F7);border-left:1px solid var(--global-palette7, #EDF2F7);box-shadow:0px 0px 0px 0px rgba(0, 0, 0, 0);}}@media all and (max-width: 1024px){.kt-info-box1425_4fc4a3-24 .kt-blocks-info-box-link-wrap:hover{box-shadow:20px 20px 80px 0px rgba(27, 0, 79, 0.06);}}@media all and (max-width: 767px){.kt-info-box1425_4fc4a3-24 .kt-blocks-info-box-link-wrap{border-top:1px solid var(--global-palette7, #EDF2F7);border-right:1px solid var(--global-palette7, #EDF2F7);border-bottom:1px solid var(--global-palette7, #EDF2F7);border-left:1px solid var(--global-palette7, #EDF2F7);text-align:center;display:block;box-shadow:0px 0px 0px 0px rgba(0, 0, 0, 0);}.kt-info-box1425_4fc4a3-24 .kt-blocks-info-box-link-wrap .kt-blocks-info-box-media{display:inline-block;max-width:100%;}.kt-info-box1425_4fc4a3-24 .kt-blocks-info-box-link-wrap:hover{box-shadow:20px 20px 80px 0px rgba(27, 0, 79, 0.06);}}<\/style>\n<div class=\"wp-block-kadence-infobox kt-info-box1425_4fc4a3-24\"><a class=\"kt-blocks-info-box-link-wrap info-box-link kt-blocks-info-box-media-align-top kt-info-halign-center kb-info-box-vertical-media-align-top kb-info-mobile-halign-center\" target=\"_blank\" rel=\"noopener noreferrer\" href=\"https:\/\/easycpstest.com\/fr\/\" aria-label=\"Cliquez sur Test de vitesse | Test SCP\"><div class=\"kt-infobox-textcontent\"><p class=\"kt-blocks-info-box-text\"><strong>TEST DE VITESSE DE CLIC | TEST SCP<\/strong><\/p><\/div><\/a><\/div>\n<\/div><\/div>\n\n\n<style>.kadence-column1425_bbc345-0c > .kt-inside-inner-col{padding-top:10px;padding-right:10px;padding-bottom:10px;padding-left:10px;}.kadence-column1425_bbc345-0c > .kt-inside-inner-col,.kadence-column1425_bbc345-0c > .kt-inside-inner-col:before{border-top-left-radius:0px;border-top-right-radius:0px;border-bottom-right-radius:0px;border-bottom-left-radius:0px;}.kadence-column1425_bbc345-0c > .kt-inside-inner-col{column-gap:var(--global-kb-gap-sm, 1rem);}.kadence-column1425_bbc345-0c > .kt-inside-inner-col{flex-direction:column;}.kadence-column1425_bbc345-0c > .kt-inside-inner-col > .aligncenter{width:100%;}.kadence-column1425_bbc345-0c > .kt-inside-inner-col:before{opacity:0.3;}.kadence-column1425_bbc345-0c{position:relative;}.kadence-column1425_bbc345-0c, .kt-inside-inner-col > .kadence-column1425_bbc345-0c:not(.specificity){margin-top:0px;margin-right:0px;margin-bottom:0px;margin-left:20px;}@media all and (max-width: 1024px){.kadence-column1425_bbc345-0c > .kt-inside-inner-col{flex-direction:column;justify-content:center;}}@media all and (max-width: 1024px){.kadence-column1425_bbc345-0c, .kt-inside-inner-col > .kadence-column1425_bbc345-0c:not(.specificity){margin-top:0px;margin-right:0px;margin-bottom:0px;margin-left:0px;}}@media all and (max-width: 767px){.kadence-column1425_bbc345-0c > .kt-inside-inner-col{flex-direction:column;justify-content:center;}}<\/style>\n<div class=\"wp-block-kadence-column kadence-column1425_bbc345-0c inner-column-3\"><div class=\"kt-inside-inner-col\"><\/div><\/div>\n\n<\/div><\/div>\n\n\n<p class=\"wp-block-paragraph\">Profitez du test de vitesse de clic et montrez votre vitesse de clic ou votre niveau de CPS \u00e0 vos amis. Sans aucun doute, le jeu ou le test de clic vous aidera \u00e0 g\u00e9rer votre concentration. De plus, le test attire d&#039;autres consommateurs vers le jeu et leur donne un d\u00e9fi ouvert. Proposez \u00e0 votre adversaire de battre votre record en surmontant votre score au test CPS. Voici d&#039;autres d\u00e9fis de jeu pour vous.<\/p>\n\n\n<style>.wp-block-kadence-column.kb-section-dir-horizontal > .kt-inside-inner-col > .kt-info-box1425_cd9b88-e6 .kt-blocks-info-box-link-wrap{max-width:unset;}.kt-info-box1425_cd9b88-e6 .kt-blocks-info-box-link-wrap{border-top-left-radius:20px;border-top-right-radius:20px;border-bottom-right-radius:20px;border-bottom-left-radius:20px;background:#f1f1f1;padding-top:0px;padding-right:0px;padding-bottom:0px;padding-left:0px;}.kt-info-box1425_cd9b88-e6 .kt-blocks-info-box-link-wrap:hover{background:#f2f2f2;}.kt-info-box1425_cd9b88-e6 .kadence-info-box-icon-container .kt-info-svg-icon, .kt-info-box1425_cd9b88-e6 .kt-info-svg-icon-flip, .kt-info-box1425_cd9b88-e6 .kt-blocks-info-box-number{font-size:50px;}.kt-info-box1425_cd9b88-e6 .kt-blocks-info-box-media{color:#cf2e2e;background:transparent;border-color:rgba(0,0,0,0);border-radius:200px;overflow:hidden;border-top-width:0px;border-right-width:0px;border-bottom-width:0px;border-left-width:0px;padding-top:20px;padding-right:20px;padding-bottom:20px;padding-left:20px;margin-top:0px;margin-right:20px;margin-bottom:0px;margin-left:0px;}.kt-info-box1425_cd9b88-e6 .kt-blocks-info-box-media .kadence-info-box-image-intrisic img{border-radius:200px;}.kt-info-box1425_cd9b88-e6 .kt-blocks-info-box-link-wrap:hover .kt-blocks-info-box-media{color:#cf2e2e;background:rgba(0,0,0,0);border-color:rgba(0,0,0,0);}.kt-info-box1425_cd9b88-e6 .kt-infobox-textcontent h2.kt-blocks-info-box-title{padding-top:0px;padding-right:0px;padding-bottom:0px;padding-left:0px;margin-top:5px;margin-right:0px;margin-bottom:10px;margin-left:0px;}.kt-info-box1425_cd9b88-e6 .kt-infobox-textcontent .kt-blocks-info-box-text{color:#000000;}.wp-block-kadence-infobox.kt-info-box1425_cd9b88-e6 .kt-blocks-info-box-text{font-weight:400;}.kt-info-box1425_cd9b88-e6 .kt-blocks-info-box-learnmore{background:transparent;border-color:#555555;border-width:0px 0px 0px 0px;padding-top:4px;padding-right:8px;padding-bottom:4px;padding-left:8px;margin-top:10px;margin-right:0px;margin-bottom:10px;margin-left:0px;}.kt-info-box1425_cd9b88-e6 .kt-blocks-info-box-link-wrap:hover .kt-blocks-info-box-learnmore,.kt-info-box1425_cd9b88-e6 .kt-blocks-info-box-link-wrap .kt-blocks-info-box-learnmore:focus{color:#ffffff;background:#444444;border-color:#444444;}<\/style>\n<div class=\"wp-block-kadence-infobox kt-info-box1425_cd9b88-e6\"><span class=\"kt-blocks-info-box-link-wrap info-box-link kt-blocks-info-box-media-align-left kt-info-halign-left\"><div class=\"kt-blocks-info-box-media-container\"><div class=\"kt-blocks-info-box-media kt-info-media-animate-none\"><div class=\"kadence-info-box-icon-container kt-info-icon-animate-none\"><div class=\"kadence-info-box-icon-inner-container\"><span class=\"kb-svg-icon-wrap kb-svg-icon-ic_bullhorn kt-info-svg-icon\"><svg viewbox=\"0 0 8 8\"  fill=\"currentColor\" xmlns=\"http:\/\/www.w3.org\/2000\/svg\"  role=\"img\"><title>annoucement <\/title><path d=\"M6 0v6c.03.01.07 0 .09 0h.81c.05 0 .09-.04.09-.09v-5.81c0-.06-.04-.09-.09-.09h-.91zm-1 .5l-2.91 1.47c-.05.02-.13.03-.19.03h-1.81c-.06 0-.09.04-.09.09v1.81c0 .06.04.09.09.09h.91l1.03 2.72c.11.25.44.36.69.25.25-.11.36-.44.25-.69l-.75-1.78c.03-.14.13-.22.28-.22v-.03l2.5 1.25v-5z\"\/><\/svg><\/span><\/div><\/div><\/div><\/div><div class=\"kt-infobox-textcontent\"><p class=\"kt-blocks-info-box-text\"><strong>The world&#8217;s highest record reported yet is 32 clicks per 2 seconds. If you take out the CPS, it is 16 Clicks Per Second. So, move ahead and try to beat the world record and challenge your friends to beat your record in&nbsp;Click Per 2 Seconds.<\/strong><\/p><\/div><\/span><\/div>\n\n\n\n<h2 style=\"color: #ffffff;font-weight: 400;background: #007bff;width: auto;margin: 1em 0px;font-size: 25px;line-height: 1;padding: 14px;border-left: 40px solid #000000;box-shadow: #c7c7c7 0px 2px 15px 0px;text-align:;\"><span id=\"Click_Per_Two_Seconds_Challenge\"><strong>Cliquez sur le d\u00e9fi de deux secondes<\/strong><\/span><\/h2>\n\n\n\n<p class=\"wp-block-paragraph\">Clicking is the best way to earn some gaming skills that help you to improve your in-game ability, like shooting or dropping. Later you can use that skill in the games to achieve some goals that you strive for. With time and practice, you set better and more achievable goals for yourself.&nbsp;<\/p>\n\n\n\n<p class=\"wp-block-paragraph\">Au lieu de regretter que je doive me fixer un meilleur objectif que celui-ci, vous deviendrez un meilleur clicker. Ensuite, essayez d&#039;atteindre le rang le plus \u00e9lev\u00e9 en cliquant et augmentez votre score au test CPS.&nbsp;<\/p>\n\n\n\n<p class=\"wp-block-paragraph\">Il serait utile que vous commenciez par vous suivre pendant <a href=\"https:\/\/easycpstest.com\/fr\/five-seconds\/\" target=\"_blank\" rel=\"noreferrer noopener\">essai de 5 secondes<\/a> et essayer de cliquer autant de fois que possible. Apr\u00e8s cela, vous devriez essayer de battre le score que vous aviez pr\u00e9c\u00e9demment. Jusqu&#039;\u00e0 ce que vous atteigniez votre limite, vous pouvez r\u00e9p\u00e9ter ce processus aussi souvent que possible.<\/p>\n\n\n\n<h3 style=\"color: #ffffff;font-weight: 400;background: #007bff;width: auto;margin: 1em 0px;font-size: 25px;line-height: 1;padding: 14px;border-left: 40px solid #000000;box-shadow: #c7c7c7 0px 2px 15px 0px;text-align:;\"><span id=\"Features_of_Click_Per_Two_Seconds\"><strong>Caract\u00e9ristiques du clic par deux secondes<\/strong><\/span><\/h3>\n\n\n\n<p class=\"wp-block-paragraph\">Here are several ways to participate in the&nbsp;Click Per 2 Seconds&nbsp;game. Use the Clicking trick if you desire to beat the top score on the player&#8217;s list. In contrast, go for it if you feel like throwing a challenge at your mates. However, you can beat yourself by chasing the score you have made as a record for others.<\/p>\n\n\n\n<p class=\"wp-block-paragraph\">Au fur et \u00e0 mesure que vous relevez le d\u00e9fi dans le jeu, vous \u00eates pr\u00eat \u00e0 g\u00e9rer le jeu maintenant avec plus de confiance, au lieu d&#039;envisager de jouer \u00e0 d&#039;autres jeux que de relever le d\u00e9fi.<\/p>","protected":false},"excerpt":{"rendered":"<p>2 Second Click Test &#8211; Easy CPS Test You can test your clicking chops against the gaming world in a short time with this two-second click challenge. Navigate your limits to estimate the number of clicks you can earn in &#8230; <\/p>\n<p class=\"read-more-container\"><a title=\"2 Second Click Test &#8211; Easy CPS Test\" class=\"read-more button\" href=\"https:\/\/easycpstest.com\/fr\/2-seconds\/#more-1425\" aria-label=\"Plus sur 2 Second Click Test &#8211; Easy CPS Test\">Lire plus<\/a><\/p>","protected":false},"author":1,"featured_media":0,"parent":0,"menu_order":0,"comment_status":"closed","ping_status":"closed","template":"","meta":{"_crdt_document":"","footnotes":""},"class_list":{"0":"post-1425","1":"page","2":"type-page","3":"status-publish","5":"no-featured-image-padding"},"_links":{"self":[{"href":"https:\/\/easycpstest.com\/fr\/wp-json\/wp\/v2\/pages\/1425","targetHints":{"allow":["GET"]}}],"collection":[{"href":"https:\/\/easycpstest.com\/fr\/wp-json\/wp\/v2\/pages"}],"about":[{"href":"https:\/\/easycpstest.com\/fr\/wp-json\/wp\/v2\/types\/page"}],"author":[{"embeddable":true,"href":"https:\/\/easycpstest.com\/fr\/wp-json\/wp\/v2\/users\/1"}],"replies":[{"embeddable":true,"href":"https:\/\/easycpstest.com\/fr\/wp-json\/wp\/v2\/comments?post=1425"}],"version-history":[{"count":12,"href":"https:\/\/easycpstest.com\/fr\/wp-json\/wp\/v2\/pages\/1425\/revisions"}],"predecessor-version":[{"id":2159,"href":"https:\/\/easycpstest.com\/fr\/wp-json\/wp\/v2\/pages\/1425\/revisions\/2159"}],"wp:attachment":[{"href":"https:\/\/easycpstest.com\/fr\/wp-json\/wp\/v2\/media?parent=1425"}],"curies":[{"name":"wp","href":"https:\/\/api.w.org\/{rel}","templated":true}]}}