{"id":1428,"date":"2025-02-10T06:49:08","date_gmt":"2025-02-10T06:49:08","guid":{"rendered":"https:\/\/easycpstest.com\/?page_id=1428"},"modified":"2025-02-10T06:49:10","modified_gmt":"2025-02-10T06:49:10","slug":"five-seconds","status":"publish","type":"page","link":"https:\/\/easycpstest.com\/fr\/five-seconds\/","title":{"rendered":"5 Second Click Test &#8211; Easy CPS Test"},"content":{"rendered":"<h1 class=\"wp-block-heading has-text-align-center\"><strong>5 Second Click Test &#8211; Easy CPS Test<\/strong><\/h1>\n\n\n\n<p class=\"has-text-align-center wp-block-paragraph\">Vous pouvez tester vos clics contre le monde du jeu en peu de temps avec ce d\u00e9fi de clic de cinq secondes.<\/p>\n\n\n<div class=\"page-wrapper\">\n\t<div class=\"row\">\n\t\t<div class=\"col-lg-12 col-md-12 custom-container\">\n\t\t\t<div class=\"card\">\n\t\t\t\t<header class=\"entry-header\">\n\t\t\t\t\t\t\t\t\t<\/header>\n\t\t\t\t\t\t\t\t<div class=\"bt-click-inner\">\n\t\t\t\t\t<div class=\"card-header\">\n\t\t\t\t\t\t<div class=\"bt-header-timer\">\n\t\t\t\t\t\t\t<div class=\"bt-time-btn blue-btn\">\n\t\t\t\t\t\t\t\t<h4 class=\"mb-0\"><span id=\"timer\">0<\/span><\/h4>\n\t\t\t\t\t\t\t\t<small class=\"mb-0 sm-custom\">Minuteur<\/small>\n\t\t\t\t\t\t\t<\/div>\n\t\t\t\t\t\t\t<div class=\"bt-time-btn orange-btn\">\n\t\t\t\t\t\t\t\t<h4 class=\"mb-0\"><span id=\"clicks\">0<\/span><\/h4>\n\t\t\t\t\t\t\t\t<small class=\"mb-0 sm-custom\">Clic\/s<\/small>\n\t\t\t\t\t\t\t<\/div>\n\t\t\t\t\t\t\t<div class=\"bt-time-btn green-btn\">\n\t\t\t\t\t\t\t\t<h4 class=\"mb-0\"><span id=\"score\">0<\/span><\/h4>\n\t\t\t\t\t\t\t\t<small class=\"mb-0 sm-custom\">Score<\/small>\n\t\t\t\t\t\t\t<\/div>\n\t\t\t\t\t\t<\/div>\n\t\t\t\t\t<\/div>\n\t\t\t\t\t<div class=\"card-body\">\n\t\t\t\t\t\t<div class=\"bt-click-area\" id=\"bt-click-area\">\n\t\t\t\t\t\t\t<button id=\"start\" type=\"button\" class=\"btn-light btn-round waves-effect waves-light\">CLIQUEZ ICI POUR COMMENCER \u00c0 JOUER<\/button>\n\t\t\t\t\t\t<\/div>\n\t\t\t\t\t<\/div>\n\t\t\t\t\t<button type=\"button\" data-toggle=\"modal\" data-target=\"#click-result-modal\" style=\"display: none;\" id=\"trigger-modal\">Mode de lancement<\/button>\n\t\t\t\t<\/div>\n\t\t\t<\/div>\n\t\t<\/div>\n\t\t\t<\/div>\n<\/div>\n\n\n\n<p class=\"wp-block-paragraph\">To check the strength of your clicking power, put your skill on a limited-time test like&nbsp;the Click Per 5 Seconds&nbsp;Test. The test is pretty much like a game so start playing today and enjoy clicking in the specified clicking area. Assign unlimited clicks in the clicking area and give your a tough time to your competitors.<\/p>\n\n\n<style>.kb-row-layout-wrap.wp-block-kadence-rowlayout.kb-row-layout-id1428_dfbf69-44{margin-bottom:0px;}.kb-row-layout-id1428_dfbf69-44 > .kt-row-column-wrap{align-content:start;}:where(.kb-row-layout-id1428_dfbf69-44 > .kt-row-column-wrap) > .wp-block-kadence-column{justify-content:start;}.kb-row-layout-id1428_dfbf69-44 > .kt-row-column-wrap{column-gap:var(--global-kb-gap-none, 0rem );row-gap:var(--global-kb-gap-none, 0rem );max-width:1200px;padding-top:30px;padding-right:0px;padding-bottom:30px;padding-left:0px;}.kb-row-layout-id1428_dfbf69-44 > .kt-row-column-wrap > div:not(.added-for-specificity){grid-column:initial;}.kb-row-layout-id1428_dfbf69-44 > .kt-row-column-wrap{grid-template-columns:minmax(0, 1fr) minmax(0, 3fr) minmax(0, 1fr);}.kb-row-layout-id1428_dfbf69-44 > .kt-row-layout-overlay{opacity:0.30;background:linear-gradient(180deg,  0%, #00B5E2 100%);}.kb-row-layout-id1428_dfbf69-44 .kt-row-layout-bottom-sep{height:100px;}.kb-row-layout-id1428_dfbf69-44 .kt-row-layout-bottom-sep svg{width:100%;}.kb-row-layout-id1428_dfbf69-44 .kt-row-layout-bottom-sep svg{fill:#ffffff!important;}@media all and (max-width: 1024px){.kb-row-layout-id1428_dfbf69-44 > .kt-row-column-wrap{padding-top:0px;padding-right:50px;padding-bottom:80px;padding-left:50px;grid-template-columns:minmax(0, 1fr);}}@media all and (max-width: 1024px){.kb-row-layout-id1428_dfbf69-44 > .kt-row-column-wrap > div:not(.added-for-specificity){grid-column:initial;}}@media all and (max-width: 1024px){.kb-row-layout-id1428_dfbf69-44 .kt-row-layout-bottom-sep{height:px;}}@media all and (max-width: 1024px){.kb-row-layout-id1428_dfbf69-44 .kt-row-layout-bottom-sep svg{width:%;}}@media all and (max-width: 767px){.kb-row-layout-id1428_dfbf69-44 > .kt-row-column-wrap{padding-top:40px;padding-right:20px;padding-bottom:50px;padding-left:20px;grid-template-columns:minmax(0, 1fr);}.kb-row-layout-id1428_dfbf69-44 > .kt-row-column-wrap > div:not(.added-for-specificity){grid-column:initial;}.kb-row-layout-id1428_dfbf69-44 .kt-row-layout-bottom-sep{height:px;}.kb-row-layout-id1428_dfbf69-44 .kt-row-layout-bottom-sep svg{width:%;}}<\/style><div class=\"kb-row-layout-wrap kb-row-layout-id1428_dfbf69-44 alignnone kt-row-has-bg wp-block-kadence-rowlayout\"><div class=\"kt-row-layout-overlay kt-row-overlay-gradient\"><\/div><div class=\"kt-row-column-wrap kt-has-3-columns kt-row-layout-center-wide kt-tab-layout-row kt-mobile-layout-row kt-row-valign-top kb-theme-content-width\">\n<style>.kadence-column1428_486301-ec > .kt-inside-inner-col{padding-top:10px;padding-right:10px;padding-bottom:10px;padding-left:10px;}.kadence-column1428_486301-ec > .kt-inside-inner-col,.kadence-column1428_486301-ec > .kt-inside-inner-col:before{border-top-left-radius:0px;border-top-right-radius:0px;border-bottom-right-radius:0px;border-bottom-left-radius:0px;}.kadence-column1428_486301-ec > .kt-inside-inner-col{column-gap:var(--global-kb-gap-sm, 1rem);}.kadence-column1428_486301-ec > .kt-inside-inner-col{flex-direction:column;}.kadence-column1428_486301-ec > .kt-inside-inner-col > .aligncenter{width:100%;}.kadence-column1428_486301-ec > .kt-inside-inner-col:before{opacity:0.3;}.kadence-column1428_486301-ec{position:relative;}.kadence-column1428_486301-ec, .kt-inside-inner-col > .kadence-column1428_486301-ec:not(.specificity){margin-top:0px;margin-right:20px;margin-bottom:0px;margin-left:0px;}@media all and (max-width: 1024px){.kadence-column1428_486301-ec > .kt-inside-inner-col{flex-direction:column;justify-content:center;}}@media all and (max-width: 1024px){.kadence-column1428_486301-ec, .kt-inside-inner-col > .kadence-column1428_486301-ec:not(.specificity){margin-top:0px;margin-right:0px;margin-bottom:0px;margin-left:0px;}}@media all and (max-width: 767px){.kadence-column1428_486301-ec > .kt-inside-inner-col{flex-direction:column;justify-content:center;}}<\/style>\n<div class=\"wp-block-kadence-column kadence-column1428_486301-ec inner-column-1\"><div class=\"kt-inside-inner-col\"><\/div><\/div>\n\n\n<style>.kadence-column1428_4b98a3-f8 > .kt-inside-inner-col{padding-top:10px;padding-right:10px;padding-bottom:10px;padding-left:10px;}.kadence-column1428_4b98a3-f8 > .kt-inside-inner-col,.kadence-column1428_4b98a3-f8 > .kt-inside-inner-col:before{border-top-left-radius:0px;border-top-right-radius:0px;border-bottom-right-radius:0px;border-bottom-left-radius:0px;}.kadence-column1428_4b98a3-f8 > .kt-inside-inner-col{column-gap:var(--global-kb-gap-sm, 1rem);}.kadence-column1428_4b98a3-f8 > .kt-inside-inner-col{flex-direction:column;}.kadence-column1428_4b98a3-f8 > .kt-inside-inner-col > .aligncenter{width:100%;}.kadence-column1428_4b98a3-f8 > .kt-inside-inner-col:before{opacity:0.3;}.kadence-column1428_4b98a3-f8{position:relative;}.kadence-column1428_4b98a3-f8, .kt-inside-inner-col > .kadence-column1428_4b98a3-f8:not(.specificity){margin-top:0px;margin-right:10px;margin-bottom:0px;margin-left:10px;}@media all and (max-width: 1024px){.kadence-column1428_4b98a3-f8 > .kt-inside-inner-col{flex-direction:column;justify-content:center;}}@media all and (max-width: 1024px){.kadence-column1428_4b98a3-f8, .kt-inside-inner-col > .kadence-column1428_4b98a3-f8:not(.specificity){margin-top:0px;margin-right:0px;margin-bottom:0px;margin-left:0px;}}@media all and (max-width: 767px){.kadence-column1428_4b98a3-f8 > .kt-inside-inner-col{flex-direction:column;justify-content:center;}}<\/style>\n<div class=\"wp-block-kadence-column kadence-column1428_4b98a3-f8 inner-column-2\"><div class=\"kt-inside-inner-col\"><style>.wp-block-kadence-column.kb-section-dir-horizontal > .kt-inside-inner-col > .kt-info-box1428_2dc5b0-71 .kt-blocks-info-box-link-wrap{max-width:unset;}.kt-info-box1428_2dc5b0-71 .kt-blocks-info-box-link-wrap{border-top:1px solid var(--global-palette7, #EDF2F7);border-right:1px solid var(--global-palette7, #EDF2F7);border-bottom:1px solid var(--global-palette7, #EDF2F7);border-left:1px solid var(--global-palette7, #EDF2F7);border-top-left-radius:10px;border-top-right-radius:10px;border-bottom-right-radius:10px;border-bottom-left-radius:10px;background:#007bff;padding-top:30px;padding-right:30px;padding-bottom:30px;padding-left:30px;margin-bottom:0px;}.kt-info-box1428_2dc5b0-71 .kt-blocks-info-box-link-wrap:hover{background:#6a6dec;}.kt-info-box1428_2dc5b0-71 .kadence-info-box-icon-container .kt-info-svg-icon, .kt-info-box1428_2dc5b0-71 .kt-info-svg-icon-flip, .kt-info-box1428_2dc5b0-71 .kt-blocks-info-box-number{font-size:50px;}.kt-info-box1428_2dc5b0-71 .kt-blocks-info-box-media{color:#444444;background:transparent;border-color:#444444;border-top-width:0px;border-right-width:0px;border-bottom-width:0px;border-left-width:0px;padding-top:0px;padding-right:0px;padding-bottom:0px;padding-left:0px;}.kt-info-box1428_2dc5b0-71 .kt-blocks-info-box-media-container{margin-top:0px;margin-right:15px;margin-bottom:0px;margin-left:0px;}.kt-info-box1428_2dc5b0-71 .kt-blocks-info-box-link-wrap:hover .kt-blocks-info-box-media{color:#444444;background:transparent;border-color:#444444;}.kt-info-box1428_2dc5b0-71 .kt-infobox-textcontent h6.kt-blocks-info-box-title{line-height:1.3em;padding-top:0px;padding-right:0px;padding-bottom:0px;padding-left:0px;margin-top:0px;margin-right:0px;margin-bottom:14px;margin-left:0px;}.kt-info-box1428_2dc5b0-71 .kt-infobox-textcontent .kt-blocks-info-box-text{color:var(--base-3);}.wp-block-kadence-infobox.kt-info-box1428_2dc5b0-71 .kt-blocks-info-box-text{text-transform:capitalize;}.kt-info-box1428_2dc5b0-71 .kt-blocks-info-box-learnmore{background:transparent;border-color:#555555;border-width:0px 0px 0px 0px;padding-top:4px;padding-right:8px;padding-bottom:4px;padding-left:8px;margin-top:10px;margin-right:0px;margin-bottom:10px;margin-left:0px;}.kt-info-box1428_2dc5b0-71 .kt-blocks-info-box-link-wrap:hover .kt-blocks-info-box-learnmore,.kt-info-box1428_2dc5b0-71 .kt-blocks-info-box-link-wrap .kt-blocks-info-box-learnmore:focus{color:#ffffff;background:#444444;border-color:#444444;}.kt-info-box1428_2dc5b0-71 .kt-blocks-info-box-link-wrap{box-shadow:0px 0px 0px 0px rgba(0, 0, 0, 0);}.kt-info-box1428_2dc5b0-71 .kt-blocks-info-box-link-wrap:hover{box-shadow:20px 20px 80px 0px rgba(27, 0, 79, 0.06);}@media all and (max-width: 1024px){.kt-info-box1428_2dc5b0-71 .kt-blocks-info-box-link-wrap{border-top:1px solid var(--global-palette7, #EDF2F7);border-right:1px solid var(--global-palette7, #EDF2F7);border-bottom:1px solid var(--global-palette7, #EDF2F7);border-left:1px solid var(--global-palette7, #EDF2F7);box-shadow:0px 0px 0px 0px rgba(0, 0, 0, 0);}}@media all and (max-width: 1024px){.kt-info-box1428_2dc5b0-71 .kt-blocks-info-box-link-wrap:hover{box-shadow:20px 20px 80px 0px rgba(27, 0, 79, 0.06);}}@media all and (max-width: 767px){.kt-info-box1428_2dc5b0-71 .kt-blocks-info-box-link-wrap{border-top:1px solid var(--global-palette7, #EDF2F7);border-right:1px solid var(--global-palette7, #EDF2F7);border-bottom:1px solid var(--global-palette7, #EDF2F7);border-left:1px solid var(--global-palette7, #EDF2F7);text-align:center;display:block;box-shadow:0px 0px 0px 0px rgba(0, 0, 0, 0);}.kt-info-box1428_2dc5b0-71 .kt-blocks-info-box-link-wrap .kt-blocks-info-box-media{display:inline-block;max-width:100%;}.kt-info-box1428_2dc5b0-71 .kt-blocks-info-box-link-wrap:hover{box-shadow:20px 20px 80px 0px rgba(27, 0, 79, 0.06);}}<\/style>\n<div class=\"wp-block-kadence-infobox kt-info-box1428_2dc5b0-71\"><a class=\"kt-blocks-info-box-link-wrap info-box-link kt-blocks-info-box-media-align-top kt-info-halign-center kb-info-box-vertical-media-align-top kb-info-mobile-halign-center\" target=\"_blank\" rel=\"noopener noreferrer\" href=\"https:\/\/easycpstest.com\/fr\/\" aria-label=\"Cliquez sur Test de vitesse | Test SCP\"><div class=\"kt-infobox-textcontent\"><p class=\"kt-blocks-info-box-text\"><strong>TEST DE VITESSE DE CLIC | TEST SCP<\/strong><\/p><\/div><\/a><\/div>\n<\/div><\/div>\n\n\n<style>.kadence-column1428_0436c4-fb > .kt-inside-inner-col{padding-top:10px;padding-right:10px;padding-bottom:10px;padding-left:10px;}.kadence-column1428_0436c4-fb > .kt-inside-inner-col,.kadence-column1428_0436c4-fb > .kt-inside-inner-col:before{border-top-left-radius:0px;border-top-right-radius:0px;border-bottom-right-radius:0px;border-bottom-left-radius:0px;}.kadence-column1428_0436c4-fb > .kt-inside-inner-col{column-gap:var(--global-kb-gap-sm, 1rem);}.kadence-column1428_0436c4-fb > .kt-inside-inner-col{flex-direction:column;}.kadence-column1428_0436c4-fb > .kt-inside-inner-col > .aligncenter{width:100%;}.kadence-column1428_0436c4-fb > .kt-inside-inner-col:before{opacity:0.3;}.kadence-column1428_0436c4-fb{position:relative;}.kadence-column1428_0436c4-fb, .kt-inside-inner-col > .kadence-column1428_0436c4-fb:not(.specificity){margin-top:0px;margin-right:0px;margin-bottom:0px;margin-left:20px;}@media all and (max-width: 1024px){.kadence-column1428_0436c4-fb > .kt-inside-inner-col{flex-direction:column;justify-content:center;}}@media all and (max-width: 1024px){.kadence-column1428_0436c4-fb, .kt-inside-inner-col > .kadence-column1428_0436c4-fb:not(.specificity){margin-top:0px;margin-right:0px;margin-bottom:0px;margin-left:0px;}}@media all and (max-width: 767px){.kadence-column1428_0436c4-fb > .kt-inside-inner-col{flex-direction:column;justify-content:center;}}<\/style>\n<div class=\"wp-block-kadence-column kadence-column1428_0436c4-fb inner-column-3\"><div class=\"kt-inside-inner-col\"><\/div><\/div>\n\n<\/div><\/div>\n\n\n<p class=\"wp-block-paragraph\">Le jeu vous aide \u00e0 am\u00e9liorer votre habilet\u00e9 \u00e0 cliquer, alors utilisez le test de vitesse de clic avec un intervalle de 5 secondes. Au fur et \u00e0 mesure que vous pratiquez, vous aiguisez l&#039;habilet\u00e9 du clic, ce qui vous aide \u00e0 bien jouer dans un jeu en temps r\u00e9el. Ensuite, partagez le r\u00e9sultat avec vos amis et lancez-leur un d\u00e9fi ouvert en \u00e9tablissant le record le plus \u00e9lev\u00e9.&nbsp;&nbsp;<\/p>\n\n\n<style>.wp-block-kadence-column.kb-section-dir-horizontal > .kt-inside-inner-col > .kt-info-box1428_6989e8-75 .kt-blocks-info-box-link-wrap{max-width:unset;}.kt-info-box1428_6989e8-75 .kt-blocks-info-box-link-wrap{border-top-left-radius:20px;border-top-right-radius:20px;border-bottom-right-radius:20px;border-bottom-left-radius:20px;background:#f1f1f1;padding-top:0px;padding-right:0px;padding-bottom:0px;padding-left:0px;}.kt-info-box1428_6989e8-75 .kt-blocks-info-box-link-wrap:hover{background:#f2f2f2;}.kt-info-box1428_6989e8-75 .kadence-info-box-icon-container .kt-info-svg-icon, .kt-info-box1428_6989e8-75 .kt-info-svg-icon-flip, .kt-info-box1428_6989e8-75 .kt-blocks-info-box-number{font-size:50px;}.kt-info-box1428_6989e8-75 .kt-blocks-info-box-media{color:#f88ca4;background:transparent;border-color:rgba(0,0,0,0);border-radius:200px;overflow:hidden;border-top-width:0px;border-right-width:0px;border-bottom-width:0px;border-left-width:0px;padding-top:20px;padding-right:20px;padding-bottom:20px;padding-left:20px;margin-top:0px;margin-right:20px;margin-bottom:0px;margin-left:0px;}.kt-info-box1428_6989e8-75 .kt-blocks-info-box-media .kadence-info-box-image-intrisic img{border-radius:200px;}.kt-info-box1428_6989e8-75 .kt-blocks-info-box-link-wrap:hover .kt-blocks-info-box-media{color:#f88ca4;background:rgba(0,0,0,0);border-color:rgba(0,0,0,0);}.kt-info-box1428_6989e8-75 .kt-infobox-textcontent h2.kt-blocks-info-box-title{padding-top:0px;padding-right:0px;padding-bottom:0px;padding-left:0px;margin-top:5px;margin-right:0px;margin-bottom:10px;margin-left:0px;}.kt-info-box1428_6989e8-75 .kt-infobox-textcontent .kt-blocks-info-box-text{color:#000000;}.wp-block-kadence-infobox.kt-info-box1428_6989e8-75 .kt-blocks-info-box-text{font-weight:400;}.kt-info-box1428_6989e8-75 .kt-blocks-info-box-learnmore{background:transparent;border-color:#555555;border-width:0px 0px 0px 0px;padding-top:4px;padding-right:8px;padding-bottom:4px;padding-left:8px;margin-top:10px;margin-right:0px;margin-bottom:10px;margin-left:0px;}.kt-info-box1428_6989e8-75 .kt-blocks-info-box-link-wrap:hover .kt-blocks-info-box-learnmore,.kt-info-box1428_6989e8-75 .kt-blocks-info-box-link-wrap .kt-blocks-info-box-learnmore:focus{color:#ffffff;background:#444444;border-color:#444444;}<\/style>\n<div class=\"wp-block-kadence-infobox kt-info-box1428_6989e8-75\"><span class=\"kt-blocks-info-box-link-wrap info-box-link kt-blocks-info-box-media-align-left kt-info-halign-left\"><div class=\"kt-blocks-info-box-media-container\"><div class=\"kt-blocks-info-box-media kt-info-media-animate-none\"><div class=\"kadence-info-box-icon-container kt-info-icon-animate-none\"><div class=\"kadence-info-box-icon-inner-container\"><span class=\"kb-svg-icon-wrap kb-svg-icon-ic_bullhorn kt-info-svg-icon\"><svg viewbox=\"0 0 8 8\"  fill=\"currentColor\" xmlns=\"http:\/\/www.w3.org\/2000\/svg\"  role=\"img\"><title>annoucement <\/title><path d=\"M6 0v6c.03.01.07 0 .09 0h.81c.05 0 .09-.04.09-.09v-5.81c0-.06-.04-.09-.09-.09h-.91zm-1 .5l-2.91 1.47c-.05.02-.13.03-.19.03h-1.81c-.06 0-.09.04-.09.09v1.81c0 .06.04.09.09.09h.91l1.03 2.72c.11.25.44.36.69.25.25-.11.36-.44.25-.69l-.75-1.78c.03-.14.13-.22.28-.22v-.03l2.5 1.25v-5z\"\/><\/svg><\/span><\/div><\/div><\/div><\/div><div class=\"kt-infobox-textcontent\"><p class=\"kt-blocks-info-box-text\"><strong>Judges declared that the standard&nbsp;Click Per 5 Seconds&nbsp;is roughly 15. So, if you can assign more than 15 clicks in 5 seconds, you can set the record for the other gamers.&nbsp;<\/strong><\/p><\/div><\/span><\/div>\n\n\n\n<h2 style=\"color: #ffffff;font-weight: 400;background: #007bff;width: auto;margin: 1em 0px;font-size: 25px;line-height: 1;padding: 14px;border-left: 40px solid #000000;box-shadow: #c7c7c7 0px 2px 15px 0px;text-align:;\"><span id=\"Click_Per_5_Seconds_Challenge\"><strong>Cliquez sur le d\u00e9fi de 5 secondes<\/strong><\/span><\/h2>\n\n\n\n<p class=\"wp-block-paragraph\">Congratulation! Here we introduce the latest challenge,&nbsp;Click Per 5 Seconds, for game lovers. EasyCPSTest offers you to play a game that ends in just 5 seconds and shows the CPS count, which is the ratio of the clicks against the seconds. However, the intense game measure accurately the clicking ability of your game.&nbsp;<\/p>\n\n\n\n<p class=\"wp-block-paragraph\">Before taking a challenge, you get the chance to complete the effort in the given time. Without wasting time, get ready to click fast unless you will not meet the&nbsp;Click Per 5 Seconds Challenge.&nbsp;Playing online is a very exciting thing about that game, so, without restriction, you can enjoy the game.&nbsp;<\/p>\n\n\n\n<p class=\"wp-block-paragraph\">So, enjoy the exciting game completely and share the information about the&nbsp;CPS Test-like game. Though you will get more challenges to compete, you can register challenges with the highest clicking score to beat. Best of Luck!&nbsp;<\/p>\n\n\n\n<h3 style=\"color: #ffffff;font-weight: 400;background: #007bff;width: auto;margin: 1em 0px;font-size: 25px;line-height: 1;padding: 14px;border-left: 40px solid #000000;box-shadow: #c7c7c7 0px 2px 15px 0px;text-align:;\"><span id=\"Features_of_Click_Per_5_Seconds\"><strong>Caract\u00e9ristiques du clic par 5 secondes<\/strong><\/span><\/h3>\n\n\n\n<p class=\"wp-block-paragraph\">Selon les demandes et les besoins des joueurs, nous avons de nombreux autres jeux qui aident les joueurs \u00e0 augmenter leur capacit\u00e9 de clic. Comme <a href=\"https:\/\/easycpstest.com\/fr\/2-seconds\/\" target=\"_blank\" rel=\"noreferrer noopener\">Cliquez par 2 secondes<\/a>, <a href=\"https:\/\/easycpstest.com\/fr\/five-seconds\/\" target=\"_blank\" rel=\"noreferrer noopener\">Cliquez par 5 secondes<\/a>, et <a href=\"https:\/\/easycpstest.com\/fr\/10-seconds\/\" target=\"_blank\" rel=\"noreferrer noopener\">Cliquez par 10 secondes<\/a>, vous pouvez profiter de toutes les versions de jeux en fonction de votre niveau de jeu et de votre niveau de satisfaction.&nbsp;<\/p>\n\n\n\n<p class=\"wp-block-paragraph\">Si vous parvenez \u00e0 jouer \u00e0 toutes les versions du jeu avec enthousiasme, vous obtiendrez les meilleurs r\u00e9sultats dans les jeux en temps r\u00e9el. Cependant, jouez dur et donnez du fil \u00e0 retordre \u00e0 vos amis et adversaires.<\/p>\n\n\n\n<p class=\"wp-block-paragraph\">Le but du jeu est de faire cliquer le joueur rapidement afin qu&#039;il puisse cliquer rapidement pour tirer sur l&#039;ennemi ou construire la m\u00e9gastructure dans un jeu en temps r\u00e9el. Cependant, la pratique donne de la vitesse \u00e0 votre capacit\u00e9 de clic. En m\u00eame temps, vous pouvez \u00e9tablir un record contre l&#039;autre joueur, qu&#039;il s&#039;agisse d&#039;enfants ou d&#039;a\u00een\u00e9s.<\/p>","protected":false},"excerpt":{"rendered":"<p>5 Second Click Test &#8211; Easy CPS Test You can test your clicking chops against the gaming world in a short time with this five-second click challenge. To check the strength of your clicking power, put your skill on a &#8230; <\/p>\n<p class=\"read-more-container\"><a title=\"5 Second Click Test &#8211; Easy CPS Test\" class=\"read-more button\" href=\"https:\/\/easycpstest.com\/fr\/five-seconds\/#more-1428\" aria-label=\"Plus sur 5 Second Click Test &#8211; Easy CPS Test\">Lire plus<\/a><\/p>","protected":false},"author":1,"featured_media":0,"parent":0,"menu_order":0,"comment_status":"closed","ping_status":"closed","template":"","meta":{"_crdt_document":"","footnotes":""},"class_list":{"0":"post-1428","1":"page","2":"type-page","3":"status-publish","5":"no-featured-image-padding"},"_links":{"self":[{"href":"https:\/\/easycpstest.com\/fr\/wp-json\/wp\/v2\/pages\/1428","targetHints":{"allow":["GET"]}}],"collection":[{"href":"https:\/\/easycpstest.com\/fr\/wp-json\/wp\/v2\/pages"}],"about":[{"href":"https:\/\/easycpstest.com\/fr\/wp-json\/wp\/v2\/types\/page"}],"author":[{"embeddable":true,"href":"https:\/\/easycpstest.com\/fr\/wp-json\/wp\/v2\/users\/1"}],"replies":[{"embeddable":true,"href":"https:\/\/easycpstest.com\/fr\/wp-json\/wp\/v2\/comments?post=1428"}],"version-history":[{"count":11,"href":"https:\/\/easycpstest.com\/fr\/wp-json\/wp\/v2\/pages\/1428\/revisions"}],"predecessor-version":[{"id":2160,"href":"https:\/\/easycpstest.com\/fr\/wp-json\/wp\/v2\/pages\/1428\/revisions\/2160"}],"wp:attachment":[{"href":"https:\/\/easycpstest.com\/fr\/wp-json\/wp\/v2\/media?parent=1428"}],"curies":[{"name":"wp","href":"https:\/\/api.w.org\/{rel}","templated":true}]}}