{"id":299,"date":"2025-02-10T07:04:31","date_gmt":"2025-02-10T07:04:31","guid":{"rendered":"https:\/\/easycpstest.com\/?page_id=299"},"modified":"2025-02-10T07:04:33","modified_gmt":"2025-02-10T07:04:33","slug":"privacy-policy","status":"publish","type":"page","link":"https:\/\/easycpstest.com\/fr\/privacy-policy\/","title":{"rendered":"Politique de confidentialit\u00e9"},"content":{"rendered":"<p class=\"wp-block-paragraph\">\u00c0 <strong>Test CPS facile<\/strong>, accessible depuis <a href=\"https:\/\/easycpstest.com\/fr\/\" target=\"_blank\" rel=\"noopener\">https:\/\/easycpstest.com\/<\/a>, la confidentialit\u00e9 de nos visiteurs est l&#039;une de nos principales priorit\u00e9s. Ce document de politique de confidentialit\u00e9 contient des informations collect\u00e9es et enregistr\u00e9es par le test Easy CPS et comment nous les utilisons.<\/p>\n\n\n\n<p class=\"wp-block-paragraph\">Si vous avez des questions suppl\u00e9mentaires ou souhaitez plus d&#039;informations sur notre politique de confidentialit\u00e9, n&#039;h\u00e9sitez pas \u00e0 <a href=\"https:\/\/easycpstest.com\/fr\/contact-us\/\" target=\"_blank\" rel=\"noopener\">Nous contacter.<\/a><\/p>\n\n\n\n<p class=\"wp-block-paragraph\">Cette politique de confidentialit\u00e9 s&#039;applique uniquement \u00e0 nos activit\u00e9s en ligne et est valable pour les visiteurs de notre site Web concernant les informations qu&#039;ils ont partag\u00e9es et\/ou collect\u00e9es dans le cadre du test Easy CPS. Cette politique ne s&#039;applique pas aux informations collect\u00e9es hors ligne ou via des canaux autres que ce site Web.<\/p>\n\n\n\n<h2 class=\"wp-block-heading\">Consentement<\/h2>\n\n\n\n<p class=\"wp-block-paragraph\">En utilisant notre site Web, vous consentez par la pr\u00e9sente \u00e0 notre politique de confidentialit\u00e9 et acceptez ses conditions.<\/p>\n\n\n\n<h2 class=\"wp-block-heading\">Informations que nous collectons<\/h2>\n\n\n\n<p class=\"wp-block-paragraph\">Les informations personnelles que vous \u00eates invit\u00e9 \u00e0 fournir et les raisons qui vous sont demand\u00e9es vous seront pr\u00e9cis\u00e9es lorsque nous vous demanderons de fournir vos informations personnelles.<\/p>\n\n\n\n<p class=\"wp-block-paragraph\">Si vous nous contactez directement, nous pouvons recevoir des informations suppl\u00e9mentaires vous concernant telles que votre nom, votre adresse e-mail, votre num\u00e9ro de t\u00e9l\u00e9phone, le contenu du message et\/ou des pi\u00e8ces jointes que vous pouvez nous envoyer, et toute autre information que vous pouvez choisir de fournir.<\/p>\n\n\n\n<p class=\"wp-block-paragraph\">Lorsque vous cr\u00e9ez un compte, nous pouvons vous demander vos coordonn\u00e9es, y compris le nom, le nom de l&#039;entreprise, l&#039;adresse, l&#039;adresse e-mail et le num\u00e9ro de t\u00e9l\u00e9phone.<\/p>\n\n\n\n<h2 class=\"wp-block-heading\">Comment nous utilisons vos informations<\/h2>\n\n\n\n<p class=\"wp-block-paragraph\">Nous utilisons les informations que nous collectons de diff\u00e9rentes mani\u00e8res, notamment :<\/p>\n\n\n\n<ul class=\"wp-block-list\"><li>Fournir, exploiter et maintenir notre site Web<\/li><li>Am\u00e9liorer, personnaliser et d\u00e9velopper notre site Web<\/li><li>Comprendre et analyser la fa\u00e7on dont vous utilisez notre site Web<\/li><li>D\u00e9velopper de nouveaux produits, services, caract\u00e9ristiques et fonctionnalit\u00e9s<\/li><li>Communiquer avec vous, directement ou par l&#039;interm\u00e9diaire de l&#039;un de nos partenaires, y compris pour le service client, pour vous fournir des mises \u00e0 jour et d&#039;autres informations relatives au site Web et \u00e0 des fins de marketing et de promotion<\/li><li>Vous envoyer des e-mails<\/li><li>Trouvez et pr\u00e9venez la fraude.<\/li><\/ul>\n\n\n\n<h2 class=\"wp-block-heading\">Fichiers journaux<\/h2>\n\n\n\n<p class=\"wp-block-paragraph\">Easy CPS Test suit une proc\u00e9dure standard d&#039;utilisation des fichiers journaux. Ces fichiers enregistrent les visiteurs lorsqu&#039;ils visitent des sites Web. Toutes les soci\u00e9t\u00e9s d&#039;h\u00e9bergement le font et font partie de l&#039;analyse des services d&#039;h\u00e9bergement. Les informations collect\u00e9es par les fichiers journaux incluent les adresses IP (protocole Internet), le type de navigateur, le fournisseur d&#039;acc\u00e8s Internet (FAI), l&#039;horodatage, les pages de renvoi\/sortie et \u00e9ventuellement le nombre de clics. Ceux-ci ne sont li\u00e9s \u00e0 aucune information personnellement identifiable. Le but de l&#039;information est d&#039;analyser les tendances, d&#039;administrer le site, de suivre le mouvement des utilisateurs sur le site Web et de recueillir des informations d\u00e9mographiques.<\/p>\n\n\n\n<h2 class=\"wp-block-heading\">Politiques de confidentialit\u00e9 des partenaires publicitaires<\/h2>\n\n\n\n<p class=\"wp-block-paragraph\">Vous pouvez consulter cette liste pour trouver la politique de confidentialit\u00e9 de chacun des partenaires publicitaires d&#039;Easy CPS Test.<\/p>\n\n\n\n<p class=\"wp-block-paragraph\">Les serveurs publicitaires ou r\u00e9seaux publicitaires tiers utilisent des technologies telles que les cookies, JavaScript ou les balises Web utilis\u00e9es dans leurs publicit\u00e9s et liens respectifs qui apparaissent sur le test Easy CPS, envoy\u00e9s directement aux navigateurs des utilisateurs. Ils re\u00e7oivent automatiquement votre adresse IP lorsque cela se produit. Ces technologies sont utilis\u00e9es pour mesurer l&#039;efficacit\u00e9 de leurs campagnes publicitaires et\/ou personnaliser le contenu publicitaire que vous voyez sur les sites Web que vous visitez.<\/p>\n\n\n\n<p class=\"wp-block-paragraph\">Notez qu&#039;Easy CPS Test n&#039;a aucun acc\u00e8s ni aucun contr\u00f4le sur ces cookies utilis\u00e9s par des annonceurs tiers.<\/p>\n\n\n\n<h2 class=\"wp-block-heading\">Politiques de confidentialit\u00e9 des tiers<\/h2>\n\n\n\n<p class=\"wp-block-paragraph\">La politique de confidentialit\u00e9 d&#039;Easy CPS Test ne s&#039;applique pas aux autres annonceurs ou sites Web. Ainsi, nous vous conseillons de consulter les politiques de confidentialit\u00e9 respectives de ces serveurs publicitaires tiers pour des informations plus d\u00e9taill\u00e9es. Il peut inclure leurs pratiques et instructions sur la fa\u00e7on de se retirer de certaines options.<\/p>\n\n\n\n<p class=\"wp-block-paragraph\">Vous pouvez choisir de d\u00e9sactiver les cookies via les options de votre navigateur. Il peut \u00eatre trouv\u00e9 sur les sites Web respectifs des navigateurs pour conna\u00eetre des informations plus d\u00e9taill\u00e9es sur la gestion des cookies avec des navigateurs Web sp\u00e9cifiques.<\/p>\n\n\n\n<h2 class=\"wp-block-heading\">Droits de confidentialit\u00e9 CCPA (Ne vendez pas mes informations personnelles)<\/h2>\n\n\n\n<p class=\"wp-block-paragraph\">En vertu du CCPA, entre autres droits, les consommateurs californiens ont le droit de\u00a0:<\/p>\n\n\n\n<p class=\"wp-block-paragraph\">Demander qu&#039;une entreprise qui collecte les donn\u00e9es personnelles d&#039;un consommateur divulgue les cat\u00e9gories et les \u00e9l\u00e9ments sp\u00e9cifiques de donn\u00e9es personnelles qu&#039;une entreprise a collect\u00e9es sur les consommateurs.<\/p>\n\n\n\n<p class=\"wp-block-paragraph\">Demander qu&#039;une entreprise supprime toutes les donn\u00e9es personnelles sur le consommateur qu&#039;une entreprise a collect\u00e9es.<\/p>\n\n\n\n<p class=\"wp-block-paragraph\">Demander qu&#039;une entreprise qui vend les donn\u00e9es personnelles d&#039;un consommateur ne vende pas les donn\u00e9es personnelles du consommateur.<\/p>\n\n\n\n<p class=\"wp-block-paragraph\">Si vous faites une demande, nous avons un mois pour vous r\u00e9pondre. Si vous souhaitez exercer l&#039;un de ces droits, veuillez nous contacter.<\/p>\n\n\n\n<h2 class=\"wp-block-heading\">Droits de protection des donn\u00e9es GDPR<\/h2>\n\n\n\n<p class=\"wp-block-paragraph\">Nous voulons nous assurer que vous \u00eates pleinement conscient de tous vos droits en mati\u00e8re de protection des donn\u00e9es. Chaque utilisateur a droit \u00e0 ce qui suit\u00a0:<\/p>\n\n\n\n<p class=\"wp-block-paragraph\">Le droit d&#039;acc\u00e8s \u2013 Vous avez le droit de demander des copies de vos donn\u00e9es personnelles. Nous pouvons vous facturer une somme modique pour ce service.<\/p>\n\n\n\n<p class=\"wp-block-paragraph\">Le droit de rectification \u2013 Vous avez le droit de nous demander de corriger toute information que vous jugez inexacte. Vous avez \u00e9galement le droit de nous demander de compl\u00e9ter les informations que vous jugez incompl\u00e8tes.<\/p>\n\n\n\n<p class=\"wp-block-paragraph\">Le droit \u00e0 l&#039;effacement - Vous avez le droit de nous demander d&#039;effacer vos donn\u00e9es personnelles sous certaines conditions.<\/p>\n\n\n\n<p class=\"wp-block-paragraph\">Le droit de restreindre le traitement \u2013 Vous avez le droit de nous demander de restreindre le traitement de vos donn\u00e9es personnelles sous certaines conditions.<\/p>\n\n\n\n<p class=\"wp-block-paragraph\">Le droit de vous opposer au traitement \u2013 Vous avez le droit de vous opposer \u00e0 notre traitement de vos donn\u00e9es personnelles sous certaines conditions.<\/p>\n\n\n\n<p class=\"wp-block-paragraph\">Le droit \u00e0 la portabilit\u00e9 des donn\u00e9es \u2013 Vous avez le droit de nous demander de transf\u00e9rer les donn\u00e9es que nous avons collect\u00e9es \u00e0 une autre organisation ou directement \u00e0 vous sous certaines conditions.<\/p>\n\n\n\n<p class=\"wp-block-paragraph\">Si vous faites une demande, nous avons un mois pour vous r\u00e9pondre. Si vous souhaitez exercer l&#039;un de ces droits, veuillez nous contacter.<\/p>\n\n\n\n<h2 class=\"wp-block-heading\">Informations sur les enfants<\/h2>\n\n\n\n<p class=\"wp-block-paragraph\">Une autre partie de notre priorit\u00e9 est d&#039;ajouter une protection pour les enfants lors de l&#039;utilisation d&#039;Internet. Nous encourageons les parents et les tuteurs \u00e0 observer, participer, surveiller et guider leur activit\u00e9 en ligne.<\/p>\n\n\n\n<p class=\"wp-block-paragraph\"> Easy CPS Test ne collecte sciemment aucune information personnelle identifiable d&#039;enfants de moins de 13 ans. Si vous pensez que votre enfant a fourni ce type d&#039;informations sur notre site Web, nous vous encourageons fortement \u00e0 nous contacter imm\u00e9diatement, et nous ferons de notre mieux pour supprimer rapidement ces informations de nos dossiers.<\/p>","protected":false},"excerpt":{"rendered":"<p>At Easy CPS Test, accessible from https:\/\/easycpstest.com\/, our visitors&#8217; privacy is one of our main priorities. This Privacy Policy document contains information collected and recorded by the Easy CPS Test and how we use it. If you have additional questions &#8230; <\/p>\n<p class=\"read-more-container\"><a title=\"Politique de confidentialit\u00e9\" class=\"read-more button\" href=\"https:\/\/easycpstest.com\/fr\/privacy-policy\/#more-299\" aria-label=\"Plus sur Privacy Policy\">Lire plus<\/a><\/p>","protected":false},"author":1,"featured_media":0,"parent":0,"menu_order":0,"comment_status":"closed","ping_status":"closed","template":"","meta":{"_crdt_document":"","footnotes":""},"class_list":{"0":"post-299","1":"page","2":"type-page","3":"status-publish","5":"no-featured-image-padding"},"_links":{"self":[{"href":"https:\/\/easycpstest.com\/fr\/wp-json\/wp\/v2\/pages\/299","targetHints":{"allow":["GET"]}}],"collection":[{"href":"https:\/\/easycpstest.com\/fr\/wp-json\/wp\/v2\/pages"}],"about":[{"href":"https:\/\/easycpstest.com\/fr\/wp-json\/wp\/v2\/types\/page"}],"author":[{"embeddable":true,"href":"https:\/\/easycpstest.com\/fr\/wp-json\/wp\/v2\/users\/1"}],"replies":[{"embeddable":true,"href":"https:\/\/easycpstest.com\/fr\/wp-json\/wp\/v2\/comments?post=299"}],"version-history":[{"count":6,"href":"https:\/\/easycpstest.com\/fr\/wp-json\/wp\/v2\/pages\/299\/revisions"}],"predecessor-version":[{"id":1797,"href":"https:\/\/easycpstest.com\/fr\/wp-json\/wp\/v2\/pages\/299\/revisions\/1797"}],"wp:attachment":[{"href":"https:\/\/easycpstest.com\/fr\/wp-json\/wp\/v2\/media?parent=299"}],"curies":[{"name":"wp","href":"https:\/\/api.w.org\/{rel}","templated":true}]}}