{"id":302,"date":"2025-02-10T07:05:48","date_gmt":"2025-02-10T07:05:48","guid":{"rendered":"https:\/\/easycpstest.com\/?page_id=302"},"modified":"2025-02-10T07:05:50","modified_gmt":"2025-02-10T07:05:50","slug":"disclaimer","status":"publish","type":"page","link":"https:\/\/easycpstest.com\/fr\/disclaimer\/","title":{"rendered":"Avertissement"},"content":{"rendered":"<p class=\"wp-block-paragraph\">Toutes les informations sur ce site \u2013 <a href=\"https:\/\/easycpstest.com\/fr\/\" target=\"_blank\" rel=\"noreferrer noopener\">https:\/\/easycpstest.com\/<\/a> \u2013 est publi\u00e9 de bonne foi et uniquement \u00e0 titre d&#039;information g\u00e9n\u00e9rale. <strong>Test CPS facile<\/strong> ne donne aucune garantie quant \u00e0 l&#039;exhaustivit\u00e9, la fiabilit\u00e9 et l&#039;exactitude de ces informations. Toute action que vous entreprenez sur les informations que vous trouvez sur ce site Web (Easy CPS Test) est strictement \u00e0 vos risques et p\u00e9rils. Easy CPS Test ne sera pas responsable des pertes et\/ou dommages li\u00e9s \u00e0 l&#039;utilisation de notre site Web.<\/p>\n\n\n\n<p class=\"wp-block-paragraph\">\u00c0 partir de notre site Web, vous pouvez visiter d&#039;autres sites Web en suivant des hyperliens vers ces sites externes. Bien que nous nous efforcions de ne fournir que des liens de qualit\u00e9 vers des sites utiles et \u00e9thiques, nous n&#039;avons aucun contr\u00f4le sur le contenu et la nature de ces sites. Ces liens vers d&#039;autres sites Web n&#039;impliquent pas une recommandation pour tout le contenu trouv\u00e9 sur ces sites. Les propri\u00e9taires et le contenu du site peuvent changer sans pr\u00e9avis et peuvent survenir avant que nous ayons la possibilit\u00e9 de supprimer un lien qui aurait pu devenir \u00ab\u00a0mauvais\u00a0\u00bb.<\/p>\n\n\n\n<p class=\"wp-block-paragraph\">Sachez \u00e9galement que d&#039;autres sites peuvent avoir des politiques et des conditions de confidentialit\u00e9 diff\u00e9rentes ind\u00e9pendantes de notre volont\u00e9 lorsque vous quittez notre site Web. Veuillez vous assurer de v\u00e9rifier le <a href=\"https:\/\/easycpstest.com\/fr\/privacy-policy\/\" target=\"_blank\" rel=\"noopener\">Les politiques de confidentialit\u00e9<\/a> de ces sites et de leurs \u00ab\u00a0Conditions d&#039;utilisation\u00a0\u00bb avant de vous engager dans une activit\u00e9 commerciale ou de t\u00e9l\u00e9charger des informations.<\/p>\n\n\n\n<h2 class=\"wp-block-heading\">Consentement<\/h2>\n\n\n\n<p class=\"wp-block-paragraph\">En utilisant notre site Web, vous consentez par la pr\u00e9sente \u00e0 notre clause de non-responsabilit\u00e9 et acceptez ses conditions.<\/p>\n\n\n\n<h2 class=\"wp-block-heading\">Mise \u00e0 jour<\/h2>\n\n\n\n<p class=\"wp-block-paragraph\">Si nous mettons \u00e0 jour, modifions ou apportons des changements \u00e0 ce document, ces changements seront affich\u00e9s en \u00e9vidence ici.<\/p>","protected":false},"excerpt":{"rendered":"<p>Toutes les informations sur ce site \u2013 https:\/\/easycpstest.com\/ \u2013 sont publi\u00e9es de bonne foi et uniquement \u00e0 titre d&#039;information g\u00e9n\u00e9rale. Easy CPS Test ne donne aucune garantie quant \u00e0 l&#039;exhaustivit\u00e9, la fiabilit\u00e9 et l&#039;exactitude de ces informations. Toute action que vous entreprenez\u2026 <\/p>\n<p class=\"read-more-container\"><a title=\"Avertissement\" class=\"read-more button\" href=\"https:\/\/easycpstest.com\/fr\/disclaimer\/#more-302\" aria-label=\"Avis de non-responsabilit\u00e9\">Lire plus<\/a><\/p>","protected":false},"author":1,"featured_media":0,"parent":0,"menu_order":0,"comment_status":"closed","ping_status":"closed","template":"","meta":{"_crdt_document":"","footnotes":""},"class_list":{"0":"post-302","1":"page","2":"type-page","3":"status-publish","5":"no-featured-image-padding"},"_links":{"self":[{"href":"https:\/\/easycpstest.com\/fr\/wp-json\/wp\/v2\/pages\/302","targetHints":{"allow":["GET"]}}],"collection":[{"href":"https:\/\/easycpstest.com\/fr\/wp-json\/wp\/v2\/pages"}],"about":[{"href":"https:\/\/easycpstest.com\/fr\/wp-json\/wp\/v2\/types\/page"}],"author":[{"embeddable":true,"href":"https:\/\/easycpstest.com\/fr\/wp-json\/wp\/v2\/users\/1"}],"replies":[{"embeddable":true,"href":"https:\/\/easycpstest.com\/fr\/wp-json\/wp\/v2\/comments?post=302"}],"version-history":[{"count":4,"href":"https:\/\/easycpstest.com\/fr\/wp-json\/wp\/v2\/pages\/302\/revisions"}],"predecessor-version":[{"id":1982,"href":"https:\/\/easycpstest.com\/fr\/wp-json\/wp\/v2\/pages\/302\/revisions\/1982"}],"wp:attachment":[{"href":"https:\/\/easycpstest.com\/fr\/wp-json\/wp\/v2\/media?parent=302"}],"curies":[{"name":"wp","href":"https:\/\/api.w.org\/{rel}","templated":true}]}}