{"id":1403,"date":"2025-02-10T06:56:17","date_gmt":"2025-02-10T06:56:17","guid":{"rendered":"https:\/\/easycpstest.com\/?page_id=1403"},"modified":"2025-02-10T06:56:19","modified_gmt":"2025-02-10T06:56:19","slug":"jitter-click-test","status":"publish","type":"page","link":"https:\/\/easycpstest.com\/it\/jitter-click-test\/","title":{"rendered":"Jitter Click Test | Jitter Clicking Challenge &#8211; Easy CPS Test"},"content":{"rendered":"<h1 class=\"wp-block-heading has-text-align-center\"><strong>Prova di clic di jitter | Test CPS facile<\/strong><\/h1>\n\n\n\n<p class=\"has-text-align-center wp-block-paragraph\">While playing the clicking game Jitter trick will help you know about your clicking speed. For gamers, Minecraft formulated Jitter Click Test.<\/p>\n\n\n<div class=\"page-wrapper\">\n\t<div class=\"row\">\n\t\t<div class=\"col-lg-12 col-md-12 custom-container\">\n\t\t\t<div class=\"card\">\n\t\t\t\t<header class=\"entry-header\">\n\t\t\t\t\t\t\t\t\t<\/header>\n\t\t\t\t\t\t\t\t<div class=\"bt-click-inner\">\n\t\t\t\t\t<div class=\"card-header\">\n\t\t\t\t\t\t<div class=\"bt-header-timer\">\n\t\t\t\t\t\t\t<div class=\"bt-time-btn blue-btn\">\n\t\t\t\t\t\t\t\t<h4 class=\"mb-0\"><span id=\"timer\">0<\/span><\/h4>\n\t\t\t\t\t\t\t\t<small class=\"mb-0 sm-custom\">Timer<\/small>\n\t\t\t\t\t\t\t<\/div>\n\t\t\t\t\t\t\t<div class=\"bt-time-btn orange-btn\">\n\t\t\t\t\t\t\t\t<h4 class=\"mb-0\"><span id=\"clicks\">0<\/span><\/h4>\n\t\t\t\t\t\t\t\t<small class=\"mb-0 sm-custom\">Clic\/i<\/small>\n\t\t\t\t\t\t\t<\/div>\n\t\t\t\t\t\t\t<div class=\"bt-time-btn green-btn\">\n\t\t\t\t\t\t\t\t<h4 class=\"mb-0\"><span id=\"score\">0<\/span><\/h4>\n\t\t\t\t\t\t\t\t<small class=\"mb-0 sm-custom\">Punto<\/small>\n\t\t\t\t\t\t\t<\/div>\n\t\t\t\t\t\t<\/div>\n\t\t\t\t\t<\/div>\n\t\t\t\t\t<div class=\"card-body\">\n\t\t\t\t\t\t<div class=\"bt-click-area\" id=\"bt-click-area\">\n\t\t\t\t\t\t\t<button id=\"start\" type=\"button\" class=\"btn-light btn-round waves-effect waves-light\">CLICCA QUI PER INIZIARE A GIOCARE<\/button>\n\t\t\t\t\t\t<\/div>\n\t\t\t\t\t<\/div>\n\t\t\t\t\t<button type=\"button\" data-toggle=\"modal\" data-target=\"#click-result-modal\" style=\"display: none;\" id=\"trigger-modal\">Avvia modale<\/button>\n\t\t\t\t<\/div>\n\t\t\t<\/div>\n\t\t<\/div>\n\t\t\t<\/div>\n<\/div>\n\n\n\n<p class=\"wp-block-paragraph\">Jitter Click Game&nbsp;is a click-oriented game that influences the mouse and touchpad in a fast-clicking tactic. Through this tactic, gamers dominate their competitors in the game. Playing PVP or individual mode in Minecraft, the tricks are valid in both conditions.<\/p>\n\n\n<style>.kb-row-layout-wrap.wp-block-kadence-rowlayout.kb-row-layout-id1403_33d660-54{margin-bottom:0px;}.kb-row-layout-id1403_33d660-54 > .kt-row-column-wrap{align-content:start;}:where(.kb-row-layout-id1403_33d660-54 > .kt-row-column-wrap) > .wp-block-kadence-column{justify-content:start;}.kb-row-layout-id1403_33d660-54 > .kt-row-column-wrap{column-gap:var(--global-kb-gap-none, 0rem );row-gap:var(--global-kb-gap-none, 0rem );max-width:1200px;padding-top:30px;padding-right:0px;padding-bottom:30px;padding-left:0px;}.kb-row-layout-id1403_33d660-54 > .kt-row-column-wrap > div:not(.added-for-specificity){grid-column:initial;}.kb-row-layout-id1403_33d660-54 > .kt-row-column-wrap{grid-template-columns:minmax(0, 1fr) minmax(0, 3fr) minmax(0, 1fr);}.kb-row-layout-id1403_33d660-54 > .kt-row-layout-overlay{opacity:0.30;background:linear-gradient(180deg,  0%, #00B5E2 100%);}.kb-row-layout-id1403_33d660-54 .kt-row-layout-bottom-sep{height:100px;}.kb-row-layout-id1403_33d660-54 .kt-row-layout-bottom-sep svg{width:100%;}.kb-row-layout-id1403_33d660-54 .kt-row-layout-bottom-sep svg{fill:#ffffff!important;}@media all and (max-width: 1024px){.kb-row-layout-id1403_33d660-54 > .kt-row-column-wrap{padding-top:0px;padding-right:50px;padding-bottom:80px;padding-left:50px;grid-template-columns:minmax(0, 1fr);}}@media all and (max-width: 1024px){.kb-row-layout-id1403_33d660-54 > .kt-row-column-wrap > div:not(.added-for-specificity){grid-column:initial;}}@media all and (max-width: 1024px){.kb-row-layout-id1403_33d660-54 .kt-row-layout-bottom-sep{height:px;}}@media all and (max-width: 1024px){.kb-row-layout-id1403_33d660-54 .kt-row-layout-bottom-sep svg{width:%;}}@media all and (max-width: 767px){.kb-row-layout-id1403_33d660-54 > .kt-row-column-wrap{padding-top:40px;padding-right:20px;padding-bottom:50px;padding-left:20px;grid-template-columns:minmax(0, 1fr);}.kb-row-layout-id1403_33d660-54 > .kt-row-column-wrap > div:not(.added-for-specificity){grid-column:initial;}.kb-row-layout-id1403_33d660-54 .kt-row-layout-bottom-sep{height:px;}.kb-row-layout-id1403_33d660-54 .kt-row-layout-bottom-sep svg{width:%;}}<\/style><div class=\"kb-row-layout-wrap kb-row-layout-id1403_33d660-54 alignnone kt-row-has-bg wp-block-kadence-rowlayout\"><div class=\"kt-row-layout-overlay kt-row-overlay-gradient\"><\/div><div class=\"kt-row-column-wrap kt-has-3-columns kt-row-layout-center-wide kt-tab-layout-row kt-mobile-layout-row kt-row-valign-top kb-theme-content-width\">\n<style>.kadence-column1403_9e6cab-bb > .kt-inside-inner-col{padding-top:10px;padding-right:10px;padding-bottom:10px;padding-left:10px;}.kadence-column1403_9e6cab-bb > .kt-inside-inner-col,.kadence-column1403_9e6cab-bb > .kt-inside-inner-col:before{border-top-left-radius:0px;border-top-right-radius:0px;border-bottom-right-radius:0px;border-bottom-left-radius:0px;}.kadence-column1403_9e6cab-bb > .kt-inside-inner-col{column-gap:var(--global-kb-gap-sm, 1rem);}.kadence-column1403_9e6cab-bb > .kt-inside-inner-col{flex-direction:column;}.kadence-column1403_9e6cab-bb > .kt-inside-inner-col > .aligncenter{width:100%;}.kadence-column1403_9e6cab-bb > .kt-inside-inner-col:before{opacity:0.3;}.kadence-column1403_9e6cab-bb{position:relative;}.kadence-column1403_9e6cab-bb, .kt-inside-inner-col > .kadence-column1403_9e6cab-bb:not(.specificity){margin-top:0px;margin-right:20px;margin-bottom:0px;margin-left:0px;}@media all and (max-width: 1024px){.kadence-column1403_9e6cab-bb > .kt-inside-inner-col{flex-direction:column;justify-content:center;}}@media all and (max-width: 1024px){.kadence-column1403_9e6cab-bb, .kt-inside-inner-col > .kadence-column1403_9e6cab-bb:not(.specificity){margin-top:0px;margin-right:0px;margin-bottom:0px;margin-left:0px;}}@media all and (max-width: 767px){.kadence-column1403_9e6cab-bb > .kt-inside-inner-col{flex-direction:column;justify-content:center;}}<\/style>\n<div class=\"wp-block-kadence-column kadence-column1403_9e6cab-bb inner-column-1\"><div class=\"kt-inside-inner-col\"><\/div><\/div>\n\n\n<style>.kadence-column1403_45caf1-8c > .kt-inside-inner-col{padding-top:10px;padding-right:10px;padding-bottom:10px;padding-left:10px;}.kadence-column1403_45caf1-8c > .kt-inside-inner-col,.kadence-column1403_45caf1-8c > .kt-inside-inner-col:before{border-top-left-radius:0px;border-top-right-radius:0px;border-bottom-right-radius:0px;border-bottom-left-radius:0px;}.kadence-column1403_45caf1-8c > .kt-inside-inner-col{column-gap:var(--global-kb-gap-sm, 1rem);}.kadence-column1403_45caf1-8c > .kt-inside-inner-col{flex-direction:column;}.kadence-column1403_45caf1-8c > .kt-inside-inner-col > .aligncenter{width:100%;}.kadence-column1403_45caf1-8c > .kt-inside-inner-col:before{opacity:0.3;}.kadence-column1403_45caf1-8c{position:relative;}.kadence-column1403_45caf1-8c, .kt-inside-inner-col > .kadence-column1403_45caf1-8c:not(.specificity){margin-top:0px;margin-right:10px;margin-bottom:0px;margin-left:10px;}@media all and (max-width: 1024px){.kadence-column1403_45caf1-8c > .kt-inside-inner-col{flex-direction:column;justify-content:center;}}@media all and (max-width: 1024px){.kadence-column1403_45caf1-8c, .kt-inside-inner-col > .kadence-column1403_45caf1-8c:not(.specificity){margin-top:0px;margin-right:0px;margin-bottom:0px;margin-left:0px;}}@media all and (max-width: 767px){.kadence-column1403_45caf1-8c > .kt-inside-inner-col{flex-direction:column;justify-content:center;}}<\/style>\n<div class=\"wp-block-kadence-column kadence-column1403_45caf1-8c inner-column-2\"><div class=\"kt-inside-inner-col\"><style>.wp-block-kadence-column.kb-section-dir-horizontal > .kt-inside-inner-col > .kt-info-box1403_f06057-52 .kt-blocks-info-box-link-wrap{max-width:unset;}.kt-info-box1403_f06057-52 .kt-blocks-info-box-link-wrap{border-top:1px solid var(--global-palette7, #EDF2F7);border-right:1px solid var(--global-palette7, #EDF2F7);border-bottom:1px solid var(--global-palette7, #EDF2F7);border-left:1px solid var(--global-palette7, #EDF2F7);border-top-left-radius:10px;border-top-right-radius:10px;border-bottom-right-radius:10px;border-bottom-left-radius:10px;background:#007bff;padding-top:30px;padding-right:30px;padding-bottom:30px;padding-left:30px;margin-bottom:0px;}.kt-info-box1403_f06057-52 .kt-blocks-info-box-link-wrap:hover{background:#6a6dec;}.kt-info-box1403_f06057-52 .kadence-info-box-icon-container .kt-info-svg-icon, .kt-info-box1403_f06057-52 .kt-info-svg-icon-flip, .kt-info-box1403_f06057-52 .kt-blocks-info-box-number{font-size:50px;}.kt-info-box1403_f06057-52 .kt-blocks-info-box-media{color:#444444;background:transparent;border-color:#444444;border-top-width:0px;border-right-width:0px;border-bottom-width:0px;border-left-width:0px;padding-top:0px;padding-right:0px;padding-bottom:0px;padding-left:0px;}.kt-info-box1403_f06057-52 .kt-blocks-info-box-media-container{margin-top:0px;margin-right:15px;margin-bottom:0px;margin-left:0px;}.kt-info-box1403_f06057-52 .kt-blocks-info-box-link-wrap:hover .kt-blocks-info-box-media{color:#444444;background:transparent;border-color:#444444;}.kt-info-box1403_f06057-52 .kt-infobox-textcontent h6.kt-blocks-info-box-title{line-height:1.3em;padding-top:0px;padding-right:0px;padding-bottom:0px;padding-left:0px;margin-top:0px;margin-right:0px;margin-bottom:14px;margin-left:0px;}.kt-info-box1403_f06057-52 .kt-infobox-textcontent .kt-blocks-info-box-text{color:var(--base-3);}.wp-block-kadence-infobox.kt-info-box1403_f06057-52 .kt-blocks-info-box-text{text-transform:capitalize;}.kt-info-box1403_f06057-52 .kt-blocks-info-box-learnmore{background:transparent;border-color:#555555;border-width:0px 0px 0px 0px;padding-top:4px;padding-right:8px;padding-bottom:4px;padding-left:8px;margin-top:10px;margin-right:0px;margin-bottom:10px;margin-left:0px;}.kt-info-box1403_f06057-52 .kt-blocks-info-box-link-wrap:hover .kt-blocks-info-box-learnmore,.kt-info-box1403_f06057-52 .kt-blocks-info-box-link-wrap .kt-blocks-info-box-learnmore:focus{color:#ffffff;background:#444444;border-color:#444444;}.kt-info-box1403_f06057-52 .kt-blocks-info-box-link-wrap{box-shadow:0px 0px 0px 0px rgba(0, 0, 0, 0);}.kt-info-box1403_f06057-52 .kt-blocks-info-box-link-wrap:hover{box-shadow:20px 20px 80px 0px rgba(27, 0, 79, 0.06);}@media all and (max-width: 1024px){.kt-info-box1403_f06057-52 .kt-blocks-info-box-link-wrap{border-top:1px solid var(--global-palette7, #EDF2F7);border-right:1px solid var(--global-palette7, #EDF2F7);border-bottom:1px solid var(--global-palette7, #EDF2F7);border-left:1px solid var(--global-palette7, #EDF2F7);box-shadow:0px 0px 0px 0px rgba(0, 0, 0, 0);}}@media all and (max-width: 1024px){.kt-info-box1403_f06057-52 .kt-blocks-info-box-link-wrap:hover{box-shadow:20px 20px 80px 0px rgba(27, 0, 79, 0.06);}}@media all and (max-width: 767px){.kt-info-box1403_f06057-52 .kt-blocks-info-box-link-wrap{border-top:1px solid var(--global-palette7, #EDF2F7);border-right:1px solid var(--global-palette7, #EDF2F7);border-bottom:1px solid var(--global-palette7, #EDF2F7);border-left:1px solid var(--global-palette7, #EDF2F7);text-align:center;display:block;box-shadow:0px 0px 0px 0px rgba(0, 0, 0, 0);}.kt-info-box1403_f06057-52 .kt-blocks-info-box-link-wrap .kt-blocks-info-box-media{display:inline-block;max-width:100%;}.kt-info-box1403_f06057-52 .kt-blocks-info-box-link-wrap:hover{box-shadow:20px 20px 80px 0px rgba(27, 0, 79, 0.06);}}<\/style>\n<div class=\"wp-block-kadence-infobox kt-info-box1403_f06057-52\"><a class=\"kt-blocks-info-box-link-wrap info-box-link kt-blocks-info-box-media-align-top kt-info-halign-center kb-info-box-vertical-media-align-top kb-info-mobile-halign-center\" target=\"_blank\" rel=\"noopener noreferrer\" href=\"https:\/\/easycpstest.com\/it\/\" aria-label=\"Fare clic su Test di velocit\u00e0 | Prova CPS\"><div class=\"kt-infobox-textcontent\"><p class=\"kt-blocks-info-box-text\"><strong>CLICCA PROVA VELOCIT\u00c0 | PROVA CPS<\/strong><\/p><\/div><\/a><\/div>\n<\/div><\/div>\n\n\n<style>.kadence-column1403_38cc00-2b > .kt-inside-inner-col{padding-top:10px;padding-right:10px;padding-bottom:10px;padding-left:10px;}.kadence-column1403_38cc00-2b > .kt-inside-inner-col,.kadence-column1403_38cc00-2b > .kt-inside-inner-col:before{border-top-left-radius:0px;border-top-right-radius:0px;border-bottom-right-radius:0px;border-bottom-left-radius:0px;}.kadence-column1403_38cc00-2b > .kt-inside-inner-col{column-gap:var(--global-kb-gap-sm, 1rem);}.kadence-column1403_38cc00-2b > .kt-inside-inner-col{flex-direction:column;}.kadence-column1403_38cc00-2b > .kt-inside-inner-col > .aligncenter{width:100%;}.kadence-column1403_38cc00-2b > .kt-inside-inner-col:before{opacity:0.3;}.kadence-column1403_38cc00-2b{position:relative;}.kadence-column1403_38cc00-2b, .kt-inside-inner-col > .kadence-column1403_38cc00-2b:not(.specificity){margin-top:0px;margin-right:0px;margin-bottom:0px;margin-left:20px;}@media all and (max-width: 1024px){.kadence-column1403_38cc00-2b > .kt-inside-inner-col{flex-direction:column;justify-content:center;}}@media all and (max-width: 1024px){.kadence-column1403_38cc00-2b, .kt-inside-inner-col > .kadence-column1403_38cc00-2b:not(.specificity){margin-top:0px;margin-right:0px;margin-bottom:0px;margin-left:0px;}}@media all and (max-width: 767px){.kadence-column1403_38cc00-2b > .kt-inside-inner-col{flex-direction:column;justify-content:center;}}<\/style>\n<div class=\"wp-block-kadence-column kadence-column1403_38cc00-2b inner-column-3\"><div class=\"kt-inside-inner-col\"><\/div><\/div>\n\n<\/div><\/div>\n\n\n<h2 style=\"color: #ffffff;font-weight: 400;background:  #007bff;width: auto;margin: 1em 0px;font-size: 25px;line-height: 1;padding: 14px;border-left: 40px solid #000000;box-shadow: #c7c7c7 0px 2px 15px 0px;text-align:;\"><span id=\"Jitter Click Online Test\"><strong> Jitter Fare clic su Test in linea  \n<\/strong><\/span><\/h2>\n\n\n\n<p class=\"wp-block-paragraph\">La comunit\u00e0 di gioco ha introdotto metodi di clic eccezionali nel gioco online Jitter Click per coinvolgere altri giocatori. In quel gioco unico, \u00e8 stata introdotta la mira del braccio per guadagnare rapidamente una raffica di clic. Tuttavia, riduce lo stress sul clic del dito.&nbsp;<\/p>\n\n\n\n<p class=\"wp-block-paragraph\">Gioca con i muscoli delle braccia e delle dita rilassati per vincere la Jitter Click Challenge. Ora posiziona una delle tue dita dominanti sul pulsante del mouse. Ora, muovi i muscoli delle braccia come se tremassero invece di fare clic. Quel tremore generer\u00e0 vibrazioni nel braccio e rilascer\u00e0 la raffica di clic in pochi secondi.<\/p>\n\n\n\n<p class=\"wp-block-paragraph\">Sopra, abbiamo spiegato il metodo per generare vari clic attraverso la procedura Jitter Clicks. Puoi fare il Jitter Click World Record seguendo i trucchi se sei un giocatore capace che possiede mani abili. Quindi, segui le istruzioni e lavora sodo per esercitarti e goderti il vantaggio nel gioco.&nbsp;<\/p>\n\n\n<div class=\"wp-block-image\">\n<figure class=\"aligncenter size-full\"><img loading=\"lazy\" decoding=\"async\" width=\"768\" height=\"452\" src=\"https:\/\/easycpstest.com\/wp-content\/uploads\/2022\/03\/jitter-1.png\" alt=\"Jitter Click Test\" class=\"wp-image-1579\" srcset=\"https:\/\/easycpstest.com\/wp-content\/uploads\/2022\/03\/jitter-1.png 768w, https:\/\/easycpstest.com\/wp-content\/uploads\/2022\/03\/jitter-1-300x177.png 300w\" sizes=\"auto, (max-width: 768px) 100vw, 768px\" \/><\/figure>\n<\/div>\n\n\n<h3 style=\"color: #ffffff;font-weight: 400;background:  #007bff;width: auto;margin: 1em 0px;font-size: 25px;line-height: 1;padding: 14px;border-left: 40px solid #000000;box-shadow: #c7c7c7 0px 2px 15px 0px;text-align:;\"><span id=\"Jitter Click Online Test\"><strong> Avvertenze\n<\/strong><\/span><\/h3>\n\n\n\n<p class=\"wp-block-paragraph\">Tra la prima e la seconda sessione di clic, fai riposare il braccio e il dito. Attraverso di voi eviterete affaticamento o lesioni al braccio o alle dita. Tuttavia, giocherai a lungo se esegui la pratica con la mano equilibrata. Fare clic in eccesso potrebbe creare un problema per te.<\/p>\n\n\n\n<h3 style=\"color: #ffffff;font-weight: 400;background:  #007bff;width: auto;margin: 1em 0px;font-size: 25px;line-height: 1;padding: 14px;border-left: 40px solid #000000;box-shadow: #c7c7c7 0px 2px 15px 0px;text-align:;\"><span id=\"Jitter Click Online Test\"><strong> Caratteristiche di Jitter Click Test\n<\/strong><\/span><\/h3>\n\n\n\n<p class=\"wp-block-paragraph\">Abbastanza come altri giochi di test dei clic come<a href=\"https:\/\/easycpstest.com\/it\/butterfly-click-test\/\" target=\"_blank\" rel=\"noreferrer noopener\"> prova del clic della farfalla<\/a>, il gioco Jitter Click ottimizza la capacit\u00e0 di clic dei giocatori. Inoltre, l&#039;ottimizzazione dei test si \u00e8 rivelata lo strumento migliore per il miglioramento delle competenze.<\/p>\n\n\n\n<p class=\"wp-block-paragraph\">La pratica delle abilit\u00e0 di clic \u00e8 utile per altri giochi strategici come il combattimento continuo o il targeting continuo di proiettili nel PVP o in altre modalit\u00e0 di Minecraft. In presenza del Jitter Click Test, i giocatori non riempiono il proprio spazio mobile perch\u00e9 usufruiscono del servizio di test online per eccellenza.&nbsp;<\/p>\n\n\n\n<p class=\"wp-block-paragraph\">Quindi, dai Jitter Click Challenge ai tuoi limiti e alla tua esperienza nella competizione di clic. Conosci la media della tua velocit\u00e0 di clic. Inoltre, la pratica rende perfetti, quindi guadagni l&#039;eccellenza nel gioco.<\/p>\n\n\n\n<h3 style=\"color: #ffffff;font-weight: 400;background:  #007bff;width: auto;margin: 1em 0px;font-size: 25px;line-height: 1;padding: 14px;border-left: 40px solid #000000;box-shadow: #c7c7c7 0px 2px 15px 0px;text-align:;\"><span id=\"Significance of Jitter Click Test\"><strong> Significato del Jitter Click Test\n<\/strong><\/span><\/h3>\n\n\n\n<p class=\"wp-block-paragraph\">Come sappiamo, la velocit\u00e0 di apprendimento del clic \u00e8 un&#039;abilit\u00e0 significativa per i giocatori che amano giocare ai giochi pi\u00f9 recenti. Tali giochi richiedevano un clic veloce per ottenere pi\u00f9 punteggi nel gioco. Sorge la domanda, come afferrare un mouse in modo pi\u00f9 efficace per contrassegnare pi\u00f9 clic rispetto alla media?<\/p>\n\n\n\n<p class=\"wp-block-paragraph\">Il giocatore che impara a fare clic da questo test di clic impara pi\u00f9 velocemente di altri test CPS. Tuttavia, puoi misurare i progressi per confrontare le tue prestazioni di clic con quelle di altri giocatori di tutto il mondo.&nbsp;<\/p>\n\n\n\n<p class=\"wp-block-paragraph\">Il gioco \u00e8 importante per imparare a fare clic e intrattiene anche il giocatore. Tuttavia, \u00e8 un gioco avvincente che non si lascia andare facilmente.<\/p>\n\n\n\n<p class=\"wp-block-paragraph\">Successivamente, completi la pratica, quindi l&#039;abilit\u00e0 raffinata ti aiuta a giocare in modo impeccabile nel vero gioco del clic. Quando giochi alla modalit\u00e0 PVP di Minecraft, ti diverti a guadagnare un grado elevato nel gioco.<\/p>\n\n\n\n<h3 style=\"color: #ffffff;font-weight: 400;background:  #007bff;width: auto;margin: 1em 0px;font-size: 25px;line-height: 1;padding: 14px;border-left: 40px solid #000000;box-shadow: #c7c7c7 0px 2px 15px 0px;text-align:;\"><span id=\"How to Play Jitter Click Game?\"><strong> Come si gioca a Jitter Click Game?\n<\/strong><\/span><\/h3>\n\n\n\n<p class=\"wp-block-paragraph\">Grazie al gioco leggero e facile, il giocatore trascorre pi\u00f9 tempo a giocare. La cosa che i giocatori devono fare \u00e8 toccare l&#039;area di clic il pi\u00f9 velocemente possibile. Tuttavia, la versione si sblocca quando fai clic continui back to back. Qui la tecnica del Jitter Click Test ti aiuta.<\/p>\n\n\n\n<p class=\"wp-block-paragraph\">Quindi, prova a fare clic nell&#039;area specificata il pi\u00f9 velocemente possibile in 10 secondi. Quando il tempo del gioco \u00e8 finito, il risultato appare nel messaggio di richiesta. Questo \u00e8 il tuo punteggio CPS basato sulle tue prestazioni.&nbsp;<\/p>\n\n\n\n<p class=\"wp-block-paragraph\">Inoltre, puoi condividere il tuo punteggio CPS con i tuoi amici sui social media. Tuttavia, la pratica ti rende perfetto, quindi fai pi\u00f9 pratica per la perfezione e domina in tutte le modalit\u00e0 di <a href=\"https:\/\/www.minecraft.net\/en-us\" target=\"_blank\" rel=\"noreferrer noopener\">Minecraft<\/a>.&nbsp;<\/p>\n\n\n\n<h3 style=\"color: #ffffff;font-weight: 400;background:  #007bff;width: auto;margin: 1em 0px;font-size: 25px;line-height: 1;padding: 14px;border-left: 40px solid #000000;box-shadow: #c7c7c7 0px 2px 15px 0px;text-align:;\"><span id=\"Right Device Selection\"><strong> Selezione del dispositivo corretta\n<\/strong><\/span><\/h3>\n\n\n\n<p class=\"wp-block-paragraph\">Un mouse appropriato \u00e8 un dispositivo significativo di cui ogni utente ha bisogno per ottenere un punteggio pi\u00f9 alto nel test di clic rispetto a qualsiasi altro hardware. In assenza di un mouse efficiente, come si pu\u00f2 dare una forte concorrenza ai concorrenti nel gioco del clic?&nbsp;<\/p>\n\n\n\n<p class=\"wp-block-paragraph\">Tuttavia, il mouse destro pu\u00f2 riuscire a guadagnare pi\u00f9 clic contro il tuo avversario. Un giocatore ha intenzione di stabilire un record mondiale di Jitter Click, quindi il metodo Jitter Click \u00e8 saggio.<\/p>\n\n\n\n<p class=\"wp-block-paragraph\">Ecco alcuni fattori da considerare prima di acquistare un mouse appropriato per fare clic su Jitter. Quindi puoi scegliere il dispositivo giusto.&nbsp;&nbsp;<\/p>\n\n\n\n<ul class=\"wp-block-list\">\n<li><strong>Il mouse infrangibile deve sopportare il dito martellante per il gioco di clic per un lungo periodo.<\/strong><\/li>\n\n\n\n<li><strong>Seleziona sempre il mouse ottico e laser simile a un mouse sensibile basato sulla tecnologia pi\u00f9 recente invece dei vecchi mouse contemporanei.<\/strong><\/li>\n\n\n\n<li><strong>Infine, seleziona il mouse, che si adatta alle tue mani e ti fa sentire a tuo agio durante il gioco.<\/strong><\/li>\n<\/ul>\n\n\n\n<h2 class=\"wp-block-heading has-text-align-center\">Domande frequenti<\/h2>\n\n\n\n<div class=\"schema-faq wp-block-yoast-faq-block\"><div class=\"schema-faq-section\" id=\"faq-question-1677486195867\"><strong class=\"schema-faq-question\">Cos&#039;\u00e8 un Jitter Click Test?<\/strong> <p class=\"schema-faq-answer\">Un Jitter Click Test \u00e8 un test online che misura quanti clic puoi effettuare in un certo periodo di tempo utilizzando la tecnica del clic Jitter.<\/p> <\/div> <div class=\"schema-faq-section\" id=\"faq-question-1677486221503\"><strong class=\"schema-faq-question\">Qual \u00e8 la tecnica del clic Jitter?<\/strong> <p class=\"schema-faq-answer\">La tecnica del clic Jitter prevede la contrazione rapida dei muscoli del braccio per creare una vibrazione o &quot;jitter&quot; nel dito, che consente di fare clic rapidamente sul pulsante del mouse. Questa tecnica viene spesso utilizzata dai giocatori per ottenere una velocit\u00e0 di clic superiore a quella che sarebbero in grado di ottenere con una normale tecnica di clic.<\/p> <\/div> <div class=\"schema-faq-section\" id=\"faq-question-1677486240819\"><strong class=\"schema-faq-question\">Quanto dura un Jitter Click Test?<\/strong> <p class=\"schema-faq-answer\">La durata di un Jitter Click Test pu\u00f2 variare a seconda del sito Web utilizzato. Alcuni test sono cronometrati per 10 secondi, mentre altri possono essere cronometrati per un periodo di tempo pi\u00f9 lungo, ad esempio 30 o 60 secondi.<\/p> <\/div> <div class=\"schema-faq-section\" id=\"faq-question-1677486255250\"><strong class=\"schema-faq-question\">Ci sono consigli per fare un Jitter Click Test?<\/strong> <p class=\"schema-faq-answer\">S\u00ec, ecco alcuni suggerimenti per eseguire un Jitter Click Test: <br\/>1) Usa una presa comoda sul tuo mouse<br\/>2) Tieni il braccio e il polso rilassati<br\/>3) Concentrati su velocit\u00e0 e precisione<br\/>4) Cerca di fare clic il pi\u00f9 rapidamente possibile mantenendo il controllo e 5) Esercitati regolarmente per migliorare il tuo punteggio.<\/p> <\/div> <div class=\"schema-faq-section\" id=\"faq-question-1677486285171\"><strong class=\"schema-faq-question\">I Jitter Click Test sono affidabili?<\/strong> <p class=\"schema-faq-answer\">La precisione dei Jitter Click Test pu\u00f2 variare a seconda del sito Web e delle condizioni del test, ma possono comunque fornire un&#039;idea generale della velocit\u00e0 e della precisione dei clic utilizzando la tecnica del clic Jitter. Tieni presente che anche fattori come il tipo e le impostazioni del mouse, nonch\u00e9 le dimensioni e la risoluzione dello schermo, possono influenzare il tuo punteggio.<\/p> <\/div> <\/div>","protected":false},"excerpt":{"rendered":"<p>Jitter Click Test | Easy CPS Test While playing the clicking game Jitter trick will help you know about your clicking speed. For gamers, Minecraft formulated Jitter Click Test. Jitter Click Game&nbsp;is a click-oriented game that influences the mouse and &#8230; <\/p>\n<p class=\"read-more-container\"><a title=\"Jitter Click Test | Jitter Clicking Challenge &#8211; Easy CPS Test\" class=\"read-more button\" href=\"https:\/\/easycpstest.com\/it\/jitter-click-test\/#more-1403\" aria-label=\"More on Jitter Click Test | Jitter Clicking Challenge &#8211; Easy CPS Test\">Leggi tutto<\/a><\/p>","protected":false},"author":1,"featured_media":0,"parent":0,"menu_order":0,"comment_status":"closed","ping_status":"closed","template":"","meta":{"_crdt_document":"","footnotes":""},"class_list":{"0":"post-1403","1":"page","2":"type-page","3":"status-publish","5":"no-featured-image-padding"},"_links":{"self":[{"href":"https:\/\/easycpstest.com\/it\/wp-json\/wp\/v2\/pages\/1403","targetHints":{"allow":["GET"]}}],"collection":[{"href":"https:\/\/easycpstest.com\/it\/wp-json\/wp\/v2\/pages"}],"about":[{"href":"https:\/\/easycpstest.com\/it\/wp-json\/wp\/v2\/types\/page"}],"author":[{"embeddable":true,"href":"https:\/\/easycpstest.com\/it\/wp-json\/wp\/v2\/users\/1"}],"replies":[{"embeddable":true,"href":"https:\/\/easycpstest.com\/it\/wp-json\/wp\/v2\/comments?post=1403"}],"version-history":[{"count":21,"href":"https:\/\/easycpstest.com\/it\/wp-json\/wp\/v2\/pages\/1403\/revisions"}],"predecessor-version":[{"id":2168,"href":"https:\/\/easycpstest.com\/it\/wp-json\/wp\/v2\/pages\/1403\/revisions\/2168"}],"wp:attachment":[{"href":"https:\/\/easycpstest.com\/it\/wp-json\/wp\/v2\/media?parent=1403"}],"curies":[{"name":"wp","href":"https:\/\/api.w.org\/{rel}","templated":true}]}}