{"id":1407,"date":"2025-02-10T07:00:23","date_gmt":"2025-02-10T07:00:23","guid":{"rendered":"https:\/\/easycpstest.com\/?page_id=1407"},"modified":"2025-02-10T07:00:24","modified_gmt":"2025-02-10T07:00:24","slug":"spacebar-counter","status":"publish","type":"page","link":"https:\/\/easycpstest.com\/it\/spacebar-counter\/","title":{"rendered":"Spacebar Counter &#8211; Spacebar Speed Test | Easy CPS Test"},"content":{"rendered":"<h1 class=\"wp-block-heading has-text-align-center\"><strong>Contatore barra spaziatrice | Test CPS facile<\/strong><\/h1>\n\n\n\n<p class=\"has-text-align-center wp-block-paragraph\">Gioca toccando il pulsante di riproduzione e premendo la barra spaziatrice il pi\u00f9 rapidamente possibile per ottenere un punteggio elevato.<\/p>\n\n\n<div class=\"page-wrapper bg-white\">\n    <div class=\"row\">\n        <div class=\"col-lg-12 col-md-12 custom-container\">\n            <div class=\"card\">\n                <header class=\"entry-header\">\n                                                        <\/header>\n            \t<div class=\"bt-click-inner\">\n                    <div class=\"card-header\">\n                        <div class=\"bt-header-timer bt-spacebar-area\">\n                            <div class=\"bt-time-btn green-btn\">\n                                <span class=\"hits\">0<\/span>\n                                <h4 class=\"mb-0\">Punto<\/h4>\n                            <\/div>\n                            <div class=\"bt-time-btn white-black\">\n                            <!-- <div class=\"bt-time-btn orange-btn\"> -->\n                                <h4 class=\"title ultrabold\">Timer: <span id=\"set-timer-span\">0<\/span> sec<\/h4>\n                                <div class=\"form-group\">\n                                    <input id=\"set-timer\" type=\"number\" class=\"\">\n                                    <button id=\"set-time-button\" onclick=\"setTime()\">Tempo impostato<\/button>\n                                <\/div>\n                            <\/div>\n                            <div class=\"bt-time-btn green-green\">\n                                <button id=\"restart\" onclick=\"resetHits()\">Ripristina<\/button>\n                            <\/div>\n                        <\/div>\n                    <\/div>\n                    <div class=\"row\">\n                        <div class=\"col-lg-12 col-md-12 col-sm-12\">\n                            <button class=\"button button-spacebar\">\n                                <div class=\"button__content\" id=\"clk\">\n                                    <div class=\"button__text\">BARRA SPAZIATRICE<\/div>\n                                <\/div>\n                            <\/button>\n                        <\/div>\n                    <\/div>\n            \t<\/div>\n            <\/div>\n        <\/div>\n    <\/div>\n<\/div>\n\n\n\n<p class=\"wp-block-paragraph\">Diamo il benvenuto con orgoglio ai nostri utenti per presentare qui il contatore della barra spaziatrice. Premi il pulsante di riproduzione per iniziare il gioco e goditi il gioco. Premi il tasto della barra spaziatrice velocemente e velocemente per guadagnare un punteggio HPS il pi\u00f9 alto possibile. Il gioco \u00e8 molto eccitante da godere a tutta velocit\u00e0.<\/p>\n\n\n<style>.kb-row-layout-wrap.wp-block-kadence-rowlayout.kb-row-layout-id1407_716628-52{margin-bottom:0px;}.kb-row-layout-id1407_716628-52 > .kt-row-column-wrap{align-content:start;}:where(.kb-row-layout-id1407_716628-52 > .kt-row-column-wrap) > .wp-block-kadence-column{justify-content:start;}.kb-row-layout-id1407_716628-52 > .kt-row-column-wrap{column-gap:var(--global-kb-gap-none, 0rem );row-gap:var(--global-kb-gap-none, 0rem );max-width:1200px;padding-top:30px;padding-right:0px;padding-bottom:30px;padding-left:0px;}.kb-row-layout-id1407_716628-52 > .kt-row-column-wrap > div:not(.added-for-specificity){grid-column:initial;}.kb-row-layout-id1407_716628-52 > .kt-row-column-wrap{grid-template-columns:minmax(0, 1fr) minmax(0, 3fr) minmax(0, 1fr);}.kb-row-layout-id1407_716628-52 > .kt-row-layout-overlay{opacity:0.30;background:linear-gradient(180deg,  0%, #00B5E2 100%);}.kb-row-layout-id1407_716628-52 .kt-row-layout-bottom-sep{height:100px;}.kb-row-layout-id1407_716628-52 .kt-row-layout-bottom-sep svg{width:100%;}.kb-row-layout-id1407_716628-52 .kt-row-layout-bottom-sep svg{fill:#ffffff!important;}@media all and (max-width: 1024px){.kb-row-layout-id1407_716628-52 > .kt-row-column-wrap{padding-top:0px;padding-right:50px;padding-bottom:80px;padding-left:50px;grid-template-columns:minmax(0, 1fr);}}@media all and (max-width: 1024px){.kb-row-layout-id1407_716628-52 > .kt-row-column-wrap > div:not(.added-for-specificity){grid-column:initial;}}@media all and (max-width: 1024px){.kb-row-layout-id1407_716628-52 .kt-row-layout-bottom-sep{height:px;}}@media all and (max-width: 1024px){.kb-row-layout-id1407_716628-52 .kt-row-layout-bottom-sep svg{width:%;}}@media all and (max-width: 767px){.kb-row-layout-id1407_716628-52 > .kt-row-column-wrap{padding-top:40px;padding-right:20px;padding-bottom:50px;padding-left:20px;grid-template-columns:minmax(0, 1fr);}.kb-row-layout-id1407_716628-52 > .kt-row-column-wrap > div:not(.added-for-specificity){grid-column:initial;}.kb-row-layout-id1407_716628-52 .kt-row-layout-bottom-sep{height:px;}.kb-row-layout-id1407_716628-52 .kt-row-layout-bottom-sep svg{width:%;}}<\/style><div class=\"kb-row-layout-wrap kb-row-layout-id1407_716628-52 alignnone kt-row-has-bg wp-block-kadence-rowlayout\"><div class=\"kt-row-layout-overlay kt-row-overlay-gradient\"><\/div><div class=\"kt-row-column-wrap kt-has-3-columns kt-row-layout-center-wide kt-tab-layout-row kt-mobile-layout-row kt-row-valign-top kb-theme-content-width\">\n<style>.kadence-column1407_d9c808-48 > .kt-inside-inner-col{padding-top:10px;padding-right:10px;padding-bottom:10px;padding-left:10px;}.kadence-column1407_d9c808-48 > .kt-inside-inner-col,.kadence-column1407_d9c808-48 > .kt-inside-inner-col:before{border-top-left-radius:0px;border-top-right-radius:0px;border-bottom-right-radius:0px;border-bottom-left-radius:0px;}.kadence-column1407_d9c808-48 > .kt-inside-inner-col{column-gap:var(--global-kb-gap-sm, 1rem);}.kadence-column1407_d9c808-48 > .kt-inside-inner-col{flex-direction:column;}.kadence-column1407_d9c808-48 > .kt-inside-inner-col > .aligncenter{width:100%;}.kadence-column1407_d9c808-48 > .kt-inside-inner-col:before{opacity:0.3;}.kadence-column1407_d9c808-48{position:relative;}.kadence-column1407_d9c808-48, .kt-inside-inner-col > .kadence-column1407_d9c808-48:not(.specificity){margin-top:0px;margin-right:20px;margin-bottom:0px;margin-left:0px;}@media all and (max-width: 1024px){.kadence-column1407_d9c808-48 > .kt-inside-inner-col{flex-direction:column;justify-content:center;}}@media all and (max-width: 1024px){.kadence-column1407_d9c808-48, .kt-inside-inner-col > .kadence-column1407_d9c808-48:not(.specificity){margin-top:0px;margin-right:0px;margin-bottom:0px;margin-left:0px;}}@media all and (max-width: 767px){.kadence-column1407_d9c808-48 > .kt-inside-inner-col{flex-direction:column;justify-content:center;}}<\/style>\n<div class=\"wp-block-kadence-column kadence-column1407_d9c808-48 inner-column-1\"><div class=\"kt-inside-inner-col\"><\/div><\/div>\n\n\n<style>.kadence-column1407_c0503a-9c > .kt-inside-inner-col{padding-top:10px;padding-right:10px;padding-bottom:10px;padding-left:10px;}.kadence-column1407_c0503a-9c > .kt-inside-inner-col,.kadence-column1407_c0503a-9c > .kt-inside-inner-col:before{border-top-left-radius:0px;border-top-right-radius:0px;border-bottom-right-radius:0px;border-bottom-left-radius:0px;}.kadence-column1407_c0503a-9c > .kt-inside-inner-col{column-gap:var(--global-kb-gap-sm, 1rem);}.kadence-column1407_c0503a-9c > .kt-inside-inner-col{flex-direction:column;}.kadence-column1407_c0503a-9c > .kt-inside-inner-col > .aligncenter{width:100%;}.kadence-column1407_c0503a-9c > .kt-inside-inner-col:before{opacity:0.3;}.kadence-column1407_c0503a-9c{position:relative;}.kadence-column1407_c0503a-9c, .kt-inside-inner-col > .kadence-column1407_c0503a-9c:not(.specificity){margin-top:0px;margin-right:10px;margin-bottom:0px;margin-left:10px;}@media all and (max-width: 1024px){.kadence-column1407_c0503a-9c > .kt-inside-inner-col{flex-direction:column;justify-content:center;}}@media all and (max-width: 1024px){.kadence-column1407_c0503a-9c, .kt-inside-inner-col > .kadence-column1407_c0503a-9c:not(.specificity){margin-top:0px;margin-right:0px;margin-bottom:0px;margin-left:0px;}}@media all and (max-width: 767px){.kadence-column1407_c0503a-9c > .kt-inside-inner-col{flex-direction:column;justify-content:center;}}<\/style>\n<div class=\"wp-block-kadence-column kadence-column1407_c0503a-9c inner-column-2\"><div class=\"kt-inside-inner-col\"><style>.wp-block-kadence-column.kb-section-dir-horizontal > .kt-inside-inner-col > .kt-info-box1407_addccd-dd .kt-blocks-info-box-link-wrap{max-width:unset;}.kt-info-box1407_addccd-dd .kt-blocks-info-box-link-wrap{border-top:1px solid var(--global-palette7, #EDF2F7);border-right:1px solid var(--global-palette7, #EDF2F7);border-bottom:1px solid var(--global-palette7, #EDF2F7);border-left:1px solid var(--global-palette7, #EDF2F7);border-top-left-radius:10px;border-top-right-radius:10px;border-bottom-right-radius:10px;border-bottom-left-radius:10px;background:#007bff;padding-top:30px;padding-right:30px;padding-bottom:30px;padding-left:30px;margin-bottom:0px;}.kt-info-box1407_addccd-dd .kt-blocks-info-box-link-wrap:hover{background:#6a6dec;}.kt-info-box1407_addccd-dd .kadence-info-box-icon-container .kt-info-svg-icon, .kt-info-box1407_addccd-dd .kt-info-svg-icon-flip, .kt-info-box1407_addccd-dd .kt-blocks-info-box-number{font-size:50px;}.kt-info-box1407_addccd-dd .kt-blocks-info-box-media{color:#444444;background:transparent;border-color:#444444;border-top-width:0px;border-right-width:0px;border-bottom-width:0px;border-left-width:0px;padding-top:0px;padding-right:0px;padding-bottom:0px;padding-left:0px;}.kt-info-box1407_addccd-dd .kt-blocks-info-box-media-container{margin-top:0px;margin-right:15px;margin-bottom:0px;margin-left:0px;}.kt-info-box1407_addccd-dd .kt-blocks-info-box-link-wrap:hover .kt-blocks-info-box-media{color:#444444;background:transparent;border-color:#444444;}.kt-info-box1407_addccd-dd .kt-infobox-textcontent h6.kt-blocks-info-box-title{line-height:1.3em;padding-top:0px;padding-right:0px;padding-bottom:0px;padding-left:0px;margin-top:0px;margin-right:0px;margin-bottom:14px;margin-left:0px;}.kt-info-box1407_addccd-dd .kt-infobox-textcontent .kt-blocks-info-box-text{color:var(--base-3);}.wp-block-kadence-infobox.kt-info-box1407_addccd-dd .kt-blocks-info-box-text{text-transform:capitalize;}.kt-info-box1407_addccd-dd .kt-blocks-info-box-learnmore{background:transparent;border-color:#555555;border-width:0px 0px 0px 0px;padding-top:4px;padding-right:8px;padding-bottom:4px;padding-left:8px;margin-top:10px;margin-right:0px;margin-bottom:10px;margin-left:0px;}.kt-info-box1407_addccd-dd .kt-blocks-info-box-link-wrap:hover .kt-blocks-info-box-learnmore,.kt-info-box1407_addccd-dd .kt-blocks-info-box-link-wrap .kt-blocks-info-box-learnmore:focus{color:#ffffff;background:#444444;border-color:#444444;}.kt-info-box1407_addccd-dd .kt-blocks-info-box-link-wrap{box-shadow:0px 0px 0px 0px rgba(0, 0, 0, 0);}.kt-info-box1407_addccd-dd .kt-blocks-info-box-link-wrap:hover{box-shadow:20px 20px 80px 0px rgba(27, 0, 79, 0.06);}@media all and (max-width: 1024px){.kt-info-box1407_addccd-dd .kt-blocks-info-box-link-wrap{border-top:1px solid var(--global-palette7, #EDF2F7);border-right:1px solid var(--global-palette7, #EDF2F7);border-bottom:1px solid var(--global-palette7, #EDF2F7);border-left:1px solid var(--global-palette7, #EDF2F7);box-shadow:0px 0px 0px 0px rgba(0, 0, 0, 0);}}@media all and (max-width: 1024px){.kt-info-box1407_addccd-dd .kt-blocks-info-box-link-wrap:hover{box-shadow:20px 20px 80px 0px rgba(27, 0, 79, 0.06);}}@media all and (max-width: 767px){.kt-info-box1407_addccd-dd .kt-blocks-info-box-link-wrap{border-top:1px solid var(--global-palette7, #EDF2F7);border-right:1px solid var(--global-palette7, #EDF2F7);border-bottom:1px solid var(--global-palette7, #EDF2F7);border-left:1px solid var(--global-palette7, #EDF2F7);text-align:center;display:block;box-shadow:0px 0px 0px 0px rgba(0, 0, 0, 0);}.kt-info-box1407_addccd-dd .kt-blocks-info-box-link-wrap .kt-blocks-info-box-media{display:inline-block;max-width:100%;}.kt-info-box1407_addccd-dd .kt-blocks-info-box-link-wrap:hover{box-shadow:20px 20px 80px 0px rgba(27, 0, 79, 0.06);}}<\/style>\n<div class=\"wp-block-kadence-infobox kt-info-box1407_addccd-dd\"><a class=\"kt-blocks-info-box-link-wrap info-box-link kt-blocks-info-box-media-align-top kt-info-halign-center kb-info-box-vertical-media-align-top kb-info-mobile-halign-center\" target=\"_blank\" rel=\"noopener noreferrer\" href=\"https:\/\/easycpstest.com\/it\/\" aria-label=\"Fare clic su Test di velocit\u00e0 | Prova CPS\"><div class=\"kt-infobox-textcontent\"><p class=\"kt-blocks-info-box-text\"><strong>CLICCA PROVA VELOCIT\u00c0 | PROVA CPS<\/strong><\/p><\/div><\/a><\/div>\n<\/div><\/div>\n\n\n<style>.kadence-column1407_16aee3-18 > .kt-inside-inner-col{padding-top:10px;padding-right:10px;padding-bottom:10px;padding-left:10px;}.kadence-column1407_16aee3-18 > .kt-inside-inner-col,.kadence-column1407_16aee3-18 > .kt-inside-inner-col:before{border-top-left-radius:0px;border-top-right-radius:0px;border-bottom-right-radius:0px;border-bottom-left-radius:0px;}.kadence-column1407_16aee3-18 > .kt-inside-inner-col{column-gap:var(--global-kb-gap-sm, 1rem);}.kadence-column1407_16aee3-18 > .kt-inside-inner-col{flex-direction:column;}.kadence-column1407_16aee3-18 > .kt-inside-inner-col > .aligncenter{width:100%;}.kadence-column1407_16aee3-18 > .kt-inside-inner-col:before{opacity:0.3;}.kadence-column1407_16aee3-18{position:relative;}.kadence-column1407_16aee3-18, .kt-inside-inner-col > .kadence-column1407_16aee3-18:not(.specificity){margin-top:0px;margin-right:0px;margin-bottom:0px;margin-left:20px;}@media all and (max-width: 1024px){.kadence-column1407_16aee3-18 > .kt-inside-inner-col{flex-direction:column;justify-content:center;}}@media all and (max-width: 1024px){.kadence-column1407_16aee3-18, .kt-inside-inner-col > .kadence-column1407_16aee3-18:not(.specificity){margin-top:0px;margin-right:0px;margin-bottom:0px;margin-left:0px;}}@media all and (max-width: 767px){.kadence-column1407_16aee3-18 > .kt-inside-inner-col{flex-direction:column;justify-content:center;}}<\/style>\n<div class=\"wp-block-kadence-column kadence-column1407_16aee3-18 inner-column-3\"><div class=\"kt-inside-inner-col\"><\/div><\/div>\n\n<\/div><\/div>\n\n\n<p class=\"wp-block-paragraph\">Le sfide soggiogano l&#039;abilit\u00e0 di clic della barra spaziatrice per il gioco in tempo reale in riserva. Tuttavia, porta la tua abilit\u00e0 al livello successivo di fare clic con superiorit\u00e0.<\/p>\n\n\n\n<p class=\"wp-block-paragraph\">Inoltre, il gioco o il test valuta il numero di clic rispetto al numero di secondi. Di solito, calcola i clic in 5 secondi. Se vuoi vincere e stabilire il record del mondo, lo spreco pu\u00f2 rovinare i tuoi ranghi HPS. Tuttavia, inizia a giocare all&#039;incredibile Spacebar Counter Game senza perdere tempo e classifica.<\/p>\n\n\n\n<p class=\"wp-block-paragraph\">Tuttavia, il test della tastiera ti aiuta a selezionare la tastiera migliore e pi\u00f9 efficiente per giocare su di essa. Controlla in particolare la barra spaziatrice, e se trovi il ritardo nel clic, assegna il clic per sostituirlo immediatamente.<\/p>\n\n\n\n<p class=\"wp-block-paragraph\">Inoltre, puoi controllare l&#039;efficienza del tuo mouse utilizzando lo stesso test e classificare il livello dei clic dopo aver giocato. Quindi, controlla la velocit\u00e0 di clic del tuo dispositivo, che si tratti di un mouse o di una tastiera, con questo contatore di clic della barra spaziatrice. E puoi provare il <a href=\"https:\/\/easycpstest.com\/it\/\" target=\"_blank\" rel=\"noreferrer noopener\">Fare clic su Test di velocit\u00e0<\/a> per trovare il numero di clic che puoi ottenere al secondo.<\/p>\n\n\n\n<h3 style=\"color: #ffffff;font-weight: 400;background: #007bff ;width: auto;margin: 1em 0px;font-size: 25px;line-height: 1;padding: 14px;border-left: 40px solid #000000;box-shadow: #c7c7c7 0px 2px 15px 0px;text-align:;\"><span id=\"Online Spacebar Speed Test\"><strong> Test di velocit\u00e0 della barra spaziatrice online\n<\/strong><\/span><\/h3>\n\n\n\n<p class=\"wp-block-paragraph\">Per l&#039;utente curioso, basta dare la sfida per verificare i propri limiti. Tuttavia, il gioco del contatore della barra spaziatrice \u00e8 perfetto per ottenere il calcio d&#039;inizio. Quindi, puoi guadagnare un grado elevato nel contatore dei clic della barra spaziatrice.&nbsp;<\/p>\n\n\n\n<p class=\"wp-block-paragraph\">Di seguito non \u00e8 necessario scaricare alcuna applicazione, n\u00e9 installare alcuna app di gioco per verificare il <a href=\"https:\/\/easycpstest.com\/it\/click-counter\/\" target=\"_blank\" rel=\"noreferrer noopener\">contatore di clic<\/a> non \u00e8 necessario alcun software per potenziare la pagina web. L&#039;unica cosa che dovresti avere in quell&#039;applicazione \u00e8 una connessione di rete ad alto ritmo.&nbsp;<\/p>\n\n\n<div class=\"wp-block-image\">\n<figure class=\"aligncenter size-full\"><img loading=\"lazy\" decoding=\"async\" width=\"768\" height=\"452\" src=\"https:\/\/easycpstest.com\/wp-content\/uploads\/2022\/03\/Spacebar-counter.png\" alt=\"Spacebar counter \" class=\"wp-image-1628\" srcset=\"https:\/\/easycpstest.com\/wp-content\/uploads\/2022\/03\/Spacebar-counter.png 768w, https:\/\/easycpstest.com\/wp-content\/uploads\/2022\/03\/Spacebar-counter-300x177.png 300w\" sizes=\"auto, (max-width: 768px) 100vw, 768px\" \/><\/figure>\n<\/div>\n\n\n<h3 style=\"color: #ffffff;font-weight: 400;background: #007bff ;width: auto;margin: 1em 0px;font-size: 25px;line-height: 1;padding: 14px;border-left: 40px solid #000000;box-shadow: #c7c7c7 0px 2px 15px 0px;text-align:;\"><span id=\"Spacebar TikTok Challenge\"><strong> Sfida TikTok della barra spaziatrice\n<\/strong><\/span><\/h3>\n\n\n\n<p class=\"wp-block-paragraph\">Al giorno d&#039;oggi, le sfide continuano <a href=\"https:\/\/www.tiktok.com\/\" target=\"_blank\" rel=\"noreferrer noopener\">Tic toc <\/a>frequentemente. Mentre le persone lanciano nuove tendenze nella creazione di video, a loro piace anche condividere i video del gioco. Pertanto, i click gamer condividono la scorecard e il video del click game con i tag della Spacebar TikTok Challenge.<\/p>\n\n\n\n<h3 style=\"color: #ffffff;font-weight: 400;background: #007bff ;width: auto;margin: 1em 0px;font-size: 25px;line-height: 1;padding: 14px;border-left: 40px solid #000000;box-shadow: #c7c7c7 0px 2px 15px 0px;text-align:;\"><span id=\"Do You Want To Be A Spacebar Champion?\"><strong> Vuoi essere un campione della barra spaziatrice?\n<\/strong><\/span><\/h3>\n\n\n\n<p class=\"wp-block-paragraph\">Durante il clic, il contatore della barra spaziatrice \u00e8 il metodo migliore e pi\u00f9 autentico per misurare con precisione la velocit\u00e0 dei clic. Quindi, tocca velocemente le dita senza preoccuparti e raggiungi il tuo grado nel contatore del gioco. Quindi, puoi giocare in modalit\u00e0 PVP con giocatori di tutto il mondo per ottenere punteggi pi\u00f9 alti! La classifica mostra il grado di conseguenza.<\/p>\n\n\n\n<p class=\"wp-block-paragraph\">Il gioco veloce ti fa guadagnare pi\u00f9 punteggi, quindi non esitare a fare clic velocemente su Spacebar Counter Game. Tuttavia, se non vedi l&#039;ora di divertirti con il gioco, \u00e8 perfetto per te che sei entusiasta di migliorare le tue abilit\u00e0 di gioco. Mentre una prospettiva semplice rende il gioco accettabile, la sua semplice strategia attira l&#039;attenzione dell&#039;utente.<\/p>\n\n\n\n<h2 style=\"color: #ffffff;font-weight: 400;background: #007bff ;width: auto;margin: 1em 0px;font-size: 25px;line-height: 1;padding: 14px;border-left: 40px solid #000000;box-shadow: #c7c7c7 0px 2px 15px 0px;text-align:;\"><span id=\"Features of Spacebar Counter\"><strong> Caratteristiche del contatore della barra spaziatrice<\/strong><\/span><\/h2>\n\n\n\n<p class=\"wp-block-paragraph\">Un&#039;interfaccia semplice attira pi\u00f9 utenti verso di essa e un design decente attira l&#039;attenzione dell&#039;utente per un lungo periodo. Inoltre, il gioco vantaggioso aiuta a concentrarsi sul clic della barra spaziatrice e ti consente di dare del filo da torcere al tuo avversario nel gioco in tempo reale.<\/p>\n\n\n\n<p class=\"wp-block-paragraph\">Inoltre, il contatore dei clic della barra spaziatrice aiuta ad aumentare la velocit\u00e0 di clic e avanzamento dei giocatori. Tuttavia, il giocatore pu\u00f2 saltare o sparare pi\u00f9 frequentemente che mai nel gioco. Quindi, usa la chiave e salta tutti gli ostacoli del gioco. Il gioco \u00e8 competitivo. Offre gradi da raggiungere nel gioco.<\/p>\n\n\n\n<h3 style=\"color: #ffffff;font-weight: 400;background: #007bff ;width: auto;margin: 1em 0px;font-size: 25px;line-height: 1;padding: 14px;border-left: 40px solid #000000;box-shadow: #c7c7c7 0px 2px 15px 0px;text-align:;\"><span id=\"Few More Features\"><strong> Poche funzionalit\u00e0 in pi\u00f9 <\/strong><\/span><\/h3>\n\n\n\n<p class=\"wp-block-paragraph\">EasyCPSTest \u00e8 un gioco eccezionale che porta l&#039;abilit\u00e0 di clic al livello di efficienza successivo durante l&#039;utilizzo <a href=\"https:\/\/easycpstest.com\/it\/mouse-test\/\" target=\"_blank\" rel=\"noreferrer noopener\">Pulsante del mouse<\/a> o Barra spaziatrice tastiera.<\/p>\n\n\n\n<ul class=\"wp-block-list\">\n<li>Probabilmente i giocatori possono condividere i risultati con i propri amici sui social media come Twitter, Facebook e Whatsapp. Condividono una scorecard o un grado HPS e sfidano i loro amici o avversari con un solo clic. Significativamente, gli utenti possono analizzare i risultati e valutare i progressi nel gioco dei clic.&nbsp;<\/li>\n\n\n\n<li>Di solito, i giocatori usano un mouse o una tastiera per contrassegnare i clic dei giochi, ma puoi farlo anche sul tuo cellulare perch\u00e9 la versione Spacebar Counter Mobile del software \u00e8 altamente reattiva al gioco. Anche gli utenti possono aggiungere il contatore di clic su iPad e Android o aggiungere la tastiera o il mouse estesi.<\/li>\n\n\n\n<li>Comunemente il contatore della barra spaziatrice \u00e8 un gioco per PC o desktop che conta facilmente la barra spaziatrice toccando. Durante l&#039;utilizzo del cellulare, \u00e8 necessario aggiungere la tastiera o il mouse esterni che funzionino bene. Ma \u00e8 consigliato per PC o Desktop.<\/li>\n<\/ul>\n\n\n\n<h3 style=\"color: #ffffff;font-weight: 400;background: #007bff ;width: auto;margin: 1em 0px;font-size: 25px;line-height: 1;padding: 14px;border-left: 40px solid #000000;box-shadow: #c7c7c7 0px 2px 15px 0px;text-align:;\"><span id=\"How to Play Spacebar Counter Game\"><strong> Come giocare a Spacebar Counter Game? <\/strong><\/span><\/h3>\n\n\n\n<p class=\"wp-block-paragraph\">Innanzitutto, fai clic sul pulsante evidenziato per avviare il contatore dei clic della barra spaziatrice toccando i clic sulla barra spaziatrice della tastiera il pi\u00f9 velocemente possibile. Guadagnerai un punteggio HPS da assegnare alla classifica quando contrassegni il numero massimo di clic.<\/p>\n\n\n\n<p class=\"wp-block-paragraph\">La casella modale mostra i risultati quando il timer interrompe il secondo conto alla rovescia. Quindi, tocca la barra spaziatrice in modo bizzarro per ottenere il massimo dei punti e aumentare il rapporto CPS in quel gioco a clic.&nbsp;<\/p>\n\n\n\n<p class=\"wp-block-paragraph\">Alla fine, la piattaforma che condivide il registro dei clic \u00e8 qui per mostrare al mondo i tuoi progressi nel gioco. Per offrire sfide aperte ai tuoi amici e avversari, puoi utilizzare le piattaforme dei social media.&nbsp;<\/p>\n\n\n\n<p class=\"wp-block-paragraph\">Infine, tieni la barra spaziatrice con due dita e lotta per generare una raffica di clic della barra spaziatrice con la mano rispetto ai muscoli delle dita.<\/p>\n\n\n\n<h2 class=\"wp-block-heading has-text-align-center\">Domande frequenti<\/h2>\n\n\n\n<div class=\"schema-faq wp-block-yoast-faq-block\"><div class=\"schema-faq-section\" id=\"faq-question-1676972813690\"><strong class=\"schema-faq-question\"><strong>Come fare clic sulla barra spaziatrice pi\u00f9 velocemente?<\/strong><\/strong> <p class=\"schema-faq-answer\">Molto tocchi di pi\u00f9 e segni i clic. Pertanto, si basa sulla velocit\u00e0 delle prestazioni del tuo dito e su quanto segni. Ma i dispositivi efficienti ti aiutano a registrare pi\u00f9 clic mentre giochi al contatore della barra spaziatrice. Utilizzare l&#039;intera mano anzich\u00e9 utilizzare il dito per fare clic \u00e8 l&#039;opzione migliore.<\/p> <\/div> <div class=\"schema-faq-section\" id=\"faq-question-1676972829944\"><strong class=\"schema-faq-question\"><strong>Qual \u00e8 il record mondiale per le pressioni della barra spaziatrice?<\/strong><\/strong> <p class=\"schema-faq-answer\">Il record pi\u00f9 alto nel gioco della barra spaziatrice \u00e8 17,5 CPS, quindi se sei interessato a stabilire un record per gli altri, tenta la fortuna e colpisci un po&#039; pi\u00f9 agevolmente per vincere nel gioco e portare la tua esperienza di gioco al livello successivo.<\/p> <\/div> <\/div>","protected":false},"excerpt":{"rendered":"<p>Spacebar Counter | Easy CPS Test Play the game by tapping on the play button and hitting the spacebar as quickly as you can to achieve a high score. We proudly welcome our users to present the&nbsp;Spacebar Counter&nbsp;here. Hit the &#8230; <\/p>\n<p class=\"read-more-container\"><a title=\"Spacebar Counter &#8211; Spacebar Speed Test | Easy CPS Test\" class=\"read-more button\" href=\"https:\/\/easycpstest.com\/it\/spacebar-counter\/#more-1407\" aria-label=\"More on Spacebar Counter &#8211; Spacebar Speed Test | Easy CPS Test\">Leggi tutto<\/a><\/p>","protected":false},"author":1,"featured_media":0,"parent":0,"menu_order":0,"comment_status":"closed","ping_status":"closed","template":"","meta":{"_crdt_document":"","footnotes":""},"class_list":{"0":"post-1407","1":"page","2":"type-page","3":"status-publish","5":"no-featured-image-padding"},"_links":{"self":[{"href":"https:\/\/easycpstest.com\/it\/wp-json\/wp\/v2\/pages\/1407","targetHints":{"allow":["GET"]}}],"collection":[{"href":"https:\/\/easycpstest.com\/it\/wp-json\/wp\/v2\/pages"}],"about":[{"href":"https:\/\/easycpstest.com\/it\/wp-json\/wp\/v2\/types\/page"}],"author":[{"embeddable":true,"href":"https:\/\/easycpstest.com\/it\/wp-json\/wp\/v2\/users\/1"}],"replies":[{"embeddable":true,"href":"https:\/\/easycpstest.com\/it\/wp-json\/wp\/v2\/comments?post=1407"}],"version-history":[{"count":16,"href":"https:\/\/easycpstest.com\/it\/wp-json\/wp\/v2\/pages\/1407\/revisions"}],"predecessor-version":[{"id":2172,"href":"https:\/\/easycpstest.com\/it\/wp-json\/wp\/v2\/pages\/1407\/revisions\/2172"}],"wp:attachment":[{"href":"https:\/\/easycpstest.com\/it\/wp-json\/wp\/v2\/media?parent=1407"}],"curies":[{"name":"wp","href":"https:\/\/api.w.org\/{rel}","templated":true}]}}