{"id":1409,"date":"2025-02-10T06:58:51","date_gmt":"2025-02-10T06:58:51","guid":{"rendered":"https:\/\/easycpstest.com\/?page_id=1409"},"modified":"2025-02-10T06:58:52","modified_gmt":"2025-02-10T06:58:52","slug":"badlion-click-test","status":"publish","type":"page","link":"https:\/\/easycpstest.com\/it\/badlion-click-test\/","title":{"rendered":"Badlion Click Test | CPS Game &#8211; Easy CPS Test"},"content":{"rendered":"<h1 class=\"wp-block-heading has-text-align-center\"><strong>Test di clic Badlion | Test CPS facile<\/strong><\/h1>\n\n\n\n<p class=\"has-text-align-center wp-block-paragraph\">The EasyCPSTest website offers a new Badlion Click Test for universal players and ambitious gamers in the PVP mode. The trick is also used in famous games like Minecraft.<\/p>\n\n\n<div class=\"page-wrapper\">\n\t<div class=\"row\">\n\t\t<div class=\"col-lg-12 col-md-12 custom-container\">\n\t\t\t<div class=\"card\">\n\t\t\t\t<header class=\"entry-header\">\n\t\t\t\t\t\t\t\t\t<\/header>\n\t\t\t\t\t\t\t\t<div class=\"bt-click-inner\">\n\t\t\t\t\t<div class=\"card-header\">\n\t\t\t\t\t\t<div class=\"bt-header-timer\">\n\t\t\t\t\t\t\t<div class=\"bt-time-btn blue-btn\">\n\t\t\t\t\t\t\t\t<h4 class=\"mb-0\"><span id=\"timer\">0<\/span><\/h4>\n\t\t\t\t\t\t\t\t<small class=\"mb-0 sm-custom\">Timer<\/small>\n\t\t\t\t\t\t\t<\/div>\n\t\t\t\t\t\t\t<div class=\"bt-time-btn orange-btn\">\n\t\t\t\t\t\t\t\t<h4 class=\"mb-0\"><span id=\"clicks\">0<\/span><\/h4>\n\t\t\t\t\t\t\t\t<small class=\"mb-0 sm-custom\">Clic\/i<\/small>\n\t\t\t\t\t\t\t<\/div>\n\t\t\t\t\t\t\t<div class=\"bt-time-btn green-btn\">\n\t\t\t\t\t\t\t\t<h4 class=\"mb-0\"><span id=\"score\">0<\/span><\/h4>\n\t\t\t\t\t\t\t\t<small class=\"mb-0 sm-custom\">Punto<\/small>\n\t\t\t\t\t\t\t<\/div>\n\t\t\t\t\t\t<\/div>\n\t\t\t\t\t<\/div>\n\t\t\t\t\t<div class=\"card-body\">\n\t\t\t\t\t\t<div class=\"bt-click-area\" id=\"bt-click-area\">\n\t\t\t\t\t\t\t<button id=\"start\" type=\"button\" class=\"btn-light btn-round waves-effect waves-light\">CLICCA QUI PER INIZIARE A GIOCARE<\/button>\n\t\t\t\t\t\t<\/div>\n\t\t\t\t\t<\/div>\n\t\t\t\t\t<button type=\"button\" data-toggle=\"modal\" data-target=\"#click-result-modal\" style=\"display: none;\" id=\"trigger-modal\">Avvia modale<\/button>\n\t\t\t\t<\/div>\n\t\t\t<\/div>\n\t\t<\/div>\n\t\t\t<\/div>\n<\/div>\n\n\n\n<p class=\"wp-block-paragraph\">Tuttavia, il giocatore utilizza il trucco del clic ripetitivo per migliorare l&#039;abilit\u00e0 del clic. Inoltre, il giocatore pu\u00f2 giocare il trucco del clic per provare la modalit\u00e0 PVP del client della community Badlion Click Game di Minecraft. Quindi i giocatori addestrati sviluppano un&#039;abilit\u00e0 che li aiuta in tutti i giochi.<\/p>\n\n\n\n<p class=\"wp-block-paragraph\"><\/p>\n\n\n<style>.kb-row-layout-wrap.wp-block-kadence-rowlayout.kb-row-layout-id1409_1c01c2-28{margin-bottom:0px;}.kb-row-layout-id1409_1c01c2-28 > .kt-row-column-wrap{align-content:start;}:where(.kb-row-layout-id1409_1c01c2-28 > .kt-row-column-wrap) > .wp-block-kadence-column{justify-content:start;}.kb-row-layout-id1409_1c01c2-28 > .kt-row-column-wrap{column-gap:var(--global-kb-gap-none, 0rem );row-gap:var(--global-kb-gap-none, 0rem );max-width:1200px;padding-top:30px;padding-right:0px;padding-bottom:30px;padding-left:0px;}.kb-row-layout-id1409_1c01c2-28 > .kt-row-column-wrap > div:not(.added-for-specificity){grid-column:initial;}.kb-row-layout-id1409_1c01c2-28 > .kt-row-column-wrap{grid-template-columns:minmax(0, 1fr) minmax(0, 3fr) minmax(0, 1fr);}.kb-row-layout-id1409_1c01c2-28 > .kt-row-layout-overlay{opacity:0.30;background:linear-gradient(180deg,  0%, #00B5E2 100%);}.kb-row-layout-id1409_1c01c2-28 .kt-row-layout-bottom-sep{height:100px;}.kb-row-layout-id1409_1c01c2-28 .kt-row-layout-bottom-sep svg{width:100%;}.kb-row-layout-id1409_1c01c2-28 .kt-row-layout-bottom-sep svg{fill:#ffffff!important;}@media all and (max-width: 1024px){.kb-row-layout-id1409_1c01c2-28 > .kt-row-column-wrap{padding-top:0px;padding-right:50px;padding-bottom:80px;padding-left:50px;grid-template-columns:minmax(0, 1fr);}}@media all and (max-width: 1024px){.kb-row-layout-id1409_1c01c2-28 > .kt-row-column-wrap > div:not(.added-for-specificity){grid-column:initial;}}@media all and (max-width: 1024px){.kb-row-layout-id1409_1c01c2-28 .kt-row-layout-bottom-sep{height:px;}}@media all and (max-width: 1024px){.kb-row-layout-id1409_1c01c2-28 .kt-row-layout-bottom-sep svg{width:%;}}@media all and (max-width: 767px){.kb-row-layout-id1409_1c01c2-28 > .kt-row-column-wrap{padding-top:40px;padding-right:20px;padding-bottom:50px;padding-left:20px;grid-template-columns:minmax(0, 1fr);}.kb-row-layout-id1409_1c01c2-28 > .kt-row-column-wrap > div:not(.added-for-specificity){grid-column:initial;}.kb-row-layout-id1409_1c01c2-28 .kt-row-layout-bottom-sep{height:px;}.kb-row-layout-id1409_1c01c2-28 .kt-row-layout-bottom-sep svg{width:%;}}<\/style><div class=\"kb-row-layout-wrap kb-row-layout-id1409_1c01c2-28 alignnone kt-row-has-bg wp-block-kadence-rowlayout\"><div class=\"kt-row-layout-overlay kt-row-overlay-gradient\"><\/div><div class=\"kt-row-column-wrap kt-has-3-columns kt-row-layout-center-wide kt-tab-layout-row kt-mobile-layout-row kt-row-valign-top kb-theme-content-width\">\n<style>.kadence-column1409_4606ee-33 > .kt-inside-inner-col{padding-top:10px;padding-right:10px;padding-bottom:10px;padding-left:10px;}.kadence-column1409_4606ee-33 > .kt-inside-inner-col,.kadence-column1409_4606ee-33 > .kt-inside-inner-col:before{border-top-left-radius:0px;border-top-right-radius:0px;border-bottom-right-radius:0px;border-bottom-left-radius:0px;}.kadence-column1409_4606ee-33 > .kt-inside-inner-col{column-gap:var(--global-kb-gap-sm, 1rem);}.kadence-column1409_4606ee-33 > .kt-inside-inner-col{flex-direction:column;}.kadence-column1409_4606ee-33 > .kt-inside-inner-col > .aligncenter{width:100%;}.kadence-column1409_4606ee-33 > .kt-inside-inner-col:before{opacity:0.3;}.kadence-column1409_4606ee-33{position:relative;}.kadence-column1409_4606ee-33, .kt-inside-inner-col > .kadence-column1409_4606ee-33:not(.specificity){margin-top:0px;margin-right:20px;margin-bottom:0px;margin-left:0px;}@media all and (max-width: 1024px){.kadence-column1409_4606ee-33 > .kt-inside-inner-col{flex-direction:column;justify-content:center;}}@media all and (max-width: 1024px){.kadence-column1409_4606ee-33, .kt-inside-inner-col > .kadence-column1409_4606ee-33:not(.specificity){margin-top:0px;margin-right:0px;margin-bottom:0px;margin-left:0px;}}@media all and (max-width: 767px){.kadence-column1409_4606ee-33 > .kt-inside-inner-col{flex-direction:column;justify-content:center;}}<\/style>\n<div class=\"wp-block-kadence-column kadence-column1409_4606ee-33 inner-column-1\"><div class=\"kt-inside-inner-col\"><\/div><\/div>\n\n\n<style>.kadence-column1409_455038-f7 > .kt-inside-inner-col{padding-top:10px;padding-right:10px;padding-bottom:10px;padding-left:10px;}.kadence-column1409_455038-f7 > .kt-inside-inner-col,.kadence-column1409_455038-f7 > .kt-inside-inner-col:before{border-top-left-radius:0px;border-top-right-radius:0px;border-bottom-right-radius:0px;border-bottom-left-radius:0px;}.kadence-column1409_455038-f7 > .kt-inside-inner-col{column-gap:var(--global-kb-gap-sm, 1rem);}.kadence-column1409_455038-f7 > .kt-inside-inner-col{flex-direction:column;}.kadence-column1409_455038-f7 > .kt-inside-inner-col > .aligncenter{width:100%;}.kadence-column1409_455038-f7 > .kt-inside-inner-col:before{opacity:0.3;}.kadence-column1409_455038-f7{position:relative;}.kadence-column1409_455038-f7, .kt-inside-inner-col > .kadence-column1409_455038-f7:not(.specificity){margin-top:0px;margin-right:10px;margin-bottom:0px;margin-left:10px;}@media all and (max-width: 1024px){.kadence-column1409_455038-f7 > .kt-inside-inner-col{flex-direction:column;justify-content:center;}}@media all and (max-width: 1024px){.kadence-column1409_455038-f7, .kt-inside-inner-col > .kadence-column1409_455038-f7:not(.specificity){margin-top:0px;margin-right:0px;margin-bottom:0px;margin-left:0px;}}@media all and (max-width: 767px){.kadence-column1409_455038-f7 > .kt-inside-inner-col{flex-direction:column;justify-content:center;}}<\/style>\n<div class=\"wp-block-kadence-column kadence-column1409_455038-f7 inner-column-2\"><div class=\"kt-inside-inner-col\"><style>.wp-block-kadence-column.kb-section-dir-horizontal > .kt-inside-inner-col > .kt-info-box1409_756f9b-10 .kt-blocks-info-box-link-wrap{max-width:unset;}.kt-info-box1409_756f9b-10 .kt-blocks-info-box-link-wrap{border-top:1px solid var(--global-palette7, #EDF2F7);border-right:1px solid var(--global-palette7, #EDF2F7);border-bottom:1px solid var(--global-palette7, #EDF2F7);border-left:1px solid var(--global-palette7, #EDF2F7);border-top-left-radius:10px;border-top-right-radius:10px;border-bottom-right-radius:10px;border-bottom-left-radius:10px;background:#007bff;padding-top:30px;padding-right:30px;padding-bottom:30px;padding-left:30px;margin-bottom:0px;}.kt-info-box1409_756f9b-10 .kt-blocks-info-box-link-wrap:hover{background:#6a6dec;}.kt-info-box1409_756f9b-10 .kadence-info-box-icon-container .kt-info-svg-icon, .kt-info-box1409_756f9b-10 .kt-info-svg-icon-flip, .kt-info-box1409_756f9b-10 .kt-blocks-info-box-number{font-size:50px;}.kt-info-box1409_756f9b-10 .kt-blocks-info-box-media{color:#444444;background:transparent;border-color:#444444;border-top-width:0px;border-right-width:0px;border-bottom-width:0px;border-left-width:0px;padding-top:0px;padding-right:0px;padding-bottom:0px;padding-left:0px;}.kt-info-box1409_756f9b-10 .kt-blocks-info-box-media-container{margin-top:0px;margin-right:15px;margin-bottom:0px;margin-left:0px;}.kt-info-box1409_756f9b-10 .kt-blocks-info-box-link-wrap:hover .kt-blocks-info-box-media{color:#444444;background:transparent;border-color:#444444;}.kt-info-box1409_756f9b-10 .kt-infobox-textcontent h6.kt-blocks-info-box-title{line-height:1.3em;padding-top:0px;padding-right:0px;padding-bottom:0px;padding-left:0px;margin-top:0px;margin-right:0px;margin-bottom:14px;margin-left:0px;}.kt-info-box1409_756f9b-10 .kt-infobox-textcontent .kt-blocks-info-box-text{color:var(--base-3);}.wp-block-kadence-infobox.kt-info-box1409_756f9b-10 .kt-blocks-info-box-text{text-transform:capitalize;}.kt-info-box1409_756f9b-10 .kt-blocks-info-box-learnmore{background:transparent;border-color:#555555;border-width:0px 0px 0px 0px;padding-top:4px;padding-right:8px;padding-bottom:4px;padding-left:8px;margin-top:10px;margin-right:0px;margin-bottom:10px;margin-left:0px;}.kt-info-box1409_756f9b-10 .kt-blocks-info-box-link-wrap:hover .kt-blocks-info-box-learnmore,.kt-info-box1409_756f9b-10 .kt-blocks-info-box-link-wrap .kt-blocks-info-box-learnmore:focus{color:#ffffff;background:#444444;border-color:#444444;}.kt-info-box1409_756f9b-10 .kt-blocks-info-box-link-wrap{box-shadow:0px 0px 0px 0px rgba(0, 0, 0, 0);}.kt-info-box1409_756f9b-10 .kt-blocks-info-box-link-wrap:hover{box-shadow:20px 20px 80px 0px rgba(27, 0, 79, 0.06);}@media all and (max-width: 1024px){.kt-info-box1409_756f9b-10 .kt-blocks-info-box-link-wrap{border-top:1px solid var(--global-palette7, #EDF2F7);border-right:1px solid var(--global-palette7, #EDF2F7);border-bottom:1px solid var(--global-palette7, #EDF2F7);border-left:1px solid var(--global-palette7, #EDF2F7);box-shadow:0px 0px 0px 0px rgba(0, 0, 0, 0);}}@media all and (max-width: 1024px){.kt-info-box1409_756f9b-10 .kt-blocks-info-box-link-wrap:hover{box-shadow:20px 20px 80px 0px rgba(27, 0, 79, 0.06);}}@media all and (max-width: 767px){.kt-info-box1409_756f9b-10 .kt-blocks-info-box-link-wrap{border-top:1px solid var(--global-palette7, #EDF2F7);border-right:1px solid var(--global-palette7, #EDF2F7);border-bottom:1px solid var(--global-palette7, #EDF2F7);border-left:1px solid var(--global-palette7, #EDF2F7);text-align:center;display:block;box-shadow:0px 0px 0px 0px rgba(0, 0, 0, 0);}.kt-info-box1409_756f9b-10 .kt-blocks-info-box-link-wrap .kt-blocks-info-box-media{display:inline-block;max-width:100%;}.kt-info-box1409_756f9b-10 .kt-blocks-info-box-link-wrap:hover{box-shadow:20px 20px 80px 0px rgba(27, 0, 79, 0.06);}}<\/style>\n<div class=\"wp-block-kadence-infobox kt-info-box1409_756f9b-10\"><a class=\"kt-blocks-info-box-link-wrap info-box-link kt-blocks-info-box-media-align-top kt-info-halign-center kb-info-box-vertical-media-align-top kb-info-mobile-halign-center\" target=\"_blank\" rel=\"noopener noreferrer\" href=\"https:\/\/easycpstest.com\/it\/\" aria-label=\"Fare clic su Test di velocit\u00e0 | Prova CPS\"><div class=\"kt-infobox-textcontent\"><p class=\"kt-blocks-info-box-text\"><strong>CLICCA PROVA VELOCIT\u00c0 | PROVA CPS<\/strong><\/p><\/div><\/a><\/div>\n<\/div><\/div>\n\n\n<style>.kadence-column1409_6b2a0c-bc > .kt-inside-inner-col{padding-top:10px;padding-right:10px;padding-bottom:10px;padding-left:10px;}.kadence-column1409_6b2a0c-bc > .kt-inside-inner-col,.kadence-column1409_6b2a0c-bc > .kt-inside-inner-col:before{border-top-left-radius:0px;border-top-right-radius:0px;border-bottom-right-radius:0px;border-bottom-left-radius:0px;}.kadence-column1409_6b2a0c-bc > .kt-inside-inner-col{column-gap:var(--global-kb-gap-sm, 1rem);}.kadence-column1409_6b2a0c-bc > .kt-inside-inner-col{flex-direction:column;}.kadence-column1409_6b2a0c-bc > .kt-inside-inner-col > .aligncenter{width:100%;}.kadence-column1409_6b2a0c-bc > .kt-inside-inner-col:before{opacity:0.3;}.kadence-column1409_6b2a0c-bc{position:relative;}.kadence-column1409_6b2a0c-bc, .kt-inside-inner-col > .kadence-column1409_6b2a0c-bc:not(.specificity){margin-top:0px;margin-right:0px;margin-bottom:0px;margin-left:20px;}@media all and (max-width: 1024px){.kadence-column1409_6b2a0c-bc > .kt-inside-inner-col{flex-direction:column;justify-content:center;}}@media all and (max-width: 1024px){.kadence-column1409_6b2a0c-bc, .kt-inside-inner-col > .kadence-column1409_6b2a0c-bc:not(.specificity){margin-top:0px;margin-right:0px;margin-bottom:0px;margin-left:0px;}}@media all and (max-width: 767px){.kadence-column1409_6b2a0c-bc > .kt-inside-inner-col{flex-direction:column;justify-content:center;}}<\/style>\n<div class=\"wp-block-kadence-column kadence-column1409_6b2a0c-bc inner-column-3\"><div class=\"kt-inside-inner-col\"><\/div><\/div>\n\n<\/div><\/div>\n\n\n<h2 style=\"color: #ffffff;font-weight: 400;background: #007bff;width: auto;margin: 1em 0px;font-size: 25px;line-height: 1;padding: 14px;border-left: 40px solid #000000;box-shadow: #c7c7c7 0px 2px 15px 0px;text-align:;\"><span id=\"Badlion_Click_Online_Test\"><strong> Badlion Fare clic su Test online<\/strong><\/span><\/h2>\n\n\n\n<p class=\"wp-block-paragraph\">Siiprudente! Preparati, pronto, per partire! E diamo il benvenuto al Badlion Click Online Test sul tuo cellulare o PC. Ecco l&#039;introduzione dell&#039;idea rappresentata dall&#039;Easy CPS Test. Organizziamo un team di coaching che dispiega la consapevolezza in merito <a href=\"https:\/\/www.badlion.net\/\" target=\"_blank\" rel=\"noreferrer noopener\">Rete Badlion<\/a> per l&#039;intrattenimento e il divertimento per i giocatori ambiziosi.<\/p>\n\n\n\n<p class=\"wp-block-paragraph\">Alla fine, il lancio del gioco mira a verificare l&#039;efficienza dei clic al secondo del giocatore e migliorare le proprie abilit\u00e0. Di conseguenza, i giocatori e gli apprendisti sono pi\u00f9 sicuri e pi\u00f9 protetti contro imbrogli e frodi. Abbiamo impostato il Badlion Click Test nella raccomandazione alta perch\u00e9 \u00e8 molto utile per migliorare l&#039;abilit\u00e0 di clic.<\/p>\n\n\n<div class=\"wp-block-image\">\n<figure class=\"aligncenter size-full\"><img loading=\"lazy\" decoding=\"async\" width=\"768\" height=\"452\" src=\"https:\/\/easycpstest.com\/wp-content\/uploads\/2022\/03\/Badlion-1.png\" alt=\"Badlion Click test\" class=\"wp-image-1574\" srcset=\"https:\/\/easycpstest.com\/wp-content\/uploads\/2022\/03\/Badlion-1.png 768w, https:\/\/easycpstest.com\/wp-content\/uploads\/2022\/03\/Badlion-1-300x177.png 300w\" sizes=\"auto, (max-width: 768px) 100vw, 768px\" \/><\/figure>\n<\/div>\n\n\n<h3 style=\"color: #ffffff;font-weight: 400;background:  #007bff;width: auto;margin: 1em 0px;font-size: 25px;line-height: 1;padding: 14px;border-left: 40px solid #000000;box-shadow: #c7c7c7 0px 2px 15px 0px;text-align:;\"><span id=\" Features of Badlion Click Test\"><strong> Caratteristiche di Badlion Click Test<\/strong><\/span><\/h3>\n\n\n\n<p class=\"wp-block-paragraph\">In effetti, il Badlion Click Game \u00e8 straordinariamente alto per il coinvolgimento mentale dei giocatori come tutti gli altri test e giochi.<\/p>\n\n\n\n<p class=\"wp-block-paragraph\">In confronto, il gioco \u00e8 pi\u00f9 interessante di altri giochi di alto rango. In anticipo, i giocatori possono anche condividere i punti ottenuti con i loro amici dei social media.<\/p>\n\n\n\n<p class=\"wp-block-paragraph\">Di fronte agli editori di Minecraft, lanciamo tutti i sistemi di sicurezza esclusivi in quell&#039;app prudente contro i cheat. Compreso un pulsante di fuoco, <a href=\"https:\/\/easycpstest.com\/it\/click-counter\/\" target=\"_blank\" rel=\"noreferrer noopener\">contatore di clic<\/a>e X-Ray non imbroglia efficacemente contro il sistema di sicurezza.<\/p>\n\n\n\n<p class=\"wp-block-paragraph\">Tuttavia, il Badlion Click Test \u00e8 stato creato per preparare un giocatore PVP esperto a giochi professionali come Minecraft. Il gioco non viene bannato, quindi lo consigliamo con una consulenza.&nbsp;<\/p>\n\n\n\n<h3 style=\"color: #ffffff;font-weight: 400;background: #007bff; width: auto;margin: 1em 0px;font-size: 25px;line-height: 1;padding: 14px;border-left: 40px solid #000000;box-shadow: #c7c7c7 0px 2px 15px 0px;text-align:;\"><span id=\" How to Play Badlion Click Game\"><strong> Come giocare a Badlion Click Game<\/strong><\/span><\/h3>\n\n\n\n<p class=\"wp-block-paragraph\">Il giocatore deve seguire alcune istruzioni menzionate qui per giocare e godersi il gioco.<\/p>\n\n\n\n<ul class=\"wp-block-list\">\n<li><strong>Vai al Click Test di Badlion.<\/strong><\/li>\n\n\n\n<li><strong>Ora, inizia a toccare il touchpad o il pulsante del mouse.<\/strong><\/li>\n\n\n\n<li><strong>Mantieni il cursore nell&#039;area di clic.&nbsp;<\/strong><\/li>\n\n\n\n<li><strong>Prova a registrare tutti i clic in 10 secondi.<\/strong><\/li>\n<\/ul>\n\n\n\n<p class=\"wp-block-paragraph\">As the 10 seconds pass, gamers get the instant result pops out. The score represents the clicking efficiency of the gamer. Moreover, the&nbsp;Badlion Click Test&nbsp;allows users to share the results with their friends through social media. Like Whatsapp, Facebook, and Twitter.<\/p>\n\n\n\n<h2 class=\"wp-block-heading has-text-align-center\">Domande frequenti<\/h2>\n\n\n\n<div class=\"schema-faq wp-block-yoast-faq-block\"><div class=\"schema-faq-section\" id=\"faq-question-1676968969499\"><strong class=\"schema-faq-question\">Cos&#039;\u00e8 il Badlion Click Test?<\/strong> <p class=\"schema-faq-answer\">Probabilmente il Badlion Click Test conta i Click Per Second (CPS) progettati per Minecraft. Tali giocatori hanno bisogno di alcuni strumenti per aumentare la velocit\u00e0 di clic durante il gioco. Ci\u00f2 aumenta il punteggio complessivo del clic. Pertanto, i giocatori iniziano a raggiungere gli obiettivi nel gioco PVP Minecraft.<\/p> <\/div> <div class=\"schema-faq-section\" id=\"faq-question-1676968990914\"><strong class=\"schema-faq-question\">Come aumentare il CPS nel client Badlion Minecraft?<\/strong> <p class=\"schema-faq-answer\">I client Badlion Click Game sono sicuri rispetto all&#039;editore Minecraft contemporaneo. Pertanto, il nostro team suggerisce che se i giocatori si esercitano di pi\u00f9 per migliorare la velocit\u00e0 di clic ed evitare di utilizzare scorciatoie, diventeranno esperti di clic professionisti.<\/p> <\/div> <\/div>\n\n\n\n<p class=\"wp-block-paragraph\"><\/p>","protected":false},"excerpt":{"rendered":"<p>Badlion Click Test | Easy CPS Test The EasyCPSTest website offers a new Badlion Click Test for universal players and ambitious gamers in the PVP mode. The trick is also used in famous games like Minecraft. However, the gamer uses &#8230; <\/p>\n<p class=\"read-more-container\"><a title=\"Badlion Click Test | CPS Game &#8211; Easy CPS Test\" class=\"read-more button\" href=\"https:\/\/easycpstest.com\/it\/badlion-click-test\/#more-1409\" aria-label=\"More on Badlion Click Test | CPS Game &#8211; Easy CPS Test\">Leggi tutto<\/a><\/p>","protected":false},"author":1,"featured_media":0,"parent":0,"menu_order":0,"comment_status":"closed","ping_status":"closed","template":"","meta":{"_crdt_document":"","footnotes":""},"class_list":{"0":"post-1409","1":"page","2":"type-page","3":"status-publish","5":"no-featured-image-padding"},"_links":{"self":[{"href":"https:\/\/easycpstest.com\/it\/wp-json\/wp\/v2\/pages\/1409","targetHints":{"allow":["GET"]}}],"collection":[{"href":"https:\/\/easycpstest.com\/it\/wp-json\/wp\/v2\/pages"}],"about":[{"href":"https:\/\/easycpstest.com\/it\/wp-json\/wp\/v2\/types\/page"}],"author":[{"embeddable":true,"href":"https:\/\/easycpstest.com\/it\/wp-json\/wp\/v2\/users\/1"}],"replies":[{"embeddable":true,"href":"https:\/\/easycpstest.com\/it\/wp-json\/wp\/v2\/comments?post=1409"}],"version-history":[{"count":42,"href":"https:\/\/easycpstest.com\/it\/wp-json\/wp\/v2\/pages\/1409\/revisions"}],"predecessor-version":[{"id":2171,"href":"https:\/\/easycpstest.com\/it\/wp-json\/wp\/v2\/pages\/1409\/revisions\/2171"}],"wp:attachment":[{"href":"https:\/\/easycpstest.com\/it\/wp-json\/wp\/v2\/media?parent=1409"}],"curies":[{"name":"wp","href":"https:\/\/api.w.org\/{rel}","templated":true}]}}