{"id":1413,"date":"2025-02-10T06:57:04","date_gmt":"2025-02-10T06:57:04","guid":{"rendered":"https:\/\/easycpstest.com\/?page_id=1413"},"modified":"2025-02-10T06:57:05","modified_gmt":"2025-02-10T06:57:05","slug":"butterfly-click-test","status":"publish","type":"page","link":"https:\/\/easycpstest.com\/pl\/butterfly-click-test\/","title":{"rendered":"Butterfly Click Test | Click Tests | Easy CPS Test"},"content":{"rendered":"<h1 class=\"wp-block-heading has-text-align-center\"><strong>Test klikni\u0119cia motyla | \u0141atwy test CPS<\/strong><\/h1>\n\n\n\n<p class=\"has-text-align-center wp-block-paragraph\">Przez 10 sekund zaznaczaj ci\u0105g\u0142e klikni\u0119cia w obszarze klikni\u0119cia Testu klikni\u0119\u0107 motylkowych, aby sprawdzi\u0107 skuteczno\u015b\u0107 klikania gracza.<\/p>\n\n\n<div class=\"page-wrapper\">\n\t<div class=\"row\">\n\t\t<div class=\"col-lg-12 col-md-12 custom-container\">\n\t\t\t<div class=\"card\">\n\t\t\t\t<header class=\"entry-header\">\n\t\t\t\t\t\t\t\t\t<\/header>\n\t\t\t\t\t\t\t\t<div class=\"bt-click-inner\">\n\t\t\t\t\t<div class=\"card-header\">\n\t\t\t\t\t\t<div class=\"bt-header-timer\">\n\t\t\t\t\t\t\t<div class=\"bt-time-btn blue-btn\">\n\t\t\t\t\t\t\t\t<h4 class=\"mb-0\"><span id=\"timer\">0<\/span><\/h4>\n\t\t\t\t\t\t\t\t<small class=\"mb-0 sm-custom\">Regulator czasowy<\/small>\n\t\t\t\t\t\t\t<\/div>\n\t\t\t\t\t\t\t<div class=\"bt-time-btn orange-btn\">\n\t\t\t\t\t\t\t\t<h4 class=\"mb-0\"><span id=\"clicks\">0<\/span><\/h4>\n\t\t\t\t\t\t\t\t<small class=\"mb-0 sm-custom\">Klikni\u0119cia<\/small>\n\t\t\t\t\t\t\t<\/div>\n\t\t\t\t\t\t\t<div class=\"bt-time-btn green-btn\">\n\t\t\t\t\t\t\t\t<h4 class=\"mb-0\"><span id=\"score\">0<\/span><\/h4>\n\t\t\t\t\t\t\t\t<small class=\"mb-0 sm-custom\">Wynik<\/small>\n\t\t\t\t\t\t\t<\/div>\n\t\t\t\t\t\t<\/div>\n\t\t\t\t\t<\/div>\n\t\t\t\t\t<div class=\"card-body\">\n\t\t\t\t\t\t<div class=\"bt-click-area\" id=\"bt-click-area\">\n\t\t\t\t\t\t\t<button id=\"start\" type=\"button\" class=\"btn-light btn-round waves-effect waves-light\">KLIKNIJ TUTAJ, ABY ROZPOCZ\u0104\u0106 GR\u0118<\/button>\n\t\t\t\t\t\t<\/div>\n\t\t\t\t\t<\/div>\n\t\t\t\t\t<button type=\"button\" data-toggle=\"modal\" data-target=\"#click-result-modal\" style=\"display: none;\" id=\"trigger-modal\">Uruchom mod<\/button>\n\t\t\t\t<\/div>\n\t\t\t<\/div>\n\t\t<\/div>\n\t\t\t<\/div>\n<\/div>\n\n\n\n<p class=\"wp-block-paragraph\">W przeciwie\u0144stwie do innych trik\u00f3w zwi\u0105zanych z klikaniem, Butterfly Click Test sta\u0142 si\u0119 s\u0142awny w\u015br\u00f3d u\u017cytkownik\u00f3w dzi\u0119ki wyj\u0105tkowo szybkiemu klikaniu Butterfly. Jednak technika pomaga graczowi dobrze radzi\u0107 sobie z konkurentem, jak w innych znanych grach PVP.<\/p>\n\n\n\n<p class=\"wp-block-paragraph\"><\/p>\n\n\n<style>.kb-row-layout-wrap.wp-block-kadence-rowlayout.kb-row-layout-id1413_07c416-2f{margin-bottom:0px;}.kb-row-layout-id1413_07c416-2f > .kt-row-column-wrap{align-content:start;}:where(.kb-row-layout-id1413_07c416-2f > .kt-row-column-wrap) > .wp-block-kadence-column{justify-content:start;}.kb-row-layout-id1413_07c416-2f > .kt-row-column-wrap{column-gap:var(--global-kb-gap-none, 0rem );row-gap:var(--global-kb-gap-none, 0rem );max-width:1200px;padding-top:30px;padding-right:0px;padding-bottom:30px;padding-left:0px;}.kb-row-layout-id1413_07c416-2f > .kt-row-column-wrap > div:not(.added-for-specificity){grid-column:initial;}.kb-row-layout-id1413_07c416-2f > .kt-row-column-wrap{grid-template-columns:minmax(0, 1fr) minmax(0, 3fr) minmax(0, 1fr);}.kb-row-layout-id1413_07c416-2f > .kt-row-layout-overlay{opacity:0.30;background:linear-gradient(180deg,  0%, #00B5E2 100%);}.kb-row-layout-id1413_07c416-2f .kt-row-layout-bottom-sep{height:100px;}.kb-row-layout-id1413_07c416-2f .kt-row-layout-bottom-sep svg{width:100%;}.kb-row-layout-id1413_07c416-2f .kt-row-layout-bottom-sep svg{fill:#ffffff!important;}@media all and (max-width: 1024px){.kb-row-layout-id1413_07c416-2f > .kt-row-column-wrap{padding-top:0px;padding-right:50px;padding-bottom:80px;padding-left:50px;grid-template-columns:minmax(0, 1fr);}}@media all and (max-width: 1024px){.kb-row-layout-id1413_07c416-2f > .kt-row-column-wrap > div:not(.added-for-specificity){grid-column:initial;}}@media all and (max-width: 1024px){.kb-row-layout-id1413_07c416-2f .kt-row-layout-bottom-sep{height:px;}}@media all and (max-width: 1024px){.kb-row-layout-id1413_07c416-2f .kt-row-layout-bottom-sep svg{width:%;}}@media all and (max-width: 767px){.kb-row-layout-id1413_07c416-2f > .kt-row-column-wrap{padding-top:40px;padding-right:20px;padding-bottom:50px;padding-left:20px;grid-template-columns:minmax(0, 1fr);}.kb-row-layout-id1413_07c416-2f > .kt-row-column-wrap > div:not(.added-for-specificity){grid-column:initial;}.kb-row-layout-id1413_07c416-2f .kt-row-layout-bottom-sep{height:px;}.kb-row-layout-id1413_07c416-2f .kt-row-layout-bottom-sep svg{width:%;}}<\/style><div class=\"kb-row-layout-wrap kb-row-layout-id1413_07c416-2f alignnone kt-row-has-bg wp-block-kadence-rowlayout\"><div class=\"kt-row-layout-overlay kt-row-overlay-gradient\"><\/div><div class=\"kt-row-column-wrap kt-has-3-columns kt-row-layout-center-wide kt-tab-layout-row kt-mobile-layout-row kt-row-valign-top kb-theme-content-width\">\n<style>.kadence-column1413_8c75e6-f8 > .kt-inside-inner-col{padding-top:10px;padding-right:10px;padding-bottom:10px;padding-left:10px;}.kadence-column1413_8c75e6-f8 > .kt-inside-inner-col,.kadence-column1413_8c75e6-f8 > .kt-inside-inner-col:before{border-top-left-radius:0px;border-top-right-radius:0px;border-bottom-right-radius:0px;border-bottom-left-radius:0px;}.kadence-column1413_8c75e6-f8 > .kt-inside-inner-col{column-gap:var(--global-kb-gap-sm, 1rem);}.kadence-column1413_8c75e6-f8 > .kt-inside-inner-col{flex-direction:column;}.kadence-column1413_8c75e6-f8 > .kt-inside-inner-col > .aligncenter{width:100%;}.kadence-column1413_8c75e6-f8 > .kt-inside-inner-col:before{opacity:0.3;}.kadence-column1413_8c75e6-f8{position:relative;}.kadence-column1413_8c75e6-f8, .kt-inside-inner-col > .kadence-column1413_8c75e6-f8:not(.specificity){margin-top:0px;margin-right:20px;margin-bottom:0px;margin-left:0px;}@media all and (max-width: 1024px){.kadence-column1413_8c75e6-f8 > .kt-inside-inner-col{flex-direction:column;justify-content:center;}}@media all and (max-width: 1024px){.kadence-column1413_8c75e6-f8, .kt-inside-inner-col > .kadence-column1413_8c75e6-f8:not(.specificity){margin-top:0px;margin-right:0px;margin-bottom:0px;margin-left:0px;}}@media all and (max-width: 767px){.kadence-column1413_8c75e6-f8 > .kt-inside-inner-col{flex-direction:column;justify-content:center;}}<\/style>\n<div class=\"wp-block-kadence-column kadence-column1413_8c75e6-f8 inner-column-1\"><div class=\"kt-inside-inner-col\"><\/div><\/div>\n\n\n<style>.kadence-column1413_a1a74a-65 > .kt-inside-inner-col{padding-top:10px;padding-right:10px;padding-bottom:10px;padding-left:10px;}.kadence-column1413_a1a74a-65 > .kt-inside-inner-col,.kadence-column1413_a1a74a-65 > .kt-inside-inner-col:before{border-top-left-radius:0px;border-top-right-radius:0px;border-bottom-right-radius:0px;border-bottom-left-radius:0px;}.kadence-column1413_a1a74a-65 > .kt-inside-inner-col{column-gap:var(--global-kb-gap-sm, 1rem);}.kadence-column1413_a1a74a-65 > .kt-inside-inner-col{flex-direction:column;}.kadence-column1413_a1a74a-65 > .kt-inside-inner-col > .aligncenter{width:100%;}.kadence-column1413_a1a74a-65 > .kt-inside-inner-col:before{opacity:0.3;}.kadence-column1413_a1a74a-65{position:relative;}.kadence-column1413_a1a74a-65, .kt-inside-inner-col > .kadence-column1413_a1a74a-65:not(.specificity){margin-top:0px;margin-right:10px;margin-bottom:0px;margin-left:10px;}@media all and (max-width: 1024px){.kadence-column1413_a1a74a-65 > .kt-inside-inner-col{flex-direction:column;justify-content:center;}}@media all and (max-width: 1024px){.kadence-column1413_a1a74a-65, .kt-inside-inner-col > .kadence-column1413_a1a74a-65:not(.specificity){margin-top:0px;margin-right:0px;margin-bottom:0px;margin-left:0px;}}@media all and (max-width: 767px){.kadence-column1413_a1a74a-65 > .kt-inside-inner-col{flex-direction:column;justify-content:center;}}<\/style>\n<div class=\"wp-block-kadence-column kadence-column1413_a1a74a-65 inner-column-2\"><div class=\"kt-inside-inner-col\"><style>.wp-block-kadence-column.kb-section-dir-horizontal > .kt-inside-inner-col > .kt-info-box1413_524363-29 .kt-blocks-info-box-link-wrap{max-width:unset;}.kt-info-box1413_524363-29 .kt-blocks-info-box-link-wrap{border-top:1px solid var(--global-palette7, #EDF2F7);border-right:1px solid var(--global-palette7, #EDF2F7);border-bottom:1px solid var(--global-palette7, #EDF2F7);border-left:1px solid var(--global-palette7, #EDF2F7);border-top-left-radius:10px;border-top-right-radius:10px;border-bottom-right-radius:10px;border-bottom-left-radius:10px;background:#007bff;padding-top:30px;padding-right:30px;padding-bottom:30px;padding-left:30px;margin-bottom:0px;}.kt-info-box1413_524363-29 .kt-blocks-info-box-link-wrap:hover{background:#6a6dec;}.kt-info-box1413_524363-29 .kadence-info-box-icon-container .kt-info-svg-icon, .kt-info-box1413_524363-29 .kt-info-svg-icon-flip, .kt-info-box1413_524363-29 .kt-blocks-info-box-number{font-size:50px;}.kt-info-box1413_524363-29 .kt-blocks-info-box-media{color:#444444;background:transparent;border-color:#444444;border-top-width:0px;border-right-width:0px;border-bottom-width:0px;border-left-width:0px;padding-top:0px;padding-right:0px;padding-bottom:0px;padding-left:0px;}.kt-info-box1413_524363-29 .kt-blocks-info-box-media-container{margin-top:0px;margin-right:15px;margin-bottom:0px;margin-left:0px;}.kt-info-box1413_524363-29 .kt-blocks-info-box-link-wrap:hover .kt-blocks-info-box-media{color:#444444;background:transparent;border-color:#444444;}.kt-info-box1413_524363-29 .kt-infobox-textcontent h6.kt-blocks-info-box-title{line-height:1.3em;padding-top:0px;padding-right:0px;padding-bottom:0px;padding-left:0px;margin-top:0px;margin-right:0px;margin-bottom:14px;margin-left:0px;}.kt-info-box1413_524363-29 .kt-infobox-textcontent .kt-blocks-info-box-text{color:var(--base-3);}.wp-block-kadence-infobox.kt-info-box1413_524363-29 .kt-blocks-info-box-text{text-transform:capitalize;}.kt-info-box1413_524363-29 .kt-blocks-info-box-learnmore{background:transparent;border-color:#555555;border-width:0px 0px 0px 0px;padding-top:4px;padding-right:8px;padding-bottom:4px;padding-left:8px;margin-top:10px;margin-right:0px;margin-bottom:10px;margin-left:0px;}.kt-info-box1413_524363-29 .kt-blocks-info-box-link-wrap:hover .kt-blocks-info-box-learnmore,.kt-info-box1413_524363-29 .kt-blocks-info-box-link-wrap .kt-blocks-info-box-learnmore:focus{color:#ffffff;background:#444444;border-color:#444444;}.kt-info-box1413_524363-29 .kt-blocks-info-box-link-wrap{box-shadow:0px 0px 0px 0px rgba(0, 0, 0, 0);}.kt-info-box1413_524363-29 .kt-blocks-info-box-link-wrap:hover{box-shadow:20px 20px 80px 0px rgba(27, 0, 79, 0.06);}@media all and (max-width: 1024px){.kt-info-box1413_524363-29 .kt-blocks-info-box-link-wrap{border-top:1px solid var(--global-palette7, #EDF2F7);border-right:1px solid var(--global-palette7, #EDF2F7);border-bottom:1px solid var(--global-palette7, #EDF2F7);border-left:1px solid var(--global-palette7, #EDF2F7);box-shadow:0px 0px 0px 0px rgba(0, 0, 0, 0);}}@media all and (max-width: 1024px){.kt-info-box1413_524363-29 .kt-blocks-info-box-link-wrap:hover{box-shadow:20px 20px 80px 0px rgba(27, 0, 79, 0.06);}}@media all and (max-width: 767px){.kt-info-box1413_524363-29 .kt-blocks-info-box-link-wrap{border-top:1px solid var(--global-palette7, #EDF2F7);border-right:1px solid var(--global-palette7, #EDF2F7);border-bottom:1px solid var(--global-palette7, #EDF2F7);border-left:1px solid var(--global-palette7, #EDF2F7);text-align:center;display:block;box-shadow:0px 0px 0px 0px rgba(0, 0, 0, 0);}.kt-info-box1413_524363-29 .kt-blocks-info-box-link-wrap .kt-blocks-info-box-media{display:inline-block;max-width:100%;}.kt-info-box1413_524363-29 .kt-blocks-info-box-link-wrap:hover{box-shadow:20px 20px 80px 0px rgba(27, 0, 79, 0.06);}}<\/style>\n<div class=\"wp-block-kadence-infobox kt-info-box1413_524363-29\"><a class=\"kt-blocks-info-box-link-wrap info-box-link kt-blocks-info-box-media-align-top kt-info-halign-center kb-info-box-vertical-media-align-top kb-info-mobile-halign-center\" target=\"_blank\" rel=\"noopener noreferrer\" href=\"https:\/\/easycpstest.com\/pl\/\" aria-label=\"Kliknij Test pr\u0119dko\u015bci | Test CPS\"><div class=\"kt-infobox-textcontent\"><p class=\"kt-blocks-info-box-text\"><strong>TEST PR\u0118DKO\u015aCI KLIKNI\u0118CIA | TEST CPS<\/strong><\/p><\/div><\/a><\/div>\n<\/div><\/div>\n\n\n<style>.kadence-column1413_3d73af-9c > .kt-inside-inner-col{padding-top:10px;padding-right:10px;padding-bottom:10px;padding-left:10px;}.kadence-column1413_3d73af-9c > .kt-inside-inner-col,.kadence-column1413_3d73af-9c > .kt-inside-inner-col:before{border-top-left-radius:0px;border-top-right-radius:0px;border-bottom-right-radius:0px;border-bottom-left-radius:0px;}.kadence-column1413_3d73af-9c > .kt-inside-inner-col{column-gap:var(--global-kb-gap-sm, 1rem);}.kadence-column1413_3d73af-9c > .kt-inside-inner-col{flex-direction:column;}.kadence-column1413_3d73af-9c > .kt-inside-inner-col > .aligncenter{width:100%;}.kadence-column1413_3d73af-9c > .kt-inside-inner-col:before{opacity:0.3;}.kadence-column1413_3d73af-9c{position:relative;}.kadence-column1413_3d73af-9c, .kt-inside-inner-col > .kadence-column1413_3d73af-9c:not(.specificity){margin-top:0px;margin-right:0px;margin-bottom:0px;margin-left:20px;}@media all and (max-width: 1024px){.kadence-column1413_3d73af-9c > .kt-inside-inner-col{flex-direction:column;justify-content:center;}}@media all and (max-width: 1024px){.kadence-column1413_3d73af-9c, .kt-inside-inner-col > .kadence-column1413_3d73af-9c:not(.specificity){margin-top:0px;margin-right:0px;margin-bottom:0px;margin-left:0px;}}@media all and (max-width: 767px){.kadence-column1413_3d73af-9c > .kt-inside-inner-col{flex-direction:column;justify-content:center;}}<\/style>\n<div class=\"wp-block-kadence-column kadence-column1413_3d73af-9c inner-column-3\"><div class=\"kt-inside-inner-col\"><\/div><\/div>\n\n<\/div><\/div>\n\n\n<h2 style=\"color: #ffffff;font-weight: 400;background:  #007bff;width: auto;margin: 1em 0px;font-size: 25px;line-height: 1;padding: 14px;border-left: 40px solid #000000;box-shadow: #c7c7c7 0px 2px 15px 0px;text-align:;\"><span id=\"Butterfly_Click_Online_Test  \"><strong> Motyl Kliknij Test Online  \n<\/strong><\/span><\/h2>\n\n\n\n<p class=\"wp-block-paragraph\">Za\u0142\u00f3\u017cmy, \u017ce gracz chce osi\u0105gn\u0105\u0107 bardzo dobre wyniki, aby przygwo\u017adzi\u0107 przeciwnika w grze Butterfly Click Online Test, wi\u0119c jest to idealna gra do wyboru. Co istotne, gra pomaga klikaczowi poprawi\u0107 umiej\u0119tno\u015b\u0107 klikania dzi\u0119ki atrakcyjnej praktyce. Ponadto efektywna praktyka poprawia klikanie na wy\u017cszy poziom.&nbsp;<\/p>\n\n\n\n<p class=\"wp-block-paragraph\">W przeciwie\u0144stwie do tego, Test Klikania Motyla jest \u0142atwy do dominacji i opanowania we wszystkich innych grach w klikanie i unikalnych trybach.&nbsp; &nbsp;<\/p>\n\n\n\n<p class=\"wp-block-paragraph\">W metodzie Klikania Motyla mo\u017cesz u\u017cy\u0107 2 palc\u00f3w, aby naprzemiennie stuka\u0107 w przycisk klikni\u0119cia mysz\u0105. Powtarzalne dzia\u0142anie sprawia, \u017ce gracz w kilka sekund przypisuje wi\u0119cej klikni\u0119\u0107. Zamiast palca mo\u017cesz u\u017cy\u0107 2 palc\u00f3w i zaznaczy\u0107 wi\u0119cej klikni\u0119\u0107 w grze w klikanie.<\/p>\n\n\n\n<p class=\"wp-block-paragraph\">Podobnie jak wszystkie inne testy CPS, test motylkowy jest przeznaczony do rejestrowania odruch\u00f3w palc\u00f3w i reakcji umys\u0142u w okre\u015blonym przedziale czasu.&nbsp;&nbsp;<\/p>\n\n\n<div class=\"wp-block-image\">\n<figure class=\"aligncenter size-full\"><img loading=\"lazy\" decoding=\"async\" width=\"768\" height=\"452\" src=\"https:\/\/easycpstest.com\/wp-content\/uploads\/2022\/03\/butterfly-1.png\" alt=\"Butterfly Click Test\" class=\"wp-image-1567\" srcset=\"https:\/\/easycpstest.com\/wp-content\/uploads\/2022\/03\/butterfly-1.png 768w, https:\/\/easycpstest.com\/wp-content\/uploads\/2022\/03\/butterfly-1-300x177.png 300w\" sizes=\"auto, (max-width: 768px) 100vw, 768px\" \/><\/figure>\n<\/div>\n\n\n<h3 style=\"color: #ffffff;font-weight: 400;background:  #007bff;width: auto;margin: 1em 0px;font-size: 25px;line-height: 1;padding: 14px;border-left: 40px solid #000000;box-shadow: #c7c7c7 0px 2px 15px 0px;text-align:;\"><span id=\"How_fast_are_you? Find_out_now!\"><strong> Jak szybko jeste\u015b? Dowiedzie\u0107 si\u0119 teraz!  \n<\/strong><\/span><\/h3>\n\n\n\n<p class=\"wp-block-paragraph\">Ci\u0105g\u0142e klikanie motylkowe umo\u017cliwia indeksowanie wi\u0119kszej liczby klikni\u0119\u0107. Kliknij wi\u0119c energicznie pod\u015bwietlone pole i pozw\u00f3l grze Butterfly Click Online zarejestrowa\u0107 Twoj\u0105 skuteczno\u015b\u0107. Je\u015bli gracz chce zagra\u0107 w t\u0119 gr\u0119 ze znajomym na odleg\u0142o\u015b\u0107, mo\u017ce zaoferowa\u0107 mu gr\u0119, wysy\u0142aj\u0105c link do tej gry. Ostatecznie gracz, kt\u00f3ry zdob\u0119dzie wysoki wynik, wygrywa mecz.&nbsp;<\/p>\n\n\n\n<h3 style=\"color: #ffffff;font-weight: 400;background:  #007bff;width: auto;margin: 1em 0px;font-size: 25px;line-height: 1;padding: 14px;border-left: 40px solid #000000;box-shadow: #c7c7c7 0px 2px 15px 0px;text-align:;\"><span id=\"Features_of_Butterfly_Click_Test\"><strong> Funkcje testu klikni\u0119cia motyla \n<\/strong><\/span><\/h3>\n\n\n\n<p class=\"wp-block-paragraph\">Na szcz\u0119\u015bcie Butterfly Click Test posiada wyr\u00f3\u017cniaj\u0105c\u0105 si\u0119 funkcj\u0119, kt\u00f3ra oferuje \u0107wiczenie klikania przed rozpocz\u0119ciem gry w g\u0142\u00f3wnym nurcie. Jednak gracz wykorzystuje mi\u0119\u015bnie i m\u00f3zg z tak\u0105 sam\u0105 pr\u0119dko\u015bci\u0105, aby zindeksowa\u0107 maksymalne klikni\u0119cie w grze. W ci\u0105gu kilku sekund \u0107wiczenie nie obci\u0105\u017ca staw\u00f3w i mi\u0119\u015bni. Nie ma jeszcze wyczerpania, jest bezpieczny.&nbsp;<\/p>\n\n\n\n<p class=\"wp-block-paragraph\">Co wi\u0119cej, Butterfly Click Game to ekscytuj\u0105ca gra dla graczy, kt\u00f3rzy mog\u0105 zabi\u0107 sw\u00f3j wolny czas w Internecie. Czekaj\u0105c na zainstalowanie oprogramowania lub za\u0142adowanie filmu, kt\u00f3ry Ci si\u0119 podoba, mo\u017cesz \u0107wiczy\u0107 klikanie, aby poprawi\u0107 swoje umiej\u0119tno\u015bci. Jednak gracz mo\u017ce cieszy\u0107 si\u0119 gr\u0105 online Butterfly Click bez pobierania jakiejkolwiek aplikacji lub sterownika.<\/p>\n\n\n\n<h4 style=\"color: #ffffff;font-weight: 400;background:  #007bff;width: auto;margin: 1em 0px;font-size: 25px;line-height: 1;padding: 14px;border-left: 40px solid #000000;box-shadow: #c7c7c7 0px 2px 15px 0px;text-align:;\"><span id=\"Advantage_of_Clicks\"><strong> Zaleta klikni\u0119\u0107 motyla\n<\/strong><\/span><\/h4>\n\n\n\n<p class=\"wp-block-paragraph\">Odt\u0105d Butterfly Clicking pomaga graczowi skutecznie zabija\u0107 wolny czas. Co wi\u0119cej, gracz poprawia umiej\u0119tno\u015bci szybkiego klikania i stukania poprzez do\u015bwiadczenie. Alternatywnie, znajomi z medi\u00f3w spo\u0142eczno\u015bciowych rzucaj\u0105 wyzwanie pobicia ustanowionego przez siebie rekordu. Co wi\u0119cej, najlepsi przyjaciele na odleg\u0142o\u015b\u0107 mog\u0105 cieszy\u0107 si\u0119 gr\u0105 za po\u015brednictwem swoich kont w mediach spo\u0142eczno\u015bciowych.&nbsp;<\/p>\n\n\n\n<p class=\"wp-block-paragraph\">Na szcz\u0119\u015bcie&nbsp;<a href=\"https:\/\/easycpstest.com\/pl\/drag-click-test\/\" target=\"_blank\" rel=\"noreferrer noopener\">Przeci\u0105gnij test klikni\u0119cia<\/a> Gra online jest przyjazna dla urz\u0105dze\u0144 mobilnych, dzi\u0119ki czemu u\u017cytkownicy mobilni mog\u0105 cieszy\u0107 si\u0119 gr\u0105 bez \u017cadnych trudno\u015bci.<\/p>\n\n\n\n<h3 style=\"color: #ffffff;font-weight: 400;background:  #007bff;width: auto;margin: 1em 0px;font-size: 25px;line-height: 1;padding: 14px;border-left: 40px solid #000000;box-shadow: #c7c7c7 0px 2px 15px 0px;text-align:;\"><span id=\"How to Play Butterfly Click Game\"><strong> Jak gra\u0107 w gr\u0119 Butterfly Click?\n<\/strong><\/span><\/h3>\n\n\n\n<p class=\"wp-block-paragraph\">Podobnie jak we wszystkie inne gry, gra Butterfly Click jest r\u00f3wnie\u017c \u0142atwa do grania ze wzgl\u0119du na jej \u0142atwo\u015b\u0107.&nbsp;<\/p>\n\n\n\n<ul class=\"wp-block-list\">\n<li><strong>Przejd\u017a do pod\u015bwietlonego pola i zacznij stuka\u0107 2 palcami, aby przypisa\u0107 klikni\u0119cie w grze.<\/strong><\/li>\n\n\n\n<li><strong>Nast\u0119pnie nie stukaj poza pude\u0142kiem. Przypisz tylko klikni\u0119cie w obszarze klikalnym w ci\u0105gu 10 sekund.<\/strong><\/li>\n\n\n\n<li><strong>P\u00f3\u017aniej wynik Twojego Klikni\u0119cia Motyla pojawi si\u0119 w automatycznie pojawiaj\u0105cym si\u0119 oknie komunikatu.&nbsp;<\/strong><\/li>\n\n\n\n<li><strong>Gra mo\u017ce udost\u0119pnia\u0107 wyniki i zapisy za po\u015brednictwem platform spo\u0142eczno\u015bciowych, takich jak WhatsApp, Facebook i Linked In.<\/strong><\/li>\n<\/ul>\n\n\n\n<p class=\"wp-block-paragraph\"><strong>Uwaga dla pocz\u0105tkuj\u0105cych<\/strong><\/p>\n\n\n\n<p class=\"wp-block-paragraph\">Jednolita praktyka sprawia, \u017ce nowicjusz jest ekspertem w grach Butterfly Click Games. Co wi\u0119cej, sprawia, \u017ce gracz staje si\u0119 profesjonalnym graczem.<\/p>\n\n\n\n<h2 class=\"wp-block-heading has-text-align-center\">Cz\u0119sto Zadawane Pytania<\/h2>\n\n\n\n<div class=\"schema-faq wp-block-yoast-faq-block\"><div class=\"schema-faq-section\" id=\"faq-question-1677485983455\"><strong class=\"schema-faq-question\">Co to jest test klikni\u0119cia motyla?<\/strong> <p class=\"schema-faq-answer\">Butterfly Click Test to test online, kt\u00f3ry mierzy, ile klikni\u0119\u0107 mo\u017cesz wykona\u0107 w okre\u015blonym czasie, korzystaj\u0105c z techniki klikania Butterfly.<\/p> <\/div> <div class=\"schema-faq-section\" id=\"faq-question-1677486023900\"><strong class=\"schema-faq-question\">Na czym polega technika klikania motyla?<\/strong> <p class=\"schema-faq-answer\">Technika klikania Butterfly polega na wielokrotnym i szybkim klikaniu przyciskiem myszy dwoma palcami. Ta technika jest cz\u0119sto u\u017cywana przez graczy w celu osi\u0105gni\u0119cia wi\u0119kszej szybko\u015bci klikania ni\u017c w przypadku jednego palca.<\/p> <\/div> <div class=\"schema-faq-section\" id=\"faq-question-1677486033867\"><strong class=\"schema-faq-question\">Czy mog\u0119 poprawi\u0107 wynik testu Butterfly Click?<\/strong> <p class=\"schema-faq-answer\">Tak, dzi\u0119ki praktyce mo\u017cesz poprawi\u0107 sw\u00f3j wynik testu Butterfly Click. Spr\u00f3buj skupi\u0107 si\u0119 na swojej technice i znale\u017a\u0107 wygodny uchwyt myszy. Mo\u017cesz tak\u017ce spr\u00f3bowa\u0107 u\u017cy\u0107 r\u00f3\u017cnych typ\u00f3w myszy lub dostosowa\u0107 ustawienia myszy, aby zobaczy\u0107, czy to pomo\u017ce.<\/p> <\/div> <div class=\"schema-faq-section\" id=\"faq-question-1677486048365\"><strong class=\"schema-faq-question\">Czy s\u0105 jakie\u015b wskaz\u00f3wki dotycz\u0105ce wykonywania testu Butterfly Click?<\/strong> <p class=\"schema-faq-answer\">Tak, oto kilka wskaz\u00f3wek dotycz\u0105cych wykonywania testu Butterfly Click: <br\/>1) U\u017cyj wygodnego uchwytu myszy<br\/>2) Trzymaj palce rozlu\u017anione i elastyczne<br\/>3) Skoncentruj si\u0119 na szybko\u015bci i dok\u0142adno\u015bci<br\/>4) Staraj si\u0119 klika\u0107 tak szybko, jak to mo\u017cliwe, zachowuj\u0105c kontrol\u0119 i 5) \u0106wicz regularnie, aby poprawi\u0107 sw\u00f3j wynik.<br\/><\/p> <\/div> <div class=\"schema-faq-section\" id=\"faq-question-1677486096483\"><strong class=\"schema-faq-question\">Czy mog\u0119 wykona\u0107 test Butterfly Click Test na moim urz\u0105dzeniu mobilnym?<\/strong> <p class=\"schema-faq-answer\">Chocia\u017c niekt\u00f3re strony internetowe mog\u0105 oferowa\u0107 mobiln\u0105 wersj\u0119 testu Butterfly Click Test, generalnie zaleca si\u0119 wykonanie testu na komputerze lub laptopie z mysz\u0105, aby uzyska\u0107 najdok\u0142adniejsze wyniki.<\/p> <\/div> <\/div>","protected":false},"excerpt":{"rendered":"<p>Butterfly Click Test | Easy CPS Test For 10 seconds, mark continuous clicks on the clicking area of the Butterfly Click Test to check the clicking efficiency of the gamer. In contrast to other clicking tricks,&nbsp;Butterfly Click Test&nbsp;has become famous &#8230; <\/p>\n<p class=\"read-more-container\"><a title=\"Butterfly Click Test | Click Tests | Easy CPS Test\" class=\"read-more button\" href=\"https:\/\/easycpstest.com\/pl\/butterfly-click-test\/#more-1413\" aria-label=\"More on Butterfly Click Test | Click Tests | Easy CPS Test\">Czytaj dalej<\/a><\/p>","protected":false},"author":1,"featured_media":0,"parent":0,"menu_order":0,"comment_status":"closed","ping_status":"closed","template":"","meta":{"_crdt_document":"","footnotes":""},"class_list":{"0":"post-1413","1":"page","2":"type-page","3":"status-publish","5":"no-featured-image-padding"},"_links":{"self":[{"href":"https:\/\/easycpstest.com\/pl\/wp-json\/wp\/v2\/pages\/1413","targetHints":{"allow":["GET"]}}],"collection":[{"href":"https:\/\/easycpstest.com\/pl\/wp-json\/wp\/v2\/pages"}],"about":[{"href":"https:\/\/easycpstest.com\/pl\/wp-json\/wp\/v2\/types\/page"}],"author":[{"embeddable":true,"href":"https:\/\/easycpstest.com\/pl\/wp-json\/wp\/v2\/users\/1"}],"replies":[{"embeddable":true,"href":"https:\/\/easycpstest.com\/pl\/wp-json\/wp\/v2\/comments?post=1413"}],"version-history":[{"count":17,"href":"https:\/\/easycpstest.com\/pl\/wp-json\/wp\/v2\/pages\/1413\/revisions"}],"predecessor-version":[{"id":2169,"href":"https:\/\/easycpstest.com\/pl\/wp-json\/wp\/v2\/pages\/1413\/revisions\/2169"}],"wp:attachment":[{"href":"https:\/\/easycpstest.com\/pl\/wp-json\/wp\/v2\/media?parent=1413"}],"curies":[{"name":"wp","href":"https:\/\/api.w.org\/{rel}","templated":true}]}}