{"id":226,"date":"2025-02-10T06:52:10","date_gmt":"2025-02-10T06:52:10","guid":{"rendered":"https:\/\/easycpstest.com\/?page_id=226"},"modified":"2025-02-10T06:52:11","modified_gmt":"2025-02-10T06:52:11","slug":"30-seconds","status":"publish","type":"page","link":"https:\/\/easycpstest.com\/pl\/30-seconds\/","title":{"rendered":"30 Second Click Test &#8211; Easy CPS Test"},"content":{"rendered":"<h1 class=\"wp-block-heading has-text-align-center\"><strong>30 Second Click Test &#8211; Easy CPS Test<\/strong><\/h1>\n\n\n\n<p class=\"has-text-align-center wp-block-paragraph\">Mo\u017cesz w kr\u00f3tkim czasie przetestowa\u0107 swoje klikanie w \u015bwiecie gier dzi\u0119ki temu trzydziestosekundowemu wyzwaniu.<\/p>\n\n\n<div class=\"page-wrapper\">\n\t<div class=\"row\">\n\t\t<div class=\"col-lg-12 col-md-12 custom-container\">\n\t\t\t<div class=\"card\">\n\t\t\t\t<header class=\"entry-header\">\n\t\t\t\t\t\t\t\t\t<\/header>\n\t\t\t\t\t\t\t\t<div class=\"bt-click-inner\">\n\t\t\t\t\t<div class=\"card-header\">\n\t\t\t\t\t\t<div class=\"bt-header-timer\">\n\t\t\t\t\t\t\t<div class=\"bt-time-btn blue-btn\">\n\t\t\t\t\t\t\t\t<h4 class=\"mb-0\"><span id=\"timer\">0<\/span><\/h4>\n\t\t\t\t\t\t\t\t<small class=\"mb-0 sm-custom\">Regulator czasowy<\/small>\n\t\t\t\t\t\t\t<\/div>\n\t\t\t\t\t\t\t<div class=\"bt-time-btn orange-btn\">\n\t\t\t\t\t\t\t\t<h4 class=\"mb-0\"><span id=\"clicks\">0<\/span><\/h4>\n\t\t\t\t\t\t\t\t<small class=\"mb-0 sm-custom\">Klikni\u0119cia<\/small>\n\t\t\t\t\t\t\t<\/div>\n\t\t\t\t\t\t\t<div class=\"bt-time-btn green-btn\">\n\t\t\t\t\t\t\t\t<h4 class=\"mb-0\"><span id=\"score\">0<\/span><\/h4>\n\t\t\t\t\t\t\t\t<small class=\"mb-0 sm-custom\">Wynik<\/small>\n\t\t\t\t\t\t\t<\/div>\n\t\t\t\t\t\t<\/div>\n\t\t\t\t\t<\/div>\n\t\t\t\t\t<div class=\"card-body\">\n\t\t\t\t\t\t<div class=\"bt-click-area\" id=\"bt-click-area\">\n\t\t\t\t\t\t\t<button id=\"start\" type=\"button\" class=\"btn-light btn-round waves-effect waves-light\">KLIKNIJ TUTAJ, ABY ROZPOCZ\u0104\u0106 GR\u0118<\/button>\n\t\t\t\t\t\t<\/div>\n\t\t\t\t\t<\/div>\n\t\t\t\t\t<button type=\"button\" data-toggle=\"modal\" data-target=\"#click-result-modal\" style=\"display: none;\" id=\"trigger-modal\">Uruchom mod<\/button>\n\t\t\t\t<\/div>\n\t\t\t<\/div>\n\t\t<\/div>\n\t\t\t<\/div>\n<\/div>\n\n\n\n<h2 style=\"color: #ffffff;font-weight: 400;background: #007bff;width: auto;margin: 1em 0px;font-size: 25px;line-height: 1;padding: 14px;border-left: 40px solid #000000;box-shadow: #c7c7c7 0px 2px 15px 0px;text-align:;\"><span id=\"What_is_Clicks_Per_Thirty_Seconds\"><strong>Co to s\u0105 klikni\u0119cia na trzydzie\u015bci sekund?<\/strong><\/span><\/h2>\n\n\n\n<p class=\"wp-block-paragraph\">W prostych s\u0142owach 30 klikni\u0119\u0107 na sekund\u0119 definiuje si\u0119 jako liczb\u0119 klikni\u0119\u0107 mysz\u0105 przez gracza w ci\u0105gu zaledwie 30 sekund. Test CPS pozwoli Ci przej\u015b\u0107 przez 30 sekund test klikania myszk\u0105. Wiele os\u00f3b wykonuje ten test w celu odpr\u0119\u017cenia umys\u0142u i rozrywki, a niekt\u00f3re osoby traktuj\u0105 go powa\u017cnie i robi\u0105 niezwyk\u0142e wyniki oraz inspiruj\u0105 si\u0119 dla innych.<\/p>\n\n\n<style>.kb-row-layout-wrap.wp-block-kadence-rowlayout.kb-row-layout-id226_3c6cec-5c{margin-bottom:0px;}.kb-row-layout-id226_3c6cec-5c > .kt-row-column-wrap{align-content:start;}:where(.kb-row-layout-id226_3c6cec-5c > .kt-row-column-wrap) > .wp-block-kadence-column{justify-content:start;}.kb-row-layout-id226_3c6cec-5c > .kt-row-column-wrap{column-gap:var(--global-kb-gap-none, 0rem );row-gap:var(--global-kb-gap-none, 0rem );max-width:1200px;padding-top:30px;padding-right:0px;padding-bottom:30px;padding-left:0px;}.kb-row-layout-id226_3c6cec-5c > .kt-row-column-wrap > div:not(.added-for-specificity){grid-column:initial;}.kb-row-layout-id226_3c6cec-5c > .kt-row-column-wrap{grid-template-columns:minmax(0, 1fr) minmax(0, 3fr) minmax(0, 1fr);}.kb-row-layout-id226_3c6cec-5c > .kt-row-layout-overlay{opacity:0.30;background:linear-gradient(180deg,  0%, #00B5E2 100%);}.kb-row-layout-id226_3c6cec-5c .kt-row-layout-bottom-sep{height:100px;}.kb-row-layout-id226_3c6cec-5c .kt-row-layout-bottom-sep svg{width:100%;}.kb-row-layout-id226_3c6cec-5c .kt-row-layout-bottom-sep svg{fill:#ffffff!important;}@media all and (max-width: 1024px){.kb-row-layout-id226_3c6cec-5c > .kt-row-column-wrap{padding-top:0px;padding-right:50px;padding-bottom:80px;padding-left:50px;grid-template-columns:minmax(0, 1fr);}}@media all and (max-width: 1024px){.kb-row-layout-id226_3c6cec-5c > .kt-row-column-wrap > div:not(.added-for-specificity){grid-column:initial;}}@media all and (max-width: 1024px){.kb-row-layout-id226_3c6cec-5c .kt-row-layout-bottom-sep{height:px;}}@media all and (max-width: 1024px){.kb-row-layout-id226_3c6cec-5c .kt-row-layout-bottom-sep svg{width:%;}}@media all and (max-width: 767px){.kb-row-layout-id226_3c6cec-5c > .kt-row-column-wrap{padding-top:40px;padding-right:20px;padding-bottom:50px;padding-left:20px;grid-template-columns:minmax(0, 1fr);}.kb-row-layout-id226_3c6cec-5c > .kt-row-column-wrap > div:not(.added-for-specificity){grid-column:initial;}.kb-row-layout-id226_3c6cec-5c .kt-row-layout-bottom-sep{height:px;}.kb-row-layout-id226_3c6cec-5c .kt-row-layout-bottom-sep svg{width:%;}}<\/style><div class=\"kb-row-layout-wrap kb-row-layout-id226_3c6cec-5c alignnone kt-row-has-bg wp-block-kadence-rowlayout\"><div class=\"kt-row-layout-overlay kt-row-overlay-gradient\"><\/div><div class=\"kt-row-column-wrap kt-has-3-columns kt-row-layout-center-wide kt-tab-layout-row kt-mobile-layout-row kt-row-valign-top kb-theme-content-width\">\n<style>.kadence-column226_3c29eb-d8 > .kt-inside-inner-col{padding-top:10px;padding-right:10px;padding-bottom:10px;padding-left:10px;}.kadence-column226_3c29eb-d8 > .kt-inside-inner-col,.kadence-column226_3c29eb-d8 > .kt-inside-inner-col:before{border-top-left-radius:0px;border-top-right-radius:0px;border-bottom-right-radius:0px;border-bottom-left-radius:0px;}.kadence-column226_3c29eb-d8 > .kt-inside-inner-col{column-gap:var(--global-kb-gap-sm, 1rem);}.kadence-column226_3c29eb-d8 > .kt-inside-inner-col{flex-direction:column;}.kadence-column226_3c29eb-d8 > .kt-inside-inner-col > .aligncenter{width:100%;}.kadence-column226_3c29eb-d8 > .kt-inside-inner-col:before{opacity:0.3;}.kadence-column226_3c29eb-d8{position:relative;}.kadence-column226_3c29eb-d8, .kt-inside-inner-col > .kadence-column226_3c29eb-d8:not(.specificity){margin-top:0px;margin-right:20px;margin-bottom:0px;margin-left:0px;}@media all and (max-width: 1024px){.kadence-column226_3c29eb-d8 > .kt-inside-inner-col{flex-direction:column;justify-content:center;}}@media all and (max-width: 1024px){.kadence-column226_3c29eb-d8, .kt-inside-inner-col > .kadence-column226_3c29eb-d8:not(.specificity){margin-top:0px;margin-right:0px;margin-bottom:0px;margin-left:0px;}}@media all and (max-width: 767px){.kadence-column226_3c29eb-d8 > .kt-inside-inner-col{flex-direction:column;justify-content:center;}}<\/style>\n<div class=\"wp-block-kadence-column kadence-column226_3c29eb-d8 inner-column-1\"><div class=\"kt-inside-inner-col\"><\/div><\/div>\n\n\n<style>.kadence-column226_7977c8-67 > .kt-inside-inner-col{padding-top:10px;padding-right:10px;padding-bottom:10px;padding-left:10px;}.kadence-column226_7977c8-67 > .kt-inside-inner-col,.kadence-column226_7977c8-67 > .kt-inside-inner-col:before{border-top-left-radius:0px;border-top-right-radius:0px;border-bottom-right-radius:0px;border-bottom-left-radius:0px;}.kadence-column226_7977c8-67 > .kt-inside-inner-col{column-gap:var(--global-kb-gap-sm, 1rem);}.kadence-column226_7977c8-67 > .kt-inside-inner-col{flex-direction:column;}.kadence-column226_7977c8-67 > .kt-inside-inner-col > .aligncenter{width:100%;}.kadence-column226_7977c8-67 > .kt-inside-inner-col:before{opacity:0.3;}.kadence-column226_7977c8-67{position:relative;}.kadence-column226_7977c8-67, .kt-inside-inner-col > .kadence-column226_7977c8-67:not(.specificity){margin-top:0px;margin-right:10px;margin-bottom:0px;margin-left:10px;}@media all and (max-width: 1024px){.kadence-column226_7977c8-67 > .kt-inside-inner-col{flex-direction:column;justify-content:center;}}@media all and (max-width: 1024px){.kadence-column226_7977c8-67, .kt-inside-inner-col > .kadence-column226_7977c8-67:not(.specificity){margin-top:0px;margin-right:0px;margin-bottom:0px;margin-left:0px;}}@media all and (max-width: 767px){.kadence-column226_7977c8-67 > .kt-inside-inner-col{flex-direction:column;justify-content:center;}}<\/style>\n<div class=\"wp-block-kadence-column kadence-column226_7977c8-67 inner-column-2\"><div class=\"kt-inside-inner-col\"><style>.wp-block-kadence-column.kb-section-dir-horizontal > .kt-inside-inner-col > .kt-info-box226_6b6fdb-ad .kt-blocks-info-box-link-wrap{max-width:unset;}.kt-info-box226_6b6fdb-ad .kt-blocks-info-box-link-wrap{border-top:1px solid var(--global-palette7, #EDF2F7);border-right:1px solid var(--global-palette7, #EDF2F7);border-bottom:1px solid var(--global-palette7, #EDF2F7);border-left:1px solid var(--global-palette7, #EDF2F7);border-top-left-radius:10px;border-top-right-radius:10px;border-bottom-right-radius:10px;border-bottom-left-radius:10px;background:#007bff;padding-top:30px;padding-right:30px;padding-bottom:30px;padding-left:30px;margin-bottom:0px;}.kt-info-box226_6b6fdb-ad .kt-blocks-info-box-link-wrap:hover{background:#6a6dec;}.kt-info-box226_6b6fdb-ad .kadence-info-box-icon-container .kt-info-svg-icon, .kt-info-box226_6b6fdb-ad .kt-info-svg-icon-flip, .kt-info-box226_6b6fdb-ad .kt-blocks-info-box-number{font-size:50px;}.kt-info-box226_6b6fdb-ad .kt-blocks-info-box-media{color:#444444;background:transparent;border-color:#444444;border-top-width:0px;border-right-width:0px;border-bottom-width:0px;border-left-width:0px;padding-top:0px;padding-right:0px;padding-bottom:0px;padding-left:0px;}.kt-info-box226_6b6fdb-ad .kt-blocks-info-box-media-container{margin-top:0px;margin-right:15px;margin-bottom:0px;margin-left:0px;}.kt-info-box226_6b6fdb-ad .kt-blocks-info-box-link-wrap:hover .kt-blocks-info-box-media{color:#444444;background:transparent;border-color:#444444;}.kt-info-box226_6b6fdb-ad .kt-infobox-textcontent h6.kt-blocks-info-box-title{line-height:1.3em;padding-top:0px;padding-right:0px;padding-bottom:0px;padding-left:0px;margin-top:0px;margin-right:0px;margin-bottom:14px;margin-left:0px;}.kt-info-box226_6b6fdb-ad .kt-infobox-textcontent .kt-blocks-info-box-text{color:var(--base-3);}.wp-block-kadence-infobox.kt-info-box226_6b6fdb-ad .kt-blocks-info-box-text{text-transform:capitalize;}.kt-info-box226_6b6fdb-ad .kt-blocks-info-box-learnmore{background:transparent;border-color:#555555;border-width:0px 0px 0px 0px;padding-top:4px;padding-right:8px;padding-bottom:4px;padding-left:8px;margin-top:10px;margin-right:0px;margin-bottom:10px;margin-left:0px;}.kt-info-box226_6b6fdb-ad .kt-blocks-info-box-link-wrap:hover .kt-blocks-info-box-learnmore,.kt-info-box226_6b6fdb-ad .kt-blocks-info-box-link-wrap .kt-blocks-info-box-learnmore:focus{color:#ffffff;background:#444444;border-color:#444444;}.kt-info-box226_6b6fdb-ad .kt-blocks-info-box-link-wrap{box-shadow:0px 0px 0px 0px rgba(0, 0, 0, 0);}.kt-info-box226_6b6fdb-ad .kt-blocks-info-box-link-wrap:hover{box-shadow:20px 20px 80px 0px rgba(27, 0, 79, 0.06);}@media all and (max-width: 1024px){.kt-info-box226_6b6fdb-ad .kt-blocks-info-box-link-wrap{border-top:1px solid var(--global-palette7, #EDF2F7);border-right:1px solid var(--global-palette7, #EDF2F7);border-bottom:1px solid var(--global-palette7, #EDF2F7);border-left:1px solid var(--global-palette7, #EDF2F7);box-shadow:0px 0px 0px 0px rgba(0, 0, 0, 0);}}@media all and (max-width: 1024px){.kt-info-box226_6b6fdb-ad .kt-blocks-info-box-link-wrap:hover{box-shadow:20px 20px 80px 0px rgba(27, 0, 79, 0.06);}}@media all and (max-width: 767px){.kt-info-box226_6b6fdb-ad .kt-blocks-info-box-link-wrap{border-top:1px solid var(--global-palette7, #EDF2F7);border-right:1px solid var(--global-palette7, #EDF2F7);border-bottom:1px solid var(--global-palette7, #EDF2F7);border-left:1px solid var(--global-palette7, #EDF2F7);text-align:center;display:block;box-shadow:0px 0px 0px 0px rgba(0, 0, 0, 0);}.kt-info-box226_6b6fdb-ad .kt-blocks-info-box-link-wrap .kt-blocks-info-box-media{display:inline-block;max-width:100%;}.kt-info-box226_6b6fdb-ad .kt-blocks-info-box-link-wrap:hover{box-shadow:20px 20px 80px 0px rgba(27, 0, 79, 0.06);}}<\/style>\n<div class=\"wp-block-kadence-infobox kt-info-box226_6b6fdb-ad\"><a class=\"kt-blocks-info-box-link-wrap info-box-link kt-blocks-info-box-media-align-top kt-info-halign-center kb-info-box-vertical-media-align-top kb-info-mobile-halign-center\" target=\"_blank\" rel=\"noopener noreferrer\" href=\"https:\/\/easycpstest.com\/pl\/\" aria-label=\"Kliknij Test pr\u0119dko\u015bci | Test CPS\"><div class=\"kt-infobox-textcontent\"><p class=\"kt-blocks-info-box-text\"><strong>TEST PR\u0118DKO\u015aCI KLIKNI\u0118CIA | TEST CPS<\/strong><\/p><\/div><\/a><\/div>\n<\/div><\/div>\n\n\n<style>.kadence-column226_5edda4-95 > .kt-inside-inner-col{padding-top:10px;padding-right:10px;padding-bottom:10px;padding-left:10px;}.kadence-column226_5edda4-95 > .kt-inside-inner-col,.kadence-column226_5edda4-95 > .kt-inside-inner-col:before{border-top-left-radius:0px;border-top-right-radius:0px;border-bottom-right-radius:0px;border-bottom-left-radius:0px;}.kadence-column226_5edda4-95 > .kt-inside-inner-col{column-gap:var(--global-kb-gap-sm, 1rem);}.kadence-column226_5edda4-95 > .kt-inside-inner-col{flex-direction:column;}.kadence-column226_5edda4-95 > .kt-inside-inner-col > .aligncenter{width:100%;}.kadence-column226_5edda4-95 > .kt-inside-inner-col:before{opacity:0.3;}.kadence-column226_5edda4-95{position:relative;}.kadence-column226_5edda4-95, .kt-inside-inner-col > .kadence-column226_5edda4-95:not(.specificity){margin-top:0px;margin-right:0px;margin-bottom:0px;margin-left:20px;}@media all and (max-width: 1024px){.kadence-column226_5edda4-95 > .kt-inside-inner-col{flex-direction:column;justify-content:center;}}@media all and (max-width: 1024px){.kadence-column226_5edda4-95, .kt-inside-inner-col > .kadence-column226_5edda4-95:not(.specificity){margin-top:0px;margin-right:0px;margin-bottom:0px;margin-left:0px;}}@media all and (max-width: 767px){.kadence-column226_5edda4-95 > .kt-inside-inner-col{flex-direction:column;justify-content:center;}}<\/style>\n<div class=\"wp-block-kadence-column kadence-column226_5edda4-95 inner-column-3\"><div class=\"kt-inside-inner-col\"><\/div><\/div>\n\n<\/div><\/div>\n\n\n<p class=\"wp-block-paragraph\">30-sekundowy test pozwoli Ci utrzyma\u0107 praktyk\u0119 klikania przez d\u0142ugi czas, co wymaga du\u017cej ilo\u015bci \u0107wicze\u0144, aby przej\u015b\u0107. <strong><a href=\"https:\/\/recordsetter.com\/world-record\/mouse-clicks-30\/4950\" target=\"_blank\" rel=\"noreferrer noopener\">Tom Andre Seppola<\/a><\/strong> klikn\u0105\u0142 mysz\u0105 830 razy w ci\u0105gu zaledwie 30 sekund, co jest ogromn\u0105 pogoni\u0105 dla laika.<\/p>\n\n\n\n<p class=\"wp-block-paragraph\">Zastanawiasz si\u0119, jak szybko mo\u017cesz klikn\u0105\u0107 w 30 sekund? To bardzo \u0142atwe. Musisz otworzy\u0107 witryn\u0119 do testowania klikni\u0119\u0107, a nast\u0119pnie wybra\u0107 30-sekundowy przedzia\u0142 czasu. Postaraj si\u0119 uzyska\u0107 maksymaln\u0105 liczb\u0119 klikni\u0119\u0107, jak\u0105 mo\u017cesz zrobi\u0107. Wyniki zostan\u0105 wy\u015bwietlone na ekranie po zako\u0144czeniu gry.<\/p>\n\n\n\n<p class=\"wp-block-paragraph\">Jednak 30-sekundowy test pr\u0119dko\u015bci jest d\u0142u\u017cszy, a Twoja r\u0119ka poczuje wibracj\u0119. Poza tym 30-sekundowy test szybko\u015bci klikni\u0119cia jest trudniejszy ni\u017c <a href=\"https:\/\/easycpstest.com\/pl\/60-seconds\/\" target=\"_blank\" rel=\"noreferrer noopener\">60 sekund<\/a> test\u00f3w CPS.<\/p>\n\n\n<style>.wp-block-kadence-column.kb-section-dir-horizontal > .kt-inside-inner-col > .kt-info-box226_b04bf5-f7 .kt-blocks-info-box-link-wrap{max-width:unset;}.kt-info-box226_b04bf5-f7 .kt-blocks-info-box-link-wrap{border-top-left-radius:20px;border-top-right-radius:20px;border-bottom-right-radius:20px;border-bottom-left-radius:20px;background:#f1f1f1;padding-top:0px;padding-right:0px;padding-bottom:0px;padding-left:0px;}.kt-info-box226_b04bf5-f7 .kt-blocks-info-box-link-wrap:hover{background:#f2f2f2;}.kt-info-box226_b04bf5-f7 .kadence-info-box-icon-container .kt-info-svg-icon, .kt-info-box226_b04bf5-f7 .kt-info-svg-icon-flip, .kt-info-box226_b04bf5-f7 .kt-blocks-info-box-number{font-size:50px;}.kt-info-box226_b04bf5-f7 .kt-blocks-info-box-media{color:#e8741c;background:transparent;border-color:rgba(0,0,0,0);border-radius:200px;overflow:hidden;border-top-width:0px;border-right-width:0px;border-bottom-width:0px;border-left-width:0px;padding-top:20px;padding-right:20px;padding-bottom:20px;padding-left:20px;margin-top:0px;margin-right:20px;margin-bottom:0px;margin-left:0px;}.kt-info-box226_b04bf5-f7 .kt-blocks-info-box-media .kadence-info-box-image-intrisic img{border-radius:200px;}.kt-info-box226_b04bf5-f7 .kt-blocks-info-box-link-wrap:hover .kt-blocks-info-box-media{color:#e8741c;background:rgba(0,0,0,0);border-color:rgba(0,0,0,0);}.kt-info-box226_b04bf5-f7 .kt-infobox-textcontent h2.kt-blocks-info-box-title{padding-top:0px;padding-right:0px;padding-bottom:0px;padding-left:0px;margin-top:5px;margin-right:0px;margin-bottom:10px;margin-left:0px;}.kt-info-box226_b04bf5-f7 .kt-infobox-textcontent .kt-blocks-info-box-text{color:#000000;}.wp-block-kadence-infobox.kt-info-box226_b04bf5-f7 .kt-blocks-info-box-text{font-weight:400;}.kt-info-box226_b04bf5-f7 .kt-blocks-info-box-learnmore{background:transparent;border-color:#555555;border-width:0px 0px 0px 0px;padding-top:4px;padding-right:8px;padding-bottom:4px;padding-left:8px;margin-top:10px;margin-right:0px;margin-bottom:10px;margin-left:0px;}.kt-info-box226_b04bf5-f7 .kt-blocks-info-box-link-wrap:hover .kt-blocks-info-box-learnmore,.kt-info-box226_b04bf5-f7 .kt-blocks-info-box-link-wrap .kt-blocks-info-box-learnmore:focus{color:#ffffff;background:#444444;border-color:#444444;}<\/style>\n<div class=\"wp-block-kadence-infobox kt-info-box226_b04bf5-f7\"><span class=\"kt-blocks-info-box-link-wrap info-box-link kt-blocks-info-box-media-align-left kt-info-halign-left\"><div class=\"kt-blocks-info-box-media-container\"><div class=\"kt-blocks-info-box-media kt-info-media-animate-none\"><div class=\"kadence-info-box-icon-container kt-info-icon-animate-none\"><div class=\"kadence-info-box-icon-inner-container\"><span class=\"kb-svg-icon-wrap kb-svg-icon-ic_bullhorn kt-info-svg-icon\"><svg viewbox=\"0 0 8 8\"  fill=\"currentColor\" xmlns=\"http:\/\/www.w3.org\/2000\/svg\"  role=\"img\"><title>annoucement <\/title><path d=\"M6 0v6c.03.01.07 0 .09 0h.81c.05 0 .09-.04.09-.09v-5.81c0-.06-.04-.09-.09-.09h-.91zm-1 .5l-2.91 1.47c-.05.02-.13.03-.19.03h-1.81c-.06 0-.09.04-.09.09v1.81c0 .06.04.09.09.09h.91l1.03 2.72c.11.25.44.36.69.25.25-.11.36-.44.25-.69l-.75-1.78c.03-.14.13-.22.28-.22v-.03l2.5 1.25v-5z\"\/><\/svg><\/span><\/div><\/div><\/div><\/div><div class=\"kt-infobox-textcontent\"><p class=\"kt-blocks-info-box-text\"><strong>Co wi\u0119cej, 830 klikni\u0119\u0107 na sekund\u0119 to rekord \u015bwiata w 30-sekundowym te\u015bcie klikni\u0119\u0107.<\/strong><\/p><\/div><\/span><\/div>\n\n\n\n<h3 style=\"color: #ffffff;font-weight: 400;background: #007bff;width: auto;margin: 1em 0px;font-size: 25px;line-height: 1;padding: 14px;border-left: 40px solid #000000;box-shadow: #c7c7c7 0px 2px 15px 0px;text-align:;\"><span id=\"How_to_Get_High_Scores_in_30_Seconds_Test\"><strong>Jak uzyska\u0107 wysokie wyniki w te\u015bcie 30 sekund?<\/strong><\/span><\/h3>\n\n\n\n<p class=\"wp-block-paragraph\">Kliknij test 30 sekund to narz\u0119dzie, kt\u00f3re pomaga graczom poprawi\u0107 szybko\u015b\u0107 klikania mysz\u0105. Istniej\u0105 r\u00f3wnie\u017c inne gry testuj\u0105ce szybko\u015b\u0107 klikania mysz\u0105. Innym popularnym licznikiem klikni\u0119\u0107 jest r\u00f3wnie\u017c Minecraft. Podobnie, testy CPS to \u015bwietny spos\u00f3b na rywalizacj\u0119 z innymi stypendystami.<\/p>","protected":false},"excerpt":{"rendered":"<p>30 Second Click Test &#8211; Easy CPS Test You can test your clicking chops against the gaming world in a short time with this thirty-seconds click challenge. What is Clicks Per Thirty Seconds? In simple words, 30 clicks per second &#8230; <\/p>\n<p class=\"read-more-container\"><a title=\"30 Second Click Test &#8211; Easy CPS Test\" class=\"read-more button\" href=\"https:\/\/easycpstest.com\/pl\/30-seconds\/#more-226\" aria-label=\"More on 30 Second Click Test &#8211; Easy CPS Test\">Czytaj dalej<\/a><\/p>","protected":false},"author":1,"featured_media":0,"parent":0,"menu_order":0,"comment_status":"closed","ping_status":"closed","template":"","meta":{"_crdt_document":"","footnotes":""},"class_list":{"0":"post-226","1":"page","2":"type-page","3":"status-publish","5":"no-featured-image-padding"},"_links":{"self":[{"href":"https:\/\/easycpstest.com\/pl\/wp-json\/wp\/v2\/pages\/226","targetHints":{"allow":["GET"]}}],"collection":[{"href":"https:\/\/easycpstest.com\/pl\/wp-json\/wp\/v2\/pages"}],"about":[{"href":"https:\/\/easycpstest.com\/pl\/wp-json\/wp\/v2\/types\/page"}],"author":[{"embeddable":true,"href":"https:\/\/easycpstest.com\/pl\/wp-json\/wp\/v2\/users\/1"}],"replies":[{"embeddable":true,"href":"https:\/\/easycpstest.com\/pl\/wp-json\/wp\/v2\/comments?post=226"}],"version-history":[{"count":34,"href":"https:\/\/easycpstest.com\/pl\/wp-json\/wp\/v2\/pages\/226\/revisions"}],"predecessor-version":[{"id":2164,"href":"https:\/\/easycpstest.com\/pl\/wp-json\/wp\/v2\/pages\/226\/revisions\/2164"}],"wp:attachment":[{"href":"https:\/\/easycpstest.com\/pl\/wp-json\/wp\/v2\/media?parent=226"}],"curies":[{"name":"wp","href":"https:\/\/api.w.org\/{rel}","templated":true}]}}