{"id":299,"date":"2025-02-10T07:04:31","date_gmt":"2025-02-10T07:04:31","guid":{"rendered":"https:\/\/easycpstest.com\/?page_id=299"},"modified":"2025-02-10T07:04:33","modified_gmt":"2025-02-10T07:04:33","slug":"privacy-policy","status":"publish","type":"page","link":"https:\/\/easycpstest.com\/pl\/privacy-policy\/","title":{"rendered":"Polityka prywatno\u015bci"},"content":{"rendered":"<p class=\"wp-block-paragraph\">Na <strong>\u0141atwy test CPS<\/strong>, dost\u0119pny od <a href=\"https:\/\/easycpstest.com\/pl\/\" target=\"_blank\" rel=\"noopener\">https:\/\/easycpstest.com\/<\/a>, prywatno\u015b\u0107 naszych go\u015bci jest jednym z naszych g\u0142\u00f3wnych priorytet\u00f3w. Niniejszy dokument Polityki prywatno\u015bci zawiera informacje zebrane i zarejestrowane przez Easy CPS Test oraz spos\u00f3b ich wykorzystania.<\/p>\n\n\n\n<p class=\"wp-block-paragraph\">Je\u015bli masz dodatkowe pytania lub potrzebujesz wi\u0119cej informacji na temat naszej Polityki prywatno\u015bci, nie wahaj si\u0119 <a href=\"https:\/\/easycpstest.com\/pl\/contact-us\/\" target=\"_blank\" rel=\"noopener\">Skontaktuj si\u0119 z nami.<\/a><\/p>\n\n\n\n<p class=\"wp-block-paragraph\">Niniejsza Polityka Prywatno\u015bci ma zastosowanie wy\u0142\u0105cznie do naszych dzia\u0142a\u0144 online i jest wa\u017cna dla odwiedzaj\u0105cych nasz\u0105 witryn\u0119 internetow\u0105 w odniesieniu do informacji, kt\u00f3re udost\u0119pnili i\/lub zebrali w \u0141atwym te\u015bcie CPS. Niniejsza polityka nie dotyczy \u017cadnych informacji gromadzonych w trybie offline lub za po\u015brednictwem kana\u0142\u00f3w innych ni\u017c ta strona internetowa.<\/p>\n\n\n\n<h2 class=\"wp-block-heading\">Zgoda<\/h2>\n\n\n\n<p class=\"wp-block-paragraph\">Korzystaj\u0105c z naszej strony, wyra\u017casz zgod\u0119 na nasz\u0105 Polityk\u0119 Prywatno\u015bci i zgadzasz si\u0119 na jej warunki.<\/p>\n\n\n\n<h2 class=\"wp-block-heading\">Informacje, kt\u00f3re zbieramy<\/h2>\n\n\n\n<p class=\"wp-block-paragraph\">Dane osobowe, o kt\u00f3rych podanie jeste\u015b proszony, oraz powody, o kt\u00f3rych podanie jeste\u015b proszony, zostan\u0105 Ci wyja\u015bnione, gdy poprosimy Ci\u0119 o podanie danych osobowych.<\/p>\n\n\n\n<p class=\"wp-block-paragraph\">Je\u015bli skontaktujesz si\u0119 z nami bezpo\u015brednio, mo\u017cemy otrzyma\u0107 dodatkowe informacje o Tobie, takie jak Twoje imi\u0119 i nazwisko, adres e-mail, numer telefonu, tre\u015b\u0107 wiadomo\u015bci i\/lub za\u0142\u0105cznik\u00f3w, kt\u00f3re mo\u017cesz nam wys\u0142a\u0107, oraz wszelkie inne informacje, kt\u00f3re mo\u017cesz poda\u0107.<\/p>\n\n\n\n<p class=\"wp-block-paragraph\">Podczas rejestracji Konta mo\u017cemy poprosi\u0107 o Twoje dane kontaktowe, w tym imi\u0119 i nazwisko, nazw\u0119 firmy, adres, adres e-mail i numer telefonu.<\/p>\n\n\n\n<h2 class=\"wp-block-heading\">Jak wykorzystujemy Twoje dane<\/h2>\n\n\n\n<p class=\"wp-block-paragraph\">Informacje, kt\u00f3re zbieramy, wykorzystujemy na r\u00f3\u017cne sposoby, w tym:<\/p>\n\n\n\n<ul class=\"wp-block-list\"><li>Zapewniamy, obs\u0142ugujemy i utrzymujemy nasz\u0105 stron\u0119 internetow\u0105<\/li><li>Ulepszaj, personalizuj i rozszerzaj nasz\u0105 stron\u0119 internetow\u0105<\/li><li>Zrozum i przeanalizuj, w jaki spos\u00f3b korzystasz z naszej strony internetowej<\/li><li>Opracuj nowe produkty, us\u0142ugi, funkcje i funkcjonalno\u015bci<\/li><li>Komunikowa\u0107 si\u0119 z Tob\u0105, bezpo\u015brednio lub za po\u015brednictwem jednego z naszych partner\u00f3w, w tym w celu obs\u0142ugi klienta, w celu dostarczania aktualizacji i innych informacji dotycz\u0105cych strony internetowej oraz w celach marketingowych i promocyjnych<\/li><li>Wysy\u0142am Ci e-maile<\/li><li>Znajd\u017a i zapobiegaj oszustwom.<\/li><\/ul>\n\n\n\n<h2 class=\"wp-block-heading\">Pliki dziennika<\/h2>\n\n\n\n<p class=\"wp-block-paragraph\">Easy CPS Test jest zgodny ze standardow\u0105 procedur\u0105 korzystania z plik\u00f3w dziennika. Pliki te rejestruj\u0105 odwiedzaj\u0105cych, gdy odwiedzaj\u0105 strony internetowe. Robi\u0105 to wszystkie firmy hostingowe i s\u0105 one cz\u0119\u015bci\u0105 analityki us\u0142ug hostingowych. Informacje gromadzone przez pliki dziennika obejmuj\u0105 adresy protoko\u0142u internetowego (IP), typ przegl\u0105darki, dostawc\u0119 us\u0142ug internetowych (ISP), dat\u0119 i godzin\u0119, strony odsy\u0142aj\u0105ce\/wyj\u015bcia i ewentualnie liczb\u0119 klikni\u0119\u0107. Nie s\u0105 one powi\u0105zane z \u017cadnymi informacjami umo\u017cliwiaj\u0105cymi identyfikacj\u0119 osoby. Celem informacji jest analiza trend\u00f3w, administrowanie witryn\u0105, \u015bledzenie ruchu u\u017cytkownik\u00f3w na stronie oraz zbieranie danych demograficznych.<\/p>\n\n\n\n<h2 class=\"wp-block-heading\">Polityka prywatno\u015bci partner\u00f3w reklamowych<\/h2>\n\n\n\n<p class=\"wp-block-paragraph\">Mo\u017cesz zapozna\u0107 si\u0119 z t\u0105 list\u0105, aby znale\u017a\u0107 Polityk\u0119 prywatno\u015bci dla ka\u017cdego z partner\u00f3w reklamowych Easy CPS Test.<\/p>\n\n\n\n<p class=\"wp-block-paragraph\">Zewn\u0119trzne serwery reklamowe lub sieci reklamowe wykorzystuj\u0105 technologie takie jak pliki cookie, JavaScript lub sygnalizatory sieci Web u\u017cywane w odpowiednich reklamach i \u0142\u0105czach, kt\u00f3re pojawiaj\u0105 si\u0119 w \u0142atwym te\u015bcie CPS, wysy\u0142ane bezpo\u015brednio do przegl\u0105darek u\u017cytkownik\u00f3w. Gdy to nast\u0105pi, automatycznie otrzymaj\u0105 Tw\u00f3j adres IP. Technologie te s\u0142u\u017c\u0105 do pomiaru skuteczno\u015bci ich kampanii reklamowych i\/lub personalizacji tre\u015bci reklamowych, kt\u00f3re widzisz na odwiedzanych stronach internetowych.<\/p>\n\n\n\n<p class=\"wp-block-paragraph\">Pami\u0119taj, \u017ce Easy CPS Test nie ma dost\u0119pu ani kontroli nad tymi plikami cookie u\u017cywanymi przez zewn\u0119trznych reklamodawc\u00f3w.<\/p>\n\n\n\n<h2 class=\"wp-block-heading\">Polityka prywatno\u015bci stron trzecich<\/h2>\n\n\n\n<p class=\"wp-block-paragraph\">Polityka prywatno\u015bci Easy CPS Test nie dotyczy innych reklamodawc\u00f3w ani witryn. Dlatego zalecamy zapoznanie si\u0119 z odpowiednimi Politykami prywatno\u015bci tych zewn\u0119trznych serwer\u00f3w reklamowych w celu uzyskania bardziej szczeg\u00f3\u0142owych informacji. Mo\u017ce obejmowa\u0107 ich praktyki i instrukcje dotycz\u0105ce rezygnacji z niekt\u00f3rych opcji.<\/p>\n\n\n\n<p class=\"wp-block-paragraph\">Mo\u017cesz wy\u0142\u0105czy\u0107 pliki cookie za pomoc\u0105 indywidualnych opcji przegl\u0105darki. Mo\u017cna je znale\u017a\u0107 na odpowiednich stronach internetowych przegl\u0105darek, aby uzyska\u0107 bardziej szczeg\u00f3\u0142owe informacje na temat zarz\u0105dzania plikami cookie w okre\u015blonych przegl\u0105darkach internetowych.<\/p>\n\n\n\n<h2 class=\"wp-block-heading\">Prawa do prywatno\u015bci CCPA (nie sprzedawaj moich danych osobowych)<\/h2>\n\n\n\n<p class=\"wp-block-paragraph\">Zgodnie z CCPA konsumenci z Kalifornii maj\u0105 mi\u0119dzy innymi prawo do:<\/p>\n\n\n\n<p class=\"wp-block-paragraph\">Popro\u015b firm\u0119, kt\u00f3ra zbiera dane osobowe konsument\u00f3w, o ujawnienie kategorii i okre\u015blonych element\u00f3w danych osobowych, kt\u00f3re firma zbiera na temat konsument\u00f3w.<\/p>\n\n\n\n<p class=\"wp-block-paragraph\">Popro\u015b firm\u0119 o usuni\u0119cie wszelkich zebranych przez firm\u0119 danych osobowych dotycz\u0105cych konsumenta.<\/p>\n\n\n\n<p class=\"wp-block-paragraph\">\u017b\u0105danie, aby firma sprzedaj\u0105ca dane osobowe konsumenta nie sprzedawa\u0142a danych osobowych konsumenta.<\/p>\n\n\n\n<p class=\"wp-block-paragraph\">Je\u015bli z\u0142o\u017cysz wniosek, mamy miesi\u0105c na odpowied\u017a. Je\u015bli chcesz skorzysta\u0107 z kt\u00f3regokolwiek z tych praw, skontaktuj si\u0119 z nami.<\/p>\n\n\n\n<h2 class=\"wp-block-heading\">Prawa do ochrony danych RODO<\/h2>\n\n\n\n<p class=\"wp-block-paragraph\">Chcemy mie\u0107 pewno\u015b\u0107, \u017ce jeste\u015b w pe\u0142ni \u015bwiadomy wszystkich swoich praw do ochrony danych. Ka\u017cdemu u\u017cytkownikowi przys\u0142uguje:<\/p>\n\n\n\n<p class=\"wp-block-paragraph\">Prawo dost\u0119pu \u2013 Masz prawo za\u017c\u0105da\u0107 kopii swoich danych osobowych. Za t\u0119 us\u0142ug\u0119 mo\u017cemy pobra\u0107 niewielk\u0105 op\u0142at\u0119.<\/p>\n\n\n\n<p class=\"wp-block-paragraph\">Prawo do sprostowania \u2014 masz prawo za\u017c\u0105da\u0107 poprawienia wszelkich informacji, kt\u00f3re uwa\u017casz za niedok\u0142adne. Masz r\u00f3wnie\u017c prawo za\u017c\u0105da\u0107 od nas uzupe\u0142nienia informacji, kt\u00f3re Twoim zdaniem s\u0105 niekompletne.<\/p>\n\n\n\n<p class=\"wp-block-paragraph\">Prawo do usuni\u0119cia \u2013 masz prawo \u017c\u0105da\u0107, aby\u015bmy usun\u0119li Twoje dane osobowe pod pewnymi warunkami.<\/p>\n\n\n\n<p class=\"wp-block-paragraph\">Prawo do ograniczenia przetwarzania \u2013 Masz prawo za\u017c\u0105da\u0107, aby\u015bmy ograniczyli przetwarzanie Twoich danych osobowych pod pewnymi warunkami.<\/p>\n\n\n\n<p class=\"wp-block-paragraph\">Prawo do sprzeciwu wobec przetwarzania \u2013 Masz prawo sprzeciwi\u0107 si\u0119 przetwarzaniu przez nas Twoich danych osobowych pod pewnymi warunkami.<\/p>\n\n\n\n<p class=\"wp-block-paragraph\">Prawo do przenoszenia danych \u2013 masz prawo za\u017c\u0105da\u0107, aby\u015bmy pod pewnymi warunkami przenie\u015bli zebrane przez nas dane do innej organizacji lub bezpo\u015brednio do Ciebie.<\/p>\n\n\n\n<p class=\"wp-block-paragraph\">Je\u015bli z\u0142o\u017cysz wniosek, mamy miesi\u0105c na odpowied\u017a. Je\u015bli chcesz skorzysta\u0107 z kt\u00f3regokolwiek z tych praw, skontaktuj si\u0119 z nami.<\/p>\n\n\n\n<h2 class=\"wp-block-heading\">Informacje dla dzieci<\/h2>\n\n\n\n<p class=\"wp-block-paragraph\">Kolejn\u0105 cz\u0119\u015bci\u0105 naszego priorytetu jest dodanie ochrony dzieciom podczas korzystania z Internetu. Zach\u0119camy rodzic\u00f3w i opiekun\u00f3w do obserwowania, uczestniczenia oraz monitorowania i kierowania ich aktywno\u015bci\u0105 online.<\/p>\n\n\n\n<p class=\"wp-block-paragraph\"> Easy CPS Test nie gromadzi w spos\u00f3b \u015bwiadomy \u017cadnych danych osobowych od dzieci poni\u017cej 13 roku \u017cycia. Je\u015bli uwa\u017casz, \u017ce Twoje dziecko udost\u0119pni\u0142o tego rodzaju informacje na naszej stronie internetowej, gor\u0105co zach\u0119camy do natychmiastowego kontaktu z nami, a my do\u0142o\u017cymy wszelkich stara\u0144, aby niezw\u0142ocznie usun\u0105\u0107 takie informacje z naszych rejestr\u00f3w.<\/p>","protected":false},"excerpt":{"rendered":"<p>At Easy CPS Test, accessible from https:\/\/easycpstest.com\/, our visitors&#8217; privacy is one of our main priorities. This Privacy Policy document contains information collected and recorded by the Easy CPS Test and how we use it. If you have additional questions &#8230; <\/p>\n<p class=\"read-more-container\"><a title=\"Polityka prywatno\u015bci\" class=\"read-more button\" href=\"https:\/\/easycpstest.com\/pl\/privacy-policy\/#more-299\" aria-label=\"More on Privacy Policy\">Czytaj dalej<\/a><\/p>","protected":false},"author":1,"featured_media":0,"parent":0,"menu_order":0,"comment_status":"closed","ping_status":"closed","template":"","meta":{"_crdt_document":"","footnotes":""},"class_list":{"0":"post-299","1":"page","2":"type-page","3":"status-publish","5":"no-featured-image-padding"},"_links":{"self":[{"href":"https:\/\/easycpstest.com\/pl\/wp-json\/wp\/v2\/pages\/299","targetHints":{"allow":["GET"]}}],"collection":[{"href":"https:\/\/easycpstest.com\/pl\/wp-json\/wp\/v2\/pages"}],"about":[{"href":"https:\/\/easycpstest.com\/pl\/wp-json\/wp\/v2\/types\/page"}],"author":[{"embeddable":true,"href":"https:\/\/easycpstest.com\/pl\/wp-json\/wp\/v2\/users\/1"}],"replies":[{"embeddable":true,"href":"https:\/\/easycpstest.com\/pl\/wp-json\/wp\/v2\/comments?post=299"}],"version-history":[{"count":6,"href":"https:\/\/easycpstest.com\/pl\/wp-json\/wp\/v2\/pages\/299\/revisions"}],"predecessor-version":[{"id":1797,"href":"https:\/\/easycpstest.com\/pl\/wp-json\/wp\/v2\/pages\/299\/revisions\/1797"}],"wp:attachment":[{"href":"https:\/\/easycpstest.com\/pl\/wp-json\/wp\/v2\/media?parent=299"}],"curies":[{"name":"wp","href":"https:\/\/api.w.org\/{rel}","templated":true}]}}