{"id":302,"date":"2025-02-10T07:05:48","date_gmt":"2025-02-10T07:05:48","guid":{"rendered":"https:\/\/easycpstest.com\/?page_id=302"},"modified":"2025-02-10T07:05:50","modified_gmt":"2025-02-10T07:05:50","slug":"disclaimer","status":"publish","type":"page","link":"https:\/\/easycpstest.com\/pl\/disclaimer\/","title":{"rendered":"Zastrze\u017cenie"},"content":{"rendered":"<p class=\"wp-block-paragraph\">Wszystkie informacje na tej stronie \u2013 <a href=\"https:\/\/easycpstest.com\/pl\/\" target=\"_blank\" rel=\"noreferrer noopener\">https:\/\/easycpstest.com\/<\/a> \u2013 jest publikowany w dobrej wierze i wy\u0142\u0105cznie w celach informacyjnych. <strong>\u0141atwy test CPS<\/strong> nie udziela \u017cadnych gwarancji co do kompletno\u015bci, rzetelno\u015bci i dok\u0142adno\u015bci tych informacji. Wszelkie dzia\u0142ania, kt\u00f3re podejmujesz na podstawie informacji znalezionych w tej witrynie (\u0142atwy test CPS), s\u0105 podejmowane wy\u0142\u0105cznie na w\u0142asne ryzyko. Easy CPS Test nie ponosi odpowiedzialno\u015bci za jakiekolwiek straty i\/lub szkody zwi\u0105zane z korzystaniem z naszej strony internetowej.<\/p>\n\n\n\n<p class=\"wp-block-paragraph\">Z naszej witryny mo\u017cna odwiedza\u0107 inne witryny, korzystaj\u0105c z hiper\u0142\u0105czy do takich zewn\u0119trznych witryn. Chocia\u017c staramy si\u0119 udost\u0119pnia\u0107 tylko wysokiej jako\u015bci linki do przydatnych i etycznych witryn internetowych, nie mamy kontroli nad zawarto\u015bci\u0105 i charakterem tych witryn. Te linki do innych stron internetowych nie oznaczaj\u0105 rekomendacji dla wszystkich tre\u015bci znajduj\u0105cych si\u0119 na tych stronach. W\u0142a\u015bciciele witryn i ich zawarto\u015b\u0107 mog\u0105 ulec zmianie bez powiadomienia i mog\u0105 nast\u0105pi\u0107, zanim b\u0119dziemy mie\u0107 mo\u017cliwo\u015b\u0107 usuni\u0119cia linku, kt\u00f3ry m\u00f3g\u0142 by\u0107 \u201eniew\u0142a\u015bciwy\u201d.<\/p>\n\n\n\n<p class=\"wp-block-paragraph\">Nale\u017cy r\u00f3wnie\u017c pami\u0119ta\u0107, \u017ce inne witryny mog\u0105 mie\u0107 inne polityki prywatno\u015bci i warunki pozostaj\u0105ce poza nasz\u0105 kontrol\u0105, gdy opuszczasz nasz\u0105 witryn\u0119. Pami\u0119taj, aby sprawdzi\u0107 <a href=\"https:\/\/easycpstest.com\/pl\/privacy-policy\/\" target=\"_blank\" rel=\"noopener\">Polityka prywatno\u015bci<\/a> tych witryn i ich \u201eWarunk\u00f3w korzystania z us\u0142ugi\u201d przed podj\u0119ciem jakiejkolwiek dzia\u0142alno\u015bci lub przes\u0142aniem jakichkolwiek informacji.<\/p>\n\n\n\n<h2 class=\"wp-block-heading\">Zgoda<\/h2>\n\n\n\n<p class=\"wp-block-paragraph\">Korzystaj\u0105c z naszej strony internetowej, wyra\u017casz zgod\u0119 na nasze wy\u0142\u0105czenie odpowiedzialno\u015bci i zgadzasz si\u0119 na jego warunki.<\/p>\n\n\n\n<h2 class=\"wp-block-heading\">Aktualizacja<\/h2>\n\n\n\n<p class=\"wp-block-paragraph\">Je\u015bli zaktualizujemy, zmienimy lub wprowadzimy jakiekolwiek zmiany w tym dokumencie, zmiany te zostan\u0105 tutaj wyra\u017anie umieszczone.<\/p>","protected":false},"excerpt":{"rendered":"<p>All the information on this website &#8211; https:\/\/easycpstest.com\/ &#8211; is published in good faith and only for general information. Easy CPS Test does not make any warranties about the completeness, reliability, and accuracy of this information. Any action you take &#8230; <\/p>\n<p class=\"read-more-container\"><a title=\"Zastrze\u017cenie\" class=\"read-more button\" href=\"https:\/\/easycpstest.com\/pl\/disclaimer\/#more-302\" aria-label=\"More on Disclaimer\">Czytaj dalej<\/a><\/p>","protected":false},"author":1,"featured_media":0,"parent":0,"menu_order":0,"comment_status":"closed","ping_status":"closed","template":"","meta":{"_crdt_document":"","footnotes":""},"class_list":{"0":"post-302","1":"page","2":"type-page","3":"status-publish","5":"no-featured-image-padding"},"_links":{"self":[{"href":"https:\/\/easycpstest.com\/pl\/wp-json\/wp\/v2\/pages\/302","targetHints":{"allow":["GET"]}}],"collection":[{"href":"https:\/\/easycpstest.com\/pl\/wp-json\/wp\/v2\/pages"}],"about":[{"href":"https:\/\/easycpstest.com\/pl\/wp-json\/wp\/v2\/types\/page"}],"author":[{"embeddable":true,"href":"https:\/\/easycpstest.com\/pl\/wp-json\/wp\/v2\/users\/1"}],"replies":[{"embeddable":true,"href":"https:\/\/easycpstest.com\/pl\/wp-json\/wp\/v2\/comments?post=302"}],"version-history":[{"count":4,"href":"https:\/\/easycpstest.com\/pl\/wp-json\/wp\/v2\/pages\/302\/revisions"}],"predecessor-version":[{"id":1982,"href":"https:\/\/easycpstest.com\/pl\/wp-json\/wp\/v2\/pages\/302\/revisions\/1982"}],"wp:attachment":[{"href":"https:\/\/easycpstest.com\/pl\/wp-json\/wp\/v2\/media?parent=302"}],"curies":[{"name":"wp","href":"https:\/\/api.w.org\/{rel}","templated":true}]}}