{"id":1403,"date":"2025-02-10T06:56:17","date_gmt":"2025-02-10T06:56:17","guid":{"rendered":"https:\/\/easycpstest.com\/?page_id=1403"},"modified":"2025-02-10T06:56:19","modified_gmt":"2025-02-10T06:56:19","slug":"jitter-click-test","status":"publish","type":"page","link":"https:\/\/easycpstest.com\/pt\/jitter-click-test\/","title":{"rendered":"Jitter Click Test | Jitter Clicking Challenge &#8211; Easy CPS Test"},"content":{"rendered":"<h1 class=\"wp-block-heading has-text-align-center\"><strong>Teste de clique de jitter | Teste CPS f\u00e1cil<\/strong><\/h1>\n\n\n\n<p class=\"has-text-align-center wp-block-paragraph\">While playing the clicking game Jitter trick will help you know about your clicking speed. For gamers, Minecraft formulated Jitter Click Test.<\/p>\n\n\n<div class=\"page-wrapper\">\n\t<div class=\"row\">\n\t\t<div class=\"col-lg-12 col-md-12 custom-container\">\n\t\t\t<div class=\"card\">\n\t\t\t\t<header class=\"entry-header\">\n\t\t\t\t\t\t\t\t\t<\/header>\n\t\t\t\t\t\t\t\t<div class=\"bt-click-inner\">\n\t\t\t\t\t<div class=\"card-header\">\n\t\t\t\t\t\t<div class=\"bt-header-timer\">\n\t\t\t\t\t\t\t<div class=\"bt-time-btn blue-btn\">\n\t\t\t\t\t\t\t\t<h4 class=\"mb-0\"><span id=\"timer\">0<\/span><\/h4>\n\t\t\t\t\t\t\t\t<small class=\"mb-0 sm-custom\">Cron\u00f4metro<\/small>\n\t\t\t\t\t\t\t<\/div>\n\t\t\t\t\t\t\t<div class=\"bt-time-btn orange-btn\">\n\t\t\t\t\t\t\t\t<h4 class=\"mb-0\"><span id=\"clicks\">0<\/span><\/h4>\n\t\t\t\t\t\t\t\t<small class=\"mb-0 sm-custom\">Cliques<\/small>\n\t\t\t\t\t\t\t<\/div>\n\t\t\t\t\t\t\t<div class=\"bt-time-btn green-btn\">\n\t\t\t\t\t\t\t\t<h4 class=\"mb-0\"><span id=\"score\">0<\/span><\/h4>\n\t\t\t\t\t\t\t\t<small class=\"mb-0 sm-custom\">Pontua\u00e7\u00e3o<\/small>\n\t\t\t\t\t\t\t<\/div>\n\t\t\t\t\t\t<\/div>\n\t\t\t\t\t<\/div>\n\t\t\t\t\t<div class=\"card-body\">\n\t\t\t\t\t\t<div class=\"bt-click-area\" id=\"bt-click-area\">\n\t\t\t\t\t\t\t<button id=\"start\" type=\"button\" class=\"btn-light btn-round waves-effect waves-light\">CLIQUE AQUI PARA COME\u00c7AR A JOGAR<\/button>\n\t\t\t\t\t\t<\/div>\n\t\t\t\t\t<\/div>\n\t\t\t\t\t<button type=\"button\" data-toggle=\"modal\" data-target=\"#click-result-modal\" style=\"display: none;\" id=\"trigger-modal\">Iniciar modal<\/button>\n\t\t\t\t<\/div>\n\t\t\t<\/div>\n\t\t<\/div>\n\t\t\t<\/div>\n<\/div>\n\n\n\n<p class=\"wp-block-paragraph\">Jitter Click Game&nbsp;is a click-oriented game that influences the mouse and touchpad in a fast-clicking tactic. Through this tactic, gamers dominate their competitors in the game. Playing PVP or individual mode in Minecraft, the tricks are valid in both conditions.<\/p>\n\n\n<style>.kb-row-layout-wrap.wp-block-kadence-rowlayout.kb-row-layout-id1403_33d660-54{margin-bottom:0px;}.kb-row-layout-id1403_33d660-54 > .kt-row-column-wrap{align-content:start;}:where(.kb-row-layout-id1403_33d660-54 > .kt-row-column-wrap) > .wp-block-kadence-column{justify-content:start;}.kb-row-layout-id1403_33d660-54 > .kt-row-column-wrap{column-gap:var(--global-kb-gap-none, 0rem );row-gap:var(--global-kb-gap-none, 0rem );max-width:1200px;padding-top:30px;padding-right:0px;padding-bottom:30px;padding-left:0px;}.kb-row-layout-id1403_33d660-54 > .kt-row-column-wrap > div:not(.added-for-specificity){grid-column:initial;}.kb-row-layout-id1403_33d660-54 > .kt-row-column-wrap{grid-template-columns:minmax(0, 1fr) minmax(0, 3fr) minmax(0, 1fr);}.kb-row-layout-id1403_33d660-54 > .kt-row-layout-overlay{opacity:0.30;background:linear-gradient(180deg,  0%, #00B5E2 100%);}.kb-row-layout-id1403_33d660-54 .kt-row-layout-bottom-sep{height:100px;}.kb-row-layout-id1403_33d660-54 .kt-row-layout-bottom-sep svg{width:100%;}.kb-row-layout-id1403_33d660-54 .kt-row-layout-bottom-sep svg{fill:#ffffff!important;}@media all and (max-width: 1024px){.kb-row-layout-id1403_33d660-54 > .kt-row-column-wrap{padding-top:0px;padding-right:50px;padding-bottom:80px;padding-left:50px;grid-template-columns:minmax(0, 1fr);}}@media all and (max-width: 1024px){.kb-row-layout-id1403_33d660-54 > .kt-row-column-wrap > div:not(.added-for-specificity){grid-column:initial;}}@media all and (max-width: 1024px){.kb-row-layout-id1403_33d660-54 .kt-row-layout-bottom-sep{height:px;}}@media all and (max-width: 1024px){.kb-row-layout-id1403_33d660-54 .kt-row-layout-bottom-sep svg{width:%;}}@media all and (max-width: 767px){.kb-row-layout-id1403_33d660-54 > .kt-row-column-wrap{padding-top:40px;padding-right:20px;padding-bottom:50px;padding-left:20px;grid-template-columns:minmax(0, 1fr);}.kb-row-layout-id1403_33d660-54 > .kt-row-column-wrap > div:not(.added-for-specificity){grid-column:initial;}.kb-row-layout-id1403_33d660-54 .kt-row-layout-bottom-sep{height:px;}.kb-row-layout-id1403_33d660-54 .kt-row-layout-bottom-sep svg{width:%;}}<\/style><div class=\"kb-row-layout-wrap kb-row-layout-id1403_33d660-54 alignnone kt-row-has-bg wp-block-kadence-rowlayout\"><div class=\"kt-row-layout-overlay kt-row-overlay-gradient\"><\/div><div class=\"kt-row-column-wrap kt-has-3-columns kt-row-layout-center-wide kt-tab-layout-row kt-mobile-layout-row kt-row-valign-top kb-theme-content-width\">\n<style>.kadence-column1403_9e6cab-bb > .kt-inside-inner-col{padding-top:10px;padding-right:10px;padding-bottom:10px;padding-left:10px;}.kadence-column1403_9e6cab-bb > .kt-inside-inner-col,.kadence-column1403_9e6cab-bb > .kt-inside-inner-col:before{border-top-left-radius:0px;border-top-right-radius:0px;border-bottom-right-radius:0px;border-bottom-left-radius:0px;}.kadence-column1403_9e6cab-bb > .kt-inside-inner-col{column-gap:var(--global-kb-gap-sm, 1rem);}.kadence-column1403_9e6cab-bb > .kt-inside-inner-col{flex-direction:column;}.kadence-column1403_9e6cab-bb > .kt-inside-inner-col > .aligncenter{width:100%;}.kadence-column1403_9e6cab-bb > .kt-inside-inner-col:before{opacity:0.3;}.kadence-column1403_9e6cab-bb{position:relative;}.kadence-column1403_9e6cab-bb, .kt-inside-inner-col > .kadence-column1403_9e6cab-bb:not(.specificity){margin-top:0px;margin-right:20px;margin-bottom:0px;margin-left:0px;}@media all and (max-width: 1024px){.kadence-column1403_9e6cab-bb > .kt-inside-inner-col{flex-direction:column;justify-content:center;}}@media all and (max-width: 1024px){.kadence-column1403_9e6cab-bb, .kt-inside-inner-col > .kadence-column1403_9e6cab-bb:not(.specificity){margin-top:0px;margin-right:0px;margin-bottom:0px;margin-left:0px;}}@media all and (max-width: 767px){.kadence-column1403_9e6cab-bb > .kt-inside-inner-col{flex-direction:column;justify-content:center;}}<\/style>\n<div class=\"wp-block-kadence-column kadence-column1403_9e6cab-bb inner-column-1\"><div class=\"kt-inside-inner-col\"><\/div><\/div>\n\n\n<style>.kadence-column1403_45caf1-8c > .kt-inside-inner-col{padding-top:10px;padding-right:10px;padding-bottom:10px;padding-left:10px;}.kadence-column1403_45caf1-8c > .kt-inside-inner-col,.kadence-column1403_45caf1-8c > .kt-inside-inner-col:before{border-top-left-radius:0px;border-top-right-radius:0px;border-bottom-right-radius:0px;border-bottom-left-radius:0px;}.kadence-column1403_45caf1-8c > .kt-inside-inner-col{column-gap:var(--global-kb-gap-sm, 1rem);}.kadence-column1403_45caf1-8c > .kt-inside-inner-col{flex-direction:column;}.kadence-column1403_45caf1-8c > .kt-inside-inner-col > .aligncenter{width:100%;}.kadence-column1403_45caf1-8c > .kt-inside-inner-col:before{opacity:0.3;}.kadence-column1403_45caf1-8c{position:relative;}.kadence-column1403_45caf1-8c, .kt-inside-inner-col > .kadence-column1403_45caf1-8c:not(.specificity){margin-top:0px;margin-right:10px;margin-bottom:0px;margin-left:10px;}@media all and (max-width: 1024px){.kadence-column1403_45caf1-8c > .kt-inside-inner-col{flex-direction:column;justify-content:center;}}@media all and (max-width: 1024px){.kadence-column1403_45caf1-8c, .kt-inside-inner-col > .kadence-column1403_45caf1-8c:not(.specificity){margin-top:0px;margin-right:0px;margin-bottom:0px;margin-left:0px;}}@media all and (max-width: 767px){.kadence-column1403_45caf1-8c > .kt-inside-inner-col{flex-direction:column;justify-content:center;}}<\/style>\n<div class=\"wp-block-kadence-column kadence-column1403_45caf1-8c inner-column-2\"><div class=\"kt-inside-inner-col\"><style>.wp-block-kadence-column.kb-section-dir-horizontal > .kt-inside-inner-col > .kt-info-box1403_f06057-52 .kt-blocks-info-box-link-wrap{max-width:unset;}.kt-info-box1403_f06057-52 .kt-blocks-info-box-link-wrap{border-top:1px solid var(--global-palette7, #EDF2F7);border-right:1px solid var(--global-palette7, #EDF2F7);border-bottom:1px solid var(--global-palette7, #EDF2F7);border-left:1px solid var(--global-palette7, #EDF2F7);border-top-left-radius:10px;border-top-right-radius:10px;border-bottom-right-radius:10px;border-bottom-left-radius:10px;background:#007bff;padding-top:30px;padding-right:30px;padding-bottom:30px;padding-left:30px;margin-bottom:0px;}.kt-info-box1403_f06057-52 .kt-blocks-info-box-link-wrap:hover{background:#6a6dec;}.kt-info-box1403_f06057-52 .kadence-info-box-icon-container .kt-info-svg-icon, .kt-info-box1403_f06057-52 .kt-info-svg-icon-flip, .kt-info-box1403_f06057-52 .kt-blocks-info-box-number{font-size:50px;}.kt-info-box1403_f06057-52 .kt-blocks-info-box-media{color:#444444;background:transparent;border-color:#444444;border-top-width:0px;border-right-width:0px;border-bottom-width:0px;border-left-width:0px;padding-top:0px;padding-right:0px;padding-bottom:0px;padding-left:0px;}.kt-info-box1403_f06057-52 .kt-blocks-info-box-media-container{margin-top:0px;margin-right:15px;margin-bottom:0px;margin-left:0px;}.kt-info-box1403_f06057-52 .kt-blocks-info-box-link-wrap:hover .kt-blocks-info-box-media{color:#444444;background:transparent;border-color:#444444;}.kt-info-box1403_f06057-52 .kt-infobox-textcontent h6.kt-blocks-info-box-title{line-height:1.3em;padding-top:0px;padding-right:0px;padding-bottom:0px;padding-left:0px;margin-top:0px;margin-right:0px;margin-bottom:14px;margin-left:0px;}.kt-info-box1403_f06057-52 .kt-infobox-textcontent .kt-blocks-info-box-text{color:var(--base-3);}.wp-block-kadence-infobox.kt-info-box1403_f06057-52 .kt-blocks-info-box-text{text-transform:capitalize;}.kt-info-box1403_f06057-52 .kt-blocks-info-box-learnmore{background:transparent;border-color:#555555;border-width:0px 0px 0px 0px;padding-top:4px;padding-right:8px;padding-bottom:4px;padding-left:8px;margin-top:10px;margin-right:0px;margin-bottom:10px;margin-left:0px;}.kt-info-box1403_f06057-52 .kt-blocks-info-box-link-wrap:hover .kt-blocks-info-box-learnmore,.kt-info-box1403_f06057-52 .kt-blocks-info-box-link-wrap .kt-blocks-info-box-learnmore:focus{color:#ffffff;background:#444444;border-color:#444444;}.kt-info-box1403_f06057-52 .kt-blocks-info-box-link-wrap{box-shadow:0px 0px 0px 0px rgba(0, 0, 0, 0);}.kt-info-box1403_f06057-52 .kt-blocks-info-box-link-wrap:hover{box-shadow:20px 20px 80px 0px rgba(27, 0, 79, 0.06);}@media all and (max-width: 1024px){.kt-info-box1403_f06057-52 .kt-blocks-info-box-link-wrap{border-top:1px solid var(--global-palette7, #EDF2F7);border-right:1px solid var(--global-palette7, #EDF2F7);border-bottom:1px solid var(--global-palette7, #EDF2F7);border-left:1px solid var(--global-palette7, #EDF2F7);box-shadow:0px 0px 0px 0px rgba(0, 0, 0, 0);}}@media all and (max-width: 1024px){.kt-info-box1403_f06057-52 .kt-blocks-info-box-link-wrap:hover{box-shadow:20px 20px 80px 0px rgba(27, 0, 79, 0.06);}}@media all and (max-width: 767px){.kt-info-box1403_f06057-52 .kt-blocks-info-box-link-wrap{border-top:1px solid var(--global-palette7, #EDF2F7);border-right:1px solid var(--global-palette7, #EDF2F7);border-bottom:1px solid var(--global-palette7, #EDF2F7);border-left:1px solid var(--global-palette7, #EDF2F7);text-align:center;display:block;box-shadow:0px 0px 0px 0px rgba(0, 0, 0, 0);}.kt-info-box1403_f06057-52 .kt-blocks-info-box-link-wrap .kt-blocks-info-box-media{display:inline-block;max-width:100%;}.kt-info-box1403_f06057-52 .kt-blocks-info-box-link-wrap:hover{box-shadow:20px 20px 80px 0px rgba(27, 0, 79, 0.06);}}<\/style>\n<div class=\"wp-block-kadence-infobox kt-info-box1403_f06057-52\"><a class=\"kt-blocks-info-box-link-wrap info-box-link kt-blocks-info-box-media-align-top kt-info-halign-center kb-info-box-vertical-media-align-top kb-info-mobile-halign-center\" target=\"_blank\" rel=\"noopener noreferrer\" href=\"https:\/\/easycpstest.com\/pt\/\" aria-label=\"Clique em Teste de velocidade | Teste CPS\"><div class=\"kt-infobox-textcontent\"><p class=\"kt-blocks-info-box-text\"><strong>CLIQUE TESTE DE VELOCIDADE | TESTE CPS<\/strong><\/p><\/div><\/a><\/div>\n<\/div><\/div>\n\n\n<style>.kadence-column1403_38cc00-2b > .kt-inside-inner-col{padding-top:10px;padding-right:10px;padding-bottom:10px;padding-left:10px;}.kadence-column1403_38cc00-2b > .kt-inside-inner-col,.kadence-column1403_38cc00-2b > .kt-inside-inner-col:before{border-top-left-radius:0px;border-top-right-radius:0px;border-bottom-right-radius:0px;border-bottom-left-radius:0px;}.kadence-column1403_38cc00-2b > .kt-inside-inner-col{column-gap:var(--global-kb-gap-sm, 1rem);}.kadence-column1403_38cc00-2b > .kt-inside-inner-col{flex-direction:column;}.kadence-column1403_38cc00-2b > .kt-inside-inner-col > .aligncenter{width:100%;}.kadence-column1403_38cc00-2b > .kt-inside-inner-col:before{opacity:0.3;}.kadence-column1403_38cc00-2b{position:relative;}.kadence-column1403_38cc00-2b, .kt-inside-inner-col > .kadence-column1403_38cc00-2b:not(.specificity){margin-top:0px;margin-right:0px;margin-bottom:0px;margin-left:20px;}@media all and (max-width: 1024px){.kadence-column1403_38cc00-2b > .kt-inside-inner-col{flex-direction:column;justify-content:center;}}@media all and (max-width: 1024px){.kadence-column1403_38cc00-2b, .kt-inside-inner-col > .kadence-column1403_38cc00-2b:not(.specificity){margin-top:0px;margin-right:0px;margin-bottom:0px;margin-left:0px;}}@media all and (max-width: 767px){.kadence-column1403_38cc00-2b > .kt-inside-inner-col{flex-direction:column;justify-content:center;}}<\/style>\n<div class=\"wp-block-kadence-column kadence-column1403_38cc00-2b inner-column-3\"><div class=\"kt-inside-inner-col\"><\/div><\/div>\n\n<\/div><\/div>\n\n\n<h2 style=\"color: #ffffff;font-weight: 400;background:  #007bff;width: auto;margin: 1em 0px;font-size: 25px;line-height: 1;padding: 14px;border-left: 40px solid #000000;box-shadow: #c7c7c7 0px 2px 15px 0px;text-align:;\"><span id=\"Jitter Click Online Test\"><strong> Teste Online de Jitter Click  \n<\/strong><\/span><\/h2>\n\n\n\n<p class=\"wp-block-paragraph\">A comunidade de jogos introduziu m\u00e9todos de clique excelentes no Jitter Click Online Game para envolver outros jogadores. Nesse jogo \u00fanico, a mira do bra\u00e7o foi introduzida para ganhar rapidamente uma rajada de cliques. No entanto, reduz o estresse no dedo que clica.&nbsp;<\/p>\n\n\n\n<p class=\"wp-block-paragraph\">Jogue com os m\u00fasculos relaxados do bra\u00e7o e dos dedos para vencer o Jitter Click Challenge. Agora coloque um de seus dedos dominantes no bot\u00e3o do mouse. Agora, mova os m\u00fasculos do bra\u00e7o como um tremor em vez de clicar. Esse tremor gerar\u00e1 vibra\u00e7\u00e3o no bra\u00e7o e liberar\u00e1 a explos\u00e3o de cliques em alguns segundos.<\/p>\n\n\n\n<p class=\"wp-block-paragraph\">Acima, explicamos o m\u00e9todo para gerar v\u00e1rios cliques por meio do procedimento Jitter Clicks. Voc\u00ea pode fazer o Jitter Click World Record seguindo truques se voc\u00ea for um jogador capaz que possui m\u00e3os habilidosas. Portanto, siga as instru\u00e7\u00f5es e trabalhe duro para praticar e aproveitar a vantagem no jogo.&nbsp;<\/p>\n\n\n<div class=\"wp-block-image\">\n<figure class=\"aligncenter size-full\"><img loading=\"lazy\" decoding=\"async\" width=\"768\" height=\"452\" src=\"https:\/\/easycpstest.com\/wp-content\/uploads\/2022\/03\/jitter-1.png\" alt=\"Jitter Click Test\" class=\"wp-image-1579\" srcset=\"https:\/\/easycpstest.com\/wp-content\/uploads\/2022\/03\/jitter-1.png 768w, https:\/\/easycpstest.com\/wp-content\/uploads\/2022\/03\/jitter-1-300x177.png 300w\" sizes=\"auto, (max-width: 768px) 100vw, 768px\" \/><\/figure>\n<\/div>\n\n\n<h3 style=\"color: #ffffff;font-weight: 400;background:  #007bff;width: auto;margin: 1em 0px;font-size: 25px;line-height: 1;padding: 14px;border-left: 40px solid #000000;box-shadow: #c7c7c7 0px 2px 15px 0px;text-align:;\"><span id=\"Jitter Click Online Test\"><strong> Cuidados\n<\/strong><\/span><\/h3>\n\n\n\n<p class=\"wp-block-paragraph\">Entre a primeira e a segunda sess\u00e3o de cliques, descanse o bra\u00e7o e o dedo. Atrav\u00e9s de voc\u00ea evitar\u00e1 tens\u00e3o ou les\u00e3o no bra\u00e7o ou no dedo. No entanto, voc\u00ea jogar\u00e1 por muito tempo se fizer a pr\u00e1tica imparcial. O excesso de cliques pode criar um problema para voc\u00ea.<\/p>\n\n\n\n<h3 style=\"color: #ffffff;font-weight: 400;background:  #007bff;width: auto;margin: 1em 0px;font-size: 25px;line-height: 1;padding: 14px;border-left: 40px solid #000000;box-shadow: #c7c7c7 0px 2px 15px 0px;text-align:;\"><span id=\"Jitter Click Online Test\"><strong> Recursos do teste de clique de jitter\n<\/strong><\/span><\/h3>\n\n\n\n<p class=\"wp-block-paragraph\">Bem como outros jogos de teste de clique como<a href=\"https:\/\/easycpstest.com\/pt\/butterfly-click-test\/\" target=\"_blank\" rel=\"noreferrer noopener\"> teste de clique de borboleta<\/a>, o Jitter Click Game otimiza a capacidade de clicar dos jogadores. Al\u00e9m disso, a otimiza\u00e7\u00e3o de testes provou ser a melhor ferramenta para melhoria de habilidades.<\/p>\n\n\n\n<p class=\"wp-block-paragraph\">A pr\u00e1tica de habilidades de clique \u00e9 boa para outros jogos estrat\u00e9gicos, como combate cont\u00ednuo ou direcionamento cont\u00ednuo de balas no PVP ou em outros modos do Minecraft. Na presen\u00e7a do Jitter Click Test, os jogadores n\u00e3o ocupam seu espa\u00e7o no celular porque utilizam o servi\u00e7o de teste online por excel\u00eancia.&nbsp;<\/p>\n\n\n\n<p class=\"wp-block-paragraph\">Ent\u00e3o, d\u00ea Jitter Click Challenge aos seus limites e experi\u00eancia na competi\u00e7\u00e3o de cliques. Seja conhecido da m\u00e9dia de sua velocidade de clique. Al\u00e9m disso, a pr\u00e1tica leva \u00e0 perfei\u00e7\u00e3o, ent\u00e3o voc\u00ea ganha excel\u00eancia no jogo.<\/p>\n\n\n\n<h3 style=\"color: #ffffff;font-weight: 400;background:  #007bff;width: auto;margin: 1em 0px;font-size: 25px;line-height: 1;padding: 14px;border-left: 40px solid #000000;box-shadow: #c7c7c7 0px 2px 15px 0px;text-align:;\"><span id=\"Significance of Jitter Click Test\"><strong> Significado do teste de clique de jitter\n<\/strong><\/span><\/h3>\n\n\n\n<p class=\"wp-block-paragraph\">Como sabemos, a velocidade de aprendizado do clique \u00e9 uma habilidade significativa para os jogadores que gostam de jogar os jogos mais recentes. Esses jogos exigiam cliques r\u00e1pidos para obter mais pontua\u00e7\u00f5es no jogo. Surge a quest\u00e3o, como pegar um mouse de forma mais eficaz para marcar mais cliques do que a m\u00e9dia?<\/p>\n\n\n\n<p class=\"wp-block-paragraph\">O jogador que aprende clicando neste teste de clique aprende mais r\u00e1pido do que outros testes CPS. No entanto, voc\u00ea pode medir o progresso para comparar seu desempenho de cliques com o de outro jogador de todo o mundo.&nbsp;<\/p>\n\n\n\n<p class=\"wp-block-paragraph\">O jogo \u00e9 importante para aprender a clicar e tamb\u00e9m entret\u00e9m o jogador. No entanto, \u00e9 um jogo viciante que n\u00e3o deixa os jogadores desistirem facilmente.<\/p>\n\n\n\n<p class=\"wp-block-paragraph\">Depois, voc\u00ea completa a pr\u00e1tica e a habilidade polida ajuda voc\u00ea a jogar perfeitamente no jogo de cliques real. Quando voc\u00ea joga no modo Minecraft PVP, voc\u00ea gosta de ganhar uma classifica\u00e7\u00e3o alta no jogo.<\/p>\n\n\n\n<h3 style=\"color: #ffffff;font-weight: 400;background:  #007bff;width: auto;margin: 1em 0px;font-size: 25px;line-height: 1;padding: 14px;border-left: 40px solid #000000;box-shadow: #c7c7c7 0px 2px 15px 0px;text-align:;\"><span id=\"How to Play Jitter Click Game?\"><strong> Como jogar o jogo Jitter Click?\n<\/strong><\/span><\/h3>\n\n\n\n<p class=\"wp-block-paragraph\">Devido ao jogo leve e f\u00e1cil, o jogador passa mais tempo jogando. O que os jogadores precisam fazer \u00e9 tocar na \u00e1rea de clique o mais r\u00e1pido poss\u00edvel. No entanto, a vers\u00e3o \u00e9 desbloqueada quando voc\u00ea faz cliques cont\u00ednuos consecutivos. Aqui a t\u00e9cnica Jitter Click Test te ajuda.<\/p>\n\n\n\n<p class=\"wp-block-paragraph\">Portanto, tente clicar na \u00e1rea especificada o mais r\u00e1pido poss\u00edvel em 10 segundos. Quando o tempo do jogo terminar, o resultado aparecer\u00e1 na mensagem de solicita\u00e7\u00e3o. Essa \u00e9 a sua pontua\u00e7\u00e3o CPS baseada no seu desempenho.&nbsp;<\/p>\n\n\n\n<p class=\"wp-block-paragraph\">Al\u00e9m disso, voc\u00ea pode compartilhar sua pontua\u00e7\u00e3o CPS com seus amigos nas redes sociais. No entanto, praticar o torna perfeito, ent\u00e3o pratique mais para a perfei\u00e7\u00e3o e domine todos os modos de <a href=\"https:\/\/www.minecraft.net\/en-us\" target=\"_blank\" rel=\"noreferrer noopener\">Minecraft<\/a>.&nbsp;<\/p>\n\n\n\n<h3 style=\"color: #ffffff;font-weight: 400;background:  #007bff;width: auto;margin: 1em 0px;font-size: 25px;line-height: 1;padding: 14px;border-left: 40px solid #000000;box-shadow: #c7c7c7 0px 2px 15px 0px;text-align:;\"><span id=\"Right Device Selection\"><strong> Sele\u00e7\u00e3o do dispositivo certo\n<\/strong><\/span><\/h3>\n\n\n\n<p class=\"wp-block-paragraph\">Um mouse apropriado \u00e9 um dispositivo significativo que todo usu\u00e1rio precisa para obter uma pontua\u00e7\u00e3o mais alta no teste de cliques do que qualquer outro hardware. Na aus\u00eancia de um mouse eficiente, como se pode competir com os concorrentes no jogo de cliques?&nbsp;<\/p>\n\n\n\n<p class=\"wp-block-paragraph\">No entanto, o mouse direito pode conseguir ganhar mais cliques contra seu oponente. Um jogador planeja estabelecer um recorde mundial de Jitter Click, ent\u00e3o o m\u00e9todo Jitter Click \u00e9 s\u00e1bio.<\/p>\n\n\n\n<p class=\"wp-block-paragraph\">Aqui est\u00e3o alguns fatores a serem considerados antes de comprar um mouse apropriado para clicar Jitter. Assim, voc\u00ea pode escolher o dispositivo certo.&nbsp;&nbsp;<\/p>\n\n\n\n<ul class=\"wp-block-list\">\n<li><strong>O mouse inquebr\u00e1vel deve suportar o dedo martelando para o jogo de cliques por um longo per\u00edodo.<\/strong><\/li>\n\n\n\n<li><strong>Sempre selecione o mouse \u00f3ptico e a laser sens\u00edvel baseado em tecnologia mais recente, em vez de mouses antigos contempor\u00e2neos.<\/strong><\/li>\n\n\n\n<li><strong>Por fim, selecione o mouse, que se adapta \u00e0s suas m\u00e3os e \u00e9 confort\u00e1vel durante o jogo.<\/strong><\/li>\n<\/ul>\n\n\n\n<h2 class=\"wp-block-heading has-text-align-center\">perguntas frequentes<\/h2>\n\n\n\n<div class=\"schema-faq wp-block-yoast-faq-block\"><div class=\"schema-faq-section\" id=\"faq-question-1677486195867\"><strong class=\"schema-faq-question\">O que \u00e9 um teste de clique de jitter?<\/strong> <p class=\"schema-faq-answer\">Um Jitter Click Test \u00e9 um teste online que mede quantos cliques voc\u00ea pode fazer em um determinado per\u00edodo de tempo usando a t\u00e9cnica de Jitter Click.<\/p> <\/div> <div class=\"schema-faq-section\" id=\"faq-question-1677486221503\"><strong class=\"schema-faq-question\">O que \u00e9 a t\u00e9cnica de clique Jitter?<\/strong> <p class=\"schema-faq-answer\">A t\u00e9cnica de clique Jitter envolve contrair rapidamente os m\u00fasculos do bra\u00e7o para criar uma vibra\u00e7\u00e3o ou \u201cjitter\u201d no dedo, o que permite que voc\u00ea clique no bot\u00e3o do mouse rapidamente. Essa t\u00e9cnica \u00e9 frequentemente usada por jogadores para atingir uma velocidade de clique mais alta do que seria poss\u00edvel com uma t\u00e9cnica de clique normal.<\/p> <\/div> <div class=\"schema-faq-section\" id=\"faq-question-1677486240819\"><strong class=\"schema-faq-question\">Quanto tempo leva um teste de clique de jitter?<\/strong> <p class=\"schema-faq-answer\">A dura\u00e7\u00e3o de um Jitter Click Test pode variar dependendo do site que voc\u00ea usa. Alguns testes s\u00e3o cronometrados por 10 segundos, enquanto outros podem ser cronometrados por um per\u00edodo mais longo, como 30 ou 60 segundos.<\/p> <\/div> <div class=\"schema-faq-section\" id=\"faq-question-1677486255250\"><strong class=\"schema-faq-question\">H\u00e1 alguma dica para fazer um teste de Jitter Click?<\/strong> <p class=\"schema-faq-answer\">Sim, aqui est\u00e3o algumas dicas para fazer um teste de Jitter Click: <br\/>1) Use uma pegada confort\u00e1vel no mouse<br\/>2) Mantenha o bra\u00e7o e o pulso relaxados<br\/>3) Concentre-se na velocidade e precis\u00e3o<br\/>4) Tente clicar o mais r\u00e1pido poss\u00edvel enquanto mant\u00e9m o controle e 5) Pratique regularmente para melhorar sua pontua\u00e7\u00e3o.<\/p> <\/div> <div class=\"schema-faq-section\" id=\"faq-question-1677486285171\"><strong class=\"schema-faq-question\">Os testes de Jitter Click s\u00e3o confi\u00e1veis?<\/strong> <p class=\"schema-faq-answer\">A precis\u00e3o dos testes de Jitter Click pode variar dependendo do site e das condi\u00e7\u00f5es do teste, mas eles ainda podem fornecer uma ideia geral da velocidade e precis\u00e3o do seu clique usando a t\u00e9cnica do Jitter Click. Lembre-se de que fatores como o tipo e as configura\u00e7\u00f5es do mouse, bem como o tamanho e a resolu\u00e7\u00e3o da tela, tamb\u00e9m podem afetar sua pontua\u00e7\u00e3o.<\/p> <\/div> <\/div>","protected":false},"excerpt":{"rendered":"<p>Jitter Click Test | Easy CPS Test While playing the clicking game Jitter trick will help you know about your clicking speed. For gamers, Minecraft formulated Jitter Click Test. Jitter Click Game&nbsp;is a click-oriented game that influences the mouse and &#8230; <\/p>\n<p class=\"read-more-container\"><a title=\"Jitter Click Test | Jitter Clicking Challenge &#8211; Easy CPS Test\" class=\"read-more button\" href=\"https:\/\/easycpstest.com\/pt\/jitter-click-test\/#more-1403\" aria-label=\"Mais em Jitter Click Test | Jitter Clicking Challenge &#8211; Easy CPS Test\">Leia mais<\/a><\/p>","protected":false},"author":1,"featured_media":0,"parent":0,"menu_order":0,"comment_status":"closed","ping_status":"closed","template":"","meta":{"_crdt_document":"","footnotes":""},"class_list":{"0":"post-1403","1":"page","2":"type-page","3":"status-publish","5":"no-featured-image-padding"},"_links":{"self":[{"href":"https:\/\/easycpstest.com\/pt\/wp-json\/wp\/v2\/pages\/1403","targetHints":{"allow":["GET"]}}],"collection":[{"href":"https:\/\/easycpstest.com\/pt\/wp-json\/wp\/v2\/pages"}],"about":[{"href":"https:\/\/easycpstest.com\/pt\/wp-json\/wp\/v2\/types\/page"}],"author":[{"embeddable":true,"href":"https:\/\/easycpstest.com\/pt\/wp-json\/wp\/v2\/users\/1"}],"replies":[{"embeddable":true,"href":"https:\/\/easycpstest.com\/pt\/wp-json\/wp\/v2\/comments?post=1403"}],"version-history":[{"count":21,"href":"https:\/\/easycpstest.com\/pt\/wp-json\/wp\/v2\/pages\/1403\/revisions"}],"predecessor-version":[{"id":2168,"href":"https:\/\/easycpstest.com\/pt\/wp-json\/wp\/v2\/pages\/1403\/revisions\/2168"}],"wp:attachment":[{"href":"https:\/\/easycpstest.com\/pt\/wp-json\/wp\/v2\/media?parent=1403"}],"curies":[{"name":"wp","href":"https:\/\/api.w.org\/{rel}","templated":true}]}}