{"id":1407,"date":"2025-02-10T07:00:23","date_gmt":"2025-02-10T07:00:23","guid":{"rendered":"https:\/\/easycpstest.com\/?page_id=1407"},"modified":"2025-02-10T07:00:24","modified_gmt":"2025-02-10T07:00:24","slug":"spacebar-counter","status":"publish","type":"page","link":"https:\/\/easycpstest.com\/pt\/spacebar-counter\/","title":{"rendered":"Spacebar Counter &#8211; Spacebar Speed Test | Easy CPS Test"},"content":{"rendered":"<h1 class=\"wp-block-heading has-text-align-center\"><strong>Contador de barra de espa\u00e7o | Teste CPS f\u00e1cil<\/strong><\/h1>\n\n\n\n<p class=\"has-text-align-center wp-block-paragraph\">Jogue o jogo tocando no bot\u00e3o play e apertando a barra de espa\u00e7o o mais r\u00e1pido que puder para alcan\u00e7ar uma pontua\u00e7\u00e3o alta.<\/p>\n\n\n<div class=\"page-wrapper bg-white\">\n    <div class=\"row\">\n        <div class=\"col-lg-12 col-md-12 custom-container\">\n            <div class=\"card\">\n                <header class=\"entry-header\">\n                                                        <\/header>\n            \t<div class=\"bt-click-inner\">\n                    <div class=\"card-header\">\n                        <div class=\"bt-header-timer bt-spacebar-area\">\n                            <div class=\"bt-time-btn green-btn\">\n                                <span class=\"hits\">0<\/span>\n                                <h4 class=\"mb-0\">Pontua\u00e7\u00e3o<\/h4>\n                            <\/div>\n                            <div class=\"bt-time-btn white-black\">\n                            <!-- <div class=\"bt-time-btn orange-btn\"> -->\n                                <h4 class=\"title ultrabold\">Cron\u00f4metro: <span id=\"set-timer-span\">0<\/span> segundo<\/h4>\n                                <div class=\"form-group\">\n                                    <input id=\"set-timer\" type=\"number\" class=\"\">\n                                    <button id=\"set-time-button\" onclick=\"setTime()\">Definir tempo<\/button>\n                                <\/div>\n                            <\/div>\n                            <div class=\"bt-time-btn green-green\">\n                                <button id=\"restart\" onclick=\"resetHits()\">Redefinir<\/button>\n                            <\/div>\n                        <\/div>\n                    <\/div>\n                    <div class=\"row\">\n                        <div class=\"col-lg-12 col-md-12 col-sm-12\">\n                            <button class=\"button button-spacebar\">\n                                <div class=\"button__content\" id=\"clk\">\n                                    <div class=\"button__text\">BARRA DE ESPA\u00c7O<\/div>\n                                <\/div>\n                            <\/button>\n                        <\/div>\n                    <\/div>\n            \t<\/div>\n            <\/div>\n        <\/div>\n    <\/div>\n<\/div>\n\n\n\n<p class=\"wp-block-paragraph\">Damos as boas-vindas aos nossos usu\u00e1rios para apresentar o Balc\u00e3o da Barra de Espa\u00e7o aqui. Aperte o bot\u00e3o play para iniciar o jogo e aproveite o jogo. Pressione a tecla da barra de espa\u00e7o r\u00e1pido e rapidamente para ganhar uma pontua\u00e7\u00e3o HPS o mais alto poss\u00edvel. O jogo \u00e9 muito emocionante para desfrutar a toda velocidade.<\/p>\n\n\n<style>.kb-row-layout-wrap.wp-block-kadence-rowlayout.kb-row-layout-id1407_716628-52{margin-bottom:0px;}.kb-row-layout-id1407_716628-52 > .kt-row-column-wrap{align-content:start;}:where(.kb-row-layout-id1407_716628-52 > .kt-row-column-wrap) > .wp-block-kadence-column{justify-content:start;}.kb-row-layout-id1407_716628-52 > .kt-row-column-wrap{column-gap:var(--global-kb-gap-none, 0rem );row-gap:var(--global-kb-gap-none, 0rem );max-width:1200px;padding-top:30px;padding-right:0px;padding-bottom:30px;padding-left:0px;}.kb-row-layout-id1407_716628-52 > .kt-row-column-wrap > div:not(.added-for-specificity){grid-column:initial;}.kb-row-layout-id1407_716628-52 > .kt-row-column-wrap{grid-template-columns:minmax(0, 1fr) minmax(0, 3fr) minmax(0, 1fr);}.kb-row-layout-id1407_716628-52 > .kt-row-layout-overlay{opacity:0.30;background:linear-gradient(180deg,  0%, #00B5E2 100%);}.kb-row-layout-id1407_716628-52 .kt-row-layout-bottom-sep{height:100px;}.kb-row-layout-id1407_716628-52 .kt-row-layout-bottom-sep svg{width:100%;}.kb-row-layout-id1407_716628-52 .kt-row-layout-bottom-sep svg{fill:#ffffff!important;}@media all and (max-width: 1024px){.kb-row-layout-id1407_716628-52 > .kt-row-column-wrap{padding-top:0px;padding-right:50px;padding-bottom:80px;padding-left:50px;grid-template-columns:minmax(0, 1fr);}}@media all and (max-width: 1024px){.kb-row-layout-id1407_716628-52 > .kt-row-column-wrap > div:not(.added-for-specificity){grid-column:initial;}}@media all and (max-width: 1024px){.kb-row-layout-id1407_716628-52 .kt-row-layout-bottom-sep{height:px;}}@media all and (max-width: 1024px){.kb-row-layout-id1407_716628-52 .kt-row-layout-bottom-sep svg{width:%;}}@media all and (max-width: 767px){.kb-row-layout-id1407_716628-52 > .kt-row-column-wrap{padding-top:40px;padding-right:20px;padding-bottom:50px;padding-left:20px;grid-template-columns:minmax(0, 1fr);}.kb-row-layout-id1407_716628-52 > .kt-row-column-wrap > div:not(.added-for-specificity){grid-column:initial;}.kb-row-layout-id1407_716628-52 .kt-row-layout-bottom-sep{height:px;}.kb-row-layout-id1407_716628-52 .kt-row-layout-bottom-sep svg{width:%;}}<\/style><div class=\"kb-row-layout-wrap kb-row-layout-id1407_716628-52 alignnone kt-row-has-bg wp-block-kadence-rowlayout\"><div class=\"kt-row-layout-overlay kt-row-overlay-gradient\"><\/div><div class=\"kt-row-column-wrap kt-has-3-columns kt-row-layout-center-wide kt-tab-layout-row kt-mobile-layout-row kt-row-valign-top kb-theme-content-width\">\n<style>.kadence-column1407_d9c808-48 > .kt-inside-inner-col{padding-top:10px;padding-right:10px;padding-bottom:10px;padding-left:10px;}.kadence-column1407_d9c808-48 > .kt-inside-inner-col,.kadence-column1407_d9c808-48 > .kt-inside-inner-col:before{border-top-left-radius:0px;border-top-right-radius:0px;border-bottom-right-radius:0px;border-bottom-left-radius:0px;}.kadence-column1407_d9c808-48 > .kt-inside-inner-col{column-gap:var(--global-kb-gap-sm, 1rem);}.kadence-column1407_d9c808-48 > .kt-inside-inner-col{flex-direction:column;}.kadence-column1407_d9c808-48 > .kt-inside-inner-col > .aligncenter{width:100%;}.kadence-column1407_d9c808-48 > .kt-inside-inner-col:before{opacity:0.3;}.kadence-column1407_d9c808-48{position:relative;}.kadence-column1407_d9c808-48, .kt-inside-inner-col > .kadence-column1407_d9c808-48:not(.specificity){margin-top:0px;margin-right:20px;margin-bottom:0px;margin-left:0px;}@media all and (max-width: 1024px){.kadence-column1407_d9c808-48 > .kt-inside-inner-col{flex-direction:column;justify-content:center;}}@media all and (max-width: 1024px){.kadence-column1407_d9c808-48, .kt-inside-inner-col > .kadence-column1407_d9c808-48:not(.specificity){margin-top:0px;margin-right:0px;margin-bottom:0px;margin-left:0px;}}@media all and (max-width: 767px){.kadence-column1407_d9c808-48 > .kt-inside-inner-col{flex-direction:column;justify-content:center;}}<\/style>\n<div class=\"wp-block-kadence-column kadence-column1407_d9c808-48 inner-column-1\"><div class=\"kt-inside-inner-col\"><\/div><\/div>\n\n\n<style>.kadence-column1407_c0503a-9c > .kt-inside-inner-col{padding-top:10px;padding-right:10px;padding-bottom:10px;padding-left:10px;}.kadence-column1407_c0503a-9c > .kt-inside-inner-col,.kadence-column1407_c0503a-9c > .kt-inside-inner-col:before{border-top-left-radius:0px;border-top-right-radius:0px;border-bottom-right-radius:0px;border-bottom-left-radius:0px;}.kadence-column1407_c0503a-9c > .kt-inside-inner-col{column-gap:var(--global-kb-gap-sm, 1rem);}.kadence-column1407_c0503a-9c > .kt-inside-inner-col{flex-direction:column;}.kadence-column1407_c0503a-9c > .kt-inside-inner-col > .aligncenter{width:100%;}.kadence-column1407_c0503a-9c > .kt-inside-inner-col:before{opacity:0.3;}.kadence-column1407_c0503a-9c{position:relative;}.kadence-column1407_c0503a-9c, .kt-inside-inner-col > .kadence-column1407_c0503a-9c:not(.specificity){margin-top:0px;margin-right:10px;margin-bottom:0px;margin-left:10px;}@media all and (max-width: 1024px){.kadence-column1407_c0503a-9c > .kt-inside-inner-col{flex-direction:column;justify-content:center;}}@media all and (max-width: 1024px){.kadence-column1407_c0503a-9c, .kt-inside-inner-col > .kadence-column1407_c0503a-9c:not(.specificity){margin-top:0px;margin-right:0px;margin-bottom:0px;margin-left:0px;}}@media all and (max-width: 767px){.kadence-column1407_c0503a-9c > .kt-inside-inner-col{flex-direction:column;justify-content:center;}}<\/style>\n<div class=\"wp-block-kadence-column kadence-column1407_c0503a-9c inner-column-2\"><div class=\"kt-inside-inner-col\"><style>.wp-block-kadence-column.kb-section-dir-horizontal > .kt-inside-inner-col > .kt-info-box1407_addccd-dd .kt-blocks-info-box-link-wrap{max-width:unset;}.kt-info-box1407_addccd-dd .kt-blocks-info-box-link-wrap{border-top:1px solid var(--global-palette7, #EDF2F7);border-right:1px solid var(--global-palette7, #EDF2F7);border-bottom:1px solid var(--global-palette7, #EDF2F7);border-left:1px solid var(--global-palette7, #EDF2F7);border-top-left-radius:10px;border-top-right-radius:10px;border-bottom-right-radius:10px;border-bottom-left-radius:10px;background:#007bff;padding-top:30px;padding-right:30px;padding-bottom:30px;padding-left:30px;margin-bottom:0px;}.kt-info-box1407_addccd-dd .kt-blocks-info-box-link-wrap:hover{background:#6a6dec;}.kt-info-box1407_addccd-dd .kadence-info-box-icon-container .kt-info-svg-icon, .kt-info-box1407_addccd-dd .kt-info-svg-icon-flip, .kt-info-box1407_addccd-dd .kt-blocks-info-box-number{font-size:50px;}.kt-info-box1407_addccd-dd .kt-blocks-info-box-media{color:#444444;background:transparent;border-color:#444444;border-top-width:0px;border-right-width:0px;border-bottom-width:0px;border-left-width:0px;padding-top:0px;padding-right:0px;padding-bottom:0px;padding-left:0px;}.kt-info-box1407_addccd-dd .kt-blocks-info-box-media-container{margin-top:0px;margin-right:15px;margin-bottom:0px;margin-left:0px;}.kt-info-box1407_addccd-dd .kt-blocks-info-box-link-wrap:hover .kt-blocks-info-box-media{color:#444444;background:transparent;border-color:#444444;}.kt-info-box1407_addccd-dd .kt-infobox-textcontent h6.kt-blocks-info-box-title{line-height:1.3em;padding-top:0px;padding-right:0px;padding-bottom:0px;padding-left:0px;margin-top:0px;margin-right:0px;margin-bottom:14px;margin-left:0px;}.kt-info-box1407_addccd-dd .kt-infobox-textcontent .kt-blocks-info-box-text{color:var(--base-3);}.wp-block-kadence-infobox.kt-info-box1407_addccd-dd .kt-blocks-info-box-text{text-transform:capitalize;}.kt-info-box1407_addccd-dd .kt-blocks-info-box-learnmore{background:transparent;border-color:#555555;border-width:0px 0px 0px 0px;padding-top:4px;padding-right:8px;padding-bottom:4px;padding-left:8px;margin-top:10px;margin-right:0px;margin-bottom:10px;margin-left:0px;}.kt-info-box1407_addccd-dd .kt-blocks-info-box-link-wrap:hover .kt-blocks-info-box-learnmore,.kt-info-box1407_addccd-dd .kt-blocks-info-box-link-wrap .kt-blocks-info-box-learnmore:focus{color:#ffffff;background:#444444;border-color:#444444;}.kt-info-box1407_addccd-dd .kt-blocks-info-box-link-wrap{box-shadow:0px 0px 0px 0px rgba(0, 0, 0, 0);}.kt-info-box1407_addccd-dd .kt-blocks-info-box-link-wrap:hover{box-shadow:20px 20px 80px 0px rgba(27, 0, 79, 0.06);}@media all and (max-width: 1024px){.kt-info-box1407_addccd-dd .kt-blocks-info-box-link-wrap{border-top:1px solid var(--global-palette7, #EDF2F7);border-right:1px solid var(--global-palette7, #EDF2F7);border-bottom:1px solid var(--global-palette7, #EDF2F7);border-left:1px solid var(--global-palette7, #EDF2F7);box-shadow:0px 0px 0px 0px rgba(0, 0, 0, 0);}}@media all and (max-width: 1024px){.kt-info-box1407_addccd-dd .kt-blocks-info-box-link-wrap:hover{box-shadow:20px 20px 80px 0px rgba(27, 0, 79, 0.06);}}@media all and (max-width: 767px){.kt-info-box1407_addccd-dd .kt-blocks-info-box-link-wrap{border-top:1px solid var(--global-palette7, #EDF2F7);border-right:1px solid var(--global-palette7, #EDF2F7);border-bottom:1px solid var(--global-palette7, #EDF2F7);border-left:1px solid var(--global-palette7, #EDF2F7);text-align:center;display:block;box-shadow:0px 0px 0px 0px rgba(0, 0, 0, 0);}.kt-info-box1407_addccd-dd .kt-blocks-info-box-link-wrap .kt-blocks-info-box-media{display:inline-block;max-width:100%;}.kt-info-box1407_addccd-dd .kt-blocks-info-box-link-wrap:hover{box-shadow:20px 20px 80px 0px rgba(27, 0, 79, 0.06);}}<\/style>\n<div class=\"wp-block-kadence-infobox kt-info-box1407_addccd-dd\"><a class=\"kt-blocks-info-box-link-wrap info-box-link kt-blocks-info-box-media-align-top kt-info-halign-center kb-info-box-vertical-media-align-top kb-info-mobile-halign-center\" target=\"_blank\" rel=\"noopener noreferrer\" href=\"https:\/\/easycpstest.com\/pt\/\" aria-label=\"Clique em Teste de velocidade | Teste CPS\"><div class=\"kt-infobox-textcontent\"><p class=\"kt-blocks-info-box-text\"><strong>CLIQUE TESTE DE VELOCIDADE | TESTE CPS<\/strong><\/p><\/div><\/a><\/div>\n<\/div><\/div>\n\n\n<style>.kadence-column1407_16aee3-18 > .kt-inside-inner-col{padding-top:10px;padding-right:10px;padding-bottom:10px;padding-left:10px;}.kadence-column1407_16aee3-18 > .kt-inside-inner-col,.kadence-column1407_16aee3-18 > .kt-inside-inner-col:before{border-top-left-radius:0px;border-top-right-radius:0px;border-bottom-right-radius:0px;border-bottom-left-radius:0px;}.kadence-column1407_16aee3-18 > .kt-inside-inner-col{column-gap:var(--global-kb-gap-sm, 1rem);}.kadence-column1407_16aee3-18 > .kt-inside-inner-col{flex-direction:column;}.kadence-column1407_16aee3-18 > .kt-inside-inner-col > .aligncenter{width:100%;}.kadence-column1407_16aee3-18 > .kt-inside-inner-col:before{opacity:0.3;}.kadence-column1407_16aee3-18{position:relative;}.kadence-column1407_16aee3-18, .kt-inside-inner-col > .kadence-column1407_16aee3-18:not(.specificity){margin-top:0px;margin-right:0px;margin-bottom:0px;margin-left:20px;}@media all and (max-width: 1024px){.kadence-column1407_16aee3-18 > .kt-inside-inner-col{flex-direction:column;justify-content:center;}}@media all and (max-width: 1024px){.kadence-column1407_16aee3-18, .kt-inside-inner-col > .kadence-column1407_16aee3-18:not(.specificity){margin-top:0px;margin-right:0px;margin-bottom:0px;margin-left:0px;}}@media all and (max-width: 767px){.kadence-column1407_16aee3-18 > .kt-inside-inner-col{flex-direction:column;justify-content:center;}}<\/style>\n<div class=\"wp-block-kadence-column kadence-column1407_16aee3-18 inner-column-3\"><div class=\"kt-inside-inner-col\"><\/div><\/div>\n\n<\/div><\/div>\n\n\n<p class=\"wp-block-paragraph\">Os desafios subjugam a habilidade de clicar na barra de espa\u00e7o para o jogo em tempo real na reserva. No entanto, traz sua habilidade para o pr\u00f3ximo n\u00edvel de clicar com superioridade.<\/p>\n\n\n\n<p class=\"wp-block-paragraph\">Al\u00e9m disso, o jogo ou teste avalia o n\u00famero de cliques em rela\u00e7\u00e3o ao n\u00famero de segundos. Normalmente, ele calcula os cliques em 5 segundos. Se voc\u00ea quer vencer e estabelecer o recorde mundial de tempo, o desperd\u00edcio pode estragar suas classifica\u00e7\u00f5es de HPS. No entanto, comece a jogar o incr\u00edvel jogo de contador da barra de espa\u00e7o sem perder tempo e classifica\u00e7\u00e3o.<\/p>\n\n\n\n<p class=\"wp-block-paragraph\">No entanto, o teste de teclado ajuda voc\u00ea a selecionar o melhor e mais eficiente teclado para jogar nele. Verifique particularmente a barra de espa\u00e7o e, se encontrar o atraso no clique, atribua o clique para substitu\u00ed-lo imediatamente.<\/p>\n\n\n\n<p class=\"wp-block-paragraph\">Al\u00e9m disso, voc\u00ea pode verificar a efici\u00eancia do seu mouse usando o mesmo teste e classificar o n\u00edvel de cliques ap\u00f3s jogar o jogo. Portanto, verifique a velocidade de clique do seu dispositivo, seja um mouse ou um teclado, com este contador de cliques da barra de espa\u00e7o. E voc\u00ea pode tentar o <a href=\"https:\/\/easycpstest.com\/pt\/\" target=\"_blank\" rel=\"noreferrer noopener\">Clique em teste de velocidade<\/a> para encontrar o n\u00famero de cliques que voc\u00ea pode obter por segundo.<\/p>\n\n\n\n<h3 style=\"color: #ffffff;font-weight: 400;background: #007bff ;width: auto;margin: 1em 0px;font-size: 25px;line-height: 1;padding: 14px;border-left: 40px solid #000000;box-shadow: #c7c7c7 0px 2px 15px 0px;text-align:;\"><span id=\"Online Spacebar Speed Test\"><strong> Teste de velocidade da barra de espa\u00e7o online\n<\/strong><\/span><\/h3>\n\n\n\n<p class=\"wp-block-paragraph\">Para o usu\u00e1rio curioso, basta dar o desafio de verificar seus limites. No entanto, o jogo de contador da barra de espa\u00e7o \u00e9 perfeito para dar o pontap\u00e9 inicial. Assim, voc\u00ea pode ganhar uma classifica\u00e7\u00e3o alta no contador de cliques da barra de espa\u00e7o.&nbsp;<\/p>\n\n\n\n<p class=\"wp-block-paragraph\">A partir de agora voc\u00ea n\u00e3o precisa baixar nenhum aplicativo, nem instalar nenhum aplicativo de jogos para verificar o <a href=\"https:\/\/easycpstest.com\/pt\/click-counter\/\" target=\"_blank\" rel=\"noreferrer noopener\">contador de cliques<\/a> nenhum software \u00e9 necess\u00e1rio para impulsionar a p\u00e1gina da web. A \u00fanica coisa que voc\u00ea deve ter nesse aplicativo \u00e9 uma conex\u00e3o de rede de alta velocidade.&nbsp;<\/p>\n\n\n<div class=\"wp-block-image\">\n<figure class=\"aligncenter size-full\"><img loading=\"lazy\" decoding=\"async\" width=\"768\" height=\"452\" src=\"https:\/\/easycpstest.com\/wp-content\/uploads\/2022\/03\/Spacebar-counter.png\" alt=\"Spacebar counter \" class=\"wp-image-1628\" srcset=\"https:\/\/easycpstest.com\/wp-content\/uploads\/2022\/03\/Spacebar-counter.png 768w, https:\/\/easycpstest.com\/wp-content\/uploads\/2022\/03\/Spacebar-counter-300x177.png 300w\" sizes=\"auto, (max-width: 768px) 100vw, 768px\" \/><\/figure>\n<\/div>\n\n\n<h3 style=\"color: #ffffff;font-weight: 400;background: #007bff ;width: auto;margin: 1em 0px;font-size: 25px;line-height: 1;padding: 14px;border-left: 40px solid #000000;box-shadow: #c7c7c7 0px 2px 15px 0px;text-align:;\"><span id=\"Spacebar TikTok Challenge\"><strong> Desafio TikTok da barra de espa\u00e7o\n<\/strong><\/span><\/h3>\n\n\n\n<p class=\"wp-block-paragraph\">Nos dias de hoje, os desafios v\u00e3o surgindo <a href=\"https:\/\/www.tiktok.com\/\" target=\"_blank\" rel=\"noreferrer noopener\">TikTok <\/a>freq\u00fcentemente. Enquanto as pessoas lan\u00e7am novas tend\u00eancias de cria\u00e7\u00e3o de v\u00eddeos, elas tamb\u00e9m gostam de compartilhar os v\u00eddeos do jogo. Portanto, os jogadores de clique compartilham o placar e o v\u00eddeo do jogo de clique com as tags do Spacebar TikTok Challenge.<\/p>\n\n\n\n<h3 style=\"color: #ffffff;font-weight: 400;background: #007bff ;width: auto;margin: 1em 0px;font-size: 25px;line-height: 1;padding: 14px;border-left: 40px solid #000000;box-shadow: #c7c7c7 0px 2px 15px 0px;text-align:;\"><span id=\"Do You Want To Be A Spacebar Champion?\"><strong> Voc\u00ea quer ser um campe\u00e3o da barra de espa\u00e7o?\n<\/strong><\/span><\/h3>\n\n\n\n<p class=\"wp-block-paragraph\">Durante o clique, o contador da barra de espa\u00e7o \u00e9 o melhor e mais aut\u00eantico m\u00e9todo para medir a velocidade dos cliques com precis\u00e3o. Ent\u00e3o, bata os dedos rapidamente sem se preocupar e alcance sua classifica\u00e7\u00e3o no contador de jogos. Portanto, voc\u00ea pode jogar o modo PVP com jogadores de todo o mundo para pontua\u00e7\u00f5es mais altas! A tabela de classifica\u00e7\u00e3o mostra a classifica\u00e7\u00e3o de acordo.<\/p>\n\n\n\n<p class=\"wp-block-paragraph\">O jogo de velocidade faz voc\u00ea ganhar mais pontos, ent\u00e3o n\u00e3o hesite em clicar r\u00e1pido no jogo de contador da barra de espa\u00e7o. No entanto, se voc\u00ea deseja se divertir com o jogo, \u00e9 perfeito para voc\u00ea que est\u00e1 animado para aprimorar suas habilidades de jogo. Enquanto uma perspectiva simples torna o jogo aceit\u00e1vel, sua estrat\u00e9gia f\u00e1cil chama a aten\u00e7\u00e3o do usu\u00e1rio.<\/p>\n\n\n\n<h2 style=\"color: #ffffff;font-weight: 400;background: #007bff ;width: auto;margin: 1em 0px;font-size: 25px;line-height: 1;padding: 14px;border-left: 40px solid #000000;box-shadow: #c7c7c7 0px 2px 15px 0px;text-align:;\"><span id=\"Features of Spacebar Counter\"><strong> Recursos do contador de barra de espa\u00e7o<\/strong><\/span><\/h2>\n\n\n\n<p class=\"wp-block-paragraph\">Uma interface simples atrai mais usu\u00e1rios para ela, e um design decente prende a aten\u00e7\u00e3o do usu\u00e1rio por um longo per\u00edodo. Al\u00e9m disso, o jogo ben\u00e9fico ajuda a focar no clique da barra de espa\u00e7o e permite que voc\u00ea dificulte o seu oponente no jogo em tempo real.<\/p>\n\n\n\n<p class=\"wp-block-paragraph\">Al\u00e9m disso, o contador de cliques da barra de espa\u00e7o ajuda a aumentar a velocidade de cliques e progresso dos jogadores. No entanto, o jogador pode pular ou atirar com mais frequ\u00eancia do que nunca no jogo. Ent\u00e3o, use a chave e salte sobre todos os obst\u00e1culos do jogo. O jogo \u00e9 competitivo. Ele oferece classifica\u00e7\u00f5es para alcan\u00e7ar no jogo.<\/p>\n\n\n\n<h3 style=\"color: #ffffff;font-weight: 400;background: #007bff ;width: auto;margin: 1em 0px;font-size: 25px;line-height: 1;padding: 14px;border-left: 40px solid #000000;box-shadow: #c7c7c7 0px 2px 15px 0px;text-align:;\"><span id=\"Few More Features\"><strong> Mais alguns recursos <\/strong><\/span><\/h3>\n\n\n\n<p class=\"wp-block-paragraph\">EasyCPSTest \u00e9 um jogo excelente que leva a habilidade de clicar para o pr\u00f3ximo n\u00edvel de efici\u00eancia ao usar <a href=\"https:\/\/easycpstest.com\/pt\/mouse-test\/\" target=\"_blank\" rel=\"noreferrer noopener\">Bot\u00e3o do mouse<\/a> ou Barra de espa\u00e7o do teclado.<\/p>\n\n\n\n<ul class=\"wp-block-list\">\n<li>Provavelmente, os jogadores podem compartilhar os resultados com seus amigos nas redes sociais como Twitter, Facebook e Whatsapp. Eles compartilham um scorecard ou classifica\u00e7\u00e3o HPS e desafiam seus amigos ou oponentes com um \u00fanico clique. Significativamente, os usu\u00e1rios podem analisar os resultados e avaliar o progresso no jogo clicando.&nbsp;<\/li>\n\n\n\n<li>Normalmente, os jogadores usam um mouse ou teclado para marcar os cliques dos jogos, mas voc\u00ea tamb\u00e9m pode fazer isso no seu celular porque a vers\u00e3o do software Spacebar Counter Mobile \u00e9 altamente responsiva ao jogo. Mesmo os usu\u00e1rios podem adicionar o contador de cliques no iPad e Android ou adicionar o teclado ou mouse estendido.<\/li>\n\n\n\n<li>Comumente, o Spacebar Counter \u00e9 um jogo orientado para PC ou Desktop que conta facilmente o toque da barra de espa\u00e7o. Ao usar o celular, voc\u00ea precisa adicionar o teclado ou mouse externo que tamb\u00e9m funciona bem. Mas \u00e9 recomendado para o PC ou Desktop.<\/li>\n<\/ul>\n\n\n\n<h3 style=\"color: #ffffff;font-weight: 400;background: #007bff ;width: auto;margin: 1em 0px;font-size: 25px;line-height: 1;padding: 14px;border-left: 40px solid #000000;box-shadow: #c7c7c7 0px 2px 15px 0px;text-align:;\"><span id=\"How to Play Spacebar Counter Game\"><strong> Como jogar o jogo de contador da barra de espa\u00e7o? <\/strong><\/span><\/h3>\n\n\n\n<p class=\"wp-block-paragraph\">Primeiro, clique no bot\u00e3o destacado para iniciar o contador de cliques da barra de espa\u00e7o tocando nos cliques na barra de espa\u00e7o do teclado o mais r\u00e1pido poss\u00edvel. Voc\u00ea ganhar\u00e1 uma pontua\u00e7\u00e3o HPS para atribuir \u00e0 tabela de classifica\u00e7\u00e3o ao marcar o m\u00e1ximo de cliques.<\/p>\n\n\n\n<p class=\"wp-block-paragraph\">A caixa modal mostra os resultados conforme o cron\u00f4metro para a segunda contagem regressiva. Ent\u00e3o, toque na barra de espa\u00e7o caprichosamente para ganhar o m\u00e1ximo de pontos e aumentar a propor\u00e7\u00e3o de CPS nesse jogo de clique.&nbsp;<\/p>\n\n\n\n<p class=\"wp-block-paragraph\">Eventualmente, a plataforma que compartilha o registro dos cliques est\u00e1 aqui para mostrar seu progresso no jogo para o mundo. Para dar desafios abertos aos seus amigos e oponentes, voc\u00ea pode usar as plataformas de m\u00eddia social.&nbsp;<\/p>\n\n\n\n<p class=\"wp-block-paragraph\">Finalmente, segure a barra de espa\u00e7o com dois dedos e lute para gerar uma explos\u00e3o de cliques da barra de espa\u00e7o com a m\u00e3o do que com os m\u00fasculos dos dedos.<\/p>\n\n\n\n<h2 class=\"wp-block-heading has-text-align-center\">perguntas frequentes<\/h2>\n\n\n\n<div class=\"schema-faq wp-block-yoast-faq-block\"><div class=\"schema-faq-section\" id=\"faq-question-1676972813690\"><strong class=\"schema-faq-question\"><strong>Como clicar na barra de espa\u00e7o mais r\u00e1pido?<\/strong><\/strong> <p class=\"schema-faq-answer\">Quanto mais voc\u00ea toca, e voc\u00ea marca os cliques. Portanto, depende da velocidade do desempenho do seu dedo e de quanto voc\u00ea marca. Mas os dispositivos eficientes ajudam voc\u00ea a registrar mais cliques enquanto joga o contador de barra de espa\u00e7o. Usar a m\u00e3o inteira em vez de usar o dedo para clicar \u00e9 a melhor op\u00e7\u00e3o.<\/p> <\/div> <div class=\"schema-faq-section\" id=\"faq-question-1676972829944\"><strong class=\"schema-faq-question\"><strong>Qual \u00e9 o recorde mundial de pressionamento da barra de espa\u00e7o?<\/strong><\/strong> <p class=\"schema-faq-answer\">O recorde mais alto no jogo da barra de espa\u00e7o \u00e9 de 17,5 CPS, portanto, se voc\u00ea estiver interessado em estabelecer um recorde para os outros, tente a sorte e acerte um pouco mais suavemente para vencer no jogo e levar sua experi\u00eancia de jogo para o pr\u00f3ximo n\u00edvel.<\/p> <\/div> <\/div>","protected":false},"excerpt":{"rendered":"<p>Spacebar Counter | Easy CPS Test Play the game by tapping on the play button and hitting the spacebar as quickly as you can to achieve a high score. We proudly welcome our users to present the&nbsp;Spacebar Counter&nbsp;here. Hit the &#8230; <\/p>\n<p class=\"read-more-container\"><a title=\"Spacebar Counter &#8211; Spacebar Speed Test | Easy CPS Test\" class=\"read-more button\" href=\"https:\/\/easycpstest.com\/pt\/spacebar-counter\/#more-1407\" aria-label=\"Mais em Spacebar Counter &#8211; Spacebar Speed Test | Easy CPS Test\">Leia mais<\/a><\/p>","protected":false},"author":1,"featured_media":0,"parent":0,"menu_order":0,"comment_status":"closed","ping_status":"closed","template":"","meta":{"_crdt_document":"","footnotes":""},"class_list":{"0":"post-1407","1":"page","2":"type-page","3":"status-publish","5":"no-featured-image-padding"},"_links":{"self":[{"href":"https:\/\/easycpstest.com\/pt\/wp-json\/wp\/v2\/pages\/1407","targetHints":{"allow":["GET"]}}],"collection":[{"href":"https:\/\/easycpstest.com\/pt\/wp-json\/wp\/v2\/pages"}],"about":[{"href":"https:\/\/easycpstest.com\/pt\/wp-json\/wp\/v2\/types\/page"}],"author":[{"embeddable":true,"href":"https:\/\/easycpstest.com\/pt\/wp-json\/wp\/v2\/users\/1"}],"replies":[{"embeddable":true,"href":"https:\/\/easycpstest.com\/pt\/wp-json\/wp\/v2\/comments?post=1407"}],"version-history":[{"count":16,"href":"https:\/\/easycpstest.com\/pt\/wp-json\/wp\/v2\/pages\/1407\/revisions"}],"predecessor-version":[{"id":2172,"href":"https:\/\/easycpstest.com\/pt\/wp-json\/wp\/v2\/pages\/1407\/revisions\/2172"}],"wp:attachment":[{"href":"https:\/\/easycpstest.com\/pt\/wp-json\/wp\/v2\/media?parent=1407"}],"curies":[{"name":"wp","href":"https:\/\/api.w.org\/{rel}","templated":true}]}}