{"id":1409,"date":"2025-02-10T06:58:51","date_gmt":"2025-02-10T06:58:51","guid":{"rendered":"https:\/\/easycpstest.com\/?page_id=1409"},"modified":"2025-02-10T06:58:52","modified_gmt":"2025-02-10T06:58:52","slug":"badlion-click-test","status":"publish","type":"page","link":"https:\/\/easycpstest.com\/pt\/badlion-click-test\/","title":{"rendered":"Badlion Click Test | CPS Game &#8211; Easy CPS Test"},"content":{"rendered":"<h1 class=\"wp-block-heading has-text-align-center\"><strong>Teste de clique Badlion | Teste CPS f\u00e1cil<\/strong><\/h1>\n\n\n\n<p class=\"has-text-align-center wp-block-paragraph\">The EasyCPSTest website offers a new Badlion Click Test for universal players and ambitious gamers in the PVP mode. The trick is also used in famous games like Minecraft.<\/p>\n\n\n<div class=\"page-wrapper\">\n\t<div class=\"row\">\n\t\t<div class=\"col-lg-12 col-md-12 custom-container\">\n\t\t\t<div class=\"card\">\n\t\t\t\t<header class=\"entry-header\">\n\t\t\t\t\t\t\t\t\t<\/header>\n\t\t\t\t\t\t\t\t<div class=\"bt-click-inner\">\n\t\t\t\t\t<div class=\"card-header\">\n\t\t\t\t\t\t<div class=\"bt-header-timer\">\n\t\t\t\t\t\t\t<div class=\"bt-time-btn blue-btn\">\n\t\t\t\t\t\t\t\t<h4 class=\"mb-0\"><span id=\"timer\">0<\/span><\/h4>\n\t\t\t\t\t\t\t\t<small class=\"mb-0 sm-custom\">Cron\u00f4metro<\/small>\n\t\t\t\t\t\t\t<\/div>\n\t\t\t\t\t\t\t<div class=\"bt-time-btn orange-btn\">\n\t\t\t\t\t\t\t\t<h4 class=\"mb-0\"><span id=\"clicks\">0<\/span><\/h4>\n\t\t\t\t\t\t\t\t<small class=\"mb-0 sm-custom\">Cliques<\/small>\n\t\t\t\t\t\t\t<\/div>\n\t\t\t\t\t\t\t<div class=\"bt-time-btn green-btn\">\n\t\t\t\t\t\t\t\t<h4 class=\"mb-0\"><span id=\"score\">0<\/span><\/h4>\n\t\t\t\t\t\t\t\t<small class=\"mb-0 sm-custom\">Pontua\u00e7\u00e3o<\/small>\n\t\t\t\t\t\t\t<\/div>\n\t\t\t\t\t\t<\/div>\n\t\t\t\t\t<\/div>\n\t\t\t\t\t<div class=\"card-body\">\n\t\t\t\t\t\t<div class=\"bt-click-area\" id=\"bt-click-area\">\n\t\t\t\t\t\t\t<button id=\"start\" type=\"button\" class=\"btn-light btn-round waves-effect waves-light\">CLIQUE AQUI PARA COME\u00c7AR A JOGAR<\/button>\n\t\t\t\t\t\t<\/div>\n\t\t\t\t\t<\/div>\n\t\t\t\t\t<button type=\"button\" data-toggle=\"modal\" data-target=\"#click-result-modal\" style=\"display: none;\" id=\"trigger-modal\">Iniciar modal<\/button>\n\t\t\t\t<\/div>\n\t\t\t<\/div>\n\t\t<\/div>\n\t\t\t<\/div>\n<\/div>\n\n\n\n<p class=\"wp-block-paragraph\">No entanto, o jogador usa o truque do clique repetitivo para melhorar a habilidade de clicar. Al\u00e9m disso, o jogador pode jogar o truque do clique para ensaiar para o modo PVP do cliente da comunidade Badlion Click Game do Minecraft. Assim, os jogadores treinados desenvolvem uma habilidade que os ajuda em todos os jogos.<\/p>\n\n\n\n<p class=\"wp-block-paragraph\"><\/p>\n\n\n<style>.kb-row-layout-wrap.wp-block-kadence-rowlayout.kb-row-layout-id1409_1c01c2-28{margin-bottom:0px;}.kb-row-layout-id1409_1c01c2-28 > .kt-row-column-wrap{align-content:start;}:where(.kb-row-layout-id1409_1c01c2-28 > .kt-row-column-wrap) > .wp-block-kadence-column{justify-content:start;}.kb-row-layout-id1409_1c01c2-28 > .kt-row-column-wrap{column-gap:var(--global-kb-gap-none, 0rem );row-gap:var(--global-kb-gap-none, 0rem );max-width:1200px;padding-top:30px;padding-right:0px;padding-bottom:30px;padding-left:0px;}.kb-row-layout-id1409_1c01c2-28 > .kt-row-column-wrap > div:not(.added-for-specificity){grid-column:initial;}.kb-row-layout-id1409_1c01c2-28 > .kt-row-column-wrap{grid-template-columns:minmax(0, 1fr) minmax(0, 3fr) minmax(0, 1fr);}.kb-row-layout-id1409_1c01c2-28 > .kt-row-layout-overlay{opacity:0.30;background:linear-gradient(180deg,  0%, #00B5E2 100%);}.kb-row-layout-id1409_1c01c2-28 .kt-row-layout-bottom-sep{height:100px;}.kb-row-layout-id1409_1c01c2-28 .kt-row-layout-bottom-sep svg{width:100%;}.kb-row-layout-id1409_1c01c2-28 .kt-row-layout-bottom-sep svg{fill:#ffffff!important;}@media all and (max-width: 1024px){.kb-row-layout-id1409_1c01c2-28 > .kt-row-column-wrap{padding-top:0px;padding-right:50px;padding-bottom:80px;padding-left:50px;grid-template-columns:minmax(0, 1fr);}}@media all and (max-width: 1024px){.kb-row-layout-id1409_1c01c2-28 > .kt-row-column-wrap > div:not(.added-for-specificity){grid-column:initial;}}@media all and (max-width: 1024px){.kb-row-layout-id1409_1c01c2-28 .kt-row-layout-bottom-sep{height:px;}}@media all and (max-width: 1024px){.kb-row-layout-id1409_1c01c2-28 .kt-row-layout-bottom-sep svg{width:%;}}@media all and (max-width: 767px){.kb-row-layout-id1409_1c01c2-28 > .kt-row-column-wrap{padding-top:40px;padding-right:20px;padding-bottom:50px;padding-left:20px;grid-template-columns:minmax(0, 1fr);}.kb-row-layout-id1409_1c01c2-28 > .kt-row-column-wrap > div:not(.added-for-specificity){grid-column:initial;}.kb-row-layout-id1409_1c01c2-28 .kt-row-layout-bottom-sep{height:px;}.kb-row-layout-id1409_1c01c2-28 .kt-row-layout-bottom-sep svg{width:%;}}<\/style><div class=\"kb-row-layout-wrap kb-row-layout-id1409_1c01c2-28 alignnone kt-row-has-bg wp-block-kadence-rowlayout\"><div class=\"kt-row-layout-overlay kt-row-overlay-gradient\"><\/div><div class=\"kt-row-column-wrap kt-has-3-columns kt-row-layout-center-wide kt-tab-layout-row kt-mobile-layout-row kt-row-valign-top kb-theme-content-width\">\n<style>.kadence-column1409_4606ee-33 > .kt-inside-inner-col{padding-top:10px;padding-right:10px;padding-bottom:10px;padding-left:10px;}.kadence-column1409_4606ee-33 > .kt-inside-inner-col,.kadence-column1409_4606ee-33 > .kt-inside-inner-col:before{border-top-left-radius:0px;border-top-right-radius:0px;border-bottom-right-radius:0px;border-bottom-left-radius:0px;}.kadence-column1409_4606ee-33 > .kt-inside-inner-col{column-gap:var(--global-kb-gap-sm, 1rem);}.kadence-column1409_4606ee-33 > .kt-inside-inner-col{flex-direction:column;}.kadence-column1409_4606ee-33 > .kt-inside-inner-col > .aligncenter{width:100%;}.kadence-column1409_4606ee-33 > .kt-inside-inner-col:before{opacity:0.3;}.kadence-column1409_4606ee-33{position:relative;}.kadence-column1409_4606ee-33, .kt-inside-inner-col > .kadence-column1409_4606ee-33:not(.specificity){margin-top:0px;margin-right:20px;margin-bottom:0px;margin-left:0px;}@media all and (max-width: 1024px){.kadence-column1409_4606ee-33 > .kt-inside-inner-col{flex-direction:column;justify-content:center;}}@media all and (max-width: 1024px){.kadence-column1409_4606ee-33, .kt-inside-inner-col > .kadence-column1409_4606ee-33:not(.specificity){margin-top:0px;margin-right:0px;margin-bottom:0px;margin-left:0px;}}@media all and (max-width: 767px){.kadence-column1409_4606ee-33 > .kt-inside-inner-col{flex-direction:column;justify-content:center;}}<\/style>\n<div class=\"wp-block-kadence-column kadence-column1409_4606ee-33 inner-column-1\"><div class=\"kt-inside-inner-col\"><\/div><\/div>\n\n\n<style>.kadence-column1409_455038-f7 > .kt-inside-inner-col{padding-top:10px;padding-right:10px;padding-bottom:10px;padding-left:10px;}.kadence-column1409_455038-f7 > .kt-inside-inner-col,.kadence-column1409_455038-f7 > .kt-inside-inner-col:before{border-top-left-radius:0px;border-top-right-radius:0px;border-bottom-right-radius:0px;border-bottom-left-radius:0px;}.kadence-column1409_455038-f7 > .kt-inside-inner-col{column-gap:var(--global-kb-gap-sm, 1rem);}.kadence-column1409_455038-f7 > .kt-inside-inner-col{flex-direction:column;}.kadence-column1409_455038-f7 > .kt-inside-inner-col > .aligncenter{width:100%;}.kadence-column1409_455038-f7 > .kt-inside-inner-col:before{opacity:0.3;}.kadence-column1409_455038-f7{position:relative;}.kadence-column1409_455038-f7, .kt-inside-inner-col > .kadence-column1409_455038-f7:not(.specificity){margin-top:0px;margin-right:10px;margin-bottom:0px;margin-left:10px;}@media all and (max-width: 1024px){.kadence-column1409_455038-f7 > .kt-inside-inner-col{flex-direction:column;justify-content:center;}}@media all and (max-width: 1024px){.kadence-column1409_455038-f7, .kt-inside-inner-col > .kadence-column1409_455038-f7:not(.specificity){margin-top:0px;margin-right:0px;margin-bottom:0px;margin-left:0px;}}@media all and (max-width: 767px){.kadence-column1409_455038-f7 > .kt-inside-inner-col{flex-direction:column;justify-content:center;}}<\/style>\n<div class=\"wp-block-kadence-column kadence-column1409_455038-f7 inner-column-2\"><div class=\"kt-inside-inner-col\"><style>.wp-block-kadence-column.kb-section-dir-horizontal > .kt-inside-inner-col > .kt-info-box1409_756f9b-10 .kt-blocks-info-box-link-wrap{max-width:unset;}.kt-info-box1409_756f9b-10 .kt-blocks-info-box-link-wrap{border-top:1px solid var(--global-palette7, #EDF2F7);border-right:1px solid var(--global-palette7, #EDF2F7);border-bottom:1px solid var(--global-palette7, #EDF2F7);border-left:1px solid var(--global-palette7, #EDF2F7);border-top-left-radius:10px;border-top-right-radius:10px;border-bottom-right-radius:10px;border-bottom-left-radius:10px;background:#007bff;padding-top:30px;padding-right:30px;padding-bottom:30px;padding-left:30px;margin-bottom:0px;}.kt-info-box1409_756f9b-10 .kt-blocks-info-box-link-wrap:hover{background:#6a6dec;}.kt-info-box1409_756f9b-10 .kadence-info-box-icon-container .kt-info-svg-icon, .kt-info-box1409_756f9b-10 .kt-info-svg-icon-flip, .kt-info-box1409_756f9b-10 .kt-blocks-info-box-number{font-size:50px;}.kt-info-box1409_756f9b-10 .kt-blocks-info-box-media{color:#444444;background:transparent;border-color:#444444;border-top-width:0px;border-right-width:0px;border-bottom-width:0px;border-left-width:0px;padding-top:0px;padding-right:0px;padding-bottom:0px;padding-left:0px;}.kt-info-box1409_756f9b-10 .kt-blocks-info-box-media-container{margin-top:0px;margin-right:15px;margin-bottom:0px;margin-left:0px;}.kt-info-box1409_756f9b-10 .kt-blocks-info-box-link-wrap:hover .kt-blocks-info-box-media{color:#444444;background:transparent;border-color:#444444;}.kt-info-box1409_756f9b-10 .kt-infobox-textcontent h6.kt-blocks-info-box-title{line-height:1.3em;padding-top:0px;padding-right:0px;padding-bottom:0px;padding-left:0px;margin-top:0px;margin-right:0px;margin-bottom:14px;margin-left:0px;}.kt-info-box1409_756f9b-10 .kt-infobox-textcontent .kt-blocks-info-box-text{color:var(--base-3);}.wp-block-kadence-infobox.kt-info-box1409_756f9b-10 .kt-blocks-info-box-text{text-transform:capitalize;}.kt-info-box1409_756f9b-10 .kt-blocks-info-box-learnmore{background:transparent;border-color:#555555;border-width:0px 0px 0px 0px;padding-top:4px;padding-right:8px;padding-bottom:4px;padding-left:8px;margin-top:10px;margin-right:0px;margin-bottom:10px;margin-left:0px;}.kt-info-box1409_756f9b-10 .kt-blocks-info-box-link-wrap:hover .kt-blocks-info-box-learnmore,.kt-info-box1409_756f9b-10 .kt-blocks-info-box-link-wrap .kt-blocks-info-box-learnmore:focus{color:#ffffff;background:#444444;border-color:#444444;}.kt-info-box1409_756f9b-10 .kt-blocks-info-box-link-wrap{box-shadow:0px 0px 0px 0px rgba(0, 0, 0, 0);}.kt-info-box1409_756f9b-10 .kt-blocks-info-box-link-wrap:hover{box-shadow:20px 20px 80px 0px rgba(27, 0, 79, 0.06);}@media all and (max-width: 1024px){.kt-info-box1409_756f9b-10 .kt-blocks-info-box-link-wrap{border-top:1px solid var(--global-palette7, #EDF2F7);border-right:1px solid var(--global-palette7, #EDF2F7);border-bottom:1px solid var(--global-palette7, #EDF2F7);border-left:1px solid var(--global-palette7, #EDF2F7);box-shadow:0px 0px 0px 0px rgba(0, 0, 0, 0);}}@media all and (max-width: 1024px){.kt-info-box1409_756f9b-10 .kt-blocks-info-box-link-wrap:hover{box-shadow:20px 20px 80px 0px rgba(27, 0, 79, 0.06);}}@media all and (max-width: 767px){.kt-info-box1409_756f9b-10 .kt-blocks-info-box-link-wrap{border-top:1px solid var(--global-palette7, #EDF2F7);border-right:1px solid var(--global-palette7, #EDF2F7);border-bottom:1px solid var(--global-palette7, #EDF2F7);border-left:1px solid var(--global-palette7, #EDF2F7);text-align:center;display:block;box-shadow:0px 0px 0px 0px rgba(0, 0, 0, 0);}.kt-info-box1409_756f9b-10 .kt-blocks-info-box-link-wrap .kt-blocks-info-box-media{display:inline-block;max-width:100%;}.kt-info-box1409_756f9b-10 .kt-blocks-info-box-link-wrap:hover{box-shadow:20px 20px 80px 0px rgba(27, 0, 79, 0.06);}}<\/style>\n<div class=\"wp-block-kadence-infobox kt-info-box1409_756f9b-10\"><a class=\"kt-blocks-info-box-link-wrap info-box-link kt-blocks-info-box-media-align-top kt-info-halign-center kb-info-box-vertical-media-align-top kb-info-mobile-halign-center\" target=\"_blank\" rel=\"noopener noreferrer\" href=\"https:\/\/easycpstest.com\/pt\/\" aria-label=\"Clique em Teste de velocidade | Teste CPS\"><div class=\"kt-infobox-textcontent\"><p class=\"kt-blocks-info-box-text\"><strong>CLIQUE TESTE DE VELOCIDADE | TESTE CPS<\/strong><\/p><\/div><\/a><\/div>\n<\/div><\/div>\n\n\n<style>.kadence-column1409_6b2a0c-bc > .kt-inside-inner-col{padding-top:10px;padding-right:10px;padding-bottom:10px;padding-left:10px;}.kadence-column1409_6b2a0c-bc > .kt-inside-inner-col,.kadence-column1409_6b2a0c-bc > .kt-inside-inner-col:before{border-top-left-radius:0px;border-top-right-radius:0px;border-bottom-right-radius:0px;border-bottom-left-radius:0px;}.kadence-column1409_6b2a0c-bc > .kt-inside-inner-col{column-gap:var(--global-kb-gap-sm, 1rem);}.kadence-column1409_6b2a0c-bc > .kt-inside-inner-col{flex-direction:column;}.kadence-column1409_6b2a0c-bc > .kt-inside-inner-col > .aligncenter{width:100%;}.kadence-column1409_6b2a0c-bc > .kt-inside-inner-col:before{opacity:0.3;}.kadence-column1409_6b2a0c-bc{position:relative;}.kadence-column1409_6b2a0c-bc, .kt-inside-inner-col > .kadence-column1409_6b2a0c-bc:not(.specificity){margin-top:0px;margin-right:0px;margin-bottom:0px;margin-left:20px;}@media all and (max-width: 1024px){.kadence-column1409_6b2a0c-bc > .kt-inside-inner-col{flex-direction:column;justify-content:center;}}@media all and (max-width: 1024px){.kadence-column1409_6b2a0c-bc, .kt-inside-inner-col > .kadence-column1409_6b2a0c-bc:not(.specificity){margin-top:0px;margin-right:0px;margin-bottom:0px;margin-left:0px;}}@media all and (max-width: 767px){.kadence-column1409_6b2a0c-bc > .kt-inside-inner-col{flex-direction:column;justify-content:center;}}<\/style>\n<div class=\"wp-block-kadence-column kadence-column1409_6b2a0c-bc inner-column-3\"><div class=\"kt-inside-inner-col\"><\/div><\/div>\n\n<\/div><\/div>\n\n\n<h2 style=\"color: #ffffff;font-weight: 400;background: #007bff;width: auto;margin: 1em 0px;font-size: 25px;line-height: 1;padding: 14px;border-left: 40px solid #000000;box-shadow: #c7c7c7 0px 2px 15px 0px;text-align:;\"><span id=\"Badlion_Click_Online_Test\"><strong> Teste Online Badlion Click<\/strong><\/span><\/h2>\n\n\n\n<p class=\"wp-block-paragraph\">Tem cuidado! Prepare-se, pronto, para ir! E d\u00ea as boas-vindas ao teste online Badlion Click no seu celular ou PC. Aqui est\u00e1 a introdu\u00e7\u00e3o da ideia representada pelo Teste Easy CPS. Organizamos uma equipe de coaching que desenvolve a conscientiza\u00e7\u00e3o sobre <a href=\"https:\/\/www.badlion.net\/\" target=\"_blank\" rel=\"noreferrer noopener\">Rede Badlion<\/a> para entretenimento e divers\u00e3o para jogadores ambiciosos.<\/p>\n\n\n\n<p class=\"wp-block-paragraph\">Eventualmente, o lan\u00e7amento do jogo visa verificar a efici\u00eancia do clique por segundo do jogador e melhorar sua habilidade. Consequentemente, jogadores e estagi\u00e1rios est\u00e3o mais seguros e protegidos contra trapa\u00e7as e fraudes. Definimos o Badlion Click Test como alta recomenda\u00e7\u00e3o porque \u00e9 muito \u00fatil para melhorar a habilidade de clicar.<\/p>\n\n\n<div class=\"wp-block-image\">\n<figure class=\"aligncenter size-full\"><img loading=\"lazy\" decoding=\"async\" width=\"768\" height=\"452\" src=\"https:\/\/easycpstest.com\/wp-content\/uploads\/2022\/03\/Badlion-1.png\" alt=\"Badlion Click test\" class=\"wp-image-1574\" srcset=\"https:\/\/easycpstest.com\/wp-content\/uploads\/2022\/03\/Badlion-1.png 768w, https:\/\/easycpstest.com\/wp-content\/uploads\/2022\/03\/Badlion-1-300x177.png 300w\" sizes=\"auto, (max-width: 768px) 100vw, 768px\" \/><\/figure>\n<\/div>\n\n\n<h3 style=\"color: #ffffff;font-weight: 400;background:  #007bff;width: auto;margin: 1em 0px;font-size: 25px;line-height: 1;padding: 14px;border-left: 40px solid #000000;box-shadow: #c7c7c7 0px 2px 15px 0px;text-align:;\"><span id=\" Features of Badlion Click Test\"><strong> Recursos do teste de clique Badlion<\/strong><\/span><\/h3>\n\n\n\n<p class=\"wp-block-paragraph\">De fato, o Badlion Click Game tem uma classifica\u00e7\u00e3o impressionante no envolvimento da mente dos jogadores, como todos os outros testes e jogos.<\/p>\n\n\n\n<p class=\"wp-block-paragraph\">Em compara\u00e7\u00e3o, o jogo \u00e9 mais interessante do que outros jogos de alto escal\u00e3o. Com anteced\u00eancia, os jogadores tamb\u00e9m podem compartilhar os pontos obtidos com seus amigos nas redes sociais.<\/p>\n\n\n\n<p class=\"wp-block-paragraph\">Em frente aos editores do Minecraft, lan\u00e7amos todos os sistemas de seguran\u00e7a exclusivos nesse aplicativo prudente contra os cheats. Incluindo um bot\u00e3o de disparo, <a href=\"https:\/\/easycpstest.com\/pt\/click-counter\/\" target=\"_blank\" rel=\"noreferrer noopener\">contador de cliques<\/a>, e X-Ray n\u00e3o trapaceia efetivamente contra o sistema de seguran\u00e7a.<\/p>\n\n\n\n<p class=\"wp-block-paragraph\">No entanto, o Badlion Click Test foi criado para preparar um jogador experiente de PVP para jogos profissionais como Minecraft. O jogo n\u00e3o \u00e9 banido, por isso sugerimos com uma consulta.&nbsp;<\/p>\n\n\n\n<h3 style=\"color: #ffffff;font-weight: 400;background: #007bff; width: auto;margin: 1em 0px;font-size: 25px;line-height: 1;padding: 14px;border-left: 40px solid #000000;box-shadow: #c7c7c7 0px 2px 15px 0px;text-align:;\"><span id=\" How to Play Badlion Click Game\"><strong> Como jogar o jogo Badlion Click<\/strong><\/span><\/h3>\n\n\n\n<p class=\"wp-block-paragraph\">O jogador precisa seguir algumas instru\u00e7\u00f5es mencionadas aqui para jogar e aproveitar o jogo.<\/p>\n\n\n\n<ul class=\"wp-block-list\">\n<li><strong>V\u00e1 para o teste de clique Badlion.<\/strong><\/li>\n\n\n\n<li><strong>Agora, comece a tocar no touchpad ou no bot\u00e3o do mouse.<\/strong><\/li>\n\n\n\n<li><strong>Mantenha o cursor na \u00e1rea de clique.&nbsp;<\/strong><\/li>\n\n\n\n<li><strong>Tente registrar todos os cliques em 10 segundos.<\/strong><\/li>\n<\/ul>\n\n\n\n<p class=\"wp-block-paragraph\">As the 10 seconds pass, gamers get the instant result pops out. The score represents the clicking efficiency of the gamer. Moreover, the&nbsp;Badlion Click Test&nbsp;allows users to share the results with their friends through social media. Like Whatsapp, Facebook, and Twitter.<\/p>\n\n\n\n<h2 class=\"wp-block-heading has-text-align-center\">perguntas frequentes<\/h2>\n\n\n\n<div class=\"schema-faq wp-block-yoast-faq-block\"><div class=\"schema-faq-section\" id=\"faq-question-1676968969499\"><strong class=\"schema-faq-question\">O que \u00e9 o teste de clique Badlion?<\/strong> <p class=\"schema-faq-answer\">Provavelmente, o Badlion Click Test conta o Click Per Second (CPS) projetado para Minecraft. Esses jogadores precisam de algumas ferramentas para aumentar a velocidade de clique durante o jogo. Isso aumenta a pontua\u00e7\u00e3o geral de cliques. Assim, os jogadores come\u00e7am a atingir as metas no jogo PVP Minecraft.<\/p> <\/div> <div class=\"schema-faq-section\" id=\"faq-question-1676968990914\"><strong class=\"schema-faq-question\">Como aumentar o CPS no cliente Badlion Minecraft?<\/strong> <p class=\"schema-faq-answer\">Os clientes do Badlion Click Game s\u00e3o seguros em compara\u00e7\u00e3o com o editor contempor\u00e2neo do Minecraft. Portanto, nossa equipe sugere que se os jogadores praticarem mais para melhorar a velocidade de clique e evitar atalhos, eles se tornar\u00e3o especialistas em cliques profissionais.<\/p> <\/div> <\/div>\n\n\n\n<p class=\"wp-block-paragraph\"><\/p>","protected":false},"excerpt":{"rendered":"<p>Badlion Click Test | Easy CPS Test The EasyCPSTest website offers a new Badlion Click Test for universal players and ambitious gamers in the PVP mode. The trick is also used in famous games like Minecraft. However, the gamer uses &#8230; <\/p>\n<p class=\"read-more-container\"><a title=\"Badlion Click Test | CPS Game &#8211; Easy CPS Test\" class=\"read-more button\" href=\"https:\/\/easycpstest.com\/pt\/badlion-click-test\/#more-1409\" aria-label=\"Mais em Badlion Click Test | CPS Game &#8211; Easy CPS Test\">Leia mais<\/a><\/p>","protected":false},"author":1,"featured_media":0,"parent":0,"menu_order":0,"comment_status":"closed","ping_status":"closed","template":"","meta":{"_crdt_document":"","footnotes":""},"class_list":{"0":"post-1409","1":"page","2":"type-page","3":"status-publish","5":"no-featured-image-padding"},"_links":{"self":[{"href":"https:\/\/easycpstest.com\/pt\/wp-json\/wp\/v2\/pages\/1409","targetHints":{"allow":["GET"]}}],"collection":[{"href":"https:\/\/easycpstest.com\/pt\/wp-json\/wp\/v2\/pages"}],"about":[{"href":"https:\/\/easycpstest.com\/pt\/wp-json\/wp\/v2\/types\/page"}],"author":[{"embeddable":true,"href":"https:\/\/easycpstest.com\/pt\/wp-json\/wp\/v2\/users\/1"}],"replies":[{"embeddable":true,"href":"https:\/\/easycpstest.com\/pt\/wp-json\/wp\/v2\/comments?post=1409"}],"version-history":[{"count":42,"href":"https:\/\/easycpstest.com\/pt\/wp-json\/wp\/v2\/pages\/1409\/revisions"}],"predecessor-version":[{"id":2171,"href":"https:\/\/easycpstest.com\/pt\/wp-json\/wp\/v2\/pages\/1409\/revisions\/2171"}],"wp:attachment":[{"href":"https:\/\/easycpstest.com\/pt\/wp-json\/wp\/v2\/media?parent=1409"}],"curies":[{"name":"wp","href":"https:\/\/api.w.org\/{rel}","templated":true}]}}