{"id":1413,"date":"2025-02-10T06:57:04","date_gmt":"2025-02-10T06:57:04","guid":{"rendered":"https:\/\/easycpstest.com\/?page_id=1413"},"modified":"2025-02-10T06:57:05","modified_gmt":"2025-02-10T06:57:05","slug":"butterfly-click-test","status":"publish","type":"page","link":"https:\/\/easycpstest.com\/pt\/butterfly-click-test\/","title":{"rendered":"Butterfly Click Test | Click Tests | Easy CPS Test"},"content":{"rendered":"<h1 class=\"wp-block-heading has-text-align-center\"><strong>Teste de clique de borboleta | Teste CPS f\u00e1cil<\/strong><\/h1>\n\n\n\n<p class=\"has-text-align-center wp-block-paragraph\">Por 10 segundos, marque cliques cont\u00ednuos na \u00e1rea de clique do Butterfly Click Test para verificar a efici\u00eancia do clique do jogador.<\/p>\n\n\n<div class=\"page-wrapper\">\n\t<div class=\"row\">\n\t\t<div class=\"col-lg-12 col-md-12 custom-container\">\n\t\t\t<div class=\"card\">\n\t\t\t\t<header class=\"entry-header\">\n\t\t\t\t\t\t\t\t\t<\/header>\n\t\t\t\t\t\t\t\t<div class=\"bt-click-inner\">\n\t\t\t\t\t<div class=\"card-header\">\n\t\t\t\t\t\t<div class=\"bt-header-timer\">\n\t\t\t\t\t\t\t<div class=\"bt-time-btn blue-btn\">\n\t\t\t\t\t\t\t\t<h4 class=\"mb-0\"><span id=\"timer\">0<\/span><\/h4>\n\t\t\t\t\t\t\t\t<small class=\"mb-0 sm-custom\">Cron\u00f4metro<\/small>\n\t\t\t\t\t\t\t<\/div>\n\t\t\t\t\t\t\t<div class=\"bt-time-btn orange-btn\">\n\t\t\t\t\t\t\t\t<h4 class=\"mb-0\"><span id=\"clicks\">0<\/span><\/h4>\n\t\t\t\t\t\t\t\t<small class=\"mb-0 sm-custom\">Cliques<\/small>\n\t\t\t\t\t\t\t<\/div>\n\t\t\t\t\t\t\t<div class=\"bt-time-btn green-btn\">\n\t\t\t\t\t\t\t\t<h4 class=\"mb-0\"><span id=\"score\">0<\/span><\/h4>\n\t\t\t\t\t\t\t\t<small class=\"mb-0 sm-custom\">Pontua\u00e7\u00e3o<\/small>\n\t\t\t\t\t\t\t<\/div>\n\t\t\t\t\t\t<\/div>\n\t\t\t\t\t<\/div>\n\t\t\t\t\t<div class=\"card-body\">\n\t\t\t\t\t\t<div class=\"bt-click-area\" id=\"bt-click-area\">\n\t\t\t\t\t\t\t<button id=\"start\" type=\"button\" class=\"btn-light btn-round waves-effect waves-light\">CLIQUE AQUI PARA COME\u00c7AR A JOGAR<\/button>\n\t\t\t\t\t\t<\/div>\n\t\t\t\t\t<\/div>\n\t\t\t\t\t<button type=\"button\" data-toggle=\"modal\" data-target=\"#click-result-modal\" style=\"display: none;\" id=\"trigger-modal\">Iniciar modal<\/button>\n\t\t\t\t<\/div>\n\t\t\t<\/div>\n\t\t<\/div>\n\t\t\t<\/div>\n<\/div>\n\n\n\n<p class=\"wp-block-paragraph\">Em contraste com outros truques de clique, o Butterfly Click Test tornou-se famoso entre os usu\u00e1rios por seu exclusivo Butterfly Clicking de alta velocidade. No entanto, a t\u00e9cnica ajuda o jogador a ter um bom desempenho contra o competidor como em outros jogos famosos de PVP.<\/p>\n\n\n\n<p class=\"wp-block-paragraph\"><\/p>\n\n\n<style>.kb-row-layout-wrap.wp-block-kadence-rowlayout.kb-row-layout-id1413_07c416-2f{margin-bottom:0px;}.kb-row-layout-id1413_07c416-2f > .kt-row-column-wrap{align-content:start;}:where(.kb-row-layout-id1413_07c416-2f > .kt-row-column-wrap) > .wp-block-kadence-column{justify-content:start;}.kb-row-layout-id1413_07c416-2f > .kt-row-column-wrap{column-gap:var(--global-kb-gap-none, 0rem );row-gap:var(--global-kb-gap-none, 0rem );max-width:1200px;padding-top:30px;padding-right:0px;padding-bottom:30px;padding-left:0px;}.kb-row-layout-id1413_07c416-2f > .kt-row-column-wrap > div:not(.added-for-specificity){grid-column:initial;}.kb-row-layout-id1413_07c416-2f > .kt-row-column-wrap{grid-template-columns:minmax(0, 1fr) minmax(0, 3fr) minmax(0, 1fr);}.kb-row-layout-id1413_07c416-2f > .kt-row-layout-overlay{opacity:0.30;background:linear-gradient(180deg,  0%, #00B5E2 100%);}.kb-row-layout-id1413_07c416-2f .kt-row-layout-bottom-sep{height:100px;}.kb-row-layout-id1413_07c416-2f .kt-row-layout-bottom-sep svg{width:100%;}.kb-row-layout-id1413_07c416-2f .kt-row-layout-bottom-sep svg{fill:#ffffff!important;}@media all and (max-width: 1024px){.kb-row-layout-id1413_07c416-2f > .kt-row-column-wrap{padding-top:0px;padding-right:50px;padding-bottom:80px;padding-left:50px;grid-template-columns:minmax(0, 1fr);}}@media all and (max-width: 1024px){.kb-row-layout-id1413_07c416-2f > .kt-row-column-wrap > div:not(.added-for-specificity){grid-column:initial;}}@media all and (max-width: 1024px){.kb-row-layout-id1413_07c416-2f .kt-row-layout-bottom-sep{height:px;}}@media all and (max-width: 1024px){.kb-row-layout-id1413_07c416-2f .kt-row-layout-bottom-sep svg{width:%;}}@media all and (max-width: 767px){.kb-row-layout-id1413_07c416-2f > .kt-row-column-wrap{padding-top:40px;padding-right:20px;padding-bottom:50px;padding-left:20px;grid-template-columns:minmax(0, 1fr);}.kb-row-layout-id1413_07c416-2f > .kt-row-column-wrap > div:not(.added-for-specificity){grid-column:initial;}.kb-row-layout-id1413_07c416-2f .kt-row-layout-bottom-sep{height:px;}.kb-row-layout-id1413_07c416-2f .kt-row-layout-bottom-sep svg{width:%;}}<\/style><div class=\"kb-row-layout-wrap kb-row-layout-id1413_07c416-2f alignnone kt-row-has-bg wp-block-kadence-rowlayout\"><div class=\"kt-row-layout-overlay kt-row-overlay-gradient\"><\/div><div class=\"kt-row-column-wrap kt-has-3-columns kt-row-layout-center-wide kt-tab-layout-row kt-mobile-layout-row kt-row-valign-top kb-theme-content-width\">\n<style>.kadence-column1413_8c75e6-f8 > .kt-inside-inner-col{padding-top:10px;padding-right:10px;padding-bottom:10px;padding-left:10px;}.kadence-column1413_8c75e6-f8 > .kt-inside-inner-col,.kadence-column1413_8c75e6-f8 > .kt-inside-inner-col:before{border-top-left-radius:0px;border-top-right-radius:0px;border-bottom-right-radius:0px;border-bottom-left-radius:0px;}.kadence-column1413_8c75e6-f8 > .kt-inside-inner-col{column-gap:var(--global-kb-gap-sm, 1rem);}.kadence-column1413_8c75e6-f8 > .kt-inside-inner-col{flex-direction:column;}.kadence-column1413_8c75e6-f8 > .kt-inside-inner-col > .aligncenter{width:100%;}.kadence-column1413_8c75e6-f8 > .kt-inside-inner-col:before{opacity:0.3;}.kadence-column1413_8c75e6-f8{position:relative;}.kadence-column1413_8c75e6-f8, .kt-inside-inner-col > .kadence-column1413_8c75e6-f8:not(.specificity){margin-top:0px;margin-right:20px;margin-bottom:0px;margin-left:0px;}@media all and (max-width: 1024px){.kadence-column1413_8c75e6-f8 > .kt-inside-inner-col{flex-direction:column;justify-content:center;}}@media all and (max-width: 1024px){.kadence-column1413_8c75e6-f8, .kt-inside-inner-col > .kadence-column1413_8c75e6-f8:not(.specificity){margin-top:0px;margin-right:0px;margin-bottom:0px;margin-left:0px;}}@media all and (max-width: 767px){.kadence-column1413_8c75e6-f8 > .kt-inside-inner-col{flex-direction:column;justify-content:center;}}<\/style>\n<div class=\"wp-block-kadence-column kadence-column1413_8c75e6-f8 inner-column-1\"><div class=\"kt-inside-inner-col\"><\/div><\/div>\n\n\n<style>.kadence-column1413_a1a74a-65 > .kt-inside-inner-col{padding-top:10px;padding-right:10px;padding-bottom:10px;padding-left:10px;}.kadence-column1413_a1a74a-65 > .kt-inside-inner-col,.kadence-column1413_a1a74a-65 > .kt-inside-inner-col:before{border-top-left-radius:0px;border-top-right-radius:0px;border-bottom-right-radius:0px;border-bottom-left-radius:0px;}.kadence-column1413_a1a74a-65 > .kt-inside-inner-col{column-gap:var(--global-kb-gap-sm, 1rem);}.kadence-column1413_a1a74a-65 > .kt-inside-inner-col{flex-direction:column;}.kadence-column1413_a1a74a-65 > .kt-inside-inner-col > .aligncenter{width:100%;}.kadence-column1413_a1a74a-65 > .kt-inside-inner-col:before{opacity:0.3;}.kadence-column1413_a1a74a-65{position:relative;}.kadence-column1413_a1a74a-65, .kt-inside-inner-col > .kadence-column1413_a1a74a-65:not(.specificity){margin-top:0px;margin-right:10px;margin-bottom:0px;margin-left:10px;}@media all and (max-width: 1024px){.kadence-column1413_a1a74a-65 > .kt-inside-inner-col{flex-direction:column;justify-content:center;}}@media all and (max-width: 1024px){.kadence-column1413_a1a74a-65, .kt-inside-inner-col > .kadence-column1413_a1a74a-65:not(.specificity){margin-top:0px;margin-right:0px;margin-bottom:0px;margin-left:0px;}}@media all and (max-width: 767px){.kadence-column1413_a1a74a-65 > .kt-inside-inner-col{flex-direction:column;justify-content:center;}}<\/style>\n<div class=\"wp-block-kadence-column kadence-column1413_a1a74a-65 inner-column-2\"><div class=\"kt-inside-inner-col\"><style>.wp-block-kadence-column.kb-section-dir-horizontal > .kt-inside-inner-col > .kt-info-box1413_524363-29 .kt-blocks-info-box-link-wrap{max-width:unset;}.kt-info-box1413_524363-29 .kt-blocks-info-box-link-wrap{border-top:1px solid var(--global-palette7, #EDF2F7);border-right:1px solid var(--global-palette7, #EDF2F7);border-bottom:1px solid var(--global-palette7, #EDF2F7);border-left:1px solid var(--global-palette7, #EDF2F7);border-top-left-radius:10px;border-top-right-radius:10px;border-bottom-right-radius:10px;border-bottom-left-radius:10px;background:#007bff;padding-top:30px;padding-right:30px;padding-bottom:30px;padding-left:30px;margin-bottom:0px;}.kt-info-box1413_524363-29 .kt-blocks-info-box-link-wrap:hover{background:#6a6dec;}.kt-info-box1413_524363-29 .kadence-info-box-icon-container .kt-info-svg-icon, .kt-info-box1413_524363-29 .kt-info-svg-icon-flip, .kt-info-box1413_524363-29 .kt-blocks-info-box-number{font-size:50px;}.kt-info-box1413_524363-29 .kt-blocks-info-box-media{color:#444444;background:transparent;border-color:#444444;border-top-width:0px;border-right-width:0px;border-bottom-width:0px;border-left-width:0px;padding-top:0px;padding-right:0px;padding-bottom:0px;padding-left:0px;}.kt-info-box1413_524363-29 .kt-blocks-info-box-media-container{margin-top:0px;margin-right:15px;margin-bottom:0px;margin-left:0px;}.kt-info-box1413_524363-29 .kt-blocks-info-box-link-wrap:hover .kt-blocks-info-box-media{color:#444444;background:transparent;border-color:#444444;}.kt-info-box1413_524363-29 .kt-infobox-textcontent h6.kt-blocks-info-box-title{line-height:1.3em;padding-top:0px;padding-right:0px;padding-bottom:0px;padding-left:0px;margin-top:0px;margin-right:0px;margin-bottom:14px;margin-left:0px;}.kt-info-box1413_524363-29 .kt-infobox-textcontent .kt-blocks-info-box-text{color:var(--base-3);}.wp-block-kadence-infobox.kt-info-box1413_524363-29 .kt-blocks-info-box-text{text-transform:capitalize;}.kt-info-box1413_524363-29 .kt-blocks-info-box-learnmore{background:transparent;border-color:#555555;border-width:0px 0px 0px 0px;padding-top:4px;padding-right:8px;padding-bottom:4px;padding-left:8px;margin-top:10px;margin-right:0px;margin-bottom:10px;margin-left:0px;}.kt-info-box1413_524363-29 .kt-blocks-info-box-link-wrap:hover .kt-blocks-info-box-learnmore,.kt-info-box1413_524363-29 .kt-blocks-info-box-link-wrap .kt-blocks-info-box-learnmore:focus{color:#ffffff;background:#444444;border-color:#444444;}.kt-info-box1413_524363-29 .kt-blocks-info-box-link-wrap{box-shadow:0px 0px 0px 0px rgba(0, 0, 0, 0);}.kt-info-box1413_524363-29 .kt-blocks-info-box-link-wrap:hover{box-shadow:20px 20px 80px 0px rgba(27, 0, 79, 0.06);}@media all and (max-width: 1024px){.kt-info-box1413_524363-29 .kt-blocks-info-box-link-wrap{border-top:1px solid var(--global-palette7, #EDF2F7);border-right:1px solid var(--global-palette7, #EDF2F7);border-bottom:1px solid var(--global-palette7, #EDF2F7);border-left:1px solid var(--global-palette7, #EDF2F7);box-shadow:0px 0px 0px 0px rgba(0, 0, 0, 0);}}@media all and (max-width: 1024px){.kt-info-box1413_524363-29 .kt-blocks-info-box-link-wrap:hover{box-shadow:20px 20px 80px 0px rgba(27, 0, 79, 0.06);}}@media all and (max-width: 767px){.kt-info-box1413_524363-29 .kt-blocks-info-box-link-wrap{border-top:1px solid var(--global-palette7, #EDF2F7);border-right:1px solid var(--global-palette7, #EDF2F7);border-bottom:1px solid var(--global-palette7, #EDF2F7);border-left:1px solid var(--global-palette7, #EDF2F7);text-align:center;display:block;box-shadow:0px 0px 0px 0px rgba(0, 0, 0, 0);}.kt-info-box1413_524363-29 .kt-blocks-info-box-link-wrap .kt-blocks-info-box-media{display:inline-block;max-width:100%;}.kt-info-box1413_524363-29 .kt-blocks-info-box-link-wrap:hover{box-shadow:20px 20px 80px 0px rgba(27, 0, 79, 0.06);}}<\/style>\n<div class=\"wp-block-kadence-infobox kt-info-box1413_524363-29\"><a class=\"kt-blocks-info-box-link-wrap info-box-link kt-blocks-info-box-media-align-top kt-info-halign-center kb-info-box-vertical-media-align-top kb-info-mobile-halign-center\" target=\"_blank\" rel=\"noopener noreferrer\" href=\"https:\/\/easycpstest.com\/pt\/\" aria-label=\"Clique em Teste de velocidade | Teste CPS\"><div class=\"kt-infobox-textcontent\"><p class=\"kt-blocks-info-box-text\"><strong>CLIQUE TESTE DE VELOCIDADE | TESTE CPS<\/strong><\/p><\/div><\/a><\/div>\n<\/div><\/div>\n\n\n<style>.kadence-column1413_3d73af-9c > .kt-inside-inner-col{padding-top:10px;padding-right:10px;padding-bottom:10px;padding-left:10px;}.kadence-column1413_3d73af-9c > .kt-inside-inner-col,.kadence-column1413_3d73af-9c > .kt-inside-inner-col:before{border-top-left-radius:0px;border-top-right-radius:0px;border-bottom-right-radius:0px;border-bottom-left-radius:0px;}.kadence-column1413_3d73af-9c > .kt-inside-inner-col{column-gap:var(--global-kb-gap-sm, 1rem);}.kadence-column1413_3d73af-9c > .kt-inside-inner-col{flex-direction:column;}.kadence-column1413_3d73af-9c > .kt-inside-inner-col > .aligncenter{width:100%;}.kadence-column1413_3d73af-9c > .kt-inside-inner-col:before{opacity:0.3;}.kadence-column1413_3d73af-9c{position:relative;}.kadence-column1413_3d73af-9c, .kt-inside-inner-col > .kadence-column1413_3d73af-9c:not(.specificity){margin-top:0px;margin-right:0px;margin-bottom:0px;margin-left:20px;}@media all and (max-width: 1024px){.kadence-column1413_3d73af-9c > .kt-inside-inner-col{flex-direction:column;justify-content:center;}}@media all and (max-width: 1024px){.kadence-column1413_3d73af-9c, .kt-inside-inner-col > .kadence-column1413_3d73af-9c:not(.specificity){margin-top:0px;margin-right:0px;margin-bottom:0px;margin-left:0px;}}@media all and (max-width: 767px){.kadence-column1413_3d73af-9c > .kt-inside-inner-col{flex-direction:column;justify-content:center;}}<\/style>\n<div class=\"wp-block-kadence-column kadence-column1413_3d73af-9c inner-column-3\"><div class=\"kt-inside-inner-col\"><\/div><\/div>\n\n<\/div><\/div>\n\n\n<h2 style=\"color: #ffffff;font-weight: 400;background:  #007bff;width: auto;margin: 1em 0px;font-size: 25px;line-height: 1;padding: 14px;border-left: 40px solid #000000;box-shadow: #c7c7c7 0px 2px 15px 0px;text-align:;\"><span id=\"Butterfly_Click_Online_Test  \"><strong> Teste on-line do clique da borboleta  \n<\/strong><\/span><\/h2>\n\n\n\n<p class=\"wp-block-paragraph\">Suponha que o jogador deseja ter um desempenho extremamente bom para acertar o oponente no jogo Butterfly Click Online Test, ent\u00e3o \u00e9 um jogo perfeito para escolher. Significativamente, o jogo ajuda o clicker a melhorar a habilidade de clicar com pr\u00e1tica atraente. Al\u00e9m disso, a pr\u00e1tica eficaz aumenta o clique para o pr\u00f3ximo n\u00edvel.&nbsp;<\/p>\n\n\n\n<p class=\"wp-block-paragraph\">Em contraste, o Butterfly Click Test \u00e9 f\u00e1cil de dominar e dominar em todos os outros Clicking Games e modos exclusivos.&nbsp; &nbsp;<\/p>\n\n\n\n<p class=\"wp-block-paragraph\">No m\u00e9todo Butterfly Clicking, voc\u00ea pode usar seus 2 dedos para tocar no bot\u00e3o de clique do mouse alternadamente. A a\u00e7\u00e3o repetitiva faz com que o jogador atribua mais cliques em poucos segundos. Em vez de um dedo, voc\u00ea pode usar 2 dedos e marcar mais cliques no jogo de cliques.<\/p>\n\n\n\n<p class=\"wp-block-paragraph\">Como todos os outros testes CPS, o Butterfly Click Test foi projetado para registrar os reflexos de seus dedos e a rea\u00e7\u00e3o de sua mente em um intervalo de tempo.&nbsp;&nbsp;<\/p>\n\n\n<div class=\"wp-block-image\">\n<figure class=\"aligncenter size-full\"><img loading=\"lazy\" decoding=\"async\" width=\"768\" height=\"452\" src=\"https:\/\/easycpstest.com\/wp-content\/uploads\/2022\/03\/butterfly-1.png\" alt=\"Butterfly Click Test\" class=\"wp-image-1567\" srcset=\"https:\/\/easycpstest.com\/wp-content\/uploads\/2022\/03\/butterfly-1.png 768w, https:\/\/easycpstest.com\/wp-content\/uploads\/2022\/03\/butterfly-1-300x177.png 300w\" sizes=\"auto, (max-width: 768px) 100vw, 768px\" \/><\/figure>\n<\/div>\n\n\n<h3 style=\"color: #ffffff;font-weight: 400;background:  #007bff;width: auto;margin: 1em 0px;font-size: 25px;line-height: 1;padding: 14px;border-left: 40px solid #000000;box-shadow: #c7c7c7 0px 2px 15px 0px;text-align:;\"><span id=\"How_fast_are_you? Find_out_now!\"><strong> Qu\u00e3o r\u00e1pido voc\u00ea \u00e9? Descubra agora!  \n<\/strong><\/span><\/h3>\n\n\n\n<p class=\"wp-block-paragraph\">O clique cont\u00ednuo da borboleta permite indexar mais cliques. Ent\u00e3o, clique na caixa destacada vigorosamente e permita que o Jogo Online Butterfly Click registre sua efici\u00eancia. Caso o jogador queira jogar este jogo com um amigo de longa dist\u00e2ncia, o jogador pode oferecer-lhe para jogar enviando um link para esse jogo. Eventualmente, o jogador que pontuar alto vence a partida.&nbsp;<\/p>\n\n\n\n<h3 style=\"color: #ffffff;font-weight: 400;background:  #007bff;width: auto;margin: 1em 0px;font-size: 25px;line-height: 1;padding: 14px;border-left: 40px solid #000000;box-shadow: #c7c7c7 0px 2px 15px 0px;text-align:;\"><span id=\"Features_of_Butterfly_Click_Test\"><strong> Caracter\u00edsticas do teste de clique da borboleta \n<\/strong><\/span><\/h3>\n\n\n\n<p class=\"wp-block-paragraph\">Felizmente, o Butterfly Click Test possui um recurso distinto que oferece pr\u00e1tica de cliques antes de jogar no mainstream. No entanto, o jogador usa m\u00fasculos e c\u00e9rebro na mesma velocidade para indexar o clique m\u00e1ximo no jogo. Em poucos segundos, o exerc\u00edcio n\u00e3o incomoda suas articula\u00e7\u00f5es e m\u00fasculos. Sem exaust\u00e3o ainda, \u00e9 seguro.&nbsp;<\/p>\n\n\n\n<p class=\"wp-block-paragraph\">Al\u00e9m disso, o Butterfly Click Game \u00e9 um jogo emocionante para os jogadores matarem seu tempo livre na internet. Enquanto espera que o software instale ou carregue o filme que voc\u00ea gosta, voc\u00ea pode praticar os cliques para melhorar sua habilidade. No entanto, o jogador pode desfrutar do Butterfly Click Online Game sem baixar nenhum aplicativo ou driver.<\/p>\n\n\n\n<h4 style=\"color: #ffffff;font-weight: 400;background:  #007bff;width: auto;margin: 1em 0px;font-size: 25px;line-height: 1;padding: 14px;border-left: 40px solid #000000;box-shadow: #c7c7c7 0px 2px 15px 0px;text-align:;\"><span id=\"Advantage_of_Clicks\"><strong> Vantagem dos cliques de borboleta\n<\/strong><\/span><\/h4>\n\n\n\n<p class=\"wp-block-paragraph\">Doravante, Butterfly Clicking ajuda o jogador a matar o tempo livre de forma eficaz. Al\u00e9m disso, o jogador melhora as habilidades de clicar e tocar rapidamente por meio da experi\u00eancia. Alternativamente, amigos da m\u00eddia social lan\u00e7am o desafio de quebrar o recorde que estabeleceram. Al\u00e9m disso, os melhores amigos de longa dist\u00e2ncia podem se divertir jogando com suas contas de m\u00eddia social.&nbsp;<\/p>\n\n\n\n<p class=\"wp-block-paragraph\">Por sorte, o&nbsp;<a href=\"https:\/\/easycpstest.com\/pt\/drag-click-test\/\" target=\"_blank\" rel=\"noreferrer noopener\">Teste de clique de arrastar<\/a> O jogo online \u00e9 compat\u00edvel com dispositivos m\u00f3veis para que os usu\u00e1rios de dispositivos m\u00f3veis possam desfrutar do jogo sem qualquer dificuldade.<\/p>\n\n\n\n<h3 style=\"color: #ffffff;font-weight: 400;background:  #007bff;width: auto;margin: 1em 0px;font-size: 25px;line-height: 1;padding: 14px;border-left: 40px solid #000000;box-shadow: #c7c7c7 0px 2px 15px 0px;text-align:;\"><span id=\"How to Play Butterfly Click Game\"><strong> Como jogar o jogo Butterfly Click\n<\/strong><\/span><\/h3>\n\n\n\n<p class=\"wp-block-paragraph\">Como todos os outros jogos, o Butterfly Click Game tamb\u00e9m \u00e9 f\u00e1cil de jogar devido \u00e0 sua facilidade.&nbsp;<\/p>\n\n\n\n<ul class=\"wp-block-list\">\n<li><strong>V\u00e1 para a caixa destacada e comece a tocar com 2 dedos para atribuir o clique no jogo.<\/strong><\/li>\n\n\n\n<li><strong>Depois, n\u00e3o toque fora da caixa. Atribua apenas um clique na \u00e1rea clic\u00e1vel em 10 segundos.<\/strong><\/li>\n\n\n\n<li><strong>Mais tarde, a pontua\u00e7\u00e3o do seu Butterfly Click aparecer\u00e1 na caixa de mensagem que aparece automaticamente.&nbsp;<\/strong><\/li>\n\n\n\n<li><strong>O jogo pode compartilhar os resultados e registros por meio de plataformas de m\u00eddia social como WhatsApp, Facebook e Linked In.<\/strong><\/li>\n<\/ul>\n\n\n\n<p class=\"wp-block-paragraph\"><strong>Nota para iniciantes<\/strong><\/p>\n\n\n\n<p class=\"wp-block-paragraph\">A pr\u00e1tica uniforme torna o novato o especialista nos Jogos Butterfly Click. Al\u00e9m disso, torna o jogador um jogador profissional.<\/p>\n\n\n\n<h2 class=\"wp-block-heading has-text-align-center\">perguntas frequentes<\/h2>\n\n\n\n<div class=\"schema-faq wp-block-yoast-faq-block\"><div class=\"schema-faq-section\" id=\"faq-question-1677485983455\"><strong class=\"schema-faq-question\">O que \u00e9 um teste de clique de borboleta?<\/strong> <p class=\"schema-faq-answer\">O Butterfly Click Test \u00e9 um teste online que mede quantos cliques voc\u00ea pode fazer em um determinado per\u00edodo de tempo usando a t\u00e9cnica do Butterfly Click.<\/p> <\/div> <div class=\"schema-faq-section\" id=\"faq-question-1677486023900\"><strong class=\"schema-faq-question\">O que \u00e9 a t\u00e9cnica do clique da borboleta?<\/strong> <p class=\"schema-faq-answer\">A t\u00e9cnica de clique da borboleta envolve o uso de dois dedos para clicar no bot\u00e3o do mouse repetidamente e rapidamente. Essa t\u00e9cnica \u00e9 frequentemente usada pelos jogadores para obter uma velocidade de clique mais alta do que seria poss\u00edvel com apenas um dedo.<\/p> <\/div> <div class=\"schema-faq-section\" id=\"faq-question-1677486033867\"><strong class=\"schema-faq-question\">Posso melhorar minha pontua\u00e7\u00e3o no Butterfly Click Test?<\/strong> <p class=\"schema-faq-answer\">Sim, com a pr\u00e1tica, voc\u00ea pode melhorar sua pontua\u00e7\u00e3o no Butterfly Click Test. Tente se concentrar em sua t\u00e9cnica e encontrar uma forma confort\u00e1vel de segurar o mouse. Voc\u00ea tamb\u00e9m pode tentar usar diferentes tipos de mouse ou ajustar as configura\u00e7\u00f5es do mouse para ver se isso ajuda.<\/p> <\/div> <div class=\"schema-faq-section\" id=\"faq-question-1677486048365\"><strong class=\"schema-faq-question\">H\u00e1 alguma dica para fazer um teste de clique de borboleta?<\/strong> <p class=\"schema-faq-answer\">Sim, aqui est\u00e3o algumas dicas para fazer o Teste do Clique da Borboleta: <br\/>1) Use uma pegada confort\u00e1vel no mouse<br\/>2) Mantenha os dedos relaxados e flex\u00edveis<br\/>3) Concentre-se na velocidade e precis\u00e3o<br\/>4) Tente clicar o mais r\u00e1pido poss\u00edvel enquanto mant\u00e9m o controle e 5) Pratique regularmente para melhorar sua pontua\u00e7\u00e3o.<br\/><\/p> <\/div> <div class=\"schema-faq-section\" id=\"faq-question-1677486096483\"><strong class=\"schema-faq-question\">Posso fazer o teste Butterfly Click no meu dispositivo m\u00f3vel?<\/strong> <p class=\"schema-faq-answer\">Embora alguns sites possam oferecer uma vers\u00e3o m\u00f3vel do Butterfly Click Test, geralmente \u00e9 recomend\u00e1vel fazer o teste em um computador ou laptop com um mouse para obter resultados mais precisos.<\/p> <\/div> <\/div>","protected":false},"excerpt":{"rendered":"<p>Butterfly Click Test | Easy CPS Test For 10 seconds, mark continuous clicks on the clicking area of the Butterfly Click Test to check the clicking efficiency of the gamer. In contrast to other clicking tricks,&nbsp;Butterfly Click Test&nbsp;has become famous &#8230; <\/p>\n<p class=\"read-more-container\"><a title=\"Butterfly Click Test | Click Tests | Easy CPS Test\" class=\"read-more button\" href=\"https:\/\/easycpstest.com\/pt\/butterfly-click-test\/#more-1413\" aria-label=\"Mais em Butterfly Click Test | Click Tests | Easy CPS Test\">Leia mais<\/a><\/p>","protected":false},"author":1,"featured_media":0,"parent":0,"menu_order":0,"comment_status":"closed","ping_status":"closed","template":"","meta":{"_crdt_document":"","footnotes":""},"class_list":{"0":"post-1413","1":"page","2":"type-page","3":"status-publish","5":"no-featured-image-padding"},"_links":{"self":[{"href":"https:\/\/easycpstest.com\/pt\/wp-json\/wp\/v2\/pages\/1413","targetHints":{"allow":["GET"]}}],"collection":[{"href":"https:\/\/easycpstest.com\/pt\/wp-json\/wp\/v2\/pages"}],"about":[{"href":"https:\/\/easycpstest.com\/pt\/wp-json\/wp\/v2\/types\/page"}],"author":[{"embeddable":true,"href":"https:\/\/easycpstest.com\/pt\/wp-json\/wp\/v2\/users\/1"}],"replies":[{"embeddable":true,"href":"https:\/\/easycpstest.com\/pt\/wp-json\/wp\/v2\/comments?post=1413"}],"version-history":[{"count":17,"href":"https:\/\/easycpstest.com\/pt\/wp-json\/wp\/v2\/pages\/1413\/revisions"}],"predecessor-version":[{"id":2169,"href":"https:\/\/easycpstest.com\/pt\/wp-json\/wp\/v2\/pages\/1413\/revisions\/2169"}],"wp:attachment":[{"href":"https:\/\/easycpstest.com\/pt\/wp-json\/wp\/v2\/media?parent=1413"}],"curies":[{"name":"wp","href":"https:\/\/api.w.org\/{rel}","templated":true}]}}