{"id":1432,"date":"2025-02-10T06:50:46","date_gmt":"2025-02-10T06:50:46","guid":{"rendered":"https:\/\/easycpstest.com\/?page_id=1432"},"modified":"2025-02-10T06:50:48","modified_gmt":"2025-02-10T06:50:48","slug":"15-seconds","status":"publish","type":"page","link":"https:\/\/easycpstest.com\/pt\/15-seconds\/","title":{"rendered":"15 Second Click Test &#8211; Easy CPS Test"},"content":{"rendered":"<h1 class=\"wp-block-heading has-text-align-center\"><strong>15 Second Click Test &#8211; Easy CPS Test<\/strong><\/h1>\n\n\n\n<p class=\"has-text-align-center wp-block-paragraph\">You can test your clicking chops against the gaming world in a short time with this fifteen-second click challenge.<\/p>\n\n\n<div class=\"page-wrapper\">\n\t<div class=\"row\">\n\t\t<div class=\"col-lg-12 col-md-12 custom-container\">\n\t\t\t<div class=\"card\">\n\t\t\t\t<header class=\"entry-header\">\n\t\t\t\t\t\t\t\t\t<\/header>\n\t\t\t\t\t\t\t\t<div class=\"bt-click-inner\">\n\t\t\t\t\t<div class=\"card-header\">\n\t\t\t\t\t\t<div class=\"bt-header-timer\">\n\t\t\t\t\t\t\t<div class=\"bt-time-btn blue-btn\">\n\t\t\t\t\t\t\t\t<h4 class=\"mb-0\"><span id=\"timer\">0<\/span><\/h4>\n\t\t\t\t\t\t\t\t<small class=\"mb-0 sm-custom\">Cron\u00f4metro<\/small>\n\t\t\t\t\t\t\t<\/div>\n\t\t\t\t\t\t\t<div class=\"bt-time-btn orange-btn\">\n\t\t\t\t\t\t\t\t<h4 class=\"mb-0\"><span id=\"clicks\">0<\/span><\/h4>\n\t\t\t\t\t\t\t\t<small class=\"mb-0 sm-custom\">Cliques<\/small>\n\t\t\t\t\t\t\t<\/div>\n\t\t\t\t\t\t\t<div class=\"bt-time-btn green-btn\">\n\t\t\t\t\t\t\t\t<h4 class=\"mb-0\"><span id=\"score\">0<\/span><\/h4>\n\t\t\t\t\t\t\t\t<small class=\"mb-0 sm-custom\">Pontua\u00e7\u00e3o<\/small>\n\t\t\t\t\t\t\t<\/div>\n\t\t\t\t\t\t<\/div>\n\t\t\t\t\t<\/div>\n\t\t\t\t\t<div class=\"card-body\">\n\t\t\t\t\t\t<div class=\"bt-click-area\" id=\"bt-click-area\">\n\t\t\t\t\t\t\t<button id=\"start\" type=\"button\" class=\"btn-light btn-round waves-effect waves-light\">CLIQUE AQUI PARA COME\u00c7AR A JOGAR<\/button>\n\t\t\t\t\t\t<\/div>\n\t\t\t\t\t<\/div>\n\t\t\t\t\t<button type=\"button\" data-toggle=\"modal\" data-target=\"#click-result-modal\" style=\"display: none;\" id=\"trigger-modal\">Iniciar modal<\/button>\n\t\t\t\t<\/div>\n\t\t\t<\/div>\n\t\t<\/div>\n\t\t\t<\/div>\n<\/div>\n\n\n\n<p class=\"wp-block-paragraph\">Click Per 15 Seconds&nbsp;challenge leads your game to the next level as you play for 15 seconds rather than 2 or 5 seconds. In this CPS Test, you can measure the strength with the speed of clicking. That clicking speed and strength help the gamer play tough in the real game. However, the high click speed enables the user to get a promising result.<\/p>\n\n\n<style>.kb-row-layout-wrap.wp-block-kadence-rowlayout.kb-row-layout-id1432_91d749-67{margin-bottom:0px;}.kb-row-layout-id1432_91d749-67 > .kt-row-column-wrap{align-content:start;}:where(.kb-row-layout-id1432_91d749-67 > .kt-row-column-wrap) > .wp-block-kadence-column{justify-content:start;}.kb-row-layout-id1432_91d749-67 > .kt-row-column-wrap{column-gap:var(--global-kb-gap-none, 0rem );row-gap:var(--global-kb-gap-none, 0rem );max-width:1200px;padding-top:30px;padding-right:0px;padding-bottom:30px;padding-left:0px;}.kb-row-layout-id1432_91d749-67 > .kt-row-column-wrap > div:not(.added-for-specificity){grid-column:initial;}.kb-row-layout-id1432_91d749-67 > .kt-row-column-wrap{grid-template-columns:minmax(0, 1fr) minmax(0, 3fr) minmax(0, 1fr);}.kb-row-layout-id1432_91d749-67 > .kt-row-layout-overlay{opacity:0.30;background:linear-gradient(180deg,  0%, #00B5E2 100%);}.kb-row-layout-id1432_91d749-67 .kt-row-layout-bottom-sep{height:100px;}.kb-row-layout-id1432_91d749-67 .kt-row-layout-bottom-sep svg{width:100%;}.kb-row-layout-id1432_91d749-67 .kt-row-layout-bottom-sep svg{fill:#ffffff!important;}@media all and (max-width: 1024px){.kb-row-layout-id1432_91d749-67 > .kt-row-column-wrap{padding-top:0px;padding-right:50px;padding-bottom:80px;padding-left:50px;grid-template-columns:minmax(0, 1fr);}}@media all and (max-width: 1024px){.kb-row-layout-id1432_91d749-67 > .kt-row-column-wrap > div:not(.added-for-specificity){grid-column:initial;}}@media all and (max-width: 1024px){.kb-row-layout-id1432_91d749-67 .kt-row-layout-bottom-sep{height:px;}}@media all and (max-width: 1024px){.kb-row-layout-id1432_91d749-67 .kt-row-layout-bottom-sep svg{width:%;}}@media all and (max-width: 767px){.kb-row-layout-id1432_91d749-67 > .kt-row-column-wrap{padding-top:40px;padding-right:20px;padding-bottom:50px;padding-left:20px;grid-template-columns:minmax(0, 1fr);}.kb-row-layout-id1432_91d749-67 > .kt-row-column-wrap > div:not(.added-for-specificity){grid-column:initial;}.kb-row-layout-id1432_91d749-67 .kt-row-layout-bottom-sep{height:px;}.kb-row-layout-id1432_91d749-67 .kt-row-layout-bottom-sep svg{width:%;}}<\/style><div class=\"kb-row-layout-wrap kb-row-layout-id1432_91d749-67 alignnone kt-row-has-bg wp-block-kadence-rowlayout\"><div class=\"kt-row-layout-overlay kt-row-overlay-gradient\"><\/div><div class=\"kt-row-column-wrap kt-has-3-columns kt-row-layout-center-wide kt-tab-layout-row kt-mobile-layout-row kt-row-valign-top kb-theme-content-width\">\n<style>.kadence-column1432_e1f756-e6 > .kt-inside-inner-col{padding-top:10px;padding-right:10px;padding-bottom:10px;padding-left:10px;}.kadence-column1432_e1f756-e6 > .kt-inside-inner-col,.kadence-column1432_e1f756-e6 > .kt-inside-inner-col:before{border-top-left-radius:0px;border-top-right-radius:0px;border-bottom-right-radius:0px;border-bottom-left-radius:0px;}.kadence-column1432_e1f756-e6 > .kt-inside-inner-col{column-gap:var(--global-kb-gap-sm, 1rem);}.kadence-column1432_e1f756-e6 > .kt-inside-inner-col{flex-direction:column;}.kadence-column1432_e1f756-e6 > .kt-inside-inner-col > .aligncenter{width:100%;}.kadence-column1432_e1f756-e6 > .kt-inside-inner-col:before{opacity:0.3;}.kadence-column1432_e1f756-e6{position:relative;}.kadence-column1432_e1f756-e6, .kt-inside-inner-col > .kadence-column1432_e1f756-e6:not(.specificity){margin-top:0px;margin-right:20px;margin-bottom:0px;margin-left:0px;}@media all and (max-width: 1024px){.kadence-column1432_e1f756-e6 > .kt-inside-inner-col{flex-direction:column;justify-content:center;}}@media all and (max-width: 1024px){.kadence-column1432_e1f756-e6, .kt-inside-inner-col > .kadence-column1432_e1f756-e6:not(.specificity){margin-top:0px;margin-right:0px;margin-bottom:0px;margin-left:0px;}}@media all and (max-width: 767px){.kadence-column1432_e1f756-e6 > .kt-inside-inner-col{flex-direction:column;justify-content:center;}}<\/style>\n<div class=\"wp-block-kadence-column kadence-column1432_e1f756-e6 inner-column-1\"><div class=\"kt-inside-inner-col\"><\/div><\/div>\n\n\n<style>.kadence-column1432_0f2c7b-94 > .kt-inside-inner-col{padding-top:10px;padding-right:10px;padding-bottom:10px;padding-left:10px;}.kadence-column1432_0f2c7b-94 > .kt-inside-inner-col,.kadence-column1432_0f2c7b-94 > .kt-inside-inner-col:before{border-top-left-radius:0px;border-top-right-radius:0px;border-bottom-right-radius:0px;border-bottom-left-radius:0px;}.kadence-column1432_0f2c7b-94 > .kt-inside-inner-col{column-gap:var(--global-kb-gap-sm, 1rem);}.kadence-column1432_0f2c7b-94 > .kt-inside-inner-col{flex-direction:column;}.kadence-column1432_0f2c7b-94 > .kt-inside-inner-col > .aligncenter{width:100%;}.kadence-column1432_0f2c7b-94 > .kt-inside-inner-col:before{opacity:0.3;}.kadence-column1432_0f2c7b-94{position:relative;}.kadence-column1432_0f2c7b-94, .kt-inside-inner-col > .kadence-column1432_0f2c7b-94:not(.specificity){margin-top:0px;margin-right:10px;margin-bottom:0px;margin-left:10px;}@media all and (max-width: 1024px){.kadence-column1432_0f2c7b-94 > .kt-inside-inner-col{flex-direction:column;justify-content:center;}}@media all and (max-width: 1024px){.kadence-column1432_0f2c7b-94, .kt-inside-inner-col > .kadence-column1432_0f2c7b-94:not(.specificity){margin-top:0px;margin-right:0px;margin-bottom:0px;margin-left:0px;}}@media all and (max-width: 767px){.kadence-column1432_0f2c7b-94 > .kt-inside-inner-col{flex-direction:column;justify-content:center;}}<\/style>\n<div class=\"wp-block-kadence-column kadence-column1432_0f2c7b-94 inner-column-2\"><div class=\"kt-inside-inner-col\"><style>.wp-block-kadence-column.kb-section-dir-horizontal > .kt-inside-inner-col > .kt-info-box1432_54d2e7-a2 .kt-blocks-info-box-link-wrap{max-width:unset;}.kt-info-box1432_54d2e7-a2 .kt-blocks-info-box-link-wrap{border-top:1px solid var(--global-palette7, #EDF2F7);border-right:1px solid var(--global-palette7, #EDF2F7);border-bottom:1px solid var(--global-palette7, #EDF2F7);border-left:1px solid var(--global-palette7, #EDF2F7);border-top-left-radius:10px;border-top-right-radius:10px;border-bottom-right-radius:10px;border-bottom-left-radius:10px;background:#007bff;padding-top:30px;padding-right:30px;padding-bottom:30px;padding-left:30px;margin-bottom:0px;}.kt-info-box1432_54d2e7-a2 .kt-blocks-info-box-link-wrap:hover{background:#6a6dec;}.kt-info-box1432_54d2e7-a2 .kadence-info-box-icon-container .kt-info-svg-icon, .kt-info-box1432_54d2e7-a2 .kt-info-svg-icon-flip, .kt-info-box1432_54d2e7-a2 .kt-blocks-info-box-number{font-size:50px;}.kt-info-box1432_54d2e7-a2 .kt-blocks-info-box-media{color:#444444;background:transparent;border-color:#444444;border-top-width:0px;border-right-width:0px;border-bottom-width:0px;border-left-width:0px;padding-top:0px;padding-right:0px;padding-bottom:0px;padding-left:0px;}.kt-info-box1432_54d2e7-a2 .kt-blocks-info-box-media-container{margin-top:0px;margin-right:15px;margin-bottom:0px;margin-left:0px;}.kt-info-box1432_54d2e7-a2 .kt-blocks-info-box-link-wrap:hover .kt-blocks-info-box-media{color:#444444;background:transparent;border-color:#444444;}.kt-info-box1432_54d2e7-a2 .kt-infobox-textcontent h6.kt-blocks-info-box-title{line-height:1.3em;padding-top:0px;padding-right:0px;padding-bottom:0px;padding-left:0px;margin-top:0px;margin-right:0px;margin-bottom:14px;margin-left:0px;}.kt-info-box1432_54d2e7-a2 .kt-infobox-textcontent .kt-blocks-info-box-text{color:var(--base-3);}.wp-block-kadence-infobox.kt-info-box1432_54d2e7-a2 .kt-blocks-info-box-text{text-transform:capitalize;}.kt-info-box1432_54d2e7-a2 .kt-blocks-info-box-learnmore{background:transparent;border-color:#555555;border-width:0px 0px 0px 0px;padding-top:4px;padding-right:8px;padding-bottom:4px;padding-left:8px;margin-top:10px;margin-right:0px;margin-bottom:10px;margin-left:0px;}.kt-info-box1432_54d2e7-a2 .kt-blocks-info-box-link-wrap:hover .kt-blocks-info-box-learnmore,.kt-info-box1432_54d2e7-a2 .kt-blocks-info-box-link-wrap .kt-blocks-info-box-learnmore:focus{color:#ffffff;background:#444444;border-color:#444444;}.kt-info-box1432_54d2e7-a2 .kt-blocks-info-box-link-wrap{box-shadow:0px 0px 0px 0px rgba(0, 0, 0, 0);}.kt-info-box1432_54d2e7-a2 .kt-blocks-info-box-link-wrap:hover{box-shadow:20px 20px 80px 0px rgba(27, 0, 79, 0.06);}@media all and (max-width: 1024px){.kt-info-box1432_54d2e7-a2 .kt-blocks-info-box-link-wrap{border-top:1px solid var(--global-palette7, #EDF2F7);border-right:1px solid var(--global-palette7, #EDF2F7);border-bottom:1px solid var(--global-palette7, #EDF2F7);border-left:1px solid var(--global-palette7, #EDF2F7);box-shadow:0px 0px 0px 0px rgba(0, 0, 0, 0);}}@media all and (max-width: 1024px){.kt-info-box1432_54d2e7-a2 .kt-blocks-info-box-link-wrap:hover{box-shadow:20px 20px 80px 0px rgba(27, 0, 79, 0.06);}}@media all and (max-width: 767px){.kt-info-box1432_54d2e7-a2 .kt-blocks-info-box-link-wrap{border-top:1px solid var(--global-palette7, #EDF2F7);border-right:1px solid var(--global-palette7, #EDF2F7);border-bottom:1px solid var(--global-palette7, #EDF2F7);border-left:1px solid var(--global-palette7, #EDF2F7);text-align:center;display:block;box-shadow:0px 0px 0px 0px rgba(0, 0, 0, 0);}.kt-info-box1432_54d2e7-a2 .kt-blocks-info-box-link-wrap .kt-blocks-info-box-media{display:inline-block;max-width:100%;}.kt-info-box1432_54d2e7-a2 .kt-blocks-info-box-link-wrap:hover{box-shadow:20px 20px 80px 0px rgba(27, 0, 79, 0.06);}}<\/style>\n<div class=\"wp-block-kadence-infobox kt-info-box1432_54d2e7-a2\"><a class=\"kt-blocks-info-box-link-wrap info-box-link kt-blocks-info-box-media-align-top kt-info-halign-center kb-info-box-vertical-media-align-top kb-info-mobile-halign-center\" target=\"_blank\" rel=\"noopener noreferrer\" href=\"https:\/\/easycpstest.com\/pt\/\" aria-label=\"Clique em Teste de velocidade | Teste CPS\"><div class=\"kt-infobox-textcontent\"><p class=\"kt-blocks-info-box-text\"><strong>CLIQUE TESTE DE VELOCIDADE | TESTE CPS<\/strong><\/p><\/div><\/a><\/div>\n<\/div><\/div>\n\n\n<style>.kadence-column1432_1443f6-2c > .kt-inside-inner-col{padding-top:10px;padding-right:10px;padding-bottom:10px;padding-left:10px;}.kadence-column1432_1443f6-2c > .kt-inside-inner-col,.kadence-column1432_1443f6-2c > .kt-inside-inner-col:before{border-top-left-radius:0px;border-top-right-radius:0px;border-bottom-right-radius:0px;border-bottom-left-radius:0px;}.kadence-column1432_1443f6-2c > .kt-inside-inner-col{column-gap:var(--global-kb-gap-sm, 1rem);}.kadence-column1432_1443f6-2c > .kt-inside-inner-col{flex-direction:column;}.kadence-column1432_1443f6-2c > .kt-inside-inner-col > .aligncenter{width:100%;}.kadence-column1432_1443f6-2c > .kt-inside-inner-col:before{opacity:0.3;}.kadence-column1432_1443f6-2c{position:relative;}.kadence-column1432_1443f6-2c, .kt-inside-inner-col > .kadence-column1432_1443f6-2c:not(.specificity){margin-top:0px;margin-right:0px;margin-bottom:0px;margin-left:20px;}@media all and (max-width: 1024px){.kadence-column1432_1443f6-2c > .kt-inside-inner-col{flex-direction:column;justify-content:center;}}@media all and (max-width: 1024px){.kadence-column1432_1443f6-2c, .kt-inside-inner-col > .kadence-column1432_1443f6-2c:not(.specificity){margin-top:0px;margin-right:0px;margin-bottom:0px;margin-left:0px;}}@media all and (max-width: 767px){.kadence-column1432_1443f6-2c > .kt-inside-inner-col{flex-direction:column;justify-content:center;}}<\/style>\n<div class=\"wp-block-kadence-column kadence-column1432_1443f6-2c inner-column-3\"><div class=\"kt-inside-inner-col\"><\/div><\/div>\n\n<\/div><\/div>\n\n\n<p class=\"wp-block-paragraph\">Eventualmente, os Clicking Games s\u00e3o desenvolvidos com um equil\u00edbrio de design. Assim, os usu\u00e1rios podem gerenciar os cliques no tempo, como 15, 10, 5 ou 2 segundos. No entanto, os pequenos desafios do jogo de cliques permitem que o usu\u00e1rio se prepare para os desafios de cliques extremos. Eventualmente, voc\u00ea aceita desafios iniciais, ent\u00e3o seguir em frente ser\u00e1 f\u00e1cil se voc\u00ea praticar o suficiente.<\/p>\n\n\n<style>.wp-block-kadence-column.kb-section-dir-horizontal > .kt-inside-inner-col > .kt-info-box1432_ce5d0d-e5 .kt-blocks-info-box-link-wrap{max-width:unset;}.kt-info-box1432_ce5d0d-e5 .kt-blocks-info-box-link-wrap{border-top-left-radius:20px;border-top-right-radius:20px;border-bottom-right-radius:20px;border-bottom-left-radius:20px;background:#f1f1f1;padding-top:0px;padding-right:0px;padding-bottom:0px;padding-left:0px;}.kt-info-box1432_ce5d0d-e5 .kt-blocks-info-box-link-wrap:hover{background:#f2f2f2;}.kt-info-box1432_ce5d0d-e5 .kadence-info-box-icon-container .kt-info-svg-icon, .kt-info-box1432_ce5d0d-e5 .kt-info-svg-icon-flip, .kt-info-box1432_ce5d0d-e5 .kt-blocks-info-box-number{font-size:50px;}.kt-info-box1432_ce5d0d-e5 .kt-blocks-info-box-media{color:#1554e3;background:transparent;border-color:rgba(0,0,0,0);border-radius:200px;overflow:hidden;border-top-width:0px;border-right-width:0px;border-bottom-width:0px;border-left-width:0px;padding-top:20px;padding-right:20px;padding-bottom:20px;padding-left:20px;margin-top:0px;margin-right:20px;margin-bottom:0px;margin-left:0px;}.kt-info-box1432_ce5d0d-e5 .kt-blocks-info-box-media .kadence-info-box-image-intrisic img{border-radius:200px;}.kt-info-box1432_ce5d0d-e5 .kt-blocks-info-box-link-wrap:hover .kt-blocks-info-box-media{color:#1554e3;background:rgba(0,0,0,0);border-color:rgba(0,0,0,0);}.kt-info-box1432_ce5d0d-e5 .kt-infobox-textcontent h2.kt-blocks-info-box-title{padding-top:0px;padding-right:0px;padding-bottom:0px;padding-left:0px;margin-top:5px;margin-right:0px;margin-bottom:10px;margin-left:0px;}.kt-info-box1432_ce5d0d-e5 .kt-infobox-textcontent .kt-blocks-info-box-text{color:#000000;}.wp-block-kadence-infobox.kt-info-box1432_ce5d0d-e5 .kt-blocks-info-box-text{font-weight:400;}.kt-info-box1432_ce5d0d-e5 .kt-blocks-info-box-learnmore{background:transparent;border-color:#555555;border-width:0px 0px 0px 0px;padding-top:4px;padding-right:8px;padding-bottom:4px;padding-left:8px;margin-top:10px;margin-right:0px;margin-bottom:10px;margin-left:0px;}.kt-info-box1432_ce5d0d-e5 .kt-blocks-info-box-link-wrap:hover .kt-blocks-info-box-learnmore,.kt-info-box1432_ce5d0d-e5 .kt-blocks-info-box-link-wrap .kt-blocks-info-box-learnmore:focus{color:#ffffff;background:#444444;border-color:#444444;}<\/style>\n<div class=\"wp-block-kadence-infobox kt-info-box1432_ce5d0d-e5\"><span class=\"kt-blocks-info-box-link-wrap info-box-link kt-blocks-info-box-media-align-left kt-info-halign-left\"><div class=\"kt-blocks-info-box-media-container\"><div class=\"kt-blocks-info-box-media kt-info-media-animate-none\"><div class=\"kadence-info-box-icon-container kt-info-icon-animate-none\"><div class=\"kadence-info-box-icon-inner-container\"><span class=\"kb-svg-icon-wrap kb-svg-icon-ic_bullhorn kt-info-svg-icon\"><svg viewbox=\"0 0 8 8\"  fill=\"currentColor\" xmlns=\"http:\/\/www.w3.org\/2000\/svg\"  role=\"img\"><title>annoucement <\/title><path d=\"M6 0v6c.03.01.07 0 .09 0h.81c.05 0 .09-.04.09-.09v-5.81c0-.06-.04-.09-.09-.09h-.91zm-1 .5l-2.91 1.47c-.05.02-.13.03-.19.03h-1.81c-.06 0-.09.04-.09.09v1.81c0 .06.04.09.09.09h.91l1.03 2.72c.11.25.44.36.69.25.25-.11.36-.44.25-.69l-.75-1.78c.03-.14.13-.22.28-.22v-.03l2.5 1.25v-5z\"\/><\/svg><\/span><\/div><\/div><\/div><\/div><div class=\"kt-infobox-textcontent\"><p class=\"kt-blocks-info-box-text\"><strong>The highest world record in Click Per 15 Seconds is 195 Clicks. We wish you to beat the challenge with a uniform approach.<\/strong><\/p><\/div><\/span><\/div>\n\n\n\n<h2 style=\"color: #ffffff;font-weight: 400;background: #007bff;width: auto;margin: 1em 0px;font-size: 25px;line-height: 1;padding: 14px;border-left: 40px solid #000000;box-shadow: #c7c7c7 0px 2px 15px 0px;text-align:;\"><span id=\"Clicks_Per_15_Seconds_Challenge\"><strong>Desafio de cliques por 15 segundos<\/strong><\/span><\/h2>\n\n\n\n<p class=\"wp-block-paragraph\">Desafiar o CPS Test levou o jogador \u00e0 pr\u00e1tica e ao jogo dif\u00edcil para vencer. Portanto, os jogadores se esfor\u00e7am para jogar o jogo por divers\u00e3o e competi\u00e7\u00e3o saud\u00e1vel. \u00c0 medida que voc\u00ea avan\u00e7a no jogo, voc\u00ea vai se divertir mais do que nunca por causa de seu impacto na velocidade de cliques.&nbsp;<\/p>\n\n\n\n<p class=\"wp-block-paragraph\">Todos os jogos CPS Test and Clicking visam alcan\u00e7ar a pontua\u00e7\u00e3o mais alta no jogo em tempo real. No entanto, voc\u00ea pode estabelecer o recorde mundial ou abrir um desafio para seus amigos e oponentes.<\/p>\n\n\n\n<p class=\"wp-block-paragraph\">Como outros testes CPS, o <a href=\"https:\/\/easycpstest.com\/pt\/20-seconds\/\" target=\"_blank\" rel=\"noreferrer noopener\">desafio de 20 segundos<\/a> n\u00e3o \u00e9 super dif\u00edcil e inating\u00edvel. Mas \u00e0 medida que a dura\u00e7\u00e3o do tempo aumenta, manter o potencial inicial do jogo se torna dif\u00edcil. Mas o usu\u00e1rio tem mais tempo para pontuar alto no jogo ou desafio. Muitos jogadores atingem os objetivos que definiram antes de jogar. Ent\u00e3o, voc\u00ea deve tentar atingir a meta.<\/p>\n\n\n\n<h3 style=\"color: #ffffff;font-weight: 400;background: #007bff;width: auto;margin: 1em 0px;font-size: 25px;line-height: 1;padding: 14px;border-left: 40px solid #000000;box-shadow: #c7c7c7 0px 2px 15px 0px;text-align:;\"><span id=\"Features_of_Clicks_Per_15_Seconds\"><strong>Recursos de cliques por 15 segundos<\/strong><\/span><\/h3>\n\n\n\n<p class=\"wp-block-paragraph\">For earning in-game efficiency, practice is a must. So you can win the real-time game smoothly and effortlessly. Therefore, EasyCPSTest enables the user to play the game challenge which helps to enhance the playing skill, speed, and accuracy of the clicks. Once you gain accuracy, you can move ahead to win more difficult challenges.<\/p>\n\n\n\n<p class=\"wp-block-paragraph\">O enorme e valioso desafio do Click Per 15 Seconds permite o dom\u00ednio do clique com o dedo. No entanto, voc\u00ea pode fazer um recorde mundial para o desafio espec\u00edfico com o bra\u00e7o e o dedo apontando se o usu\u00e1rio n\u00e3o estiver confort\u00e1vel com o ritmo padr\u00e3o de clique. Portanto, um desejo de aumentar a velocidade do seu ensaio de cliques \u00e9 a melhor op\u00e7\u00e3o.<\/p>\n\n\n\n<p class=\"wp-block-paragraph\">To prevail in online competition, the speed of clicking is essential to performance in various online games. Subsequently, you need to participate in and be an expert on high-speed clicking challenges.<\/p>","protected":false},"excerpt":{"rendered":"<p>15 Second Click Test &#8211; Easy CPS Test You can test your clicking chops against the gaming world in a short time with this fifteen-second click challenge. Click Per 15 Seconds&nbsp;challenge leads your game to the next level as you &#8230; <\/p>\n<p class=\"read-more-container\"><a title=\"15 Second Click Test &#8211; Easy CPS Test\" class=\"read-more button\" href=\"https:\/\/easycpstest.com\/pt\/15-seconds\/#more-1432\" aria-label=\"Mais em 15 Second Click Test &#8211; Easy CPS Test\">Leia mais<\/a><\/p>","protected":false},"author":1,"featured_media":0,"parent":0,"menu_order":0,"comment_status":"closed","ping_status":"closed","template":"","meta":{"_crdt_document":"","footnotes":""},"class_list":{"0":"post-1432","1":"page","2":"type-page","3":"status-publish","5":"no-featured-image-padding"},"_links":{"self":[{"href":"https:\/\/easycpstest.com\/pt\/wp-json\/wp\/v2\/pages\/1432","targetHints":{"allow":["GET"]}}],"collection":[{"href":"https:\/\/easycpstest.com\/pt\/wp-json\/wp\/v2\/pages"}],"about":[{"href":"https:\/\/easycpstest.com\/pt\/wp-json\/wp\/v2\/types\/page"}],"author":[{"embeddable":true,"href":"https:\/\/easycpstest.com\/pt\/wp-json\/wp\/v2\/users\/1"}],"replies":[{"embeddable":true,"href":"https:\/\/easycpstest.com\/pt\/wp-json\/wp\/v2\/comments?post=1432"}],"version-history":[{"count":14,"href":"https:\/\/easycpstest.com\/pt\/wp-json\/wp\/v2\/pages\/1432\/revisions"}],"predecessor-version":[{"id":2162,"href":"https:\/\/easycpstest.com\/pt\/wp-json\/wp\/v2\/pages\/1432\/revisions\/2162"}],"wp:attachment":[{"href":"https:\/\/easycpstest.com\/pt\/wp-json\/wp\/v2\/media?parent=1432"}],"curies":[{"name":"wp","href":"https:\/\/api.w.org\/{rel}","templated":true}]}}