{"id":299,"date":"2025-02-10T07:04:31","date_gmt":"2025-02-10T07:04:31","guid":{"rendered":"https:\/\/easycpstest.com\/?page_id=299"},"modified":"2025-02-10T07:04:33","modified_gmt":"2025-02-10T07:04:33","slug":"privacy-policy","status":"publish","type":"page","link":"https:\/\/easycpstest.com\/pt\/privacy-policy\/","title":{"rendered":"Pol\u00edtica de Privacidade"},"content":{"rendered":"<p class=\"wp-block-paragraph\">No <strong>Teste CPS f\u00e1cil<\/strong>, acess\u00edvel de <a href=\"https:\/\/easycpstest.com\/pt\/\" target=\"_blank\" rel=\"noopener\">https:\/\/easycpstest.com\/<\/a>, a privacidade de nossos visitantes \u00e9 uma de nossas principais prioridades. Este documento de Pol\u00edtica de Privacidade cont\u00e9m informa\u00e7\u00f5es coletadas e registradas pelo Easy CPS Test e como as usamos.<\/p>\n\n\n\n<p class=\"wp-block-paragraph\">Se voc\u00ea tiver d\u00favidas adicionais ou precisar de mais informa\u00e7\u00f5es sobre nossa Pol\u00edtica de Privacidade, n\u00e3o hesite em <a href=\"https:\/\/easycpstest.com\/pt\/contact-us\/\" target=\"_blank\" rel=\"noopener\">Contate-Nos.<\/a><\/p>\n\n\n\n<p class=\"wp-block-paragraph\">Esta Pol\u00edtica de Privacidade aplica-se apenas \u00e0s nossas atividades online e \u00e9 v\u00e1lida para os visitantes do nosso website relativamente \u00e0s informa\u00e7\u00f5es que partilharam e\/ou recolheram no Easy CPS Test. Esta pol\u00edtica n\u00e3o se aplica a nenhuma informa\u00e7\u00e3o coletada offline ou por outros canais que n\u00e3o este site.<\/p>\n\n\n\n<h2 class=\"wp-block-heading\">Consentimento<\/h2>\n\n\n\n<p class=\"wp-block-paragraph\">Ao usar nosso site, voc\u00ea concorda com nossa Pol\u00edtica de Privacidade e concorda com seus termos.<\/p>\n\n\n\n<h2 class=\"wp-block-heading\">Informa\u00e7\u00f5es que coletamos<\/h2>\n\n\n\n<p class=\"wp-block-paragraph\">As informa\u00e7\u00f5es pessoais que voc\u00ea deve fornecer e os motivos que voc\u00ea deve fornecer ser\u00e3o esclarecidos quando solicitarmos que voc\u00ea forne\u00e7a suas informa\u00e7\u00f5es pessoais.<\/p>\n\n\n\n<p class=\"wp-block-paragraph\">Se voc\u00ea entrar em contato conosco diretamente, poderemos receber informa\u00e7\u00f5es adicionais sobre voc\u00ea, como seu nome, endere\u00e7o de e-mail, n\u00famero de telefone, o conte\u00fado da mensagem e\/ou anexos que voc\u00ea nos enviar e qualquer outra informa\u00e7\u00e3o que voc\u00ea decida fornecer.<\/p>\n\n\n\n<p class=\"wp-block-paragraph\">Quando voc\u00ea se registra para uma conta, podemos solicitar suas informa\u00e7\u00f5es de contato, incluindo nome, nome da empresa, endere\u00e7o, endere\u00e7o de e-mail e n\u00famero de telefone.<\/p>\n\n\n\n<h2 class=\"wp-block-heading\">Como usamos suas informa\u00e7\u00f5es<\/h2>\n\n\n\n<p class=\"wp-block-paragraph\">Usamos as informa\u00e7\u00f5es que coletamos de v\u00e1rias maneiras, incluindo:<\/p>\n\n\n\n<ul class=\"wp-block-list\"><li>Fornecer, operar e manter nosso site<\/li><li>Melhorar, personalizar e expandir nosso site<\/li><li>Entenda e analise como voc\u00ea usa nosso site<\/li><li>Desenvolver novos produtos, servi\u00e7os, recursos e funcionalidades<\/li><li>Comunicar-se com voc\u00ea, diretamente ou por meio de um de nossos parceiros, inclusive para atendimento ao cliente, para fornecer atualiza\u00e7\u00f5es e outras informa\u00e7\u00f5es relacionadas ao site e para fins de marketing e promocionais<\/li><li>Enviar-lhe e-mails<\/li><li>Encontre e evite fraudes.<\/li><\/ul>\n\n\n\n<h2 class=\"wp-block-heading\">Arquivos de registro<\/h2>\n\n\n\n<p class=\"wp-block-paragraph\">O Easy CPS Test segue um procedimento padr\u00e3o de uso de arquivos de log. Esses arquivos registram os visitantes quando eles visitam sites. Todas as empresas de hospedagem fazem isso e fazem parte da an\u00e1lise dos servi\u00e7os de hospedagem. As informa\u00e7\u00f5es coletadas pelos arquivos de log incluem endere\u00e7os de protocolo da Internet (IP), tipo de navegador, provedor de servi\u00e7os de Internet (ISP), carimbo de data e hora, p\u00e1ginas de refer\u00eancia\/sa\u00edda e, possivelmente, o n\u00famero de cliques. Estes n\u00e3o est\u00e3o vinculados a nenhuma informa\u00e7\u00e3o de identifica\u00e7\u00e3o pessoal. O objetivo das informa\u00e7\u00f5es \u00e9 analisar tend\u00eancias, administrar o site, rastrear o movimento dos usu\u00e1rios no site e coletar informa\u00e7\u00f5es demogr\u00e1ficas.<\/p>\n\n\n\n<h2 class=\"wp-block-heading\">Pol\u00edticas de privacidade de parceiros de publicidade<\/h2>\n\n\n\n<p class=\"wp-block-paragraph\">Voc\u00ea pode consultar esta lista para encontrar a Pol\u00edtica de Privacidade de cada um dos parceiros de publicidade do Easy CPS Test.<\/p>\n\n\n\n<p class=\"wp-block-paragraph\">Servidores de an\u00fancios de terceiros ou redes de an\u00fancios usam tecnologias como cookies, JavaScript ou Web Beacons usados em seus respectivos an\u00fancios e links que aparecem no Easy CPS Test, enviados diretamente aos navegadores dos usu\u00e1rios. Eles recebem automaticamente seu endere\u00e7o IP quando isso ocorre. Essas tecnologias s\u00e3o usadas para medir a efic\u00e1cia de suas campanhas publicit\u00e1rias e\/ou personalizar o conte\u00fado publicit\u00e1rio que voc\u00ea v\u00ea nos sites que visita.<\/p>\n\n\n\n<p class=\"wp-block-paragraph\">Observe que o Easy CPS Test n\u00e3o tem acesso ou controle sobre esses cookies usados por anunciantes de terceiros.<\/p>\n\n\n\n<h2 class=\"wp-block-heading\">Pol\u00edticas de privacidade de terceiros<\/h2>\n\n\n\n<p class=\"wp-block-paragraph\">A Pol\u00edtica de Privacidade do Easy CPS Test n\u00e3o se aplica a outros anunciantes ou sites. Assim, aconselhamos que consulte as respetivas Pol\u00edticas de Privacidade desses servidores de an\u00fancios de terceiros para obter informa\u00e7\u00f5es mais detalhadas. Pode incluir suas pr\u00e1ticas e instru\u00e7\u00f5es sobre como desativar determinadas op\u00e7\u00f5es.<\/p>\n\n\n\n<p class=\"wp-block-paragraph\">Voc\u00ea pode optar por desabilitar os cookies atrav\u00e9s das op\u00e7\u00f5es individuais do seu navegador. Ele pode ser encontrado nos respectivos sites dos navegadores para saber informa\u00e7\u00f5es mais detalhadas sobre o gerenciamento de cookies com navegadores espec\u00edficos.<\/p>\n\n\n\n<h2 class=\"wp-block-heading\">Direitos de privacidade da CCPA (n\u00e3o venda minhas informa\u00e7\u00f5es pessoais)<\/h2>\n\n\n\n<p class=\"wp-block-paragraph\">De acordo com a CCPA, entre outros direitos, os consumidores da Calif\u00f3rnia t\u00eam o direito de:<\/p>\n\n\n\n<p class=\"wp-block-paragraph\">Solicitar que uma empresa que coleta dados pessoais de um consumidor divulgue as categorias e partes espec\u00edficas de dados pessoais que uma empresa coletou sobre os consumidores.<\/p>\n\n\n\n<p class=\"wp-block-paragraph\">Solicitar que uma empresa exclua quaisquer dados pessoais sobre o consumidor que uma empresa coletou.<\/p>\n\n\n\n<p class=\"wp-block-paragraph\">Solicitar que uma empresa que vende dados pessoais de um consumidor n\u00e3o venda os dados pessoais do consumidor.<\/p>\n\n\n\n<p class=\"wp-block-paragraph\">Se voc\u00ea fizer uma solicita\u00e7\u00e3o, temos um m\u00eas para responder a voc\u00ea. Se voc\u00ea deseja exercer algum desses direitos, entre em contato conosco.<\/p>\n\n\n\n<h2 class=\"wp-block-heading\">Direitos de prote\u00e7\u00e3o de dados GDPR<\/h2>\n\n\n\n<p class=\"wp-block-paragraph\">Queremos ter certeza de que voc\u00ea est\u00e1 totalmente ciente de todos os seus direitos de prote\u00e7\u00e3o de dados. Todo usu\u00e1rio tem direito ao seguinte:<\/p>\n\n\n\n<p class=\"wp-block-paragraph\">O direito de acesso \u2013 Voc\u00ea tem o direito de solicitar c\u00f3pias de seus dados pessoais. Podemos cobrar uma pequena taxa por este servi\u00e7o.<\/p>\n\n\n\n<p class=\"wp-block-paragraph\">O direito de retifica\u00e7\u00e3o \u2013 Voc\u00ea tem o direito de solicitar que corrijamos qualquer informa\u00e7\u00e3o que voc\u00ea acredite estar imprecisa. Voc\u00ea tamb\u00e9m tem o direito de solicitar que completemos as informa\u00e7\u00f5es que voc\u00ea acredita estarem incompletas.<\/p>\n\n\n\n<p class=\"wp-block-paragraph\">O direito de apagar \u2013 Voc\u00ea tem o direito de solicitar que apaguemos seus dados pessoais sob certas condi\u00e7\u00f5es.<\/p>\n\n\n\n<p class=\"wp-block-paragraph\">O direito de restringir o processamento \u2013 Voc\u00ea tem o direito de solicitar que restrinjamos o processamento de seus dados pessoais sob certas condi\u00e7\u00f5es.<\/p>\n\n\n\n<p class=\"wp-block-paragraph\">O direito de se opor ao processamento \u2013 Voc\u00ea tem o direito de se opor ao nosso processamento de seus dados pessoais sob certas condi\u00e7\u00f5es.<\/p>\n\n\n\n<p class=\"wp-block-paragraph\">O direito \u00e0 portabilidade de dados \u2013 Voc\u00ea tem o direito de solicitar que transfiramos os dados que coletamos para outra organiza\u00e7\u00e3o ou diretamente para voc\u00ea sob certas condi\u00e7\u00f5es.<\/p>\n\n\n\n<p class=\"wp-block-paragraph\">Se voc\u00ea fizer uma solicita\u00e7\u00e3o, temos um m\u00eas para responder a voc\u00ea. Se voc\u00ea deseja exercer algum desses direitos, entre em contato conosco.<\/p>\n\n\n\n<h2 class=\"wp-block-heading\">Informa\u00e7\u00f5es para crian\u00e7as<\/h2>\n\n\n\n<p class=\"wp-block-paragraph\">Outra parte de nossa prioridade \u00e9 adicionar prote\u00e7\u00e3o para crian\u00e7as enquanto usam a internet. Incentivamos os pais e respons\u00e1veis a observar, participar e\/ou monitorar e orientar suas atividades online.<\/p>\n\n\n\n<p class=\"wp-block-paragraph\"> O Easy CPS Test n\u00e3o coleta intencionalmente nenhuma informa\u00e7\u00e3o de identifica\u00e7\u00e3o pessoal de crian\u00e7as menores de 13 anos. remover tais informa\u00e7\u00f5es de nossos registros imediatamente.<\/p>","protected":false},"excerpt":{"rendered":"<p>At Easy CPS Test, accessible from https:\/\/easycpstest.com\/, our visitors&#8217; privacy is one of our main priorities. This Privacy Policy document contains information collected and recorded by the Easy CPS Test and how we use it. If you have additional questions &#8230; <\/p>\n<p class=\"read-more-container\"><a title=\"Pol\u00edtica de Privacidade\" class=\"read-more button\" href=\"https:\/\/easycpstest.com\/pt\/privacy-policy\/#more-299\" aria-label=\"Mais em Pol\u00edtica de Privacidade\">Leia mais<\/a><\/p>","protected":false},"author":1,"featured_media":0,"parent":0,"menu_order":0,"comment_status":"closed","ping_status":"closed","template":"","meta":{"_crdt_document":"","footnotes":""},"class_list":{"0":"post-299","1":"page","2":"type-page","3":"status-publish","5":"no-featured-image-padding"},"_links":{"self":[{"href":"https:\/\/easycpstest.com\/pt\/wp-json\/wp\/v2\/pages\/299","targetHints":{"allow":["GET"]}}],"collection":[{"href":"https:\/\/easycpstest.com\/pt\/wp-json\/wp\/v2\/pages"}],"about":[{"href":"https:\/\/easycpstest.com\/pt\/wp-json\/wp\/v2\/types\/page"}],"author":[{"embeddable":true,"href":"https:\/\/easycpstest.com\/pt\/wp-json\/wp\/v2\/users\/1"}],"replies":[{"embeddable":true,"href":"https:\/\/easycpstest.com\/pt\/wp-json\/wp\/v2\/comments?post=299"}],"version-history":[{"count":6,"href":"https:\/\/easycpstest.com\/pt\/wp-json\/wp\/v2\/pages\/299\/revisions"}],"predecessor-version":[{"id":1797,"href":"https:\/\/easycpstest.com\/pt\/wp-json\/wp\/v2\/pages\/299\/revisions\/1797"}],"wp:attachment":[{"href":"https:\/\/easycpstest.com\/pt\/wp-json\/wp\/v2\/media?parent=299"}],"curies":[{"name":"wp","href":"https:\/\/api.w.org\/{rel}","templated":true}]}}