{"id":302,"date":"2025-02-10T07:05:48","date_gmt":"2025-02-10T07:05:48","guid":{"rendered":"https:\/\/easycpstest.com\/?page_id=302"},"modified":"2025-02-10T07:05:50","modified_gmt":"2025-02-10T07:05:50","slug":"disclaimer","status":"publish","type":"page","link":"https:\/\/easycpstest.com\/pt\/disclaimer\/","title":{"rendered":"Isen\u00e7\u00e3o de responsabilidade"},"content":{"rendered":"<p class=\"wp-block-paragraph\">Todas as informa\u00e7\u00f5es neste site - <a href=\"https:\/\/easycpstest.com\/pt\/\" target=\"_blank\" rel=\"noreferrer noopener\">https:\/\/easycpstest.com\/<\/a> \u2013 \u00e9 publicado de boa f\u00e9 e apenas para informa\u00e7\u00e3o geral. <strong>Teste CPS f\u00e1cil<\/strong> n\u00e3o oferece nenhuma garantia sobre a integridade, confiabilidade e precis\u00e3o dessas informa\u00e7\u00f5es. Qualquer a\u00e7\u00e3o que voc\u00ea tome com base nas informa\u00e7\u00f5es encontradas neste site (Teste Easy CPS) \u00e9 estritamente por sua conta e risco. O Easy CPS Test n\u00e3o ser\u00e1 respons\u00e1vel por quaisquer perdas e\/ou danos relacionados com o uso do nosso site.<\/p>\n\n\n\n<p class=\"wp-block-paragraph\">A partir do nosso site, voc\u00ea pode visitar outros sites seguindo hiperlinks para esses sites externos. Embora nos esforcemos para fornecer apenas links de qualidade para sites \u00fateis e \u00e9ticos, n\u00e3o temos controle sobre o conte\u00fado e a natureza desses sites. Esses links para outros sites n\u00e3o implicam uma recomenda\u00e7\u00e3o para todo o conte\u00fado encontrado nesses sites. Os propriet\u00e1rios e o conte\u00fado do site podem ser alterados sem aviso pr\u00e9vio e podem ocorrer antes que tenhamos a oportunidade de remover um link que pode ter ficado &#039;ruim&#039;.<\/p>\n\n\n\n<p class=\"wp-block-paragraph\">Esteja ciente tamb\u00e9m de que outros sites podem ter pol\u00edticas e termos de privacidade diferentes al\u00e9m do nosso controle quando voc\u00ea sai do nosso site. Por favor, certifique-se de verificar o <a href=\"https:\/\/easycpstest.com\/pt\/privacy-policy\/\" target=\"_blank\" rel=\"noopener\">Pol\u00edticas de privacidade<\/a> desses sites e seus \u201cTermos de Servi\u00e7o\u201d antes de se envolver em qualquer neg\u00f3cio ou carregar qualquer informa\u00e7\u00e3o.<\/p>\n\n\n\n<h2 class=\"wp-block-heading\">Consentimento<\/h2>\n\n\n\n<p class=\"wp-block-paragraph\">Ao usar nosso site, voc\u00ea concorda com nossa isen\u00e7\u00e3o de responsabilidade e concorda com seus termos.<\/p>\n\n\n\n<h2 class=\"wp-block-heading\">Atualizar<\/h2>\n\n\n\n<p class=\"wp-block-paragraph\">Se atualizarmos, alterarmos ou fizermos qualquer altera\u00e7\u00e3o neste documento, essas altera\u00e7\u00f5es ser\u00e3o publicadas com destaque aqui.<\/p>","protected":false},"excerpt":{"rendered":"<p>All the information on this website &#8211; https:\/\/easycpstest.com\/ &#8211; is published in good faith and only for general information. Easy CPS Test does not make any warranties about the completeness, reliability, and accuracy of this information. Any action you take &#8230; <\/p>\n<p class=\"read-more-container\"><a title=\"Isen\u00e7\u00e3o de responsabilidade\" class=\"read-more button\" href=\"https:\/\/easycpstest.com\/pt\/disclaimer\/#more-302\" aria-label=\"Mais em Disclaimer\">Leia mais<\/a><\/p>","protected":false},"author":1,"featured_media":0,"parent":0,"menu_order":0,"comment_status":"closed","ping_status":"closed","template":"","meta":{"_crdt_document":"","footnotes":""},"class_list":{"0":"post-302","1":"page","2":"type-page","3":"status-publish","5":"no-featured-image-padding"},"_links":{"self":[{"href":"https:\/\/easycpstest.com\/pt\/wp-json\/wp\/v2\/pages\/302","targetHints":{"allow":["GET"]}}],"collection":[{"href":"https:\/\/easycpstest.com\/pt\/wp-json\/wp\/v2\/pages"}],"about":[{"href":"https:\/\/easycpstest.com\/pt\/wp-json\/wp\/v2\/types\/page"}],"author":[{"embeddable":true,"href":"https:\/\/easycpstest.com\/pt\/wp-json\/wp\/v2\/users\/1"}],"replies":[{"embeddable":true,"href":"https:\/\/easycpstest.com\/pt\/wp-json\/wp\/v2\/comments?post=302"}],"version-history":[{"count":4,"href":"https:\/\/easycpstest.com\/pt\/wp-json\/wp\/v2\/pages\/302\/revisions"}],"predecessor-version":[{"id":1982,"href":"https:\/\/easycpstest.com\/pt\/wp-json\/wp\/v2\/pages\/302\/revisions\/1982"}],"wp:attachment":[{"href":"https:\/\/easycpstest.com\/pt\/wp-json\/wp\/v2\/media?parent=302"}],"curies":[{"name":"wp","href":"https:\/\/api.w.org\/{rel}","templated":true}]}}