{"id":1403,"date":"2025-02-10T06:56:17","date_gmt":"2025-02-10T06:56:17","guid":{"rendered":"https:\/\/easycpstest.com\/?page_id=1403"},"modified":"2025-02-10T06:56:19","modified_gmt":"2025-02-10T06:56:19","slug":"jitter-click-test","status":"publish","type":"page","link":"https:\/\/easycpstest.com\/ro\/jitter-click-test\/","title":{"rendered":"Jitter Click Test | Jitter Clicking Challenge &#8211; Easy CPS Test"},"content":{"rendered":"<h1 class=\"wp-block-heading has-text-align-center\"><strong>Jitter Click Test | Test CPS u\u0219or<\/strong><\/h1>\n\n\n\n<p class=\"has-text-align-center wp-block-paragraph\">While playing the clicking game Jitter trick will help you know about your clicking speed. For gamers, Minecraft formulated Jitter Click Test.<\/p>\n\n\n<div class=\"page-wrapper\">\n\t<div class=\"row\">\n\t\t<div class=\"col-lg-12 col-md-12 custom-container\">\n\t\t\t<div class=\"card\">\n\t\t\t\t<header class=\"entry-header\">\n\t\t\t\t\t\t\t\t\t<\/header>\n\t\t\t\t\t\t\t\t<div class=\"bt-click-inner\">\n\t\t\t\t\t<div class=\"card-header\">\n\t\t\t\t\t\t<div class=\"bt-header-timer\">\n\t\t\t\t\t\t\t<div class=\"bt-time-btn blue-btn\">\n\t\t\t\t\t\t\t\t<h4 class=\"mb-0\"><span id=\"timer\">0<\/span><\/h4>\n\t\t\t\t\t\t\t\t<small class=\"mb-0 sm-custom\">Temporizator<\/small>\n\t\t\t\t\t\t\t<\/div>\n\t\t\t\t\t\t\t<div class=\"bt-time-btn orange-btn\">\n\t\t\t\t\t\t\t\t<h4 class=\"mb-0\"><span id=\"clicks\">0<\/span><\/h4>\n\t\t\t\t\t\t\t\t<small class=\"mb-0 sm-custom\">Click\/e<\/small>\n\t\t\t\t\t\t\t<\/div>\n\t\t\t\t\t\t\t<div class=\"bt-time-btn green-btn\">\n\t\t\t\t\t\t\t\t<h4 class=\"mb-0\"><span id=\"score\">0<\/span><\/h4>\n\t\t\t\t\t\t\t\t<small class=\"mb-0 sm-custom\">Scor<\/small>\n\t\t\t\t\t\t\t<\/div>\n\t\t\t\t\t\t<\/div>\n\t\t\t\t\t<\/div>\n\t\t\t\t\t<div class=\"card-body\">\n\t\t\t\t\t\t<div class=\"bt-click-area\" id=\"bt-click-area\">\n\t\t\t\t\t\t\t<button id=\"start\" type=\"button\" class=\"btn-light btn-round waves-effect waves-light\">CLICK AICI PENTRU A \u00ceNCEPE JUCA<\/button>\n\t\t\t\t\t\t<\/div>\n\t\t\t\t\t<\/div>\n\t\t\t\t\t<button type=\"button\" data-toggle=\"modal\" data-target=\"#click-result-modal\" style=\"display: none;\" id=\"trigger-modal\">Lansa\u021bi modal<\/button>\n\t\t\t\t<\/div>\n\t\t\t<\/div>\n\t\t<\/div>\n\t\t\t<\/div>\n<\/div>\n\n\n\n<p class=\"wp-block-paragraph\">Jitter Click Game&nbsp;is a click-oriented game that influences the mouse and touchpad in a fast-clicking tactic. Through this tactic, gamers dominate their competitors in the game. Playing PVP or individual mode in Minecraft, the tricks are valid in both conditions.<\/p>\n\n\n<style>.kb-row-layout-wrap.wp-block-kadence-rowlayout.kb-row-layout-id1403_33d660-54{margin-bottom:0px;}.kb-row-layout-id1403_33d660-54 > .kt-row-column-wrap{align-content:start;}:where(.kb-row-layout-id1403_33d660-54 > .kt-row-column-wrap) > .wp-block-kadence-column{justify-content:start;}.kb-row-layout-id1403_33d660-54 > .kt-row-column-wrap{column-gap:var(--global-kb-gap-none, 0rem );row-gap:var(--global-kb-gap-none, 0rem );max-width:1200px;padding-top:30px;padding-right:0px;padding-bottom:30px;padding-left:0px;}.kb-row-layout-id1403_33d660-54 > .kt-row-column-wrap > div:not(.added-for-specificity){grid-column:initial;}.kb-row-layout-id1403_33d660-54 > .kt-row-column-wrap{grid-template-columns:minmax(0, 1fr) minmax(0, 3fr) minmax(0, 1fr);}.kb-row-layout-id1403_33d660-54 > .kt-row-layout-overlay{opacity:0.30;background:linear-gradient(180deg,  0%, #00B5E2 100%);}.kb-row-layout-id1403_33d660-54 .kt-row-layout-bottom-sep{height:100px;}.kb-row-layout-id1403_33d660-54 .kt-row-layout-bottom-sep svg{width:100%;}.kb-row-layout-id1403_33d660-54 .kt-row-layout-bottom-sep svg{fill:#ffffff!important;}@media all and (max-width: 1024px){.kb-row-layout-id1403_33d660-54 > .kt-row-column-wrap{padding-top:0px;padding-right:50px;padding-bottom:80px;padding-left:50px;grid-template-columns:minmax(0, 1fr);}}@media all and (max-width: 1024px){.kb-row-layout-id1403_33d660-54 > .kt-row-column-wrap > div:not(.added-for-specificity){grid-column:initial;}}@media all and (max-width: 1024px){.kb-row-layout-id1403_33d660-54 .kt-row-layout-bottom-sep{height:px;}}@media all and (max-width: 1024px){.kb-row-layout-id1403_33d660-54 .kt-row-layout-bottom-sep svg{width:%;}}@media all and (max-width: 767px){.kb-row-layout-id1403_33d660-54 > .kt-row-column-wrap{padding-top:40px;padding-right:20px;padding-bottom:50px;padding-left:20px;grid-template-columns:minmax(0, 1fr);}.kb-row-layout-id1403_33d660-54 > .kt-row-column-wrap > div:not(.added-for-specificity){grid-column:initial;}.kb-row-layout-id1403_33d660-54 .kt-row-layout-bottom-sep{height:px;}.kb-row-layout-id1403_33d660-54 .kt-row-layout-bottom-sep svg{width:%;}}<\/style><div class=\"kb-row-layout-wrap kb-row-layout-id1403_33d660-54 alignnone kt-row-has-bg wp-block-kadence-rowlayout\"><div class=\"kt-row-layout-overlay kt-row-overlay-gradient\"><\/div><div class=\"kt-row-column-wrap kt-has-3-columns kt-row-layout-center-wide kt-tab-layout-row kt-mobile-layout-row kt-row-valign-top kb-theme-content-width\">\n<style>.kadence-column1403_9e6cab-bb > .kt-inside-inner-col{padding-top:10px;padding-right:10px;padding-bottom:10px;padding-left:10px;}.kadence-column1403_9e6cab-bb > .kt-inside-inner-col,.kadence-column1403_9e6cab-bb > .kt-inside-inner-col:before{border-top-left-radius:0px;border-top-right-radius:0px;border-bottom-right-radius:0px;border-bottom-left-radius:0px;}.kadence-column1403_9e6cab-bb > .kt-inside-inner-col{column-gap:var(--global-kb-gap-sm, 1rem);}.kadence-column1403_9e6cab-bb > .kt-inside-inner-col{flex-direction:column;}.kadence-column1403_9e6cab-bb > .kt-inside-inner-col > .aligncenter{width:100%;}.kadence-column1403_9e6cab-bb > .kt-inside-inner-col:before{opacity:0.3;}.kadence-column1403_9e6cab-bb{position:relative;}.kadence-column1403_9e6cab-bb, .kt-inside-inner-col > .kadence-column1403_9e6cab-bb:not(.specificity){margin-top:0px;margin-right:20px;margin-bottom:0px;margin-left:0px;}@media all and (max-width: 1024px){.kadence-column1403_9e6cab-bb > .kt-inside-inner-col{flex-direction:column;justify-content:center;}}@media all and (max-width: 1024px){.kadence-column1403_9e6cab-bb, .kt-inside-inner-col > .kadence-column1403_9e6cab-bb:not(.specificity){margin-top:0px;margin-right:0px;margin-bottom:0px;margin-left:0px;}}@media all and (max-width: 767px){.kadence-column1403_9e6cab-bb > .kt-inside-inner-col{flex-direction:column;justify-content:center;}}<\/style>\n<div class=\"wp-block-kadence-column kadence-column1403_9e6cab-bb inner-column-1\"><div class=\"kt-inside-inner-col\"><\/div><\/div>\n\n\n<style>.kadence-column1403_45caf1-8c > .kt-inside-inner-col{padding-top:10px;padding-right:10px;padding-bottom:10px;padding-left:10px;}.kadence-column1403_45caf1-8c > .kt-inside-inner-col,.kadence-column1403_45caf1-8c > .kt-inside-inner-col:before{border-top-left-radius:0px;border-top-right-radius:0px;border-bottom-right-radius:0px;border-bottom-left-radius:0px;}.kadence-column1403_45caf1-8c > .kt-inside-inner-col{column-gap:var(--global-kb-gap-sm, 1rem);}.kadence-column1403_45caf1-8c > .kt-inside-inner-col{flex-direction:column;}.kadence-column1403_45caf1-8c > .kt-inside-inner-col > .aligncenter{width:100%;}.kadence-column1403_45caf1-8c > .kt-inside-inner-col:before{opacity:0.3;}.kadence-column1403_45caf1-8c{position:relative;}.kadence-column1403_45caf1-8c, .kt-inside-inner-col > .kadence-column1403_45caf1-8c:not(.specificity){margin-top:0px;margin-right:10px;margin-bottom:0px;margin-left:10px;}@media all and (max-width: 1024px){.kadence-column1403_45caf1-8c > .kt-inside-inner-col{flex-direction:column;justify-content:center;}}@media all and (max-width: 1024px){.kadence-column1403_45caf1-8c, .kt-inside-inner-col > .kadence-column1403_45caf1-8c:not(.specificity){margin-top:0px;margin-right:0px;margin-bottom:0px;margin-left:0px;}}@media all and (max-width: 767px){.kadence-column1403_45caf1-8c > .kt-inside-inner-col{flex-direction:column;justify-content:center;}}<\/style>\n<div class=\"wp-block-kadence-column kadence-column1403_45caf1-8c inner-column-2\"><div class=\"kt-inside-inner-col\"><style>.wp-block-kadence-column.kb-section-dir-horizontal > .kt-inside-inner-col > .kt-info-box1403_f06057-52 .kt-blocks-info-box-link-wrap{max-width:unset;}.kt-info-box1403_f06057-52 .kt-blocks-info-box-link-wrap{border-top:1px solid var(--global-palette7, #EDF2F7);border-right:1px solid var(--global-palette7, #EDF2F7);border-bottom:1px solid var(--global-palette7, #EDF2F7);border-left:1px solid var(--global-palette7, #EDF2F7);border-top-left-radius:10px;border-top-right-radius:10px;border-bottom-right-radius:10px;border-bottom-left-radius:10px;background:#007bff;padding-top:30px;padding-right:30px;padding-bottom:30px;padding-left:30px;margin-bottom:0px;}.kt-info-box1403_f06057-52 .kt-blocks-info-box-link-wrap:hover{background:#6a6dec;}.kt-info-box1403_f06057-52 .kadence-info-box-icon-container .kt-info-svg-icon, .kt-info-box1403_f06057-52 .kt-info-svg-icon-flip, .kt-info-box1403_f06057-52 .kt-blocks-info-box-number{font-size:50px;}.kt-info-box1403_f06057-52 .kt-blocks-info-box-media{color:#444444;background:transparent;border-color:#444444;border-top-width:0px;border-right-width:0px;border-bottom-width:0px;border-left-width:0px;padding-top:0px;padding-right:0px;padding-bottom:0px;padding-left:0px;}.kt-info-box1403_f06057-52 .kt-blocks-info-box-media-container{margin-top:0px;margin-right:15px;margin-bottom:0px;margin-left:0px;}.kt-info-box1403_f06057-52 .kt-blocks-info-box-link-wrap:hover .kt-blocks-info-box-media{color:#444444;background:transparent;border-color:#444444;}.kt-info-box1403_f06057-52 .kt-infobox-textcontent h6.kt-blocks-info-box-title{line-height:1.3em;padding-top:0px;padding-right:0px;padding-bottom:0px;padding-left:0px;margin-top:0px;margin-right:0px;margin-bottom:14px;margin-left:0px;}.kt-info-box1403_f06057-52 .kt-infobox-textcontent .kt-blocks-info-box-text{color:var(--base-3);}.wp-block-kadence-infobox.kt-info-box1403_f06057-52 .kt-blocks-info-box-text{text-transform:capitalize;}.kt-info-box1403_f06057-52 .kt-blocks-info-box-learnmore{background:transparent;border-color:#555555;border-width:0px 0px 0px 0px;padding-top:4px;padding-right:8px;padding-bottom:4px;padding-left:8px;margin-top:10px;margin-right:0px;margin-bottom:10px;margin-left:0px;}.kt-info-box1403_f06057-52 .kt-blocks-info-box-link-wrap:hover .kt-blocks-info-box-learnmore,.kt-info-box1403_f06057-52 .kt-blocks-info-box-link-wrap .kt-blocks-info-box-learnmore:focus{color:#ffffff;background:#444444;border-color:#444444;}.kt-info-box1403_f06057-52 .kt-blocks-info-box-link-wrap{box-shadow:0px 0px 0px 0px rgba(0, 0, 0, 0);}.kt-info-box1403_f06057-52 .kt-blocks-info-box-link-wrap:hover{box-shadow:20px 20px 80px 0px rgba(27, 0, 79, 0.06);}@media all and (max-width: 1024px){.kt-info-box1403_f06057-52 .kt-blocks-info-box-link-wrap{border-top:1px solid var(--global-palette7, #EDF2F7);border-right:1px solid var(--global-palette7, #EDF2F7);border-bottom:1px solid var(--global-palette7, #EDF2F7);border-left:1px solid var(--global-palette7, #EDF2F7);box-shadow:0px 0px 0px 0px rgba(0, 0, 0, 0);}}@media all and (max-width: 1024px){.kt-info-box1403_f06057-52 .kt-blocks-info-box-link-wrap:hover{box-shadow:20px 20px 80px 0px rgba(27, 0, 79, 0.06);}}@media all and (max-width: 767px){.kt-info-box1403_f06057-52 .kt-blocks-info-box-link-wrap{border-top:1px solid var(--global-palette7, #EDF2F7);border-right:1px solid var(--global-palette7, #EDF2F7);border-bottom:1px solid var(--global-palette7, #EDF2F7);border-left:1px solid var(--global-palette7, #EDF2F7);text-align:center;display:block;box-shadow:0px 0px 0px 0px rgba(0, 0, 0, 0);}.kt-info-box1403_f06057-52 .kt-blocks-info-box-link-wrap .kt-blocks-info-box-media{display:inline-block;max-width:100%;}.kt-info-box1403_f06057-52 .kt-blocks-info-box-link-wrap:hover{box-shadow:20px 20px 80px 0px rgba(27, 0, 79, 0.06);}}<\/style>\n<div class=\"wp-block-kadence-infobox kt-info-box1403_f06057-52\"><a class=\"kt-blocks-info-box-link-wrap info-box-link kt-blocks-info-box-media-align-top kt-info-halign-center kb-info-box-vertical-media-align-top kb-info-mobile-halign-center\" target=\"_blank\" rel=\"noopener noreferrer\" href=\"https:\/\/easycpstest.com\/ro\/\" aria-label=\"Face\u021bi clic pe Test de vitez\u0103 | Testul CPS\"><div class=\"kt-infobox-textcontent\"><p class=\"kt-blocks-info-box-text\"><strong>CLICK TEST DE VITEZ\u0102 | TEST CPS<\/strong><\/p><\/div><\/a><\/div>\n<\/div><\/div>\n\n\n<style>.kadence-column1403_38cc00-2b > .kt-inside-inner-col{padding-top:10px;padding-right:10px;padding-bottom:10px;padding-left:10px;}.kadence-column1403_38cc00-2b > .kt-inside-inner-col,.kadence-column1403_38cc00-2b > .kt-inside-inner-col:before{border-top-left-radius:0px;border-top-right-radius:0px;border-bottom-right-radius:0px;border-bottom-left-radius:0px;}.kadence-column1403_38cc00-2b > .kt-inside-inner-col{column-gap:var(--global-kb-gap-sm, 1rem);}.kadence-column1403_38cc00-2b > .kt-inside-inner-col{flex-direction:column;}.kadence-column1403_38cc00-2b > .kt-inside-inner-col > .aligncenter{width:100%;}.kadence-column1403_38cc00-2b > .kt-inside-inner-col:before{opacity:0.3;}.kadence-column1403_38cc00-2b{position:relative;}.kadence-column1403_38cc00-2b, .kt-inside-inner-col > .kadence-column1403_38cc00-2b:not(.specificity){margin-top:0px;margin-right:0px;margin-bottom:0px;margin-left:20px;}@media all and (max-width: 1024px){.kadence-column1403_38cc00-2b > .kt-inside-inner-col{flex-direction:column;justify-content:center;}}@media all and (max-width: 1024px){.kadence-column1403_38cc00-2b, .kt-inside-inner-col > .kadence-column1403_38cc00-2b:not(.specificity){margin-top:0px;margin-right:0px;margin-bottom:0px;margin-left:0px;}}@media all and (max-width: 767px){.kadence-column1403_38cc00-2b > .kt-inside-inner-col{flex-direction:column;justify-content:center;}}<\/style>\n<div class=\"wp-block-kadence-column kadence-column1403_38cc00-2b inner-column-3\"><div class=\"kt-inside-inner-col\"><\/div><\/div>\n\n<\/div><\/div>\n\n\n<h2 style=\"color: #ffffff;font-weight: 400;background:  #007bff;width: auto;margin: 1em 0px;font-size: 25px;line-height: 1;padding: 14px;border-left: 40px solid #000000;box-shadow: #c7c7c7 0px 2px 15px 0px;text-align:;\"><span id=\"Jitter Click Online Test\"><strong> Jitter Face\u021bi clic pe Test online  \n<\/strong><\/span><\/h2>\n\n\n\n<p class=\"wp-block-paragraph\">The gaming community introduced outstanding clicking methods in the&nbsp;Jitter Click Online Game&nbsp;to engage fellow gamers. In that unique game, arm aiming was introduced to quickly earn a burst of click. However, it reduces the stress on the clicking finger.&nbsp;<\/p>\n\n\n\n<p class=\"wp-block-paragraph\">Joac\u0103-te cu mu\u0219chii relaxa\u021bi ai bra\u021bului \u0219i a degetelor pentru a c\u00e2\u0219tiga Provocarea Jitter Click. Acum plasa\u021bi unul dintre degetele dominante pe butonul mouse-ului. Acum, mi\u0219c\u0103-\u021bi mu\u0219chii bra\u021belor ca tremur\u00e2nd \u00een loc s\u0103 faci clic. Acest cutremur va genera vibra\u021bii \u00een bra\u021b \u0219i va elibera explozia de clicuri \u00een c\u00e2teva secunde.<\/p>\n\n\n\n<p class=\"wp-block-paragraph\">Above, we explained the method to generate various clicks through the Jitter Clicks procedure. You can make the&nbsp;Jitter Click World Record&nbsp;by following tricks if you are a capable player who owns skillful hands. So, follow the instructions and work hard to practice and enjoy the lead in the game.&nbsp;<\/p>\n\n\n<div class=\"wp-block-image\">\n<figure class=\"aligncenter size-full\"><img loading=\"lazy\" decoding=\"async\" width=\"768\" height=\"452\" src=\"https:\/\/easycpstest.com\/wp-content\/uploads\/2022\/03\/jitter-1.png\" alt=\"Jitter Click Test\" class=\"wp-image-1579\" srcset=\"https:\/\/easycpstest.com\/wp-content\/uploads\/2022\/03\/jitter-1.png 768w, https:\/\/easycpstest.com\/wp-content\/uploads\/2022\/03\/jitter-1-300x177.png 300w\" sizes=\"auto, (max-width: 768px) 100vw, 768px\" \/><\/figure>\n<\/div>\n\n\n<h3 style=\"color: #ffffff;font-weight: 400;background:  #007bff;width: auto;margin: 1em 0px;font-size: 25px;line-height: 1;padding: 14px;border-left: 40px solid #000000;box-shadow: #c7c7c7 0px 2px 15px 0px;text-align:;\"><span id=\"Jitter Click Online Test\"><strong> Aten\u021bion\u0103ri\n<\/strong><\/span><\/h3>\n\n\n\n<p class=\"wp-block-paragraph\">\u00centre prima \u0219i a doua sesiune de clic, odihne\u0219te-\u021bi bra\u021bul \u0219i degetul. Prin urmare, ve\u021bi evita \u00eencordarea sau r\u0103nirea bra\u021bului sau a degetelor. Cu toate acestea, vei juca mult timp dac\u0103 faci antrenamentul egal. Excesul de clic ar putea crea o problem\u0103 pentru dvs.<\/p>\n\n\n\n<h3 style=\"color: #ffffff;font-weight: 400;background:  #007bff;width: auto;margin: 1em 0px;font-size: 25px;line-height: 1;padding: 14px;border-left: 40px solid #000000;box-shadow: #c7c7c7 0px 2px 15px 0px;text-align:;\"><span id=\"Jitter Click Online Test\"><strong> Caracteristicile testului Jitter Click\n<\/strong><\/span><\/h3>\n\n\n\n<p class=\"wp-block-paragraph\">Destul de ca \u0219i alte jocuri de test de clic, cum ar fi<a href=\"https:\/\/easycpstest.com\/ro\/butterfly-click-test\/\" target=\"_blank\" rel=\"noreferrer noopener\"> test de clic fluture<\/a>, Jocul Jitter Click optimizeaz\u0103 capacitatea de clic a juc\u0103torilor. \u00cen plus, optimizarea testelor s-a dovedit cel mai bun instrument pentru \u00eembun\u0103t\u0103\u021birea abilit\u0103\u021bilor.<\/p>\n\n\n\n<p class=\"wp-block-paragraph\">Clicking skill practice is good for other strategic games like continuous combat or continuous bullet targeting in the PVP or other Minecraft modes. In the presence of the&nbsp;Jitter Click Test,&nbsp;the gamers do not fill their mobile space because they avail of the online testing service at excellence.&nbsp;<\/p>\n\n\n\n<p class=\"wp-block-paragraph\">So, give&nbsp;Jitter Click Challenge&nbsp;to your limits and experience in the clicking competition. Be known of the average of your clicking speed. Moreover, practice makes perfect, so you earn excellence in the game.<\/p>\n\n\n\n<h3 style=\"color: #ffffff;font-weight: 400;background:  #007bff;width: auto;margin: 1em 0px;font-size: 25px;line-height: 1;padding: 14px;border-left: 40px solid #000000;box-shadow: #c7c7c7 0px 2px 15px 0px;text-align:;\"><span id=\"Significance of Jitter Click Test\"><strong> Semnifica\u021bia testului Jitter Click\n<\/strong><\/span><\/h3>\n\n\n\n<p class=\"wp-block-paragraph\">Dup\u0103 cum \u0219tim c\u0103 \u00eenv\u0103\u021barea clicului rapid este o abilitate semnificativ\u0103 pentru juc\u0103torii c\u0103rora le place s\u0103 joace cele mai recente jocuri. Astfel de jocuri necesit\u0103 clic rapid pentru a ob\u021bine mai multe scoruri \u00een joc. Apare \u00eentrebarea cum s\u0103 apuci un mouse mai eficient pentru a marca mai multe clicuri dec\u00e2t media?<\/p>\n\n\n\n<p class=\"wp-block-paragraph\">Juc\u0103torul care \u00eenva\u021b\u0103 clicul din acest test de clic \u00eenva\u021b\u0103 mai repede dec\u00e2t alte teste CPS. Cu toate acestea, pute\u021bi m\u0103sura progresul pentru a compara performan\u021ba de clic cu cel\u0103lalt juc\u0103tor din \u00eentreaga lume.&nbsp;<\/p>\n\n\n\n<p class=\"wp-block-paragraph\">The game is important to learn to click, and it also entertains the gamer. However, it&#8217;s an addictive game that does not players let go easily.<\/p>\n\n\n\n<p class=\"wp-block-paragraph\">Dup\u0103 aceea, finaliza\u021bi antrenamentul, apoi abilitatile \u00eembun\u0103t\u0103\u021bite v\u0103 ajut\u0103 s\u0103 juca\u021bi impecabil \u00een jocul de clic real. C\u00e2nd joci \u00een modul Minecraft PVP, \u00ee\u021bi face pl\u0103cere s\u0103 c\u00e2\u0219tigi un rang \u00eenalt \u00een joc.<\/p>\n\n\n\n<h3 style=\"color: #ffffff;font-weight: 400;background:  #007bff;width: auto;margin: 1em 0px;font-size: 25px;line-height: 1;padding: 14px;border-left: 40px solid #000000;box-shadow: #c7c7c7 0px 2px 15px 0px;text-align:;\"><span id=\"How to Play Jitter Click Game?\"><strong> How to Play Jitter Click Game?\n<\/strong><\/span><\/h3>\n\n\n\n<p class=\"wp-block-paragraph\">Datorit\u0103 jocului u\u0219or \u0219i u\u0219or, juc\u0103torul petrece mai mult timp juc\u00e2ndu-se. Lucrul pe care trebuie s\u0103-l fac\u0103 juc\u0103torii este s\u0103 ating\u0103 zona de clic c\u00e2t mai repede posibil. Cu toate acestea, versiunea se deblocheaz\u0103 atunci c\u00e2nd face\u021bi clicuri continue spate \u00een spate. Aici tehnica Jitter Click Test v\u0103 ajut\u0103.<\/p>\n\n\n\n<p class=\"wp-block-paragraph\">So, try to click in the specified area as faster you can make it in 10 seconds. As the game&#8217;s time is over, the result appears in the prompting message. That is your CPS score that is based on your performance.&nbsp;<\/p>\n\n\n\n<p class=\"wp-block-paragraph\">Furthermore, you can share your CPS score with your friends on social media. However, practicing makes you perfect so do more practice for perfection and dominate in all modes of <a href=\"https:\/\/www.minecraft.net\/en-us\" target=\"_blank\" rel=\"noreferrer noopener\">Minecraft<\/a>.&nbsp;<\/p>\n\n\n\n<h3 style=\"color: #ffffff;font-weight: 400;background:  #007bff;width: auto;margin: 1em 0px;font-size: 25px;line-height: 1;padding: 14px;border-left: 40px solid #000000;box-shadow: #c7c7c7 0px 2px 15px 0px;text-align:;\"><span id=\"Right Device Selection\"><strong> Selectarea corect\u0103 a dispozitivului\n<\/strong><\/span><\/h3>\n\n\n\n<p class=\"wp-block-paragraph\">Un mouse adecvat este un dispozitiv semnificativ pe care fiecare utilizator trebuie s\u0103 ob\u021bin\u0103 un scor mai mare la testul de clic dec\u00e2t orice alt hardware. \u00cen absen\u021ba unui mouse eficient, cum se poate oferi concuren\u021b\u0103 dur\u0103 concuren\u021bilor \u00een jocul de clic?&nbsp;<\/p>\n\n\n\n<p class=\"wp-block-paragraph\">Cu toate acestea, mouse-ul drept poate reu\u0219i s\u0103 c\u00e2\u0219tige mai multe clicuri \u00eempotriva adversarului t\u0103u. Un juc\u0103tor inten\u021bioneaz\u0103 s\u0103 stabileasc\u0103 un record mondial Jitter Click, a\u0219a c\u0103 metoda Jitter Click este \u00een\u021beleapt\u0103.<\/p>\n\n\n\n<p class=\"wp-block-paragraph\">Iat\u0103 c\u00e2\u021biva factori de care trebuie s\u0103 lua\u021bi \u00een considerare \u00eenainte de a cump\u0103ra un mouse adecvat pentru clicurile Jitter. Deci pute\u021bi alege dispozitivul potrivit.&nbsp;&nbsp;<\/p>\n\n\n\n<ul class=\"wp-block-list\">\n<li><strong>Mouse-ul care nu poate fi spart trebuie s\u0103 \u021bin\u0103 degetul cioc\u0103nitor pentru jocul de clic pentru o perioad\u0103 lung\u0103 de timp.<\/strong><\/li>\n\n\n\n<li><strong>Selecta\u021bi \u00eentotdeauna cel mai recent mouse sensibil, cu laser \u0219i mouse optic, bazat pe tehnologie, \u00een locul \u0219oarecilor vechi contemporani.<\/strong><\/li>\n\n\n\n<li><strong>\u00cen cele din urm\u0103, selecteaz\u0103 mouse-ul, care se potrive\u0219te m\u00e2inilor tale \u0219i se simte confortabil \u00een timpul jocului.<\/strong><\/li>\n<\/ul>\n\n\n\n<h2 class=\"wp-block-heading has-text-align-center\">\u00eentreb\u0103ri frecvente<\/h2>\n\n\n\n<div class=\"schema-faq wp-block-yoast-faq-block\"><div class=\"schema-faq-section\" id=\"faq-question-1677486195867\"><strong class=\"schema-faq-question\">What is a Jitter Click Test?<\/strong> <p class=\"schema-faq-answer\">A Jitter Click Test is an online test that measures how many clicks you can make in a certain amount of time using the Jitter clicking technique.<\/p> <\/div> <div class=\"schema-faq-section\" id=\"faq-question-1677486221503\"><strong class=\"schema-faq-question\">What is the Jitter clicking technique?<\/strong> <p class=\"schema-faq-answer\">The Jitter clicking technique involves rapidly contracting the muscles in your arm to create a vibration or &#8220;jitter&#8221; in your finger, which allows you to click the mouse button rapidly. This technique is often used by gamers to achieve a higher clicking speed than they would be able to achieve with a normal clicking technique.<\/p> <\/div> <div class=\"schema-faq-section\" id=\"faq-question-1677486240819\"><strong class=\"schema-faq-question\">How long does a Jitter Click Test take?<\/strong> <p class=\"schema-faq-answer\">The length of a Jitter Click Test can vary depending on the website you use. Some tests are timed for 10 seconds, while others may be timed for a longer period of time, such as 30 or 60 seconds.<\/p> <\/div> <div class=\"schema-faq-section\" id=\"faq-question-1677486255250\"><strong class=\"schema-faq-question\">Are there any tips for taking a Jitter Click Test?<\/strong> <p class=\"schema-faq-answer\">Yes, here are some tips for taking a Jitter Click Test: <br\/>1) Folosi\u021bi o prindere confortabil\u0103 a mouse-ului<br\/>2) Keep your arm and wrist relaxed<br\/>3) Concentra\u021bi-v\u0103 pe vitez\u0103 \u0219i acurate\u021be<br\/>4) \u00cencerca\u021bi s\u0103 face\u021bi clic c\u00e2t mai repede posibil, men\u021bin\u00e2nd controlul \u0219i 5) Exersa\u021bi-v\u0103 \u00een mod regulat pentru a v\u0103 \u00eembun\u0103t\u0103\u021bi scorul.<\/p> <\/div> <div class=\"schema-faq-section\" id=\"faq-question-1677486285171\"><strong class=\"schema-faq-question\">Are Jitter Click Tests reliable?<\/strong> <p class=\"schema-faq-answer\">The accuracy of Jitter Click Tests can vary depending on the website and test conditions, but they can still provide a general idea of your clicking speed and accuracy using the Jitter clicking technique. Keep in mind that factors such as mouse type and settings, as well as the size and resolution of your screen, can also affect your score.<\/p> <\/div> <\/div>","protected":false},"excerpt":{"rendered":"<p>Jitter Click Test | Easy CPS Test While playing the clicking game Jitter trick will help you know about your clicking speed. For gamers, Minecraft formulated Jitter Click Test. Jitter Click Game&nbsp;is a click-oriented game that influences the mouse and &#8230; <\/p>\n<p class=\"read-more-container\"><a title=\"Jitter Click Test | Jitter Clicking Challenge &#8211; Easy CPS Test\" class=\"read-more button\" href=\"https:\/\/easycpstest.com\/ro\/jitter-click-test\/#more-1403\" aria-label=\"More on Jitter Click Test | Jitter Clicking Challenge &#8211; Easy CPS Test\">Citeste mai mult<\/a><\/p>","protected":false},"author":1,"featured_media":0,"parent":0,"menu_order":0,"comment_status":"closed","ping_status":"closed","template":"","meta":{"_crdt_document":"","footnotes":""},"class_list":{"0":"post-1403","1":"page","2":"type-page","3":"status-publish","5":"no-featured-image-padding"},"_links":{"self":[{"href":"https:\/\/easycpstest.com\/ro\/wp-json\/wp\/v2\/pages\/1403","targetHints":{"allow":["GET"]}}],"collection":[{"href":"https:\/\/easycpstest.com\/ro\/wp-json\/wp\/v2\/pages"}],"about":[{"href":"https:\/\/easycpstest.com\/ro\/wp-json\/wp\/v2\/types\/page"}],"author":[{"embeddable":true,"href":"https:\/\/easycpstest.com\/ro\/wp-json\/wp\/v2\/users\/1"}],"replies":[{"embeddable":true,"href":"https:\/\/easycpstest.com\/ro\/wp-json\/wp\/v2\/comments?post=1403"}],"version-history":[{"count":21,"href":"https:\/\/easycpstest.com\/ro\/wp-json\/wp\/v2\/pages\/1403\/revisions"}],"predecessor-version":[{"id":2168,"href":"https:\/\/easycpstest.com\/ro\/wp-json\/wp\/v2\/pages\/1403\/revisions\/2168"}],"wp:attachment":[{"href":"https:\/\/easycpstest.com\/ro\/wp-json\/wp\/v2\/media?parent=1403"}],"curies":[{"name":"wp","href":"https:\/\/api.w.org\/{rel}","templated":true}]}}