{"id":1407,"date":"2025-02-10T07:00:23","date_gmt":"2025-02-10T07:00:23","guid":{"rendered":"https:\/\/easycpstest.com\/?page_id=1407"},"modified":"2025-02-10T07:00:24","modified_gmt":"2025-02-10T07:00:24","slug":"spacebar-counter","status":"publish","type":"page","link":"https:\/\/easycpstest.com\/ro\/spacebar-counter\/","title":{"rendered":"Spacebar Counter &#8211; Spacebar Speed Test | Easy CPS Test"},"content":{"rendered":"<h1 class=\"wp-block-heading has-text-align-center\"><strong>Contor bar\u0103 de spa\u021biu | Test CPS u\u0219or<\/strong><\/h1>\n\n\n\n<p class=\"has-text-align-center wp-block-paragraph\">Juca\u021bi jocul ating\u00e2nd butonul de redare \u0219i ap\u0103s\u00e2nd bara de spa\u021biu c\u00e2t de repede pute\u021bi pentru a ob\u021bine un scor mare.<\/p>\n\n\n<div class=\"page-wrapper bg-white\">\n    <div class=\"row\">\n        <div class=\"col-lg-12 col-md-12 custom-container\">\n            <div class=\"card\">\n                <header class=\"entry-header\">\n                                                        <\/header>\n            \t<div class=\"bt-click-inner\">\n                    <div class=\"card-header\">\n                        <div class=\"bt-header-timer bt-spacebar-area\">\n                            <div class=\"bt-time-btn green-btn\">\n                                <span class=\"hits\">0<\/span>\n                                <h4 class=\"mb-0\">Scor<\/h4>\n                            <\/div>\n                            <div class=\"bt-time-btn white-black\">\n                            <!-- <div class=\"bt-time-btn orange-btn\"> -->\n                                <h4 class=\"title ultrabold\">Temporizator: <span id=\"set-timer-span\">0<\/span> sec<\/h4>\n                                <div class=\"form-group\">\n                                    <input id=\"set-timer\" type=\"number\" class=\"\">\n                                    <button id=\"set-time-button\" onclick=\"setTime()\">Potriveste ora<\/button>\n                                <\/div>\n                            <\/div>\n                            <div class=\"bt-time-btn green-green\">\n                                <button id=\"restart\" onclick=\"resetHits()\">Reseta\u021bi<\/button>\n                            <\/div>\n                        <\/div>\n                    <\/div>\n                    <div class=\"row\">\n                        <div class=\"col-lg-12 col-md-12 col-sm-12\">\n                            <button class=\"button button-spacebar\">\n                                <div class=\"button__content\" id=\"clk\">\n                                    <div class=\"button__text\">BAR\u0102 DE SPA\u021aIU<\/div>\n                                <\/div>\n                            <\/button>\n                        <\/div>\n                    <\/div>\n            \t<\/div>\n            <\/div>\n        <\/div>\n    <\/div>\n<\/div>\n\n\n\n<p class=\"wp-block-paragraph\">Urm\u0103rim cu m\u00e2ndrie utilizatorii no\u0219tri s\u0103 prezinte aici contorul de bar\u0103 de spa\u021biu. Ap\u0103sa\u021bi butonul de redare pentru a \u00eencepe jocul \u0219i bucura\u021bi-v\u0103 de joc. Ap\u0103sa\u021bi rapid \u0219i rapid tasta barei de spa\u021biu pentru a ob\u021bine un scor HPS c\u00e2t mai mare posibil. Jocul este foarte interesant de bucurat la vitez\u0103 maxim\u0103.<\/p>\n\n\n<style>.kb-row-layout-wrap.wp-block-kadence-rowlayout.kb-row-layout-id1407_716628-52{margin-bottom:0px;}.kb-row-layout-id1407_716628-52 > .kt-row-column-wrap{align-content:start;}:where(.kb-row-layout-id1407_716628-52 > .kt-row-column-wrap) > .wp-block-kadence-column{justify-content:start;}.kb-row-layout-id1407_716628-52 > .kt-row-column-wrap{column-gap:var(--global-kb-gap-none, 0rem );row-gap:var(--global-kb-gap-none, 0rem );max-width:1200px;padding-top:30px;padding-right:0px;padding-bottom:30px;padding-left:0px;}.kb-row-layout-id1407_716628-52 > .kt-row-column-wrap > div:not(.added-for-specificity){grid-column:initial;}.kb-row-layout-id1407_716628-52 > .kt-row-column-wrap{grid-template-columns:minmax(0, 1fr) minmax(0, 3fr) minmax(0, 1fr);}.kb-row-layout-id1407_716628-52 > .kt-row-layout-overlay{opacity:0.30;background:linear-gradient(180deg,  0%, #00B5E2 100%);}.kb-row-layout-id1407_716628-52 .kt-row-layout-bottom-sep{height:100px;}.kb-row-layout-id1407_716628-52 .kt-row-layout-bottom-sep svg{width:100%;}.kb-row-layout-id1407_716628-52 .kt-row-layout-bottom-sep svg{fill:#ffffff!important;}@media all and (max-width: 1024px){.kb-row-layout-id1407_716628-52 > .kt-row-column-wrap{padding-top:0px;padding-right:50px;padding-bottom:80px;padding-left:50px;grid-template-columns:minmax(0, 1fr);}}@media all and (max-width: 1024px){.kb-row-layout-id1407_716628-52 > .kt-row-column-wrap > div:not(.added-for-specificity){grid-column:initial;}}@media all and (max-width: 1024px){.kb-row-layout-id1407_716628-52 .kt-row-layout-bottom-sep{height:px;}}@media all and (max-width: 1024px){.kb-row-layout-id1407_716628-52 .kt-row-layout-bottom-sep svg{width:%;}}@media all and (max-width: 767px){.kb-row-layout-id1407_716628-52 > .kt-row-column-wrap{padding-top:40px;padding-right:20px;padding-bottom:50px;padding-left:20px;grid-template-columns:minmax(0, 1fr);}.kb-row-layout-id1407_716628-52 > .kt-row-column-wrap > div:not(.added-for-specificity){grid-column:initial;}.kb-row-layout-id1407_716628-52 .kt-row-layout-bottom-sep{height:px;}.kb-row-layout-id1407_716628-52 .kt-row-layout-bottom-sep svg{width:%;}}<\/style><div class=\"kb-row-layout-wrap kb-row-layout-id1407_716628-52 alignnone kt-row-has-bg wp-block-kadence-rowlayout\"><div class=\"kt-row-layout-overlay kt-row-overlay-gradient\"><\/div><div class=\"kt-row-column-wrap kt-has-3-columns kt-row-layout-center-wide kt-tab-layout-row kt-mobile-layout-row kt-row-valign-top kb-theme-content-width\">\n<style>.kadence-column1407_d9c808-48 > .kt-inside-inner-col{padding-top:10px;padding-right:10px;padding-bottom:10px;padding-left:10px;}.kadence-column1407_d9c808-48 > .kt-inside-inner-col,.kadence-column1407_d9c808-48 > .kt-inside-inner-col:before{border-top-left-radius:0px;border-top-right-radius:0px;border-bottom-right-radius:0px;border-bottom-left-radius:0px;}.kadence-column1407_d9c808-48 > .kt-inside-inner-col{column-gap:var(--global-kb-gap-sm, 1rem);}.kadence-column1407_d9c808-48 > .kt-inside-inner-col{flex-direction:column;}.kadence-column1407_d9c808-48 > .kt-inside-inner-col > .aligncenter{width:100%;}.kadence-column1407_d9c808-48 > .kt-inside-inner-col:before{opacity:0.3;}.kadence-column1407_d9c808-48{position:relative;}.kadence-column1407_d9c808-48, .kt-inside-inner-col > .kadence-column1407_d9c808-48:not(.specificity){margin-top:0px;margin-right:20px;margin-bottom:0px;margin-left:0px;}@media all and (max-width: 1024px){.kadence-column1407_d9c808-48 > .kt-inside-inner-col{flex-direction:column;justify-content:center;}}@media all and (max-width: 1024px){.kadence-column1407_d9c808-48, .kt-inside-inner-col > .kadence-column1407_d9c808-48:not(.specificity){margin-top:0px;margin-right:0px;margin-bottom:0px;margin-left:0px;}}@media all and (max-width: 767px){.kadence-column1407_d9c808-48 > .kt-inside-inner-col{flex-direction:column;justify-content:center;}}<\/style>\n<div class=\"wp-block-kadence-column kadence-column1407_d9c808-48 inner-column-1\"><div class=\"kt-inside-inner-col\"><\/div><\/div>\n\n\n<style>.kadence-column1407_c0503a-9c > .kt-inside-inner-col{padding-top:10px;padding-right:10px;padding-bottom:10px;padding-left:10px;}.kadence-column1407_c0503a-9c > .kt-inside-inner-col,.kadence-column1407_c0503a-9c > .kt-inside-inner-col:before{border-top-left-radius:0px;border-top-right-radius:0px;border-bottom-right-radius:0px;border-bottom-left-radius:0px;}.kadence-column1407_c0503a-9c > .kt-inside-inner-col{column-gap:var(--global-kb-gap-sm, 1rem);}.kadence-column1407_c0503a-9c > .kt-inside-inner-col{flex-direction:column;}.kadence-column1407_c0503a-9c > .kt-inside-inner-col > .aligncenter{width:100%;}.kadence-column1407_c0503a-9c > .kt-inside-inner-col:before{opacity:0.3;}.kadence-column1407_c0503a-9c{position:relative;}.kadence-column1407_c0503a-9c, .kt-inside-inner-col > .kadence-column1407_c0503a-9c:not(.specificity){margin-top:0px;margin-right:10px;margin-bottom:0px;margin-left:10px;}@media all and (max-width: 1024px){.kadence-column1407_c0503a-9c > .kt-inside-inner-col{flex-direction:column;justify-content:center;}}@media all and (max-width: 1024px){.kadence-column1407_c0503a-9c, .kt-inside-inner-col > .kadence-column1407_c0503a-9c:not(.specificity){margin-top:0px;margin-right:0px;margin-bottom:0px;margin-left:0px;}}@media all and (max-width: 767px){.kadence-column1407_c0503a-9c > .kt-inside-inner-col{flex-direction:column;justify-content:center;}}<\/style>\n<div class=\"wp-block-kadence-column kadence-column1407_c0503a-9c inner-column-2\"><div class=\"kt-inside-inner-col\"><style>.wp-block-kadence-column.kb-section-dir-horizontal > .kt-inside-inner-col > .kt-info-box1407_addccd-dd .kt-blocks-info-box-link-wrap{max-width:unset;}.kt-info-box1407_addccd-dd .kt-blocks-info-box-link-wrap{border-top:1px solid var(--global-palette7, #EDF2F7);border-right:1px solid var(--global-palette7, #EDF2F7);border-bottom:1px solid var(--global-palette7, #EDF2F7);border-left:1px solid var(--global-palette7, #EDF2F7);border-top-left-radius:10px;border-top-right-radius:10px;border-bottom-right-radius:10px;border-bottom-left-radius:10px;background:#007bff;padding-top:30px;padding-right:30px;padding-bottom:30px;padding-left:30px;margin-bottom:0px;}.kt-info-box1407_addccd-dd .kt-blocks-info-box-link-wrap:hover{background:#6a6dec;}.kt-info-box1407_addccd-dd .kadence-info-box-icon-container .kt-info-svg-icon, .kt-info-box1407_addccd-dd .kt-info-svg-icon-flip, .kt-info-box1407_addccd-dd .kt-blocks-info-box-number{font-size:50px;}.kt-info-box1407_addccd-dd .kt-blocks-info-box-media{color:#444444;background:transparent;border-color:#444444;border-top-width:0px;border-right-width:0px;border-bottom-width:0px;border-left-width:0px;padding-top:0px;padding-right:0px;padding-bottom:0px;padding-left:0px;}.kt-info-box1407_addccd-dd .kt-blocks-info-box-media-container{margin-top:0px;margin-right:15px;margin-bottom:0px;margin-left:0px;}.kt-info-box1407_addccd-dd .kt-blocks-info-box-link-wrap:hover .kt-blocks-info-box-media{color:#444444;background:transparent;border-color:#444444;}.kt-info-box1407_addccd-dd .kt-infobox-textcontent h6.kt-blocks-info-box-title{line-height:1.3em;padding-top:0px;padding-right:0px;padding-bottom:0px;padding-left:0px;margin-top:0px;margin-right:0px;margin-bottom:14px;margin-left:0px;}.kt-info-box1407_addccd-dd .kt-infobox-textcontent .kt-blocks-info-box-text{color:var(--base-3);}.wp-block-kadence-infobox.kt-info-box1407_addccd-dd .kt-blocks-info-box-text{text-transform:capitalize;}.kt-info-box1407_addccd-dd .kt-blocks-info-box-learnmore{background:transparent;border-color:#555555;border-width:0px 0px 0px 0px;padding-top:4px;padding-right:8px;padding-bottom:4px;padding-left:8px;margin-top:10px;margin-right:0px;margin-bottom:10px;margin-left:0px;}.kt-info-box1407_addccd-dd .kt-blocks-info-box-link-wrap:hover .kt-blocks-info-box-learnmore,.kt-info-box1407_addccd-dd .kt-blocks-info-box-link-wrap .kt-blocks-info-box-learnmore:focus{color:#ffffff;background:#444444;border-color:#444444;}.kt-info-box1407_addccd-dd .kt-blocks-info-box-link-wrap{box-shadow:0px 0px 0px 0px rgba(0, 0, 0, 0);}.kt-info-box1407_addccd-dd .kt-blocks-info-box-link-wrap:hover{box-shadow:20px 20px 80px 0px rgba(27, 0, 79, 0.06);}@media all and (max-width: 1024px){.kt-info-box1407_addccd-dd .kt-blocks-info-box-link-wrap{border-top:1px solid var(--global-palette7, #EDF2F7);border-right:1px solid var(--global-palette7, #EDF2F7);border-bottom:1px solid var(--global-palette7, #EDF2F7);border-left:1px solid var(--global-palette7, #EDF2F7);box-shadow:0px 0px 0px 0px rgba(0, 0, 0, 0);}}@media all and (max-width: 1024px){.kt-info-box1407_addccd-dd .kt-blocks-info-box-link-wrap:hover{box-shadow:20px 20px 80px 0px rgba(27, 0, 79, 0.06);}}@media all and (max-width: 767px){.kt-info-box1407_addccd-dd .kt-blocks-info-box-link-wrap{border-top:1px solid var(--global-palette7, #EDF2F7);border-right:1px solid var(--global-palette7, #EDF2F7);border-bottom:1px solid var(--global-palette7, #EDF2F7);border-left:1px solid var(--global-palette7, #EDF2F7);text-align:center;display:block;box-shadow:0px 0px 0px 0px rgba(0, 0, 0, 0);}.kt-info-box1407_addccd-dd .kt-blocks-info-box-link-wrap .kt-blocks-info-box-media{display:inline-block;max-width:100%;}.kt-info-box1407_addccd-dd .kt-blocks-info-box-link-wrap:hover{box-shadow:20px 20px 80px 0px rgba(27, 0, 79, 0.06);}}<\/style>\n<div class=\"wp-block-kadence-infobox kt-info-box1407_addccd-dd\"><a class=\"kt-blocks-info-box-link-wrap info-box-link kt-blocks-info-box-media-align-top kt-info-halign-center kb-info-box-vertical-media-align-top kb-info-mobile-halign-center\" target=\"_blank\" rel=\"noopener noreferrer\" href=\"https:\/\/easycpstest.com\/ro\/\" aria-label=\"Face\u021bi clic pe Test de vitez\u0103 | Testul CPS\"><div class=\"kt-infobox-textcontent\"><p class=\"kt-blocks-info-box-text\"><strong>CLICK TEST DE VITEZ\u0102 | TEST CPS<\/strong><\/p><\/div><\/a><\/div>\n<\/div><\/div>\n\n\n<style>.kadence-column1407_16aee3-18 > .kt-inside-inner-col{padding-top:10px;padding-right:10px;padding-bottom:10px;padding-left:10px;}.kadence-column1407_16aee3-18 > .kt-inside-inner-col,.kadence-column1407_16aee3-18 > .kt-inside-inner-col:before{border-top-left-radius:0px;border-top-right-radius:0px;border-bottom-right-radius:0px;border-bottom-left-radius:0px;}.kadence-column1407_16aee3-18 > .kt-inside-inner-col{column-gap:var(--global-kb-gap-sm, 1rem);}.kadence-column1407_16aee3-18 > .kt-inside-inner-col{flex-direction:column;}.kadence-column1407_16aee3-18 > .kt-inside-inner-col > .aligncenter{width:100%;}.kadence-column1407_16aee3-18 > .kt-inside-inner-col:before{opacity:0.3;}.kadence-column1407_16aee3-18{position:relative;}.kadence-column1407_16aee3-18, .kt-inside-inner-col > .kadence-column1407_16aee3-18:not(.specificity){margin-top:0px;margin-right:0px;margin-bottom:0px;margin-left:20px;}@media all and (max-width: 1024px){.kadence-column1407_16aee3-18 > .kt-inside-inner-col{flex-direction:column;justify-content:center;}}@media all and (max-width: 1024px){.kadence-column1407_16aee3-18, .kt-inside-inner-col > .kadence-column1407_16aee3-18:not(.specificity){margin-top:0px;margin-right:0px;margin-bottom:0px;margin-left:0px;}}@media all and (max-width: 767px){.kadence-column1407_16aee3-18 > .kt-inside-inner-col{flex-direction:column;justify-content:center;}}<\/style>\n<div class=\"wp-block-kadence-column kadence-column1407_16aee3-18 inner-column-3\"><div class=\"kt-inside-inner-col\"><\/div><\/div>\n\n<\/div><\/div>\n\n\n<p class=\"wp-block-paragraph\">Provoc\u0103rile subjug abilitatea de clic pe bara de spa\u021biu pentru jocul \u00een timp real \u00een rezerv\u0103. Cu toate acestea, v\u0103 aduce abilit\u0103\u021bile la urm\u0103torul nivel de clic cu superioritate.<\/p>\n\n\n\n<p class=\"wp-block-paragraph\">\u00cen plus, jocul sau testul evalueaz\u0103 num\u0103rul de clicuri \u00een raport cu num\u0103rul de secunde. De obicei, calculeaz\u0103 clicurile \u00een func\u021bie de 5 secunde. Dac\u0103 vrei s\u0103 c\u00e2\u0219tigi \u0219i s\u0103 stabile\u0219ti un timp record mondial, risipa \u00ee\u021bi poate strica pozi\u021biile HPS. Cu toate acestea, \u00eencepe\u021bi s\u0103 juca\u021bi incredibilul Spacebar Counter Game f\u0103r\u0103 a strica timpul \u0219i rangul.<\/p>\n\n\n\n<p class=\"wp-block-paragraph\">However, Keyboard testing helps you select the best and most efficient Keyboard to play the game on it. Particularly check the spacebar, and if you find the lag in the clicking, assign the click to replace it immediately.<\/p>\n\n\n\n<p class=\"wp-block-paragraph\">Mai mult, pute\u021bi verifica eficien\u021ba mouse-ului folosind acela\u0219i test \u0219i pute\u021bi clasifica nivelul de clicuri dup\u0103 ce a\u021bi jucat. A\u0219adar, verifica\u021bi viteza de clic a dispozitivului dvs., indiferent dac\u0103 este un mouse sau o tastatur\u0103, cu acest contor de clic pe bar\u0103 de spa\u021biu. \u0218i po\u021bi \u00eencerca <a href=\"https:\/\/easycpstest.com\/ro\/\" target=\"_blank\" rel=\"noreferrer noopener\">Face\u021bi clic pe Test de vitez\u0103<\/a> pentru a afla num\u0103rul de clicuri pe care le pute\u021bi ob\u021bine pe secund\u0103.<\/p>\n\n\n\n<h3 style=\"color: #ffffff;font-weight: 400;background: #007bff ;width: auto;margin: 1em 0px;font-size: 25px;line-height: 1;padding: 14px;border-left: 40px solid #000000;box-shadow: #c7c7c7 0px 2px 15px 0px;text-align:;\"><span id=\"Online Spacebar Speed Test\"><strong> Test de vitez\u0103 pentru bara de spa\u021biu online\n<\/strong><\/span><\/h3>\n\n\n\n<p class=\"wp-block-paragraph\">Pentru utilizatorul curios, este suficient s\u0103 dai provocarea de a-\u021bi verifica limitele. Cu toate acestea, jocul Spacebar Counter este perfect pentru a ob\u021bine lovitura de pornire. Deci, pute\u021bi c\u00e2\u0219tiga un rang \u00eenalt \u00een Contorul de clicuri din bara de spa\u021biu.&nbsp;<\/p>\n\n\n\n<p class=\"wp-block-paragraph\">\u00cen continuare, nu trebuie s\u0103 desc\u0103rca\u021bi nicio aplica\u021bie \u0219i nici s\u0103 instala\u021bi nicio aplica\u021bie de jocuri pentru a verifica <a href=\"https:\/\/easycpstest.com\/ro\/click-counter\/\" target=\"_blank\" rel=\"noreferrer noopener\">click counter<\/a> no software is required to boost the web page. The only thing you ought to have in that application is a high-paced net connection.&nbsp;<\/p>\n\n\n<div class=\"wp-block-image\">\n<figure class=\"aligncenter size-full\"><img loading=\"lazy\" decoding=\"async\" width=\"768\" height=\"452\" src=\"https:\/\/easycpstest.com\/wp-content\/uploads\/2022\/03\/Spacebar-counter.png\" alt=\"Spacebar counter \" class=\"wp-image-1628\" srcset=\"https:\/\/easycpstest.com\/wp-content\/uploads\/2022\/03\/Spacebar-counter.png 768w, https:\/\/easycpstest.com\/wp-content\/uploads\/2022\/03\/Spacebar-counter-300x177.png 300w\" sizes=\"auto, (max-width: 768px) 100vw, 768px\" \/><\/figure>\n<\/div>\n\n\n<h3 style=\"color: #ffffff;font-weight: 400;background: #007bff ;width: auto;margin: 1em 0px;font-size: 25px;line-height: 1;padding: 14px;border-left: 40px solid #000000;box-shadow: #c7c7c7 0px 2px 15px 0px;text-align:;\"><span id=\"Spacebar TikTok Challenge\"><strong> Bara de spa\u021biu TikTok Challenge\n<\/strong><\/span><\/h3>\n\n\n\n<p class=\"wp-block-paragraph\">\u00cen zilele noastre, provoc\u0103rile apar <a href=\"https:\/\/www.tiktok.com\/\" target=\"_blank\" rel=\"noreferrer noopener\">TIC-tac <\/a>frequently. Whereas people throw new video-making trends, they also like to share the game&#8217;s videos. Therefore, the click gamers share the scorecard and video of the clicking game with the tags of the Spacebar TikTok Challenge.<\/p>\n\n\n\n<h3 style=\"color: #ffffff;font-weight: 400;background: #007bff ;width: auto;margin: 1em 0px;font-size: 25px;line-height: 1;padding: 14px;border-left: 40px solid #000000;box-shadow: #c7c7c7 0px 2px 15px 0px;text-align:;\"><span id=\"Do You Want To Be A Spacebar Champion?\"><strong> Vrei s\u0103 fii un campion al barei de spa\u021biu?\n<\/strong><\/span><\/h3>\n\n\n\n<p class=\"wp-block-paragraph\">During click, the&nbsp;Spacebar Counter&nbsp;is the best and most authentic method to measure the speed of clicks with accuracy. So, tap your fingers fast without worrying and achieve your rank in the game counter. Hence, you can play the PVP mode with worldwide gamers for high scores! The leaderboard shows the rank accordingly.<\/p>\n\n\n\n<p class=\"wp-block-paragraph\">Speed gaming makes you earn more scores, so don&#8217;t hesitate to click fast on the Spacebar Counter Game. However, if you look forward to making fun with the game is perfect for you who is excited to enhance your gaming skill. Whereas a simple outlook makes the game acceptable, its easy strategy grabs the user&#8217;s attention.<\/p>\n\n\n\n<h2 style=\"color: #ffffff;font-weight: 400;background: #007bff ;width: auto;margin: 1em 0px;font-size: 25px;line-height: 1;padding: 14px;border-left: 40px solid #000000;box-shadow: #c7c7c7 0px 2px 15px 0px;text-align:;\"><span id=\"Features of Spacebar Counter\"><strong> Caracteristicile Spacebar Counter<\/strong><\/span><\/h2>\n\n\n\n<p class=\"wp-block-paragraph\">A simple interface attracts more users toward it, and a decent design holds the user&#8217;s attention for a long period. Moreover, the beneficial game helps to focus&nbsp;on Spacebar Clicking&nbsp;and allows you to give your a tough time to your opponent in the real-time game.<\/p>\n\n\n\n<p class=\"wp-block-paragraph\">\u00cen plus, Spacebar Clicker Counter ajut\u0103 la cre\u0219terea vitezei de clic \u0219i progres al juc\u0103torilor. Cu toate acestea, juc\u0103torul poate s\u0103ri sau trage mai des dec\u00e2t oric\u00e2nd \u00een joc. Deci, folose\u0219te cheia \u0219i sari peste toate obstacolele jocului. Jocul este competitiv. Ofer\u0103 ranguri de atins \u00een joc.<\/p>\n\n\n\n<h3 style=\"color: #ffffff;font-weight: 400;background: #007bff ;width: auto;margin: 1em 0px;font-size: 25px;line-height: 1;padding: 14px;border-left: 40px solid #000000;box-shadow: #c7c7c7 0px 2px 15px 0px;text-align:;\"><span id=\"Few More Features\"><strong> Mai multe caracteristici <\/strong><\/span><\/h3>\n\n\n\n<p class=\"wp-block-paragraph\">EasyCPSTest este un joc remarcabil care duce abilit\u0103\u021bile de clic la urm\u0103torul nivel de eficien\u021b\u0103 \u00een timpul utiliz\u0103rii <a href=\"https:\/\/easycpstest.com\/ro\/mouse-test\/\" target=\"_blank\" rel=\"noreferrer noopener\">Butonul mouse-ului<\/a> sau bara de spa\u021biu pentru tastatur\u0103.<\/p>\n\n\n\n<ul class=\"wp-block-list\">\n<li>Probably gamers can share the results with their friends on social media like Twitter, Facebook, and Whatsapp. They share a scorecard or HPS rank and challenge their friends or opponents with a single click. Significantly, users can analyze the results and evaluate the progress in the clicking game.&nbsp;<\/li>\n\n\n\n<li>Usually, gamers use a mouse or Keyboard to mark the games&#8217; clicks, but you can make it on your mobile too because the&nbsp;Spacebar Counter Mobile&nbsp;version of the software is highly responsive to the game. Even the users can add the click counter on the iPad and Android or add the extended Keyboard or Mouse.<\/li>\n\n\n\n<li>\u00cen mod obi\u0219nuit, Spacebar Counter este un joc orientat pe computer sau desktop care num\u0103r\u0103 cu u\u0219urin\u021b\u0103 atingerea barei de spa\u021biu. \u00cen timp ce utiliza\u021bi mobilul, trebuie s\u0103 ad\u0103uga\u021bi tastatura sau mouse-ul extern care func\u021bioneaz\u0103 bine. Dar este recomandat pentru PC sau Desktop.<\/li>\n<\/ul>\n\n\n\n<h3 style=\"color: #ffffff;font-weight: 400;background: #007bff ;width: auto;margin: 1em 0px;font-size: 25px;line-height: 1;padding: 14px;border-left: 40px solid #000000;box-shadow: #c7c7c7 0px 2px 15px 0px;text-align:;\"><span id=\"How to Play Spacebar Counter Game\"><strong> How to Play Spacebar Counter Game? <\/strong><\/span><\/h3>\n\n\n\n<p class=\"wp-block-paragraph\">First, click on the highlighted button to start the&nbsp;Spacebar Click Counter&nbsp;by tapping the clicks on Keyboard&#8217;s spacebar as fast as possible. You will earn an HPS score to assign to the leaderboard as you mark the maximum clicks.<\/p>\n\n\n\n<p class=\"wp-block-paragraph\">Caseta modal\u0103 arat\u0103 rezultatele pe m\u0103sur\u0103 ce temporizatorul opre\u0219te a doua num\u0103r\u0103toare invers\u0103. A\u0219adar, ap\u0103sa\u021bi pe bara de spa\u021biu pentru a c\u00e2\u0219tiga puncte maxime \u0219i pentru a cre\u0219te raportul CPS \u00een acel joc de clic.&nbsp;<\/p>\n\n\n\n<p class=\"wp-block-paragraph\">\u00cen cele din urm\u0103, platforma care partajeaz\u0103 jurnalul de clicuri este aici pentru a ar\u0103ta lumii progresul t\u0103u \u00een joc. Pentru a oferi prietenilor \u0219i oponen\u021bilor t\u0103i provoc\u0103ri deschise, po\u021bi folosi platformele de social media.&nbsp;<\/p>\n\n\n\n<p class=\"wp-block-paragraph\">\u00cen cele din urm\u0103, \u021bine\u021bi bara de spa\u021biu cu dou\u0103 degete \u0219i lupta\u021bi pentru a genera o explozie de clicuri pe bara de spa\u021biu cu m\u00e2na dec\u00e2t cu mu\u0219chii degetelor.<\/p>\n\n\n\n<h2 class=\"wp-block-heading has-text-align-center\">\u00eentreb\u0103ri frecvente<\/h2>\n\n\n\n<div class=\"schema-faq wp-block-yoast-faq-block\"><div class=\"schema-faq-section\" id=\"faq-question-1676972813690\"><strong class=\"schema-faq-question\"><strong>Cum s\u0103 face\u021bi clic mai repede pe bara de spa\u021biu?<\/strong><\/strong> <p class=\"schema-faq-answer\">Much you tap most, and you mark the clicks. Therefore, it relies on the speed of your finger\u2019s performance and how much you mark. But the efficient devices help you register more clicks while playing the\u00a0Spacebar Counter.\u00a0Using the entire hand rather than using the finger for clicking is the best option.<\/p> <\/div> <div class=\"schema-faq-section\" id=\"faq-question-1676972829944\"><strong class=\"schema-faq-question\"><strong>What is the world record for spacebar pressings?<\/strong><\/strong> <p class=\"schema-faq-answer\">Cel mai mare record al jocului cu bara de spa\u021biu este de 17,5 CPS, a\u0219a c\u0103 dac\u0103 e\u0219ti interesat s\u0103 stabile\u0219ti un record pentru al\u021bii, \u00eencearc\u0103-\u021bi norocul \u0219i love\u0219te pu\u021bin mai u\u0219or pentru a c\u00e2\u0219tiga \u00een joc \u0219i a duce experien\u021ba ta de joc la nivelul urm\u0103tor.<\/p> <\/div> <\/div>","protected":false},"excerpt":{"rendered":"<p>Spacebar Counter | Easy CPS Test Play the game by tapping on the play button and hitting the spacebar as quickly as you can to achieve a high score. We proudly welcome our users to present the&nbsp;Spacebar Counter&nbsp;here. Hit the &#8230; <\/p>\n<p class=\"read-more-container\"><a title=\"Spacebar Counter &#8211; Spacebar Speed Test | Easy CPS Test\" class=\"read-more button\" href=\"https:\/\/easycpstest.com\/ro\/spacebar-counter\/#more-1407\" aria-label=\"More on Spacebar Counter &#8211; Spacebar Speed Test | Easy CPS Test\">Citeste mai mult<\/a><\/p>","protected":false},"author":1,"featured_media":0,"parent":0,"menu_order":0,"comment_status":"closed","ping_status":"closed","template":"","meta":{"_crdt_document":"","footnotes":""},"class_list":{"0":"post-1407","1":"page","2":"type-page","3":"status-publish","5":"no-featured-image-padding"},"_links":{"self":[{"href":"https:\/\/easycpstest.com\/ro\/wp-json\/wp\/v2\/pages\/1407","targetHints":{"allow":["GET"]}}],"collection":[{"href":"https:\/\/easycpstest.com\/ro\/wp-json\/wp\/v2\/pages"}],"about":[{"href":"https:\/\/easycpstest.com\/ro\/wp-json\/wp\/v2\/types\/page"}],"author":[{"embeddable":true,"href":"https:\/\/easycpstest.com\/ro\/wp-json\/wp\/v2\/users\/1"}],"replies":[{"embeddable":true,"href":"https:\/\/easycpstest.com\/ro\/wp-json\/wp\/v2\/comments?post=1407"}],"version-history":[{"count":16,"href":"https:\/\/easycpstest.com\/ro\/wp-json\/wp\/v2\/pages\/1407\/revisions"}],"predecessor-version":[{"id":2172,"href":"https:\/\/easycpstest.com\/ro\/wp-json\/wp\/v2\/pages\/1407\/revisions\/2172"}],"wp:attachment":[{"href":"https:\/\/easycpstest.com\/ro\/wp-json\/wp\/v2\/media?parent=1407"}],"curies":[{"name":"wp","href":"https:\/\/api.w.org\/{rel}","templated":true}]}}