{"id":1409,"date":"2025-02-10T06:58:51","date_gmt":"2025-02-10T06:58:51","guid":{"rendered":"https:\/\/easycpstest.com\/?page_id=1409"},"modified":"2025-02-10T06:58:52","modified_gmt":"2025-02-10T06:58:52","slug":"badlion-click-test","status":"publish","type":"page","link":"https:\/\/easycpstest.com\/ro\/badlion-click-test\/","title":{"rendered":"Badlion Click Test | CPS Game &#8211; Easy CPS Test"},"content":{"rendered":"<h1 class=\"wp-block-heading has-text-align-center\"><strong>Badlion Click Test | Test CPS u\u0219or<\/strong><\/h1>\n\n\n\n<p class=\"has-text-align-center wp-block-paragraph\">The EasyCPSTest website offers a new Badlion Click Test for universal players and ambitious gamers in the PVP mode. The trick is also used in famous games like Minecraft.<\/p>\n\n\n<div class=\"page-wrapper\">\n\t<div class=\"row\">\n\t\t<div class=\"col-lg-12 col-md-12 custom-container\">\n\t\t\t<div class=\"card\">\n\t\t\t\t<header class=\"entry-header\">\n\t\t\t\t\t\t\t\t\t<\/header>\n\t\t\t\t\t\t\t\t<div class=\"bt-click-inner\">\n\t\t\t\t\t<div class=\"card-header\">\n\t\t\t\t\t\t<div class=\"bt-header-timer\">\n\t\t\t\t\t\t\t<div class=\"bt-time-btn blue-btn\">\n\t\t\t\t\t\t\t\t<h4 class=\"mb-0\"><span id=\"timer\">0<\/span><\/h4>\n\t\t\t\t\t\t\t\t<small class=\"mb-0 sm-custom\">Temporizator<\/small>\n\t\t\t\t\t\t\t<\/div>\n\t\t\t\t\t\t\t<div class=\"bt-time-btn orange-btn\">\n\t\t\t\t\t\t\t\t<h4 class=\"mb-0\"><span id=\"clicks\">0<\/span><\/h4>\n\t\t\t\t\t\t\t\t<small class=\"mb-0 sm-custom\">Click\/e<\/small>\n\t\t\t\t\t\t\t<\/div>\n\t\t\t\t\t\t\t<div class=\"bt-time-btn green-btn\">\n\t\t\t\t\t\t\t\t<h4 class=\"mb-0\"><span id=\"score\">0<\/span><\/h4>\n\t\t\t\t\t\t\t\t<small class=\"mb-0 sm-custom\">Scor<\/small>\n\t\t\t\t\t\t\t<\/div>\n\t\t\t\t\t\t<\/div>\n\t\t\t\t\t<\/div>\n\t\t\t\t\t<div class=\"card-body\">\n\t\t\t\t\t\t<div class=\"bt-click-area\" id=\"bt-click-area\">\n\t\t\t\t\t\t\t<button id=\"start\" type=\"button\" class=\"btn-light btn-round waves-effect waves-light\">CLICK AICI PENTRU A \u00ceNCEPE JUCA<\/button>\n\t\t\t\t\t\t<\/div>\n\t\t\t\t\t<\/div>\n\t\t\t\t\t<button type=\"button\" data-toggle=\"modal\" data-target=\"#click-result-modal\" style=\"display: none;\" id=\"trigger-modal\">Lansa\u021bi modal<\/button>\n\t\t\t\t<\/div>\n\t\t\t<\/div>\n\t\t<\/div>\n\t\t\t<\/div>\n<\/div>\n\n\n\n<p class=\"wp-block-paragraph\">Cu toate acestea, juc\u0103torul folose\u0219te trucul de clic repetitiv pentru a \u00eembun\u0103t\u0103\u021bi abilit\u0103\u021bile de clic. \u00cen plus, juc\u0103torul poate juca trucul de clic pentru a repeta pentru modul PVP al clientului comunit\u0103\u021bii Badlion Click Game din Minecraft. Astfel, juc\u0103torii antrena\u021bi dezvolt\u0103 o abilitate care \u00eei ajut\u0103 \u00een toate jocurile.<\/p>\n\n\n\n<p class=\"wp-block-paragraph\"><\/p>\n\n\n<style>.kb-row-layout-wrap.wp-block-kadence-rowlayout.kb-row-layout-id1409_1c01c2-28{margin-bottom:0px;}.kb-row-layout-id1409_1c01c2-28 > .kt-row-column-wrap{align-content:start;}:where(.kb-row-layout-id1409_1c01c2-28 > .kt-row-column-wrap) > .wp-block-kadence-column{justify-content:start;}.kb-row-layout-id1409_1c01c2-28 > .kt-row-column-wrap{column-gap:var(--global-kb-gap-none, 0rem );row-gap:var(--global-kb-gap-none, 0rem );max-width:1200px;padding-top:30px;padding-right:0px;padding-bottom:30px;padding-left:0px;}.kb-row-layout-id1409_1c01c2-28 > .kt-row-column-wrap > div:not(.added-for-specificity){grid-column:initial;}.kb-row-layout-id1409_1c01c2-28 > .kt-row-column-wrap{grid-template-columns:minmax(0, 1fr) minmax(0, 3fr) minmax(0, 1fr);}.kb-row-layout-id1409_1c01c2-28 > .kt-row-layout-overlay{opacity:0.30;background:linear-gradient(180deg,  0%, #00B5E2 100%);}.kb-row-layout-id1409_1c01c2-28 .kt-row-layout-bottom-sep{height:100px;}.kb-row-layout-id1409_1c01c2-28 .kt-row-layout-bottom-sep svg{width:100%;}.kb-row-layout-id1409_1c01c2-28 .kt-row-layout-bottom-sep svg{fill:#ffffff!important;}@media all and (max-width: 1024px){.kb-row-layout-id1409_1c01c2-28 > .kt-row-column-wrap{padding-top:0px;padding-right:50px;padding-bottom:80px;padding-left:50px;grid-template-columns:minmax(0, 1fr);}}@media all and (max-width: 1024px){.kb-row-layout-id1409_1c01c2-28 > .kt-row-column-wrap > div:not(.added-for-specificity){grid-column:initial;}}@media all and (max-width: 1024px){.kb-row-layout-id1409_1c01c2-28 .kt-row-layout-bottom-sep{height:px;}}@media all and (max-width: 1024px){.kb-row-layout-id1409_1c01c2-28 .kt-row-layout-bottom-sep svg{width:%;}}@media all and (max-width: 767px){.kb-row-layout-id1409_1c01c2-28 > .kt-row-column-wrap{padding-top:40px;padding-right:20px;padding-bottom:50px;padding-left:20px;grid-template-columns:minmax(0, 1fr);}.kb-row-layout-id1409_1c01c2-28 > .kt-row-column-wrap > div:not(.added-for-specificity){grid-column:initial;}.kb-row-layout-id1409_1c01c2-28 .kt-row-layout-bottom-sep{height:px;}.kb-row-layout-id1409_1c01c2-28 .kt-row-layout-bottom-sep svg{width:%;}}<\/style><div class=\"kb-row-layout-wrap kb-row-layout-id1409_1c01c2-28 alignnone kt-row-has-bg wp-block-kadence-rowlayout\"><div class=\"kt-row-layout-overlay kt-row-overlay-gradient\"><\/div><div class=\"kt-row-column-wrap kt-has-3-columns kt-row-layout-center-wide kt-tab-layout-row kt-mobile-layout-row kt-row-valign-top kb-theme-content-width\">\n<style>.kadence-column1409_4606ee-33 > .kt-inside-inner-col{padding-top:10px;padding-right:10px;padding-bottom:10px;padding-left:10px;}.kadence-column1409_4606ee-33 > .kt-inside-inner-col,.kadence-column1409_4606ee-33 > .kt-inside-inner-col:before{border-top-left-radius:0px;border-top-right-radius:0px;border-bottom-right-radius:0px;border-bottom-left-radius:0px;}.kadence-column1409_4606ee-33 > .kt-inside-inner-col{column-gap:var(--global-kb-gap-sm, 1rem);}.kadence-column1409_4606ee-33 > .kt-inside-inner-col{flex-direction:column;}.kadence-column1409_4606ee-33 > .kt-inside-inner-col > .aligncenter{width:100%;}.kadence-column1409_4606ee-33 > .kt-inside-inner-col:before{opacity:0.3;}.kadence-column1409_4606ee-33{position:relative;}.kadence-column1409_4606ee-33, .kt-inside-inner-col > .kadence-column1409_4606ee-33:not(.specificity){margin-top:0px;margin-right:20px;margin-bottom:0px;margin-left:0px;}@media all and (max-width: 1024px){.kadence-column1409_4606ee-33 > .kt-inside-inner-col{flex-direction:column;justify-content:center;}}@media all and (max-width: 1024px){.kadence-column1409_4606ee-33, .kt-inside-inner-col > .kadence-column1409_4606ee-33:not(.specificity){margin-top:0px;margin-right:0px;margin-bottom:0px;margin-left:0px;}}@media all and (max-width: 767px){.kadence-column1409_4606ee-33 > .kt-inside-inner-col{flex-direction:column;justify-content:center;}}<\/style>\n<div class=\"wp-block-kadence-column kadence-column1409_4606ee-33 inner-column-1\"><div class=\"kt-inside-inner-col\"><\/div><\/div>\n\n\n<style>.kadence-column1409_455038-f7 > .kt-inside-inner-col{padding-top:10px;padding-right:10px;padding-bottom:10px;padding-left:10px;}.kadence-column1409_455038-f7 > .kt-inside-inner-col,.kadence-column1409_455038-f7 > .kt-inside-inner-col:before{border-top-left-radius:0px;border-top-right-radius:0px;border-bottom-right-radius:0px;border-bottom-left-radius:0px;}.kadence-column1409_455038-f7 > .kt-inside-inner-col{column-gap:var(--global-kb-gap-sm, 1rem);}.kadence-column1409_455038-f7 > .kt-inside-inner-col{flex-direction:column;}.kadence-column1409_455038-f7 > .kt-inside-inner-col > .aligncenter{width:100%;}.kadence-column1409_455038-f7 > .kt-inside-inner-col:before{opacity:0.3;}.kadence-column1409_455038-f7{position:relative;}.kadence-column1409_455038-f7, .kt-inside-inner-col > .kadence-column1409_455038-f7:not(.specificity){margin-top:0px;margin-right:10px;margin-bottom:0px;margin-left:10px;}@media all and (max-width: 1024px){.kadence-column1409_455038-f7 > .kt-inside-inner-col{flex-direction:column;justify-content:center;}}@media all and (max-width: 1024px){.kadence-column1409_455038-f7, .kt-inside-inner-col > .kadence-column1409_455038-f7:not(.specificity){margin-top:0px;margin-right:0px;margin-bottom:0px;margin-left:0px;}}@media all and (max-width: 767px){.kadence-column1409_455038-f7 > .kt-inside-inner-col{flex-direction:column;justify-content:center;}}<\/style>\n<div class=\"wp-block-kadence-column kadence-column1409_455038-f7 inner-column-2\"><div class=\"kt-inside-inner-col\"><style>.wp-block-kadence-column.kb-section-dir-horizontal > .kt-inside-inner-col > .kt-info-box1409_756f9b-10 .kt-blocks-info-box-link-wrap{max-width:unset;}.kt-info-box1409_756f9b-10 .kt-blocks-info-box-link-wrap{border-top:1px solid var(--global-palette7, #EDF2F7);border-right:1px solid var(--global-palette7, #EDF2F7);border-bottom:1px solid var(--global-palette7, #EDF2F7);border-left:1px solid var(--global-palette7, #EDF2F7);border-top-left-radius:10px;border-top-right-radius:10px;border-bottom-right-radius:10px;border-bottom-left-radius:10px;background:#007bff;padding-top:30px;padding-right:30px;padding-bottom:30px;padding-left:30px;margin-bottom:0px;}.kt-info-box1409_756f9b-10 .kt-blocks-info-box-link-wrap:hover{background:#6a6dec;}.kt-info-box1409_756f9b-10 .kadence-info-box-icon-container .kt-info-svg-icon, .kt-info-box1409_756f9b-10 .kt-info-svg-icon-flip, .kt-info-box1409_756f9b-10 .kt-blocks-info-box-number{font-size:50px;}.kt-info-box1409_756f9b-10 .kt-blocks-info-box-media{color:#444444;background:transparent;border-color:#444444;border-top-width:0px;border-right-width:0px;border-bottom-width:0px;border-left-width:0px;padding-top:0px;padding-right:0px;padding-bottom:0px;padding-left:0px;}.kt-info-box1409_756f9b-10 .kt-blocks-info-box-media-container{margin-top:0px;margin-right:15px;margin-bottom:0px;margin-left:0px;}.kt-info-box1409_756f9b-10 .kt-blocks-info-box-link-wrap:hover .kt-blocks-info-box-media{color:#444444;background:transparent;border-color:#444444;}.kt-info-box1409_756f9b-10 .kt-infobox-textcontent h6.kt-blocks-info-box-title{line-height:1.3em;padding-top:0px;padding-right:0px;padding-bottom:0px;padding-left:0px;margin-top:0px;margin-right:0px;margin-bottom:14px;margin-left:0px;}.kt-info-box1409_756f9b-10 .kt-infobox-textcontent .kt-blocks-info-box-text{color:var(--base-3);}.wp-block-kadence-infobox.kt-info-box1409_756f9b-10 .kt-blocks-info-box-text{text-transform:capitalize;}.kt-info-box1409_756f9b-10 .kt-blocks-info-box-learnmore{background:transparent;border-color:#555555;border-width:0px 0px 0px 0px;padding-top:4px;padding-right:8px;padding-bottom:4px;padding-left:8px;margin-top:10px;margin-right:0px;margin-bottom:10px;margin-left:0px;}.kt-info-box1409_756f9b-10 .kt-blocks-info-box-link-wrap:hover .kt-blocks-info-box-learnmore,.kt-info-box1409_756f9b-10 .kt-blocks-info-box-link-wrap .kt-blocks-info-box-learnmore:focus{color:#ffffff;background:#444444;border-color:#444444;}.kt-info-box1409_756f9b-10 .kt-blocks-info-box-link-wrap{box-shadow:0px 0px 0px 0px rgba(0, 0, 0, 0);}.kt-info-box1409_756f9b-10 .kt-blocks-info-box-link-wrap:hover{box-shadow:20px 20px 80px 0px rgba(27, 0, 79, 0.06);}@media all and (max-width: 1024px){.kt-info-box1409_756f9b-10 .kt-blocks-info-box-link-wrap{border-top:1px solid var(--global-palette7, #EDF2F7);border-right:1px solid var(--global-palette7, #EDF2F7);border-bottom:1px solid var(--global-palette7, #EDF2F7);border-left:1px solid var(--global-palette7, #EDF2F7);box-shadow:0px 0px 0px 0px rgba(0, 0, 0, 0);}}@media all and (max-width: 1024px){.kt-info-box1409_756f9b-10 .kt-blocks-info-box-link-wrap:hover{box-shadow:20px 20px 80px 0px rgba(27, 0, 79, 0.06);}}@media all and (max-width: 767px){.kt-info-box1409_756f9b-10 .kt-blocks-info-box-link-wrap{border-top:1px solid var(--global-palette7, #EDF2F7);border-right:1px solid var(--global-palette7, #EDF2F7);border-bottom:1px solid var(--global-palette7, #EDF2F7);border-left:1px solid var(--global-palette7, #EDF2F7);text-align:center;display:block;box-shadow:0px 0px 0px 0px rgba(0, 0, 0, 0);}.kt-info-box1409_756f9b-10 .kt-blocks-info-box-link-wrap .kt-blocks-info-box-media{display:inline-block;max-width:100%;}.kt-info-box1409_756f9b-10 .kt-blocks-info-box-link-wrap:hover{box-shadow:20px 20px 80px 0px rgba(27, 0, 79, 0.06);}}<\/style>\n<div class=\"wp-block-kadence-infobox kt-info-box1409_756f9b-10\"><a class=\"kt-blocks-info-box-link-wrap info-box-link kt-blocks-info-box-media-align-top kt-info-halign-center kb-info-box-vertical-media-align-top kb-info-mobile-halign-center\" target=\"_blank\" rel=\"noopener noreferrer\" href=\"https:\/\/easycpstest.com\/ro\/\" aria-label=\"Face\u021bi clic pe Test de vitez\u0103 | Testul CPS\"><div class=\"kt-infobox-textcontent\"><p class=\"kt-blocks-info-box-text\"><strong>CLICK TEST DE VITEZ\u0102 | TEST CPS<\/strong><\/p><\/div><\/a><\/div>\n<\/div><\/div>\n\n\n<style>.kadence-column1409_6b2a0c-bc > .kt-inside-inner-col{padding-top:10px;padding-right:10px;padding-bottom:10px;padding-left:10px;}.kadence-column1409_6b2a0c-bc > .kt-inside-inner-col,.kadence-column1409_6b2a0c-bc > .kt-inside-inner-col:before{border-top-left-radius:0px;border-top-right-radius:0px;border-bottom-right-radius:0px;border-bottom-left-radius:0px;}.kadence-column1409_6b2a0c-bc > .kt-inside-inner-col{column-gap:var(--global-kb-gap-sm, 1rem);}.kadence-column1409_6b2a0c-bc > .kt-inside-inner-col{flex-direction:column;}.kadence-column1409_6b2a0c-bc > .kt-inside-inner-col > .aligncenter{width:100%;}.kadence-column1409_6b2a0c-bc > .kt-inside-inner-col:before{opacity:0.3;}.kadence-column1409_6b2a0c-bc{position:relative;}.kadence-column1409_6b2a0c-bc, .kt-inside-inner-col > .kadence-column1409_6b2a0c-bc:not(.specificity){margin-top:0px;margin-right:0px;margin-bottom:0px;margin-left:20px;}@media all and (max-width: 1024px){.kadence-column1409_6b2a0c-bc > .kt-inside-inner-col{flex-direction:column;justify-content:center;}}@media all and (max-width: 1024px){.kadence-column1409_6b2a0c-bc, .kt-inside-inner-col > .kadence-column1409_6b2a0c-bc:not(.specificity){margin-top:0px;margin-right:0px;margin-bottom:0px;margin-left:0px;}}@media all and (max-width: 767px){.kadence-column1409_6b2a0c-bc > .kt-inside-inner-col{flex-direction:column;justify-content:center;}}<\/style>\n<div class=\"wp-block-kadence-column kadence-column1409_6b2a0c-bc inner-column-3\"><div class=\"kt-inside-inner-col\"><\/div><\/div>\n\n<\/div><\/div>\n\n\n<h2 style=\"color: #ffffff;font-weight: 400;background: #007bff;width: auto;margin: 1em 0px;font-size: 25px;line-height: 1;padding: 14px;border-left: 40px solid #000000;box-shadow: #c7c7c7 0px 2px 15px 0px;text-align:;\"><span id=\"Badlion_Click_Online_Test\"><strong> Badlion Face\u021bi clic pe Test online<\/strong><\/span><\/h2>\n\n\n\n<p class=\"wp-block-paragraph\">Fii precaut! Preg\u0103te\u0219te-te, gata, s\u0103 pleci! \u0218i bun venit cu bucurie testul online Badlion Click pe mobil sau pe computer. Iat\u0103 introducerea ideii reprezentate de Easy CPS Test. Organiz\u0103m o echip\u0103 de coaching care desf\u0103\u0219oar\u0103 con\u0219tientizare cu privire la <a href=\"https:\/\/www.badlion.net\/\" target=\"_blank\" rel=\"noreferrer noopener\">Re\u021beaua Badlion<\/a> pentru divertisment \u0219i distrac\u021bie pentru juc\u0103torii ambi\u021bio\u0219i.<\/p>\n\n\n\n<p class=\"wp-block-paragraph\">\u00cen cele din urm\u0103, lansarea jocului \u00ee\u0219i propune s\u0103 verifice eficien\u021ba clicurilor pe secund\u0103 a juc\u0103torului \u0219i s\u0103-\u0219i \u00eembun\u0103t\u0103\u021beasc\u0103 abilit\u0103\u021bile. \u00cen consecin\u021b\u0103, juc\u0103torii \u0219i cursan\u021bii sunt mai siguri \u0219i mai siguri \u00eempotriva \u00een\u0219el\u0103ciunilor \u0219i fraudelor. Am stabilit testul de clic Badlion la recomandarea ridicat\u0103, deoarece este foarte util pentru a \u00eembun\u0103t\u0103\u021bi abilit\u0103\u021bile de clic.<\/p>\n\n\n<div class=\"wp-block-image\">\n<figure class=\"aligncenter size-full\"><img loading=\"lazy\" decoding=\"async\" width=\"768\" height=\"452\" src=\"https:\/\/easycpstest.com\/wp-content\/uploads\/2022\/03\/Badlion-1.png\" alt=\"Badlion Click test\" class=\"wp-image-1574\" srcset=\"https:\/\/easycpstest.com\/wp-content\/uploads\/2022\/03\/Badlion-1.png 768w, https:\/\/easycpstest.com\/wp-content\/uploads\/2022\/03\/Badlion-1-300x177.png 300w\" sizes=\"auto, (max-width: 768px) 100vw, 768px\" \/><\/figure>\n<\/div>\n\n\n<h3 style=\"color: #ffffff;font-weight: 400;background:  #007bff;width: auto;margin: 1em 0px;font-size: 25px;line-height: 1;padding: 14px;border-left: 40px solid #000000;box-shadow: #c7c7c7 0px 2px 15px 0px;text-align:;\"><span id=\" Features of Badlion Click Test\"><strong> Caracteristicile Badlion Click Test<\/strong><\/span><\/h3>\n\n\n\n<p class=\"wp-block-paragraph\">\u00centr-adev\u0103r, Badlion Click Game ocup\u0103 un loc impresionant de mare \u00een ceea ce prive\u0219te implicarea min\u021bii juc\u0103torilor, ca toate celelalte teste \u0219i jocuri.<\/p>\n\n\n\n<p class=\"wp-block-paragraph\">\u00cen compara\u021bie, jocul este mai interesant dec\u00e2t alte jocuri de rang \u00eenalt. \u00cen avans, juc\u0103torii pot \u00eemp\u0103rt\u0103\u0219i punctele ob\u021binute \u0219i prietenilor lor din re\u021belele sociale.<\/p>\n\n\n\n<p class=\"wp-block-paragraph\">Vizavi de editorii Minecraft, lans\u0103m toate sistemele de securitate exclusive \u00een acea aplica\u021bie prudent\u0103 \u00eempotriva fraudelor. Inclusiv un buton de foc, <a href=\"https:\/\/easycpstest.com\/ro\/click-counter\/\" target=\"_blank\" rel=\"noreferrer noopener\">click counter<\/a>, iar X-Ray nu tri\u0219eaz\u0103 eficient \u00eempotriva sistemului de securitate.<\/p>\n\n\n\n<p class=\"wp-block-paragraph\">Cu toate acestea, Badlion Click Test este creat pentru a preg\u0103ti un juc\u0103tor expert PVP pentru jocuri profesionale precum Minecraft. Jocul nu este interzis, a\u0219a c\u0103 \u00eel suger\u0103m cu o consulta\u021bie.&nbsp;<\/p>\n\n\n\n<h3 style=\"color: #ffffff;font-weight: 400;background: #007bff; width: auto;margin: 1em 0px;font-size: 25px;line-height: 1;padding: 14px;border-left: 40px solid #000000;box-shadow: #c7c7c7 0px 2px 15px 0px;text-align:;\"><span id=\" How to Play Badlion Click Game\"><strong> Cum s\u0103 joci Badlion Click Game<\/strong><\/span><\/h3>\n\n\n\n<p class=\"wp-block-paragraph\">Juc\u0103torul trebuie s\u0103 urmeze c\u00e2teva instruc\u021biuni men\u021bionate aici pentru a juca \u0219i a se bucura de joc.<\/p>\n\n\n\n<ul class=\"wp-block-list\">\n<li><strong>Accesa\u021bi testul Badlion Click.<\/strong><\/li>\n\n\n\n<li><strong>Acum, \u00eencepe\u021bi s\u0103 atinge\u021bi touchpad-ul sau butonul mouse-ului.<\/strong><\/li>\n\n\n\n<li><strong>\u021aine\u021bi cursorul \u00een zona de clic.&nbsp;<\/strong><\/li>\n\n\n\n<li><strong>\u00cencerca\u021bi s\u0103 \u00eenregistra\u021bi toate clicurile \u00een 10 secunde.<\/strong><\/li>\n<\/ul>\n\n\n\n<p class=\"wp-block-paragraph\">As the 10 seconds pass, gamers get the instant result pops out. The score represents the clicking efficiency of the gamer. Moreover, the&nbsp;Badlion Click Test&nbsp;allows users to share the results with their friends through social media. Like Whatsapp, Facebook, and Twitter.<\/p>\n\n\n\n<h2 class=\"wp-block-heading has-text-align-center\">\u00eentreb\u0103ri frecvente<\/h2>\n\n\n\n<div class=\"schema-faq wp-block-yoast-faq-block\"><div class=\"schema-faq-section\" id=\"faq-question-1676968969499\"><strong class=\"schema-faq-question\">Ce este testul Badlion Click?<\/strong> <p class=\"schema-faq-answer\">Probabil c\u0103 testul de clic Badlion num\u0103r\u0103 clicurile pe secund\u0103 (CPS) concepute pentru Minecraft. Astfel de juc\u0103tori au nevoie de unele instrumente pentru a cre\u0219te viteza de clic \u00een timpul jocului. Aceasta cre\u0219te scorul general al clicurilor. Astfel, juc\u0103torii \u00eencep s\u0103 ating\u0103 obiectivele \u00een jocul PVP Minecraft.<\/p> <\/div> <div class=\"schema-faq-section\" id=\"faq-question-1676968990914\"><strong class=\"schema-faq-question\">Cum s\u0103 cre\u0219te\u021bi CPS-ul \u00een clientul Badlion Minecraft?<\/strong> <p class=\"schema-faq-answer\">Clien\u021bii Badlion Click Game sunt siguri \u00een compara\u021bie cu editorul contemporan Minecraft. Prin urmare, echipa noastr\u0103 sugereaz\u0103, dac\u0103 juc\u0103torii exerseaz\u0103 mai mult pentru a-\u0219i \u00eembun\u0103t\u0103\u021bi viteza de clic \u0219i pentru a evita s\u0103 apeleze la comenzi rapide, ei vor deveni un expert profesionist \u00een clic.<\/p> <\/div> <\/div>\n\n\n\n<p class=\"wp-block-paragraph\"><\/p>","protected":false},"excerpt":{"rendered":"<p>Badlion Click Test | Easy CPS Test The EasyCPSTest website offers a new Badlion Click Test for universal players and ambitious gamers in the PVP mode. The trick is also used in famous games like Minecraft. However, the gamer uses &#8230; <\/p>\n<p class=\"read-more-container\"><a title=\"Badlion Click Test | CPS Game &#8211; Easy CPS Test\" class=\"read-more button\" href=\"https:\/\/easycpstest.com\/ro\/badlion-click-test\/#more-1409\" aria-label=\"More on Badlion Click Test | CPS Game &#8211; Easy CPS Test\">Citeste mai mult<\/a><\/p>","protected":false},"author":1,"featured_media":0,"parent":0,"menu_order":0,"comment_status":"closed","ping_status":"closed","template":"","meta":{"_crdt_document":"","footnotes":""},"class_list":{"0":"post-1409","1":"page","2":"type-page","3":"status-publish","5":"no-featured-image-padding"},"_links":{"self":[{"href":"https:\/\/easycpstest.com\/ro\/wp-json\/wp\/v2\/pages\/1409","targetHints":{"allow":["GET"]}}],"collection":[{"href":"https:\/\/easycpstest.com\/ro\/wp-json\/wp\/v2\/pages"}],"about":[{"href":"https:\/\/easycpstest.com\/ro\/wp-json\/wp\/v2\/types\/page"}],"author":[{"embeddable":true,"href":"https:\/\/easycpstest.com\/ro\/wp-json\/wp\/v2\/users\/1"}],"replies":[{"embeddable":true,"href":"https:\/\/easycpstest.com\/ro\/wp-json\/wp\/v2\/comments?post=1409"}],"version-history":[{"count":42,"href":"https:\/\/easycpstest.com\/ro\/wp-json\/wp\/v2\/pages\/1409\/revisions"}],"predecessor-version":[{"id":2171,"href":"https:\/\/easycpstest.com\/ro\/wp-json\/wp\/v2\/pages\/1409\/revisions\/2171"}],"wp:attachment":[{"href":"https:\/\/easycpstest.com\/ro\/wp-json\/wp\/v2\/media?parent=1409"}],"curies":[{"name":"wp","href":"https:\/\/api.w.org\/{rel}","templated":true}]}}