{"id":1413,"date":"2025-02-10T06:57:04","date_gmt":"2025-02-10T06:57:04","guid":{"rendered":"https:\/\/easycpstest.com\/?page_id=1413"},"modified":"2025-02-10T06:57:05","modified_gmt":"2025-02-10T06:57:05","slug":"butterfly-click-test","status":"publish","type":"page","link":"https:\/\/easycpstest.com\/ro\/butterfly-click-test\/","title":{"rendered":"Butterfly Click Test | Click Tests | Easy CPS Test"},"content":{"rendered":"<h1 class=\"wp-block-heading has-text-align-center\"><strong>Butterfly Click Test | Test CPS u\u0219or<\/strong><\/h1>\n\n\n\n<p class=\"has-text-align-center wp-block-paragraph\">Timp de 10 secunde, marca\u021bi clicurile continue pe zona de clic a testului Butterfly Click pentru a verifica eficien\u021ba clicurilor juc\u0103torului.<\/p>\n\n\n<div class=\"page-wrapper\">\n\t<div class=\"row\">\n\t\t<div class=\"col-lg-12 col-md-12 custom-container\">\n\t\t\t<div class=\"card\">\n\t\t\t\t<header class=\"entry-header\">\n\t\t\t\t\t\t\t\t\t<\/header>\n\t\t\t\t\t\t\t\t<div class=\"bt-click-inner\">\n\t\t\t\t\t<div class=\"card-header\">\n\t\t\t\t\t\t<div class=\"bt-header-timer\">\n\t\t\t\t\t\t\t<div class=\"bt-time-btn blue-btn\">\n\t\t\t\t\t\t\t\t<h4 class=\"mb-0\"><span id=\"timer\">0<\/span><\/h4>\n\t\t\t\t\t\t\t\t<small class=\"mb-0 sm-custom\">Temporizator<\/small>\n\t\t\t\t\t\t\t<\/div>\n\t\t\t\t\t\t\t<div class=\"bt-time-btn orange-btn\">\n\t\t\t\t\t\t\t\t<h4 class=\"mb-0\"><span id=\"clicks\">0<\/span><\/h4>\n\t\t\t\t\t\t\t\t<small class=\"mb-0 sm-custom\">Click\/e<\/small>\n\t\t\t\t\t\t\t<\/div>\n\t\t\t\t\t\t\t<div class=\"bt-time-btn green-btn\">\n\t\t\t\t\t\t\t\t<h4 class=\"mb-0\"><span id=\"score\">0<\/span><\/h4>\n\t\t\t\t\t\t\t\t<small class=\"mb-0 sm-custom\">Scor<\/small>\n\t\t\t\t\t\t\t<\/div>\n\t\t\t\t\t\t<\/div>\n\t\t\t\t\t<\/div>\n\t\t\t\t\t<div class=\"card-body\">\n\t\t\t\t\t\t<div class=\"bt-click-area\" id=\"bt-click-area\">\n\t\t\t\t\t\t\t<button id=\"start\" type=\"button\" class=\"btn-light btn-round waves-effect waves-light\">CLICK AICI PENTRU A \u00ceNCEPE JUCA<\/button>\n\t\t\t\t\t\t<\/div>\n\t\t\t\t\t<\/div>\n\t\t\t\t\t<button type=\"button\" data-toggle=\"modal\" data-target=\"#click-result-modal\" style=\"display: none;\" id=\"trigger-modal\">Lansa\u021bi modal<\/button>\n\t\t\t\t<\/div>\n\t\t\t<\/div>\n\t\t<\/div>\n\t\t\t<\/div>\n<\/div>\n\n\n\n<p class=\"wp-block-paragraph\">Spre deosebire de alte trucuri de clic, Butterfly Click Test a devenit faimos printre utilizatori pentru Butterfly Clicking exclusiv de mare vitez\u0103. Cu toate acestea, tehnica ajut\u0103 juc\u0103torul s\u0103 performeze bine \u00eempotriva concurentului, ca \u00een alte jocuri celebre PVP.<\/p>\n\n\n\n<p class=\"wp-block-paragraph\"><\/p>\n\n\n<style>.kb-row-layout-wrap.wp-block-kadence-rowlayout.kb-row-layout-id1413_07c416-2f{margin-bottom:0px;}.kb-row-layout-id1413_07c416-2f > .kt-row-column-wrap{align-content:start;}:where(.kb-row-layout-id1413_07c416-2f > .kt-row-column-wrap) > .wp-block-kadence-column{justify-content:start;}.kb-row-layout-id1413_07c416-2f > .kt-row-column-wrap{column-gap:var(--global-kb-gap-none, 0rem );row-gap:var(--global-kb-gap-none, 0rem );max-width:1200px;padding-top:30px;padding-right:0px;padding-bottom:30px;padding-left:0px;}.kb-row-layout-id1413_07c416-2f > .kt-row-column-wrap > div:not(.added-for-specificity){grid-column:initial;}.kb-row-layout-id1413_07c416-2f > .kt-row-column-wrap{grid-template-columns:minmax(0, 1fr) minmax(0, 3fr) minmax(0, 1fr);}.kb-row-layout-id1413_07c416-2f > .kt-row-layout-overlay{opacity:0.30;background:linear-gradient(180deg,  0%, #00B5E2 100%);}.kb-row-layout-id1413_07c416-2f .kt-row-layout-bottom-sep{height:100px;}.kb-row-layout-id1413_07c416-2f .kt-row-layout-bottom-sep svg{width:100%;}.kb-row-layout-id1413_07c416-2f .kt-row-layout-bottom-sep svg{fill:#ffffff!important;}@media all and (max-width: 1024px){.kb-row-layout-id1413_07c416-2f > .kt-row-column-wrap{padding-top:0px;padding-right:50px;padding-bottom:80px;padding-left:50px;grid-template-columns:minmax(0, 1fr);}}@media all and (max-width: 1024px){.kb-row-layout-id1413_07c416-2f > .kt-row-column-wrap > div:not(.added-for-specificity){grid-column:initial;}}@media all and (max-width: 1024px){.kb-row-layout-id1413_07c416-2f .kt-row-layout-bottom-sep{height:px;}}@media all and (max-width: 1024px){.kb-row-layout-id1413_07c416-2f .kt-row-layout-bottom-sep svg{width:%;}}@media all and (max-width: 767px){.kb-row-layout-id1413_07c416-2f > .kt-row-column-wrap{padding-top:40px;padding-right:20px;padding-bottom:50px;padding-left:20px;grid-template-columns:minmax(0, 1fr);}.kb-row-layout-id1413_07c416-2f > .kt-row-column-wrap > div:not(.added-for-specificity){grid-column:initial;}.kb-row-layout-id1413_07c416-2f .kt-row-layout-bottom-sep{height:px;}.kb-row-layout-id1413_07c416-2f .kt-row-layout-bottom-sep svg{width:%;}}<\/style><div class=\"kb-row-layout-wrap kb-row-layout-id1413_07c416-2f alignnone kt-row-has-bg wp-block-kadence-rowlayout\"><div class=\"kt-row-layout-overlay kt-row-overlay-gradient\"><\/div><div class=\"kt-row-column-wrap kt-has-3-columns kt-row-layout-center-wide kt-tab-layout-row kt-mobile-layout-row kt-row-valign-top kb-theme-content-width\">\n<style>.kadence-column1413_8c75e6-f8 > .kt-inside-inner-col{padding-top:10px;padding-right:10px;padding-bottom:10px;padding-left:10px;}.kadence-column1413_8c75e6-f8 > .kt-inside-inner-col,.kadence-column1413_8c75e6-f8 > .kt-inside-inner-col:before{border-top-left-radius:0px;border-top-right-radius:0px;border-bottom-right-radius:0px;border-bottom-left-radius:0px;}.kadence-column1413_8c75e6-f8 > .kt-inside-inner-col{column-gap:var(--global-kb-gap-sm, 1rem);}.kadence-column1413_8c75e6-f8 > .kt-inside-inner-col{flex-direction:column;}.kadence-column1413_8c75e6-f8 > .kt-inside-inner-col > .aligncenter{width:100%;}.kadence-column1413_8c75e6-f8 > .kt-inside-inner-col:before{opacity:0.3;}.kadence-column1413_8c75e6-f8{position:relative;}.kadence-column1413_8c75e6-f8, .kt-inside-inner-col > .kadence-column1413_8c75e6-f8:not(.specificity){margin-top:0px;margin-right:20px;margin-bottom:0px;margin-left:0px;}@media all and (max-width: 1024px){.kadence-column1413_8c75e6-f8 > .kt-inside-inner-col{flex-direction:column;justify-content:center;}}@media all and (max-width: 1024px){.kadence-column1413_8c75e6-f8, .kt-inside-inner-col > .kadence-column1413_8c75e6-f8:not(.specificity){margin-top:0px;margin-right:0px;margin-bottom:0px;margin-left:0px;}}@media all and (max-width: 767px){.kadence-column1413_8c75e6-f8 > .kt-inside-inner-col{flex-direction:column;justify-content:center;}}<\/style>\n<div class=\"wp-block-kadence-column kadence-column1413_8c75e6-f8 inner-column-1\"><div class=\"kt-inside-inner-col\"><\/div><\/div>\n\n\n<style>.kadence-column1413_a1a74a-65 > .kt-inside-inner-col{padding-top:10px;padding-right:10px;padding-bottom:10px;padding-left:10px;}.kadence-column1413_a1a74a-65 > .kt-inside-inner-col,.kadence-column1413_a1a74a-65 > .kt-inside-inner-col:before{border-top-left-radius:0px;border-top-right-radius:0px;border-bottom-right-radius:0px;border-bottom-left-radius:0px;}.kadence-column1413_a1a74a-65 > .kt-inside-inner-col{column-gap:var(--global-kb-gap-sm, 1rem);}.kadence-column1413_a1a74a-65 > .kt-inside-inner-col{flex-direction:column;}.kadence-column1413_a1a74a-65 > .kt-inside-inner-col > .aligncenter{width:100%;}.kadence-column1413_a1a74a-65 > .kt-inside-inner-col:before{opacity:0.3;}.kadence-column1413_a1a74a-65{position:relative;}.kadence-column1413_a1a74a-65, .kt-inside-inner-col > .kadence-column1413_a1a74a-65:not(.specificity){margin-top:0px;margin-right:10px;margin-bottom:0px;margin-left:10px;}@media all and (max-width: 1024px){.kadence-column1413_a1a74a-65 > .kt-inside-inner-col{flex-direction:column;justify-content:center;}}@media all and (max-width: 1024px){.kadence-column1413_a1a74a-65, .kt-inside-inner-col > .kadence-column1413_a1a74a-65:not(.specificity){margin-top:0px;margin-right:0px;margin-bottom:0px;margin-left:0px;}}@media all and (max-width: 767px){.kadence-column1413_a1a74a-65 > .kt-inside-inner-col{flex-direction:column;justify-content:center;}}<\/style>\n<div class=\"wp-block-kadence-column kadence-column1413_a1a74a-65 inner-column-2\"><div class=\"kt-inside-inner-col\"><style>.wp-block-kadence-column.kb-section-dir-horizontal > .kt-inside-inner-col > .kt-info-box1413_524363-29 .kt-blocks-info-box-link-wrap{max-width:unset;}.kt-info-box1413_524363-29 .kt-blocks-info-box-link-wrap{border-top:1px solid var(--global-palette7, #EDF2F7);border-right:1px solid var(--global-palette7, #EDF2F7);border-bottom:1px solid var(--global-palette7, #EDF2F7);border-left:1px solid var(--global-palette7, #EDF2F7);border-top-left-radius:10px;border-top-right-radius:10px;border-bottom-right-radius:10px;border-bottom-left-radius:10px;background:#007bff;padding-top:30px;padding-right:30px;padding-bottom:30px;padding-left:30px;margin-bottom:0px;}.kt-info-box1413_524363-29 .kt-blocks-info-box-link-wrap:hover{background:#6a6dec;}.kt-info-box1413_524363-29 .kadence-info-box-icon-container .kt-info-svg-icon, .kt-info-box1413_524363-29 .kt-info-svg-icon-flip, .kt-info-box1413_524363-29 .kt-blocks-info-box-number{font-size:50px;}.kt-info-box1413_524363-29 .kt-blocks-info-box-media{color:#444444;background:transparent;border-color:#444444;border-top-width:0px;border-right-width:0px;border-bottom-width:0px;border-left-width:0px;padding-top:0px;padding-right:0px;padding-bottom:0px;padding-left:0px;}.kt-info-box1413_524363-29 .kt-blocks-info-box-media-container{margin-top:0px;margin-right:15px;margin-bottom:0px;margin-left:0px;}.kt-info-box1413_524363-29 .kt-blocks-info-box-link-wrap:hover .kt-blocks-info-box-media{color:#444444;background:transparent;border-color:#444444;}.kt-info-box1413_524363-29 .kt-infobox-textcontent h6.kt-blocks-info-box-title{line-height:1.3em;padding-top:0px;padding-right:0px;padding-bottom:0px;padding-left:0px;margin-top:0px;margin-right:0px;margin-bottom:14px;margin-left:0px;}.kt-info-box1413_524363-29 .kt-infobox-textcontent .kt-blocks-info-box-text{color:var(--base-3);}.wp-block-kadence-infobox.kt-info-box1413_524363-29 .kt-blocks-info-box-text{text-transform:capitalize;}.kt-info-box1413_524363-29 .kt-blocks-info-box-learnmore{background:transparent;border-color:#555555;border-width:0px 0px 0px 0px;padding-top:4px;padding-right:8px;padding-bottom:4px;padding-left:8px;margin-top:10px;margin-right:0px;margin-bottom:10px;margin-left:0px;}.kt-info-box1413_524363-29 .kt-blocks-info-box-link-wrap:hover .kt-blocks-info-box-learnmore,.kt-info-box1413_524363-29 .kt-blocks-info-box-link-wrap .kt-blocks-info-box-learnmore:focus{color:#ffffff;background:#444444;border-color:#444444;}.kt-info-box1413_524363-29 .kt-blocks-info-box-link-wrap{box-shadow:0px 0px 0px 0px rgba(0, 0, 0, 0);}.kt-info-box1413_524363-29 .kt-blocks-info-box-link-wrap:hover{box-shadow:20px 20px 80px 0px rgba(27, 0, 79, 0.06);}@media all and (max-width: 1024px){.kt-info-box1413_524363-29 .kt-blocks-info-box-link-wrap{border-top:1px solid var(--global-palette7, #EDF2F7);border-right:1px solid var(--global-palette7, #EDF2F7);border-bottom:1px solid var(--global-palette7, #EDF2F7);border-left:1px solid var(--global-palette7, #EDF2F7);box-shadow:0px 0px 0px 0px rgba(0, 0, 0, 0);}}@media all and (max-width: 1024px){.kt-info-box1413_524363-29 .kt-blocks-info-box-link-wrap:hover{box-shadow:20px 20px 80px 0px rgba(27, 0, 79, 0.06);}}@media all and (max-width: 767px){.kt-info-box1413_524363-29 .kt-blocks-info-box-link-wrap{border-top:1px solid var(--global-palette7, #EDF2F7);border-right:1px solid var(--global-palette7, #EDF2F7);border-bottom:1px solid var(--global-palette7, #EDF2F7);border-left:1px solid var(--global-palette7, #EDF2F7);text-align:center;display:block;box-shadow:0px 0px 0px 0px rgba(0, 0, 0, 0);}.kt-info-box1413_524363-29 .kt-blocks-info-box-link-wrap .kt-blocks-info-box-media{display:inline-block;max-width:100%;}.kt-info-box1413_524363-29 .kt-blocks-info-box-link-wrap:hover{box-shadow:20px 20px 80px 0px rgba(27, 0, 79, 0.06);}}<\/style>\n<div class=\"wp-block-kadence-infobox kt-info-box1413_524363-29\"><a class=\"kt-blocks-info-box-link-wrap info-box-link kt-blocks-info-box-media-align-top kt-info-halign-center kb-info-box-vertical-media-align-top kb-info-mobile-halign-center\" target=\"_blank\" rel=\"noopener noreferrer\" href=\"https:\/\/easycpstest.com\/ro\/\" aria-label=\"Face\u021bi clic pe Test de vitez\u0103 | Testul CPS\"><div class=\"kt-infobox-textcontent\"><p class=\"kt-blocks-info-box-text\"><strong>CLICK TEST DE VITEZ\u0102 | TEST CPS<\/strong><\/p><\/div><\/a><\/div>\n<\/div><\/div>\n\n\n<style>.kadence-column1413_3d73af-9c > .kt-inside-inner-col{padding-top:10px;padding-right:10px;padding-bottom:10px;padding-left:10px;}.kadence-column1413_3d73af-9c > .kt-inside-inner-col,.kadence-column1413_3d73af-9c > .kt-inside-inner-col:before{border-top-left-radius:0px;border-top-right-radius:0px;border-bottom-right-radius:0px;border-bottom-left-radius:0px;}.kadence-column1413_3d73af-9c > .kt-inside-inner-col{column-gap:var(--global-kb-gap-sm, 1rem);}.kadence-column1413_3d73af-9c > .kt-inside-inner-col{flex-direction:column;}.kadence-column1413_3d73af-9c > .kt-inside-inner-col > .aligncenter{width:100%;}.kadence-column1413_3d73af-9c > .kt-inside-inner-col:before{opacity:0.3;}.kadence-column1413_3d73af-9c{position:relative;}.kadence-column1413_3d73af-9c, .kt-inside-inner-col > .kadence-column1413_3d73af-9c:not(.specificity){margin-top:0px;margin-right:0px;margin-bottom:0px;margin-left:20px;}@media all and (max-width: 1024px){.kadence-column1413_3d73af-9c > .kt-inside-inner-col{flex-direction:column;justify-content:center;}}@media all and (max-width: 1024px){.kadence-column1413_3d73af-9c, .kt-inside-inner-col > .kadence-column1413_3d73af-9c:not(.specificity){margin-top:0px;margin-right:0px;margin-bottom:0px;margin-left:0px;}}@media all and (max-width: 767px){.kadence-column1413_3d73af-9c > .kt-inside-inner-col{flex-direction:column;justify-content:center;}}<\/style>\n<div class=\"wp-block-kadence-column kadence-column1413_3d73af-9c inner-column-3\"><div class=\"kt-inside-inner-col\"><\/div><\/div>\n\n<\/div><\/div>\n\n\n<h2 style=\"color: #ffffff;font-weight: 400;background:  #007bff;width: auto;margin: 1em 0px;font-size: 25px;line-height: 1;padding: 14px;border-left: 40px solid #000000;box-shadow: #c7c7c7 0px 2px 15px 0px;text-align:;\"><span id=\"Butterfly_Click_Online_Test  \"><strong> Butterfly Click Test online  \n<\/strong><\/span><\/h2>\n\n\n\n<p class=\"wp-block-paragraph\">S\u0103 presupunem c\u0103 juc\u0103torul dore\u0219te s\u0103 aib\u0103 o performan\u021b\u0103 cov\u00e2r\u0219itoare de bine pentru a-l atinge pe adversar \u00een jocul Butterfly Click Online Test, deci este un joc perfect de ales. \u00cen mod semnificativ, jocul \u00eel ajut\u0103 pe clicker s\u0103 \u00eembun\u0103t\u0103\u021beasc\u0103 abilit\u0103\u021bile de clic cu o practic\u0103 atr\u0103g\u0103toare. \u00cen plus, practica eficient\u0103 \u00eembun\u0103t\u0103\u021be\u0219te clicul la nivelul urm\u0103tor.&nbsp;<\/p>\n\n\n\n<p class=\"wp-block-paragraph\">\u00cen schimb, testul Butterfly Click este u\u0219or de dominat \u0219i st\u0103p\u00e2nit \u00een toate celelalte jocuri de clic \u0219i moduri unice.&nbsp; &nbsp;<\/p>\n\n\n\n<p class=\"wp-block-paragraph\">\u00cen metoda Butterfly Clicking, pute\u021bi folosi cele 2 degete pentru a ap\u0103sa pe butonul mouse-ului unul c\u00e2te altul alternativ. Ac\u021biunea repetitiv\u0103 \u00eel face pe juc\u0103tor s\u0103 atribuie mai multe clicuri \u00een c\u00e2teva secunde. \u00cen loc de un deget, pute\u021bi folosi 2 degete \u0219i pute\u021bi marca mai multe clicuri \u00een jocul de clicuri.<\/p>\n\n\n\n<p class=\"wp-block-paragraph\">Ca toate celelalte teste CPS, Butterfly Click Test este conceput pentru a \u00eenregistra reflexele degetelor \u0219i reac\u021bia min\u021bii tale \u00eentr-un interval de timp.&nbsp;&nbsp;<\/p>\n\n\n<div class=\"wp-block-image\">\n<figure class=\"aligncenter size-full\"><img loading=\"lazy\" decoding=\"async\" width=\"768\" height=\"452\" src=\"https:\/\/easycpstest.com\/wp-content\/uploads\/2022\/03\/butterfly-1.png\" alt=\"Butterfly Click Test\" class=\"wp-image-1567\" srcset=\"https:\/\/easycpstest.com\/wp-content\/uploads\/2022\/03\/butterfly-1.png 768w, https:\/\/easycpstest.com\/wp-content\/uploads\/2022\/03\/butterfly-1-300x177.png 300w\" sizes=\"auto, (max-width: 768px) 100vw, 768px\" \/><\/figure>\n<\/div>\n\n\n<h3 style=\"color: #ffffff;font-weight: 400;background:  #007bff;width: auto;margin: 1em 0px;font-size: 25px;line-height: 1;padding: 14px;border-left: 40px solid #000000;box-shadow: #c7c7c7 0px 2px 15px 0px;text-align:;\"><span id=\"How_fast_are_you? Find_out_now!\"><strong> C\u00e2t de repede e\u0219ti? Afla acum!  \n<\/strong><\/span><\/h3>\n\n\n\n<p class=\"wp-block-paragraph\">F\u0103c\u00e2nd clic continuu Fluture v\u0103 permite s\u0103 indexa\u021bi mai multe clicuri. A\u0219adar, face\u021bi clic energic pe caseta eviden\u021biat\u0103 \u0219i permite\u021bi jocului online Butterfly Click s\u0103 v\u0103 \u00eenregistreze eficien\u021ba. \u00cen cazul \u00een care juc\u0103torul dore\u0219te s\u0103 joace acest joc cu un prieten la distan\u021b\u0103, juc\u0103torul \u00eei poate oferi s\u0103 se joace trimi\u021b\u00e2nd un link c\u0103tre acel joc. \u00cen cele din urm\u0103, juc\u0103torul care \u00eenscrie mare c\u00e2\u0219tig\u0103 meciul.&nbsp;<\/p>\n\n\n\n<h3 style=\"color: #ffffff;font-weight: 400;background:  #007bff;width: auto;margin: 1em 0px;font-size: 25px;line-height: 1;padding: 14px;border-left: 40px solid #000000;box-shadow: #c7c7c7 0px 2px 15px 0px;text-align:;\"><span id=\"Features_of_Butterfly_Click_Test\"><strong> Caracteristicile testului Butterfly Click \n<\/strong><\/span><\/h3>\n\n\n\n<p class=\"wp-block-paragraph\">Din fericire, Butterfly Click Test de\u021bine o caracteristic\u0103 deosebit\u0103 care ofer\u0103 exerci\u021biu de clic \u00eenainte de a juca mainstream. Cu toate acestea, juc\u0103torul folose\u0219te mu\u0219chii \u0219i creierul cu aceea\u0219i vitez\u0103 pentru a indexa clicul maxim \u00een joc. \u00cen c\u00e2teva secunde, exerci\u021biul nu \u00ee\u021bi deranjeaz\u0103 articula\u021biile \u0219i mu\u0219chii. Nicio epuizare \u00eenc\u0103, este \u00een siguran\u021b\u0103.&nbsp;<\/p>\n\n\n\n<p class=\"wp-block-paragraph\">\u00cen plus, Butterfly Click Game este un joc captivant pentru juc\u0103tori care \u00ee\u0219i pot ucide timpul liber pe internet. \u00cen timp ce a\u0219tepta\u021bi ca software-ul s\u0103 instaleze sau s\u0103 \u00eencarce filmul care v\u0103 place, pute\u021bi exersa clicurile pentru a v\u0103 \u00eembun\u0103t\u0103\u021bi abilit\u0103\u021bile. Cu toate acestea, juc\u0103torul se poate bucura de Jocul online Butterfly Click f\u0103r\u0103 a desc\u0103rca nicio aplica\u021bie sau driver.<\/p>\n\n\n\n<h4 style=\"color: #ffffff;font-weight: 400;background:  #007bff;width: auto;margin: 1em 0px;font-size: 25px;line-height: 1;padding: 14px;border-left: 40px solid #000000;box-shadow: #c7c7c7 0px 2px 15px 0px;text-align:;\"><span id=\"Advantage_of_Clicks\"><strong> Avantajul Butterfly Clicks\n<\/strong><\/span><\/h4>\n\n\n\n<p class=\"wp-block-paragraph\">\u00cen continuare, Butterfly Clicking ajut\u0103 juc\u0103torul s\u0103 omoare timpul liber \u00een mod eficient. \u00cen plus, juc\u0103torul \u00eembun\u0103t\u0103\u021be\u0219te abilit\u0103\u021bile de clic \u0219i atingere rapid prin experien\u021b\u0103. Alternativ, prietenii din re\u021belele de socializare ofer\u0103 provocarea de a dobor\u00ee recordul pe care l-au stabilit. \u00cen plus, cei mai buni prieteni pe distan\u021be lungi se pot bucura de jocul cu conturile lor de socializare.&nbsp;<\/p>\n\n\n\n<p class=\"wp-block-paragraph\">Din fericire,&nbsp;<a href=\"https:\/\/easycpstest.com\/ro\/drag-click-test\/\" target=\"_blank\" rel=\"noreferrer noopener\">Trage\u021bi Face\u021bi clic pe Test<\/a> Jocul online este compatibil cu dispozitivele mobile, astfel \u00eenc\u00e2t utilizatorii de telefonie mobil\u0103 se pot bucura de joc f\u0103r\u0103 nicio dificultate.<\/p>\n\n\n\n<h3 style=\"color: #ffffff;font-weight: 400;background:  #007bff;width: auto;margin: 1em 0px;font-size: 25px;line-height: 1;padding: 14px;border-left: 40px solid #000000;box-shadow: #c7c7c7 0px 2px 15px 0px;text-align:;\"><span id=\"How to Play Butterfly Click Game\"><strong> Cum s\u0103 joci Butterfly Click Game\n<\/strong><\/span><\/h3>\n\n\n\n<p class=\"wp-block-paragraph\">Ca toate celelalte jocuri, Butterfly Click Game este, de asemenea, u\u0219or de jucat din cauza u\u0219urin\u021bei sale.&nbsp;<\/p>\n\n\n\n<ul class=\"wp-block-list\">\n<li><strong>Accesa\u021bi caseta eviden\u021biat\u0103 \u0219i \u00eencepe\u021bi s\u0103 atinge\u021bi cu 2 degete pentru a atribui clicul \u00een joc.<\/strong><\/li>\n\n\n\n<li><strong>Dup\u0103 aceea, nu atinge\u021bi \u00een afara cutiei. Aloca\u021bi un clic \u00een zona pe care se poate face clic numai \u00een 10 secunde.<\/strong><\/li>\n\n\n\n<li><strong>Mai t\u00e2rziu, scorul Butterfly Click va ap\u0103rea \u00een caseta de mesaj care apare automat.&nbsp;<\/strong><\/li>\n\n\n\n<li><strong>Jocul poate partaja rezultatele \u0219i \u00eenregistr\u0103rile prin intermediul platformelor de social media precum WhatsApp, Facebook \u0219i Linked In.<\/strong><\/li>\n<\/ul>\n\n\n\n<p class=\"wp-block-paragraph\"><strong>Not\u0103 pentru \u00eencep\u0103tori<\/strong><\/p>\n\n\n\n<p class=\"wp-block-paragraph\">Practica uniform\u0103 \u00eel face pe \u00eencep\u0103tor s\u0103 fie expert \u00een jocurile Butterfly Click. \u00cen plus, face din juc\u0103tor un juc\u0103tor profesionist.<\/p>\n\n\n\n<h2 class=\"wp-block-heading has-text-align-center\">\u00eentreb\u0103ri frecvente<\/h2>\n\n\n\n<div class=\"schema-faq wp-block-yoast-faq-block\"><div class=\"schema-faq-section\" id=\"faq-question-1677485983455\"><strong class=\"schema-faq-question\">Ce este un test Butterfly Click?<\/strong> <p class=\"schema-faq-answer\">Un Butterfly Click Test este un test online care m\u0103soar\u0103 c\u00e2te clicuri pute\u021bi face \u00eentr-un anumit interval de timp folosind tehnica Butterfly Click.<\/p> <\/div> <div class=\"schema-faq-section\" id=\"faq-question-1677486023900\"><strong class=\"schema-faq-question\">Ce este tehnica de clic pe fluture?<\/strong> <p class=\"schema-faq-answer\">Tehnica Butterfly clicking presupune folosirea a doua degete pentru a face clic repetat si rapid pe butonul mouse-ului. Aceast\u0103 tehnic\u0103 este adesea folosit\u0103 de juc\u0103tori pentru a ob\u021bine o vitez\u0103 de clic mai mare dec\u00e2t ar fi capabil\u0103 s\u0103 ob\u021bin\u0103 cu un singur deget.<\/p> <\/div> <div class=\"schema-faq-section\" id=\"faq-question-1677486033867\"><strong class=\"schema-faq-question\">\u00cemi pot \u00eembun\u0103t\u0103\u021bi scorul la testul Butterfly Click?<\/strong> <p class=\"schema-faq-answer\">Da, cu practic\u0103, v\u0103 pute\u021bi \u00eembun\u0103t\u0103\u021bi scorul la testul Butterfly Click. \u00cencerca\u021bi s\u0103 v\u0103 concentra\u021bi pe tehnica dvs. \u0219i s\u0103 g\u0103si\u021bi o prindere confortabil\u0103 a mouse-ului. De asemenea, pute\u021bi \u00eencerca s\u0103 utiliza\u021bi diferite tipuri de \u0219oareci sau s\u0103 ajusta\u021bi set\u0103rile mouse-ului pentru a vedea dac\u0103 acest lucru v\u0103 ajut\u0103.<\/p> <\/div> <div class=\"schema-faq-section\" id=\"faq-question-1677486048365\"><strong class=\"schema-faq-question\">Exist\u0103 sfaturi pentru a face un test Butterfly Click?<\/strong> <p class=\"schema-faq-answer\">Da, iat\u0103 c\u00e2teva sfaturi pentru a face un test Butterfly Click: <br\/>1) Folosi\u021bi o prindere confortabil\u0103 a mouse-ului<br\/>2) \u021aine-\u021bi degetele relaxate \u0219i flexibile<br\/>3) Concentra\u021bi-v\u0103 pe vitez\u0103 \u0219i acurate\u021be<br\/>4) \u00cencerca\u021bi s\u0103 face\u021bi clic c\u00e2t mai repede posibil, men\u021bin\u00e2nd controlul \u0219i 5) Exersa\u021bi-v\u0103 \u00een mod regulat pentru a v\u0103 \u00eembun\u0103t\u0103\u021bi scorul.<br\/><\/p> <\/div> <div class=\"schema-faq-section\" id=\"faq-question-1677486096483\"><strong class=\"schema-faq-question\">Pot face un test Butterfly Click pe dispozitivul meu mobil?<\/strong> <p class=\"schema-faq-answer\">\u00cen timp ce unele site-uri web pot oferi o versiune mobil\u0103 a testului Butterfly Click, este, \u00een general, recomandat s\u0103 face\u021bi testul pe un computer sau laptop cu un mouse pentru cele mai precise rezultate.<\/p> <\/div> <\/div>","protected":false},"excerpt":{"rendered":"<p>Butterfly Click Test | Easy CPS Test For 10 seconds, mark continuous clicks on the clicking area of the Butterfly Click Test to check the clicking efficiency of the gamer. In contrast to other clicking tricks,&nbsp;Butterfly Click Test&nbsp;has become famous &#8230; <\/p>\n<p class=\"read-more-container\"><a title=\"Butterfly Click Test | Click Tests | Easy CPS Test\" class=\"read-more button\" href=\"https:\/\/easycpstest.com\/ro\/butterfly-click-test\/#more-1413\" aria-label=\"More on Butterfly Click Test | Click Tests | Easy CPS Test\">Citeste mai mult<\/a><\/p>","protected":false},"author":1,"featured_media":0,"parent":0,"menu_order":0,"comment_status":"closed","ping_status":"closed","template":"","meta":{"_crdt_document":"","footnotes":""},"class_list":{"0":"post-1413","1":"page","2":"type-page","3":"status-publish","5":"no-featured-image-padding"},"_links":{"self":[{"href":"https:\/\/easycpstest.com\/ro\/wp-json\/wp\/v2\/pages\/1413","targetHints":{"allow":["GET"]}}],"collection":[{"href":"https:\/\/easycpstest.com\/ro\/wp-json\/wp\/v2\/pages"}],"about":[{"href":"https:\/\/easycpstest.com\/ro\/wp-json\/wp\/v2\/types\/page"}],"author":[{"embeddable":true,"href":"https:\/\/easycpstest.com\/ro\/wp-json\/wp\/v2\/users\/1"}],"replies":[{"embeddable":true,"href":"https:\/\/easycpstest.com\/ro\/wp-json\/wp\/v2\/comments?post=1413"}],"version-history":[{"count":17,"href":"https:\/\/easycpstest.com\/ro\/wp-json\/wp\/v2\/pages\/1413\/revisions"}],"predecessor-version":[{"id":2169,"href":"https:\/\/easycpstest.com\/ro\/wp-json\/wp\/v2\/pages\/1413\/revisions\/2169"}],"wp:attachment":[{"href":"https:\/\/easycpstest.com\/ro\/wp-json\/wp\/v2\/media?parent=1413"}],"curies":[{"name":"wp","href":"https:\/\/api.w.org\/{rel}","templated":true}]}}