{"id":1425,"date":"2025-02-10T06:48:13","date_gmt":"2025-02-10T06:48:13","guid":{"rendered":"https:\/\/easycpstest.com\/?page_id=1425"},"modified":"2025-02-10T06:48:17","modified_gmt":"2025-02-10T06:48:17","slug":"2-seconds","status":"publish","type":"page","link":"https:\/\/easycpstest.com\/ro\/2-seconds\/","title":{"rendered":"2 Second Click Test &#8211; Easy CPS Test"},"content":{"rendered":"<h1 class=\"wp-block-heading has-text-align-center\"><strong>2 Second Click Test &#8211; Easy CPS Test<\/strong><\/h1>\n\n\n\n<p class=\"has-text-align-center wp-block-paragraph\">Po\u021bi s\u0103-\u021bi testezi cotele de clic \u00eempotriva lumii jocurilor \u00eentr-un timp scurt cu aceast\u0103 provocare de dou\u0103 secunde.<\/p>\n\n\n<div class=\"page-wrapper\">\n\t<div class=\"row\">\n\t\t<div class=\"col-lg-12 col-md-12 custom-container\">\n\t\t\t<div class=\"card\">\n\t\t\t\t<header class=\"entry-header\">\n\t\t\t\t\t\t\t\t\t<\/header>\n\t\t\t\t\t\t\t\t<div class=\"bt-click-inner\">\n\t\t\t\t\t<div class=\"card-header\">\n\t\t\t\t\t\t<div class=\"bt-header-timer\">\n\t\t\t\t\t\t\t<div class=\"bt-time-btn blue-btn\">\n\t\t\t\t\t\t\t\t<h4 class=\"mb-0\"><span id=\"timer\">0<\/span><\/h4>\n\t\t\t\t\t\t\t\t<small class=\"mb-0 sm-custom\">Temporizator<\/small>\n\t\t\t\t\t\t\t<\/div>\n\t\t\t\t\t\t\t<div class=\"bt-time-btn orange-btn\">\n\t\t\t\t\t\t\t\t<h4 class=\"mb-0\"><span id=\"clicks\">0<\/span><\/h4>\n\t\t\t\t\t\t\t\t<small class=\"mb-0 sm-custom\">Click\/e<\/small>\n\t\t\t\t\t\t\t<\/div>\n\t\t\t\t\t\t\t<div class=\"bt-time-btn green-btn\">\n\t\t\t\t\t\t\t\t<h4 class=\"mb-0\"><span id=\"score\">0<\/span><\/h4>\n\t\t\t\t\t\t\t\t<small class=\"mb-0 sm-custom\">Scor<\/small>\n\t\t\t\t\t\t\t<\/div>\n\t\t\t\t\t\t<\/div>\n\t\t\t\t\t<\/div>\n\t\t\t\t\t<div class=\"card-body\">\n\t\t\t\t\t\t<div class=\"bt-click-area\" id=\"bt-click-area\">\n\t\t\t\t\t\t\t<button id=\"start\" type=\"button\" class=\"btn-light btn-round waves-effect waves-light\">CLICK AICI PENTRU A \u00ceNCEPE JUCA<\/button>\n\t\t\t\t\t\t<\/div>\n\t\t\t\t\t<\/div>\n\t\t\t\t\t<button type=\"button\" data-toggle=\"modal\" data-target=\"#click-result-modal\" style=\"display: none;\" id=\"trigger-modal\">Lansa\u021bi modal<\/button>\n\t\t\t\t<\/div>\n\t\t\t<\/div>\n\t\t<\/div>\n\t\t\t<\/div>\n<\/div>\n\n\n\n<p class=\"wp-block-paragraph\">Naviga\u021bi-v\u0103 limitele pentru a estima num\u0103rul de clicuri pe care le pute\u021bi c\u00e2\u0219tiga \u00een jocul Click pe 2 secunde. S\u0103 exers\u0103m aici pentru a v\u0103 ridica capacitatea de a face clic la etapele urm\u0103toare. Sus\u021binem faptul c\u0103 CPS Test va avea un impact progresiv \u00een jocurile reale precum Minecraft sau Craftsman.<\/p>\n\n\n<style>.kb-row-layout-wrap.wp-block-kadence-rowlayout.kb-row-layout-id1425_aef339-87{margin-bottom:0px;}.kb-row-layout-id1425_aef339-87 > .kt-row-column-wrap{align-content:start;}:where(.kb-row-layout-id1425_aef339-87 > .kt-row-column-wrap) > .wp-block-kadence-column{justify-content:start;}.kb-row-layout-id1425_aef339-87 > .kt-row-column-wrap{column-gap:var(--global-kb-gap-none, 0rem );row-gap:var(--global-kb-gap-none, 0rem );max-width:1200px;padding-top:30px;padding-right:0px;padding-bottom:30px;padding-left:0px;}.kb-row-layout-id1425_aef339-87 > .kt-row-column-wrap > div:not(.added-for-specificity){grid-column:initial;}.kb-row-layout-id1425_aef339-87 > .kt-row-column-wrap{grid-template-columns:minmax(0, 1fr) minmax(0, 3fr) minmax(0, 1fr);}.kb-row-layout-id1425_aef339-87 > .kt-row-layout-overlay{opacity:0.30;background:linear-gradient(180deg,  0%, #00B5E2 100%);}.kb-row-layout-id1425_aef339-87 .kt-row-layout-bottom-sep{height:100px;}.kb-row-layout-id1425_aef339-87 .kt-row-layout-bottom-sep svg{width:100%;}.kb-row-layout-id1425_aef339-87 .kt-row-layout-bottom-sep svg{fill:#ffffff!important;}@media all and (max-width: 1024px){.kb-row-layout-id1425_aef339-87 > .kt-row-column-wrap{padding-top:0px;padding-right:50px;padding-bottom:80px;padding-left:50px;grid-template-columns:minmax(0, 1fr);}}@media all and (max-width: 1024px){.kb-row-layout-id1425_aef339-87 > .kt-row-column-wrap > div:not(.added-for-specificity){grid-column:initial;}}@media all and (max-width: 1024px){.kb-row-layout-id1425_aef339-87 .kt-row-layout-bottom-sep{height:px;}}@media all and (max-width: 1024px){.kb-row-layout-id1425_aef339-87 .kt-row-layout-bottom-sep svg{width:%;}}@media all and (max-width: 767px){.kb-row-layout-id1425_aef339-87 > .kt-row-column-wrap{padding-top:40px;padding-right:20px;padding-bottom:50px;padding-left:20px;grid-template-columns:minmax(0, 1fr);}.kb-row-layout-id1425_aef339-87 > .kt-row-column-wrap > div:not(.added-for-specificity){grid-column:initial;}.kb-row-layout-id1425_aef339-87 .kt-row-layout-bottom-sep{height:px;}.kb-row-layout-id1425_aef339-87 .kt-row-layout-bottom-sep svg{width:%;}}<\/style><div class=\"kb-row-layout-wrap kb-row-layout-id1425_aef339-87 alignnone kt-row-has-bg wp-block-kadence-rowlayout\"><div class=\"kt-row-layout-overlay kt-row-overlay-gradient\"><\/div><div class=\"kt-row-column-wrap kt-has-3-columns kt-row-layout-center-wide kt-tab-layout-row kt-mobile-layout-row kt-row-valign-top kb-theme-content-width\">\n<style>.kadence-column1425_ed7533-23 > .kt-inside-inner-col{padding-top:10px;padding-right:10px;padding-bottom:10px;padding-left:10px;}.kadence-column1425_ed7533-23 > .kt-inside-inner-col,.kadence-column1425_ed7533-23 > .kt-inside-inner-col:before{border-top-left-radius:0px;border-top-right-radius:0px;border-bottom-right-radius:0px;border-bottom-left-radius:0px;}.kadence-column1425_ed7533-23 > .kt-inside-inner-col{column-gap:var(--global-kb-gap-sm, 1rem);}.kadence-column1425_ed7533-23 > .kt-inside-inner-col{flex-direction:column;}.kadence-column1425_ed7533-23 > .kt-inside-inner-col > .aligncenter{width:100%;}.kadence-column1425_ed7533-23 > .kt-inside-inner-col:before{opacity:0.3;}.kadence-column1425_ed7533-23{position:relative;}.kadence-column1425_ed7533-23, .kt-inside-inner-col > .kadence-column1425_ed7533-23:not(.specificity){margin-top:0px;margin-right:20px;margin-bottom:0px;margin-left:0px;}@media all and (max-width: 1024px){.kadence-column1425_ed7533-23 > .kt-inside-inner-col{flex-direction:column;justify-content:center;}}@media all and (max-width: 1024px){.kadence-column1425_ed7533-23, .kt-inside-inner-col > .kadence-column1425_ed7533-23:not(.specificity){margin-top:0px;margin-right:0px;margin-bottom:0px;margin-left:0px;}}@media all and (max-width: 767px){.kadence-column1425_ed7533-23 > .kt-inside-inner-col{flex-direction:column;justify-content:center;}}<\/style>\n<div class=\"wp-block-kadence-column kadence-column1425_ed7533-23 inner-column-1\"><div class=\"kt-inside-inner-col\"><\/div><\/div>\n\n\n<style>.kadence-column1425_95919b-0d > .kt-inside-inner-col{padding-top:10px;padding-right:10px;padding-bottom:10px;padding-left:10px;}.kadence-column1425_95919b-0d > .kt-inside-inner-col,.kadence-column1425_95919b-0d > .kt-inside-inner-col:before{border-top-left-radius:0px;border-top-right-radius:0px;border-bottom-right-radius:0px;border-bottom-left-radius:0px;}.kadence-column1425_95919b-0d > .kt-inside-inner-col{column-gap:var(--global-kb-gap-sm, 1rem);}.kadence-column1425_95919b-0d > .kt-inside-inner-col{flex-direction:column;}.kadence-column1425_95919b-0d > .kt-inside-inner-col > .aligncenter{width:100%;}.kadence-column1425_95919b-0d > .kt-inside-inner-col:before{opacity:0.3;}.kadence-column1425_95919b-0d{position:relative;}.kadence-column1425_95919b-0d, .kt-inside-inner-col > .kadence-column1425_95919b-0d:not(.specificity){margin-top:0px;margin-right:10px;margin-bottom:0px;margin-left:10px;}@media all and (max-width: 1024px){.kadence-column1425_95919b-0d > .kt-inside-inner-col{flex-direction:column;justify-content:center;}}@media all and (max-width: 1024px){.kadence-column1425_95919b-0d, .kt-inside-inner-col > .kadence-column1425_95919b-0d:not(.specificity){margin-top:0px;margin-right:0px;margin-bottom:0px;margin-left:0px;}}@media all and (max-width: 767px){.kadence-column1425_95919b-0d > .kt-inside-inner-col{flex-direction:column;justify-content:center;}}<\/style>\n<div class=\"wp-block-kadence-column kadence-column1425_95919b-0d inner-column-2\"><div class=\"kt-inside-inner-col\"><style>.wp-block-kadence-column.kb-section-dir-horizontal > .kt-inside-inner-col > .kt-info-box1425_4fc4a3-24 .kt-blocks-info-box-link-wrap{max-width:unset;}.kt-info-box1425_4fc4a3-24 .kt-blocks-info-box-link-wrap{border-top:1px solid var(--global-palette7, #EDF2F7);border-right:1px solid var(--global-palette7, #EDF2F7);border-bottom:1px solid var(--global-palette7, #EDF2F7);border-left:1px solid var(--global-palette7, #EDF2F7);border-top-left-radius:10px;border-top-right-radius:10px;border-bottom-right-radius:10px;border-bottom-left-radius:10px;background:#007bff;padding-top:30px;padding-right:30px;padding-bottom:30px;padding-left:30px;margin-bottom:0px;}.kt-info-box1425_4fc4a3-24 .kt-blocks-info-box-link-wrap:hover{background:#6a6dec;}.kt-info-box1425_4fc4a3-24 .kadence-info-box-icon-container .kt-info-svg-icon, .kt-info-box1425_4fc4a3-24 .kt-info-svg-icon-flip, .kt-info-box1425_4fc4a3-24 .kt-blocks-info-box-number{font-size:50px;}.kt-info-box1425_4fc4a3-24 .kt-blocks-info-box-media{color:#444444;background:transparent;border-color:#444444;border-top-width:0px;border-right-width:0px;border-bottom-width:0px;border-left-width:0px;padding-top:0px;padding-right:0px;padding-bottom:0px;padding-left:0px;}.kt-info-box1425_4fc4a3-24 .kt-blocks-info-box-media-container{margin-top:0px;margin-right:15px;margin-bottom:0px;margin-left:0px;}.kt-info-box1425_4fc4a3-24 .kt-blocks-info-box-link-wrap:hover .kt-blocks-info-box-media{color:#444444;background:transparent;border-color:#444444;}.kt-info-box1425_4fc4a3-24 .kt-infobox-textcontent h6.kt-blocks-info-box-title{line-height:1.3em;padding-top:0px;padding-right:0px;padding-bottom:0px;padding-left:0px;margin-top:0px;margin-right:0px;margin-bottom:14px;margin-left:0px;}.kt-info-box1425_4fc4a3-24 .kt-infobox-textcontent .kt-blocks-info-box-text{color:var(--base-3);}.wp-block-kadence-infobox.kt-info-box1425_4fc4a3-24 .kt-blocks-info-box-text{text-transform:capitalize;}.kt-info-box1425_4fc4a3-24 .kt-blocks-info-box-learnmore{background:transparent;border-color:#555555;border-width:0px 0px 0px 0px;padding-top:4px;padding-right:8px;padding-bottom:4px;padding-left:8px;margin-top:10px;margin-right:0px;margin-bottom:10px;margin-left:0px;}.kt-info-box1425_4fc4a3-24 .kt-blocks-info-box-link-wrap:hover .kt-blocks-info-box-learnmore,.kt-info-box1425_4fc4a3-24 .kt-blocks-info-box-link-wrap .kt-blocks-info-box-learnmore:focus{color:#ffffff;background:#444444;border-color:#444444;}.kt-info-box1425_4fc4a3-24 .kt-blocks-info-box-link-wrap{box-shadow:0px 0px 0px 0px rgba(0, 0, 0, 0);}.kt-info-box1425_4fc4a3-24 .kt-blocks-info-box-link-wrap:hover{box-shadow:20px 20px 80px 0px rgba(27, 0, 79, 0.06);}@media all and (max-width: 1024px){.kt-info-box1425_4fc4a3-24 .kt-blocks-info-box-link-wrap{border-top:1px solid var(--global-palette7, #EDF2F7);border-right:1px solid var(--global-palette7, #EDF2F7);border-bottom:1px solid var(--global-palette7, #EDF2F7);border-left:1px solid var(--global-palette7, #EDF2F7);box-shadow:0px 0px 0px 0px rgba(0, 0, 0, 0);}}@media all and (max-width: 1024px){.kt-info-box1425_4fc4a3-24 .kt-blocks-info-box-link-wrap:hover{box-shadow:20px 20px 80px 0px rgba(27, 0, 79, 0.06);}}@media all and (max-width: 767px){.kt-info-box1425_4fc4a3-24 .kt-blocks-info-box-link-wrap{border-top:1px solid var(--global-palette7, #EDF2F7);border-right:1px solid var(--global-palette7, #EDF2F7);border-bottom:1px solid var(--global-palette7, #EDF2F7);border-left:1px solid var(--global-palette7, #EDF2F7);text-align:center;display:block;box-shadow:0px 0px 0px 0px rgba(0, 0, 0, 0);}.kt-info-box1425_4fc4a3-24 .kt-blocks-info-box-link-wrap .kt-blocks-info-box-media{display:inline-block;max-width:100%;}.kt-info-box1425_4fc4a3-24 .kt-blocks-info-box-link-wrap:hover{box-shadow:20px 20px 80px 0px rgba(27, 0, 79, 0.06);}}<\/style>\n<div class=\"wp-block-kadence-infobox kt-info-box1425_4fc4a3-24\"><a class=\"kt-blocks-info-box-link-wrap info-box-link kt-blocks-info-box-media-align-top kt-info-halign-center kb-info-box-vertical-media-align-top kb-info-mobile-halign-center\" target=\"_blank\" rel=\"noopener noreferrer\" href=\"https:\/\/easycpstest.com\/ro\/\" aria-label=\"Face\u021bi clic pe Test de vitez\u0103 | Testul CPS\"><div class=\"kt-infobox-textcontent\"><p class=\"kt-blocks-info-box-text\"><strong>CLICK TEST DE VITEZ\u0102 | TEST CPS<\/strong><\/p><\/div><\/a><\/div>\n<\/div><\/div>\n\n\n<style>.kadence-column1425_bbc345-0c > .kt-inside-inner-col{padding-top:10px;padding-right:10px;padding-bottom:10px;padding-left:10px;}.kadence-column1425_bbc345-0c > .kt-inside-inner-col,.kadence-column1425_bbc345-0c > .kt-inside-inner-col:before{border-top-left-radius:0px;border-top-right-radius:0px;border-bottom-right-radius:0px;border-bottom-left-radius:0px;}.kadence-column1425_bbc345-0c > .kt-inside-inner-col{column-gap:var(--global-kb-gap-sm, 1rem);}.kadence-column1425_bbc345-0c > .kt-inside-inner-col{flex-direction:column;}.kadence-column1425_bbc345-0c > .kt-inside-inner-col > .aligncenter{width:100%;}.kadence-column1425_bbc345-0c > .kt-inside-inner-col:before{opacity:0.3;}.kadence-column1425_bbc345-0c{position:relative;}.kadence-column1425_bbc345-0c, .kt-inside-inner-col > .kadence-column1425_bbc345-0c:not(.specificity){margin-top:0px;margin-right:0px;margin-bottom:0px;margin-left:20px;}@media all and (max-width: 1024px){.kadence-column1425_bbc345-0c > .kt-inside-inner-col{flex-direction:column;justify-content:center;}}@media all and (max-width: 1024px){.kadence-column1425_bbc345-0c, .kt-inside-inner-col > .kadence-column1425_bbc345-0c:not(.specificity){margin-top:0px;margin-right:0px;margin-bottom:0px;margin-left:0px;}}@media all and (max-width: 767px){.kadence-column1425_bbc345-0c > .kt-inside-inner-col{flex-direction:column;justify-content:center;}}<\/style>\n<div class=\"wp-block-kadence-column kadence-column1425_bbc345-0c inner-column-3\"><div class=\"kt-inside-inner-col\"><\/div><\/div>\n\n<\/div><\/div>\n\n\n<p class=\"wp-block-paragraph\">Bucura\u021bi-v\u0103 de Testul de vitez\u0103 a clicului \u0219i ar\u0103ta\u021bi prietenilor t\u0103i viteza de clic sau standardul CPS. F\u0103r\u0103 \u00eendoial\u0103, jocul de clic sau testul v\u0103 va ajuta s\u0103 v\u0103 gestiona\u021bi concentrarea. \u00cen plus, testul atrage al\u021bi consumatori la joc \u0219i le ofer\u0103 o provocare deschis\u0103. Ofer\u0103-i adversarului t\u0103u s\u0103-\u021bi doboare recordul dep\u0103\u0219ind scorul la testul CPS. Iat\u0103 \u0219i alte provoc\u0103ri de joc pentru tine.<\/p>\n\n\n<style>.wp-block-kadence-column.kb-section-dir-horizontal > .kt-inside-inner-col > .kt-info-box1425_cd9b88-e6 .kt-blocks-info-box-link-wrap{max-width:unset;}.kt-info-box1425_cd9b88-e6 .kt-blocks-info-box-link-wrap{border-top-left-radius:20px;border-top-right-radius:20px;border-bottom-right-radius:20px;border-bottom-left-radius:20px;background:#f1f1f1;padding-top:0px;padding-right:0px;padding-bottom:0px;padding-left:0px;}.kt-info-box1425_cd9b88-e6 .kt-blocks-info-box-link-wrap:hover{background:#f2f2f2;}.kt-info-box1425_cd9b88-e6 .kadence-info-box-icon-container .kt-info-svg-icon, .kt-info-box1425_cd9b88-e6 .kt-info-svg-icon-flip, .kt-info-box1425_cd9b88-e6 .kt-blocks-info-box-number{font-size:50px;}.kt-info-box1425_cd9b88-e6 .kt-blocks-info-box-media{color:#cf2e2e;background:transparent;border-color:rgba(0,0,0,0);border-radius:200px;overflow:hidden;border-top-width:0px;border-right-width:0px;border-bottom-width:0px;border-left-width:0px;padding-top:20px;padding-right:20px;padding-bottom:20px;padding-left:20px;margin-top:0px;margin-right:20px;margin-bottom:0px;margin-left:0px;}.kt-info-box1425_cd9b88-e6 .kt-blocks-info-box-media .kadence-info-box-image-intrisic img{border-radius:200px;}.kt-info-box1425_cd9b88-e6 .kt-blocks-info-box-link-wrap:hover .kt-blocks-info-box-media{color:#cf2e2e;background:rgba(0,0,0,0);border-color:rgba(0,0,0,0);}.kt-info-box1425_cd9b88-e6 .kt-infobox-textcontent h2.kt-blocks-info-box-title{padding-top:0px;padding-right:0px;padding-bottom:0px;padding-left:0px;margin-top:5px;margin-right:0px;margin-bottom:10px;margin-left:0px;}.kt-info-box1425_cd9b88-e6 .kt-infobox-textcontent .kt-blocks-info-box-text{color:#000000;}.wp-block-kadence-infobox.kt-info-box1425_cd9b88-e6 .kt-blocks-info-box-text{font-weight:400;}.kt-info-box1425_cd9b88-e6 .kt-blocks-info-box-learnmore{background:transparent;border-color:#555555;border-width:0px 0px 0px 0px;padding-top:4px;padding-right:8px;padding-bottom:4px;padding-left:8px;margin-top:10px;margin-right:0px;margin-bottom:10px;margin-left:0px;}.kt-info-box1425_cd9b88-e6 .kt-blocks-info-box-link-wrap:hover .kt-blocks-info-box-learnmore,.kt-info-box1425_cd9b88-e6 .kt-blocks-info-box-link-wrap .kt-blocks-info-box-learnmore:focus{color:#ffffff;background:#444444;border-color:#444444;}<\/style>\n<div class=\"wp-block-kadence-infobox kt-info-box1425_cd9b88-e6\"><span class=\"kt-blocks-info-box-link-wrap info-box-link kt-blocks-info-box-media-align-left kt-info-halign-left\"><div class=\"kt-blocks-info-box-media-container\"><div class=\"kt-blocks-info-box-media kt-info-media-animate-none\"><div class=\"kadence-info-box-icon-container kt-info-icon-animate-none\"><div class=\"kadence-info-box-icon-inner-container\"><span class=\"kb-svg-icon-wrap kb-svg-icon-ic_bullhorn kt-info-svg-icon\"><svg viewbox=\"0 0 8 8\"  fill=\"currentColor\" xmlns=\"http:\/\/www.w3.org\/2000\/svg\"  role=\"img\"><title>annoucement <\/title><path d=\"M6 0v6c.03.01.07 0 .09 0h.81c.05 0 .09-.04.09-.09v-5.81c0-.06-.04-.09-.09-.09h-.91zm-1 .5l-2.91 1.47c-.05.02-.13.03-.19.03h-1.81c-.06 0-.09.04-.09.09v1.81c0 .06.04.09.09.09h.91l1.03 2.72c.11.25.44.36.69.25.25-.11.36-.44.25-.69l-.75-1.78c.03-.14.13-.22.28-.22v-.03l2.5 1.25v-5z\"\/><\/svg><\/span><\/div><\/div><\/div><\/div><div class=\"kt-infobox-textcontent\"><p class=\"kt-blocks-info-box-text\"><strong>The world&#8217;s highest record reported yet is 32 clicks per 2 seconds. If you take out the CPS, it is 16 Clicks Per Second. So, move ahead and try to beat the world record and challenge your friends to beat your record in&nbsp;Click Per 2 Seconds.<\/strong><\/p><\/div><\/span><\/div>\n\n\n\n<h2 style=\"color: #ffffff;font-weight: 400;background: #007bff;width: auto;margin: 1em 0px;font-size: 25px;line-height: 1;padding: 14px;border-left: 40px solid #000000;box-shadow: #c7c7c7 0px 2px 15px 0px;text-align:;\"><span id=\"Click_Per_Two_Seconds_Challenge\"><strong>Face\u021bi clic pe Provocare pe dou\u0103 secunde<\/strong><\/span><\/h2>\n\n\n\n<p class=\"wp-block-paragraph\">Clicking is the best way to earn some gaming skills that help you to improve your in-game ability, like shooting or dropping. Later you can use that skill in the games to achieve some goals that you strive for. With time and practice, you set better and more achievable goals for yourself.&nbsp;<\/p>\n\n\n\n<p class=\"wp-block-paragraph\">\u00cen loc s\u0103 regret c\u0103 trebuie s\u0103 stabilesc un obiectiv mai bun dec\u00e2t acesta, vei deveni un clicker mai bun. Apoi \u00eencerca\u021bi s\u0103 ob\u021bine\u021bi cel mai \u00eenalt rang \u00een clic \u0219i cre\u0219te\u021bi scorul la testul CPS.&nbsp;<\/p>\n\n\n\n<p class=\"wp-block-paragraph\">Ar fi de ajutor dac\u0103 a\u021bi \u00eencepe prin a v\u0103 urm\u0103ri <a href=\"https:\/\/easycpstest.com\/ro\/five-seconds\/\" target=\"_blank\" rel=\"noreferrer noopener\">Test de 5 secunde<\/a> \u0219i \u00eencerc\u00e2nd s\u0103 da\u021bi clic de c\u00e2t mai multe ori posibil. Dup\u0103 aceea, ar trebui s\u0103 \u00eencerca\u021bi s\u0103 bate\u021bi scorul pe care l-a\u021bi avut anterior. P\u00e2n\u0103 c\u00e2nd \u00ee\u021bi atingi limita, po\u021bi repeta acest proces c\u00e2t mai des posibil.<\/p>\n\n\n\n<h3 style=\"color: #ffffff;font-weight: 400;background: #007bff;width: auto;margin: 1em 0px;font-size: 25px;line-height: 1;padding: 14px;border-left: 40px solid #000000;box-shadow: #c7c7c7 0px 2px 15px 0px;text-align:;\"><span id=\"Features_of_Click_Per_Two_Seconds\"><strong>Caracteristicile clic pe dou\u0103 secunde<\/strong><\/span><\/h3>\n\n\n\n<p class=\"wp-block-paragraph\">Here are several ways to participate in the&nbsp;Click Per 2 Seconds&nbsp;game. Use the Clicking trick if you desire to beat the top score on the player&#8217;s list. In contrast, go for it if you feel like throwing a challenge at your mates. However, you can beat yourself by chasing the score you have made as a record for others.<\/p>\n\n\n\n<p class=\"wp-block-paragraph\">Treptat, pe m\u0103sur\u0103 ce \u00eent\u00e2mpina\u021bi provocarea din joc, sunte\u021bi gata s\u0103 gestiona\u021bi jocul acum cu mai mult\u0103 \u00eencredere, \u00een loc s\u0103 v\u0103 g\u00e2ndi\u021bi s\u0103 juca\u021bi alte jocuri dec\u00e2t s\u0103 accepta\u021bi provocarea.<\/p>","protected":false},"excerpt":{"rendered":"<p>2 Second Click Test &#8211; Easy CPS Test You can test your clicking chops against the gaming world in a short time with this two-second click challenge. Navigate your limits to estimate the number of clicks you can earn in &#8230; <\/p>\n<p class=\"read-more-container\"><a title=\"2 Second Click Test &#8211; Easy CPS Test\" class=\"read-more button\" href=\"https:\/\/easycpstest.com\/ro\/2-seconds\/#more-1425\" aria-label=\"More on 2 Second Click Test &#8211; Easy CPS Test\">Citeste mai mult<\/a><\/p>","protected":false},"author":1,"featured_media":0,"parent":0,"menu_order":0,"comment_status":"closed","ping_status":"closed","template":"","meta":{"_crdt_document":"","footnotes":""},"class_list":{"0":"post-1425","1":"page","2":"type-page","3":"status-publish","5":"no-featured-image-padding"},"_links":{"self":[{"href":"https:\/\/easycpstest.com\/ro\/wp-json\/wp\/v2\/pages\/1425","targetHints":{"allow":["GET"]}}],"collection":[{"href":"https:\/\/easycpstest.com\/ro\/wp-json\/wp\/v2\/pages"}],"about":[{"href":"https:\/\/easycpstest.com\/ro\/wp-json\/wp\/v2\/types\/page"}],"author":[{"embeddable":true,"href":"https:\/\/easycpstest.com\/ro\/wp-json\/wp\/v2\/users\/1"}],"replies":[{"embeddable":true,"href":"https:\/\/easycpstest.com\/ro\/wp-json\/wp\/v2\/comments?post=1425"}],"version-history":[{"count":12,"href":"https:\/\/easycpstest.com\/ro\/wp-json\/wp\/v2\/pages\/1425\/revisions"}],"predecessor-version":[{"id":2159,"href":"https:\/\/easycpstest.com\/ro\/wp-json\/wp\/v2\/pages\/1425\/revisions\/2159"}],"wp:attachment":[{"href":"https:\/\/easycpstest.com\/ro\/wp-json\/wp\/v2\/media?parent=1425"}],"curies":[{"name":"wp","href":"https:\/\/api.w.org\/{rel}","templated":true}]}}