{"id":1428,"date":"2025-02-10T06:49:08","date_gmt":"2025-02-10T06:49:08","guid":{"rendered":"https:\/\/easycpstest.com\/?page_id=1428"},"modified":"2025-02-10T06:49:10","modified_gmt":"2025-02-10T06:49:10","slug":"five-seconds","status":"publish","type":"page","link":"https:\/\/easycpstest.com\/ro\/five-seconds\/","title":{"rendered":"5 Second Click Test &#8211; Easy CPS Test"},"content":{"rendered":"<h1 class=\"wp-block-heading has-text-align-center\"><strong>5 Second Click Test &#8211; Easy CPS Test<\/strong><\/h1>\n\n\n\n<p class=\"has-text-align-center wp-block-paragraph\">Po\u021bi s\u0103-\u021bi testezi cotele de clic \u00eempotriva lumii jocurilor \u00eentr-un timp scurt cu aceast\u0103 provocare de clic de cinci secunde.<\/p>\n\n\n<div class=\"page-wrapper\">\n\t<div class=\"row\">\n\t\t<div class=\"col-lg-12 col-md-12 custom-container\">\n\t\t\t<div class=\"card\">\n\t\t\t\t<header class=\"entry-header\">\n\t\t\t\t\t\t\t\t\t<\/header>\n\t\t\t\t\t\t\t\t<div class=\"bt-click-inner\">\n\t\t\t\t\t<div class=\"card-header\">\n\t\t\t\t\t\t<div class=\"bt-header-timer\">\n\t\t\t\t\t\t\t<div class=\"bt-time-btn blue-btn\">\n\t\t\t\t\t\t\t\t<h4 class=\"mb-0\"><span id=\"timer\">0<\/span><\/h4>\n\t\t\t\t\t\t\t\t<small class=\"mb-0 sm-custom\">Temporizator<\/small>\n\t\t\t\t\t\t\t<\/div>\n\t\t\t\t\t\t\t<div class=\"bt-time-btn orange-btn\">\n\t\t\t\t\t\t\t\t<h4 class=\"mb-0\"><span id=\"clicks\">0<\/span><\/h4>\n\t\t\t\t\t\t\t\t<small class=\"mb-0 sm-custom\">Click\/e<\/small>\n\t\t\t\t\t\t\t<\/div>\n\t\t\t\t\t\t\t<div class=\"bt-time-btn green-btn\">\n\t\t\t\t\t\t\t\t<h4 class=\"mb-0\"><span id=\"score\">0<\/span><\/h4>\n\t\t\t\t\t\t\t\t<small class=\"mb-0 sm-custom\">Scor<\/small>\n\t\t\t\t\t\t\t<\/div>\n\t\t\t\t\t\t<\/div>\n\t\t\t\t\t<\/div>\n\t\t\t\t\t<div class=\"card-body\">\n\t\t\t\t\t\t<div class=\"bt-click-area\" id=\"bt-click-area\">\n\t\t\t\t\t\t\t<button id=\"start\" type=\"button\" class=\"btn-light btn-round waves-effect waves-light\">CLICK AICI PENTRU A \u00ceNCEPE JUCA<\/button>\n\t\t\t\t\t\t<\/div>\n\t\t\t\t\t<\/div>\n\t\t\t\t\t<button type=\"button\" data-toggle=\"modal\" data-target=\"#click-result-modal\" style=\"display: none;\" id=\"trigger-modal\">Lansa\u021bi modal<\/button>\n\t\t\t\t<\/div>\n\t\t\t<\/div>\n\t\t<\/div>\n\t\t\t<\/div>\n<\/div>\n\n\n\n<p class=\"wp-block-paragraph\">To check the strength of your clicking power, put your skill on a limited-time test like&nbsp;the Click Per 5 Seconds&nbsp;Test. The test is pretty much like a game so start playing today and enjoy clicking in the specified clicking area. Assign unlimited clicks in the clicking area and give your a tough time to your competitors.<\/p>\n\n\n<style>.kb-row-layout-wrap.wp-block-kadence-rowlayout.kb-row-layout-id1428_dfbf69-44{margin-bottom:0px;}.kb-row-layout-id1428_dfbf69-44 > .kt-row-column-wrap{align-content:start;}:where(.kb-row-layout-id1428_dfbf69-44 > .kt-row-column-wrap) > .wp-block-kadence-column{justify-content:start;}.kb-row-layout-id1428_dfbf69-44 > .kt-row-column-wrap{column-gap:var(--global-kb-gap-none, 0rem );row-gap:var(--global-kb-gap-none, 0rem );max-width:1200px;padding-top:30px;padding-right:0px;padding-bottom:30px;padding-left:0px;}.kb-row-layout-id1428_dfbf69-44 > .kt-row-column-wrap > div:not(.added-for-specificity){grid-column:initial;}.kb-row-layout-id1428_dfbf69-44 > .kt-row-column-wrap{grid-template-columns:minmax(0, 1fr) minmax(0, 3fr) minmax(0, 1fr);}.kb-row-layout-id1428_dfbf69-44 > .kt-row-layout-overlay{opacity:0.30;background:linear-gradient(180deg,  0%, #00B5E2 100%);}.kb-row-layout-id1428_dfbf69-44 .kt-row-layout-bottom-sep{height:100px;}.kb-row-layout-id1428_dfbf69-44 .kt-row-layout-bottom-sep svg{width:100%;}.kb-row-layout-id1428_dfbf69-44 .kt-row-layout-bottom-sep svg{fill:#ffffff!important;}@media all and (max-width: 1024px){.kb-row-layout-id1428_dfbf69-44 > .kt-row-column-wrap{padding-top:0px;padding-right:50px;padding-bottom:80px;padding-left:50px;grid-template-columns:minmax(0, 1fr);}}@media all and (max-width: 1024px){.kb-row-layout-id1428_dfbf69-44 > .kt-row-column-wrap > div:not(.added-for-specificity){grid-column:initial;}}@media all and (max-width: 1024px){.kb-row-layout-id1428_dfbf69-44 .kt-row-layout-bottom-sep{height:px;}}@media all and (max-width: 1024px){.kb-row-layout-id1428_dfbf69-44 .kt-row-layout-bottom-sep svg{width:%;}}@media all and (max-width: 767px){.kb-row-layout-id1428_dfbf69-44 > .kt-row-column-wrap{padding-top:40px;padding-right:20px;padding-bottom:50px;padding-left:20px;grid-template-columns:minmax(0, 1fr);}.kb-row-layout-id1428_dfbf69-44 > .kt-row-column-wrap > div:not(.added-for-specificity){grid-column:initial;}.kb-row-layout-id1428_dfbf69-44 .kt-row-layout-bottom-sep{height:px;}.kb-row-layout-id1428_dfbf69-44 .kt-row-layout-bottom-sep svg{width:%;}}<\/style><div class=\"kb-row-layout-wrap kb-row-layout-id1428_dfbf69-44 alignnone kt-row-has-bg wp-block-kadence-rowlayout\"><div class=\"kt-row-layout-overlay kt-row-overlay-gradient\"><\/div><div class=\"kt-row-column-wrap kt-has-3-columns kt-row-layout-center-wide kt-tab-layout-row kt-mobile-layout-row kt-row-valign-top kb-theme-content-width\">\n<style>.kadence-column1428_486301-ec > .kt-inside-inner-col{padding-top:10px;padding-right:10px;padding-bottom:10px;padding-left:10px;}.kadence-column1428_486301-ec > .kt-inside-inner-col,.kadence-column1428_486301-ec > .kt-inside-inner-col:before{border-top-left-radius:0px;border-top-right-radius:0px;border-bottom-right-radius:0px;border-bottom-left-radius:0px;}.kadence-column1428_486301-ec > .kt-inside-inner-col{column-gap:var(--global-kb-gap-sm, 1rem);}.kadence-column1428_486301-ec > .kt-inside-inner-col{flex-direction:column;}.kadence-column1428_486301-ec > .kt-inside-inner-col > .aligncenter{width:100%;}.kadence-column1428_486301-ec > .kt-inside-inner-col:before{opacity:0.3;}.kadence-column1428_486301-ec{position:relative;}.kadence-column1428_486301-ec, .kt-inside-inner-col > .kadence-column1428_486301-ec:not(.specificity){margin-top:0px;margin-right:20px;margin-bottom:0px;margin-left:0px;}@media all and (max-width: 1024px){.kadence-column1428_486301-ec > .kt-inside-inner-col{flex-direction:column;justify-content:center;}}@media all and (max-width: 1024px){.kadence-column1428_486301-ec, .kt-inside-inner-col > .kadence-column1428_486301-ec:not(.specificity){margin-top:0px;margin-right:0px;margin-bottom:0px;margin-left:0px;}}@media all and (max-width: 767px){.kadence-column1428_486301-ec > .kt-inside-inner-col{flex-direction:column;justify-content:center;}}<\/style>\n<div class=\"wp-block-kadence-column kadence-column1428_486301-ec inner-column-1\"><div class=\"kt-inside-inner-col\"><\/div><\/div>\n\n\n<style>.kadence-column1428_4b98a3-f8 > .kt-inside-inner-col{padding-top:10px;padding-right:10px;padding-bottom:10px;padding-left:10px;}.kadence-column1428_4b98a3-f8 > .kt-inside-inner-col,.kadence-column1428_4b98a3-f8 > .kt-inside-inner-col:before{border-top-left-radius:0px;border-top-right-radius:0px;border-bottom-right-radius:0px;border-bottom-left-radius:0px;}.kadence-column1428_4b98a3-f8 > .kt-inside-inner-col{column-gap:var(--global-kb-gap-sm, 1rem);}.kadence-column1428_4b98a3-f8 > .kt-inside-inner-col{flex-direction:column;}.kadence-column1428_4b98a3-f8 > .kt-inside-inner-col > .aligncenter{width:100%;}.kadence-column1428_4b98a3-f8 > .kt-inside-inner-col:before{opacity:0.3;}.kadence-column1428_4b98a3-f8{position:relative;}.kadence-column1428_4b98a3-f8, .kt-inside-inner-col > .kadence-column1428_4b98a3-f8:not(.specificity){margin-top:0px;margin-right:10px;margin-bottom:0px;margin-left:10px;}@media all and (max-width: 1024px){.kadence-column1428_4b98a3-f8 > .kt-inside-inner-col{flex-direction:column;justify-content:center;}}@media all and (max-width: 1024px){.kadence-column1428_4b98a3-f8, .kt-inside-inner-col > .kadence-column1428_4b98a3-f8:not(.specificity){margin-top:0px;margin-right:0px;margin-bottom:0px;margin-left:0px;}}@media all and (max-width: 767px){.kadence-column1428_4b98a3-f8 > .kt-inside-inner-col{flex-direction:column;justify-content:center;}}<\/style>\n<div class=\"wp-block-kadence-column kadence-column1428_4b98a3-f8 inner-column-2\"><div class=\"kt-inside-inner-col\"><style>.wp-block-kadence-column.kb-section-dir-horizontal > .kt-inside-inner-col > .kt-info-box1428_2dc5b0-71 .kt-blocks-info-box-link-wrap{max-width:unset;}.kt-info-box1428_2dc5b0-71 .kt-blocks-info-box-link-wrap{border-top:1px solid var(--global-palette7, #EDF2F7);border-right:1px solid var(--global-palette7, #EDF2F7);border-bottom:1px solid var(--global-palette7, #EDF2F7);border-left:1px solid var(--global-palette7, #EDF2F7);border-top-left-radius:10px;border-top-right-radius:10px;border-bottom-right-radius:10px;border-bottom-left-radius:10px;background:#007bff;padding-top:30px;padding-right:30px;padding-bottom:30px;padding-left:30px;margin-bottom:0px;}.kt-info-box1428_2dc5b0-71 .kt-blocks-info-box-link-wrap:hover{background:#6a6dec;}.kt-info-box1428_2dc5b0-71 .kadence-info-box-icon-container .kt-info-svg-icon, .kt-info-box1428_2dc5b0-71 .kt-info-svg-icon-flip, .kt-info-box1428_2dc5b0-71 .kt-blocks-info-box-number{font-size:50px;}.kt-info-box1428_2dc5b0-71 .kt-blocks-info-box-media{color:#444444;background:transparent;border-color:#444444;border-top-width:0px;border-right-width:0px;border-bottom-width:0px;border-left-width:0px;padding-top:0px;padding-right:0px;padding-bottom:0px;padding-left:0px;}.kt-info-box1428_2dc5b0-71 .kt-blocks-info-box-media-container{margin-top:0px;margin-right:15px;margin-bottom:0px;margin-left:0px;}.kt-info-box1428_2dc5b0-71 .kt-blocks-info-box-link-wrap:hover .kt-blocks-info-box-media{color:#444444;background:transparent;border-color:#444444;}.kt-info-box1428_2dc5b0-71 .kt-infobox-textcontent h6.kt-blocks-info-box-title{line-height:1.3em;padding-top:0px;padding-right:0px;padding-bottom:0px;padding-left:0px;margin-top:0px;margin-right:0px;margin-bottom:14px;margin-left:0px;}.kt-info-box1428_2dc5b0-71 .kt-infobox-textcontent .kt-blocks-info-box-text{color:var(--base-3);}.wp-block-kadence-infobox.kt-info-box1428_2dc5b0-71 .kt-blocks-info-box-text{text-transform:capitalize;}.kt-info-box1428_2dc5b0-71 .kt-blocks-info-box-learnmore{background:transparent;border-color:#555555;border-width:0px 0px 0px 0px;padding-top:4px;padding-right:8px;padding-bottom:4px;padding-left:8px;margin-top:10px;margin-right:0px;margin-bottom:10px;margin-left:0px;}.kt-info-box1428_2dc5b0-71 .kt-blocks-info-box-link-wrap:hover .kt-blocks-info-box-learnmore,.kt-info-box1428_2dc5b0-71 .kt-blocks-info-box-link-wrap .kt-blocks-info-box-learnmore:focus{color:#ffffff;background:#444444;border-color:#444444;}.kt-info-box1428_2dc5b0-71 .kt-blocks-info-box-link-wrap{box-shadow:0px 0px 0px 0px rgba(0, 0, 0, 0);}.kt-info-box1428_2dc5b0-71 .kt-blocks-info-box-link-wrap:hover{box-shadow:20px 20px 80px 0px rgba(27, 0, 79, 0.06);}@media all and (max-width: 1024px){.kt-info-box1428_2dc5b0-71 .kt-blocks-info-box-link-wrap{border-top:1px solid var(--global-palette7, #EDF2F7);border-right:1px solid var(--global-palette7, #EDF2F7);border-bottom:1px solid var(--global-palette7, #EDF2F7);border-left:1px solid var(--global-palette7, #EDF2F7);box-shadow:0px 0px 0px 0px rgba(0, 0, 0, 0);}}@media all and (max-width: 1024px){.kt-info-box1428_2dc5b0-71 .kt-blocks-info-box-link-wrap:hover{box-shadow:20px 20px 80px 0px rgba(27, 0, 79, 0.06);}}@media all and (max-width: 767px){.kt-info-box1428_2dc5b0-71 .kt-blocks-info-box-link-wrap{border-top:1px solid var(--global-palette7, #EDF2F7);border-right:1px solid var(--global-palette7, #EDF2F7);border-bottom:1px solid var(--global-palette7, #EDF2F7);border-left:1px solid var(--global-palette7, #EDF2F7);text-align:center;display:block;box-shadow:0px 0px 0px 0px rgba(0, 0, 0, 0);}.kt-info-box1428_2dc5b0-71 .kt-blocks-info-box-link-wrap .kt-blocks-info-box-media{display:inline-block;max-width:100%;}.kt-info-box1428_2dc5b0-71 .kt-blocks-info-box-link-wrap:hover{box-shadow:20px 20px 80px 0px rgba(27, 0, 79, 0.06);}}<\/style>\n<div class=\"wp-block-kadence-infobox kt-info-box1428_2dc5b0-71\"><a class=\"kt-blocks-info-box-link-wrap info-box-link kt-blocks-info-box-media-align-top kt-info-halign-center kb-info-box-vertical-media-align-top kb-info-mobile-halign-center\" target=\"_blank\" rel=\"noopener noreferrer\" href=\"https:\/\/easycpstest.com\/ro\/\" aria-label=\"Face\u021bi clic pe Test de vitez\u0103 | Testul CPS\"><div class=\"kt-infobox-textcontent\"><p class=\"kt-blocks-info-box-text\"><strong>CLICK TEST DE VITEZ\u0102 | TEST CPS<\/strong><\/p><\/div><\/a><\/div>\n<\/div><\/div>\n\n\n<style>.kadence-column1428_0436c4-fb > .kt-inside-inner-col{padding-top:10px;padding-right:10px;padding-bottom:10px;padding-left:10px;}.kadence-column1428_0436c4-fb > .kt-inside-inner-col,.kadence-column1428_0436c4-fb > .kt-inside-inner-col:before{border-top-left-radius:0px;border-top-right-radius:0px;border-bottom-right-radius:0px;border-bottom-left-radius:0px;}.kadence-column1428_0436c4-fb > .kt-inside-inner-col{column-gap:var(--global-kb-gap-sm, 1rem);}.kadence-column1428_0436c4-fb > .kt-inside-inner-col{flex-direction:column;}.kadence-column1428_0436c4-fb > .kt-inside-inner-col > .aligncenter{width:100%;}.kadence-column1428_0436c4-fb > .kt-inside-inner-col:before{opacity:0.3;}.kadence-column1428_0436c4-fb{position:relative;}.kadence-column1428_0436c4-fb, .kt-inside-inner-col > .kadence-column1428_0436c4-fb:not(.specificity){margin-top:0px;margin-right:0px;margin-bottom:0px;margin-left:20px;}@media all and (max-width: 1024px){.kadence-column1428_0436c4-fb > .kt-inside-inner-col{flex-direction:column;justify-content:center;}}@media all and (max-width: 1024px){.kadence-column1428_0436c4-fb, .kt-inside-inner-col > .kadence-column1428_0436c4-fb:not(.specificity){margin-top:0px;margin-right:0px;margin-bottom:0px;margin-left:0px;}}@media all and (max-width: 767px){.kadence-column1428_0436c4-fb > .kt-inside-inner-col{flex-direction:column;justify-content:center;}}<\/style>\n<div class=\"wp-block-kadence-column kadence-column1428_0436c4-fb inner-column-3\"><div class=\"kt-inside-inner-col\"><\/div><\/div>\n\n<\/div><\/div>\n\n\n<p class=\"wp-block-paragraph\">Jocul v\u0103 ajut\u0103 s\u0103 v\u0103 \u00eembun\u0103t\u0103\u021bi\u021bi abilit\u0103\u021bile de clic, a\u0219a c\u0103 utiliza\u021bi testul de vitez\u0103 a clicului cu un interval de 5 secunde. Oric\u00e2t de mult exersezi, ascu\u021bi abilit\u0103\u021bile de a face clic, ceea ce te ajut\u0103 s\u0103 joci bine \u00eentr-un joc \u00een timp real. Dup\u0103 aceea, \u00eemp\u0103rt\u0103\u0219e\u0219te rezultatul cu prietenii t\u0103i \u0219i ofer\u0103-le o provocare deschis\u0103 \u00een timp ce stabile\u0219ti cel mai \u00eenalt record.&nbsp;&nbsp;<\/p>\n\n\n<style>.wp-block-kadence-column.kb-section-dir-horizontal > .kt-inside-inner-col > .kt-info-box1428_6989e8-75 .kt-blocks-info-box-link-wrap{max-width:unset;}.kt-info-box1428_6989e8-75 .kt-blocks-info-box-link-wrap{border-top-left-radius:20px;border-top-right-radius:20px;border-bottom-right-radius:20px;border-bottom-left-radius:20px;background:#f1f1f1;padding-top:0px;padding-right:0px;padding-bottom:0px;padding-left:0px;}.kt-info-box1428_6989e8-75 .kt-blocks-info-box-link-wrap:hover{background:#f2f2f2;}.kt-info-box1428_6989e8-75 .kadence-info-box-icon-container .kt-info-svg-icon, .kt-info-box1428_6989e8-75 .kt-info-svg-icon-flip, .kt-info-box1428_6989e8-75 .kt-blocks-info-box-number{font-size:50px;}.kt-info-box1428_6989e8-75 .kt-blocks-info-box-media{color:#f88ca4;background:transparent;border-color:rgba(0,0,0,0);border-radius:200px;overflow:hidden;border-top-width:0px;border-right-width:0px;border-bottom-width:0px;border-left-width:0px;padding-top:20px;padding-right:20px;padding-bottom:20px;padding-left:20px;margin-top:0px;margin-right:20px;margin-bottom:0px;margin-left:0px;}.kt-info-box1428_6989e8-75 .kt-blocks-info-box-media .kadence-info-box-image-intrisic img{border-radius:200px;}.kt-info-box1428_6989e8-75 .kt-blocks-info-box-link-wrap:hover .kt-blocks-info-box-media{color:#f88ca4;background:rgba(0,0,0,0);border-color:rgba(0,0,0,0);}.kt-info-box1428_6989e8-75 .kt-infobox-textcontent h2.kt-blocks-info-box-title{padding-top:0px;padding-right:0px;padding-bottom:0px;padding-left:0px;margin-top:5px;margin-right:0px;margin-bottom:10px;margin-left:0px;}.kt-info-box1428_6989e8-75 .kt-infobox-textcontent .kt-blocks-info-box-text{color:#000000;}.wp-block-kadence-infobox.kt-info-box1428_6989e8-75 .kt-blocks-info-box-text{font-weight:400;}.kt-info-box1428_6989e8-75 .kt-blocks-info-box-learnmore{background:transparent;border-color:#555555;border-width:0px 0px 0px 0px;padding-top:4px;padding-right:8px;padding-bottom:4px;padding-left:8px;margin-top:10px;margin-right:0px;margin-bottom:10px;margin-left:0px;}.kt-info-box1428_6989e8-75 .kt-blocks-info-box-link-wrap:hover .kt-blocks-info-box-learnmore,.kt-info-box1428_6989e8-75 .kt-blocks-info-box-link-wrap .kt-blocks-info-box-learnmore:focus{color:#ffffff;background:#444444;border-color:#444444;}<\/style>\n<div class=\"wp-block-kadence-infobox kt-info-box1428_6989e8-75\"><span class=\"kt-blocks-info-box-link-wrap info-box-link kt-blocks-info-box-media-align-left kt-info-halign-left\"><div class=\"kt-blocks-info-box-media-container\"><div class=\"kt-blocks-info-box-media kt-info-media-animate-none\"><div class=\"kadence-info-box-icon-container kt-info-icon-animate-none\"><div class=\"kadence-info-box-icon-inner-container\"><span class=\"kb-svg-icon-wrap kb-svg-icon-ic_bullhorn kt-info-svg-icon\"><svg viewbox=\"0 0 8 8\"  fill=\"currentColor\" xmlns=\"http:\/\/www.w3.org\/2000\/svg\"  role=\"img\"><title>annoucement <\/title><path d=\"M6 0v6c.03.01.07 0 .09 0h.81c.05 0 .09-.04.09-.09v-5.81c0-.06-.04-.09-.09-.09h-.91zm-1 .5l-2.91 1.47c-.05.02-.13.03-.19.03h-1.81c-.06 0-.09.04-.09.09v1.81c0 .06.04.09.09.09h.91l1.03 2.72c.11.25.44.36.69.25.25-.11.36-.44.25-.69l-.75-1.78c.03-.14.13-.22.28-.22v-.03l2.5 1.25v-5z\"\/><\/svg><\/span><\/div><\/div><\/div><\/div><div class=\"kt-infobox-textcontent\"><p class=\"kt-blocks-info-box-text\"><strong>Judges declared that the standard&nbsp;Click Per 5 Seconds&nbsp;is roughly 15. So, if you can assign more than 15 clicks in 5 seconds, you can set the record for the other gamers.&nbsp;<\/strong><\/p><\/div><\/span><\/div>\n\n\n\n<h2 style=\"color: #ffffff;font-weight: 400;background: #007bff;width: auto;margin: 1em 0px;font-size: 25px;line-height: 1;padding: 14px;border-left: 40px solid #000000;box-shadow: #c7c7c7 0px 2px 15px 0px;text-align:;\"><span id=\"Click_Per_5_Seconds_Challenge\"><strong>Face\u021bi clic pe Per 5 Seconds Challenge<\/strong><\/span><\/h2>\n\n\n\n<p class=\"wp-block-paragraph\">Congratulation! Here we introduce the latest challenge,&nbsp;Click Per 5 Seconds, for game lovers. EasyCPSTest offers you to play a game that ends in just 5 seconds and shows the CPS count, which is the ratio of the clicks against the seconds. However, the intense game measure accurately the clicking ability of your game.&nbsp;<\/p>\n\n\n\n<p class=\"wp-block-paragraph\">Before taking a challenge, you get the chance to complete the effort in the given time. Without wasting time, get ready to click fast unless you will not meet the&nbsp;Click Per 5 Seconds Challenge.&nbsp;Playing online is a very exciting thing about that game, so, without restriction, you can enjoy the game.&nbsp;<\/p>\n\n\n\n<p class=\"wp-block-paragraph\">So, enjoy the exciting game completely and share the information about the&nbsp;CPS Test-like game. Though you will get more challenges to compete, you can register challenges with the highest clicking score to beat. Best of Luck!&nbsp;<\/p>\n\n\n\n<h3 style=\"color: #ffffff;font-weight: 400;background: #007bff;width: auto;margin: 1em 0px;font-size: 25px;line-height: 1;padding: 14px;border-left: 40px solid #000000;box-shadow: #c7c7c7 0px 2px 15px 0px;text-align:;\"><span id=\"Features_of_Click_Per_5_Seconds\"><strong>Caracteristicile clic pe 5 secunde<\/strong><\/span><\/h3>\n\n\n\n<p class=\"wp-block-paragraph\">\u00cen func\u021bie de cerin\u021bele juc\u0103torilor \u0219i de nevoile acestora, avem multe alte jocuri care \u00eei ajut\u0103 pe juc\u0103tori s\u0103-\u0219i \u00eembun\u0103t\u0103\u021beasc\u0103 capacitatea de clic. Ca <a href=\"https:\/\/easycpstest.com\/ro\/2-seconds\/\" target=\"_blank\" rel=\"noreferrer noopener\">Face\u021bi clic pe Per 2 secunde<\/a>, <a href=\"https:\/\/easycpstest.com\/ro\/five-seconds\/\" target=\"_blank\" rel=\"noreferrer noopener\">Face\u021bi clic pe Per 5 secunde<\/a>, \u0219i <a href=\"https:\/\/easycpstest.com\/ro\/10-seconds\/\" target=\"_blank\" rel=\"noreferrer noopener\">Face\u021bi clic pe Per 10 Seconds<\/a>, v\u0103 pute\u021bi bucura de toate versiunile de jocuri \u00een conformitate cu standardul dvs. de joc \u0219i nivelul de satisfac\u021bie.&nbsp;<\/p>\n\n\n\n<p class=\"wp-block-paragraph\">Dac\u0103 reu\u0219i\u021bi s\u0103 juca\u021bi cu entuziasm toate versiunile de joc, ve\u021bi avea cele mai bune rezultate \u00een jocurile \u00een timp real. Cu toate acestea, joac\u0103 din greu \u0219i ofer\u0103 prietenilor t\u0103i \u0219i adversarilor o perioad\u0103 dificil\u0103.<\/p>\n\n\n\n<p class=\"wp-block-paragraph\">Scopul jocului este de a face juc\u0103torul s\u0103 fac\u0103 clic rapid, astfel \u00eenc\u00e2t s\u0103 poat\u0103 face clic rapid pentru a \u00eempu\u0219ca inamicul sau pentru a construi megastructura \u00eentr-un joc \u00een timp real. Cu toate acestea, practica ofer\u0103 vitez\u0103 abilit\u0103\u021bii tale de clic. \u00cen acela\u0219i timp, pute\u021bi stabili un record \u00eempotriva celuilalt juc\u0103tor, fie c\u0103 sunt copii sau b\u0103tr\u00e2ni.<\/p>","protected":false},"excerpt":{"rendered":"<p>5 Second Click Test &#8211; Easy CPS Test You can test your clicking chops against the gaming world in a short time with this five-second click challenge. To check the strength of your clicking power, put your skill on a &#8230; <\/p>\n<p class=\"read-more-container\"><a title=\"5 Second Click Test &#8211; Easy CPS Test\" class=\"read-more button\" href=\"https:\/\/easycpstest.com\/ro\/five-seconds\/#more-1428\" aria-label=\"More on 5 Second Click Test &#8211; Easy CPS Test\">Citeste mai mult<\/a><\/p>","protected":false},"author":1,"featured_media":0,"parent":0,"menu_order":0,"comment_status":"closed","ping_status":"closed","template":"","meta":{"_crdt_document":"","footnotes":""},"class_list":{"0":"post-1428","1":"page","2":"type-page","3":"status-publish","5":"no-featured-image-padding"},"_links":{"self":[{"href":"https:\/\/easycpstest.com\/ro\/wp-json\/wp\/v2\/pages\/1428","targetHints":{"allow":["GET"]}}],"collection":[{"href":"https:\/\/easycpstest.com\/ro\/wp-json\/wp\/v2\/pages"}],"about":[{"href":"https:\/\/easycpstest.com\/ro\/wp-json\/wp\/v2\/types\/page"}],"author":[{"embeddable":true,"href":"https:\/\/easycpstest.com\/ro\/wp-json\/wp\/v2\/users\/1"}],"replies":[{"embeddable":true,"href":"https:\/\/easycpstest.com\/ro\/wp-json\/wp\/v2\/comments?post=1428"}],"version-history":[{"count":11,"href":"https:\/\/easycpstest.com\/ro\/wp-json\/wp\/v2\/pages\/1428\/revisions"}],"predecessor-version":[{"id":2160,"href":"https:\/\/easycpstest.com\/ro\/wp-json\/wp\/v2\/pages\/1428\/revisions\/2160"}],"wp:attachment":[{"href":"https:\/\/easycpstest.com\/ro\/wp-json\/wp\/v2\/media?parent=1428"}],"curies":[{"name":"wp","href":"https:\/\/api.w.org\/{rel}","templated":true}]}}