{"id":1432,"date":"2025-02-10T06:50:46","date_gmt":"2025-02-10T06:50:46","guid":{"rendered":"https:\/\/easycpstest.com\/?page_id=1432"},"modified":"2025-02-10T06:50:48","modified_gmt":"2025-02-10T06:50:48","slug":"15-seconds","status":"publish","type":"page","link":"https:\/\/easycpstest.com\/ro\/15-seconds\/","title":{"rendered":"15 Second Click Test &#8211; Easy CPS Test"},"content":{"rendered":"<h1 class=\"wp-block-heading has-text-align-center\"><strong>15 Second Click Test &#8211; Easy CPS Test<\/strong><\/h1>\n\n\n\n<p class=\"has-text-align-center wp-block-paragraph\">Po\u021bi s\u0103-\u021bi testezi cotele de clic \u00eempotriva lumii jocurilor \u00eentr-un timp scurt cu aceast\u0103 provocare de clic de cincisprezece secunde.<\/p>\n\n\n<div class=\"page-wrapper\">\n\t<div class=\"row\">\n\t\t<div class=\"col-lg-12 col-md-12 custom-container\">\n\t\t\t<div class=\"card\">\n\t\t\t\t<header class=\"entry-header\">\n\t\t\t\t\t\t\t\t\t<\/header>\n\t\t\t\t\t\t\t\t<div class=\"bt-click-inner\">\n\t\t\t\t\t<div class=\"card-header\">\n\t\t\t\t\t\t<div class=\"bt-header-timer\">\n\t\t\t\t\t\t\t<div class=\"bt-time-btn blue-btn\">\n\t\t\t\t\t\t\t\t<h4 class=\"mb-0\"><span id=\"timer\">0<\/span><\/h4>\n\t\t\t\t\t\t\t\t<small class=\"mb-0 sm-custom\">Temporizator<\/small>\n\t\t\t\t\t\t\t<\/div>\n\t\t\t\t\t\t\t<div class=\"bt-time-btn orange-btn\">\n\t\t\t\t\t\t\t\t<h4 class=\"mb-0\"><span id=\"clicks\">0<\/span><\/h4>\n\t\t\t\t\t\t\t\t<small class=\"mb-0 sm-custom\">Click\/e<\/small>\n\t\t\t\t\t\t\t<\/div>\n\t\t\t\t\t\t\t<div class=\"bt-time-btn green-btn\">\n\t\t\t\t\t\t\t\t<h4 class=\"mb-0\"><span id=\"score\">0<\/span><\/h4>\n\t\t\t\t\t\t\t\t<small class=\"mb-0 sm-custom\">Scor<\/small>\n\t\t\t\t\t\t\t<\/div>\n\t\t\t\t\t\t<\/div>\n\t\t\t\t\t<\/div>\n\t\t\t\t\t<div class=\"card-body\">\n\t\t\t\t\t\t<div class=\"bt-click-area\" id=\"bt-click-area\">\n\t\t\t\t\t\t\t<button id=\"start\" type=\"button\" class=\"btn-light btn-round waves-effect waves-light\">CLICK AICI PENTRU A \u00ceNCEPE JUCA<\/button>\n\t\t\t\t\t\t<\/div>\n\t\t\t\t\t<\/div>\n\t\t\t\t\t<button type=\"button\" data-toggle=\"modal\" data-target=\"#click-result-modal\" style=\"display: none;\" id=\"trigger-modal\">Lansa\u021bi modal<\/button>\n\t\t\t\t<\/div>\n\t\t\t<\/div>\n\t\t<\/div>\n\t\t\t<\/div>\n<\/div>\n\n\n\n<p class=\"wp-block-paragraph\">Provocarea Face\u021bi clic pe Per 15 secunde v\u0103 duce jocul la urm\u0103torul nivel \u00een timp ce juca\u021bi timp de 15 secunde, mai degrab\u0103 dec\u00e2t 2 sau 5 secunde. \u00cen acest test CPS, pute\u021bi m\u0103sura puterea cu viteza clicului. Acea vitez\u0103 \u0219i puterea clicului \u00eel ajut\u0103 pe juc\u0103tor s\u0103 joace dur \u00een jocul real. Cu toate acestea, viteza mare de clic permite utilizatorului s\u0103 ob\u021bin\u0103 un rezultat promi\u021b\u0103tor.<\/p>\n\n\n<style>.kb-row-layout-wrap.wp-block-kadence-rowlayout.kb-row-layout-id1432_91d749-67{margin-bottom:0px;}.kb-row-layout-id1432_91d749-67 > .kt-row-column-wrap{align-content:start;}:where(.kb-row-layout-id1432_91d749-67 > .kt-row-column-wrap) > .wp-block-kadence-column{justify-content:start;}.kb-row-layout-id1432_91d749-67 > .kt-row-column-wrap{column-gap:var(--global-kb-gap-none, 0rem );row-gap:var(--global-kb-gap-none, 0rem );max-width:1200px;padding-top:30px;padding-right:0px;padding-bottom:30px;padding-left:0px;}.kb-row-layout-id1432_91d749-67 > .kt-row-column-wrap > div:not(.added-for-specificity){grid-column:initial;}.kb-row-layout-id1432_91d749-67 > .kt-row-column-wrap{grid-template-columns:minmax(0, 1fr) minmax(0, 3fr) minmax(0, 1fr);}.kb-row-layout-id1432_91d749-67 > .kt-row-layout-overlay{opacity:0.30;background:linear-gradient(180deg,  0%, #00B5E2 100%);}.kb-row-layout-id1432_91d749-67 .kt-row-layout-bottom-sep{height:100px;}.kb-row-layout-id1432_91d749-67 .kt-row-layout-bottom-sep svg{width:100%;}.kb-row-layout-id1432_91d749-67 .kt-row-layout-bottom-sep svg{fill:#ffffff!important;}@media all and (max-width: 1024px){.kb-row-layout-id1432_91d749-67 > .kt-row-column-wrap{padding-top:0px;padding-right:50px;padding-bottom:80px;padding-left:50px;grid-template-columns:minmax(0, 1fr);}}@media all and (max-width: 1024px){.kb-row-layout-id1432_91d749-67 > .kt-row-column-wrap > div:not(.added-for-specificity){grid-column:initial;}}@media all and (max-width: 1024px){.kb-row-layout-id1432_91d749-67 .kt-row-layout-bottom-sep{height:px;}}@media all and (max-width: 1024px){.kb-row-layout-id1432_91d749-67 .kt-row-layout-bottom-sep svg{width:%;}}@media all and (max-width: 767px){.kb-row-layout-id1432_91d749-67 > .kt-row-column-wrap{padding-top:40px;padding-right:20px;padding-bottom:50px;padding-left:20px;grid-template-columns:minmax(0, 1fr);}.kb-row-layout-id1432_91d749-67 > .kt-row-column-wrap > div:not(.added-for-specificity){grid-column:initial;}.kb-row-layout-id1432_91d749-67 .kt-row-layout-bottom-sep{height:px;}.kb-row-layout-id1432_91d749-67 .kt-row-layout-bottom-sep svg{width:%;}}<\/style><div class=\"kb-row-layout-wrap kb-row-layout-id1432_91d749-67 alignnone kt-row-has-bg wp-block-kadence-rowlayout\"><div class=\"kt-row-layout-overlay kt-row-overlay-gradient\"><\/div><div class=\"kt-row-column-wrap kt-has-3-columns kt-row-layout-center-wide kt-tab-layout-row kt-mobile-layout-row kt-row-valign-top kb-theme-content-width\">\n<style>.kadence-column1432_e1f756-e6 > .kt-inside-inner-col{padding-top:10px;padding-right:10px;padding-bottom:10px;padding-left:10px;}.kadence-column1432_e1f756-e6 > .kt-inside-inner-col,.kadence-column1432_e1f756-e6 > .kt-inside-inner-col:before{border-top-left-radius:0px;border-top-right-radius:0px;border-bottom-right-radius:0px;border-bottom-left-radius:0px;}.kadence-column1432_e1f756-e6 > .kt-inside-inner-col{column-gap:var(--global-kb-gap-sm, 1rem);}.kadence-column1432_e1f756-e6 > .kt-inside-inner-col{flex-direction:column;}.kadence-column1432_e1f756-e6 > .kt-inside-inner-col > .aligncenter{width:100%;}.kadence-column1432_e1f756-e6 > .kt-inside-inner-col:before{opacity:0.3;}.kadence-column1432_e1f756-e6{position:relative;}.kadence-column1432_e1f756-e6, .kt-inside-inner-col > .kadence-column1432_e1f756-e6:not(.specificity){margin-top:0px;margin-right:20px;margin-bottom:0px;margin-left:0px;}@media all and (max-width: 1024px){.kadence-column1432_e1f756-e6 > .kt-inside-inner-col{flex-direction:column;justify-content:center;}}@media all and (max-width: 1024px){.kadence-column1432_e1f756-e6, .kt-inside-inner-col > .kadence-column1432_e1f756-e6:not(.specificity){margin-top:0px;margin-right:0px;margin-bottom:0px;margin-left:0px;}}@media all and (max-width: 767px){.kadence-column1432_e1f756-e6 > .kt-inside-inner-col{flex-direction:column;justify-content:center;}}<\/style>\n<div class=\"wp-block-kadence-column kadence-column1432_e1f756-e6 inner-column-1\"><div class=\"kt-inside-inner-col\"><\/div><\/div>\n\n\n<style>.kadence-column1432_0f2c7b-94 > .kt-inside-inner-col{padding-top:10px;padding-right:10px;padding-bottom:10px;padding-left:10px;}.kadence-column1432_0f2c7b-94 > .kt-inside-inner-col,.kadence-column1432_0f2c7b-94 > .kt-inside-inner-col:before{border-top-left-radius:0px;border-top-right-radius:0px;border-bottom-right-radius:0px;border-bottom-left-radius:0px;}.kadence-column1432_0f2c7b-94 > .kt-inside-inner-col{column-gap:var(--global-kb-gap-sm, 1rem);}.kadence-column1432_0f2c7b-94 > .kt-inside-inner-col{flex-direction:column;}.kadence-column1432_0f2c7b-94 > .kt-inside-inner-col > .aligncenter{width:100%;}.kadence-column1432_0f2c7b-94 > .kt-inside-inner-col:before{opacity:0.3;}.kadence-column1432_0f2c7b-94{position:relative;}.kadence-column1432_0f2c7b-94, .kt-inside-inner-col > .kadence-column1432_0f2c7b-94:not(.specificity){margin-top:0px;margin-right:10px;margin-bottom:0px;margin-left:10px;}@media all and (max-width: 1024px){.kadence-column1432_0f2c7b-94 > .kt-inside-inner-col{flex-direction:column;justify-content:center;}}@media all and (max-width: 1024px){.kadence-column1432_0f2c7b-94, .kt-inside-inner-col > .kadence-column1432_0f2c7b-94:not(.specificity){margin-top:0px;margin-right:0px;margin-bottom:0px;margin-left:0px;}}@media all and (max-width: 767px){.kadence-column1432_0f2c7b-94 > .kt-inside-inner-col{flex-direction:column;justify-content:center;}}<\/style>\n<div class=\"wp-block-kadence-column kadence-column1432_0f2c7b-94 inner-column-2\"><div class=\"kt-inside-inner-col\"><style>.wp-block-kadence-column.kb-section-dir-horizontal > .kt-inside-inner-col > .kt-info-box1432_54d2e7-a2 .kt-blocks-info-box-link-wrap{max-width:unset;}.kt-info-box1432_54d2e7-a2 .kt-blocks-info-box-link-wrap{border-top:1px solid var(--global-palette7, #EDF2F7);border-right:1px solid var(--global-palette7, #EDF2F7);border-bottom:1px solid var(--global-palette7, #EDF2F7);border-left:1px solid var(--global-palette7, #EDF2F7);border-top-left-radius:10px;border-top-right-radius:10px;border-bottom-right-radius:10px;border-bottom-left-radius:10px;background:#007bff;padding-top:30px;padding-right:30px;padding-bottom:30px;padding-left:30px;margin-bottom:0px;}.kt-info-box1432_54d2e7-a2 .kt-blocks-info-box-link-wrap:hover{background:#6a6dec;}.kt-info-box1432_54d2e7-a2 .kadence-info-box-icon-container .kt-info-svg-icon, .kt-info-box1432_54d2e7-a2 .kt-info-svg-icon-flip, .kt-info-box1432_54d2e7-a2 .kt-blocks-info-box-number{font-size:50px;}.kt-info-box1432_54d2e7-a2 .kt-blocks-info-box-media{color:#444444;background:transparent;border-color:#444444;border-top-width:0px;border-right-width:0px;border-bottom-width:0px;border-left-width:0px;padding-top:0px;padding-right:0px;padding-bottom:0px;padding-left:0px;}.kt-info-box1432_54d2e7-a2 .kt-blocks-info-box-media-container{margin-top:0px;margin-right:15px;margin-bottom:0px;margin-left:0px;}.kt-info-box1432_54d2e7-a2 .kt-blocks-info-box-link-wrap:hover .kt-blocks-info-box-media{color:#444444;background:transparent;border-color:#444444;}.kt-info-box1432_54d2e7-a2 .kt-infobox-textcontent h6.kt-blocks-info-box-title{line-height:1.3em;padding-top:0px;padding-right:0px;padding-bottom:0px;padding-left:0px;margin-top:0px;margin-right:0px;margin-bottom:14px;margin-left:0px;}.kt-info-box1432_54d2e7-a2 .kt-infobox-textcontent .kt-blocks-info-box-text{color:var(--base-3);}.wp-block-kadence-infobox.kt-info-box1432_54d2e7-a2 .kt-blocks-info-box-text{text-transform:capitalize;}.kt-info-box1432_54d2e7-a2 .kt-blocks-info-box-learnmore{background:transparent;border-color:#555555;border-width:0px 0px 0px 0px;padding-top:4px;padding-right:8px;padding-bottom:4px;padding-left:8px;margin-top:10px;margin-right:0px;margin-bottom:10px;margin-left:0px;}.kt-info-box1432_54d2e7-a2 .kt-blocks-info-box-link-wrap:hover .kt-blocks-info-box-learnmore,.kt-info-box1432_54d2e7-a2 .kt-blocks-info-box-link-wrap .kt-blocks-info-box-learnmore:focus{color:#ffffff;background:#444444;border-color:#444444;}.kt-info-box1432_54d2e7-a2 .kt-blocks-info-box-link-wrap{box-shadow:0px 0px 0px 0px rgba(0, 0, 0, 0);}.kt-info-box1432_54d2e7-a2 .kt-blocks-info-box-link-wrap:hover{box-shadow:20px 20px 80px 0px rgba(27, 0, 79, 0.06);}@media all and (max-width: 1024px){.kt-info-box1432_54d2e7-a2 .kt-blocks-info-box-link-wrap{border-top:1px solid var(--global-palette7, #EDF2F7);border-right:1px solid var(--global-palette7, #EDF2F7);border-bottom:1px solid var(--global-palette7, #EDF2F7);border-left:1px solid var(--global-palette7, #EDF2F7);box-shadow:0px 0px 0px 0px rgba(0, 0, 0, 0);}}@media all and (max-width: 1024px){.kt-info-box1432_54d2e7-a2 .kt-blocks-info-box-link-wrap:hover{box-shadow:20px 20px 80px 0px rgba(27, 0, 79, 0.06);}}@media all and (max-width: 767px){.kt-info-box1432_54d2e7-a2 .kt-blocks-info-box-link-wrap{border-top:1px solid var(--global-palette7, #EDF2F7);border-right:1px solid var(--global-palette7, #EDF2F7);border-bottom:1px solid var(--global-palette7, #EDF2F7);border-left:1px solid var(--global-palette7, #EDF2F7);text-align:center;display:block;box-shadow:0px 0px 0px 0px rgba(0, 0, 0, 0);}.kt-info-box1432_54d2e7-a2 .kt-blocks-info-box-link-wrap .kt-blocks-info-box-media{display:inline-block;max-width:100%;}.kt-info-box1432_54d2e7-a2 .kt-blocks-info-box-link-wrap:hover{box-shadow:20px 20px 80px 0px rgba(27, 0, 79, 0.06);}}<\/style>\n<div class=\"wp-block-kadence-infobox kt-info-box1432_54d2e7-a2\"><a class=\"kt-blocks-info-box-link-wrap info-box-link kt-blocks-info-box-media-align-top kt-info-halign-center kb-info-box-vertical-media-align-top kb-info-mobile-halign-center\" target=\"_blank\" rel=\"noopener noreferrer\" href=\"https:\/\/easycpstest.com\/ro\/\" aria-label=\"Face\u021bi clic pe Test de vitez\u0103 | Testul CPS\"><div class=\"kt-infobox-textcontent\"><p class=\"kt-blocks-info-box-text\"><strong>CLICK TEST DE VITEZ\u0102 | TEST CPS<\/strong><\/p><\/div><\/a><\/div>\n<\/div><\/div>\n\n\n<style>.kadence-column1432_1443f6-2c > .kt-inside-inner-col{padding-top:10px;padding-right:10px;padding-bottom:10px;padding-left:10px;}.kadence-column1432_1443f6-2c > .kt-inside-inner-col,.kadence-column1432_1443f6-2c > .kt-inside-inner-col:before{border-top-left-radius:0px;border-top-right-radius:0px;border-bottom-right-radius:0px;border-bottom-left-radius:0px;}.kadence-column1432_1443f6-2c > .kt-inside-inner-col{column-gap:var(--global-kb-gap-sm, 1rem);}.kadence-column1432_1443f6-2c > .kt-inside-inner-col{flex-direction:column;}.kadence-column1432_1443f6-2c > .kt-inside-inner-col > .aligncenter{width:100%;}.kadence-column1432_1443f6-2c > .kt-inside-inner-col:before{opacity:0.3;}.kadence-column1432_1443f6-2c{position:relative;}.kadence-column1432_1443f6-2c, .kt-inside-inner-col > .kadence-column1432_1443f6-2c:not(.specificity){margin-top:0px;margin-right:0px;margin-bottom:0px;margin-left:20px;}@media all and (max-width: 1024px){.kadence-column1432_1443f6-2c > .kt-inside-inner-col{flex-direction:column;justify-content:center;}}@media all and (max-width: 1024px){.kadence-column1432_1443f6-2c, .kt-inside-inner-col > .kadence-column1432_1443f6-2c:not(.specificity){margin-top:0px;margin-right:0px;margin-bottom:0px;margin-left:0px;}}@media all and (max-width: 767px){.kadence-column1432_1443f6-2c > .kt-inside-inner-col{flex-direction:column;justify-content:center;}}<\/style>\n<div class=\"wp-block-kadence-column kadence-column1432_1443f6-2c inner-column-3\"><div class=\"kt-inside-inner-col\"><\/div><\/div>\n\n<\/div><\/div>\n\n\n<p class=\"wp-block-paragraph\">\u00cen cele din urm\u0103, jocurile de clic sunt dezvoltate cu un design echilibrat. Deci, utilizatorii pot gestiona clicurile \u00een timp, cum ar fi 15, 10, 5 sau 2 secunde. Cu toate acestea, provoc\u0103rile jocului cu clicuri mici permit utilizatorului s\u0103 se preg\u0103teasc\u0103 pentru provoc\u0103rile extreme cu clicuri. \u00cen cele din urm\u0103, accepta\u021bi provoc\u0103rile ini\u021biale, a\u0219a c\u0103 merge\u021bi mai departe va fi u\u0219or dac\u0103 face\u021bi suficient\u0103 practic\u0103.<\/p>\n\n\n<style>.wp-block-kadence-column.kb-section-dir-horizontal > .kt-inside-inner-col > .kt-info-box1432_ce5d0d-e5 .kt-blocks-info-box-link-wrap{max-width:unset;}.kt-info-box1432_ce5d0d-e5 .kt-blocks-info-box-link-wrap{border-top-left-radius:20px;border-top-right-radius:20px;border-bottom-right-radius:20px;border-bottom-left-radius:20px;background:#f1f1f1;padding-top:0px;padding-right:0px;padding-bottom:0px;padding-left:0px;}.kt-info-box1432_ce5d0d-e5 .kt-blocks-info-box-link-wrap:hover{background:#f2f2f2;}.kt-info-box1432_ce5d0d-e5 .kadence-info-box-icon-container .kt-info-svg-icon, .kt-info-box1432_ce5d0d-e5 .kt-info-svg-icon-flip, .kt-info-box1432_ce5d0d-e5 .kt-blocks-info-box-number{font-size:50px;}.kt-info-box1432_ce5d0d-e5 .kt-blocks-info-box-media{color:#1554e3;background:transparent;border-color:rgba(0,0,0,0);border-radius:200px;overflow:hidden;border-top-width:0px;border-right-width:0px;border-bottom-width:0px;border-left-width:0px;padding-top:20px;padding-right:20px;padding-bottom:20px;padding-left:20px;margin-top:0px;margin-right:20px;margin-bottom:0px;margin-left:0px;}.kt-info-box1432_ce5d0d-e5 .kt-blocks-info-box-media .kadence-info-box-image-intrisic img{border-radius:200px;}.kt-info-box1432_ce5d0d-e5 .kt-blocks-info-box-link-wrap:hover .kt-blocks-info-box-media{color:#1554e3;background:rgba(0,0,0,0);border-color:rgba(0,0,0,0);}.kt-info-box1432_ce5d0d-e5 .kt-infobox-textcontent h2.kt-blocks-info-box-title{padding-top:0px;padding-right:0px;padding-bottom:0px;padding-left:0px;margin-top:5px;margin-right:0px;margin-bottom:10px;margin-left:0px;}.kt-info-box1432_ce5d0d-e5 .kt-infobox-textcontent .kt-blocks-info-box-text{color:#000000;}.wp-block-kadence-infobox.kt-info-box1432_ce5d0d-e5 .kt-blocks-info-box-text{font-weight:400;}.kt-info-box1432_ce5d0d-e5 .kt-blocks-info-box-learnmore{background:transparent;border-color:#555555;border-width:0px 0px 0px 0px;padding-top:4px;padding-right:8px;padding-bottom:4px;padding-left:8px;margin-top:10px;margin-right:0px;margin-bottom:10px;margin-left:0px;}.kt-info-box1432_ce5d0d-e5 .kt-blocks-info-box-link-wrap:hover .kt-blocks-info-box-learnmore,.kt-info-box1432_ce5d0d-e5 .kt-blocks-info-box-link-wrap .kt-blocks-info-box-learnmore:focus{color:#ffffff;background:#444444;border-color:#444444;}<\/style>\n<div class=\"wp-block-kadence-infobox kt-info-box1432_ce5d0d-e5\"><span class=\"kt-blocks-info-box-link-wrap info-box-link kt-blocks-info-box-media-align-left kt-info-halign-left\"><div class=\"kt-blocks-info-box-media-container\"><div class=\"kt-blocks-info-box-media kt-info-media-animate-none\"><div class=\"kadence-info-box-icon-container kt-info-icon-animate-none\"><div class=\"kadence-info-box-icon-inner-container\"><span class=\"kb-svg-icon-wrap kb-svg-icon-ic_bullhorn kt-info-svg-icon\"><svg viewbox=\"0 0 8 8\"  fill=\"currentColor\" xmlns=\"http:\/\/www.w3.org\/2000\/svg\"  role=\"img\"><title>annoucement <\/title><path d=\"M6 0v6c.03.01.07 0 .09 0h.81c.05 0 .09-.04.09-.09v-5.81c0-.06-.04-.09-.09-.09h-.91zm-1 .5l-2.91 1.47c-.05.02-.13.03-.19.03h-1.81c-.06 0-.09.04-.09.09v1.81c0 .06.04.09.09.09h.91l1.03 2.72c.11.25.44.36.69.25.25-.11.36-.44.25-.69l-.75-1.78c.03-.14.13-.22.28-.22v-.03l2.5 1.25v-5z\"\/><\/svg><\/span><\/div><\/div><\/div><\/div><div class=\"kt-infobox-textcontent\"><p class=\"kt-blocks-info-box-text\"><strong>Cel mai mare record mondial de clic pe 15 secunde este de 195 de clicuri. V\u0103 dorim s\u0103 dep\u0103\u0219i\u021bi provocarea cu o abordare uniform\u0103.<\/strong><\/p><\/div><\/span><\/div>\n\n\n\n<h2 style=\"color: #ffffff;font-weight: 400;background: #007bff;width: auto;margin: 1em 0px;font-size: 25px;line-height: 1;padding: 14px;border-left: 40px solid #000000;box-shadow: #c7c7c7 0px 2px 15px 0px;text-align:;\"><span id=\"Clicks_Per_15_Seconds_Challenge\"><strong>Provocare clicuri pe 15 secunde<\/strong><\/span><\/h2>\n\n\n\n<p class=\"wp-block-paragraph\">Provocarea testului CPS l-a condus pe juc\u0103tor spre antrenament \u0219i joc dificil pentru a c\u00e2\u0219tiga. Prin urmare, juc\u0103torii depun eforturi pentru a juca jocul pentru distrac\u021bie \u0219i competi\u021bie s\u0103n\u0103toas\u0103. Pe m\u0103sur\u0103 ce avansa\u021bi \u00een joc, v\u0103 ve\u021bi bucura de el mai mult ca niciodat\u0103 datorit\u0103 impactului s\u0103u asupra vitezei de clic.&nbsp;<\/p>\n\n\n\n<p class=\"wp-block-paragraph\">Toate jocurile CPS Test \u0219i Clicking au scopul de a ob\u021bine cel mai mare scor \u00een jocul \u00een timp real. Cu toate acestea, pute\u021bi stabili recordul mondial sau pute\u021bi deschide o provocare pentru prietenii \u0219i adversarii t\u0103i.<\/p>\n\n\n\n<p class=\"wp-block-paragraph\">Ca \u0219i alte teste CPS, <a href=\"https:\/\/easycpstest.com\/ro\/20-seconds\/\" target=\"_blank\" rel=\"noreferrer noopener\">Provocare de 20 de secunde<\/a> nu este super dificil \u0219i de nerealizat. Dar pe m\u0103sur\u0103 ce durata cre\u0219te, men\u021binerea poten\u021bialului ini\u021bial de joc devine dificil\u0103. Dar utilizatorul are mai mult timp pentru a ob\u021bine un scor mare \u00een joc sau provocare. Mul\u021bi juc\u0103tori ating obiectivele pe care \u0219i le-au stabilit \u00eenainte de a juca. Deci, trebuie s\u0103 \u00eencerca\u021bi \u0219i s\u0103 atinge\u021bi obiectivul.<\/p>\n\n\n\n<h3 style=\"color: #ffffff;font-weight: 400;background: #007bff;width: auto;margin: 1em 0px;font-size: 25px;line-height: 1;padding: 14px;border-left: 40px solid #000000;box-shadow: #c7c7c7 0px 2px 15px 0px;text-align:;\"><span id=\"Features_of_Clicks_Per_15_Seconds\"><strong>Caracteristici ale clicurilor pe 15 secunde<\/strong><\/span><\/h3>\n\n\n\n<p class=\"wp-block-paragraph\">Pentru a c\u00e2\u0219tiga eficien\u021b\u0103 \u00een joc, practica este o necesitate. Astfel, pute\u021bi c\u00e2\u0219tiga jocul \u00een timp real f\u0103r\u0103 probleme \u0219i f\u0103r\u0103 efort. Prin urmare, EasyCPSTest permite utilizatorului s\u0103 joace provocarea jocului, ceea ce ajut\u0103 la \u00eembun\u0103t\u0103\u021birea abilit\u0103\u021bii de joc, a vitezei \u0219i a preciziei clicurilor. Odat\u0103 ce ob\u021bine\u021bi precizie, pute\u021bi merge mai departe pentru a c\u00e2\u0219tiga provoc\u0103ri mai dificile.<\/p>\n\n\n\n<p class=\"wp-block-paragraph\">Provocarea enorm\u0103 \u0219i valoroas\u0103 a clicului pe 15 secunde permite st\u0103p\u00e2nirea clicului cu degetul. Cu toate acestea, pute\u021bi face un record mondial pentru o anumit\u0103 provocare cu bra\u021bul \u0219i degetul \u021bintit dac\u0103 utilizatorul nu este confortabil cu ritmul standard al clicului. Prin urmare, o dorin\u021b\u0103 de a spori viteza de repeti\u021bie a clicurilor este cea mai bun\u0103 op\u021biune.<\/p>\n\n\n\n<p class=\"wp-block-paragraph\">Pentru a prevala \u00een competi\u021bia online, viteza de clic este esen\u021bial\u0103 pentru performan\u021b\u0103 \u00een diferite jocuri online. Ulterior, trebuie s\u0103 participa\u021bi \u0219i s\u0103 fi\u021bi un expert \u00een provoc\u0103rile de clic de mare vitez\u0103.<\/p>","protected":false},"excerpt":{"rendered":"<p>15 Second Click Test &#8211; Easy CPS Test You can test your clicking chops against the gaming world in a short time with this fifteen-second click challenge. Click Per 15 Seconds&nbsp;challenge leads your game to the next level as you &#8230; <\/p>\n<p class=\"read-more-container\"><a title=\"15 Second Click Test &#8211; Easy CPS Test\" class=\"read-more button\" href=\"https:\/\/easycpstest.com\/ro\/15-seconds\/#more-1432\" aria-label=\"More on 15 Second Click Test &#8211; Easy CPS Test\">Citeste mai mult<\/a><\/p>","protected":false},"author":1,"featured_media":0,"parent":0,"menu_order":0,"comment_status":"closed","ping_status":"closed","template":"","meta":{"_crdt_document":"","footnotes":""},"class_list":{"0":"post-1432","1":"page","2":"type-page","3":"status-publish","5":"no-featured-image-padding"},"_links":{"self":[{"href":"https:\/\/easycpstest.com\/ro\/wp-json\/wp\/v2\/pages\/1432","targetHints":{"allow":["GET"]}}],"collection":[{"href":"https:\/\/easycpstest.com\/ro\/wp-json\/wp\/v2\/pages"}],"about":[{"href":"https:\/\/easycpstest.com\/ro\/wp-json\/wp\/v2\/types\/page"}],"author":[{"embeddable":true,"href":"https:\/\/easycpstest.com\/ro\/wp-json\/wp\/v2\/users\/1"}],"replies":[{"embeddable":true,"href":"https:\/\/easycpstest.com\/ro\/wp-json\/wp\/v2\/comments?post=1432"}],"version-history":[{"count":14,"href":"https:\/\/easycpstest.com\/ro\/wp-json\/wp\/v2\/pages\/1432\/revisions"}],"predecessor-version":[{"id":2162,"href":"https:\/\/easycpstest.com\/ro\/wp-json\/wp\/v2\/pages\/1432\/revisions\/2162"}],"wp:attachment":[{"href":"https:\/\/easycpstest.com\/ro\/wp-json\/wp\/v2\/media?parent=1432"}],"curies":[{"name":"wp","href":"https:\/\/api.w.org\/{rel}","templated":true}]}}