{"id":299,"date":"2025-02-10T07:04:31","date_gmt":"2025-02-10T07:04:31","guid":{"rendered":"https:\/\/easycpstest.com\/?page_id=299"},"modified":"2025-02-10T07:04:33","modified_gmt":"2025-02-10T07:04:33","slug":"privacy-policy","status":"publish","type":"page","link":"https:\/\/easycpstest.com\/ro\/privacy-policy\/","title":{"rendered":"Politica de confiden\u021bialitate"},"content":{"rendered":"<p class=\"wp-block-paragraph\">La <strong>Test CPS u\u0219or<\/strong>, accesibil din <a href=\"https:\/\/easycpstest.com\/ro\/\" target=\"_blank\" rel=\"noopener\">https:\/\/easycpstest.com\/<\/a>, confiden\u021bialitatea vizitatorilor no\u0219tri este una dintre priorit\u0103\u021bile noastre principale. Acest document de Politic\u0103 de confiden\u021bialitate con\u021bine informa\u021bii colectate \u0219i \u00eenregistrate de Easy CPS Test \u0219i modul \u00een care le folosim.<\/p>\n\n\n\n<p class=\"wp-block-paragraph\">Dac\u0103 ave\u021bi \u00eentreb\u0103ri suplimentare sau ave\u021bi nevoie de mai multe informa\u021bii despre Politica noastr\u0103 de confiden\u021bialitate, nu ezita\u021bi <a href=\"https:\/\/easycpstest.com\/ro\/contact-us\/\" target=\"_blank\" rel=\"noopener\">Contacteaz\u0103-ne.<\/a><\/p>\n\n\n\n<p class=\"wp-block-paragraph\">Aceast\u0103 politic\u0103 de confiden\u021bialitate se aplic\u0103 numai activit\u0103\u021bilor noastre online \u0219i este valabil\u0103 pentru vizitatorii site-ului nostru cu privire la informa\u021biile pe care le-au partajat \u0219i\/sau le-au colectat \u00een testul Easy CPS. Aceast\u0103 politic\u0103 nu se aplic\u0103 niciunei informa\u021bii colectate offline sau prin alte canale dec\u00e2t acest site web.<\/p>\n\n\n\n<h2 class=\"wp-block-heading\">Consim\u0163\u0103m\u00e2nt<\/h2>\n\n\n\n<p class=\"wp-block-paragraph\">Prin utilizarea site-ului nostru web, sunte\u021bi de acord cu Politica noastr\u0103 de confiden\u021bialitate \u0219i sunte\u021bi de acord cu termenii acesteia.<\/p>\n\n\n\n<h2 class=\"wp-block-heading\">Informa\u021biile pe care le colect\u0103m<\/h2>\n\n\n\n<p class=\"wp-block-paragraph\">Informa\u021biile personale pe care vi se cere s\u0103 le furniza\u021bi \u0219i motivele pe care vi se cere s\u0103 le furniza\u021bi v\u0103 vor fi clarificate atunci c\u00e2nd v\u0103 cerem s\u0103 furniza\u021bi informa\u021biile dumneavoastr\u0103 personale.<\/p>\n\n\n\n<p class=\"wp-block-paragraph\">Dac\u0103 ne contacta\u021bi direct, este posibil s\u0103 primim informa\u021bii suplimentare despre dvs., cum ar fi numele dvs., adresa de e-mail, num\u0103rul de telefon, con\u021binutul mesajului \u0219i\/sau ata\u0219amentele pe care ni le pute\u021bi trimite \u0219i orice alte informa\u021bii pe care a\u021bi putea alege s\u0103 le furniza\u021bi.<\/p>\n\n\n\n<p class=\"wp-block-paragraph\">C\u00e2nd v\u0103 \u00eenregistra\u021bi pentru un Cont, este posibil s\u0103 v\u0103 solicit\u0103m informa\u021biile de contact, inclusiv numele, numele companiei, adresa, adresa de e-mail \u0219i num\u0103rul de telefon.<\/p>\n\n\n\n<h2 class=\"wp-block-heading\">Cum folosim informa\u021biile dvs<\/h2>\n\n\n\n<p class=\"wp-block-paragraph\">Folosim informa\u021biile pe care le colect\u0103m \u00een diferite moduri, inclusiv:<\/p>\n\n\n\n<ul class=\"wp-block-list\"><li>Furniza\u021bi, opera\u021bi \u0219i \u00eentre\u021bine\u021bi site-ul nostru web<\/li><li>\u00cembun\u0103t\u0103\u021bi\u021bi, personaliza\u021bi \u0219i extinde\u021bi site-ul nostru web<\/li><li>\u00cen\u021belege\u021bi \u0219i analiza\u021bi modul \u00een care utiliza\u021bi site-ul nostru<\/li><li>Dezvolta\u021bi noi produse, servicii, caracteristici \u0219i func\u021bionalit\u0103\u021bi<\/li><li>Comunica\u021bi cu dvs., fie direct, fie prin intermediul unuia dintre partenerii no\u0219tri, inclusiv pentru serviciul clien\u021bi, pentru a v\u0103 oferi actualiz\u0103ri \u0219i alte informa\u021bii referitoare la site \u0219i \u00een scopuri de marketing \u0219i promo\u021bionale<\/li><li>\u00ce\u021bi trimite e-mailuri<\/li><li>G\u0103si\u021bi \u0219i preveni\u021bi frauda.<\/li><\/ul>\n\n\n\n<h2 class=\"wp-block-heading\">Fi\u0219iere jurnal<\/h2>\n\n\n\n<p class=\"wp-block-paragraph\">Easy CPS Test urmeaz\u0103 o procedur\u0103 standard de utilizare a fi\u0219ierelor jurnal. Aceste fi\u0219iere \u00eenregistreaz\u0103 vizitatorii atunci c\u00e2nd viziteaz\u0103 site-uri web. Toate companiile de g\u0103zduire fac acest lucru \u0219i fac parte din analiza serviciilor de g\u0103zduire. Informa\u021biile colectate de fi\u0219ierele jurnal includ adrese de protocol de internet (IP), tipul de browser, furnizorul de servicii de internet (ISP), marcajul de dat\u0103 \u0219i or\u0103, pagini de referin\u021b\u0103\/ie\u0219ire \u0219i, eventual, num\u0103rul de clicuri. Acestea nu sunt legate de nicio informa\u021bie de identificare personal\u0103. Scopul informa\u021biilor este de a analiza tendin\u021bele, de a administra site-ul, de a urm\u0103ri mi\u0219carea utilizatorilor pe site \u0219i de a aduna informa\u021bii demografice.<\/p>\n\n\n\n<h2 class=\"wp-block-heading\">Politicile de confiden\u021bialitate ale partenerilor de publicitate<\/h2>\n\n\n\n<p class=\"wp-block-paragraph\">Pute\u021bi consulta aceast\u0103 list\u0103 pentru a g\u0103si Politica de confiden\u021bialitate pentru fiecare dintre partenerii de publicitate ai Easy CPS Test.<\/p>\n\n\n\n<p class=\"wp-block-paragraph\">Serverele publicitare sau re\u021belele publicitare ter\u021b\u0103 parte utilizeaz\u0103 tehnologii precum cookie-uri, JavaScript sau Web Beacons utilizate \u00een reclamele \u0219i linkurile respective care apar pe Easy CPS Test, trimise direct c\u0103tre browserele utilizatorilor. Ei primesc automat adresa dvs. IP atunci c\u00e2nd se \u00eent\u00e2mpl\u0103 acest lucru. Aceste tehnologii sunt utilizate pentru a m\u0103sura eficacitatea campaniilor lor de publicitate \u0219i\/sau pentru a personaliza con\u021binutul publicitar pe care \u00eel vede\u021bi pe site-urile web pe care le vizita\u021bi.<\/p>\n\n\n\n<p class=\"wp-block-paragraph\">Re\u021bine\u021bi c\u0103 Easy CPS Test nu are acces sau control asupra acestor cookie-uri utilizate de agen\u021bii de publicitate ter\u021bi.<\/p>\n\n\n\n<h2 class=\"wp-block-heading\">Politicile de confiden\u021bialitate ale ter\u021bilor<\/h2>\n\n\n\n<p class=\"wp-block-paragraph\">Politica de confiden\u021bialitate a Easy CPS Test nu se aplic\u0103 altor agen\u021bi de publicitate sau site-uri web. Astfel, v\u0103 sf\u0103tuim s\u0103 consulta\u021bi Politicile de confiden\u021bialitate respective ale acestor servere de anun\u021buri ter\u021be pentru informa\u021bii mai detaliate. Poate include practicile \u0219i instruc\u021biunile lor despre cum s\u0103 renun\u021ba\u021bi la anumite op\u021biuni.<\/p>\n\n\n\n<p class=\"wp-block-paragraph\">Pute\u021bi alege s\u0103 dezactiva\u021bi cookie-urile prin op\u021biunile individuale ale browserului. Acesta poate fi g\u0103sit pe site-urile respective ale browserelor pentru a afla informa\u021bii mai detaliate despre gestionarea cookie-urilor cu anumite browsere web.<\/p>\n\n\n\n<h2 class=\"wp-block-heading\">Drepturi de confiden\u021bialitate CCPA (Nu vinde\u021bi informa\u021biile mele personale)<\/h2>\n\n\n\n<p class=\"wp-block-paragraph\">Conform CCPA, printre alte drepturi, consumatorii din California au dreptul la:<\/p>\n\n\n\n<p class=\"wp-block-paragraph\">Solicita\u021bi ca o companie care colecteaz\u0103 date personale ale unui consumator s\u0103 dezv\u0103luie categoriile \u0219i anumite date cu caracter personal pe care o companie le-a colectat despre consumatori.<\/p>\n\n\n\n<p class=\"wp-block-paragraph\">Solicita\u021bi ca o companie s\u0103 \u0219tearg\u0103 orice date personale despre consumator pe care o companie le-a colectat.<\/p>\n\n\n\n<p class=\"wp-block-paragraph\">Solicita\u021bi ca o companie care vinde datele personale ale unui consumator s\u0103 nu v\u00e2nd\u0103 datele personale ale consumatorului.<\/p>\n\n\n\n<p class=\"wp-block-paragraph\">Dac\u0103 face\u021bi o cerere, avem o lun\u0103 pentru a v\u0103 r\u0103spunde. Dac\u0103 dori\u021bi s\u0103 v\u0103 exercita\u021bi oricare dintre aceste drepturi, v\u0103 rug\u0103m s\u0103 ne contacta\u021bi.<\/p>\n\n\n\n<h2 class=\"wp-block-heading\">Drepturi de protec\u021bie a datelor GDPR<\/h2>\n\n\n\n<p class=\"wp-block-paragraph\">Dorim s\u0103 ne asigur\u0103m c\u0103 sunte\u021bi pe deplin con\u0219tient de toate drepturile dumneavoastr\u0103 de protec\u021bie a datelor. Fiecare utilizator are dreptul la urm\u0103toarele:<\/p>\n\n\n\n<p class=\"wp-block-paragraph\">Dreptul de acces \u2013 Ave\u021bi dreptul de a solicita copii ale datelor dumneavoastr\u0103 personale. Este posibil s\u0103 v\u0103 percepem o mic\u0103 tax\u0103 pentru acest serviciu.<\/p>\n\n\n\n<p class=\"wp-block-paragraph\">Dreptul la rectificare \u2013 Ave\u021bi dreptul de a solicita s\u0103 corect\u0103m orice informa\u021bii despre care crede\u021bi c\u0103 sunt inexacte. De asemenea, ave\u021bi dreptul de a solicita s\u0103 complet\u0103m informa\u021biile pe care le considera\u021bi incomplete.<\/p>\n\n\n\n<p class=\"wp-block-paragraph\">Dreptul la \u0219tergere \u2013 Ave\u021bi dreptul de a solicita \u0219tergerea datelor dumneavoastr\u0103 cu caracter personal \u00een anumite condi\u021bii.<\/p>\n\n\n\n<p class=\"wp-block-paragraph\">Dreptul de a restric\u021biona prelucrarea \u2013 Ave\u021bi dreptul de a solicita s\u0103 restric\u021bion\u0103m prelucrarea datelor dumneavoastr\u0103 cu caracter personal \u00een anumite condi\u021bii.<\/p>\n\n\n\n<p class=\"wp-block-paragraph\">Dreptul de a v\u0103 opune prelucr\u0103rii \u2013 ave\u021bi dreptul de a v\u0103 opune prelucr\u0103rii de c\u0103tre noi a datelor dumneavoastr\u0103 cu caracter personal \u00een anumite condi\u021bii.<\/p>\n\n\n\n<p class=\"wp-block-paragraph\">Dreptul la portabilitatea datelor \u2013 Ave\u021bi dreptul de a solicita s\u0103 transfer\u0103m datele pe care le-am colectat c\u0103tre o alt\u0103 organiza\u021bie sau direct c\u0103tre dumneavoastr\u0103 \u00een anumite condi\u021bii.<\/p>\n\n\n\n<p class=\"wp-block-paragraph\">Dac\u0103 face\u021bi o cerere, avem o lun\u0103 pentru a v\u0103 r\u0103spunde. Dac\u0103 dori\u021bi s\u0103 v\u0103 exercita\u021bi oricare dintre aceste drepturi, v\u0103 rug\u0103m s\u0103 ne contacta\u021bi.<\/p>\n\n\n\n<h2 class=\"wp-block-heading\">Informa\u021bii pentru copii<\/h2>\n\n\n\n<p class=\"wp-block-paragraph\">O alt\u0103 parte a priorit\u0103\u021bii noastre este ad\u0103ugarea protec\u021biei copiilor \u00een timpul utiliz\u0103rii internetului. \u00cencuraj\u0103m p\u0103rin\u021bii \u0219i tutorii s\u0103 observe, s\u0103 participe \u0219i\/sau s\u0103 monitorizeze \u0219i s\u0103 ghideze activitatea lor online.<\/p>\n\n\n\n<p class=\"wp-block-paragraph\"> Easy CPS Test nu colecteaz\u0103 cu bun\u0103 \u0219tiin\u021b\u0103 informa\u021bii personale de identificare de la copiii cu v\u00e2rsta sub 13 ani. Dac\u0103 crede\u021bi c\u0103 copilul dvs. a furnizat acest tip de informa\u021bii pe site-ul nostru web, v\u0103 \u00eencuraj\u0103m cu t\u0103rie s\u0103 ne contacta\u021bi imediat \u0219i vom face tot posibilul s\u0103 elimina\u021bi prompt astfel de informa\u021bii din \u00eenregistr\u0103rile noastre.<\/p>","protected":false},"excerpt":{"rendered":"<p>At Easy CPS Test, accessible from https:\/\/easycpstest.com\/, our visitors&#8217; privacy is one of our main priorities. This Privacy Policy document contains information collected and recorded by the Easy CPS Test and how we use it. If you have additional questions &#8230; <\/p>\n<p class=\"read-more-container\"><a title=\"Politica de confiden\u021bialitate\" class=\"read-more button\" href=\"https:\/\/easycpstest.com\/ro\/privacy-policy\/#more-299\" aria-label=\"More on Privacy Policy\">Citeste mai mult<\/a><\/p>","protected":false},"author":1,"featured_media":0,"parent":0,"menu_order":0,"comment_status":"closed","ping_status":"closed","template":"","meta":{"_crdt_document":"","footnotes":""},"class_list":{"0":"post-299","1":"page","2":"type-page","3":"status-publish","5":"no-featured-image-padding"},"_links":{"self":[{"href":"https:\/\/easycpstest.com\/ro\/wp-json\/wp\/v2\/pages\/299","targetHints":{"allow":["GET"]}}],"collection":[{"href":"https:\/\/easycpstest.com\/ro\/wp-json\/wp\/v2\/pages"}],"about":[{"href":"https:\/\/easycpstest.com\/ro\/wp-json\/wp\/v2\/types\/page"}],"author":[{"embeddable":true,"href":"https:\/\/easycpstest.com\/ro\/wp-json\/wp\/v2\/users\/1"}],"replies":[{"embeddable":true,"href":"https:\/\/easycpstest.com\/ro\/wp-json\/wp\/v2\/comments?post=299"}],"version-history":[{"count":6,"href":"https:\/\/easycpstest.com\/ro\/wp-json\/wp\/v2\/pages\/299\/revisions"}],"predecessor-version":[{"id":1797,"href":"https:\/\/easycpstest.com\/ro\/wp-json\/wp\/v2\/pages\/299\/revisions\/1797"}],"wp:attachment":[{"href":"https:\/\/easycpstest.com\/ro\/wp-json\/wp\/v2\/media?parent=299"}],"curies":[{"name":"wp","href":"https:\/\/api.w.org\/{rel}","templated":true}]}}