{"id":302,"date":"2025-02-10T07:05:48","date_gmt":"2025-02-10T07:05:48","guid":{"rendered":"https:\/\/easycpstest.com\/?page_id=302"},"modified":"2025-02-10T07:05:50","modified_gmt":"2025-02-10T07:05:50","slug":"disclaimer","status":"publish","type":"page","link":"https:\/\/easycpstest.com\/ro\/disclaimer\/","title":{"rendered":"Disclaimer"},"content":{"rendered":"<p class=\"wp-block-paragraph\">Toate informatiile de pe acest site - <a href=\"https:\/\/easycpstest.com\/ro\/\" target=\"_blank\" rel=\"noreferrer noopener\">https:\/\/easycpstest.com\/<\/a> \u2013 este publicat\u0103 cu bun\u0103-credin\u021b\u0103 \u0219i numai pentru informare general\u0103. <strong>Test CPS u\u0219or<\/strong> nu ofer\u0103 nicio garan\u021bie cu privire la caracterul complet, fiabilitatea \u0219i acurate\u021bea acestor informa\u021bii. Orice ac\u021biune pe care o \u00eentreprinde\u021bi asupra informa\u021biilor pe care le g\u0103si\u021bi pe acest site web (Easy CPS Test) este strict pe propriul dumneavoastr\u0103 risc. Easy CPS Test nu va fi responsabil pentru nicio pierdere \u0219i\/sau daune legate de utilizarea site-ului nostru.<\/p>\n\n\n\n<p class=\"wp-block-paragraph\">De pe site-ul nostru, pute\u021bi vizita alte site-uri web urm\u00e2nd hyperlinkuri c\u0103tre astfel de site-uri externe. De\u0219i ne str\u0103duim s\u0103 oferim numai link-uri de calitate c\u0103tre site-uri web utile \u0219i etice, nu avem niciun control asupra con\u021binutului \u0219i naturii acestor site-uri. Aceste link-uri c\u0103tre alte site-uri web nu implic\u0103 o recomandare pentru tot con\u021binutul g\u0103sit pe aceste site-uri. Proprietarii site-ului \u0219i con\u021binutul se pot schimba f\u0103r\u0103 notificare \u0219i pot ap\u0103rea \u00eenainte de a avea posibilitatea de a elimina un link care s-ar fi putut \u201eproasta\u201d.<\/p>\n\n\n\n<p class=\"wp-block-paragraph\">V\u0103 rug\u0103m s\u0103 fi\u021bi, de asemenea, con\u0219tien\u021bi de faptul c\u0103 alte site-uri pot avea politici de confiden\u021bialitate \u0219i termeni diferi\u021bi care nu pot fi controla\u021bi atunci c\u00e2nd p\u0103r\u0103si\u021bi site-ul nostru. Asigura\u021bi-v\u0103 c\u0103 verifica\u021bi <a href=\"https:\/\/easycpstest.com\/ro\/privacy-policy\/\" target=\"_blank\" rel=\"noopener\">Politici de confiden\u021bialitate<\/a> a acestor site-uri \u0219i \u201eTermenii \u0219i condi\u021biile\u201d acestora \u00eenainte de a v\u0103 angaja \u00een orice afacere sau de a \u00eenc\u0103rca orice informa\u021bie.<\/p>\n\n\n\n<h2 class=\"wp-block-heading\">Consim\u0163\u0103m\u00e2nt<\/h2>\n\n\n\n<p class=\"wp-block-paragraph\">Prin utilizarea site-ului nostru web, sunte\u021bi de acord cu declinarea r\u0103spunderii noastre \u0219i sunte\u021bi de acord cu termenii acesteia.<\/p>\n\n\n\n<h2 class=\"wp-block-heading\">Actualiza\u021bi<\/h2>\n\n\n\n<p class=\"wp-block-paragraph\">\u00cen cazul \u00een care actualiz\u0103m, modific\u0103m sau aducem modific\u0103ri acestui document, aceste modific\u0103ri vor fi publicate vizibil aici.<\/p>","protected":false},"excerpt":{"rendered":"<p>All the information on this website &#8211; https:\/\/easycpstest.com\/ &#8211; is published in good faith and only for general information. Easy CPS Test does not make any warranties about the completeness, reliability, and accuracy of this information. Any action you take &#8230; <\/p>\n<p class=\"read-more-container\"><a title=\"Disclaimer\" class=\"read-more button\" href=\"https:\/\/easycpstest.com\/ro\/disclaimer\/#more-302\" aria-label=\"More on Disclaimer\">Citeste mai mult<\/a><\/p>","protected":false},"author":1,"featured_media":0,"parent":0,"menu_order":0,"comment_status":"closed","ping_status":"closed","template":"","meta":{"_crdt_document":"","footnotes":""},"class_list":{"0":"post-302","1":"page","2":"type-page","3":"status-publish","5":"no-featured-image-padding"},"_links":{"self":[{"href":"https:\/\/easycpstest.com\/ro\/wp-json\/wp\/v2\/pages\/302","targetHints":{"allow":["GET"]}}],"collection":[{"href":"https:\/\/easycpstest.com\/ro\/wp-json\/wp\/v2\/pages"}],"about":[{"href":"https:\/\/easycpstest.com\/ro\/wp-json\/wp\/v2\/types\/page"}],"author":[{"embeddable":true,"href":"https:\/\/easycpstest.com\/ro\/wp-json\/wp\/v2\/users\/1"}],"replies":[{"embeddable":true,"href":"https:\/\/easycpstest.com\/ro\/wp-json\/wp\/v2\/comments?post=302"}],"version-history":[{"count":4,"href":"https:\/\/easycpstest.com\/ro\/wp-json\/wp\/v2\/pages\/302\/revisions"}],"predecessor-version":[{"id":1982,"href":"https:\/\/easycpstest.com\/ro\/wp-json\/wp\/v2\/pages\/302\/revisions\/1982"}],"wp:attachment":[{"href":"https:\/\/easycpstest.com\/ro\/wp-json\/wp\/v2\/media?parent=302"}],"curies":[{"name":"wp","href":"https:\/\/api.w.org\/{rel}","templated":true}]}}