{"id":1413,"date":"2025-02-10T06:57:04","date_gmt":"2025-02-10T06:57:04","guid":{"rendered":"https:\/\/easycpstest.com\/?page_id=1413"},"modified":"2025-02-10T06:57:05","modified_gmt":"2025-02-10T06:57:05","slug":"butterfly-click-test","status":"publish","type":"page","link":"https:\/\/easycpstest.com\/tr\/butterfly-click-test\/","title":{"rendered":"Butterfly Click Test | Click Tests | Easy CPS Test"},"content":{"rendered":"<h1 class=\"wp-block-heading has-text-align-center\"><strong>Kelebek T\u0131klama Testi | Kolay CPS Testi<\/strong><\/h1>\n\n\n\n<p class=\"has-text-align-center wp-block-paragraph\">10 saniye boyunca, oyuncunun t\u0131klama verimlili\u011fini kontrol etmek i\u00e7in Butterfly Click Test&#039;in t\u0131klama alan\u0131ndaki s\u00fcrekli t\u0131klamalar\u0131 i\u015faretleyin.<\/p>\n\n\n<div class=\"page-wrapper\">\n\t<div class=\"row\">\n\t\t<div class=\"col-lg-12 col-md-12 custom-container\">\n\t\t\t<div class=\"card\">\n\t\t\t\t<header class=\"entry-header\">\n\t\t\t\t\t\t\t\t\t<\/header>\n\t\t\t\t\t\t\t\t<div class=\"bt-click-inner\">\n\t\t\t\t\t<div class=\"card-header\">\n\t\t\t\t\t\t<div class=\"bt-header-timer\">\n\t\t\t\t\t\t\t<div class=\"bt-time-btn blue-btn\">\n\t\t\t\t\t\t\t\t<h4 class=\"mb-0\"><span id=\"timer\">0<\/span><\/h4>\n\t\t\t\t\t\t\t\t<small class=\"mb-0 sm-custom\">zamanlay\u0131c\u0131<\/small>\n\t\t\t\t\t\t\t<\/div>\n\t\t\t\t\t\t\t<div class=\"bt-time-btn orange-btn\">\n\t\t\t\t\t\t\t\t<h4 class=\"mb-0\"><span id=\"clicks\">0<\/span><\/h4>\n\t\t\t\t\t\t\t\t<small class=\"mb-0 sm-custom\">T\u0131klama\/s<\/small>\n\t\t\t\t\t\t\t<\/div>\n\t\t\t\t\t\t\t<div class=\"bt-time-btn green-btn\">\n\t\t\t\t\t\t\t\t<h4 class=\"mb-0\"><span id=\"score\">0<\/span><\/h4>\n\t\t\t\t\t\t\t\t<small class=\"mb-0 sm-custom\">Puan<\/small>\n\t\t\t\t\t\t\t<\/div>\n\t\t\t\t\t\t<\/div>\n\t\t\t\t\t<\/div>\n\t\t\t\t\t<div class=\"card-body\">\n\t\t\t\t\t\t<div class=\"bt-click-area\" id=\"bt-click-area\">\n\t\t\t\t\t\t\t<button id=\"start\" type=\"button\" class=\"btn-light btn-round waves-effect waves-light\">OYNAMAYA BA\u015eLAMAK \u0130\u00c7\u0130N TIKLAYIN<\/button>\n\t\t\t\t\t\t<\/div>\n\t\t\t\t\t<\/div>\n\t\t\t\t\t<button type=\"button\" data-toggle=\"modal\" data-target=\"#click-result-modal\" style=\"display: none;\" id=\"trigger-modal\">Modu ba\u015flat<\/button>\n\t\t\t\t<\/div>\n\t\t\t<\/div>\n\t\t<\/div>\n\t\t\t<\/div>\n<\/div>\n\n\n\n<p class=\"wp-block-paragraph\">Di\u011fer t\u0131klama hilelerinin aksine, Butterfly Click Test, \u00f6zellikle y\u00fcksek h\u0131zl\u0131 Butterfly Clicking \u00f6zelli\u011fiyle kullan\u0131c\u0131lar aras\u0131nda \u00fcn kazanm\u0131\u015ft\u0131r. Ancak teknik, oyuncunun di\u011fer \u00fcnl\u00fc PVP oyunlar\u0131nda oldu\u011fu gibi rakibe kar\u015f\u0131 iyi performans g\u00f6stermesine yard\u0131mc\u0131 olur.<\/p>\n\n\n\n<p class=\"wp-block-paragraph\"><\/p>\n\n\n<style>.kb-row-layout-wrap.wp-block-kadence-rowlayout.kb-row-layout-id1413_07c416-2f{margin-bottom:0px;}.kb-row-layout-id1413_07c416-2f > .kt-row-column-wrap{align-content:start;}:where(.kb-row-layout-id1413_07c416-2f > .kt-row-column-wrap) > .wp-block-kadence-column{justify-content:start;}.kb-row-layout-id1413_07c416-2f > .kt-row-column-wrap{column-gap:var(--global-kb-gap-none, 0rem );row-gap:var(--global-kb-gap-none, 0rem );max-width:1200px;padding-top:30px;padding-right:0px;padding-bottom:30px;padding-left:0px;}.kb-row-layout-id1413_07c416-2f > .kt-row-column-wrap > div:not(.added-for-specificity){grid-column:initial;}.kb-row-layout-id1413_07c416-2f > .kt-row-column-wrap{grid-template-columns:minmax(0, 1fr) minmax(0, 3fr) minmax(0, 1fr);}.kb-row-layout-id1413_07c416-2f > .kt-row-layout-overlay{opacity:0.30;background:linear-gradient(180deg,  0%, #00B5E2 100%);}.kb-row-layout-id1413_07c416-2f .kt-row-layout-bottom-sep{height:100px;}.kb-row-layout-id1413_07c416-2f .kt-row-layout-bottom-sep svg{width:100%;}.kb-row-layout-id1413_07c416-2f .kt-row-layout-bottom-sep svg{fill:#ffffff!important;}@media all and (max-width: 1024px){.kb-row-layout-id1413_07c416-2f > .kt-row-column-wrap{padding-top:0px;padding-right:50px;padding-bottom:80px;padding-left:50px;grid-template-columns:minmax(0, 1fr);}}@media all and (max-width: 1024px){.kb-row-layout-id1413_07c416-2f > .kt-row-column-wrap > div:not(.added-for-specificity){grid-column:initial;}}@media all and (max-width: 1024px){.kb-row-layout-id1413_07c416-2f .kt-row-layout-bottom-sep{height:px;}}@media all and (max-width: 1024px){.kb-row-layout-id1413_07c416-2f .kt-row-layout-bottom-sep svg{width:%;}}@media all and (max-width: 767px){.kb-row-layout-id1413_07c416-2f > .kt-row-column-wrap{padding-top:40px;padding-right:20px;padding-bottom:50px;padding-left:20px;grid-template-columns:minmax(0, 1fr);}.kb-row-layout-id1413_07c416-2f > .kt-row-column-wrap > div:not(.added-for-specificity){grid-column:initial;}.kb-row-layout-id1413_07c416-2f .kt-row-layout-bottom-sep{height:px;}.kb-row-layout-id1413_07c416-2f .kt-row-layout-bottom-sep svg{width:%;}}<\/style><div class=\"kb-row-layout-wrap kb-row-layout-id1413_07c416-2f alignnone kt-row-has-bg wp-block-kadence-rowlayout\"><div class=\"kt-row-layout-overlay kt-row-overlay-gradient\"><\/div><div class=\"kt-row-column-wrap kt-has-3-columns kt-row-layout-center-wide kt-tab-layout-row kt-mobile-layout-row kt-row-valign-top kb-theme-content-width\">\n<style>.kadence-column1413_8c75e6-f8 > .kt-inside-inner-col{padding-top:10px;padding-right:10px;padding-bottom:10px;padding-left:10px;}.kadence-column1413_8c75e6-f8 > .kt-inside-inner-col,.kadence-column1413_8c75e6-f8 > .kt-inside-inner-col:before{border-top-left-radius:0px;border-top-right-radius:0px;border-bottom-right-radius:0px;border-bottom-left-radius:0px;}.kadence-column1413_8c75e6-f8 > .kt-inside-inner-col{column-gap:var(--global-kb-gap-sm, 1rem);}.kadence-column1413_8c75e6-f8 > .kt-inside-inner-col{flex-direction:column;}.kadence-column1413_8c75e6-f8 > .kt-inside-inner-col > .aligncenter{width:100%;}.kadence-column1413_8c75e6-f8 > .kt-inside-inner-col:before{opacity:0.3;}.kadence-column1413_8c75e6-f8{position:relative;}.kadence-column1413_8c75e6-f8, .kt-inside-inner-col > .kadence-column1413_8c75e6-f8:not(.specificity){margin-top:0px;margin-right:20px;margin-bottom:0px;margin-left:0px;}@media all and (max-width: 1024px){.kadence-column1413_8c75e6-f8 > .kt-inside-inner-col{flex-direction:column;justify-content:center;}}@media all and (max-width: 1024px){.kadence-column1413_8c75e6-f8, .kt-inside-inner-col > .kadence-column1413_8c75e6-f8:not(.specificity){margin-top:0px;margin-right:0px;margin-bottom:0px;margin-left:0px;}}@media all and (max-width: 767px){.kadence-column1413_8c75e6-f8 > .kt-inside-inner-col{flex-direction:column;justify-content:center;}}<\/style>\n<div class=\"wp-block-kadence-column kadence-column1413_8c75e6-f8 inner-column-1\"><div class=\"kt-inside-inner-col\"><\/div><\/div>\n\n\n<style>.kadence-column1413_a1a74a-65 > .kt-inside-inner-col{padding-top:10px;padding-right:10px;padding-bottom:10px;padding-left:10px;}.kadence-column1413_a1a74a-65 > .kt-inside-inner-col,.kadence-column1413_a1a74a-65 > .kt-inside-inner-col:before{border-top-left-radius:0px;border-top-right-radius:0px;border-bottom-right-radius:0px;border-bottom-left-radius:0px;}.kadence-column1413_a1a74a-65 > .kt-inside-inner-col{column-gap:var(--global-kb-gap-sm, 1rem);}.kadence-column1413_a1a74a-65 > .kt-inside-inner-col{flex-direction:column;}.kadence-column1413_a1a74a-65 > .kt-inside-inner-col > .aligncenter{width:100%;}.kadence-column1413_a1a74a-65 > .kt-inside-inner-col:before{opacity:0.3;}.kadence-column1413_a1a74a-65{position:relative;}.kadence-column1413_a1a74a-65, .kt-inside-inner-col > .kadence-column1413_a1a74a-65:not(.specificity){margin-top:0px;margin-right:10px;margin-bottom:0px;margin-left:10px;}@media all and (max-width: 1024px){.kadence-column1413_a1a74a-65 > .kt-inside-inner-col{flex-direction:column;justify-content:center;}}@media all and (max-width: 1024px){.kadence-column1413_a1a74a-65, .kt-inside-inner-col > .kadence-column1413_a1a74a-65:not(.specificity){margin-top:0px;margin-right:0px;margin-bottom:0px;margin-left:0px;}}@media all and (max-width: 767px){.kadence-column1413_a1a74a-65 > .kt-inside-inner-col{flex-direction:column;justify-content:center;}}<\/style>\n<div class=\"wp-block-kadence-column kadence-column1413_a1a74a-65 inner-column-2\"><div class=\"kt-inside-inner-col\"><style>.wp-block-kadence-column.kb-section-dir-horizontal > .kt-inside-inner-col > .kt-info-box1413_524363-29 .kt-blocks-info-box-link-wrap{max-width:unset;}.kt-info-box1413_524363-29 .kt-blocks-info-box-link-wrap{border-top:1px solid var(--global-palette7, #EDF2F7);border-right:1px solid var(--global-palette7, #EDF2F7);border-bottom:1px solid var(--global-palette7, #EDF2F7);border-left:1px solid var(--global-palette7, #EDF2F7);border-top-left-radius:10px;border-top-right-radius:10px;border-bottom-right-radius:10px;border-bottom-left-radius:10px;background:#007bff;padding-top:30px;padding-right:30px;padding-bottom:30px;padding-left:30px;margin-bottom:0px;}.kt-info-box1413_524363-29 .kt-blocks-info-box-link-wrap:hover{background:#6a6dec;}.kt-info-box1413_524363-29 .kadence-info-box-icon-container .kt-info-svg-icon, .kt-info-box1413_524363-29 .kt-info-svg-icon-flip, .kt-info-box1413_524363-29 .kt-blocks-info-box-number{font-size:50px;}.kt-info-box1413_524363-29 .kt-blocks-info-box-media{color:#444444;background:transparent;border-color:#444444;border-top-width:0px;border-right-width:0px;border-bottom-width:0px;border-left-width:0px;padding-top:0px;padding-right:0px;padding-bottom:0px;padding-left:0px;}.kt-info-box1413_524363-29 .kt-blocks-info-box-media-container{margin-top:0px;margin-right:15px;margin-bottom:0px;margin-left:0px;}.kt-info-box1413_524363-29 .kt-blocks-info-box-link-wrap:hover .kt-blocks-info-box-media{color:#444444;background:transparent;border-color:#444444;}.kt-info-box1413_524363-29 .kt-infobox-textcontent h6.kt-blocks-info-box-title{line-height:1.3em;padding-top:0px;padding-right:0px;padding-bottom:0px;padding-left:0px;margin-top:0px;margin-right:0px;margin-bottom:14px;margin-left:0px;}.kt-info-box1413_524363-29 .kt-infobox-textcontent .kt-blocks-info-box-text{color:var(--base-3);}.wp-block-kadence-infobox.kt-info-box1413_524363-29 .kt-blocks-info-box-text{text-transform:capitalize;}.kt-info-box1413_524363-29 .kt-blocks-info-box-learnmore{background:transparent;border-color:#555555;border-width:0px 0px 0px 0px;padding-top:4px;padding-right:8px;padding-bottom:4px;padding-left:8px;margin-top:10px;margin-right:0px;margin-bottom:10px;margin-left:0px;}.kt-info-box1413_524363-29 .kt-blocks-info-box-link-wrap:hover .kt-blocks-info-box-learnmore,.kt-info-box1413_524363-29 .kt-blocks-info-box-link-wrap .kt-blocks-info-box-learnmore:focus{color:#ffffff;background:#444444;border-color:#444444;}.kt-info-box1413_524363-29 .kt-blocks-info-box-link-wrap{box-shadow:0px 0px 0px 0px rgba(0, 0, 0, 0);}.kt-info-box1413_524363-29 .kt-blocks-info-box-link-wrap:hover{box-shadow:20px 20px 80px 0px rgba(27, 0, 79, 0.06);}@media all and (max-width: 1024px){.kt-info-box1413_524363-29 .kt-blocks-info-box-link-wrap{border-top:1px solid var(--global-palette7, #EDF2F7);border-right:1px solid var(--global-palette7, #EDF2F7);border-bottom:1px solid var(--global-palette7, #EDF2F7);border-left:1px solid var(--global-palette7, #EDF2F7);box-shadow:0px 0px 0px 0px rgba(0, 0, 0, 0);}}@media all and (max-width: 1024px){.kt-info-box1413_524363-29 .kt-blocks-info-box-link-wrap:hover{box-shadow:20px 20px 80px 0px rgba(27, 0, 79, 0.06);}}@media all and (max-width: 767px){.kt-info-box1413_524363-29 .kt-blocks-info-box-link-wrap{border-top:1px solid var(--global-palette7, #EDF2F7);border-right:1px solid var(--global-palette7, #EDF2F7);border-bottom:1px solid var(--global-palette7, #EDF2F7);border-left:1px solid var(--global-palette7, #EDF2F7);text-align:center;display:block;box-shadow:0px 0px 0px 0px rgba(0, 0, 0, 0);}.kt-info-box1413_524363-29 .kt-blocks-info-box-link-wrap .kt-blocks-info-box-media{display:inline-block;max-width:100%;}.kt-info-box1413_524363-29 .kt-blocks-info-box-link-wrap:hover{box-shadow:20px 20px 80px 0px rgba(27, 0, 79, 0.06);}}<\/style>\n<div class=\"wp-block-kadence-infobox kt-info-box1413_524363-29\"><a class=\"kt-blocks-info-box-link-wrap info-box-link kt-blocks-info-box-media-align-top kt-info-halign-center kb-info-box-vertical-media-align-top kb-info-mobile-halign-center\" target=\"_blank\" rel=\"noopener noreferrer\" href=\"https:\/\/easycpstest.com\/tr\/\" aria-label=\"H\u0131z Testi | CPS Testi\"><div class=\"kt-infobox-textcontent\"><p class=\"kt-blocks-info-box-text\"><strong>TIKLAMA HIZI TEST\u0130 | CPS TEST\u0130<\/strong><\/p><\/div><\/a><\/div>\n<\/div><\/div>\n\n\n<style>.kadence-column1413_3d73af-9c > .kt-inside-inner-col{padding-top:10px;padding-right:10px;padding-bottom:10px;padding-left:10px;}.kadence-column1413_3d73af-9c > .kt-inside-inner-col,.kadence-column1413_3d73af-9c > .kt-inside-inner-col:before{border-top-left-radius:0px;border-top-right-radius:0px;border-bottom-right-radius:0px;border-bottom-left-radius:0px;}.kadence-column1413_3d73af-9c > .kt-inside-inner-col{column-gap:var(--global-kb-gap-sm, 1rem);}.kadence-column1413_3d73af-9c > .kt-inside-inner-col{flex-direction:column;}.kadence-column1413_3d73af-9c > .kt-inside-inner-col > .aligncenter{width:100%;}.kadence-column1413_3d73af-9c > .kt-inside-inner-col:before{opacity:0.3;}.kadence-column1413_3d73af-9c{position:relative;}.kadence-column1413_3d73af-9c, .kt-inside-inner-col > .kadence-column1413_3d73af-9c:not(.specificity){margin-top:0px;margin-right:0px;margin-bottom:0px;margin-left:20px;}@media all and (max-width: 1024px){.kadence-column1413_3d73af-9c > .kt-inside-inner-col{flex-direction:column;justify-content:center;}}@media all and (max-width: 1024px){.kadence-column1413_3d73af-9c, .kt-inside-inner-col > .kadence-column1413_3d73af-9c:not(.specificity){margin-top:0px;margin-right:0px;margin-bottom:0px;margin-left:0px;}}@media all and (max-width: 767px){.kadence-column1413_3d73af-9c > .kt-inside-inner-col{flex-direction:column;justify-content:center;}}<\/style>\n<div class=\"wp-block-kadence-column kadence-column1413_3d73af-9c inner-column-3\"><div class=\"kt-inside-inner-col\"><\/div><\/div>\n\n<\/div><\/div>\n\n\n<h2 style=\"color: #ffffff;font-weight: 400;background:  #007bff;width: auto;margin: 1em 0px;font-size: 25px;line-height: 1;padding: 14px;border-left: 40px solid #000000;box-shadow: #c7c7c7 0px 2px 15px 0px;text-align:;\"><span id=\"Butterfly_Click_Online_Test  \"><strong> Kelebek T\u0131klama \u00c7evrimi\u00e7i Testi  \n<\/strong><\/span><\/h2>\n\n\n\n<p class=\"wp-block-paragraph\">Oyuncunun Butterfly Click Online Test oyununda rakibini \u00e7ivilemek i\u00e7in ezici bir \u015fekilde iyi bir performans sergilemek istedi\u011fini varsayal\u0131m, bu y\u00fczden se\u00e7im yapmak i\u00e7in m\u00fckemmel bir oyundur. Belirgin bir \u015fekilde, oyun, \u00e7ekici uygulama ile t\u0131klay\u0131c\u0131n\u0131n t\u0131klama becerisini geli\u015ftirmesine yard\u0131mc\u0131 olur. Ayr\u0131ca, etkili uygulama, bir sonraki seviyeye t\u0131klamay\u0131 geli\u015ftirir.&nbsp;<\/p>\n\n\n\n<p class=\"wp-block-paragraph\">Buna kar\u015f\u0131l\u0131k, Kelebek T\u0131klama Testi, di\u011fer t\u00fcm T\u0131klama Oyunlar\u0131nda ve benzersiz modlarda h\u00fckmetmek ve ustala\u015fmak i\u00e7in zahmetsizdir.&nbsp; &nbsp;<\/p>\n\n\n\n<p class=\"wp-block-paragraph\">Kelebek T\u0131klama y\u00f6nteminde 2 parma\u011f\u0131n\u0131z\u0131 kullanarak alternatif olarak fare t\u0131klama d\u00fc\u011fmesine tek tek dokunabilirsiniz. Tekrarlayan eylem, oyuncunun birka\u00e7 saniye i\u00e7inde daha fazla t\u0131klama atamas\u0131n\u0131 sa\u011flar. T\u0131klama oyununda parmak yerine 2 parmak kullanabilir ve daha fazla t\u0131klama i\u015faretleyebilirsiniz.<\/p>\n\n\n\n<p class=\"wp-block-paragraph\">Di\u011fer t\u00fcm CPS Testleri gibi Butterfly Click Test de parmaklar\u0131n\u0131z\u0131n reflekslerini ve zihninizin tepkilerini belli bir zaman aral\u0131\u011f\u0131nda kaydetmek i\u00e7in tasarlanm\u0131\u015ft\u0131r.&nbsp;&nbsp;<\/p>\n\n\n<div class=\"wp-block-image\">\n<figure class=\"aligncenter size-full\"><img loading=\"lazy\" decoding=\"async\" width=\"768\" height=\"452\" src=\"https:\/\/easycpstest.com\/wp-content\/uploads\/2022\/03\/butterfly-1.png\" alt=\"Butterfly Click Test\" class=\"wp-image-1567\" srcset=\"https:\/\/easycpstest.com\/wp-content\/uploads\/2022\/03\/butterfly-1.png 768w, https:\/\/easycpstest.com\/wp-content\/uploads\/2022\/03\/butterfly-1-300x177.png 300w\" sizes=\"auto, (max-width: 768px) 100vw, 768px\" \/><\/figure>\n<\/div>\n\n\n<h3 style=\"color: #ffffff;font-weight: 400;background:  #007bff;width: auto;margin: 1em 0px;font-size: 25px;line-height: 1;padding: 14px;border-left: 40px solid #000000;box-shadow: #c7c7c7 0px 2px 15px 0px;text-align:;\"><span id=\"How_fast_are_you? Find_out_now!\"><strong> ne kadar h\u0131zl\u0131s\u0131n \u015eimdi \u00f6\u011frenmek!  \n<\/strong><\/span><\/h3>\n\n\n\n<p class=\"wp-block-paragraph\">S\u00fcrekli Kelebek T\u0131klama, daha fazla t\u0131klamay\u0131 dizine eklemenizi sa\u011flar. Bu nedenle, vurgulanan kutuya kuvvetli bir \u015fekilde t\u0131klay\u0131n ve Butterfly Click Online Game&#039;in verimlili\u011finizi kaydetmesine izin verin. Oyuncu, bu oyunu uzun mesafeli bir arkada\u015f\u0131yla oynamak isterse, o oyuna bir ba\u011flant\u0131 g\u00f6ndererek onlara oynamay\u0131 teklif edebilir. Sonunda, y\u00fcksek puan alan oyuncu ma\u00e7\u0131 kazan\u0131r.&nbsp;<\/p>\n\n\n\n<h3 style=\"color: #ffffff;font-weight: 400;background:  #007bff;width: auto;margin: 1em 0px;font-size: 25px;line-height: 1;padding: 14px;border-left: 40px solid #000000;box-shadow: #c7c7c7 0px 2px 15px 0px;text-align:;\"><span id=\"Features_of_Butterfly_Click_Test\"><strong> Kelebek T\u0131klama Testinin \u00d6zellikleri \n<\/strong><\/span><\/h3>\n\n\n\n<p class=\"wp-block-paragraph\">Neyse ki, Kelebek T\u0131klama Testi, ana ak\u0131m oynamadan \u00f6nce t\u0131klama al\u0131\u015ft\u0131rmas\u0131 sunan se\u00e7kin bir \u00f6zelli\u011fe sahiptir. Ancak oyuncu, oyundaki maksimum t\u0131klamay\u0131 indekslemek i\u00e7in kaslar\u0131 ve beyni ayn\u0131 h\u0131zda kullan\u0131r. Birka\u00e7 saniye i\u00e7inde, egzersiz eklemlerinizi ve kaslar\u0131n\u0131z\u0131 rahats\u0131z etmez. Hen\u00fcz yorgunluk yok, g\u00fcvenli.&nbsp;<\/p>\n\n\n\n<p class=\"wp-block-paragraph\">Ayr\u0131ca Kelebek T\u0131klama Oyunu, oyuncular\u0131n internette bo\u015f zamanlar\u0131n\u0131 \u00f6ld\u00fcrmeleri i\u00e7in heyecan verici bir oyundur. Yaz\u0131l\u0131m\u0131n be\u011fendi\u011finiz filmi y\u00fcklemesini veya y\u00fcklemesini beklerken, becerinizi geli\u015ftirmek i\u00e7in t\u0131klama al\u0131\u015ft\u0131rmas\u0131 yapabilirsiniz. Ancak oyuncu, herhangi bir uygulama veya s\u00fcr\u00fcc\u00fc indirmeden Butterfly Click Online Game&#039;in keyfini \u00e7\u0131karabilir.<\/p>\n\n\n\n<h4 style=\"color: #ffffff;font-weight: 400;background:  #007bff;width: auto;margin: 1em 0px;font-size: 25px;line-height: 1;padding: 14px;border-left: 40px solid #000000;box-shadow: #c7c7c7 0px 2px 15px 0px;text-align:;\"><span id=\"Advantage_of_Clicks\"><strong> Kelebek T\u0131klaman\u0131n Avantaj\u0131\n<\/strong><\/span><\/h4>\n\n\n\n<p class=\"wp-block-paragraph\">Bundan sonra, Kelebek T\u0131klama, oyuncunun bo\u015f zaman\u0131 etkili bir \u015fekilde \u00f6ld\u00fcrmesine yard\u0131mc\u0131 olur. Ayr\u0131ca oyuncu, deneyim yoluyla h\u0131zl\u0131 t\u0131klama ve dokunma becerilerini geli\u015ftirir. Alternatif olarak, sosyal medya arkada\u015flar\u0131 k\u0131rd\u0131klar\u0131 rekoru k\u0131rmak i\u00e7in meydan okuyor. Ayr\u0131ca, uzun mesafeli en iyi arkada\u015flar, sosyal medya hesaplar\u0131 ile oyunu oynaman\u0131n keyfini \u00e7\u0131karabilirler.&nbsp;<\/p>\n\n\n\n<p class=\"wp-block-paragraph\">Neyse ki,&nbsp;<a href=\"https:\/\/easycpstest.com\/tr\/drag-click-test\/\" target=\"_blank\" rel=\"noreferrer noopener\">S\u00fcr\u00fckle T\u0131klama Testi<\/a> \u00c7evrimi\u00e7i Oyun mobil uyumludur, bu nedenle mobil kullan\u0131c\u0131lar herhangi bir zorluk ya\u015famadan oyunun tad\u0131n\u0131 \u00e7\u0131karabilirler.<\/p>\n\n\n\n<h3 style=\"color: #ffffff;font-weight: 400;background:  #007bff;width: auto;margin: 1em 0px;font-size: 25px;line-height: 1;padding: 14px;border-left: 40px solid #000000;box-shadow: #c7c7c7 0px 2px 15px 0px;text-align:;\"><span id=\"How to Play Butterfly Click Game\"><strong> Kelebek T\u0131klama Oyunu Nas\u0131l Oynan\u0131r?\n<\/strong><\/span><\/h3>\n\n\n\n<p class=\"wp-block-paragraph\">Di\u011fer t\u00fcm oyunlar gibi Butterfly Click Oyunu da kolay olmas\u0131 nedeniyle oynamas\u0131 zahmetsizdir.&nbsp;<\/p>\n\n\n\n<ul class=\"wp-block-list\">\n<li><strong>Vurgulanan kutuya gidin ve oyunda t\u0131klamay\u0131 atamak i\u00e7in 2 parma\u011f\u0131n\u0131zla dokunmaya ba\u015flay\u0131n.<\/strong><\/li>\n\n\n\n<li><strong>Daha sonra kutunun d\u0131\u015f\u0131na dokunmay\u0131n. T\u0131klanabilir alana yaln\u0131zca 10 saniye i\u00e7inde bir t\u0131klama atay\u0131n.<\/strong><\/li>\n\n\n\n<li><strong>Daha sonra Kelebek T\u0131klama puan\u0131n\u0131z otomatik olarak gelen mesaj kutusunda g\u00f6r\u00fcnecektir.&nbsp;<\/strong><\/li>\n\n\n\n<li><strong>Oyun, sonu\u00e7lar\u0131 ve kay\u0131tlar\u0131 WhatsApp, Facebook ve Linked In gibi sosyal medya platformlar\u0131 arac\u0131l\u0131\u011f\u0131yla payla\u015fabilir.<\/strong><\/li>\n<\/ul>\n\n\n\n<p class=\"wp-block-paragraph\"><strong>Yeni ba\u015flayanlar i\u00e7in not<\/strong><\/p>\n\n\n\n<p class=\"wp-block-paragraph\">Tek tip uygulama, acemiyi Kelebek T\u0131klama Oyunlar\u0131nda uzman yapar. \u00dcstelik oyuncuyu profesyonel bir oyuncu yap\u0131yor.<\/p>\n\n\n\n<h2 class=\"wp-block-heading has-text-align-center\">S\u0131k\u00e7a Sorulan Sorular<\/h2>\n\n\n\n<div class=\"schema-faq wp-block-yoast-faq-block\"><div class=\"schema-faq-section\" id=\"faq-question-1677485983455\"><strong class=\"schema-faq-question\">Kelebek T\u0131klama Testi nedir?<\/strong> <p class=\"schema-faq-answer\">Kelebek T\u0131klama Testi, Kelebek t\u0131klama tekni\u011fini kullanarak belirli bir s\u00fcre i\u00e7inde ka\u00e7 t\u0131klama yapabilece\u011finizi \u00f6l\u00e7en \u00e7evrimi\u00e7i bir testtir.<\/p> <\/div> <div class=\"schema-faq-section\" id=\"faq-question-1677486023900\"><strong class=\"schema-faq-question\">Kelebek t\u0131klama tekni\u011fi nedir?<\/strong> <p class=\"schema-faq-answer\">Kelebek t\u0131klama tekni\u011fi, fare d\u00fc\u011fmesini tekrar tekrar ve h\u0131zl\u0131 bir \u015fekilde t\u0131klamak i\u00e7in iki parma\u011f\u0131n kullan\u0131lmas\u0131n\u0131 i\u00e7erir. Bu teknik genellikle oyuncular taraf\u0131ndan tek parmakla elde edebileceklerinden daha y\u00fcksek bir t\u0131klama h\u0131z\u0131 elde etmek i\u00e7in kullan\u0131l\u0131r.<\/p> <\/div> <div class=\"schema-faq-section\" id=\"faq-question-1677486033867\"><strong class=\"schema-faq-question\">Kelebek T\u0131klama Testi puan\u0131m\u0131 y\u00fckseltebilir miyim?<\/strong> <p class=\"schema-faq-answer\">Evet, pratik yaparak Kelebek T\u0131klama Testi puan\u0131n\u0131z\u0131 art\u0131rabilirsiniz. Tekni\u011finize odaklanmay\u0131 ve farenizi rahat bir \u015fekilde kavramay\u0131 deneyin. Bunun i\u015fe yaray\u0131p yaramad\u0131\u011f\u0131n\u0131 g\u00f6rmek i\u00e7in farkl\u0131 fare t\u00fcrleri kullanmay\u0131 veya farenizin ayarlar\u0131n\u0131 de\u011fi\u015ftirmeyi de deneyebilirsiniz.<\/p> <\/div> <div class=\"schema-faq-section\" id=\"faq-question-1677486048365\"><strong class=\"schema-faq-question\">Kelebek T\u0131klama Testi almak i\u00e7in herhangi bir ipucu var m\u0131?<\/strong> <p class=\"schema-faq-answer\">Evet, Kelebek T\u0131klama Testi&#039;ne girmek i\u00e7in baz\u0131 ipu\u00e7lar\u0131: <br\/>1) Farenizi rahat bir \u015fekilde kavray\u0131n<br\/>2) Parmaklar\u0131n\u0131z\u0131 rahat ve esnek tutun<br\/>3) H\u0131z ve do\u011frulu\u011fa odaklan\u0131n<br\/>4) Kontrol\u00fc kaybetmeden m\u00fcmk\u00fcn oldu\u011funca \u00e7abuk t\u0131klamaya \u00e7al\u0131\u015f\u0131n ve 5) Puan\u0131n\u0131z\u0131 art\u0131rmak i\u00e7in d\u00fczenli olarak pratik yap\u0131n.<br\/><\/p> <\/div> <div class=\"schema-faq-section\" id=\"faq-question-1677486096483\"><strong class=\"schema-faq-question\">Mobil cihaz\u0131mda Kelebek T\u0131klama Testi yapabilir miyim?<\/strong> <p class=\"schema-faq-answer\">Baz\u0131 web siteleri Kelebek T\u0131klama Testinin mobil s\u00fcr\u00fcm\u00fcn\u00fc sunsa da, genellikle en do\u011fru sonu\u00e7lar i\u00e7in testi bir bilgisayarda veya diz\u00fcst\u00fc bilgisayarda fareyle yapman\u0131z \u00f6nerilir.<\/p> <\/div> <\/div>","protected":false},"excerpt":{"rendered":"<p>Butterfly Click Test | Easy CPS Test For 10 seconds, mark continuous clicks on the clicking area of the Butterfly Click Test to check the clicking efficiency of the gamer. In contrast to other clicking tricks,&nbsp;Butterfly Click Test&nbsp;has become famous &#8230; <\/p>\n<p class=\"read-more-container\"><a title=\"Butterfly Click Test | Click Tests | Easy CPS Test\" class=\"read-more button\" href=\"https:\/\/easycpstest.com\/tr\/butterfly-click-test\/#more-1413\" aria-label=\"More on Butterfly Click Test | Click Tests | Easy CPS Test\">Daha fazla oku<\/a><\/p>","protected":false},"author":1,"featured_media":0,"parent":0,"menu_order":0,"comment_status":"closed","ping_status":"closed","template":"","meta":{"_crdt_document":"","footnotes":""},"class_list":{"0":"post-1413","1":"page","2":"type-page","3":"status-publish","5":"no-featured-image-padding"},"_links":{"self":[{"href":"https:\/\/easycpstest.com\/tr\/wp-json\/wp\/v2\/pages\/1413","targetHints":{"allow":["GET"]}}],"collection":[{"href":"https:\/\/easycpstest.com\/tr\/wp-json\/wp\/v2\/pages"}],"about":[{"href":"https:\/\/easycpstest.com\/tr\/wp-json\/wp\/v2\/types\/page"}],"author":[{"embeddable":true,"href":"https:\/\/easycpstest.com\/tr\/wp-json\/wp\/v2\/users\/1"}],"replies":[{"embeddable":true,"href":"https:\/\/easycpstest.com\/tr\/wp-json\/wp\/v2\/comments?post=1413"}],"version-history":[{"count":17,"href":"https:\/\/easycpstest.com\/tr\/wp-json\/wp\/v2\/pages\/1413\/revisions"}],"predecessor-version":[{"id":2169,"href":"https:\/\/easycpstest.com\/tr\/wp-json\/wp\/v2\/pages\/1413\/revisions\/2169"}],"wp:attachment":[{"href":"https:\/\/easycpstest.com\/tr\/wp-json\/wp\/v2\/media?parent=1413"}],"curies":[{"name":"wp","href":"https:\/\/api.w.org\/{rel}","templated":true}]}}