{"id":222,"date":"2025-02-10T06:51:24","date_gmt":"2025-02-10T06:51:24","guid":{"rendered":"https:\/\/easycpstest.com\/?page_id=222"},"modified":"2025-02-10T06:51:25","modified_gmt":"2025-02-10T06:51:25","slug":"20-seconds","status":"publish","type":"page","link":"https:\/\/easycpstest.com\/tr\/20-seconds\/","title":{"rendered":"20 Second Click Test &#8211; Easy CPS Test"},"content":{"rendered":"<h1 class=\"wp-block-heading has-text-align-center\"><strong>20 Second Click Test &#8211; Easy CPS Test<\/strong><\/h1>\n\n\n\n<p class=\"has-text-align-center wp-block-paragraph\">Bu yirmi saniyelik t\u0131klama m\u00fccadelesi ile t\u0131klama vuru\u015flar\u0131n\u0131z\u0131 k\u0131sa s\u00fcrede oyun d\u00fcnyas\u0131na kar\u015f\u0131 test edebilirsiniz.<\/p>\n\n\n<div class=\"page-wrapper\">\n\t<div class=\"row\">\n\t\t<div class=\"col-lg-12 col-md-12 custom-container\">\n\t\t\t<div class=\"card\">\n\t\t\t\t<header class=\"entry-header\">\n\t\t\t\t\t\t\t\t\t<\/header>\n\t\t\t\t\t\t\t\t<div class=\"bt-click-inner\">\n\t\t\t\t\t<div class=\"card-header\">\n\t\t\t\t\t\t<div class=\"bt-header-timer\">\n\t\t\t\t\t\t\t<div class=\"bt-time-btn blue-btn\">\n\t\t\t\t\t\t\t\t<h4 class=\"mb-0\"><span id=\"timer\">0<\/span><\/h4>\n\t\t\t\t\t\t\t\t<small class=\"mb-0 sm-custom\">zamanlay\u0131c\u0131<\/small>\n\t\t\t\t\t\t\t<\/div>\n\t\t\t\t\t\t\t<div class=\"bt-time-btn orange-btn\">\n\t\t\t\t\t\t\t\t<h4 class=\"mb-0\"><span id=\"clicks\">0<\/span><\/h4>\n\t\t\t\t\t\t\t\t<small class=\"mb-0 sm-custom\">T\u0131klama\/s<\/small>\n\t\t\t\t\t\t\t<\/div>\n\t\t\t\t\t\t\t<div class=\"bt-time-btn green-btn\">\n\t\t\t\t\t\t\t\t<h4 class=\"mb-0\"><span id=\"score\">0<\/span><\/h4>\n\t\t\t\t\t\t\t\t<small class=\"mb-0 sm-custom\">Puan<\/small>\n\t\t\t\t\t\t\t<\/div>\n\t\t\t\t\t\t<\/div>\n\t\t\t\t\t<\/div>\n\t\t\t\t\t<div class=\"card-body\">\n\t\t\t\t\t\t<div class=\"bt-click-area\" id=\"bt-click-area\">\n\t\t\t\t\t\t\t<button id=\"start\" type=\"button\" class=\"btn-light btn-round waves-effect waves-light\">OYNAMAYA BA\u015eLAMAK \u0130\u00c7\u0130N TIKLAYIN<\/button>\n\t\t\t\t\t\t<\/div>\n\t\t\t\t\t<\/div>\n\t\t\t\t\t<button type=\"button\" data-toggle=\"modal\" data-target=\"#click-result-modal\" style=\"display: none;\" id=\"trigger-modal\">Modu ba\u015flat<\/button>\n\t\t\t\t<\/div>\n\t\t\t<\/div>\n\t\t<\/div>\n\t\t\t<\/div>\n<\/div>\n\n\n\n<h2 style=\"color: #ffffff;font-weight: 400;background: #007bff;width: auto;margin: 1em 0px;font-size: 25px;line-height: 1;padding: 14px;border-left: 40px solid #000000;box-shadow: #c7c7c7 0px 2px 15px 0px;text-align:;\"><span id=\"What_is_a_20_Seconds_Click_Test\"><strong>20 Saniyelik T\u0131klama Testi nedir?<\/strong><\/span><\/h2>\n\n\n\n<p class=\"wp-block-paragraph\">20 saniyelik t\u0131klama testinde, ba\u015flat d\u00fc\u011fmesine t\u0131klamal\u0131 ve 20 saniye i\u00e7inde olabildi\u011fince h\u0131zl\u0131 ba\u015flamal\u0131y\u0131z.<\/p>\n\n\n<style>.kb-row-layout-wrap.wp-block-kadence-rowlayout.kb-row-layout-id222_d141c6-1e{margin-bottom:0px;}.kb-row-layout-id222_d141c6-1e > .kt-row-column-wrap{align-content:start;}:where(.kb-row-layout-id222_d141c6-1e > .kt-row-column-wrap) > .wp-block-kadence-column{justify-content:start;}.kb-row-layout-id222_d141c6-1e > .kt-row-column-wrap{column-gap:var(--global-kb-gap-none, 0rem );row-gap:var(--global-kb-gap-none, 0rem );max-width:1200px;padding-top:30px;padding-right:0px;padding-bottom:30px;padding-left:0px;}.kb-row-layout-id222_d141c6-1e > .kt-row-column-wrap > div:not(.added-for-specificity){grid-column:initial;}.kb-row-layout-id222_d141c6-1e > .kt-row-column-wrap{grid-template-columns:minmax(0, 1fr) minmax(0, 3fr) minmax(0, 1fr);}.kb-row-layout-id222_d141c6-1e > .kt-row-layout-overlay{opacity:0.30;background:linear-gradient(180deg,  0%, #00B5E2 100%);}.kb-row-layout-id222_d141c6-1e .kt-row-layout-bottom-sep{height:100px;}.kb-row-layout-id222_d141c6-1e .kt-row-layout-bottom-sep svg{width:100%;}.kb-row-layout-id222_d141c6-1e .kt-row-layout-bottom-sep svg{fill:#ffffff!important;}@media all and (max-width: 1024px){.kb-row-layout-id222_d141c6-1e > .kt-row-column-wrap{padding-top:0px;padding-right:50px;padding-bottom:80px;padding-left:50px;grid-template-columns:minmax(0, 1fr);}}@media all and (max-width: 1024px){.kb-row-layout-id222_d141c6-1e > .kt-row-column-wrap > div:not(.added-for-specificity){grid-column:initial;}}@media all and (max-width: 1024px){.kb-row-layout-id222_d141c6-1e .kt-row-layout-bottom-sep{height:px;}}@media all and (max-width: 1024px){.kb-row-layout-id222_d141c6-1e .kt-row-layout-bottom-sep svg{width:%;}}@media all and (max-width: 767px){.kb-row-layout-id222_d141c6-1e > .kt-row-column-wrap{padding-top:40px;padding-right:20px;padding-bottom:50px;padding-left:20px;grid-template-columns:minmax(0, 1fr);}.kb-row-layout-id222_d141c6-1e > .kt-row-column-wrap > div:not(.added-for-specificity){grid-column:initial;}.kb-row-layout-id222_d141c6-1e .kt-row-layout-bottom-sep{height:px;}.kb-row-layout-id222_d141c6-1e .kt-row-layout-bottom-sep svg{width:%;}}<\/style><div class=\"kb-row-layout-wrap kb-row-layout-id222_d141c6-1e alignnone kt-row-has-bg wp-block-kadence-rowlayout\"><div class=\"kt-row-layout-overlay kt-row-overlay-gradient\"><\/div><div class=\"kt-row-column-wrap kt-has-3-columns kt-row-layout-center-wide kt-tab-layout-row kt-mobile-layout-row kt-row-valign-top kb-theme-content-width\">\n<style>.kadence-column222_9515ce-28 > .kt-inside-inner-col{padding-top:10px;padding-right:10px;padding-bottom:10px;padding-left:10px;}.kadence-column222_9515ce-28 > .kt-inside-inner-col,.kadence-column222_9515ce-28 > .kt-inside-inner-col:before{border-top-left-radius:0px;border-top-right-radius:0px;border-bottom-right-radius:0px;border-bottom-left-radius:0px;}.kadence-column222_9515ce-28 > .kt-inside-inner-col{column-gap:var(--global-kb-gap-sm, 1rem);}.kadence-column222_9515ce-28 > .kt-inside-inner-col{flex-direction:column;}.kadence-column222_9515ce-28 > .kt-inside-inner-col > .aligncenter{width:100%;}.kadence-column222_9515ce-28 > .kt-inside-inner-col:before{opacity:0.3;}.kadence-column222_9515ce-28{position:relative;}.kadence-column222_9515ce-28, .kt-inside-inner-col > .kadence-column222_9515ce-28:not(.specificity){margin-top:0px;margin-right:20px;margin-bottom:0px;margin-left:0px;}@media all and (max-width: 1024px){.kadence-column222_9515ce-28 > .kt-inside-inner-col{flex-direction:column;justify-content:center;}}@media all and (max-width: 1024px){.kadence-column222_9515ce-28, .kt-inside-inner-col > .kadence-column222_9515ce-28:not(.specificity){margin-top:0px;margin-right:0px;margin-bottom:0px;margin-left:0px;}}@media all and (max-width: 767px){.kadence-column222_9515ce-28 > .kt-inside-inner-col{flex-direction:column;justify-content:center;}}<\/style>\n<div class=\"wp-block-kadence-column kadence-column222_9515ce-28 inner-column-1\"><div class=\"kt-inside-inner-col\"><\/div><\/div>\n\n\n<style>.kadence-column222_1229b1-d5 > .kt-inside-inner-col{padding-top:10px;padding-right:10px;padding-bottom:10px;padding-left:10px;}.kadence-column222_1229b1-d5 > .kt-inside-inner-col,.kadence-column222_1229b1-d5 > .kt-inside-inner-col:before{border-top-left-radius:0px;border-top-right-radius:0px;border-bottom-right-radius:0px;border-bottom-left-radius:0px;}.kadence-column222_1229b1-d5 > .kt-inside-inner-col{column-gap:var(--global-kb-gap-sm, 1rem);}.kadence-column222_1229b1-d5 > .kt-inside-inner-col{flex-direction:column;}.kadence-column222_1229b1-d5 > .kt-inside-inner-col > .aligncenter{width:100%;}.kadence-column222_1229b1-d5 > .kt-inside-inner-col:before{opacity:0.3;}.kadence-column222_1229b1-d5{position:relative;}.kadence-column222_1229b1-d5, .kt-inside-inner-col > .kadence-column222_1229b1-d5:not(.specificity){margin-top:0px;margin-right:10px;margin-bottom:0px;margin-left:10px;}@media all and (max-width: 1024px){.kadence-column222_1229b1-d5 > .kt-inside-inner-col{flex-direction:column;justify-content:center;}}@media all and (max-width: 1024px){.kadence-column222_1229b1-d5, .kt-inside-inner-col > .kadence-column222_1229b1-d5:not(.specificity){margin-top:0px;margin-right:0px;margin-bottom:0px;margin-left:0px;}}@media all and (max-width: 767px){.kadence-column222_1229b1-d5 > .kt-inside-inner-col{flex-direction:column;justify-content:center;}}<\/style>\n<div class=\"wp-block-kadence-column kadence-column222_1229b1-d5 inner-column-2\"><div class=\"kt-inside-inner-col\"><style>.wp-block-kadence-column.kb-section-dir-horizontal > .kt-inside-inner-col > .kt-info-box222_d8d1bb-c3 .kt-blocks-info-box-link-wrap{max-width:unset;}.kt-info-box222_d8d1bb-c3 .kt-blocks-info-box-link-wrap{border-top:1px solid var(--global-palette7, #EDF2F7);border-right:1px solid var(--global-palette7, #EDF2F7);border-bottom:1px solid var(--global-palette7, #EDF2F7);border-left:1px solid var(--global-palette7, #EDF2F7);border-top-left-radius:10px;border-top-right-radius:10px;border-bottom-right-radius:10px;border-bottom-left-radius:10px;background:#007bff;padding-top:30px;padding-right:30px;padding-bottom:30px;padding-left:30px;margin-bottom:0px;}.kt-info-box222_d8d1bb-c3 .kt-blocks-info-box-link-wrap:hover{background:#6a6dec;}.kt-info-box222_d8d1bb-c3 .kadence-info-box-icon-container .kt-info-svg-icon, .kt-info-box222_d8d1bb-c3 .kt-info-svg-icon-flip, .kt-info-box222_d8d1bb-c3 .kt-blocks-info-box-number{font-size:50px;}.kt-info-box222_d8d1bb-c3 .kt-blocks-info-box-media{color:#444444;background:transparent;border-color:#444444;border-top-width:0px;border-right-width:0px;border-bottom-width:0px;border-left-width:0px;padding-top:0px;padding-right:0px;padding-bottom:0px;padding-left:0px;}.kt-info-box222_d8d1bb-c3 .kt-blocks-info-box-media-container{margin-top:0px;margin-right:15px;margin-bottom:0px;margin-left:0px;}.kt-info-box222_d8d1bb-c3 .kt-blocks-info-box-link-wrap:hover .kt-blocks-info-box-media{color:#444444;background:transparent;border-color:#444444;}.kt-info-box222_d8d1bb-c3 .kt-infobox-textcontent h6.kt-blocks-info-box-title{line-height:1.3em;padding-top:0px;padding-right:0px;padding-bottom:0px;padding-left:0px;margin-top:0px;margin-right:0px;margin-bottom:14px;margin-left:0px;}.kt-info-box222_d8d1bb-c3 .kt-infobox-textcontent .kt-blocks-info-box-text{color:var(--base-3);}.wp-block-kadence-infobox.kt-info-box222_d8d1bb-c3 .kt-blocks-info-box-text{text-transform:capitalize;}.kt-info-box222_d8d1bb-c3 .kt-blocks-info-box-learnmore{background:transparent;border-color:#555555;border-width:0px 0px 0px 0px;padding-top:4px;padding-right:8px;padding-bottom:4px;padding-left:8px;margin-top:10px;margin-right:0px;margin-bottom:10px;margin-left:0px;}.kt-info-box222_d8d1bb-c3 .kt-blocks-info-box-link-wrap:hover .kt-blocks-info-box-learnmore,.kt-info-box222_d8d1bb-c3 .kt-blocks-info-box-link-wrap .kt-blocks-info-box-learnmore:focus{color:#ffffff;background:#444444;border-color:#444444;}.kt-info-box222_d8d1bb-c3 .kt-blocks-info-box-link-wrap{box-shadow:0px 0px 0px 0px rgba(0, 0, 0, 0);}.kt-info-box222_d8d1bb-c3 .kt-blocks-info-box-link-wrap:hover{box-shadow:20px 20px 80px 0px rgba(27, 0, 79, 0.06);}@media all and (max-width: 1024px){.kt-info-box222_d8d1bb-c3 .kt-blocks-info-box-link-wrap{border-top:1px solid var(--global-palette7, #EDF2F7);border-right:1px solid var(--global-palette7, #EDF2F7);border-bottom:1px solid var(--global-palette7, #EDF2F7);border-left:1px solid var(--global-palette7, #EDF2F7);box-shadow:0px 0px 0px 0px rgba(0, 0, 0, 0);}}@media all and (max-width: 1024px){.kt-info-box222_d8d1bb-c3 .kt-blocks-info-box-link-wrap:hover{box-shadow:20px 20px 80px 0px rgba(27, 0, 79, 0.06);}}@media all and (max-width: 767px){.kt-info-box222_d8d1bb-c3 .kt-blocks-info-box-link-wrap{border-top:1px solid var(--global-palette7, #EDF2F7);border-right:1px solid var(--global-palette7, #EDF2F7);border-bottom:1px solid var(--global-palette7, #EDF2F7);border-left:1px solid var(--global-palette7, #EDF2F7);text-align:center;display:block;box-shadow:0px 0px 0px 0px rgba(0, 0, 0, 0);}.kt-info-box222_d8d1bb-c3 .kt-blocks-info-box-link-wrap .kt-blocks-info-box-media{display:inline-block;max-width:100%;}.kt-info-box222_d8d1bb-c3 .kt-blocks-info-box-link-wrap:hover{box-shadow:20px 20px 80px 0px rgba(27, 0, 79, 0.06);}}<\/style>\n<div class=\"wp-block-kadence-infobox kt-info-box222_d8d1bb-c3\"><a class=\"kt-blocks-info-box-link-wrap info-box-link kt-blocks-info-box-media-align-top kt-info-halign-center kb-info-box-vertical-media-align-top kb-info-mobile-halign-center\" target=\"_blank\" rel=\"noopener noreferrer\" href=\"https:\/\/easycpstest.com\/tr\/\" aria-label=\"H\u0131z Testi | CPS Testi\"><div class=\"kt-infobox-textcontent\"><p class=\"kt-blocks-info-box-text\"><strong>TIKLAMA HIZI TEST\u0130 | CPS TEST\u0130<\/strong><\/p><\/div><\/a><\/div>\n<\/div><\/div>\n\n\n<style>.kadence-column222_7ba16d-3e > .kt-inside-inner-col{padding-top:10px;padding-right:10px;padding-bottom:10px;padding-left:10px;}.kadence-column222_7ba16d-3e > .kt-inside-inner-col,.kadence-column222_7ba16d-3e > .kt-inside-inner-col:before{border-top-left-radius:0px;border-top-right-radius:0px;border-bottom-right-radius:0px;border-bottom-left-radius:0px;}.kadence-column222_7ba16d-3e > .kt-inside-inner-col{column-gap:var(--global-kb-gap-sm, 1rem);}.kadence-column222_7ba16d-3e > .kt-inside-inner-col{flex-direction:column;}.kadence-column222_7ba16d-3e > .kt-inside-inner-col > .aligncenter{width:100%;}.kadence-column222_7ba16d-3e > .kt-inside-inner-col:before{opacity:0.3;}.kadence-column222_7ba16d-3e{position:relative;}.kadence-column222_7ba16d-3e, .kt-inside-inner-col > .kadence-column222_7ba16d-3e:not(.specificity){margin-top:0px;margin-right:0px;margin-bottom:0px;margin-left:20px;}@media all and (max-width: 1024px){.kadence-column222_7ba16d-3e > .kt-inside-inner-col{flex-direction:column;justify-content:center;}}@media all and (max-width: 1024px){.kadence-column222_7ba16d-3e, .kt-inside-inner-col > .kadence-column222_7ba16d-3e:not(.specificity){margin-top:0px;margin-right:0px;margin-bottom:0px;margin-left:0px;}}@media all and (max-width: 767px){.kadence-column222_7ba16d-3e > .kt-inside-inner-col{flex-direction:column;justify-content:center;}}<\/style>\n<div class=\"wp-block-kadence-column kadence-column222_7ba16d-3e inner-column-3\"><div class=\"kt-inside-inner-col\"><\/div><\/div>\n\n<\/div><\/div>\n\n\n<p class=\"wp-block-paragraph\">20 saniyelik CPS testini arkada\u015flar\u0131n\u0131zla da oynayabilirsiniz. T\u0131klama m\u00fccadelesi, t\u0131klama h\u0131z\u0131n\u0131z\u0131 art\u0131rman\u0131za yard\u0131mc\u0131 olacakt\u0131r.<\/p>\n\n\n\n<ul class=\"wp-block-list\">\n<li>&nbsp;\u0130lk olarak, cps testine \u00e7evrimi\u00e7i girmelisiniz.<\/li>\n\n\n\n<li>&nbsp;\u0130kinci olarak, a\u00e7m\u0131\u015f oldu\u011funuz sitenin orijinal olmas\u0131n\u0131n yan\u0131 s\u0131ra tamamen g\u00fcvenli oldu\u011fundan emin olman\u0131z gerekmektedir.<\/li>\n\n\n\n<li>Ard\u0131ndan, s\u00fcreyi se\u00e7meniz gerekir. \u00d6rne\u011fin, 5, 10, 20 ve <a href=\"https:\/\/easycpstest.com\/tr\/30-seconds\/\" target=\"_blank\" rel=\"noreferrer noopener\">30 saniye t\u0131klama<\/a> 100 saniyeye kadar. Burada 20 saniyede t\u0131klama h\u0131z\u0131 testini se\u00e7meniz gerekiyor.<\/li>\n\n\n\n<li>20 saniyelik zaman dilimini se\u00e7tikten sonra testi ba\u015flat butonuna t\u0131klaman\u0131z gerekmektedir.<\/li>\n\n\n\n<li>CPS test oyunu ba\u015flar ba\u015flamaz t\u0131klamaya ba\u015flaman\u0131z gerekir.<\/li>\n\n\n\n<li>Ayr\u0131ca fareye t\u0131klayarak kalan s\u00fcreyi de kontrol edebilirsiniz.<\/li>\n\n\n\n<li>Daha az t\u0131klama yapaca\u011f\u0131 i\u00e7in diz\u00fcst\u00fc bilgisayar\u0131n izleme d\u00f6rtgenini kullanmay\u0131n.<\/li>\n\n\n\n<li>S\u00fcre bitti\u011finde, bir zil sesi duyacaks\u0131n\u0131z.<\/li>\n\n\n\n<li>Maksimum t\u0131klama say\u0131s\u0131na sahip olmak i\u00e7in s\u00fcreler aras\u0131nda hareket etmemeli veya durmamal\u0131s\u0131n\u0131z.<\/li>\n\n\n\n<li>Son olarak, sa\u011f t\u0131klama CPS testi, ekranda nihai puan\u0131 g\u00f6sterecektir. Bu sayede maksimum t\u0131klama say\u0131s\u0131n\u0131 20 saniyede \u00f6\u011frenebilirsiniz.<\/li>\n<\/ul>\n\n\n<style>.wp-block-kadence-column.kb-section-dir-horizontal > .kt-inside-inner-col > .kt-info-box222_3f8f0b-8d .kt-blocks-info-box-link-wrap{max-width:unset;}.kt-info-box222_3f8f0b-8d .kt-blocks-info-box-link-wrap{border-top-left-radius:20px;border-top-right-radius:20px;border-bottom-right-radius:20px;border-bottom-left-radius:20px;background:#f1f1f1;padding-top:0px;padding-right:0px;padding-bottom:0px;padding-left:0px;}.kt-info-box222_3f8f0b-8d .kt-blocks-info-box-link-wrap:hover{background:#f2f2f2;}.kt-info-box222_3f8f0b-8d .kadence-info-box-icon-container .kt-info-svg-icon, .kt-info-box222_3f8f0b-8d .kt-info-svg-icon-flip, .kt-info-box222_3f8f0b-8d .kt-blocks-info-box-number{font-size:50px;}.kt-info-box222_3f8f0b-8d .kt-blocks-info-box-media{color:#3bdede;background:transparent;border-color:rgba(0,0,0,0);border-radius:200px;overflow:hidden;border-top-width:0px;border-right-width:0px;border-bottom-width:0px;border-left-width:0px;padding-top:20px;padding-right:20px;padding-bottom:20px;padding-left:20px;margin-top:0px;margin-right:20px;margin-bottom:0px;margin-left:0px;}.kt-info-box222_3f8f0b-8d .kt-blocks-info-box-media .kadence-info-box-image-intrisic img{border-radius:200px;}.kt-info-box222_3f8f0b-8d .kt-blocks-info-box-link-wrap:hover .kt-blocks-info-box-media{color:#3bdede;background:rgba(0,0,0,0);border-color:rgba(0,0,0,0);}.kt-info-box222_3f8f0b-8d .kt-infobox-textcontent h2.kt-blocks-info-box-title{padding-top:0px;padding-right:0px;padding-bottom:0px;padding-left:0px;margin-top:5px;margin-right:0px;margin-bottom:10px;margin-left:0px;}.kt-info-box222_3f8f0b-8d .kt-infobox-textcontent .kt-blocks-info-box-text{color:#000000;}.wp-block-kadence-infobox.kt-info-box222_3f8f0b-8d .kt-blocks-info-box-text{font-weight:400;}.kt-info-box222_3f8f0b-8d .kt-blocks-info-box-learnmore{background:transparent;border-color:#555555;border-width:0px 0px 0px 0px;padding-top:4px;padding-right:8px;padding-bottom:4px;padding-left:8px;margin-top:10px;margin-right:0px;margin-bottom:10px;margin-left:0px;}.kt-info-box222_3f8f0b-8d .kt-blocks-info-box-link-wrap:hover .kt-blocks-info-box-learnmore,.kt-info-box222_3f8f0b-8d .kt-blocks-info-box-link-wrap .kt-blocks-info-box-learnmore:focus{color:#ffffff;background:#444444;border-color:#444444;}<\/style>\n<div class=\"wp-block-kadence-infobox kt-info-box222_3f8f0b-8d\"><span class=\"kt-blocks-info-box-link-wrap info-box-link kt-blocks-info-box-media-align-left kt-info-halign-left\"><div class=\"kt-blocks-info-box-media-container\"><div class=\"kt-blocks-info-box-media kt-info-media-animate-none\"><div class=\"kadence-info-box-icon-container kt-info-icon-animate-none\"><div class=\"kadence-info-box-icon-inner-container\"><span class=\"kb-svg-icon-wrap kb-svg-icon-ic_bullhorn kt-info-svg-icon\"><svg viewbox=\"0 0 8 8\"  fill=\"currentColor\" xmlns=\"http:\/\/www.w3.org\/2000\/svg\"  role=\"img\"><title>annoucement <\/title><path d=\"M6 0v6c.03.01.07 0 .09 0h.81c.05 0 .09-.04.09-.09v-5.81c0-.06-.04-.09-.09-.09h-.91zm-1 .5l-2.91 1.47c-.05.02-.13.03-.19.03h-1.81c-.06 0-.09.04-.09.09v1.81c0 .06.04.09.09.09h.91l1.03 2.72c.11.25.44.36.69.25.25-.11.36-.44.25-.69l-.75-1.78c.03-.14.13-.22.28-.22v-.03l2.5 1.25v-5z\"\/><\/svg><\/span><\/div><\/div><\/div><\/div><div class=\"kt-infobox-textcontent\"><p class=\"kt-blocks-info-box-text\"><strong>T\u0131klama ba\u015f\u0131na 20 saniyelik d\u00fcnya rekoru, saniyede 200 t\u0131klamad\u0131r.<\/strong><\/p><\/div><\/span><\/div>\n\n\n\n<h3 style=\"color: #ffffff;font-weight: 400;background: #007bff;width: auto;margin: 1em 0px;font-size: 25px;line-height: 1;padding: 14px;border-left: 40px solid #000000;box-shadow: #c7c7c7 0px 2px 15px 0px;text-align:;\"><span id=\"How_to_Get_a_High_Score_in_a_20_Seconds_Click_Test\"><strong>20 Saniyelik T\u0131klama Testinde Y\u00fcksek Skor Nas\u0131l Al\u0131n\u0131r?<\/strong><\/span><\/h3>\n\n\n\n<p class=\"wp-block-paragraph\">Daha fazla oynayarak h\u0131z\u0131n\u0131z\u0131 art\u0131rabilirsiniz. Ek olarak, saniye ba\u015f\u0131na t\u0131klama say\u0131s\u0131n\u0131 art\u0131rmak i\u00e7in CPS t\u0131klamas\u0131n\u0131 ve di\u011ferlerini kullanabilirsiniz.<\/p>","protected":false},"excerpt":{"rendered":"<p>20 Second Click Test &#8211; Easy CPS Test You can test your clicking chops against the gaming world in a short time with this twenty seconds click challenge. What is a 20 Seconds Click Test? In the 20 seconds click &#8230; <\/p>\n<p class=\"read-more-container\"><a title=\"20 Second Click Test &#8211; Easy CPS Test\" class=\"read-more button\" href=\"https:\/\/easycpstest.com\/tr\/20-seconds\/#more-222\" aria-label=\"More on 20 Second Click Test &#8211; Easy CPS Test\">Daha fazla oku<\/a><\/p>","protected":false},"author":1,"featured_media":0,"parent":0,"menu_order":0,"comment_status":"closed","ping_status":"closed","template":"","meta":{"_crdt_document":"","footnotes":""},"class_list":{"0":"post-222","1":"page","2":"type-page","3":"status-publish","5":"no-featured-image-padding"},"_links":{"self":[{"href":"https:\/\/easycpstest.com\/tr\/wp-json\/wp\/v2\/pages\/222","targetHints":{"allow":["GET"]}}],"collection":[{"href":"https:\/\/easycpstest.com\/tr\/wp-json\/wp\/v2\/pages"}],"about":[{"href":"https:\/\/easycpstest.com\/tr\/wp-json\/wp\/v2\/types\/page"}],"author":[{"embeddable":true,"href":"https:\/\/easycpstest.com\/tr\/wp-json\/wp\/v2\/users\/1"}],"replies":[{"embeddable":true,"href":"https:\/\/easycpstest.com\/tr\/wp-json\/wp\/v2\/comments?post=222"}],"version-history":[{"count":30,"href":"https:\/\/easycpstest.com\/tr\/wp-json\/wp\/v2\/pages\/222\/revisions"}],"predecessor-version":[{"id":2163,"href":"https:\/\/easycpstest.com\/tr\/wp-json\/wp\/v2\/pages\/222\/revisions\/2163"}],"wp:attachment":[{"href":"https:\/\/easycpstest.com\/tr\/wp-json\/wp\/v2\/media?parent=222"}],"curies":[{"name":"wp","href":"https:\/\/api.w.org\/{rel}","templated":true}]}}