{"id":232,"date":"2025-02-10T06:54:04","date_gmt":"2025-02-10T06:54:04","guid":{"rendered":"https:\/\/easycpstest.com\/?page_id=232"},"modified":"2025-02-10T06:54:05","modified_gmt":"2025-02-10T06:54:05","slug":"100-seconds","status":"publish","type":"page","link":"https:\/\/easycpstest.com\/tr\/100-seconds\/","title":{"rendered":"100 Second Click Test &#8211; The Finest Mode of Click Test"},"content":{"rendered":"<h1 class=\"wp-block-heading has-text-align-center\"><strong>100 Second Click Test &#8211; Easy CPS Test<\/strong><\/h1>\n\n\n\n<p class=\"has-text-align-center wp-block-paragraph\">Bu y\u00fcz saniyelik t\u0131klama m\u00fccadelesi ile t\u0131klama vuru\u015flar\u0131n\u0131z\u0131 k\u0131sa s\u00fcrede oyun d\u00fcnyas\u0131na kar\u015f\u0131 test edebilirsiniz.<\/p>\n\n\n<div class=\"page-wrapper\">\n\t<div class=\"row\">\n\t\t<div class=\"col-lg-12 col-md-12 custom-container\">\n\t\t\t<div class=\"card\">\n\t\t\t\t<header class=\"entry-header\">\n\t\t\t\t\t\t\t\t\t<\/header>\n\t\t\t\t\t\t\t\t<div class=\"bt-click-inner\">\n\t\t\t\t\t<div class=\"card-header\">\n\t\t\t\t\t\t<div class=\"bt-header-timer\">\n\t\t\t\t\t\t\t<div class=\"bt-time-btn blue-btn\">\n\t\t\t\t\t\t\t\t<h4 class=\"mb-0\"><span id=\"timer\">0<\/span><\/h4>\n\t\t\t\t\t\t\t\t<small class=\"mb-0 sm-custom\">zamanlay\u0131c\u0131<\/small>\n\t\t\t\t\t\t\t<\/div>\n\t\t\t\t\t\t\t<div class=\"bt-time-btn orange-btn\">\n\t\t\t\t\t\t\t\t<h4 class=\"mb-0\"><span id=\"clicks\">0<\/span><\/h4>\n\t\t\t\t\t\t\t\t<small class=\"mb-0 sm-custom\">T\u0131klama\/s<\/small>\n\t\t\t\t\t\t\t<\/div>\n\t\t\t\t\t\t\t<div class=\"bt-time-btn green-btn\">\n\t\t\t\t\t\t\t\t<h4 class=\"mb-0\"><span id=\"score\">0<\/span><\/h4>\n\t\t\t\t\t\t\t\t<small class=\"mb-0 sm-custom\">Puan<\/small>\n\t\t\t\t\t\t\t<\/div>\n\t\t\t\t\t\t<\/div>\n\t\t\t\t\t<\/div>\n\t\t\t\t\t<div class=\"card-body\">\n\t\t\t\t\t\t<div class=\"bt-click-area\" id=\"bt-click-area\">\n\t\t\t\t\t\t\t<button id=\"start\" type=\"button\" class=\"btn-light btn-round waves-effect waves-light\">OYNAMAYA BA\u015eLAMAK \u0130\u00c7\u0130N TIKLAYIN<\/button>\n\t\t\t\t\t\t<\/div>\n\t\t\t\t\t<\/div>\n\t\t\t\t\t<button type=\"button\" data-toggle=\"modal\" data-target=\"#click-result-modal\" style=\"display: none;\" id=\"trigger-modal\">Modu ba\u015flat<\/button>\n\t\t\t\t<\/div>\n\t\t\t<\/div>\n\t\t<\/div>\n\t\t\t<\/div>\n<\/div>\n\n\n\n<h2 style=\"color: #ffffff;font-weight: 400;background: #007bff;width: auto;margin: 1em 0px;font-size: 25px;line-height: 1;padding: 14px;border-left: 40px solid #000000;box-shadow: #c7c7c7 0px 2px 15px 0px;text-align:;\"><span id=\"What_is_a_100_Seconds_Click_Test\"><strong>100 Saniyelik T\u0131klama Testi nedir?<\/strong><\/span><\/h2>\n\n\n\n<p class=\"wp-block-paragraph\">Bu testte, zaman s\u0131n\u0131rl\u0131 \u00e7er\u00e7evenin sadece 100 saniyesinde birinin fareye ka\u00e7 kez t\u0131klad\u0131\u011f\u0131n\u0131 kontrol ediyoruz. T\u0131klama testi 100 saniye, t\u0131klama h\u0131z\u0131 testini iyile\u015ftirmek i\u00e7in kullanabilece\u011finiz bir CPS modudur. Bu CPS modeli di\u011ferlerinden daha uzundur.<\/p>\n\n\n<style>.kb-row-layout-wrap.wp-block-kadence-rowlayout.kb-row-layout-id232_0bb38c-22{margin-bottom:0px;}.kb-row-layout-id232_0bb38c-22 > .kt-row-column-wrap{align-content:start;}:where(.kb-row-layout-id232_0bb38c-22 > .kt-row-column-wrap) > .wp-block-kadence-column{justify-content:start;}.kb-row-layout-id232_0bb38c-22 > .kt-row-column-wrap{column-gap:var(--global-kb-gap-none, 0rem );row-gap:var(--global-kb-gap-none, 0rem );max-width:1200px;padding-top:30px;padding-right:0px;padding-bottom:30px;padding-left:0px;}.kb-row-layout-id232_0bb38c-22 > .kt-row-column-wrap > div:not(.added-for-specificity){grid-column:initial;}.kb-row-layout-id232_0bb38c-22 > .kt-row-column-wrap{grid-template-columns:minmax(0, 1fr) minmax(0, 3fr) minmax(0, 1fr);}.kb-row-layout-id232_0bb38c-22 > .kt-row-layout-overlay{opacity:0.30;background:linear-gradient(180deg,  0%, #00B5E2 100%);}.kb-row-layout-id232_0bb38c-22 .kt-row-layout-bottom-sep{height:100px;}.kb-row-layout-id232_0bb38c-22 .kt-row-layout-bottom-sep svg{width:100%;}.kb-row-layout-id232_0bb38c-22 .kt-row-layout-bottom-sep svg{fill:#ffffff!important;}@media all and (max-width: 1024px){.kb-row-layout-id232_0bb38c-22 > .kt-row-column-wrap{padding-top:0px;padding-right:50px;padding-bottom:80px;padding-left:50px;grid-template-columns:minmax(0, 1fr);}}@media all and (max-width: 1024px){.kb-row-layout-id232_0bb38c-22 > .kt-row-column-wrap > div:not(.added-for-specificity){grid-column:initial;}}@media all and (max-width: 1024px){.kb-row-layout-id232_0bb38c-22 .kt-row-layout-bottom-sep{height:px;}}@media all and (max-width: 1024px){.kb-row-layout-id232_0bb38c-22 .kt-row-layout-bottom-sep svg{width:%;}}@media all and (max-width: 767px){.kb-row-layout-id232_0bb38c-22 > .kt-row-column-wrap{padding-top:40px;padding-right:20px;padding-bottom:50px;padding-left:20px;grid-template-columns:minmax(0, 1fr);}.kb-row-layout-id232_0bb38c-22 > .kt-row-column-wrap > div:not(.added-for-specificity){grid-column:initial;}.kb-row-layout-id232_0bb38c-22 .kt-row-layout-bottom-sep{height:px;}.kb-row-layout-id232_0bb38c-22 .kt-row-layout-bottom-sep svg{width:%;}}<\/style><div class=\"kb-row-layout-wrap kb-row-layout-id232_0bb38c-22 alignnone kt-row-has-bg wp-block-kadence-rowlayout\"><div class=\"kt-row-layout-overlay kt-row-overlay-gradient\"><\/div><div class=\"kt-row-column-wrap kt-has-3-columns kt-row-layout-center-wide kt-tab-layout-row kt-mobile-layout-row kt-row-valign-top kb-theme-content-width\">\n<style>.kadence-column232_7d1467-b4 > .kt-inside-inner-col{padding-top:10px;padding-right:10px;padding-bottom:10px;padding-left:10px;}.kadence-column232_7d1467-b4 > .kt-inside-inner-col,.kadence-column232_7d1467-b4 > .kt-inside-inner-col:before{border-top-left-radius:0px;border-top-right-radius:0px;border-bottom-right-radius:0px;border-bottom-left-radius:0px;}.kadence-column232_7d1467-b4 > .kt-inside-inner-col{column-gap:var(--global-kb-gap-sm, 1rem);}.kadence-column232_7d1467-b4 > .kt-inside-inner-col{flex-direction:column;}.kadence-column232_7d1467-b4 > .kt-inside-inner-col > .aligncenter{width:100%;}.kadence-column232_7d1467-b4 > .kt-inside-inner-col:before{opacity:0.3;}.kadence-column232_7d1467-b4{position:relative;}.kadence-column232_7d1467-b4, .kt-inside-inner-col > .kadence-column232_7d1467-b4:not(.specificity){margin-top:0px;margin-right:20px;margin-bottom:0px;margin-left:0px;}@media all and (max-width: 1024px){.kadence-column232_7d1467-b4 > .kt-inside-inner-col{flex-direction:column;justify-content:center;}}@media all and (max-width: 1024px){.kadence-column232_7d1467-b4, .kt-inside-inner-col > .kadence-column232_7d1467-b4:not(.specificity){margin-top:0px;margin-right:0px;margin-bottom:0px;margin-left:0px;}}@media all and (max-width: 767px){.kadence-column232_7d1467-b4 > .kt-inside-inner-col{flex-direction:column;justify-content:center;}}<\/style>\n<div class=\"wp-block-kadence-column kadence-column232_7d1467-b4 inner-column-1\"><div class=\"kt-inside-inner-col\"><\/div><\/div>\n\n\n<style>.kadence-column232_55ac12-21 > .kt-inside-inner-col{padding-top:10px;padding-right:10px;padding-bottom:10px;padding-left:10px;}.kadence-column232_55ac12-21 > .kt-inside-inner-col,.kadence-column232_55ac12-21 > .kt-inside-inner-col:before{border-top-left-radius:0px;border-top-right-radius:0px;border-bottom-right-radius:0px;border-bottom-left-radius:0px;}.kadence-column232_55ac12-21 > .kt-inside-inner-col{column-gap:var(--global-kb-gap-sm, 1rem);}.kadence-column232_55ac12-21 > .kt-inside-inner-col{flex-direction:column;}.kadence-column232_55ac12-21 > .kt-inside-inner-col > .aligncenter{width:100%;}.kadence-column232_55ac12-21 > .kt-inside-inner-col:before{opacity:0.3;}.kadence-column232_55ac12-21{position:relative;}.kadence-column232_55ac12-21, .kt-inside-inner-col > .kadence-column232_55ac12-21:not(.specificity){margin-top:0px;margin-right:10px;margin-bottom:0px;margin-left:10px;}@media all and (max-width: 1024px){.kadence-column232_55ac12-21 > .kt-inside-inner-col{flex-direction:column;justify-content:center;}}@media all and (max-width: 1024px){.kadence-column232_55ac12-21, .kt-inside-inner-col > .kadence-column232_55ac12-21:not(.specificity){margin-top:0px;margin-right:0px;margin-bottom:0px;margin-left:0px;}}@media all and (max-width: 767px){.kadence-column232_55ac12-21 > .kt-inside-inner-col{flex-direction:column;justify-content:center;}}<\/style>\n<div class=\"wp-block-kadence-column kadence-column232_55ac12-21 inner-column-2\"><div class=\"kt-inside-inner-col\"><style>.wp-block-kadence-column.kb-section-dir-horizontal > .kt-inside-inner-col > .kt-info-box232_e09131-60 .kt-blocks-info-box-link-wrap{max-width:unset;}.kt-info-box232_e09131-60 .kt-blocks-info-box-link-wrap{border-top:1px solid var(--global-palette7, #EDF2F7);border-right:1px solid var(--global-palette7, #EDF2F7);border-bottom:1px solid var(--global-palette7, #EDF2F7);border-left:1px solid var(--global-palette7, #EDF2F7);border-top-left-radius:10px;border-top-right-radius:10px;border-bottom-right-radius:10px;border-bottom-left-radius:10px;background:#007bff;padding-top:30px;padding-right:30px;padding-bottom:30px;padding-left:30px;margin-bottom:0px;}.kt-info-box232_e09131-60 .kt-blocks-info-box-link-wrap:hover{background:#6a6dec;}.kt-info-box232_e09131-60 .kadence-info-box-icon-container .kt-info-svg-icon, .kt-info-box232_e09131-60 .kt-info-svg-icon-flip, .kt-info-box232_e09131-60 .kt-blocks-info-box-number{font-size:50px;}.kt-info-box232_e09131-60 .kt-blocks-info-box-media{color:#444444;background:transparent;border-color:#444444;border-top-width:0px;border-right-width:0px;border-bottom-width:0px;border-left-width:0px;padding-top:0px;padding-right:0px;padding-bottom:0px;padding-left:0px;}.kt-info-box232_e09131-60 .kt-blocks-info-box-media-container{margin-top:0px;margin-right:15px;margin-bottom:0px;margin-left:0px;}.kt-info-box232_e09131-60 .kt-blocks-info-box-link-wrap:hover .kt-blocks-info-box-media{color:#444444;background:transparent;border-color:#444444;}.kt-info-box232_e09131-60 .kt-infobox-textcontent h6.kt-blocks-info-box-title{line-height:1.3em;padding-top:0px;padding-right:0px;padding-bottom:0px;padding-left:0px;margin-top:0px;margin-right:0px;margin-bottom:14px;margin-left:0px;}.kt-info-box232_e09131-60 .kt-infobox-textcontent .kt-blocks-info-box-text{color:var(--base-3);}.wp-block-kadence-infobox.kt-info-box232_e09131-60 .kt-blocks-info-box-text{text-transform:capitalize;}.kt-info-box232_e09131-60 .kt-blocks-info-box-learnmore{background:transparent;border-color:#555555;border-width:0px 0px 0px 0px;padding-top:4px;padding-right:8px;padding-bottom:4px;padding-left:8px;margin-top:10px;margin-right:0px;margin-bottom:10px;margin-left:0px;}.kt-info-box232_e09131-60 .kt-blocks-info-box-link-wrap:hover .kt-blocks-info-box-learnmore,.kt-info-box232_e09131-60 .kt-blocks-info-box-link-wrap .kt-blocks-info-box-learnmore:focus{color:#ffffff;background:#444444;border-color:#444444;}.kt-info-box232_e09131-60 .kt-blocks-info-box-link-wrap{box-shadow:0px 0px 0px 0px rgba(0, 0, 0, 0);}.kt-info-box232_e09131-60 .kt-blocks-info-box-link-wrap:hover{box-shadow:20px 20px 80px 0px rgba(27, 0, 79, 0.06);}@media all and (max-width: 1024px){.kt-info-box232_e09131-60 .kt-blocks-info-box-link-wrap{border-top:1px solid var(--global-palette7, #EDF2F7);border-right:1px solid var(--global-palette7, #EDF2F7);border-bottom:1px solid var(--global-palette7, #EDF2F7);border-left:1px solid var(--global-palette7, #EDF2F7);box-shadow:0px 0px 0px 0px rgba(0, 0, 0, 0);}}@media all and (max-width: 1024px){.kt-info-box232_e09131-60 .kt-blocks-info-box-link-wrap:hover{box-shadow:20px 20px 80px 0px rgba(27, 0, 79, 0.06);}}@media all and (max-width: 767px){.kt-info-box232_e09131-60 .kt-blocks-info-box-link-wrap{border-top:1px solid var(--global-palette7, #EDF2F7);border-right:1px solid var(--global-palette7, #EDF2F7);border-bottom:1px solid var(--global-palette7, #EDF2F7);border-left:1px solid var(--global-palette7, #EDF2F7);text-align:center;display:block;box-shadow:0px 0px 0px 0px rgba(0, 0, 0, 0);}.kt-info-box232_e09131-60 .kt-blocks-info-box-link-wrap .kt-blocks-info-box-media{display:inline-block;max-width:100%;}.kt-info-box232_e09131-60 .kt-blocks-info-box-link-wrap:hover{box-shadow:20px 20px 80px 0px rgba(27, 0, 79, 0.06);}}<\/style>\n<div class=\"wp-block-kadence-infobox kt-info-box232_e09131-60\"><a class=\"kt-blocks-info-box-link-wrap info-box-link kt-blocks-info-box-media-align-top kt-info-halign-center kb-info-box-vertical-media-align-top kb-info-mobile-halign-center\" target=\"_blank\" rel=\"noopener noreferrer\" href=\"https:\/\/easycpstest.com\/tr\/\" aria-label=\"H\u0131z Testi | CPS Testi\"><div class=\"kt-infobox-textcontent\"><p class=\"kt-blocks-info-box-text\"><strong>TIKLAMA HIZI TEST\u0130 | CPS TEST\u0130<\/strong><\/p><\/div><\/a><\/div>\n<\/div><\/div>\n\n\n<style>.kadence-column232_88483f-0d > .kt-inside-inner-col{padding-top:10px;padding-right:10px;padding-bottom:10px;padding-left:10px;}.kadence-column232_88483f-0d > .kt-inside-inner-col,.kadence-column232_88483f-0d > .kt-inside-inner-col:before{border-top-left-radius:0px;border-top-right-radius:0px;border-bottom-right-radius:0px;border-bottom-left-radius:0px;}.kadence-column232_88483f-0d > .kt-inside-inner-col{column-gap:var(--global-kb-gap-sm, 1rem);}.kadence-column232_88483f-0d > .kt-inside-inner-col{flex-direction:column;}.kadence-column232_88483f-0d > .kt-inside-inner-col > .aligncenter{width:100%;}.kadence-column232_88483f-0d > .kt-inside-inner-col:before{opacity:0.3;}.kadence-column232_88483f-0d{position:relative;}.kadence-column232_88483f-0d, .kt-inside-inner-col > .kadence-column232_88483f-0d:not(.specificity){margin-top:0px;margin-right:0px;margin-bottom:0px;margin-left:20px;}@media all and (max-width: 1024px){.kadence-column232_88483f-0d > .kt-inside-inner-col{flex-direction:column;justify-content:center;}}@media all and (max-width: 1024px){.kadence-column232_88483f-0d, .kt-inside-inner-col > .kadence-column232_88483f-0d:not(.specificity){margin-top:0px;margin-right:0px;margin-bottom:0px;margin-left:0px;}}@media all and (max-width: 767px){.kadence-column232_88483f-0d > .kt-inside-inner-col{flex-direction:column;justify-content:center;}}<\/style>\n<div class=\"wp-block-kadence-column kadence-column232_88483f-0d inner-column-3\"><div class=\"kt-inside-inner-col\"><\/div><\/div>\n\n<\/div><\/div>\n\n\n<p class=\"wp-block-paragraph\">Ancak arada bir kopukluk yok; di\u011fer oyuncularla rekabet edebilmek i\u00e7in m\u00fcmk\u00fcn olan maksimum t\u0131klamay\u0131 yapman\u0131z gerekir. Ayn\u0131 \u015fekilde, bu 100 saniyelik zaman dilimi size ortalama t\u0131klama h\u0131z\u0131n\u0131z\u0131 s\u00f6yleyebilir.<\/p>\n\n\n\n<p class=\"wp-block-paragraph\">Bunun yan\u0131 s\u0131ra, t\u0131klama testini se\u00e7ebilirsiniz. <a href=\"https:\/\/easycpstest.com\/tr\/1-second\/\" target=\"_blank\" rel=\"noreferrer noopener\">1 saniye<\/a> for a short time frame. In addition to this, the speed and score counting method of CPS will remain the same whether you choose the 1-second mode or 100 seconds click test.<\/p>\n\n\n<style>.wp-block-kadence-column.kb-section-dir-horizontal > .kt-inside-inner-col > .kt-info-box232_dc78dd-69 .kt-blocks-info-box-link-wrap{max-width:unset;}.kt-info-box232_dc78dd-69 .kt-blocks-info-box-link-wrap{border-top-left-radius:20px;border-top-right-radius:20px;border-bottom-right-radius:20px;border-bottom-left-radius:20px;background:#f1f1f1;padding-top:0px;padding-right:0px;padding-bottom:0px;padding-left:0px;}.kt-info-box232_dc78dd-69 .kt-blocks-info-box-link-wrap:hover{background:#f2f2f2;}.kt-info-box232_dc78dd-69 .kadence-info-box-icon-container .kt-info-svg-icon, .kt-info-box232_dc78dd-69 .kt-info-svg-icon-flip, .kt-info-box232_dc78dd-69 .kt-blocks-info-box-number{font-size:50px;}.kt-info-box232_dc78dd-69 .kt-blocks-info-box-media{color:#f88ca4;background:transparent;border-color:rgba(0,0,0,0);border-radius:200px;overflow:hidden;border-top-width:0px;border-right-width:0px;border-bottom-width:0px;border-left-width:0px;padding-top:20px;padding-right:20px;padding-bottom:20px;padding-left:20px;margin-top:0px;margin-right:20px;margin-bottom:0px;margin-left:0px;}.kt-info-box232_dc78dd-69 .kt-blocks-info-box-media .kadence-info-box-image-intrisic img{border-radius:200px;}.kt-info-box232_dc78dd-69 .kt-blocks-info-box-link-wrap:hover .kt-blocks-info-box-media{color:#f88ca4;background:rgba(0,0,0,0);border-color:rgba(0,0,0,0);}.kt-info-box232_dc78dd-69 .kt-infobox-textcontent h2.kt-blocks-info-box-title{padding-top:0px;padding-right:0px;padding-bottom:0px;padding-left:0px;margin-top:5px;margin-right:0px;margin-bottom:10px;margin-left:0px;}.kt-info-box232_dc78dd-69 .kt-infobox-textcontent .kt-blocks-info-box-text{color:#000000;}.wp-block-kadence-infobox.kt-info-box232_dc78dd-69 .kt-blocks-info-box-text{font-weight:400;}.kt-info-box232_dc78dd-69 .kt-blocks-info-box-learnmore{background:transparent;border-color:#555555;border-width:0px 0px 0px 0px;padding-top:4px;padding-right:8px;padding-bottom:4px;padding-left:8px;margin-top:10px;margin-right:0px;margin-bottom:10px;margin-left:0px;}.kt-info-box232_dc78dd-69 .kt-blocks-info-box-link-wrap:hover .kt-blocks-info-box-learnmore,.kt-info-box232_dc78dd-69 .kt-blocks-info-box-link-wrap .kt-blocks-info-box-learnmore:focus{color:#ffffff;background:#444444;border-color:#444444;}<\/style>\n<div class=\"wp-block-kadence-infobox kt-info-box232_dc78dd-69\"><span class=\"kt-blocks-info-box-link-wrap info-box-link kt-blocks-info-box-media-align-left kt-info-halign-left\"><div class=\"kt-blocks-info-box-media-container\"><div class=\"kt-blocks-info-box-media kt-info-media-animate-none\"><div class=\"kadence-info-box-icon-container kt-info-icon-animate-none\"><div class=\"kadence-info-box-icon-inner-container\"><span class=\"kb-svg-icon-wrap kb-svg-icon-ic_bullhorn kt-info-svg-icon\"><svg viewbox=\"0 0 8 8\"  fill=\"currentColor\" xmlns=\"http:\/\/www.w3.org\/2000\/svg\"  role=\"img\"><title>annoucement <\/title><path d=\"M6 0v6c.03.01.07 0 .09 0h.81c.05 0 .09-.04.09-.09v-5.81c0-.06-.04-.09-.09-.09h-.91zm-1 .5l-2.91 1.47c-.05.02-.13.03-.19.03h-1.81c-.06 0-.09.04-.09.09v1.81c0 .06.04.09.09.09h.91l1.03 2.72c.11.25.44.36.69.25.25-.11.36-.44.25-.69l-.75-1.78c.03-.14.13-.22.28-.22v-.03l2.5 1.25v-5z\"\/><\/svg><\/span><\/div><\/div><\/div><\/div><div class=\"kt-infobox-textcontent\"><p class=\"kt-blocks-info-box-text\"><strong>It is 8.2 clicks per second. In short&nbsp; 820 clicks in 100 seconds.<\/strong><\/p><\/div><\/span><\/div>\n\n\n\n<h3 style=\"color: #ffffff;font-weight: 400;background: #007bff;width: auto;margin: 1em 0px;font-size: 25px;line-height: 1;padding: 14px;border-left: 40px solid #000000;box-shadow: #c7c7c7 0px 2px 15px 0px;text-align:;\"><span id=\"How_to_Get_Higher_Scores_on_the_100_Seconds_Click_Test?\"><strong>100 Saniye T\u0131klama Testinde Nas\u0131l Daha Y\u00fcksek Skorlar Al\u0131n\u0131r?<\/strong><\/span><\/h3>\n\n\n\n<p class=\"wp-block-paragraph\">T\u0131klama h\u0131z\u0131n\u0131 \u015fu \u015fekilde art\u0131rabilirsiniz: <a href=\"https:\/\/easycpstest.com\/tr\/best-clicker-games-online\/\" target=\"_blank\" rel=\"noreferrer noopener\">oyun oynamak<\/a> Fortnite, PUBG vb. i\u00e7erir. Bir oyun faresi de daha fazla t\u0131klama yapman\u0131za yard\u0131mc\u0131 olur.<\/p>\n\n\n\n<p class=\"wp-block-paragraph\">Oyuncu, verilen zaman diliminde daha fazla t\u0131klama yapmak i\u00e7in maksimum uygulamay\u0131 yapmal\u0131d\u0131r. \u00d6rne\u011fin, CPS oynat\u0131c\u0131s\u0131 ilk 10 saniye i\u00e7in bir t\u0131klama stili se\u00e7ebilir ve kalan s\u00fcre boyunca devam edebilir. Elbette bu hile oyuncular\u0131n daha k\u0131sa s\u00fcrede daha fazla t\u0131klama yapmas\u0131na yard\u0131mc\u0131 olacak ve parmaklar\u0131 incitmeyecek.<\/p>","protected":false},"excerpt":{"rendered":"<p>100 Second Click Test &#8211; Easy CPS Test You can test your clicking chops against the gaming world in a short time with this hundred seconds click challenge. What is a 100 Seconds Click Test? In this test, we check &#8230; <\/p>\n<p class=\"read-more-container\"><a title=\"100 Second Click Test &#8211; The Finest Mode of Click Test\" class=\"read-more button\" href=\"https:\/\/easycpstest.com\/tr\/100-seconds\/#more-232\" aria-label=\"More on 100 Second Click Test &#8211; The Finest Mode of Click Test\">Daha fazla oku<\/a><\/p>","protected":false},"author":1,"featured_media":0,"parent":0,"menu_order":0,"comment_status":"closed","ping_status":"closed","template":"","meta":{"_crdt_document":"","footnotes":""},"class_list":{"0":"post-232","1":"page","2":"type-page","3":"status-publish","5":"no-featured-image-padding"},"_links":{"self":[{"href":"https:\/\/easycpstest.com\/tr\/wp-json\/wp\/v2\/pages\/232","targetHints":{"allow":["GET"]}}],"collection":[{"href":"https:\/\/easycpstest.com\/tr\/wp-json\/wp\/v2\/pages"}],"about":[{"href":"https:\/\/easycpstest.com\/tr\/wp-json\/wp\/v2\/types\/page"}],"author":[{"embeddable":true,"href":"https:\/\/easycpstest.com\/tr\/wp-json\/wp\/v2\/users\/1"}],"replies":[{"embeddable":true,"href":"https:\/\/easycpstest.com\/tr\/wp-json\/wp\/v2\/comments?post=232"}],"version-history":[{"count":30,"href":"https:\/\/easycpstest.com\/tr\/wp-json\/wp\/v2\/pages\/232\/revisions"}],"predecessor-version":[{"id":2166,"href":"https:\/\/easycpstest.com\/tr\/wp-json\/wp\/v2\/pages\/232\/revisions\/2166"}],"wp:attachment":[{"href":"https:\/\/easycpstest.com\/tr\/wp-json\/wp\/v2\/media?parent=232"}],"curies":[{"name":"wp","href":"https:\/\/api.w.org\/{rel}","templated":true}]}}