{"id":299,"date":"2025-02-10T07:04:31","date_gmt":"2025-02-10T07:04:31","guid":{"rendered":"https:\/\/easycpstest.com\/?page_id=299"},"modified":"2025-02-10T07:04:33","modified_gmt":"2025-02-10T07:04:33","slug":"privacy-policy","status":"publish","type":"page","link":"https:\/\/easycpstest.com\/tr\/privacy-policy\/","title":{"rendered":"Gizlilik Politikas\u0131"},"content":{"rendered":"<p class=\"wp-block-paragraph\">saat <strong>Kolay CPS Testi<\/strong>, eri\u015filebilir <a href=\"https:\/\/easycpstest.com\/tr\/\" target=\"_blank\" rel=\"noopener\">https:\/\/easycpstest.com\/<\/a>, ziyaret\u00e7ilerimizin gizlili\u011fi ana \u00f6nceliklerimizden biridir. Bu Gizlilik Politikas\u0131 belgesi, Kolay CPS Testi taraf\u0131ndan toplanan ve kaydedilen bilgileri ve bunlar\u0131 nas\u0131l kulland\u0131\u011f\u0131m\u0131z\u0131 i\u00e7erir.<\/p>\n\n\n\n<p class=\"wp-block-paragraph\">Gizlilik Politikam\u0131z hakk\u0131nda ek sorular\u0131n\u0131z varsa veya daha fazla bilgiye ihtiyac\u0131n\u0131z varsa, \u00e7ekinmeyin <a href=\"https:\/\/easycpstest.com\/tr\/contact-us\/\" target=\"_blank\" rel=\"noopener\">Bize Ula\u015f\u0131n.<\/a><\/p>\n\n\n\n<p class=\"wp-block-paragraph\">Bu Gizlilik Politikas\u0131, yaln\u0131zca \u00e7evrimi\u00e7i etkinliklerimiz i\u00e7in ge\u00e7erlidir ve Kolay CPS Testinde payla\u015ft\u0131klar\u0131 ve\/veya toplad\u0131klar\u0131 bilgilerle ilgili olarak web sitemizi ziyaret edenler i\u00e7in ge\u00e7erlidir. Bu politika, \u00e7evrimd\u0131\u015f\u0131 veya bu web sitesi d\u0131\u015f\u0131ndaki kanallar arac\u0131l\u0131\u011f\u0131yla toplanan hi\u00e7bir bilgi i\u00e7in ge\u00e7erli de\u011fildir.<\/p>\n\n\n\n<h2 class=\"wp-block-heading\">Onay<\/h2>\n\n\n\n<p class=\"wp-block-paragraph\">Web sitemizi kullanarak, Gizlilik Politikam\u0131z\u0131 kabul etmi\u015f ve \u015fartlar\u0131n\u0131 kabul etmi\u015f olursunuz.<\/p>\n\n\n\n<h2 class=\"wp-block-heading\">Toplad\u0131\u011f\u0131m\u0131z bilgiler<\/h2>\n\n\n\n<p class=\"wp-block-paragraph\">Sizden sa\u011flaman\u0131z istenen ki\u015fisel bilgiler ve sizden istenen nedenler, sizden ki\u015fisel bilgilerinizi vermenizi istedi\u011fimizde size net olarak a\u00e7\u0131klanacakt\u0131r.<\/p>\n\n\n\n<p class=\"wp-block-paragraph\">Bizimle do\u011frudan ileti\u015fime ge\u00e7erseniz, ad\u0131n\u0131z, e-posta adresiniz, telefon numaran\u0131z, bize g\u00f6nderebilece\u011finiz mesaj\u0131n ve\/veya eklerin i\u00e7eri\u011fi ve vermeyi se\u00e7ebilece\u011finiz di\u011fer bilgiler gibi sizinle ilgili ek bilgiler alabiliriz.<\/p>\n\n\n\n<p class=\"wp-block-paragraph\">Bir Hesap i\u00e7in kaydoldu\u011funuzda, ad\u0131n\u0131z, \u015firket ad\u0131, adres, e-posta adresi ve telefon numaras\u0131 dahil olmak \u00fczere ileti\u015fim bilgilerinizi isteyebiliriz.<\/p>\n\n\n\n<h2 class=\"wp-block-heading\">Bilgilerinizi nas\u0131l kullan\u0131yoruz<\/h2>\n\n\n\n<p class=\"wp-block-paragraph\">Toplad\u0131\u011f\u0131m\u0131z bilgileri a\u015fa\u011f\u0131dakiler dahil \u00e7e\u015fitli \u015fekillerde kullan\u0131r\u0131z:<\/p>\n\n\n\n<ul class=\"wp-block-list\"><li>Web sitemizi sa\u011flay\u0131n, \u00e7al\u0131\u015ft\u0131r\u0131n ve bak\u0131m\u0131n\u0131 yap\u0131n<\/li><li>Web sitemizi geli\u015ftirin, ki\u015fiselle\u015ftirin ve geni\u015fletin<\/li><li>Web sitemizi nas\u0131l kulland\u0131\u011f\u0131n\u0131z\u0131 anlay\u0131n ve analiz edin<\/li><li>Yeni \u00fcr\u00fcnler, hizmetler, \u00f6zellikler ve i\u015flevler geli\u015ftirin<\/li><li>Size web sitesiyle ilgili g\u00fcncellemeleri ve di\u011fer bilgileri sa\u011flamak ve pazarlama ve promosyon ama\u00e7lar\u0131yla do\u011frudan veya m\u00fc\u015fteri hizmetleri de dahil olmak \u00fczere ortaklar\u0131m\u0131zdan biri arac\u0131l\u0131\u011f\u0131yla sizinle ileti\u015fim kurmak<\/li><li>sana e-posta g\u00f6nder<\/li><li>Doland\u0131r\u0131c\u0131l\u0131\u011f\u0131 bulun ve \u00f6nleyin.<\/li><\/ul>\n\n\n\n<h2 class=\"wp-block-heading\">Log dosyalar\u0131<\/h2>\n\n\n\n<p class=\"wp-block-paragraph\">Kolay CPS Testi, g\u00fcnl\u00fck dosyalar\u0131n\u0131n kullan\u0131lmas\u0131na ili\u015fkin standart bir prosed\u00fcr\u00fc takip eder. Bu dosyalar, ziyaret\u00e7ileri web sitelerini ziyaret ettiklerinde g\u00fcnl\u00fc\u011fe kaydeder. T\u00fcm bar\u0131nd\u0131rma \u015firketleri bunu yapar ve bar\u0131nd\u0131rma hizmetleri analiti\u011finin bir par\u00e7as\u0131d\u0131r. G\u00fcnl\u00fck dosyalar\u0131 taraf\u0131ndan toplanan bilgiler, internet protokol\u00fc (IP) adresleri, taray\u0131c\u0131 t\u00fcr\u00fc, \u0130nternet Servis Sa\u011flay\u0131c\u0131s\u0131 (ISP), tarih ve saat damgas\u0131, ba\u015fvuru\/\u00e7\u0131k\u0131\u015f sayfalar\u0131 ve muhtemelen t\u0131klama say\u0131s\u0131n\u0131 i\u00e7erir. Bunlar, ki\u015fisel olarak tan\u0131mlanabilir herhangi bir bilgiyle ba\u011flant\u0131l\u0131 de\u011fildir. Bilgilerin amac\u0131, e\u011filimleri analiz etmek, siteyi y\u00f6netmek, kullan\u0131c\u0131lar\u0131n web sitesindeki hareketlerini izlemek ve demografik bilgileri toplamakt\u0131r.<\/p>\n\n\n\n<h2 class=\"wp-block-heading\">Reklam Ortaklar\u0131 Gizlilik Politikalar\u0131<\/h2>\n\n\n\n<p class=\"wp-block-paragraph\">Easy CPS Test&#039;in reklamc\u0131l\u0131k ortaklar\u0131n\u0131n her birinin Gizlilik Politikas\u0131n\u0131 bulmak i\u00e7in bu listeye ba\u015fvurabilirsiniz.<\/p>\n\n\n\n<p class=\"wp-block-paragraph\">\u00dc\u00e7\u00fcnc\u00fc taraf reklam sunucular\u0131 veya reklam a\u011flar\u0131, kendi reklamlar\u0131nda kullan\u0131lan \u00e7erezler, JavaScript veya Web \u0130\u015faret\u00e7ileri gibi teknolojileri ve do\u011frudan kullan\u0131c\u0131lar\u0131n taray\u0131c\u0131lar\u0131na g\u00f6nderilen Kolay CPS Testinde g\u00f6r\u00fcnen ba\u011flant\u0131lar\u0131n\u0131 kullan\u0131r. Bu ger\u00e7ekle\u015fti\u011finde otomatik olarak IP adresinizi al\u0131rlar. Bu teknolojiler, reklam kampanyalar\u0131n\u0131n etkinli\u011fini \u00f6l\u00e7mek ve\/veya ziyaret etti\u011finiz web sitelerinde g\u00f6rd\u00fc\u011f\u00fcn\u00fcz reklam i\u00e7eri\u011fini ki\u015fiselle\u015ftirmek i\u00e7in kullan\u0131l\u0131r.<\/p>\n\n\n\n<p class=\"wp-block-paragraph\">Easy CPS Test&#039;in \u00fc\u00e7\u00fcnc\u00fc taraf reklamc\u0131lar taraf\u0131ndan kullan\u0131lan bu \u00e7erezlere eri\u015fimi veya bunlar \u00fczerinde kontrol\u00fc olmad\u0131\u011f\u0131n\u0131 unutmay\u0131n.<\/p>\n\n\n\n<h2 class=\"wp-block-heading\">\u00dc\u00e7\u00fcnc\u00fc Taraf Gizlilik Politikalar\u0131<\/h2>\n\n\n\n<p class=\"wp-block-paragraph\">Easy CPS Test&#039;in Gizlilik Politikas\u0131, di\u011fer reklamverenler veya web siteleri i\u00e7in ge\u00e7erli de\u011fildir. Bu nedenle, daha ayr\u0131nt\u0131l\u0131 bilgi i\u00e7in bu \u00fc\u00e7\u00fcnc\u00fc taraf reklam sunucular\u0131n\u0131n ilgili Gizlilik Politikalar\u0131na ba\u015fvurman\u0131z\u0131 tavsiye ederiz. Belirli se\u00e7eneklerden nas\u0131l vazge\u00e7ilece\u011fine ili\u015fkin uygulamalar\u0131n\u0131 ve talimatlar\u0131n\u0131 i\u00e7erebilir.<\/p>\n\n\n\n<p class=\"wp-block-paragraph\">Bireysel taray\u0131c\u0131 se\u00e7enekleriniz arac\u0131l\u0131\u011f\u0131yla \u00e7erezleri devre d\u0131\u015f\u0131 b\u0131rakmay\u0131 se\u00e7ebilirsiniz. Belirli web taray\u0131c\u0131lar\u0131yla tan\u0131mlama bilgisi y\u00f6netimi hakk\u0131nda daha ayr\u0131nt\u0131l\u0131 bilgi edinmek i\u00e7in taray\u0131c\u0131lar\u0131n ilgili web sitelerinde bulunabilir.<\/p>\n\n\n\n<h2 class=\"wp-block-heading\">CCPA Gizlilik Haklar\u0131 (Ki\u015fisel Bilgilerimi Satmay\u0131n)<\/h2>\n\n\n\n<p class=\"wp-block-paragraph\">CCPA kapsam\u0131nda, di\u011fer haklar\u0131n yan\u0131 s\u0131ra, California t\u00fcketicileri a\u015fa\u011f\u0131daki haklara sahiptir:<\/p>\n\n\n\n<p class=\"wp-block-paragraph\">Bir t\u00fcketicinin ki\u015fisel verilerini toplayan bir i\u015fletmenin, bir i\u015fletmenin t\u00fcketiciler hakk\u0131nda toplad\u0131\u011f\u0131 ki\u015fisel verilerin kategorilerini ve belirli par\u00e7alar\u0131n\u0131 if\u015fa etmesini talep edin.<\/p>\n\n\n\n<p class=\"wp-block-paragraph\">Bir i\u015fletmenin, t\u00fcketici hakk\u0131nda toplad\u0131\u011f\u0131 t\u00fcm ki\u015fisel verileri silmesini isteme.<\/p>\n\n\n\n<p class=\"wp-block-paragraph\">T\u00fcketicinin ki\u015fisel verilerini satan bir i\u015fletmenin, t\u00fcketicinin ki\u015fisel verilerini satmamas\u0131n\u0131 talep edin.<\/p>\n\n\n\n<p class=\"wp-block-paragraph\">Bir istekte bulunursan\u0131z, size yan\u0131t vermek i\u00e7in bir ay s\u00fcremiz var. Bu haklardan herhangi birini kullanmak isterseniz, l\u00fctfen bizimle ileti\u015fime ge\u00e7in.<\/p>\n\n\n\n<h2 class=\"wp-block-heading\">GDPR Veri Koruma Haklar\u0131<\/h2>\n\n\n\n<p class=\"wp-block-paragraph\">T\u00fcm veri koruma haklar\u0131n\u0131z\u0131n tam olarak fark\u0131nda oldu\u011funuzdan emin olmak istiyoruz. Her kullan\u0131c\u0131 a\u015fa\u011f\u0131daki haklara sahiptir:<\/p>\n\n\n\n<p class=\"wp-block-paragraph\">Eri\u015fim hakk\u0131 \u2013 Ki\u015fisel verilerinizin kopyalar\u0131n\u0131 talep etme hakk\u0131n\u0131z vard\u0131r. Bu hizmet i\u00e7in sizden k\u00fc\u00e7\u00fck bir \u00fccret talep edebiliriz.<\/p>\n\n\n\n<p class=\"wp-block-paragraph\">D\u00fczeltme hakk\u0131 \u2013 Yanl\u0131\u015f oldu\u011funa inand\u0131\u011f\u0131n\u0131z herhangi bir bilgiyi d\u00fczeltmemizi talep etme hakk\u0131n\u0131z vard\u0131r. Ayr\u0131ca, eksik oldu\u011funa inand\u0131\u011f\u0131n\u0131z bilgileri tamamlamam\u0131z\u0131 talep etme hakk\u0131na da sahipsiniz.<\/p>\n\n\n\n<p class=\"wp-block-paragraph\">Silme hakk\u0131 \u2013 Belirli ko\u015fullar alt\u0131nda ki\u015fisel verilerinizi silmemizi talep etme hakk\u0131na sahipsiniz.<\/p>\n\n\n\n<p class=\"wp-block-paragraph\">\u0130\u015flemeyi k\u0131s\u0131tlama hakk\u0131 \u2013 Belirli ko\u015fullar alt\u0131nda ki\u015fisel veri i\u015flemenizi k\u0131s\u0131tlamam\u0131z\u0131 talep etme hakk\u0131na sahipsiniz.<\/p>\n\n\n\n<p class=\"wp-block-paragraph\">\u0130\u015flemeye itiraz etme hakk\u0131 \u2013 Ki\u015fisel verilerinizi belirli ko\u015fullar alt\u0131nda i\u015flememize itiraz etme hakk\u0131n\u0131z vard\u0131r.<\/p>\n\n\n\n<p class=\"wp-block-paragraph\">Veri ta\u015f\u0131nabilirli\u011fi hakk\u0131 \u2013 Toplad\u0131\u011f\u0131m\u0131z verileri belirli ko\u015fullar alt\u0131nda ba\u015fka bir kurulu\u015fa veya do\u011frudan size aktarmam\u0131z\u0131 talep etme hakk\u0131n\u0131z vard\u0131r.<\/p>\n\n\n\n<p class=\"wp-block-paragraph\">Bir istekte bulunursan\u0131z, size yan\u0131t vermek i\u00e7in bir ay s\u00fcremiz var. Bu haklardan herhangi birini kullanmak isterseniz, l\u00fctfen bizimle ileti\u015fime ge\u00e7in.<\/p>\n\n\n\n<h2 class=\"wp-block-heading\">\u00c7ocuk Bilgileri<\/h2>\n\n\n\n<p class=\"wp-block-paragraph\">\u00d6nceli\u011fimizin bir di\u011fer par\u00e7as\u0131 da interneti kullan\u0131rken \u00e7ocuklara koruma sa\u011flamakt\u0131r. Ebeveynleri ve velileri, \u00e7evrimi\u00e7i etkinliklerini g\u00f6zlemlemeye, kat\u0131lmaya ve veya izleyip y\u00f6nlendirmeye te\u015fvik ediyoruz.<\/p>\n\n\n\n<p class=\"wp-block-paragraph\"> Easy CPS Testi 13 ya\u015f\u0131n alt\u0131ndaki \u00e7ocuklardan bilerek Ki\u015fisel Tan\u0131mlanabilir Bilgi toplamaz. \u00c7ocu\u011funuzun bu t\u00fcr bilgileri web sitemizde sa\u011flad\u0131\u011f\u0131n\u0131 d\u00fc\u015f\u00fcn\u00fcyorsan\u0131z, hemen bizimle ileti\u015fime ge\u00e7menizi \u015fiddetle tavsiye ederiz ve bunun i\u00e7in elimizden gelenin en iyisini yapaca\u011f\u0131z. bu t\u00fcr bilgileri derhal kay\u0131tlar\u0131m\u0131zdan kald\u0131r\u0131n.<\/p>","protected":false},"excerpt":{"rendered":"<p>At Easy CPS Test, accessible from https:\/\/easycpstest.com\/, our visitors&#8217; privacy is one of our main priorities. This Privacy Policy document contains information collected and recorded by the Easy CPS Test and how we use it. If you have additional questions &#8230; <\/p>\n<p class=\"read-more-container\"><a title=\"Gizlilik Politikas\u0131\" class=\"read-more button\" href=\"https:\/\/easycpstest.com\/tr\/privacy-policy\/#more-299\" aria-label=\"More on Privacy Policy\">Daha fazla oku<\/a><\/p>","protected":false},"author":1,"featured_media":0,"parent":0,"menu_order":0,"comment_status":"closed","ping_status":"closed","template":"","meta":{"_crdt_document":"","footnotes":""},"class_list":{"0":"post-299","1":"page","2":"type-page","3":"status-publish","5":"no-featured-image-padding"},"_links":{"self":[{"href":"https:\/\/easycpstest.com\/tr\/wp-json\/wp\/v2\/pages\/299","targetHints":{"allow":["GET"]}}],"collection":[{"href":"https:\/\/easycpstest.com\/tr\/wp-json\/wp\/v2\/pages"}],"about":[{"href":"https:\/\/easycpstest.com\/tr\/wp-json\/wp\/v2\/types\/page"}],"author":[{"embeddable":true,"href":"https:\/\/easycpstest.com\/tr\/wp-json\/wp\/v2\/users\/1"}],"replies":[{"embeddable":true,"href":"https:\/\/easycpstest.com\/tr\/wp-json\/wp\/v2\/comments?post=299"}],"version-history":[{"count":6,"href":"https:\/\/easycpstest.com\/tr\/wp-json\/wp\/v2\/pages\/299\/revisions"}],"predecessor-version":[{"id":1797,"href":"https:\/\/easycpstest.com\/tr\/wp-json\/wp\/v2\/pages\/299\/revisions\/1797"}],"wp:attachment":[{"href":"https:\/\/easycpstest.com\/tr\/wp-json\/wp\/v2\/media?parent=299"}],"curies":[{"name":"wp","href":"https:\/\/api.w.org\/{rel}","templated":true}]}}