{"id":302,"date":"2025-02-10T07:05:48","date_gmt":"2025-02-10T07:05:48","guid":{"rendered":"https:\/\/easycpstest.com\/?page_id=302"},"modified":"2025-02-10T07:05:50","modified_gmt":"2025-02-10T07:05:50","slug":"disclaimer","status":"publish","type":"page","link":"https:\/\/easycpstest.com\/tr\/disclaimer\/","title":{"rendered":"sorumluluk reddi"},"content":{"rendered":"<p class=\"wp-block-paragraph\">Bu web sitesindeki t\u00fcm bilgiler \u2013 <a href=\"https:\/\/easycpstest.com\/tr\/\" target=\"_blank\" rel=\"noreferrer noopener\">https:\/\/easycpstest.com\/<\/a> \u2013 iyi niyetle ve yaln\u0131zca genel bilgi i\u00e7in yay\u0131nlanm\u0131\u015ft\u0131r. <strong>Kolay CPS Testi<\/strong> bu bilgilerin eksiksizli\u011fi, g\u00fcvenilirli\u011fi ve do\u011frulu\u011fu konusunda herhangi bir garanti vermez. Bu web sitesinde (Kolay CPS Testi) buldu\u011funuz bilgilerle ilgili olarak yapaca\u011f\u0131n\u0131z her t\u00fcrl\u00fc eylemin riski kesinlikle size aittir. Easy CPS Test, web sitemizin kullan\u0131m\u0131yla ba\u011flant\u0131l\u0131 herhangi bir kay\u0131p ve\/veya hasardan sorumlu olmayacakt\u0131r.<\/p>\n\n\n\n<p class=\"wp-block-paragraph\">Web sitemizden, bu t\u00fcr harici sitelere verilen k\u00f6pr\u00fcleri takip ederek di\u011fer web sitelerini ziyaret edebilirsiniz. Yararl\u0131 ve etik web sitelerine yaln\u0131zca kaliteli ba\u011flant\u0131lar sa\u011flamaya \u00e7al\u0131\u015f\u0131rken, bu sitelerin i\u00e7eri\u011fi ve do\u011fas\u0131 \u00fczerinde hi\u00e7bir kontrol\u00fcm\u00fcz yoktur. Di\u011fer web sitelerine verilen bu ba\u011flant\u0131lar, bu sitelerde bulunan t\u00fcm i\u00e7erik i\u00e7in bir \u00f6neri anlam\u0131na gelmez. Site sahipleri ve i\u00e7eri\u011fi haber verilmeksizin de\u011fi\u015ftirilebilir ve &#039;k\u00f6t\u00fc&#039; gitmi\u015f olabilecek bir ba\u011flant\u0131y\u0131 kald\u0131rma f\u0131rsat\u0131m\u0131z olmadan \u00f6nce ger\u00e7ekle\u015febilir.<\/p>\n\n\n\n<p class=\"wp-block-paragraph\">Web sitemizden ayr\u0131ld\u0131\u011f\u0131n\u0131zda, di\u011fer sitelerin kontrol\u00fcm\u00fcz d\u0131\u015f\u0131nda farkl\u0131 gizlilik politikalar\u0131na ve ko\u015fullar\u0131na sahip olabilece\u011fini l\u00fctfen unutmay\u0131n. L\u00fctfen kontrol etti\u011finizden emin olun <a href=\"https:\/\/easycpstest.com\/tr\/privacy-policy\/\" target=\"_blank\" rel=\"noopener\">Gizlilik Politikalar\u0131<\/a> herhangi bir i\u015fe girmeden veya herhangi bir bilgi y\u00fcklemeden \u00f6nce bu sitelerin ve bunlar\u0131n &quot;Hizmet \u015eartlar\u0131&quot;n\u0131n<\/p>\n\n\n\n<h2 class=\"wp-block-heading\">Onay<\/h2>\n\n\n\n<p class=\"wp-block-paragraph\">Web sitemizi kullanarak, sorumluluk reddimizi kabul etmi\u015f ve \u015fartlar\u0131n\u0131 kabul etmi\u015f olursunuz.<\/p>\n\n\n\n<h2 class=\"wp-block-heading\">G\u00fcncelleme<\/h2>\n\n\n\n<p class=\"wp-block-paragraph\">Bu belgeyi g\u00fcncellememiz, de\u011fi\u015ftirmemiz veya herhangi bir de\u011fi\u015fiklik yapmam\u0131z durumunda, bu de\u011fi\u015fiklikler burada belirgin bir \u015fekilde yay\u0131nlanacakt\u0131r.<\/p>","protected":false},"excerpt":{"rendered":"<p>All the information on this website &#8211; https:\/\/easycpstest.com\/ &#8211; is published in good faith and only for general information. Easy CPS Test does not make any warranties about the completeness, reliability, and accuracy of this information. Any action you take &#8230; <\/p>\n<p class=\"read-more-container\"><a title=\"sorumluluk reddi\" class=\"read-more button\" href=\"https:\/\/easycpstest.com\/tr\/disclaimer\/#more-302\" aria-label=\"More on Disclaimer\">Daha fazla oku<\/a><\/p>","protected":false},"author":1,"featured_media":0,"parent":0,"menu_order":0,"comment_status":"closed","ping_status":"closed","template":"","meta":{"_crdt_document":"","footnotes":""},"class_list":{"0":"post-302","1":"page","2":"type-page","3":"status-publish","5":"no-featured-image-padding"},"_links":{"self":[{"href":"https:\/\/easycpstest.com\/tr\/wp-json\/wp\/v2\/pages\/302","targetHints":{"allow":["GET"]}}],"collection":[{"href":"https:\/\/easycpstest.com\/tr\/wp-json\/wp\/v2\/pages"}],"about":[{"href":"https:\/\/easycpstest.com\/tr\/wp-json\/wp\/v2\/types\/page"}],"author":[{"embeddable":true,"href":"https:\/\/easycpstest.com\/tr\/wp-json\/wp\/v2\/users\/1"}],"replies":[{"embeddable":true,"href":"https:\/\/easycpstest.com\/tr\/wp-json\/wp\/v2\/comments?post=302"}],"version-history":[{"count":4,"href":"https:\/\/easycpstest.com\/tr\/wp-json\/wp\/v2\/pages\/302\/revisions"}],"predecessor-version":[{"id":1982,"href":"https:\/\/easycpstest.com\/tr\/wp-json\/wp\/v2\/pages\/302\/revisions\/1982"}],"wp:attachment":[{"href":"https:\/\/easycpstest.com\/tr\/wp-json\/wp\/v2\/media?parent=302"}],"curies":[{"name":"wp","href":"https:\/\/api.w.org\/{rel}","templated":true}]}}